{"id":19943,"date":"2024-04-16T12:17:42","date_gmt":"2024-07-02T09:47:40","guid":{"rendered":"https:\/\/thebottleshop.vn\/product\/origin-vietnam-ca-phe-magic-blend\/"},"modified":"2025-06-05T10:43:51","modified_gmt":"2025-06-05T03:43:51","slug":"origin-vietnam-ca-phe-magic-blend","status":"publish","type":"product","link":"https:\/\/thebottleshop.vn\/vi\/san-pham\/origin-vietnam-ca-phe-magic-blend\/","title":{"rendered":"Origin Vietnam C\u00e0 Ph\u00ea Magic Blend"},"content":{"rendered":"<p>Origin Vietnam C\u00e0 Ph\u00ea Magic Blend. D\u00f2ng Magic Blend ra \u0111\u1eddi theo m\u1ed9t ch\u00e2m ng\u00f4n \u0111\u01a1n gi\u1ea3n: mang l\u1ea1i s\u1ef1 k\u1ebft h\u1ee3p ho\u00e0n h\u1ea3o c\u1ee7a hai lo\u1ea1i c\u00e0 ph\u00ea \u0111\u1eb7c bi\u1ec7t t\u1eeb Vi\u1ec7t Nam. \u0110\u00e2y kh\u00f4ng ch\u1ec9 l\u00e0 s\u1ef1 pha tr\u1ed9n h\u01b0\u01a1ng v\u1ecb m\u00e0 c\u00f2n l\u00e0 s\u1ef1 c\u00e2n b\u1eb1ng ho\u00e0n h\u1ea3o gi\u1eefa s\u1ef1 ph\u1ee9c t\u1ea1p c\u1ee7a Arabica v\u00e0 v\u1ecb m\u1ea1nh m\u1ebd th\u00f4 s\u01a1 c\u1ee7a Robusta, t\u1ea1o n\u00ean m\u1ed9t lo\u1ea1i c\u00e0 ph\u00ea th\u01a1m ngon v\u1edbi h\u01b0\u01a1ng caramel v\u00e0 s\u00f4 c\u00f4 la. <\/p>\n<p>\u2014\u2013<br \/>\nXem th\u01b0 vi\u1ec7n h\u00ecnh \u1ea3nh \u0111\u1ec3 bi\u1ebft th\u00eam th\u00f4ng tin chi ti\u1ebft v\u1ec1 ngu\u1ed3n g\u1ed1c, th\u00e0nh ph\u1ea7n v\u00e0 h\u01b0\u1edbng d\u1eabn s\u1eed d\u1ee5ng c\u1ee7a s\u1ea3n ph\u1ea9m.<\/p>\n","protected":false},"excerpt":{"rendered":"<p><strong>Arabica 70% Robusta 30% :: 240g<\/strong><\/p>\n","protected":false},"featured_media":19401,"comment_status":"open","ping_status":"closed","template":"","meta":{"_acf_changed":false},"product_brand":[],"product_cat":[514,340,355,397,412,366,339,341,352,513,650,648],"product_tag":[],"class_list":{"0":"post-19943","1":"product","2":"type-product","3":"status-publish","4":"has-post-thumbnail","6":"product_cat-khong-gluten","7":"product_cat-vietnam-hcmc","8":"product_cat-150k-199k","9":"product_cat-do-khong-con","10":"product_cat-do-luu-niem","11":"product_cat-nha-san-xuat","12":"product_cat-xuat-xu","13":"product_cat-dong-goi","14":"product_cat-gia","15":"product_cat-khac","16":"product_cat-goi-240g","17":"product_cat-origin-vietnam-vi","18":"pa_coffee-type-beans-vi","19":"pa_coffee-type-powder-vi","21":"first","22":"outofstock","23":"shipping-taxable","24":"product-type-variable","25":"add-to-wishlist-before_image"},"acf":[],"yoast_head":"<!-- This site is optimized with the Yoast SEO plugin v27.2 - https:\/\/yoast.com\/product\/yoast-seo-wordpress\/ -->\n<title>Origin Vietnam C\u00e0 Ph\u00ea Magic Blend - The Bottle Shop<\/title>\n<meta name=\"description\" content=\"Origin Vietnam C\u00e0 Ph\u00ea Magic Blend. D\u00f2ng Magic Blend ra \u0111\u1eddi theo m\u1ed9t ch\u00e2m ng\u00f4n \u0111\u01a1n gi\u1ea3n: mang l\u1ea1i s\u1ef1 k\u1ebft h\u1ee3p ho\u00e0n h\u1ea3o c\u1ee7a hai lo\u1ea1i c\u00e0 ph\u00ea \u0111\u1eb7c bi\u1ec7t t\u1eeb Vi\u1ec7t Nam.\" \/>\n<meta name=\"robots\" content=\"index, follow, max-snippet:-1, max-image-preview:large, max-video-preview:-1\" \/>\n<link rel=\"canonical\" href=\"http:\/\/52.77.24.187\/vi\/san-pham\/origin-vietnam-ca-phe-magic-blend\/\" \/>\n<meta property=\"og:locale\" content=\"vi_VN\" \/>\n<meta property=\"og:type\" content=\"article\" \/>\n<meta property=\"og:title\" content=\"Origin Vietnam C\u00e0 Ph\u00ea Magic Blend - The Bottle Shop\" \/>\n<meta property=\"og:description\" content=\"Origin Vietnam C\u00e0 Ph\u00ea Magic Blend. D\u00f2ng Magic Blend ra \u0111\u1eddi theo m\u1ed9t ch\u00e2m ng\u00f4n \u0111\u01a1n gi\u1ea3n: mang l\u1ea1i s\u1ef1 k\u1ebft h\u1ee3p ho\u00e0n h\u1ea3o c\u1ee7a hai lo\u1ea1i c\u00e0 ph\u00ea \u0111\u1eb7c bi\u1ec7t t\u1eeb Vi\u1ec7t Nam.\" \/>\n<meta property=\"og:url\" content=\"http:\/\/52.77.24.187\/vi\/san-pham\/origin-vietnam-ca-phe-magic-blend\/\" \/>\n<meta property=\"og:site_name\" content=\"The Bottle Shop\" \/>\n<meta property=\"article:publisher\" content=\"https:\/\/www.facebook.com\/thebottleshopvietnam\" \/>\n<meta property=\"article:modified_time\" content=\"2025-06-05T03:43:51+00:00\" \/>\n<meta property=\"og:image\" content=\"https:\/\/mlsrfcxkkbzg.i.optimole.com\/cb:JbP2.215d7\/w:auto\/h:auto\/q:mauto\/ig:avif\/http:\/\/52.77.24.187\/wp-content\/uploads\/2024\/04\/Origin-Magic-Blend-Coffee.png\" \/>\n\t<meta property=\"og:image:width\" content=\"1080\" \/>\n\t<meta property=\"og:image:height\" content=\"1080\" \/>\n\t<meta property=\"og:image:type\" content=\"image\/png\" \/>\n<meta name=\"twitter:card\" content=\"summary_large_image\" \/>\n<meta name=\"twitter:label1\" content=\"Est. reading time\" \/>\n\t<meta name=\"twitter:data1\" content=\"1 minute\" \/>\n<script type=\"application\/ld+json\" class=\"yoast-schema-graph\">{\"@context\":\"https:\/\/schema.org\",\"@graph\":[{\"@type\":\"WebPage\",\"@id\":\"http:\/\/52.77.24.187\/vi\/san-pham\/origin-vietnam-ca-phe-magic-blend\/\",\"url\":\"http:\/\/52.77.24.187\/vi\/san-pham\/origin-vietnam-ca-phe-magic-blend\/\",\"name\":\"Origin Vietnam C\u00e0 Ph\u00ea Magic Blend - The Bottle Shop\",\"isPartOf\":{\"@id\":\"http:\/\/52.77.24.187\/#website\"},\"primaryImageOfPage\":{\"@id\":\"http:\/\/52.77.24.187\/vi\/san-pham\/origin-vietnam-ca-phe-magic-blend\/#primaryimage\"},\"image\":{\"@id\":\"http:\/\/52.77.24.187\/vi\/san-pham\/origin-vietnam-ca-phe-magic-blend\/#primaryimage\"},\"thumbnailUrl\":\"https:\/\/mlsrfcxkkbzg.i.optimole.com\/cb:JbP2.215d7\/w:auto\/h:auto\/q:mauto\/ig:avif\/https:\/\/thebottleshop.vn\/wp-content\/uploads\/2024\/04\/Origin-Magic-Blend-Coffee.png\",\"datePublished\":\"2024-07-02T09:47:40+00:00\",\"dateModified\":\"2025-06-05T03:43:51+00:00\",\"description\":\"Origin Vietnam C\u00e0 Ph\u00ea Magic Blend. D\u00f2ng Magic Blend ra \u0111\u1eddi theo m\u1ed9t ch\u00e2m ng\u00f4n \u0111\u01a1n gi\u1ea3n: mang l\u1ea1i s\u1ef1 k\u1ebft h\u1ee3p ho\u00e0n h\u1ea3o c\u1ee7a hai lo\u1ea1i c\u00e0 ph\u00ea \u0111\u1eb7c bi\u1ec7t t\u1eeb Vi\u1ec7t Nam.\",\"breadcrumb\":{\"@id\":\"http:\/\/52.77.24.187\/vi\/san-pham\/origin-vietnam-ca-phe-magic-blend\/#breadcrumb\"},\"inLanguage\":\"vi-VN\",\"potentialAction\":[{\"@type\":\"ReadAction\",\"target\":[\"http:\/\/52.77.24.187\/vi\/san-pham\/origin-vietnam-ca-phe-magic-blend\/\"]}]},{\"@type\":\"ImageObject\",\"inLanguage\":\"vi-VN\",\"@id\":\"http:\/\/52.77.24.187\/vi\/san-pham\/origin-vietnam-ca-phe-magic-blend\/#primaryimage\",\"url\":\"https:\/\/mlsrfcxkkbzg.i.optimole.com\/cb:JbP2.215d7\/w:auto\/h:auto\/q:mauto\/ig:avif\/https:\/\/thebottleshop.vn\/wp-content\/uploads\/2024\/04\/Origin-Magic-Blend-Coffee.png\",\"contentUrl\":\"https:\/\/mlsrfcxkkbzg.i.optimole.com\/cb:JbP2.215d7\/w:auto\/h:auto\/q:mauto\/ig:avif\/https:\/\/thebottleshop.vn\/wp-content\/uploads\/2024\/04\/Origin-Magic-Blend-Coffee.png\",\"width\":1080,\"height\":1080,\"caption\":\"Origin Vietnam Magic Blend Coffee\"},{\"@type\":\"BreadcrumbList\",\"@id\":\"http:\/\/52.77.24.187\/vi\/san-pham\/origin-vietnam-ca-phe-magic-blend\/#breadcrumb\",\"itemListElement\":[{\"@type\":\"ListItem\",\"position\":1,\"name\":\"Home\",\"item\":\"http:\/\/52.77.24.187\/vi\/test-popup-vi\/\"},{\"@type\":\"ListItem\",\"position\":2,\"name\":\"C\u1eeda h\u00e0ng\",\"item\":\"http:\/\/52.77.24.187\/vi\/cua-hang\/\"},{\"@type\":\"ListItem\",\"position\":3,\"name\":\"Origin Vietnam C\u00e0 Ph\u00ea Magic Blend\"}]},{\"@type\":\"WebSite\",\"@id\":\"http:\/\/52.77.24.187\/#website\",\"url\":\"http:\/\/52.77.24.187\/\",\"name\":\"The Bottle Shop\",\"description\":\"All beers are not created equal\",\"publisher\":{\"@id\":\"http:\/\/52.77.24.187\/#organization\"},\"potentialAction\":[{\"@type\":\"SearchAction\",\"target\":{\"@type\":\"EntryPoint\",\"urlTemplate\":\"http:\/\/52.77.24.187\/?s={search_term_string}\"},\"query-input\":{\"@type\":\"PropertyValueSpecification\",\"valueRequired\":true,\"valueName\":\"search_term_string\"}}],\"inLanguage\":\"vi-VN\"},{\"@type\":\"Organization\",\"@id\":\"http:\/\/52.77.24.187\/#organization\",\"name\":\"The Bottle Shop\",\"url\":\"http:\/\/52.77.24.187\/\",\"logo\":{\"@type\":\"ImageObject\",\"inLanguage\":\"vi-VN\",\"@id\":\"http:\/\/52.77.24.187\/#\/schema\/logo\/image\/\",\"url\":\"https:\/\/mlsrfcxkkbzg.i.optimole.com\/cb:JbP2.215d7\/w:auto\/h:auto\/q:mauto\/ig:avif\/https:\/\/thebottleshop.vn\/wp-content\/uploads\/2022\/10\/The-Bottle-Shop-Online-Logo.png\",\"contentUrl\":\"https:\/\/mlsrfcxkkbzg.i.optimole.com\/cb:JbP2.215d7\/w:auto\/h:auto\/q:mauto\/ig:avif\/https:\/\/thebottleshop.vn\/wp-content\/uploads\/2022\/10\/The-Bottle-Shop-Online-Logo.png\",\"width\":145,\"height\":147,\"caption\":\"The Bottle Shop\"},\"image\":{\"@id\":\"http:\/\/52.77.24.187\/#\/schema\/logo\/image\/\"},\"sameAs\":[\"https:\/\/www.facebook.com\/thebottleshopvietnam\",\"https:\/\/www.instagram.com\/thebottleshop_vietnam\/\"]}]}<\/script>\n<!-- \/ Yoast SEO plugin. -->","yoast_head_json":{"title":"Origin Vietnam C\u00e0 Ph\u00ea Magic Blend - The Bottle Shop","description":"Origin Vietnam C\u00e0 Ph\u00ea Magic Blend. D\u00f2ng Magic Blend ra \u0111\u1eddi theo m\u1ed9t ch\u00e2m ng\u00f4n \u0111\u01a1n gi\u1ea3n: mang l\u1ea1i s\u1ef1 k\u1ebft h\u1ee3p ho\u00e0n h\u1ea3o c\u1ee7a hai lo\u1ea1i c\u00e0 ph\u00ea \u0111\u1eb7c bi\u1ec7t t\u1eeb Vi\u1ec7t Nam.","robots":{"index":"index","follow":"follow","max-snippet":"max-snippet:-1","max-image-preview":"max-image-preview:large","max-video-preview":"max-video-preview:-1"},"canonical":"http:\/\/52.77.24.187\/vi\/san-pham\/origin-vietnam-ca-phe-magic-blend\/","og_locale":"vi_VN","og_type":"article","og_title":"Origin Vietnam C\u00e0 Ph\u00ea Magic Blend - The Bottle Shop","og_description":"Origin Vietnam C\u00e0 Ph\u00ea Magic Blend. D\u00f2ng Magic Blend ra \u0111\u1eddi theo m\u1ed9t ch\u00e2m ng\u00f4n \u0111\u01a1n gi\u1ea3n: mang l\u1ea1i s\u1ef1 k\u1ebft h\u1ee3p ho\u00e0n h\u1ea3o c\u1ee7a hai lo\u1ea1i c\u00e0 ph\u00ea \u0111\u1eb7c bi\u1ec7t t\u1eeb Vi\u1ec7t Nam.","og_url":"http:\/\/52.77.24.187\/vi\/san-pham\/origin-vietnam-ca-phe-magic-blend\/","og_site_name":"The Bottle Shop","article_publisher":"https:\/\/www.facebook.com\/thebottleshopvietnam","article_modified_time":"2025-06-05T03:43:51+00:00","og_image":[{"width":1080,"height":1080,"url":"https:\/\/mlsrfcxkkbzg.i.optimole.com\/cb:JbP2.215d7\/w:auto\/h:auto\/q:mauto\/ig:avif\/http:\/\/52.77.24.187\/wp-content\/uploads\/2024\/04\/Origin-Magic-Blend-Coffee.png","type":"image\/png"}],"twitter_card":"summary_large_image","twitter_misc":{"Est. reading time":"1 minute"},"schema":{"@context":"https:\/\/schema.org","@graph":[{"@type":"WebPage","@id":"http:\/\/52.77.24.187\/vi\/san-pham\/origin-vietnam-ca-phe-magic-blend\/","url":"http:\/\/52.77.24.187\/vi\/san-pham\/origin-vietnam-ca-phe-magic-blend\/","name":"Origin Vietnam C\u00e0 Ph\u00ea Magic Blend - The Bottle Shop","isPartOf":{"@id":"http:\/\/52.77.24.187\/#website"},"primaryImageOfPage":{"@id":"http:\/\/52.77.24.187\/vi\/san-pham\/origin-vietnam-ca-phe-magic-blend\/#primaryimage"},"image":{"@id":"http:\/\/52.77.24.187\/vi\/san-pham\/origin-vietnam-ca-phe-magic-blend\/#primaryimage"},"thumbnailUrl":"https:\/\/mlsrfcxkkbzg.i.optimole.com\/cb:JbP2.215d7\/w:auto\/h:auto\/q:mauto\/ig:avif\/https:\/\/thebottleshop.vn\/wp-content\/uploads\/2024\/04\/Origin-Magic-Blend-Coffee.png","datePublished":"2024-07-02T09:47:40+00:00","dateModified":"2025-06-05T03:43:51+00:00","description":"Origin Vietnam C\u00e0 Ph\u00ea Magic Blend. D\u00f2ng Magic Blend ra \u0111\u1eddi theo m\u1ed9t ch\u00e2m ng\u00f4n \u0111\u01a1n gi\u1ea3n: mang l\u1ea1i s\u1ef1 k\u1ebft h\u1ee3p ho\u00e0n h\u1ea3o c\u1ee7a hai lo\u1ea1i c\u00e0 ph\u00ea \u0111\u1eb7c bi\u1ec7t t\u1eeb Vi\u1ec7t Nam.","breadcrumb":{"@id":"http:\/\/52.77.24.187\/vi\/san-pham\/origin-vietnam-ca-phe-magic-blend\/#breadcrumb"},"inLanguage":"vi-VN","potentialAction":[{"@type":"ReadAction","target":["http:\/\/52.77.24.187\/vi\/san-pham\/origin-vietnam-ca-phe-magic-blend\/"]}]},{"@type":"ImageObject","inLanguage":"vi-VN","@id":"http:\/\/52.77.24.187\/vi\/san-pham\/origin-vietnam-ca-phe-magic-blend\/#primaryimage","url":"https:\/\/mlsrfcxkkbzg.i.optimole.com\/cb:JbP2.215d7\/w:auto\/h:auto\/q:mauto\/ig:avif\/https:\/\/thebottleshop.vn\/wp-content\/uploads\/2024\/04\/Origin-Magic-Blend-Coffee.png","contentUrl":"https:\/\/mlsrfcxkkbzg.i.optimole.com\/cb:JbP2.215d7\/w:auto\/h:auto\/q:mauto\/ig:avif\/https:\/\/thebottleshop.vn\/wp-content\/uploads\/2024\/04\/Origin-Magic-Blend-Coffee.png","width":1080,"height":1080,"caption":"Origin Vietnam Magic Blend Coffee"},{"@type":"BreadcrumbList","@id":"http:\/\/52.77.24.187\/vi\/san-pham\/origin-vietnam-ca-phe-magic-blend\/#breadcrumb","itemListElement":[{"@type":"ListItem","position":1,"name":"Home","item":"http:\/\/52.77.24.187\/vi\/test-popup-vi\/"},{"@type":"ListItem","position":2,"name":"C\u1eeda h\u00e0ng","item":"http:\/\/52.77.24.187\/vi\/cua-hang\/"},{"@type":"ListItem","position":3,"name":"Origin Vietnam C\u00e0 Ph\u00ea Magic Blend"}]},{"@type":"WebSite","@id":"http:\/\/52.77.24.187\/#website","url":"http:\/\/52.77.24.187\/","name":"The Bottle Shop","description":"All beers are not created equal","publisher":{"@id":"http:\/\/52.77.24.187\/#organization"},"potentialAction":[{"@type":"SearchAction","target":{"@type":"EntryPoint","urlTemplate":"http:\/\/52.77.24.187\/?s={search_term_string}"},"query-input":{"@type":"PropertyValueSpecification","valueRequired":true,"valueName":"search_term_string"}}],"inLanguage":"vi-VN"},{"@type":"Organization","@id":"http:\/\/52.77.24.187\/#organization","name":"The Bottle Shop","url":"http:\/\/52.77.24.187\/","logo":{"@type":"ImageObject","inLanguage":"vi-VN","@id":"http:\/\/52.77.24.187\/#\/schema\/logo\/image\/","url":"https:\/\/mlsrfcxkkbzg.i.optimole.com\/cb:JbP2.215d7\/w:auto\/h:auto\/q:mauto\/ig:avif\/https:\/\/thebottleshop.vn\/wp-content\/uploads\/2022\/10\/The-Bottle-Shop-Online-Logo.png","contentUrl":"https:\/\/mlsrfcxkkbzg.i.optimole.com\/cb:JbP2.215d7\/w:auto\/h:auto\/q:mauto\/ig:avif\/https:\/\/thebottleshop.vn\/wp-content\/uploads\/2022\/10\/The-Bottle-Shop-Online-Logo.png","width":145,"height":147,"caption":"The Bottle Shop"},"image":{"@id":"http:\/\/52.77.24.187\/#\/schema\/logo\/image\/"},"sameAs":["https:\/\/www.facebook.com\/thebottleshopvietnam","https:\/\/www.instagram.com\/thebottleshop_vietnam\/"]}]}},"_links":{"self":[{"href":"https:\/\/thebottleshop.vn\/vi\/wp-json\/wp\/v2\/product\/19943","targetHints":{"allow":["GET"]}}],"collection":[{"href":"https:\/\/thebottleshop.vn\/vi\/wp-json\/wp\/v2\/product"}],"about":[{"href":"https:\/\/thebottleshop.vn\/vi\/wp-json\/wp\/v2\/types\/product"}],"replies":[{"embeddable":true,"href":"https:\/\/thebottleshop.vn\/vi\/wp-json\/wp\/v2\/comments?post=19943"}],"wp:featuredmedia":[{"embeddable":true,"href":"https:\/\/thebottleshop.vn\/vi\/wp-json\/wp\/v2\/media\/19401"}],"wp:attachment":[{"href":"https:\/\/thebottleshop.vn\/vi\/wp-json\/wp\/v2\/media?parent=19943"}],"wp:term":[{"taxonomy":"product_brand","embeddable":true,"href":"https:\/\/thebottleshop.vn\/vi\/wp-json\/wp\/v2\/product_brand?post=19943"},{"taxonomy":"product_cat","embeddable":true,"href":"https:\/\/thebottleshop.vn\/vi\/wp-json\/wp\/v2\/product_cat?post=19943"},{"taxonomy":"product_tag","embeddable":true,"href":"https:\/\/thebottleshop.vn\/vi\/wp-json\/wp\/v2\/product_tag?post=19943"}],"curies":[{"name":"wp","href":"https:\/\/api.w.org\/{rel}","templated":true}]}}