{"id":19946,"date":"2024-04-16T12:07:42","date_gmt":"2024-07-02T09:48:31","guid":{"rendered":"https:\/\/thebottleshop.vn\/product\/origin-vietnam-100-ca-phe-robusta\/"},"modified":"2025-06-04T22:33:05","modified_gmt":"2025-06-04T15:33:05","slug":"origin-vietnam-100-ca-phe-robusta","status":"publish","type":"product","link":"https:\/\/thebottleshop.vn\/vi\/san-pham\/origin-vietnam-100-ca-phe-robusta\/","title":{"rendered":"Origin Vietnam 100% C\u00e0 Ph\u00ea Robusta"},"content":{"rendered":"<p>Origin Vietnam 100% C\u00e0 Ph\u00ea Robusta. Cho nh\u1eefng ai h\u00e2m m\u1ed9 c\u00e0 ph\u00ea \u0111\u1eb7c tr\u01b0ng t\u1eeb Vi\u1ec7t Nam, Robusta l\u00e0 c\u00e2u tr\u1ea3 l\u1eddi. D\u00f9 th\u01b0\u1edfng th\u1ee9c n\u00f3ng hay v\u1edbi \u0111\u00e1, pha m\u00e1y ho\u1eb7c pha phin, Robusta b\u1eadt d\u1eady h\u01b0\u01a1ng v\u1ecb \u0111\u1eadm \u0111\u00e0 kh\u00f3 qu\u00ean.<\/p>\n<p>\u2014\u2013<br \/>\nXem th\u01b0 vi\u1ec7n h\u00ecnh \u1ea3nh \u0111\u1ec3 bi\u1ebft th\u00eam th\u00f4ng tin chi ti\u1ebft v\u1ec1 ngu\u1ed3n g\u1ed1c, th\u00e0nh ph\u1ea7n v\u00e0 h\u01b0\u1edbng d\u1eabn s\u1eed d\u1ee5ng c\u1ee7a s\u1ea3n ph\u1ea9m.<\/p>\n","protected":false},"excerpt":{"rendered":"<p><strong>100% Robusta :: 240g<\/strong><\/p>\n","protected":false},"featured_media":19398,"comment_status":"open","ping_status":"closed","template":"","meta":{"_acf_changed":false},"product_brand":[],"product_cat":[514,340,355,397,412,366,339,341,352,513,650,648],"product_tag":[],"class_list":{"0":"post-19946","1":"product","2":"type-product","3":"status-publish","4":"has-post-thumbnail","6":"product_cat-khong-gluten","7":"product_cat-vietnam-hcmc","8":"product_cat-150k-199k","9":"product_cat-do-khong-con","10":"product_cat-do-luu-niem","11":"product_cat-nha-san-xuat","12":"product_cat-xuat-xu","13":"product_cat-dong-goi","14":"product_cat-gia","15":"product_cat-khac","16":"product_cat-goi-240g","17":"product_cat-origin-vietnam-vi","18":"pa_coffee-type-beans-vi","19":"pa_coffee-type-powder-vi","21":"first","22":"outofstock","23":"shipping-taxable","24":"product-type-variable","25":"has-default-attributes","26":"add-to-wishlist-before_image"},"acf":[],"yoast_head":"<!-- This site is optimized with the Yoast SEO plugin v27.2 - https:\/\/yoast.com\/product\/yoast-seo-wordpress\/ -->\n<title>Origin Vietnam 100% C\u00e0 Ph\u00ea Robusta - The Bottle Shop<\/title>\n<meta name=\"description\" content=\"Origin Vietnam 100% C\u00e0 Ph\u00ea Robusta. Cho nh\u1eefng ai h\u00e2m m\u1ed9 c\u00e0 ph\u00ea \u0111\u1eb7c tr\u01b0ng t\u1eeb Vi\u1ec7t Nam, Robusta l\u00e0 c\u00e2u tr\u1ea3 l\u1eddi.\" \/>\n<meta name=\"robots\" content=\"index, follow, max-snippet:-1, max-image-preview:large, max-video-preview:-1\" \/>\n<link rel=\"canonical\" href=\"http:\/\/52.77.24.187\/vi\/san-pham\/origin-vietnam-100-ca-phe-robusta\/\" \/>\n<meta property=\"og:locale\" content=\"vi_VN\" \/>\n<meta property=\"og:type\" content=\"article\" \/>\n<meta property=\"og:title\" content=\"Origin Vietnam 100% C\u00e0 Ph\u00ea Robusta - The Bottle Shop\" \/>\n<meta property=\"og:description\" content=\"Origin Vietnam 100% C\u00e0 Ph\u00ea Robusta. Cho nh\u1eefng ai h\u00e2m m\u1ed9 c\u00e0 ph\u00ea \u0111\u1eb7c tr\u01b0ng t\u1eeb Vi\u1ec7t Nam, Robusta l\u00e0 c\u00e2u tr\u1ea3 l\u1eddi.\" \/>\n<meta property=\"og:url\" content=\"http:\/\/52.77.24.187\/vi\/san-pham\/origin-vietnam-100-ca-phe-robusta\/\" \/>\n<meta property=\"og:site_name\" content=\"The Bottle Shop\" \/>\n<meta property=\"article:publisher\" content=\"https:\/\/www.facebook.com\/thebottleshopvietnam\" \/>\n<meta property=\"article:modified_time\" content=\"2025-06-04T15:33:05+00:00\" \/>\n<meta property=\"og:image\" content=\"https:\/\/mlsrfcxkkbzg.i.optimole.com\/cb:JbP2.215d7\/w:auto\/h:auto\/q:mauto\/ig:avif\/http:\/\/52.77.24.187\/wp-content\/uploads\/2024\/04\/Origin-Robusta-Coffee.png\" \/>\n\t<meta property=\"og:image:width\" content=\"1080\" \/>\n\t<meta property=\"og:image:height\" content=\"1080\" \/>\n\t<meta property=\"og:image:type\" content=\"image\/png\" \/>\n<meta name=\"twitter:card\" content=\"summary_large_image\" \/>\n<script type=\"application\/ld+json\" class=\"yoast-schema-graph\">{\"@context\":\"https:\/\/schema.org\",\"@graph\":[{\"@type\":\"WebPage\",\"@id\":\"http:\/\/52.77.24.187\/vi\/san-pham\/origin-vietnam-100-ca-phe-robusta\/\",\"url\":\"http:\/\/52.77.24.187\/vi\/san-pham\/origin-vietnam-100-ca-phe-robusta\/\",\"name\":\"Origin Vietnam 100% C\u00e0 Ph\u00ea Robusta - The Bottle Shop\",\"isPartOf\":{\"@id\":\"http:\/\/52.77.24.187\/#website\"},\"primaryImageOfPage\":{\"@id\":\"http:\/\/52.77.24.187\/vi\/san-pham\/origin-vietnam-100-ca-phe-robusta\/#primaryimage\"},\"image\":{\"@id\":\"http:\/\/52.77.24.187\/vi\/san-pham\/origin-vietnam-100-ca-phe-robusta\/#primaryimage\"},\"thumbnailUrl\":\"https:\/\/mlsrfcxkkbzg.i.optimole.com\/cb:JbP2.215d7\/w:auto\/h:auto\/q:mauto\/ig:avif\/https:\/\/thebottleshop.vn\/wp-content\/uploads\/2024\/04\/Origin-Robusta-Coffee.png\",\"datePublished\":\"2024-07-02T09:48:31+00:00\",\"dateModified\":\"2025-06-04T15:33:05+00:00\",\"description\":\"Origin Vietnam 100% C\u00e0 Ph\u00ea Robusta. Cho nh\u1eefng ai h\u00e2m m\u1ed9 c\u00e0 ph\u00ea \u0111\u1eb7c tr\u01b0ng t\u1eeb Vi\u1ec7t Nam, Robusta l\u00e0 c\u00e2u tr\u1ea3 l\u1eddi.\",\"breadcrumb\":{\"@id\":\"http:\/\/52.77.24.187\/vi\/san-pham\/origin-vietnam-100-ca-phe-robusta\/#breadcrumb\"},\"inLanguage\":\"vi-VN\",\"potentialAction\":[{\"@type\":\"ReadAction\",\"target\":[\"http:\/\/52.77.24.187\/vi\/san-pham\/origin-vietnam-100-ca-phe-robusta\/\"]}]},{\"@type\":\"ImageObject\",\"inLanguage\":\"vi-VN\",\"@id\":\"http:\/\/52.77.24.187\/vi\/san-pham\/origin-vietnam-100-ca-phe-robusta\/#primaryimage\",\"url\":\"https:\/\/mlsrfcxkkbzg.i.optimole.com\/cb:JbP2.215d7\/w:auto\/h:auto\/q:mauto\/ig:avif\/https:\/\/thebottleshop.vn\/wp-content\/uploads\/2024\/04\/Origin-Robusta-Coffee.png\",\"contentUrl\":\"https:\/\/mlsrfcxkkbzg.i.optimole.com\/cb:JbP2.215d7\/w:auto\/h:auto\/q:mauto\/ig:avif\/https:\/\/thebottleshop.vn\/wp-content\/uploads\/2024\/04\/Origin-Robusta-Coffee.png\",\"width\":1080,\"height\":1080,\"caption\":\"Origin Vietnam 100% Robusta Coffee\"},{\"@type\":\"BreadcrumbList\",\"@id\":\"http:\/\/52.77.24.187\/vi\/san-pham\/origin-vietnam-100-ca-phe-robusta\/#breadcrumb\",\"itemListElement\":[{\"@type\":\"ListItem\",\"position\":1,\"name\":\"Home\",\"item\":\"http:\/\/52.77.24.187\/vi\/test-popup-vi\/\"},{\"@type\":\"ListItem\",\"position\":2,\"name\":\"C\u1eeda h\u00e0ng\",\"item\":\"http:\/\/52.77.24.187\/vi\/cua-hang\/\"},{\"@type\":\"ListItem\",\"position\":3,\"name\":\"Origin Vietnam 100% C\u00e0 Ph\u00ea Robusta\"}]},{\"@type\":\"WebSite\",\"@id\":\"http:\/\/52.77.24.187\/#website\",\"url\":\"http:\/\/52.77.24.187\/\",\"name\":\"The Bottle Shop\",\"description\":\"All beers are not created equal\",\"publisher\":{\"@id\":\"http:\/\/52.77.24.187\/#organization\"},\"potentialAction\":[{\"@type\":\"SearchAction\",\"target\":{\"@type\":\"EntryPoint\",\"urlTemplate\":\"http:\/\/52.77.24.187\/?s={search_term_string}\"},\"query-input\":{\"@type\":\"PropertyValueSpecification\",\"valueRequired\":true,\"valueName\":\"search_term_string\"}}],\"inLanguage\":\"vi-VN\"},{\"@type\":\"Organization\",\"@id\":\"http:\/\/52.77.24.187\/#organization\",\"name\":\"The Bottle Shop\",\"url\":\"http:\/\/52.77.24.187\/\",\"logo\":{\"@type\":\"ImageObject\",\"inLanguage\":\"vi-VN\",\"@id\":\"http:\/\/52.77.24.187\/#\/schema\/logo\/image\/\",\"url\":\"https:\/\/mlsrfcxkkbzg.i.optimole.com\/cb:JbP2.215d7\/w:auto\/h:auto\/q:mauto\/ig:avif\/https:\/\/thebottleshop.vn\/wp-content\/uploads\/2022\/10\/The-Bottle-Shop-Online-Logo.png\",\"contentUrl\":\"https:\/\/mlsrfcxkkbzg.i.optimole.com\/cb:JbP2.215d7\/w:auto\/h:auto\/q:mauto\/ig:avif\/https:\/\/thebottleshop.vn\/wp-content\/uploads\/2022\/10\/The-Bottle-Shop-Online-Logo.png\",\"width\":145,\"height\":147,\"caption\":\"The Bottle Shop\"},\"image\":{\"@id\":\"http:\/\/52.77.24.187\/#\/schema\/logo\/image\/\"},\"sameAs\":[\"https:\/\/www.facebook.com\/thebottleshopvietnam\",\"https:\/\/www.instagram.com\/thebottleshop_vietnam\/\"]}]}<\/script>\n<!-- \/ Yoast SEO plugin. -->","yoast_head_json":{"title":"Origin Vietnam 100% C\u00e0 Ph\u00ea Robusta - The Bottle Shop","description":"Origin Vietnam 100% C\u00e0 Ph\u00ea Robusta. Cho nh\u1eefng ai h\u00e2m m\u1ed9 c\u00e0 ph\u00ea \u0111\u1eb7c tr\u01b0ng t\u1eeb Vi\u1ec7t Nam, Robusta l\u00e0 c\u00e2u tr\u1ea3 l\u1eddi.","robots":{"index":"index","follow":"follow","max-snippet":"max-snippet:-1","max-image-preview":"max-image-preview:large","max-video-preview":"max-video-preview:-1"},"canonical":"http:\/\/52.77.24.187\/vi\/san-pham\/origin-vietnam-100-ca-phe-robusta\/","og_locale":"vi_VN","og_type":"article","og_title":"Origin Vietnam 100% C\u00e0 Ph\u00ea Robusta - The Bottle Shop","og_description":"Origin Vietnam 100% C\u00e0 Ph\u00ea Robusta. Cho nh\u1eefng ai h\u00e2m m\u1ed9 c\u00e0 ph\u00ea \u0111\u1eb7c tr\u01b0ng t\u1eeb Vi\u1ec7t Nam, Robusta l\u00e0 c\u00e2u tr\u1ea3 l\u1eddi.","og_url":"http:\/\/52.77.24.187\/vi\/san-pham\/origin-vietnam-100-ca-phe-robusta\/","og_site_name":"The Bottle Shop","article_publisher":"https:\/\/www.facebook.com\/thebottleshopvietnam","article_modified_time":"2025-06-04T15:33:05+00:00","og_image":[{"width":1080,"height":1080,"url":"https:\/\/mlsrfcxkkbzg.i.optimole.com\/cb:JbP2.215d7\/w:auto\/h:auto\/q:mauto\/ig:avif\/http:\/\/52.77.24.187\/wp-content\/uploads\/2024\/04\/Origin-Robusta-Coffee.png","type":"image\/png"}],"twitter_card":"summary_large_image","schema":{"@context":"https:\/\/schema.org","@graph":[{"@type":"WebPage","@id":"http:\/\/52.77.24.187\/vi\/san-pham\/origin-vietnam-100-ca-phe-robusta\/","url":"http:\/\/52.77.24.187\/vi\/san-pham\/origin-vietnam-100-ca-phe-robusta\/","name":"Origin Vietnam 100% C\u00e0 Ph\u00ea Robusta - The Bottle Shop","isPartOf":{"@id":"http:\/\/52.77.24.187\/#website"},"primaryImageOfPage":{"@id":"http:\/\/52.77.24.187\/vi\/san-pham\/origin-vietnam-100-ca-phe-robusta\/#primaryimage"},"image":{"@id":"http:\/\/52.77.24.187\/vi\/san-pham\/origin-vietnam-100-ca-phe-robusta\/#primaryimage"},"thumbnailUrl":"https:\/\/mlsrfcxkkbzg.i.optimole.com\/cb:JbP2.215d7\/w:auto\/h:auto\/q:mauto\/ig:avif\/https:\/\/thebottleshop.vn\/wp-content\/uploads\/2024\/04\/Origin-Robusta-Coffee.png","datePublished":"2024-07-02T09:48:31+00:00","dateModified":"2025-06-04T15:33:05+00:00","description":"Origin Vietnam 100% C\u00e0 Ph\u00ea Robusta. Cho nh\u1eefng ai h\u00e2m m\u1ed9 c\u00e0 ph\u00ea \u0111\u1eb7c tr\u01b0ng t\u1eeb Vi\u1ec7t Nam, Robusta l\u00e0 c\u00e2u tr\u1ea3 l\u1eddi.","breadcrumb":{"@id":"http:\/\/52.77.24.187\/vi\/san-pham\/origin-vietnam-100-ca-phe-robusta\/#breadcrumb"},"inLanguage":"vi-VN","potentialAction":[{"@type":"ReadAction","target":["http:\/\/52.77.24.187\/vi\/san-pham\/origin-vietnam-100-ca-phe-robusta\/"]}]},{"@type":"ImageObject","inLanguage":"vi-VN","@id":"http:\/\/52.77.24.187\/vi\/san-pham\/origin-vietnam-100-ca-phe-robusta\/#primaryimage","url":"https:\/\/mlsrfcxkkbzg.i.optimole.com\/cb:JbP2.215d7\/w:auto\/h:auto\/q:mauto\/ig:avif\/https:\/\/thebottleshop.vn\/wp-content\/uploads\/2024\/04\/Origin-Robusta-Coffee.png","contentUrl":"https:\/\/mlsrfcxkkbzg.i.optimole.com\/cb:JbP2.215d7\/w:auto\/h:auto\/q:mauto\/ig:avif\/https:\/\/thebottleshop.vn\/wp-content\/uploads\/2024\/04\/Origin-Robusta-Coffee.png","width":1080,"height":1080,"caption":"Origin Vietnam 100% Robusta Coffee"},{"@type":"BreadcrumbList","@id":"http:\/\/52.77.24.187\/vi\/san-pham\/origin-vietnam-100-ca-phe-robusta\/#breadcrumb","itemListElement":[{"@type":"ListItem","position":1,"name":"Home","item":"http:\/\/52.77.24.187\/vi\/test-popup-vi\/"},{"@type":"ListItem","position":2,"name":"C\u1eeda h\u00e0ng","item":"http:\/\/52.77.24.187\/vi\/cua-hang\/"},{"@type":"ListItem","position":3,"name":"Origin Vietnam 100% C\u00e0 Ph\u00ea Robusta"}]},{"@type":"WebSite","@id":"http:\/\/52.77.24.187\/#website","url":"http:\/\/52.77.24.187\/","name":"The Bottle Shop","description":"All beers are not created equal","publisher":{"@id":"http:\/\/52.77.24.187\/#organization"},"potentialAction":[{"@type":"SearchAction","target":{"@type":"EntryPoint","urlTemplate":"http:\/\/52.77.24.187\/?s={search_term_string}"},"query-input":{"@type":"PropertyValueSpecification","valueRequired":true,"valueName":"search_term_string"}}],"inLanguage":"vi-VN"},{"@type":"Organization","@id":"http:\/\/52.77.24.187\/#organization","name":"The Bottle Shop","url":"http:\/\/52.77.24.187\/","logo":{"@type":"ImageObject","inLanguage":"vi-VN","@id":"http:\/\/52.77.24.187\/#\/schema\/logo\/image\/","url":"https:\/\/mlsrfcxkkbzg.i.optimole.com\/cb:JbP2.215d7\/w:auto\/h:auto\/q:mauto\/ig:avif\/https:\/\/thebottleshop.vn\/wp-content\/uploads\/2022\/10\/The-Bottle-Shop-Online-Logo.png","contentUrl":"https:\/\/mlsrfcxkkbzg.i.optimole.com\/cb:JbP2.215d7\/w:auto\/h:auto\/q:mauto\/ig:avif\/https:\/\/thebottleshop.vn\/wp-content\/uploads\/2022\/10\/The-Bottle-Shop-Online-Logo.png","width":145,"height":147,"caption":"The Bottle Shop"},"image":{"@id":"http:\/\/52.77.24.187\/#\/schema\/logo\/image\/"},"sameAs":["https:\/\/www.facebook.com\/thebottleshopvietnam","https:\/\/www.instagram.com\/thebottleshop_vietnam\/"]}]}},"_links":{"self":[{"href":"https:\/\/thebottleshop.vn\/vi\/wp-json\/wp\/v2\/product\/19946","targetHints":{"allow":["GET"]}}],"collection":[{"href":"https:\/\/thebottleshop.vn\/vi\/wp-json\/wp\/v2\/product"}],"about":[{"href":"https:\/\/thebottleshop.vn\/vi\/wp-json\/wp\/v2\/types\/product"}],"replies":[{"embeddable":true,"href":"https:\/\/thebottleshop.vn\/vi\/wp-json\/wp\/v2\/comments?post=19946"}],"wp:featuredmedia":[{"embeddable":true,"href":"https:\/\/thebottleshop.vn\/vi\/wp-json\/wp\/v2\/media\/19398"}],"wp:attachment":[{"href":"https:\/\/thebottleshop.vn\/vi\/wp-json\/wp\/v2\/media?parent=19946"}],"wp:term":[{"taxonomy":"product_brand","embeddable":true,"href":"https:\/\/thebottleshop.vn\/vi\/wp-json\/wp\/v2\/product_brand?post=19946"},{"taxonomy":"product_cat","embeddable":true,"href":"https:\/\/thebottleshop.vn\/vi\/wp-json\/wp\/v2\/product_cat?post=19946"},{"taxonomy":"product_tag","embeddable":true,"href":"https:\/\/thebottleshop.vn\/vi\/wp-json\/wp\/v2\/product_tag?post=19946"}],"curies":[{"name":"wp","href":"https:\/\/api.w.org\/{rel}","templated":true}]}}