{"id":19949,"date":"2024-04-16T11:51:37","date_gmt":"2024-04-16T04:51:37","guid":{"rendered":"https:\/\/thebottleshop.vn\/product\/origin-vietnam-100-ca-phe-arabica\/"},"modified":"2024-07-02T16:48:59","modified_gmt":"2024-07-02T09:48:59","slug":"origin-vietnam-100-ca-phe-arabica","status":"publish","type":"product","link":"https:\/\/thebottleshop.vn\/vi\/san-pham\/origin-vietnam-100-ca-phe-arabica\/","title":{"rendered":"Origin Vietnam 100% C\u00e0 Ph\u00ea Arabica"},"content":{"rendered":"<p>Origin Vietnam 100% C\u00e0 Ph\u00ea Arabica. Nh\u1eafc \u0111\u1ebfn c\u00e0 ph\u00ea Vi\u1ec7t Nam, ng\u01b0\u1eddi ta th\u01b0\u1eddng ngh\u0129 ngay \u0111\u1ebfn h\u1ea1t Robusta. So v\u1edbi ng\u01b0\u1eddi anh n\u1ed5i ti\u1ebfng n\u00e0y, ng\u01b0\u1eddi em Arabica tr\u01b0\u1edbc \u0111\u00e2y th\u01b0\u1eddng \u00edt \u0111\u01b0\u1ee3c bi\u1ebft \u0111\u1ebfn. Tuy nhi\u00ean, chi\u1ec1u h\u01b0\u1edbng n\u00e0y \u0111ang d\u1ea7n \u0111\u01b0\u1ee3c thay \u0111\u1ed5i b\u1edfi ng\u01b0\u1eddi y\u00eau c\u00e0 ph\u00ea tr\u00ean to\u00e0n th\u1ebf gi\u1edbi ng\u00e0y c\u00e0ng quan t\u00e2m \u0111\u1ebfn h\u01b0\u01a1ng v\u1ecb c\u00f3 m\u1ed9t kh\u00f4ng hai c\u1ee7a h\u1ea1t Arabica \u0111\u1ebfn t\u1eeb Vi\u1ec7t Nam.<\/p>\n<p>\u2014\u2013 Xem th\u01b0 vi\u1ec7n h\u00ecnh \u1ea3nh \u0111\u1ec3 bi\u1ebft th\u00eam th\u00f4ng tin chi ti\u1ebft v\u1ec1 ngu\u1ed3n g\u1ed1c, th\u00e0nh ph\u1ea7n v\u00e0 h\u01b0\u1edbng d\u1eabn s\u1eed d\u1ee5ng c\u1ee7a s\u1ea3n ph\u1ea9m.<\/p>\n","protected":false},"excerpt":{"rendered":"<p><strong>100% Arabica :: 240g<\/strong><\/p>\n","protected":false},"featured_media":19395,"comment_status":"open","ping_status":"closed","template":"","meta":{"_acf_changed":false},"product_brand":[],"product_cat":[340,514,355,397,412,366,339,341,352,513,650,648],"product_tag":[],"class_list":{"0":"post-19949","1":"product","2":"type-product","3":"status-publish","4":"has-post-thumbnail","6":"product_cat-vietnam-hcmc","7":"product_cat-khong-gluten","8":"product_cat-150k-199k","9":"product_cat-do-khong-con","10":"product_cat-do-luu-niem","11":"product_cat-nha-san-xuat","12":"product_cat-xuat-xu","13":"product_cat-dong-goi","14":"product_cat-gia","15":"product_cat-khac","16":"product_cat-goi-240g","17":"product_cat-origin-vietnam-vi","18":"pa_coffee-type-beans-vi","19":"pa_coffee-type-powder-vi","21":"first","22":"outofstock","23":"shipping-taxable","24":"purchasable","25":"product-type-variable","26":"add-to-wishlist-before_image"},"acf":[],"yoast_head":"<!-- This site is optimized with the Yoast SEO plugin v27.2 - https:\/\/yoast.com\/product\/yoast-seo-wordpress\/ -->\n<title>Origin Vietnam 100% C\u00e0 Ph\u00ea Arabica - The Bottle Shop<\/title>\n<meta name=\"description\" content=\"Origin Vietnam 100% C\u00e0 Ph\u00ea Arabica. Lo\u1ea1i c\u00e0 ph\u00ea \u0111\u1eb7c s\u1ea3n Vi\u1ec7t Nam n\u00e0y mang \u0111\u1ebfn tr\u1ea3i nghi\u1ec7m \u0111\u1ed9c \u0111\u00e1o v\u1edbi s\u1ef1 c\u00e2n b\u1eb1ng tinh t\u1ebf gi\u1eefa h\u01b0\u01a1ng th\u01a1m v\u00e0 \u0111\u1ed9 chua.\" \/>\n<meta name=\"robots\" content=\"index, follow, max-snippet:-1, max-image-preview:large, max-video-preview:-1\" \/>\n<link rel=\"canonical\" href=\"http:\/\/52.77.24.187\/vi\/san-pham\/origin-vietnam-100-ca-phe-arabica\/\" \/>\n<meta property=\"og:locale\" content=\"vi_VN\" \/>\n<meta property=\"og:type\" content=\"article\" \/>\n<meta property=\"og:title\" content=\"Origin Vietnam 100% C\u00e0 Ph\u00ea Arabica - The Bottle Shop\" \/>\n<meta property=\"og:description\" content=\"Origin Vietnam 100% C\u00e0 Ph\u00ea Arabica. Lo\u1ea1i c\u00e0 ph\u00ea \u0111\u1eb7c s\u1ea3n Vi\u1ec7t Nam n\u00e0y mang \u0111\u1ebfn tr\u1ea3i nghi\u1ec7m \u0111\u1ed9c \u0111\u00e1o v\u1edbi s\u1ef1 c\u00e2n b\u1eb1ng tinh t\u1ebf gi\u1eefa h\u01b0\u01a1ng th\u01a1m v\u00e0 \u0111\u1ed9 chua.\" \/>\n<meta property=\"og:url\" content=\"http:\/\/52.77.24.187\/vi\/san-pham\/origin-vietnam-100-ca-phe-arabica\/\" \/>\n<meta property=\"og:site_name\" content=\"The Bottle Shop\" \/>\n<meta property=\"article:publisher\" content=\"https:\/\/www.facebook.com\/thebottleshopvietnam\" \/>\n<meta property=\"article:modified_time\" content=\"2024-07-02T09:48:59+00:00\" \/>\n<meta property=\"og:image\" content=\"https:\/\/mlsrfcxkkbzg.i.optimole.com\/cb:JbP2.215d7\/w:auto\/h:auto\/q:mauto\/ig:avif\/http:\/\/52.77.24.187\/wp-content\/uploads\/2024\/04\/Origin-Arabica-Coffee.png\" \/>\n\t<meta property=\"og:image:width\" content=\"1080\" \/>\n\t<meta property=\"og:image:height\" content=\"1080\" \/>\n\t<meta property=\"og:image:type\" content=\"image\/png\" \/>\n<meta name=\"twitter:card\" content=\"summary_large_image\" \/>\n<meta name=\"twitter:label1\" content=\"Est. reading time\" \/>\n\t<meta name=\"twitter:data1\" content=\"1 minute\" \/>\n<script type=\"application\/ld+json\" class=\"yoast-schema-graph\">{\"@context\":\"https:\/\/schema.org\",\"@graph\":[{\"@type\":\"WebPage\",\"@id\":\"http:\/\/52.77.24.187\/vi\/san-pham\/origin-vietnam-100-ca-phe-arabica\/\",\"url\":\"http:\/\/52.77.24.187\/vi\/san-pham\/origin-vietnam-100-ca-phe-arabica\/\",\"name\":\"Origin Vietnam 100% C\u00e0 Ph\u00ea Arabica - The Bottle Shop\",\"isPartOf\":{\"@id\":\"http:\/\/52.77.24.187\/#website\"},\"primaryImageOfPage\":{\"@id\":\"http:\/\/52.77.24.187\/vi\/san-pham\/origin-vietnam-100-ca-phe-arabica\/#primaryimage\"},\"image\":{\"@id\":\"http:\/\/52.77.24.187\/vi\/san-pham\/origin-vietnam-100-ca-phe-arabica\/#primaryimage\"},\"thumbnailUrl\":\"https:\/\/mlsrfcxkkbzg.i.optimole.com\/cb:JbP2.215d7\/w:auto\/h:auto\/q:mauto\/ig:avif\/https:\/\/thebottleshop.vn\/wp-content\/uploads\/2024\/04\/Origin-Arabica-Coffee.png\",\"datePublished\":\"2024-04-16T04:51:37+00:00\",\"dateModified\":\"2024-07-02T09:48:59+00:00\",\"description\":\"Origin Vietnam 100% C\u00e0 Ph\u00ea Arabica. Lo\u1ea1i c\u00e0 ph\u00ea \u0111\u1eb7c s\u1ea3n Vi\u1ec7t Nam n\u00e0y mang \u0111\u1ebfn tr\u1ea3i nghi\u1ec7m \u0111\u1ed9c \u0111\u00e1o v\u1edbi s\u1ef1 c\u00e2n b\u1eb1ng tinh t\u1ebf gi\u1eefa h\u01b0\u01a1ng th\u01a1m v\u00e0 \u0111\u1ed9 chua.\",\"breadcrumb\":{\"@id\":\"http:\/\/52.77.24.187\/vi\/san-pham\/origin-vietnam-100-ca-phe-arabica\/#breadcrumb\"},\"inLanguage\":\"vi-VN\",\"potentialAction\":[{\"@type\":\"ReadAction\",\"target\":[\"http:\/\/52.77.24.187\/vi\/san-pham\/origin-vietnam-100-ca-phe-arabica\/\"]}]},{\"@type\":\"ImageObject\",\"inLanguage\":\"vi-VN\",\"@id\":\"http:\/\/52.77.24.187\/vi\/san-pham\/origin-vietnam-100-ca-phe-arabica\/#primaryimage\",\"url\":\"https:\/\/mlsrfcxkkbzg.i.optimole.com\/cb:JbP2.215d7\/w:auto\/h:auto\/q:mauto\/ig:avif\/https:\/\/thebottleshop.vn\/wp-content\/uploads\/2024\/04\/Origin-Arabica-Coffee.png\",\"contentUrl\":\"https:\/\/mlsrfcxkkbzg.i.optimole.com\/cb:JbP2.215d7\/w:auto\/h:auto\/q:mauto\/ig:avif\/https:\/\/thebottleshop.vn\/wp-content\/uploads\/2024\/04\/Origin-Arabica-Coffee.png\",\"width\":1080,\"height\":1080,\"caption\":\"Origin Arabica Coffee\"},{\"@type\":\"BreadcrumbList\",\"@id\":\"http:\/\/52.77.24.187\/vi\/san-pham\/origin-vietnam-100-ca-phe-arabica\/#breadcrumb\",\"itemListElement\":[{\"@type\":\"ListItem\",\"position\":1,\"name\":\"Home\",\"item\":\"http:\/\/52.77.24.187\/vi\/test-popup-vi\/\"},{\"@type\":\"ListItem\",\"position\":2,\"name\":\"C\u1eeda h\u00e0ng\",\"item\":\"http:\/\/52.77.24.187\/vi\/cua-hang\/\"},{\"@type\":\"ListItem\",\"position\":3,\"name\":\"Origin Vietnam 100% C\u00e0 Ph\u00ea Arabica\"}]},{\"@type\":\"WebSite\",\"@id\":\"http:\/\/52.77.24.187\/#website\",\"url\":\"http:\/\/52.77.24.187\/\",\"name\":\"The Bottle Shop\",\"description\":\"All beers are not created equal\",\"publisher\":{\"@id\":\"http:\/\/52.77.24.187\/#organization\"},\"potentialAction\":[{\"@type\":\"SearchAction\",\"target\":{\"@type\":\"EntryPoint\",\"urlTemplate\":\"http:\/\/52.77.24.187\/?s={search_term_string}\"},\"query-input\":{\"@type\":\"PropertyValueSpecification\",\"valueRequired\":true,\"valueName\":\"search_term_string\"}}],\"inLanguage\":\"vi-VN\"},{\"@type\":\"Organization\",\"@id\":\"http:\/\/52.77.24.187\/#organization\",\"name\":\"The Bottle Shop\",\"url\":\"http:\/\/52.77.24.187\/\",\"logo\":{\"@type\":\"ImageObject\",\"inLanguage\":\"vi-VN\",\"@id\":\"http:\/\/52.77.24.187\/#\/schema\/logo\/image\/\",\"url\":\"https:\/\/mlsrfcxkkbzg.i.optimole.com\/cb:JbP2.215d7\/w:auto\/h:auto\/q:mauto\/ig:avif\/https:\/\/thebottleshop.vn\/wp-content\/uploads\/2022\/10\/The-Bottle-Shop-Online-Logo.png\",\"contentUrl\":\"https:\/\/mlsrfcxkkbzg.i.optimole.com\/cb:JbP2.215d7\/w:auto\/h:auto\/q:mauto\/ig:avif\/https:\/\/thebottleshop.vn\/wp-content\/uploads\/2022\/10\/The-Bottle-Shop-Online-Logo.png\",\"width\":145,\"height\":147,\"caption\":\"The Bottle Shop\"},\"image\":{\"@id\":\"http:\/\/52.77.24.187\/#\/schema\/logo\/image\/\"},\"sameAs\":[\"https:\/\/www.facebook.com\/thebottleshopvietnam\",\"https:\/\/www.instagram.com\/thebottleshop_vietnam\/\"]}]}<\/script>\n<!-- \/ Yoast SEO plugin. -->","yoast_head_json":{"title":"Origin Vietnam 100% C\u00e0 Ph\u00ea Arabica - The Bottle Shop","description":"Origin Vietnam 100% C\u00e0 Ph\u00ea Arabica. Lo\u1ea1i c\u00e0 ph\u00ea \u0111\u1eb7c s\u1ea3n Vi\u1ec7t Nam n\u00e0y mang \u0111\u1ebfn tr\u1ea3i nghi\u1ec7m \u0111\u1ed9c \u0111\u00e1o v\u1edbi s\u1ef1 c\u00e2n b\u1eb1ng tinh t\u1ebf gi\u1eefa h\u01b0\u01a1ng th\u01a1m v\u00e0 \u0111\u1ed9 chua.","robots":{"index":"index","follow":"follow","max-snippet":"max-snippet:-1","max-image-preview":"max-image-preview:large","max-video-preview":"max-video-preview:-1"},"canonical":"http:\/\/52.77.24.187\/vi\/san-pham\/origin-vietnam-100-ca-phe-arabica\/","og_locale":"vi_VN","og_type":"article","og_title":"Origin Vietnam 100% C\u00e0 Ph\u00ea Arabica - The Bottle Shop","og_description":"Origin Vietnam 100% C\u00e0 Ph\u00ea Arabica. Lo\u1ea1i c\u00e0 ph\u00ea \u0111\u1eb7c s\u1ea3n Vi\u1ec7t Nam n\u00e0y mang \u0111\u1ebfn tr\u1ea3i nghi\u1ec7m \u0111\u1ed9c \u0111\u00e1o v\u1edbi s\u1ef1 c\u00e2n b\u1eb1ng tinh t\u1ebf gi\u1eefa h\u01b0\u01a1ng th\u01a1m v\u00e0 \u0111\u1ed9 chua.","og_url":"http:\/\/52.77.24.187\/vi\/san-pham\/origin-vietnam-100-ca-phe-arabica\/","og_site_name":"The Bottle Shop","article_publisher":"https:\/\/www.facebook.com\/thebottleshopvietnam","article_modified_time":"2024-07-02T09:48:59+00:00","og_image":[{"width":1080,"height":1080,"url":"https:\/\/mlsrfcxkkbzg.i.optimole.com\/cb:JbP2.215d7\/w:auto\/h:auto\/q:mauto\/ig:avif\/http:\/\/52.77.24.187\/wp-content\/uploads\/2024\/04\/Origin-Arabica-Coffee.png","type":"image\/png"}],"twitter_card":"summary_large_image","twitter_misc":{"Est. reading time":"1 minute"},"schema":{"@context":"https:\/\/schema.org","@graph":[{"@type":"WebPage","@id":"http:\/\/52.77.24.187\/vi\/san-pham\/origin-vietnam-100-ca-phe-arabica\/","url":"http:\/\/52.77.24.187\/vi\/san-pham\/origin-vietnam-100-ca-phe-arabica\/","name":"Origin Vietnam 100% C\u00e0 Ph\u00ea Arabica - The Bottle Shop","isPartOf":{"@id":"http:\/\/52.77.24.187\/#website"},"primaryImageOfPage":{"@id":"http:\/\/52.77.24.187\/vi\/san-pham\/origin-vietnam-100-ca-phe-arabica\/#primaryimage"},"image":{"@id":"http:\/\/52.77.24.187\/vi\/san-pham\/origin-vietnam-100-ca-phe-arabica\/#primaryimage"},"thumbnailUrl":"https:\/\/mlsrfcxkkbzg.i.optimole.com\/cb:JbP2.215d7\/w:auto\/h:auto\/q:mauto\/ig:avif\/https:\/\/thebottleshop.vn\/wp-content\/uploads\/2024\/04\/Origin-Arabica-Coffee.png","datePublished":"2024-04-16T04:51:37+00:00","dateModified":"2024-07-02T09:48:59+00:00","description":"Origin Vietnam 100% C\u00e0 Ph\u00ea Arabica. Lo\u1ea1i c\u00e0 ph\u00ea \u0111\u1eb7c s\u1ea3n Vi\u1ec7t Nam n\u00e0y mang \u0111\u1ebfn tr\u1ea3i nghi\u1ec7m \u0111\u1ed9c \u0111\u00e1o v\u1edbi s\u1ef1 c\u00e2n b\u1eb1ng tinh t\u1ebf gi\u1eefa h\u01b0\u01a1ng th\u01a1m v\u00e0 \u0111\u1ed9 chua.","breadcrumb":{"@id":"http:\/\/52.77.24.187\/vi\/san-pham\/origin-vietnam-100-ca-phe-arabica\/#breadcrumb"},"inLanguage":"vi-VN","potentialAction":[{"@type":"ReadAction","target":["http:\/\/52.77.24.187\/vi\/san-pham\/origin-vietnam-100-ca-phe-arabica\/"]}]},{"@type":"ImageObject","inLanguage":"vi-VN","@id":"http:\/\/52.77.24.187\/vi\/san-pham\/origin-vietnam-100-ca-phe-arabica\/#primaryimage","url":"https:\/\/mlsrfcxkkbzg.i.optimole.com\/cb:JbP2.215d7\/w:auto\/h:auto\/q:mauto\/ig:avif\/https:\/\/thebottleshop.vn\/wp-content\/uploads\/2024\/04\/Origin-Arabica-Coffee.png","contentUrl":"https:\/\/mlsrfcxkkbzg.i.optimole.com\/cb:JbP2.215d7\/w:auto\/h:auto\/q:mauto\/ig:avif\/https:\/\/thebottleshop.vn\/wp-content\/uploads\/2024\/04\/Origin-Arabica-Coffee.png","width":1080,"height":1080,"caption":"Origin Arabica Coffee"},{"@type":"BreadcrumbList","@id":"http:\/\/52.77.24.187\/vi\/san-pham\/origin-vietnam-100-ca-phe-arabica\/#breadcrumb","itemListElement":[{"@type":"ListItem","position":1,"name":"Home","item":"http:\/\/52.77.24.187\/vi\/test-popup-vi\/"},{"@type":"ListItem","position":2,"name":"C\u1eeda h\u00e0ng","item":"http:\/\/52.77.24.187\/vi\/cua-hang\/"},{"@type":"ListItem","position":3,"name":"Origin Vietnam 100% C\u00e0 Ph\u00ea Arabica"}]},{"@type":"WebSite","@id":"http:\/\/52.77.24.187\/#website","url":"http:\/\/52.77.24.187\/","name":"The Bottle Shop","description":"All beers are not created equal","publisher":{"@id":"http:\/\/52.77.24.187\/#organization"},"potentialAction":[{"@type":"SearchAction","target":{"@type":"EntryPoint","urlTemplate":"http:\/\/52.77.24.187\/?s={search_term_string}"},"query-input":{"@type":"PropertyValueSpecification","valueRequired":true,"valueName":"search_term_string"}}],"inLanguage":"vi-VN"},{"@type":"Organization","@id":"http:\/\/52.77.24.187\/#organization","name":"The Bottle Shop","url":"http:\/\/52.77.24.187\/","logo":{"@type":"ImageObject","inLanguage":"vi-VN","@id":"http:\/\/52.77.24.187\/#\/schema\/logo\/image\/","url":"https:\/\/mlsrfcxkkbzg.i.optimole.com\/cb:JbP2.215d7\/w:auto\/h:auto\/q:mauto\/ig:avif\/https:\/\/thebottleshop.vn\/wp-content\/uploads\/2022\/10\/The-Bottle-Shop-Online-Logo.png","contentUrl":"https:\/\/mlsrfcxkkbzg.i.optimole.com\/cb:JbP2.215d7\/w:auto\/h:auto\/q:mauto\/ig:avif\/https:\/\/thebottleshop.vn\/wp-content\/uploads\/2022\/10\/The-Bottle-Shop-Online-Logo.png","width":145,"height":147,"caption":"The Bottle Shop"},"image":{"@id":"http:\/\/52.77.24.187\/#\/schema\/logo\/image\/"},"sameAs":["https:\/\/www.facebook.com\/thebottleshopvietnam","https:\/\/www.instagram.com\/thebottleshop_vietnam\/"]}]}},"_links":{"self":[{"href":"https:\/\/thebottleshop.vn\/vi\/wp-json\/wp\/v2\/product\/19949","targetHints":{"allow":["GET"]}}],"collection":[{"href":"https:\/\/thebottleshop.vn\/vi\/wp-json\/wp\/v2\/product"}],"about":[{"href":"https:\/\/thebottleshop.vn\/vi\/wp-json\/wp\/v2\/types\/product"}],"replies":[{"embeddable":true,"href":"https:\/\/thebottleshop.vn\/vi\/wp-json\/wp\/v2\/comments?post=19949"}],"wp:featuredmedia":[{"embeddable":true,"href":"https:\/\/thebottleshop.vn\/vi\/wp-json\/wp\/v2\/media\/19395"}],"wp:attachment":[{"href":"https:\/\/thebottleshop.vn\/vi\/wp-json\/wp\/v2\/media?parent=19949"}],"wp:term":[{"taxonomy":"product_brand","embeddable":true,"href":"https:\/\/thebottleshop.vn\/vi\/wp-json\/wp\/v2\/product_brand?post=19949"},{"taxonomy":"product_cat","embeddable":true,"href":"https:\/\/thebottleshop.vn\/vi\/wp-json\/wp\/v2\/product_cat?post=19949"},{"taxonomy":"product_tag","embeddable":true,"href":"https:\/\/thebottleshop.vn\/vi\/wp-json\/wp\/v2\/product_tag?post=19949"}],"curies":[{"name":"wp","href":"https:\/\/api.w.org\/{rel}","templated":true}]}}