{"id":20303,"date":"2024-07-26T09:29:16","date_gmt":"2024-07-26T02:35:46","guid":{"rendered":"https:\/\/thebottleshop.vn\/product\/ve-de-di-right-rum\/"},"modified":"2025-06-27T06:58:55","modified_gmt":"2025-06-26T23:58:55","slug":"ve-de-di-right-rum","status":"publish","type":"product","link":"https:\/\/thebottleshop.vn\/vi\/san-pham\/ve-de-di-right-rum\/","title":{"rendered":"V\u1ec1 \u0110\u1ec3 \u0110i Right Rum"},"content":{"rendered":"<p>V\u1ec1 \u0110\u1ec3 \u0110i Right Rum. S\u1ea3n ph\u1ea9m rum tr\u1eafng n\u00e0y \u0111\u1eb7c bi\u1ec7t \u0111\u01b0\u1ee3c l\u00e0m t\u1eeb m\u1eadt r\u1ec9 \u0111\u01b0\u1eddng Ngh\u1ec7 An v\u00e0 m\u1eadt m\u00eda th\u1ee7 c\u00f4ng. \u0110i\u1ec3m kh\u00e1c bi\u1ec7t khi\u1ebfn h\u01b0\u01a1ng v\u1ecb Right Rum th\u1eadt tinh t\u1ebf v\u00e0 phong ph\u00fa \u0111\u1ebfn t\u1eeb c\u00f4ng \u0111o\u1ea1n ch\u01b0ng c\u1ea5t trong nh\u1eefng h\u0169 l\u00e0m b\u1eb1ng \u0111\u1ed3ng.    ABV 42%.<\/p>\n<p>\u2014\u2013<br \/>\nXem th\u01b0 vi\u1ec7n h\u00ecnh \u1ea3nh \u0111\u1ec3 bi\u1ebft th\u00eam th\u00f4ng tin chi ti\u1ebft v\u1ec1 ngu\u1ed3n g\u1ed1c, th\u00e0nh ph\u1ea7n v\u00e0 h\u01b0\u1edbng d\u1eabn s\u1eed d\u1ee5ng c\u1ee7a s\u1ea3n ph\u1ea9m.<\/p>\n","protected":false},"excerpt":{"rendered":"<p><strong>700ml\/350ml :: 42%<\/strong><\/p>\n","protected":false},"featured_media":20325,"comment_status":"open","ping_status":"closed","template":"","meta":{"_acf_changed":false},"product_brand":[],"product_cat":[390,338,388,374,375,489,620,345,339,424,341,352,364,371,608],"product_tag":[],"class_list":{"0":"post-20303","1":"product","2":"type-product","3":"status-publish","4":"has-post-thumbnail","6":"product_cat-vietnam-hanoi","7":"product_cat-ruou-va-ruou-vang","8":"product_cat-25-vi","9":"product_cat-500k-749k","10":"product_cat-750k-999k","11":"product_cat-rhum","12":"product_cat-chai-350ml","13":"product_cat-abv-vi","14":"product_cat-xuat-xu","15":"product_cat-chai-700-ml","16":"product_cat-dong-goi","17":"product_cat-gia","18":"product_cat-dong-ruou","19":"product_cat-nha-san-xuat-ruou","20":"product_cat-ve-de-di-vi","21":"pa_pack_type-700ml-vi","22":"pa_pack_type-350ml-vi","24":"first","25":"instock","26":"shipping-taxable","27":"purchasable","28":"product-type-variable","29":"has-default-attributes","30":"add-to-wishlist-before_image"},"acf":[],"yoast_head":"<!-- This site is optimized with the Yoast SEO plugin v27.2 - https:\/\/yoast.com\/product\/yoast-seo-wordpress\/ -->\n<title>V\u1ec1 \u0110\u1ec3 \u0110i Right Rum - The Bottle Shop<\/title>\n<meta name=\"description\" content=\"V\u1ec1 \u0110\u1ec3 \u0110i Right Rum. S\u1ea3n ph\u1ea9m rum tr\u1eafng n\u00e0y \u0111\u1eb7c bi\u1ec7t \u0111\u01b0\u1ee3c l\u00e0m t\u1eeb m\u1eadt r\u1ec9 \u0111\u01b0\u1eddng Ngh\u1ec7 An v\u00e0 m\u1eadt m\u00eda th\u1ee7 c\u00f4ng. 700ml\/350ml. 42% ABV.\" \/>\n<meta name=\"robots\" content=\"index, follow, max-snippet:-1, max-image-preview:large, max-video-preview:-1\" \/>\n<link rel=\"canonical\" href=\"http:\/\/52.77.24.187\/vi\/san-pham\/ve-de-di-right-rum\/\" \/>\n<meta property=\"og:locale\" content=\"vi_VN\" \/>\n<meta property=\"og:type\" content=\"article\" \/>\n<meta property=\"og:title\" content=\"V\u1ec1 \u0110\u1ec3 \u0110i Right Rum - The Bottle Shop\" \/>\n<meta property=\"og:description\" content=\"V\u1ec1 \u0110\u1ec3 \u0110i Right Rum. S\u1ea3n ph\u1ea9m rum tr\u1eafng n\u00e0y \u0111\u1eb7c bi\u1ec7t \u0111\u01b0\u1ee3c l\u00e0m t\u1eeb m\u1eadt r\u1ec9 \u0111\u01b0\u1eddng Ngh\u1ec7 An v\u00e0 m\u1eadt m\u00eda th\u1ee7 c\u00f4ng. 700ml\/350ml. 42% ABV.\" \/>\n<meta property=\"og:url\" content=\"http:\/\/52.77.24.187\/vi\/san-pham\/ve-de-di-right-rum\/\" \/>\n<meta property=\"og:site_name\" content=\"The Bottle Shop\" \/>\n<meta property=\"article:publisher\" content=\"https:\/\/www.facebook.com\/thebottleshopvietnam\" \/>\n<meta property=\"article:modified_time\" content=\"2025-06-26T23:58:55+00:00\" \/>\n<meta property=\"og:image\" content=\"https:\/\/mlsrfcxkkbzg.i.optimole.com\/cb:JbP2.215d7\/w:auto\/h:auto\/q:mauto\/ig:avif\/http:\/\/52.77.24.187\/wp-content\/uploads\/2024\/07\/Ve-De-Di-Right-Rum-1.png\" \/>\n\t<meta property=\"og:image:width\" content=\"1080\" \/>\n\t<meta property=\"og:image:height\" content=\"1080\" \/>\n\t<meta property=\"og:image:type\" content=\"image\/png\" \/>\n<meta name=\"twitter:card\" content=\"summary_large_image\" \/>\n<meta name=\"twitter:label1\" content=\"Est. reading time\" \/>\n\t<meta name=\"twitter:data1\" content=\"1 minute\" \/>\n<script type=\"application\/ld+json\" class=\"yoast-schema-graph\">{\"@context\":\"https:\/\/schema.org\",\"@graph\":[{\"@type\":\"WebPage\",\"@id\":\"http:\/\/52.77.24.187\/vi\/san-pham\/ve-de-di-right-rum\/\",\"url\":\"http:\/\/52.77.24.187\/vi\/san-pham\/ve-de-di-right-rum\/\",\"name\":\"V\u1ec1 \u0110\u1ec3 \u0110i Right Rum - The Bottle Shop\",\"isPartOf\":{\"@id\":\"http:\/\/52.77.24.187\/#website\"},\"primaryImageOfPage\":{\"@id\":\"http:\/\/52.77.24.187\/vi\/san-pham\/ve-de-di-right-rum\/#primaryimage\"},\"image\":{\"@id\":\"http:\/\/52.77.24.187\/vi\/san-pham\/ve-de-di-right-rum\/#primaryimage\"},\"thumbnailUrl\":\"https:\/\/mlsrfcxkkbzg.i.optimole.com\/cb:JbP2.215d7\/w:auto\/h:auto\/q:mauto\/ig:avif\/https:\/\/thebottleshop.vn\/wp-content\/uploads\/2024\/07\/Ve-De-Di-Right-Rum-1.png\",\"datePublished\":\"2024-07-26T02:35:46+00:00\",\"dateModified\":\"2025-06-26T23:58:55+00:00\",\"description\":\"V\u1ec1 \u0110\u1ec3 \u0110i Right Rum. S\u1ea3n ph\u1ea9m rum tr\u1eafng n\u00e0y \u0111\u1eb7c bi\u1ec7t \u0111\u01b0\u1ee3c l\u00e0m t\u1eeb m\u1eadt r\u1ec9 \u0111\u01b0\u1eddng Ngh\u1ec7 An v\u00e0 m\u1eadt m\u00eda th\u1ee7 c\u00f4ng. 700ml\/350ml. 42% ABV.\",\"breadcrumb\":{\"@id\":\"http:\/\/52.77.24.187\/vi\/san-pham\/ve-de-di-right-rum\/#breadcrumb\"},\"inLanguage\":\"vi-VN\",\"potentialAction\":[{\"@type\":\"ReadAction\",\"target\":[\"http:\/\/52.77.24.187\/vi\/san-pham\/ve-de-di-right-rum\/\"]}]},{\"@type\":\"ImageObject\",\"inLanguage\":\"vi-VN\",\"@id\":\"http:\/\/52.77.24.187\/vi\/san-pham\/ve-de-di-right-rum\/#primaryimage\",\"url\":\"https:\/\/mlsrfcxkkbzg.i.optimole.com\/cb:JbP2.215d7\/w:auto\/h:auto\/q:mauto\/ig:avif\/https:\/\/thebottleshop.vn\/wp-content\/uploads\/2024\/07\/Ve-De-Di-Right-Rum-1.png\",\"contentUrl\":\"https:\/\/mlsrfcxkkbzg.i.optimole.com\/cb:JbP2.215d7\/w:auto\/h:auto\/q:mauto\/ig:avif\/https:\/\/thebottleshop.vn\/wp-content\/uploads\/2024\/07\/Ve-De-Di-Right-Rum-1.png\",\"width\":1080,\"height\":1080,\"caption\":\"V\u00e8 \u0110\u1ec3 \u0110i Right Rum\"},{\"@type\":\"BreadcrumbList\",\"@id\":\"http:\/\/52.77.24.187\/vi\/san-pham\/ve-de-di-right-rum\/#breadcrumb\",\"itemListElement\":[{\"@type\":\"ListItem\",\"position\":1,\"name\":\"Home\",\"item\":\"http:\/\/52.77.24.187\/vi\/test-popup-vi\/\"},{\"@type\":\"ListItem\",\"position\":2,\"name\":\"C\u1eeda h\u00e0ng\",\"item\":\"http:\/\/52.77.24.187\/vi\/cua-hang\/\"},{\"@type\":\"ListItem\",\"position\":3,\"name\":\"V\u1ec1 \u0110\u1ec3 \u0110i Right Rum\"}]},{\"@type\":\"WebSite\",\"@id\":\"http:\/\/52.77.24.187\/#website\",\"url\":\"http:\/\/52.77.24.187\/\",\"name\":\"The Bottle Shop\",\"description\":\"All beers are not created equal\",\"publisher\":{\"@id\":\"http:\/\/52.77.24.187\/#organization\"},\"potentialAction\":[{\"@type\":\"SearchAction\",\"target\":{\"@type\":\"EntryPoint\",\"urlTemplate\":\"http:\/\/52.77.24.187\/?s={search_term_string}\"},\"query-input\":{\"@type\":\"PropertyValueSpecification\",\"valueRequired\":true,\"valueName\":\"search_term_string\"}}],\"inLanguage\":\"vi-VN\"},{\"@type\":\"Organization\",\"@id\":\"http:\/\/52.77.24.187\/#organization\",\"name\":\"The Bottle Shop\",\"url\":\"http:\/\/52.77.24.187\/\",\"logo\":{\"@type\":\"ImageObject\",\"inLanguage\":\"vi-VN\",\"@id\":\"http:\/\/52.77.24.187\/#\/schema\/logo\/image\/\",\"url\":\"https:\/\/mlsrfcxkkbzg.i.optimole.com\/cb:JbP2.215d7\/w:auto\/h:auto\/q:mauto\/ig:avif\/https:\/\/thebottleshop.vn\/wp-content\/uploads\/2022\/10\/The-Bottle-Shop-Online-Logo.png\",\"contentUrl\":\"https:\/\/mlsrfcxkkbzg.i.optimole.com\/cb:JbP2.215d7\/w:auto\/h:auto\/q:mauto\/ig:avif\/https:\/\/thebottleshop.vn\/wp-content\/uploads\/2022\/10\/The-Bottle-Shop-Online-Logo.png\",\"width\":145,\"height\":147,\"caption\":\"The Bottle Shop\"},\"image\":{\"@id\":\"http:\/\/52.77.24.187\/#\/schema\/logo\/image\/\"},\"sameAs\":[\"https:\/\/www.facebook.com\/thebottleshopvietnam\",\"https:\/\/www.instagram.com\/thebottleshop_vietnam\/\"]}]}<\/script>\n<!-- \/ Yoast SEO plugin. -->","yoast_head_json":{"title":"V\u1ec1 \u0110\u1ec3 \u0110i Right Rum - The Bottle Shop","description":"V\u1ec1 \u0110\u1ec3 \u0110i Right Rum. S\u1ea3n ph\u1ea9m rum tr\u1eafng n\u00e0y \u0111\u1eb7c bi\u1ec7t \u0111\u01b0\u1ee3c l\u00e0m t\u1eeb m\u1eadt r\u1ec9 \u0111\u01b0\u1eddng Ngh\u1ec7 An v\u00e0 m\u1eadt m\u00eda th\u1ee7 c\u00f4ng. 700ml\/350ml. 42% ABV.","robots":{"index":"index","follow":"follow","max-snippet":"max-snippet:-1","max-image-preview":"max-image-preview:large","max-video-preview":"max-video-preview:-1"},"canonical":"http:\/\/52.77.24.187\/vi\/san-pham\/ve-de-di-right-rum\/","og_locale":"vi_VN","og_type":"article","og_title":"V\u1ec1 \u0110\u1ec3 \u0110i Right Rum - The Bottle Shop","og_description":"V\u1ec1 \u0110\u1ec3 \u0110i Right Rum. S\u1ea3n ph\u1ea9m rum tr\u1eafng n\u00e0y \u0111\u1eb7c bi\u1ec7t \u0111\u01b0\u1ee3c l\u00e0m t\u1eeb m\u1eadt r\u1ec9 \u0111\u01b0\u1eddng Ngh\u1ec7 An v\u00e0 m\u1eadt m\u00eda th\u1ee7 c\u00f4ng. 700ml\/350ml. 42% ABV.","og_url":"http:\/\/52.77.24.187\/vi\/san-pham\/ve-de-di-right-rum\/","og_site_name":"The Bottle Shop","article_publisher":"https:\/\/www.facebook.com\/thebottleshopvietnam","article_modified_time":"2025-06-26T23:58:55+00:00","og_image":[{"width":1080,"height":1080,"url":"https:\/\/mlsrfcxkkbzg.i.optimole.com\/cb:JbP2.215d7\/w:auto\/h:auto\/q:mauto\/ig:avif\/http:\/\/52.77.24.187\/wp-content\/uploads\/2024\/07\/Ve-De-Di-Right-Rum-1.png","type":"image\/png"}],"twitter_card":"summary_large_image","twitter_misc":{"Est. reading time":"1 minute"},"schema":{"@context":"https:\/\/schema.org","@graph":[{"@type":"WebPage","@id":"http:\/\/52.77.24.187\/vi\/san-pham\/ve-de-di-right-rum\/","url":"http:\/\/52.77.24.187\/vi\/san-pham\/ve-de-di-right-rum\/","name":"V\u1ec1 \u0110\u1ec3 \u0110i Right Rum - The Bottle Shop","isPartOf":{"@id":"http:\/\/52.77.24.187\/#website"},"primaryImageOfPage":{"@id":"http:\/\/52.77.24.187\/vi\/san-pham\/ve-de-di-right-rum\/#primaryimage"},"image":{"@id":"http:\/\/52.77.24.187\/vi\/san-pham\/ve-de-di-right-rum\/#primaryimage"},"thumbnailUrl":"https:\/\/mlsrfcxkkbzg.i.optimole.com\/cb:JbP2.215d7\/w:auto\/h:auto\/q:mauto\/ig:avif\/https:\/\/thebottleshop.vn\/wp-content\/uploads\/2024\/07\/Ve-De-Di-Right-Rum-1.png","datePublished":"2024-07-26T02:35:46+00:00","dateModified":"2025-06-26T23:58:55+00:00","description":"V\u1ec1 \u0110\u1ec3 \u0110i Right Rum. S\u1ea3n ph\u1ea9m rum tr\u1eafng n\u00e0y \u0111\u1eb7c bi\u1ec7t \u0111\u01b0\u1ee3c l\u00e0m t\u1eeb m\u1eadt r\u1ec9 \u0111\u01b0\u1eddng Ngh\u1ec7 An v\u00e0 m\u1eadt m\u00eda th\u1ee7 c\u00f4ng. 700ml\/350ml. 42% ABV.","breadcrumb":{"@id":"http:\/\/52.77.24.187\/vi\/san-pham\/ve-de-di-right-rum\/#breadcrumb"},"inLanguage":"vi-VN","potentialAction":[{"@type":"ReadAction","target":["http:\/\/52.77.24.187\/vi\/san-pham\/ve-de-di-right-rum\/"]}]},{"@type":"ImageObject","inLanguage":"vi-VN","@id":"http:\/\/52.77.24.187\/vi\/san-pham\/ve-de-di-right-rum\/#primaryimage","url":"https:\/\/mlsrfcxkkbzg.i.optimole.com\/cb:JbP2.215d7\/w:auto\/h:auto\/q:mauto\/ig:avif\/https:\/\/thebottleshop.vn\/wp-content\/uploads\/2024\/07\/Ve-De-Di-Right-Rum-1.png","contentUrl":"https:\/\/mlsrfcxkkbzg.i.optimole.com\/cb:JbP2.215d7\/w:auto\/h:auto\/q:mauto\/ig:avif\/https:\/\/thebottleshop.vn\/wp-content\/uploads\/2024\/07\/Ve-De-Di-Right-Rum-1.png","width":1080,"height":1080,"caption":"V\u00e8 \u0110\u1ec3 \u0110i Right Rum"},{"@type":"BreadcrumbList","@id":"http:\/\/52.77.24.187\/vi\/san-pham\/ve-de-di-right-rum\/#breadcrumb","itemListElement":[{"@type":"ListItem","position":1,"name":"Home","item":"http:\/\/52.77.24.187\/vi\/test-popup-vi\/"},{"@type":"ListItem","position":2,"name":"C\u1eeda h\u00e0ng","item":"http:\/\/52.77.24.187\/vi\/cua-hang\/"},{"@type":"ListItem","position":3,"name":"V\u1ec1 \u0110\u1ec3 \u0110i Right Rum"}]},{"@type":"WebSite","@id":"http:\/\/52.77.24.187\/#website","url":"http:\/\/52.77.24.187\/","name":"The Bottle Shop","description":"All beers are not created equal","publisher":{"@id":"http:\/\/52.77.24.187\/#organization"},"potentialAction":[{"@type":"SearchAction","target":{"@type":"EntryPoint","urlTemplate":"http:\/\/52.77.24.187\/?s={search_term_string}"},"query-input":{"@type":"PropertyValueSpecification","valueRequired":true,"valueName":"search_term_string"}}],"inLanguage":"vi-VN"},{"@type":"Organization","@id":"http:\/\/52.77.24.187\/#organization","name":"The Bottle Shop","url":"http:\/\/52.77.24.187\/","logo":{"@type":"ImageObject","inLanguage":"vi-VN","@id":"http:\/\/52.77.24.187\/#\/schema\/logo\/image\/","url":"https:\/\/mlsrfcxkkbzg.i.optimole.com\/cb:JbP2.215d7\/w:auto\/h:auto\/q:mauto\/ig:avif\/https:\/\/thebottleshop.vn\/wp-content\/uploads\/2022\/10\/The-Bottle-Shop-Online-Logo.png","contentUrl":"https:\/\/mlsrfcxkkbzg.i.optimole.com\/cb:JbP2.215d7\/w:auto\/h:auto\/q:mauto\/ig:avif\/https:\/\/thebottleshop.vn\/wp-content\/uploads\/2022\/10\/The-Bottle-Shop-Online-Logo.png","width":145,"height":147,"caption":"The Bottle Shop"},"image":{"@id":"http:\/\/52.77.24.187\/#\/schema\/logo\/image\/"},"sameAs":["https:\/\/www.facebook.com\/thebottleshopvietnam","https:\/\/www.instagram.com\/thebottleshop_vietnam\/"]}]}},"_links":{"self":[{"href":"https:\/\/thebottleshop.vn\/vi\/wp-json\/wp\/v2\/product\/20303","targetHints":{"allow":["GET"]}}],"collection":[{"href":"https:\/\/thebottleshop.vn\/vi\/wp-json\/wp\/v2\/product"}],"about":[{"href":"https:\/\/thebottleshop.vn\/vi\/wp-json\/wp\/v2\/types\/product"}],"replies":[{"embeddable":true,"href":"https:\/\/thebottleshop.vn\/vi\/wp-json\/wp\/v2\/comments?post=20303"}],"wp:featuredmedia":[{"embeddable":true,"href":"https:\/\/thebottleshop.vn\/vi\/wp-json\/wp\/v2\/media\/20325"}],"wp:attachment":[{"href":"https:\/\/thebottleshop.vn\/vi\/wp-json\/wp\/v2\/media?parent=20303"}],"wp:term":[{"taxonomy":"product_brand","embeddable":true,"href":"https:\/\/thebottleshop.vn\/vi\/wp-json\/wp\/v2\/product_brand?post=20303"},{"taxonomy":"product_cat","embeddable":true,"href":"https:\/\/thebottleshop.vn\/vi\/wp-json\/wp\/v2\/product_cat?post=20303"},{"taxonomy":"product_tag","embeddable":true,"href":"https:\/\/thebottleshop.vn\/vi\/wp-json\/wp\/v2\/product_tag?post=20303"}],"curies":[{"name":"wp","href":"https:\/\/api.w.org\/{rel}","templated":true}]}}