{"id":20321,"date":"2024-07-26T11:18:56","date_gmt":"2024-07-26T04:21:48","guid":{"rendered":"https:\/\/thebottleshop.vn\/product\/heart-of-darkness-stupid-scoundrel-cold-ipa\/"},"modified":"2024-07-26T11:21:48","modified_gmt":"2024-07-26T04:21:48","slug":"heart-of-darkness-stupid-scoundrel-cold-ipa","status":"publish","type":"product","link":"https:\/\/thebottleshop.vn\/vi\/san-pham\/heart-of-darkness-stupid-scoundrel-cold-ipa\/","title":{"rendered":"Heart of Darkness Stupid Scoundrel Cold IPA"},"content":{"rendered":"<p>Heart of Darkness Stupid Scoundrel Cold IPA. M\u1ed9t s\u1ef1 k\u1ebft h\u1ee3p c\u1ee7a th\u1eddi \u0111\u1ea1i mang \u00e2m h\u01b0\u1edfng c\u1ee7a nh\u1eefng l\u1ea1c th\u00fa gi\u1ea3n \u0111\u01a1n. Hoa bia New World th\u01a1m n\u1ed3ng c\u00f9ng v\u1ecb qu\u1ea3 h\u1ea1ch, xo\u00e0i, v\u1ea3i, chanh d\u00e2y l\u1ea7n l\u01b0\u1ee3t b\u1eebng l\u00ean trong t\u1eebng ng\u1ee5m bia. N\u1ec1n m\u1ea1ch nha t\u01b0\u01a1i ng\u1ecdt t\u1ea1o n\u00ean m\u1ed9t k\u1ebft th\u00fac ho\u00e0n h\u1ea3o cho cu\u1ed9c t\u1ed5ng t\u1ea5n c\u00f4ng v\u1ecb gi\u00e1c.    \u2014\u2013 Xem h\u00ecnh \u1ea3nh \u0111\u1ec3 bi\u1ebft \u0111\u1ea7y \u0111\u1ee7 th\u00f4ng tin chi ti\u1ebft v\u1ec1 ngu\u1ed3n g\u1ed1c, th\u00e0nh ph\u1ea7n v\u00e0 y\u00eau c\u1ea7u b\u1ea3o qu\u1ea3n c\u1ee7a s\u1ea3n ph\u1ea9m n\u00e0y.<\/p>\n","protected":false},"excerpt":{"rendered":"<p><strong>Tr\u00e1i c\u00e2y, Hoppy, \u0110\u1eadm \u0111\u00e0 6.7%<\/strong><\/p>\n","protected":false},"featured_media":20317,"comment_status":"open","ping_status":"closed","template":"","meta":{"_acf_changed":false},"product_brand":[],"product_cat":[337,340,348,381,423,351,366,345,377,339,341,352,359,344,369],"product_tag":[],"class_list":{"0":"post-20321","1":"product","2":"type-product","3":"status-publish","4":"has-post-thumbnail","6":"product_cat-bia-va-cider","7":"product_cat-vietnam-hcmc","8":"product_cat-6-7-9","9":"product_cat-60-79","10":"product_cat-100k-149k","11":"product_cat-dong-bia","12":"product_cat-nha-san-xuat","13":"product_cat-abv-vi","14":"product_cat-ibu","15":"product_cat-xuat-xu","16":"product_cat-dong-goi","17":"product_cat-gia","18":"product_cat-ipa","19":"product_cat-lon-330-ml","20":"product_cat-heart-of-darkness","22":"first","23":"outofstock","24":"shipping-taxable","25":"purchasable","26":"product-type-simple","27":"add-to-wishlist-before_image"},"acf":[],"yoast_head":"<!-- This site is optimized with the Yoast SEO plugin v27.2 - https:\/\/yoast.com\/product\/yoast-seo-wordpress\/ -->\n<title>Heart of Darkness Stupid Scoundrel Cold IPA - The Bottle Shop<\/title>\n<meta name=\"description\" content=\"Heart of Darkness Stupid Scoundrel Cold IPA. Hoa bia New World th\u01a1m n\u1ed3ng c\u00f9ng v\u1ecb qu\u1ea3 h\u1ea1ch, xo\u00e0i, v\u1ea3i, chanh d\u00e2y l\u1ea7n l\u01b0\u1ee3t b\u1eebng l\u00ean trong t\u1eebng ng\u1ee5m bia.\" \/>\n<meta name=\"robots\" content=\"index, follow, max-snippet:-1, max-image-preview:large, max-video-preview:-1\" \/>\n<link rel=\"canonical\" href=\"http:\/\/52.77.24.187\/vi\/san-pham\/heart-of-darkness-stupid-scoundrel-cold-ipa\/\" \/>\n<meta property=\"og:locale\" content=\"vi_VN\" \/>\n<meta property=\"og:type\" content=\"article\" \/>\n<meta property=\"og:title\" content=\"Heart of Darkness Stupid Scoundrel Cold IPA - The Bottle Shop\" \/>\n<meta property=\"og:description\" content=\"Heart of Darkness Stupid Scoundrel Cold IPA. Hoa bia New World th\u01a1m n\u1ed3ng c\u00f9ng v\u1ecb qu\u1ea3 h\u1ea1ch, xo\u00e0i, v\u1ea3i, chanh d\u00e2y l\u1ea7n l\u01b0\u1ee3t b\u1eebng l\u00ean trong t\u1eebng ng\u1ee5m bia.\" \/>\n<meta property=\"og:url\" content=\"http:\/\/52.77.24.187\/vi\/san-pham\/heart-of-darkness-stupid-scoundrel-cold-ipa\/\" \/>\n<meta property=\"og:site_name\" content=\"The Bottle Shop\" \/>\n<meta property=\"article:publisher\" content=\"https:\/\/www.facebook.com\/thebottleshopvietnam\" \/>\n<meta property=\"og:image\" content=\"https:\/\/mlsrfcxkkbzg.i.optimole.com\/cb:JbP2.215d7\/w:auto\/h:auto\/q:mauto\/ig:avif\/http:\/\/52.77.24.187\/wp-content\/uploads\/2024\/07\/Heart-of-Darkness-Stupid-Scoundrel-Cold-IPA.png\" \/>\n\t<meta property=\"og:image:width\" content=\"1080\" \/>\n\t<meta property=\"og:image:height\" content=\"1080\" \/>\n\t<meta property=\"og:image:type\" content=\"image\/png\" \/>\n<meta name=\"twitter:card\" content=\"summary_large_image\" \/>\n<meta name=\"twitter:label1\" content=\"Est. reading time\" \/>\n\t<meta name=\"twitter:data1\" content=\"1 minute\" \/>\n<script type=\"application\/ld+json\" class=\"yoast-schema-graph\">{\"@context\":\"https:\/\/schema.org\",\"@graph\":[{\"@type\":\"WebPage\",\"@id\":\"http:\/\/52.77.24.187\/vi\/san-pham\/heart-of-darkness-stupid-scoundrel-cold-ipa\/\",\"url\":\"http:\/\/52.77.24.187\/vi\/san-pham\/heart-of-darkness-stupid-scoundrel-cold-ipa\/\",\"name\":\"Heart of Darkness Stupid Scoundrel Cold IPA - The Bottle Shop\",\"isPartOf\":{\"@id\":\"http:\/\/52.77.24.187\/#website\"},\"primaryImageOfPage\":{\"@id\":\"http:\/\/52.77.24.187\/vi\/san-pham\/heart-of-darkness-stupid-scoundrel-cold-ipa\/#primaryimage\"},\"image\":{\"@id\":\"http:\/\/52.77.24.187\/vi\/san-pham\/heart-of-darkness-stupid-scoundrel-cold-ipa\/#primaryimage\"},\"thumbnailUrl\":\"https:\/\/mlsrfcxkkbzg.i.optimole.com\/cb:JbP2.215d7\/w:auto\/h:auto\/q:mauto\/ig:avif\/https:\/\/thebottleshop.vn\/wp-content\/uploads\/2024\/07\/Heart-of-Darkness-Stupid-Scoundrel-Cold-IPA.png\",\"datePublished\":\"2024-07-26T04:21:48+00:00\",\"description\":\"Heart of Darkness Stupid Scoundrel Cold IPA. Hoa bia New World th\u01a1m n\u1ed3ng c\u00f9ng v\u1ecb qu\u1ea3 h\u1ea1ch, xo\u00e0i, v\u1ea3i, chanh d\u00e2y l\u1ea7n l\u01b0\u1ee3t b\u1eebng l\u00ean trong t\u1eebng ng\u1ee5m bia.\",\"breadcrumb\":{\"@id\":\"http:\/\/52.77.24.187\/vi\/san-pham\/heart-of-darkness-stupid-scoundrel-cold-ipa\/#breadcrumb\"},\"inLanguage\":\"vi-VN\",\"potentialAction\":[{\"@type\":\"ReadAction\",\"target\":[\"http:\/\/52.77.24.187\/vi\/san-pham\/heart-of-darkness-stupid-scoundrel-cold-ipa\/\"]}]},{\"@type\":\"ImageObject\",\"inLanguage\":\"vi-VN\",\"@id\":\"http:\/\/52.77.24.187\/vi\/san-pham\/heart-of-darkness-stupid-scoundrel-cold-ipa\/#primaryimage\",\"url\":\"https:\/\/mlsrfcxkkbzg.i.optimole.com\/cb:JbP2.215d7\/w:auto\/h:auto\/q:mauto\/ig:avif\/https:\/\/thebottleshop.vn\/wp-content\/uploads\/2024\/07\/Heart-of-Darkness-Stupid-Scoundrel-Cold-IPA.png\",\"contentUrl\":\"https:\/\/mlsrfcxkkbzg.i.optimole.com\/cb:JbP2.215d7\/w:auto\/h:auto\/q:mauto\/ig:avif\/https:\/\/thebottleshop.vn\/wp-content\/uploads\/2024\/07\/Heart-of-Darkness-Stupid-Scoundrel-Cold-IPA.png\",\"width\":1080,\"height\":1080,\"caption\":\"Heart of Darkness Stupid Scoundrel Cold IPA\"},{\"@type\":\"BreadcrumbList\",\"@id\":\"http:\/\/52.77.24.187\/vi\/san-pham\/heart-of-darkness-stupid-scoundrel-cold-ipa\/#breadcrumb\",\"itemListElement\":[{\"@type\":\"ListItem\",\"position\":1,\"name\":\"Home\",\"item\":\"http:\/\/52.77.24.187\/vi\/test-popup-vi\/\"},{\"@type\":\"ListItem\",\"position\":2,\"name\":\"C\u1eeda h\u00e0ng\",\"item\":\"http:\/\/52.77.24.187\/vi\/cua-hang\/\"},{\"@type\":\"ListItem\",\"position\":3,\"name\":\"Heart of Darkness Stupid Scoundrel Cold IPA\"}]},{\"@type\":\"WebSite\",\"@id\":\"http:\/\/52.77.24.187\/#website\",\"url\":\"http:\/\/52.77.24.187\/\",\"name\":\"The Bottle Shop\",\"description\":\"All beers are not created equal\",\"publisher\":{\"@id\":\"http:\/\/52.77.24.187\/#organization\"},\"potentialAction\":[{\"@type\":\"SearchAction\",\"target\":{\"@type\":\"EntryPoint\",\"urlTemplate\":\"http:\/\/52.77.24.187\/?s={search_term_string}\"},\"query-input\":{\"@type\":\"PropertyValueSpecification\",\"valueRequired\":true,\"valueName\":\"search_term_string\"}}],\"inLanguage\":\"vi-VN\"},{\"@type\":\"Organization\",\"@id\":\"http:\/\/52.77.24.187\/#organization\",\"name\":\"The Bottle Shop\",\"url\":\"http:\/\/52.77.24.187\/\",\"logo\":{\"@type\":\"ImageObject\",\"inLanguage\":\"vi-VN\",\"@id\":\"http:\/\/52.77.24.187\/#\/schema\/logo\/image\/\",\"url\":\"https:\/\/mlsrfcxkkbzg.i.optimole.com\/cb:JbP2.215d7\/w:auto\/h:auto\/q:mauto\/ig:avif\/https:\/\/thebottleshop.vn\/wp-content\/uploads\/2022\/10\/The-Bottle-Shop-Online-Logo.png\",\"contentUrl\":\"https:\/\/mlsrfcxkkbzg.i.optimole.com\/cb:JbP2.215d7\/w:auto\/h:auto\/q:mauto\/ig:avif\/https:\/\/thebottleshop.vn\/wp-content\/uploads\/2022\/10\/The-Bottle-Shop-Online-Logo.png\",\"width\":145,\"height\":147,\"caption\":\"The Bottle Shop\"},\"image\":{\"@id\":\"http:\/\/52.77.24.187\/#\/schema\/logo\/image\/\"},\"sameAs\":[\"https:\/\/www.facebook.com\/thebottleshopvietnam\",\"https:\/\/www.instagram.com\/thebottleshop_vietnam\/\"]}]}<\/script>\n<!-- \/ Yoast SEO plugin. -->","yoast_head_json":{"title":"Heart of Darkness Stupid Scoundrel Cold IPA - The Bottle Shop","description":"Heart of Darkness Stupid Scoundrel Cold IPA. Hoa bia New World th\u01a1m n\u1ed3ng c\u00f9ng v\u1ecb qu\u1ea3 h\u1ea1ch, xo\u00e0i, v\u1ea3i, chanh d\u00e2y l\u1ea7n l\u01b0\u1ee3t b\u1eebng l\u00ean trong t\u1eebng ng\u1ee5m bia.","robots":{"index":"index","follow":"follow","max-snippet":"max-snippet:-1","max-image-preview":"max-image-preview:large","max-video-preview":"max-video-preview:-1"},"canonical":"http:\/\/52.77.24.187\/vi\/san-pham\/heart-of-darkness-stupid-scoundrel-cold-ipa\/","og_locale":"vi_VN","og_type":"article","og_title":"Heart of Darkness Stupid Scoundrel Cold IPA - The Bottle Shop","og_description":"Heart of Darkness Stupid Scoundrel Cold IPA. Hoa bia New World th\u01a1m n\u1ed3ng c\u00f9ng v\u1ecb qu\u1ea3 h\u1ea1ch, xo\u00e0i, v\u1ea3i, chanh d\u00e2y l\u1ea7n l\u01b0\u1ee3t b\u1eebng l\u00ean trong t\u1eebng ng\u1ee5m bia.","og_url":"http:\/\/52.77.24.187\/vi\/san-pham\/heart-of-darkness-stupid-scoundrel-cold-ipa\/","og_site_name":"The Bottle Shop","article_publisher":"https:\/\/www.facebook.com\/thebottleshopvietnam","og_image":[{"width":1080,"height":1080,"url":"https:\/\/mlsrfcxkkbzg.i.optimole.com\/cb:JbP2.215d7\/w:auto\/h:auto\/q:mauto\/ig:avif\/http:\/\/52.77.24.187\/wp-content\/uploads\/2024\/07\/Heart-of-Darkness-Stupid-Scoundrel-Cold-IPA.png","type":"image\/png"}],"twitter_card":"summary_large_image","twitter_misc":{"Est. reading time":"1 minute"},"schema":{"@context":"https:\/\/schema.org","@graph":[{"@type":"WebPage","@id":"http:\/\/52.77.24.187\/vi\/san-pham\/heart-of-darkness-stupid-scoundrel-cold-ipa\/","url":"http:\/\/52.77.24.187\/vi\/san-pham\/heart-of-darkness-stupid-scoundrel-cold-ipa\/","name":"Heart of Darkness Stupid Scoundrel Cold IPA - The Bottle Shop","isPartOf":{"@id":"http:\/\/52.77.24.187\/#website"},"primaryImageOfPage":{"@id":"http:\/\/52.77.24.187\/vi\/san-pham\/heart-of-darkness-stupid-scoundrel-cold-ipa\/#primaryimage"},"image":{"@id":"http:\/\/52.77.24.187\/vi\/san-pham\/heart-of-darkness-stupid-scoundrel-cold-ipa\/#primaryimage"},"thumbnailUrl":"https:\/\/mlsrfcxkkbzg.i.optimole.com\/cb:JbP2.215d7\/w:auto\/h:auto\/q:mauto\/ig:avif\/https:\/\/thebottleshop.vn\/wp-content\/uploads\/2024\/07\/Heart-of-Darkness-Stupid-Scoundrel-Cold-IPA.png","datePublished":"2024-07-26T04:21:48+00:00","description":"Heart of Darkness Stupid Scoundrel Cold IPA. Hoa bia New World th\u01a1m n\u1ed3ng c\u00f9ng v\u1ecb qu\u1ea3 h\u1ea1ch, xo\u00e0i, v\u1ea3i, chanh d\u00e2y l\u1ea7n l\u01b0\u1ee3t b\u1eebng l\u00ean trong t\u1eebng ng\u1ee5m bia.","breadcrumb":{"@id":"http:\/\/52.77.24.187\/vi\/san-pham\/heart-of-darkness-stupid-scoundrel-cold-ipa\/#breadcrumb"},"inLanguage":"vi-VN","potentialAction":[{"@type":"ReadAction","target":["http:\/\/52.77.24.187\/vi\/san-pham\/heart-of-darkness-stupid-scoundrel-cold-ipa\/"]}]},{"@type":"ImageObject","inLanguage":"vi-VN","@id":"http:\/\/52.77.24.187\/vi\/san-pham\/heart-of-darkness-stupid-scoundrel-cold-ipa\/#primaryimage","url":"https:\/\/mlsrfcxkkbzg.i.optimole.com\/cb:JbP2.215d7\/w:auto\/h:auto\/q:mauto\/ig:avif\/https:\/\/thebottleshop.vn\/wp-content\/uploads\/2024\/07\/Heart-of-Darkness-Stupid-Scoundrel-Cold-IPA.png","contentUrl":"https:\/\/mlsrfcxkkbzg.i.optimole.com\/cb:JbP2.215d7\/w:auto\/h:auto\/q:mauto\/ig:avif\/https:\/\/thebottleshop.vn\/wp-content\/uploads\/2024\/07\/Heart-of-Darkness-Stupid-Scoundrel-Cold-IPA.png","width":1080,"height":1080,"caption":"Heart of Darkness Stupid Scoundrel Cold IPA"},{"@type":"BreadcrumbList","@id":"http:\/\/52.77.24.187\/vi\/san-pham\/heart-of-darkness-stupid-scoundrel-cold-ipa\/#breadcrumb","itemListElement":[{"@type":"ListItem","position":1,"name":"Home","item":"http:\/\/52.77.24.187\/vi\/test-popup-vi\/"},{"@type":"ListItem","position":2,"name":"C\u1eeda h\u00e0ng","item":"http:\/\/52.77.24.187\/vi\/cua-hang\/"},{"@type":"ListItem","position":3,"name":"Heart of Darkness Stupid Scoundrel Cold IPA"}]},{"@type":"WebSite","@id":"http:\/\/52.77.24.187\/#website","url":"http:\/\/52.77.24.187\/","name":"The Bottle Shop","description":"All beers are not created equal","publisher":{"@id":"http:\/\/52.77.24.187\/#organization"},"potentialAction":[{"@type":"SearchAction","target":{"@type":"EntryPoint","urlTemplate":"http:\/\/52.77.24.187\/?s={search_term_string}"},"query-input":{"@type":"PropertyValueSpecification","valueRequired":true,"valueName":"search_term_string"}}],"inLanguage":"vi-VN"},{"@type":"Organization","@id":"http:\/\/52.77.24.187\/#organization","name":"The Bottle Shop","url":"http:\/\/52.77.24.187\/","logo":{"@type":"ImageObject","inLanguage":"vi-VN","@id":"http:\/\/52.77.24.187\/#\/schema\/logo\/image\/","url":"https:\/\/mlsrfcxkkbzg.i.optimole.com\/cb:JbP2.215d7\/w:auto\/h:auto\/q:mauto\/ig:avif\/https:\/\/thebottleshop.vn\/wp-content\/uploads\/2022\/10\/The-Bottle-Shop-Online-Logo.png","contentUrl":"https:\/\/mlsrfcxkkbzg.i.optimole.com\/cb:JbP2.215d7\/w:auto\/h:auto\/q:mauto\/ig:avif\/https:\/\/thebottleshop.vn\/wp-content\/uploads\/2022\/10\/The-Bottle-Shop-Online-Logo.png","width":145,"height":147,"caption":"The Bottle Shop"},"image":{"@id":"http:\/\/52.77.24.187\/#\/schema\/logo\/image\/"},"sameAs":["https:\/\/www.facebook.com\/thebottleshopvietnam","https:\/\/www.instagram.com\/thebottleshop_vietnam\/"]}]}},"_links":{"self":[{"href":"https:\/\/thebottleshop.vn\/vi\/wp-json\/wp\/v2\/product\/20321","targetHints":{"allow":["GET"]}}],"collection":[{"href":"https:\/\/thebottleshop.vn\/vi\/wp-json\/wp\/v2\/product"}],"about":[{"href":"https:\/\/thebottleshop.vn\/vi\/wp-json\/wp\/v2\/types\/product"}],"replies":[{"embeddable":true,"href":"https:\/\/thebottleshop.vn\/vi\/wp-json\/wp\/v2\/comments?post=20321"}],"wp:featuredmedia":[{"embeddable":true,"href":"https:\/\/thebottleshop.vn\/vi\/wp-json\/wp\/v2\/media\/20317"}],"wp:attachment":[{"href":"https:\/\/thebottleshop.vn\/vi\/wp-json\/wp\/v2\/media?parent=20321"}],"wp:term":[{"taxonomy":"product_brand","embeddable":true,"href":"https:\/\/thebottleshop.vn\/vi\/wp-json\/wp\/v2\/product_brand?post=20321"},{"taxonomy":"product_cat","embeddable":true,"href":"https:\/\/thebottleshop.vn\/vi\/wp-json\/wp\/v2\/product_cat?post=20321"},{"taxonomy":"product_tag","embeddable":true,"href":"https:\/\/thebottleshop.vn\/vi\/wp-json\/wp\/v2\/product_tag?post=20321"}],"curies":[{"name":"wp","href":"https:\/\/api.w.org\/{rel}","templated":true}]}}