{"id":20327,"date":"2024-07-26T12:29:58","date_gmt":"2024-07-26T05:29:58","guid":{"rendered":"https:\/\/thebottleshop.vn\/product\/rhum-belami-roc-16-delta\/"},"modified":"2025-10-07T15:40:36","modified_gmt":"2025-10-07T08:40:36","slug":"rhum-belami-roc-16-delta","status":"publish","type":"product","link":"https:\/\/thebottleshop.vn\/vi\/san-pham\/rhum-belami-roc-16-delta\/","title":{"rendered":"Rhum Belami ROC 16 Delta"},"content":{"rendered":"<p>Rhum Belami ROC 16 Delta \u0111\u01b0\u1ee3c ch\u1ebf t\u00e1c s\u1eed d\u1ee5ng gi\u1ed1ng m\u00eda ROC-16 t\u1eeb B\u1ebfn Tre, \u0111\u1ed3ng b\u1eb1ng s\u00f4ng C\u1eedu Long. N\u00f3 tr\u1ea3i qua qu\u00e1 tr\u00ecnh l\u00ean men k\u00e9o d\u00e0i 30 ng\u00e0y v\u1edbi Vesu Dander. <\/p>\n<p>ROC-16 Delta k\u1ebft h\u1ee3p c\u00e1c ph\u1ea7n \u0111\u1ea7u v\u00e0 \u0111u\u00f4i v\u00e0o c\u00e1c m\u1ebb l\u00ean men m\u1edbi \u0111\u1ec3 ti\u1ebfn h\u00e0nh ch\u01b0ng c\u1ea5t l\u1ea7n th\u1ee9 hai. Qu\u00e1 tr\u00ecnh ch\u01b0ng c\u1ea5t k\u00e9p n\u00e0y gi\u1eef l\u1ea1i nhi\u1ec1u h\u01b0\u01a1ng v\u1ecb v\u00e0 m\u00f9i th\u01a1m nguy\u00ean b\u1ea3n t\u1eeb nguy\u00ean li\u1ec7u th\u00f4 s\u1eed d\u1ee5ng trong s\u1ea3n xu\u1ea5t. Do \u0111\u00f3, ngay c\u1ea3 nh\u1eefng ph\u1ea7n ch\u01b0ng c\u1ea5t y\u1ebfu h\u01a1n c\u0169ng g\u00f3p ph\u1ea7n v\u00e0o h\u1ed3 s\u01a1 h\u01b0\u01a1ng t\u1ed5ng th\u1ec3.  <\/p>\n<p>Ph\u01b0\u01a1ng ph\u00e1p n\u00e0y \u0111\u00e3 thi\u1ebft l\u1eadp Rhum Belami nh\u01b0 m\u1ed9t \u0111\u1ea1i di\u1ec7n xu\u1ea5t s\u1eafc c\u1ee7a r\u01b0\u1ee3u rum agricole.<\/p>\n<p>\u2014\u2013<br \/>\nXem th\u01b0 vi\u1ec7n h\u00ecnh \u1ea3nh \u0111\u1ec3 bi\u1ebft th\u00eam th\u00f4ng tin chi ti\u1ebft v\u1ec1 ngu\u1ed3n g\u1ed1c, th\u00e0nh ph\u1ea7n v\u00e0 h\u01b0\u1edbng d\u1eabn s\u1eed d\u1ee5ng c\u1ee7a s\u1ea3n ph\u1ea9m.<\/p>\n","protected":false},"excerpt":{"rendered":"<p><strong>700ml\/200ml :: 52%<\/strong><\/p>\n","protected":false},"featured_media":20448,"comment_status":"open","ping_status":"closed","template":"","meta":{"_acf_changed":false},"product_brand":[],"product_cat":[340,338,700,373,388,376,489,345,339,424,341,352,364,371,496],"product_tag":[],"class_list":{"0":"post-20327","1":"product","2":"type-product","3":"status-publish","4":"has-post-thumbnail","6":"product_cat-vietnam-hcmc","7":"product_cat-ruou-va-ruou-vang","8":"product_cat-chai-200ml","9":"product_cat-200k-499k","10":"product_cat-25-vi","11":"product_cat-1m","12":"product_cat-rhum","13":"product_cat-abv-vi","14":"product_cat-xuat-xu","15":"product_cat-chai-700-ml","16":"product_cat-dong-goi","17":"product_cat-gia","18":"product_cat-dong-ruou","19":"product_cat-nha-san-xuat-ruou","20":"product_cat-rhum-belami","21":"pa_pack_type-200ml-vi","22":"pa_pack_type-700ml-vi","24":"first","25":"instock","26":"shipping-taxable","27":"purchasable","28":"product-type-variable","29":"add-to-wishlist-before_image"},"acf":[],"yoast_head":"<!-- This site is optimized with the Yoast SEO plugin v27.2 - https:\/\/yoast.com\/product\/yoast-seo-wordpress\/ -->\n<title>Rhum Belami ROC 16 Delta - The Bottle Shop<\/title>\n<meta name=\"description\" content=\"Rhum Belami ROC 16 Delta \u0111\u01b0\u1ee3c ch\u1ebf t\u00e1c s\u1eed d\u1ee5ng gi\u1ed1ng m\u00eda ROC-16 t\u1eeb B\u1ebfn Tre, \u0111\u1ed3ng b\u1eb1ng s\u00f4ng C\u1eedu Long. 700ml\/200ml. ABV 52%.\" \/>\n<meta name=\"robots\" content=\"index, follow, max-snippet:-1, max-image-preview:large, max-video-preview:-1\" \/>\n<link rel=\"canonical\" href=\"http:\/\/52.77.24.187\/vi\/san-pham\/rhum-belami-roc-16-delta\/\" \/>\n<meta property=\"og:locale\" content=\"vi_VN\" \/>\n<meta property=\"og:type\" content=\"article\" \/>\n<meta property=\"og:title\" content=\"Rhum Belami ROC 16 Delta - The Bottle Shop\" \/>\n<meta property=\"og:description\" content=\"Rhum Belami ROC 16 Delta \u0111\u01b0\u1ee3c ch\u1ebf t\u00e1c s\u1eed d\u1ee5ng gi\u1ed1ng m\u00eda ROC-16 t\u1eeb B\u1ebfn Tre, \u0111\u1ed3ng b\u1eb1ng s\u00f4ng C\u1eedu Long. 700ml\/200ml. ABV 52%.\" \/>\n<meta property=\"og:url\" content=\"http:\/\/52.77.24.187\/vi\/san-pham\/rhum-belami-roc-16-delta\/\" \/>\n<meta property=\"og:site_name\" content=\"The Bottle Shop\" \/>\n<meta property=\"article:publisher\" content=\"https:\/\/www.facebook.com\/thebottleshopvietnam\" \/>\n<meta property=\"article:modified_time\" content=\"2025-10-07T08:40:36+00:00\" \/>\n<meta property=\"og:image\" content=\"https:\/\/mlsrfcxkkbzg.i.optimole.com\/cb:JbP2.215d7\/w:auto\/h:auto\/q:mauto\/ig:avif\/http:\/\/52.77.24.187\/wp-content\/uploads\/2024\/08\/Rhum-Belami-ROC-16-Delta.png\" \/>\n\t<meta property=\"og:image:width\" content=\"1080\" \/>\n\t<meta property=\"og:image:height\" content=\"1080\" \/>\n\t<meta property=\"og:image:type\" content=\"image\/png\" \/>\n<meta name=\"twitter:card\" content=\"summary_large_image\" \/>\n<meta name=\"twitter:label1\" content=\"Est. reading time\" \/>\n\t<meta name=\"twitter:data1\" content=\"1 minute\" \/>\n<script type=\"application\/ld+json\" class=\"yoast-schema-graph\">{\"@context\":\"https:\/\/schema.org\",\"@graph\":[{\"@type\":\"WebPage\",\"@id\":\"http:\/\/52.77.24.187\/vi\/san-pham\/rhum-belami-roc-16-delta\/\",\"url\":\"http:\/\/52.77.24.187\/vi\/san-pham\/rhum-belami-roc-16-delta\/\",\"name\":\"Rhum Belami ROC 16 Delta - The Bottle Shop\",\"isPartOf\":{\"@id\":\"http:\/\/52.77.24.187\/#website\"},\"primaryImageOfPage\":{\"@id\":\"http:\/\/52.77.24.187\/vi\/san-pham\/rhum-belami-roc-16-delta\/#primaryimage\"},\"image\":{\"@id\":\"http:\/\/52.77.24.187\/vi\/san-pham\/rhum-belami-roc-16-delta\/#primaryimage\"},\"thumbnailUrl\":\"https:\/\/mlsrfcxkkbzg.i.optimole.com\/cb:JbP2.215d7\/w:auto\/h:auto\/q:mauto\/ig:avif\/https:\/\/thebottleshop.vn\/wp-content\/uploads\/2024\/08\/Rhum-Belami-ROC-16-Delta.png\",\"datePublished\":\"2024-07-26T05:29:58+00:00\",\"dateModified\":\"2025-10-07T08:40:36+00:00\",\"description\":\"Rhum Belami ROC 16 Delta \u0111\u01b0\u1ee3c ch\u1ebf t\u00e1c s\u1eed d\u1ee5ng gi\u1ed1ng m\u00eda ROC-16 t\u1eeb B\u1ebfn Tre, \u0111\u1ed3ng b\u1eb1ng s\u00f4ng C\u1eedu Long. 700ml\/200ml. ABV 52%.\",\"breadcrumb\":{\"@id\":\"http:\/\/52.77.24.187\/vi\/san-pham\/rhum-belami-roc-16-delta\/#breadcrumb\"},\"inLanguage\":\"vi-VN\",\"potentialAction\":[{\"@type\":\"ReadAction\",\"target\":[\"http:\/\/52.77.24.187\/vi\/san-pham\/rhum-belami-roc-16-delta\/\"]}]},{\"@type\":\"ImageObject\",\"inLanguage\":\"vi-VN\",\"@id\":\"http:\/\/52.77.24.187\/vi\/san-pham\/rhum-belami-roc-16-delta\/#primaryimage\",\"url\":\"https:\/\/mlsrfcxkkbzg.i.optimole.com\/cb:JbP2.215d7\/w:auto\/h:auto\/q:mauto\/ig:avif\/https:\/\/thebottleshop.vn\/wp-content\/uploads\/2024\/08\/Rhum-Belami-ROC-16-Delta.png\",\"contentUrl\":\"https:\/\/mlsrfcxkkbzg.i.optimole.com\/cb:JbP2.215d7\/w:auto\/h:auto\/q:mauto\/ig:avif\/https:\/\/thebottleshop.vn\/wp-content\/uploads\/2024\/08\/Rhum-Belami-ROC-16-Delta.png\",\"width\":1080,\"height\":1080,\"caption\":\"Rhum Belami ROC 16 Delta\"},{\"@type\":\"BreadcrumbList\",\"@id\":\"http:\/\/52.77.24.187\/vi\/san-pham\/rhum-belami-roc-16-delta\/#breadcrumb\",\"itemListElement\":[{\"@type\":\"ListItem\",\"position\":1,\"name\":\"Home\",\"item\":\"http:\/\/52.77.24.187\/vi\/test-popup-vi\/\"},{\"@type\":\"ListItem\",\"position\":2,\"name\":\"C\u1eeda h\u00e0ng\",\"item\":\"http:\/\/52.77.24.187\/vi\/cua-hang\/\"},{\"@type\":\"ListItem\",\"position\":3,\"name\":\"Rhum Belami ROC 16 Delta\"}]},{\"@type\":\"WebSite\",\"@id\":\"http:\/\/52.77.24.187\/#website\",\"url\":\"http:\/\/52.77.24.187\/\",\"name\":\"The Bottle Shop\",\"description\":\"All beers are not created equal\",\"publisher\":{\"@id\":\"http:\/\/52.77.24.187\/#organization\"},\"potentialAction\":[{\"@type\":\"SearchAction\",\"target\":{\"@type\":\"EntryPoint\",\"urlTemplate\":\"http:\/\/52.77.24.187\/?s={search_term_string}\"},\"query-input\":{\"@type\":\"PropertyValueSpecification\",\"valueRequired\":true,\"valueName\":\"search_term_string\"}}],\"inLanguage\":\"vi-VN\"},{\"@type\":\"Organization\",\"@id\":\"http:\/\/52.77.24.187\/#organization\",\"name\":\"The Bottle Shop\",\"url\":\"http:\/\/52.77.24.187\/\",\"logo\":{\"@type\":\"ImageObject\",\"inLanguage\":\"vi-VN\",\"@id\":\"http:\/\/52.77.24.187\/#\/schema\/logo\/image\/\",\"url\":\"https:\/\/mlsrfcxkkbzg.i.optimole.com\/cb:JbP2.215d7\/w:auto\/h:auto\/q:mauto\/ig:avif\/https:\/\/thebottleshop.vn\/wp-content\/uploads\/2022\/10\/The-Bottle-Shop-Online-Logo.png\",\"contentUrl\":\"https:\/\/mlsrfcxkkbzg.i.optimole.com\/cb:JbP2.215d7\/w:auto\/h:auto\/q:mauto\/ig:avif\/https:\/\/thebottleshop.vn\/wp-content\/uploads\/2022\/10\/The-Bottle-Shop-Online-Logo.png\",\"width\":145,\"height\":147,\"caption\":\"The Bottle Shop\"},\"image\":{\"@id\":\"http:\/\/52.77.24.187\/#\/schema\/logo\/image\/\"},\"sameAs\":[\"https:\/\/www.facebook.com\/thebottleshopvietnam\",\"https:\/\/www.instagram.com\/thebottleshop_vietnam\/\"]}]}<\/script>\n<!-- \/ Yoast SEO plugin. -->","yoast_head_json":{"title":"Rhum Belami ROC 16 Delta - The Bottle Shop","description":"Rhum Belami ROC 16 Delta \u0111\u01b0\u1ee3c ch\u1ebf t\u00e1c s\u1eed d\u1ee5ng gi\u1ed1ng m\u00eda ROC-16 t\u1eeb B\u1ebfn Tre, \u0111\u1ed3ng b\u1eb1ng s\u00f4ng C\u1eedu Long. 700ml\/200ml. ABV 52%.","robots":{"index":"index","follow":"follow","max-snippet":"max-snippet:-1","max-image-preview":"max-image-preview:large","max-video-preview":"max-video-preview:-1"},"canonical":"http:\/\/52.77.24.187\/vi\/san-pham\/rhum-belami-roc-16-delta\/","og_locale":"vi_VN","og_type":"article","og_title":"Rhum Belami ROC 16 Delta - The Bottle Shop","og_description":"Rhum Belami ROC 16 Delta \u0111\u01b0\u1ee3c ch\u1ebf t\u00e1c s\u1eed d\u1ee5ng gi\u1ed1ng m\u00eda ROC-16 t\u1eeb B\u1ebfn Tre, \u0111\u1ed3ng b\u1eb1ng s\u00f4ng C\u1eedu Long. 700ml\/200ml. ABV 52%.","og_url":"http:\/\/52.77.24.187\/vi\/san-pham\/rhum-belami-roc-16-delta\/","og_site_name":"The Bottle Shop","article_publisher":"https:\/\/www.facebook.com\/thebottleshopvietnam","article_modified_time":"2025-10-07T08:40:36+00:00","og_image":[{"width":1080,"height":1080,"url":"https:\/\/mlsrfcxkkbzg.i.optimole.com\/cb:JbP2.215d7\/w:auto\/h:auto\/q:mauto\/ig:avif\/http:\/\/52.77.24.187\/wp-content\/uploads\/2024\/08\/Rhum-Belami-ROC-16-Delta.png","type":"image\/png"}],"twitter_card":"summary_large_image","twitter_misc":{"Est. reading time":"1 minute"},"schema":{"@context":"https:\/\/schema.org","@graph":[{"@type":"WebPage","@id":"http:\/\/52.77.24.187\/vi\/san-pham\/rhum-belami-roc-16-delta\/","url":"http:\/\/52.77.24.187\/vi\/san-pham\/rhum-belami-roc-16-delta\/","name":"Rhum Belami ROC 16 Delta - The Bottle Shop","isPartOf":{"@id":"http:\/\/52.77.24.187\/#website"},"primaryImageOfPage":{"@id":"http:\/\/52.77.24.187\/vi\/san-pham\/rhum-belami-roc-16-delta\/#primaryimage"},"image":{"@id":"http:\/\/52.77.24.187\/vi\/san-pham\/rhum-belami-roc-16-delta\/#primaryimage"},"thumbnailUrl":"https:\/\/mlsrfcxkkbzg.i.optimole.com\/cb:JbP2.215d7\/w:auto\/h:auto\/q:mauto\/ig:avif\/https:\/\/thebottleshop.vn\/wp-content\/uploads\/2024\/08\/Rhum-Belami-ROC-16-Delta.png","datePublished":"2024-07-26T05:29:58+00:00","dateModified":"2025-10-07T08:40:36+00:00","description":"Rhum Belami ROC 16 Delta \u0111\u01b0\u1ee3c ch\u1ebf t\u00e1c s\u1eed d\u1ee5ng gi\u1ed1ng m\u00eda ROC-16 t\u1eeb B\u1ebfn Tre, \u0111\u1ed3ng b\u1eb1ng s\u00f4ng C\u1eedu Long. 700ml\/200ml. ABV 52%.","breadcrumb":{"@id":"http:\/\/52.77.24.187\/vi\/san-pham\/rhum-belami-roc-16-delta\/#breadcrumb"},"inLanguage":"vi-VN","potentialAction":[{"@type":"ReadAction","target":["http:\/\/52.77.24.187\/vi\/san-pham\/rhum-belami-roc-16-delta\/"]}]},{"@type":"ImageObject","inLanguage":"vi-VN","@id":"http:\/\/52.77.24.187\/vi\/san-pham\/rhum-belami-roc-16-delta\/#primaryimage","url":"https:\/\/mlsrfcxkkbzg.i.optimole.com\/cb:JbP2.215d7\/w:auto\/h:auto\/q:mauto\/ig:avif\/https:\/\/thebottleshop.vn\/wp-content\/uploads\/2024\/08\/Rhum-Belami-ROC-16-Delta.png","contentUrl":"https:\/\/mlsrfcxkkbzg.i.optimole.com\/cb:JbP2.215d7\/w:auto\/h:auto\/q:mauto\/ig:avif\/https:\/\/thebottleshop.vn\/wp-content\/uploads\/2024\/08\/Rhum-Belami-ROC-16-Delta.png","width":1080,"height":1080,"caption":"Rhum Belami ROC 16 Delta"},{"@type":"BreadcrumbList","@id":"http:\/\/52.77.24.187\/vi\/san-pham\/rhum-belami-roc-16-delta\/#breadcrumb","itemListElement":[{"@type":"ListItem","position":1,"name":"Home","item":"http:\/\/52.77.24.187\/vi\/test-popup-vi\/"},{"@type":"ListItem","position":2,"name":"C\u1eeda h\u00e0ng","item":"http:\/\/52.77.24.187\/vi\/cua-hang\/"},{"@type":"ListItem","position":3,"name":"Rhum Belami ROC 16 Delta"}]},{"@type":"WebSite","@id":"http:\/\/52.77.24.187\/#website","url":"http:\/\/52.77.24.187\/","name":"The Bottle Shop","description":"All beers are not created equal","publisher":{"@id":"http:\/\/52.77.24.187\/#organization"},"potentialAction":[{"@type":"SearchAction","target":{"@type":"EntryPoint","urlTemplate":"http:\/\/52.77.24.187\/?s={search_term_string}"},"query-input":{"@type":"PropertyValueSpecification","valueRequired":true,"valueName":"search_term_string"}}],"inLanguage":"vi-VN"},{"@type":"Organization","@id":"http:\/\/52.77.24.187\/#organization","name":"The Bottle Shop","url":"http:\/\/52.77.24.187\/","logo":{"@type":"ImageObject","inLanguage":"vi-VN","@id":"http:\/\/52.77.24.187\/#\/schema\/logo\/image\/","url":"https:\/\/mlsrfcxkkbzg.i.optimole.com\/cb:JbP2.215d7\/w:auto\/h:auto\/q:mauto\/ig:avif\/https:\/\/thebottleshop.vn\/wp-content\/uploads\/2022\/10\/The-Bottle-Shop-Online-Logo.png","contentUrl":"https:\/\/mlsrfcxkkbzg.i.optimole.com\/cb:JbP2.215d7\/w:auto\/h:auto\/q:mauto\/ig:avif\/https:\/\/thebottleshop.vn\/wp-content\/uploads\/2022\/10\/The-Bottle-Shop-Online-Logo.png","width":145,"height":147,"caption":"The Bottle Shop"},"image":{"@id":"http:\/\/52.77.24.187\/#\/schema\/logo\/image\/"},"sameAs":["https:\/\/www.facebook.com\/thebottleshopvietnam","https:\/\/www.instagram.com\/thebottleshop_vietnam\/"]}]}},"_links":{"self":[{"href":"https:\/\/thebottleshop.vn\/vi\/wp-json\/wp\/v2\/product\/20327","targetHints":{"allow":["GET"]}}],"collection":[{"href":"https:\/\/thebottleshop.vn\/vi\/wp-json\/wp\/v2\/product"}],"about":[{"href":"https:\/\/thebottleshop.vn\/vi\/wp-json\/wp\/v2\/types\/product"}],"replies":[{"embeddable":true,"href":"https:\/\/thebottleshop.vn\/vi\/wp-json\/wp\/v2\/comments?post=20327"}],"wp:featuredmedia":[{"embeddable":true,"href":"https:\/\/thebottleshop.vn\/vi\/wp-json\/wp\/v2\/media\/20448"}],"wp:attachment":[{"href":"https:\/\/thebottleshop.vn\/vi\/wp-json\/wp\/v2\/media?parent=20327"}],"wp:term":[{"taxonomy":"product_brand","embeddable":true,"href":"https:\/\/thebottleshop.vn\/vi\/wp-json\/wp\/v2\/product_brand?post=20327"},{"taxonomy":"product_cat","embeddable":true,"href":"https:\/\/thebottleshop.vn\/vi\/wp-json\/wp\/v2\/product_cat?post=20327"},{"taxonomy":"product_tag","embeddable":true,"href":"https:\/\/thebottleshop.vn\/vi\/wp-json\/wp\/v2\/product_tag?post=20327"}],"curies":[{"name":"wp","href":"https:\/\/api.w.org\/{rel}","templated":true}]}}