{"id":20329,"date":"2024-07-26T12:40:29","date_gmt":"2024-07-26T05:40:29","guid":{"rendered":"https:\/\/thebottleshop.vn\/product\/rhum-belami-euphoria-xo\/"},"modified":"2025-10-07T15:27:43","modified_gmt":"2025-10-07T08:27:43","slug":"rhum-belami-euphoria-xo","status":"publish","type":"product","link":"https:\/\/thebottleshop.vn\/vi\/san-pham\/rhum-belami-euphoria-xo\/","title":{"rendered":"Rhum Belami Euphoria XO"},"content":{"rendered":"<p>Rhum Belami Euphoria XO \u0111\u01b0\u1ee3c ch\u1ebf t\u00e1c s\u1eed d\u1ee5ng gi\u1ed1ng m\u00eda ROC 16, tr\u1ea3i qua qu\u00e1 tr\u00ecnh l\u00ean men k\u00e9o d\u00e0i 30 ng\u00e0y tr\u01b0\u1edbc khi ch\u01b0ng c\u1ea5t. Sau \u0111\u00f3, r\u01b0\u1ee3u \u0111\u01b0\u1ee3c \u1ee7 trong c\u00e1c th\u00f9ng g\u1ed7 s\u1ed3i ch\u00e1y m\u1ea1nh d\u01b0\u1edbi \u0111i\u1ec1u ki\u1ec7n kh\u00ed h\u1eadu nhi\u1ec7t \u0111\u1edbi. <\/p>\n<p>Phi\u00ean b\u1ea3n \u0111\u1eb7c bi\u1ec7t n\u00e0y k\u1ef7 ni\u1ec7m 6 n\u0103m th\u00e0nh l\u1eadp c\u1ee7a Belami, v\u1edbi h\u1ed3 s\u01a1 h\u01b0\u01a1ng v\u1ecb g\u1ee3i nh\u1edb \u0111\u1ebfn whisky, \u0111\u1eb7c tr\u01b0ng b\u1edfi h\u00e0m l\u01b0\u1ee3ng ester cao. Qu\u00e1 tr\u00ecnh \u1ee7 mang l\u1ea1i h\u01b0\u01a1ng v\u1ecb kh\u00f3i, h\u1ea1t d\u1ebb n\u01b0\u1edbc, v\u00e0 k\u1ebft th\u00fac v\u1edbi v\u1ecb ng\u1ecdt tinh t\u1ebf gi\u1ed1ng nh\u01b0 m\u00eda n\u01b0\u1edbng. <\/p>\n<p>\u2014\u2013<br \/>\nXem th\u01b0 vi\u1ec7n h\u00ecnh \u1ea3nh \u0111\u1ec3 bi\u1ebft th\u00eam th\u00f4ng tin chi ti\u1ebft v\u1ec1 ngu\u1ed3n g\u1ed1c, th\u00e0nh ph\u1ea7n v\u00e0 h\u01b0\u1edbng d\u1eabn s\u1eed d\u1ee5ng c\u1ee7a s\u1ea3n ph\u1ea9m.<\/p>\n","protected":false},"excerpt":{"rendered":"<p><strong>700ml\/200ml :: 55%<\/strong><\/p>\n","protected":false},"featured_media":20444,"comment_status":"open","ping_status":"closed","template":"","meta":{"_acf_changed":false},"product_brand":[],"product_cat":[340,338,700,388,374,489,376,345,339,424,341,352,364,496,371],"product_tag":[],"class_list":{"0":"post-20329","1":"product","2":"type-product","3":"status-publish","4":"has-post-thumbnail","6":"product_cat-vietnam-hcmc","7":"product_cat-ruou-va-ruou-vang","8":"product_cat-chai-200ml","9":"product_cat-25-vi","10":"product_cat-500k-749k","11":"product_cat-rhum","12":"product_cat-1m","13":"product_cat-abv-vi","14":"product_cat-xuat-xu","15":"product_cat-chai-700-ml","16":"product_cat-dong-goi","17":"product_cat-gia","18":"product_cat-dong-ruou","19":"product_cat-rhum-belami","20":"product_cat-nha-san-xuat-ruou","21":"pa_pack_type-200ml-vi","22":"pa_pack_type-700ml-vi","24":"first","25":"instock","26":"shipping-taxable","27":"purchasable","28":"product-type-variable","29":"has-default-attributes","30":"add-to-wishlist-before_image"},"acf":[],"yoast_head":"<!-- This site is optimized with the Yoast SEO plugin v27.2 - https:\/\/yoast.com\/product\/yoast-seo-wordpress\/ -->\n<title>Rhum Belami Euphoria XO - The Bottle Shop<\/title>\n<meta name=\"description\" content=\"Rhum Belami Euphoria XO \u0111\u01b0\u1ee3c ch\u1ebf t\u00e1c s\u1eed d\u1ee5ng gi\u1ed1ng m\u00eda ROC 16. 700ml\/200ml. ABV 55%.\" \/>\n<meta name=\"robots\" content=\"index, follow, max-snippet:-1, max-image-preview:large, max-video-preview:-1\" \/>\n<link rel=\"canonical\" href=\"http:\/\/52.77.24.187\/vi\/san-pham\/rhum-belami-euphoria-xo\/\" \/>\n<meta property=\"og:locale\" content=\"vi_VN\" \/>\n<meta property=\"og:type\" content=\"article\" \/>\n<meta property=\"og:title\" content=\"Rhum Belami Euphoria XO - The Bottle Shop\" \/>\n<meta property=\"og:description\" content=\"Rhum Belami Euphoria XO \u0111\u01b0\u1ee3c ch\u1ebf t\u00e1c s\u1eed d\u1ee5ng gi\u1ed1ng m\u00eda ROC 16. 700ml\/200ml. ABV 55%.\" \/>\n<meta property=\"og:url\" content=\"http:\/\/52.77.24.187\/vi\/san-pham\/rhum-belami-euphoria-xo\/\" \/>\n<meta property=\"og:site_name\" content=\"The Bottle Shop\" \/>\n<meta property=\"article:publisher\" content=\"https:\/\/www.facebook.com\/thebottleshopvietnam\" \/>\n<meta property=\"article:modified_time\" content=\"2025-10-07T08:27:43+00:00\" \/>\n<meta property=\"og:image\" content=\"https:\/\/mlsrfcxkkbzg.i.optimole.com\/cb:JbP2.215d7\/w:auto\/h:auto\/q:mauto\/ig:avif\/http:\/\/52.77.24.187\/wp-content\/uploads\/2024\/08\/Rhum-Belami-Euphoria-XO.png\" \/>\n\t<meta property=\"og:image:width\" content=\"1080\" \/>\n\t<meta property=\"og:image:height\" content=\"1080\" \/>\n\t<meta property=\"og:image:type\" content=\"image\/png\" \/>\n<meta name=\"twitter:card\" content=\"summary_large_image\" \/>\n<meta name=\"twitter:label1\" content=\"Est. reading time\" \/>\n\t<meta name=\"twitter:data1\" content=\"1 minute\" \/>\n<script type=\"application\/ld+json\" class=\"yoast-schema-graph\">{\"@context\":\"https:\/\/schema.org\",\"@graph\":[{\"@type\":\"WebPage\",\"@id\":\"http:\/\/52.77.24.187\/vi\/san-pham\/rhum-belami-euphoria-xo\/\",\"url\":\"http:\/\/52.77.24.187\/vi\/san-pham\/rhum-belami-euphoria-xo\/\",\"name\":\"Rhum Belami Euphoria XO - The Bottle Shop\",\"isPartOf\":{\"@id\":\"http:\/\/52.77.24.187\/#website\"},\"primaryImageOfPage\":{\"@id\":\"http:\/\/52.77.24.187\/vi\/san-pham\/rhum-belami-euphoria-xo\/#primaryimage\"},\"image\":{\"@id\":\"http:\/\/52.77.24.187\/vi\/san-pham\/rhum-belami-euphoria-xo\/#primaryimage\"},\"thumbnailUrl\":\"https:\/\/mlsrfcxkkbzg.i.optimole.com\/cb:JbP2.215d7\/w:auto\/h:auto\/q:mauto\/ig:avif\/https:\/\/thebottleshop.vn\/wp-content\/uploads\/2024\/08\/Rhum-Belami-Euphoria-XO.png\",\"datePublished\":\"2024-07-26T05:40:29+00:00\",\"dateModified\":\"2025-10-07T08:27:43+00:00\",\"description\":\"Rhum Belami Euphoria XO \u0111\u01b0\u1ee3c ch\u1ebf t\u00e1c s\u1eed d\u1ee5ng gi\u1ed1ng m\u00eda ROC 16. 700ml\/200ml. ABV 55%.\",\"breadcrumb\":{\"@id\":\"http:\/\/52.77.24.187\/vi\/san-pham\/rhum-belami-euphoria-xo\/#breadcrumb\"},\"inLanguage\":\"vi-VN\",\"potentialAction\":[{\"@type\":\"ReadAction\",\"target\":[\"http:\/\/52.77.24.187\/vi\/san-pham\/rhum-belami-euphoria-xo\/\"]}]},{\"@type\":\"ImageObject\",\"inLanguage\":\"vi-VN\",\"@id\":\"http:\/\/52.77.24.187\/vi\/san-pham\/rhum-belami-euphoria-xo\/#primaryimage\",\"url\":\"https:\/\/mlsrfcxkkbzg.i.optimole.com\/cb:JbP2.215d7\/w:auto\/h:auto\/q:mauto\/ig:avif\/https:\/\/thebottleshop.vn\/wp-content\/uploads\/2024\/08\/Rhum-Belami-Euphoria-XO.png\",\"contentUrl\":\"https:\/\/mlsrfcxkkbzg.i.optimole.com\/cb:JbP2.215d7\/w:auto\/h:auto\/q:mauto\/ig:avif\/https:\/\/thebottleshop.vn\/wp-content\/uploads\/2024\/08\/Rhum-Belami-Euphoria-XO.png\",\"width\":1080,\"height\":1080,\"caption\":\"Rhum Belami Euphoria XO\"},{\"@type\":\"BreadcrumbList\",\"@id\":\"http:\/\/52.77.24.187\/vi\/san-pham\/rhum-belami-euphoria-xo\/#breadcrumb\",\"itemListElement\":[{\"@type\":\"ListItem\",\"position\":1,\"name\":\"Home\",\"item\":\"http:\/\/52.77.24.187\/vi\/test-popup-vi\/\"},{\"@type\":\"ListItem\",\"position\":2,\"name\":\"C\u1eeda h\u00e0ng\",\"item\":\"http:\/\/52.77.24.187\/vi\/cua-hang\/\"},{\"@type\":\"ListItem\",\"position\":3,\"name\":\"Rhum Belami Euphoria XO\"}]},{\"@type\":\"WebSite\",\"@id\":\"http:\/\/52.77.24.187\/#website\",\"url\":\"http:\/\/52.77.24.187\/\",\"name\":\"The Bottle Shop\",\"description\":\"All beers are not created equal\",\"publisher\":{\"@id\":\"http:\/\/52.77.24.187\/#organization\"},\"potentialAction\":[{\"@type\":\"SearchAction\",\"target\":{\"@type\":\"EntryPoint\",\"urlTemplate\":\"http:\/\/52.77.24.187\/?s={search_term_string}\"},\"query-input\":{\"@type\":\"PropertyValueSpecification\",\"valueRequired\":true,\"valueName\":\"search_term_string\"}}],\"inLanguage\":\"vi-VN\"},{\"@type\":\"Organization\",\"@id\":\"http:\/\/52.77.24.187\/#organization\",\"name\":\"The Bottle Shop\",\"url\":\"http:\/\/52.77.24.187\/\",\"logo\":{\"@type\":\"ImageObject\",\"inLanguage\":\"vi-VN\",\"@id\":\"http:\/\/52.77.24.187\/#\/schema\/logo\/image\/\",\"url\":\"https:\/\/mlsrfcxkkbzg.i.optimole.com\/cb:JbP2.215d7\/w:auto\/h:auto\/q:mauto\/ig:avif\/https:\/\/thebottleshop.vn\/wp-content\/uploads\/2022\/10\/The-Bottle-Shop-Online-Logo.png\",\"contentUrl\":\"https:\/\/mlsrfcxkkbzg.i.optimole.com\/cb:JbP2.215d7\/w:auto\/h:auto\/q:mauto\/ig:avif\/https:\/\/thebottleshop.vn\/wp-content\/uploads\/2022\/10\/The-Bottle-Shop-Online-Logo.png\",\"width\":145,\"height\":147,\"caption\":\"The Bottle Shop\"},\"image\":{\"@id\":\"http:\/\/52.77.24.187\/#\/schema\/logo\/image\/\"},\"sameAs\":[\"https:\/\/www.facebook.com\/thebottleshopvietnam\",\"https:\/\/www.instagram.com\/thebottleshop_vietnam\/\"]}]}<\/script>\n<!-- \/ Yoast SEO plugin. -->","yoast_head_json":{"title":"Rhum Belami Euphoria XO - The Bottle Shop","description":"Rhum Belami Euphoria XO \u0111\u01b0\u1ee3c ch\u1ebf t\u00e1c s\u1eed d\u1ee5ng gi\u1ed1ng m\u00eda ROC 16. 700ml\/200ml. ABV 55%.","robots":{"index":"index","follow":"follow","max-snippet":"max-snippet:-1","max-image-preview":"max-image-preview:large","max-video-preview":"max-video-preview:-1"},"canonical":"http:\/\/52.77.24.187\/vi\/san-pham\/rhum-belami-euphoria-xo\/","og_locale":"vi_VN","og_type":"article","og_title":"Rhum Belami Euphoria XO - The Bottle Shop","og_description":"Rhum Belami Euphoria XO \u0111\u01b0\u1ee3c ch\u1ebf t\u00e1c s\u1eed d\u1ee5ng gi\u1ed1ng m\u00eda ROC 16. 700ml\/200ml. ABV 55%.","og_url":"http:\/\/52.77.24.187\/vi\/san-pham\/rhum-belami-euphoria-xo\/","og_site_name":"The Bottle Shop","article_publisher":"https:\/\/www.facebook.com\/thebottleshopvietnam","article_modified_time":"2025-10-07T08:27:43+00:00","og_image":[{"width":1080,"height":1080,"url":"https:\/\/mlsrfcxkkbzg.i.optimole.com\/cb:JbP2.215d7\/w:auto\/h:auto\/q:mauto\/ig:avif\/http:\/\/52.77.24.187\/wp-content\/uploads\/2024\/08\/Rhum-Belami-Euphoria-XO.png","type":"image\/png"}],"twitter_card":"summary_large_image","twitter_misc":{"Est. reading time":"1 minute"},"schema":{"@context":"https:\/\/schema.org","@graph":[{"@type":"WebPage","@id":"http:\/\/52.77.24.187\/vi\/san-pham\/rhum-belami-euphoria-xo\/","url":"http:\/\/52.77.24.187\/vi\/san-pham\/rhum-belami-euphoria-xo\/","name":"Rhum Belami Euphoria XO - The Bottle Shop","isPartOf":{"@id":"http:\/\/52.77.24.187\/#website"},"primaryImageOfPage":{"@id":"http:\/\/52.77.24.187\/vi\/san-pham\/rhum-belami-euphoria-xo\/#primaryimage"},"image":{"@id":"http:\/\/52.77.24.187\/vi\/san-pham\/rhum-belami-euphoria-xo\/#primaryimage"},"thumbnailUrl":"https:\/\/mlsrfcxkkbzg.i.optimole.com\/cb:JbP2.215d7\/w:auto\/h:auto\/q:mauto\/ig:avif\/https:\/\/thebottleshop.vn\/wp-content\/uploads\/2024\/08\/Rhum-Belami-Euphoria-XO.png","datePublished":"2024-07-26T05:40:29+00:00","dateModified":"2025-10-07T08:27:43+00:00","description":"Rhum Belami Euphoria XO \u0111\u01b0\u1ee3c ch\u1ebf t\u00e1c s\u1eed d\u1ee5ng gi\u1ed1ng m\u00eda ROC 16. 700ml\/200ml. ABV 55%.","breadcrumb":{"@id":"http:\/\/52.77.24.187\/vi\/san-pham\/rhum-belami-euphoria-xo\/#breadcrumb"},"inLanguage":"vi-VN","potentialAction":[{"@type":"ReadAction","target":["http:\/\/52.77.24.187\/vi\/san-pham\/rhum-belami-euphoria-xo\/"]}]},{"@type":"ImageObject","inLanguage":"vi-VN","@id":"http:\/\/52.77.24.187\/vi\/san-pham\/rhum-belami-euphoria-xo\/#primaryimage","url":"https:\/\/mlsrfcxkkbzg.i.optimole.com\/cb:JbP2.215d7\/w:auto\/h:auto\/q:mauto\/ig:avif\/https:\/\/thebottleshop.vn\/wp-content\/uploads\/2024\/08\/Rhum-Belami-Euphoria-XO.png","contentUrl":"https:\/\/mlsrfcxkkbzg.i.optimole.com\/cb:JbP2.215d7\/w:auto\/h:auto\/q:mauto\/ig:avif\/https:\/\/thebottleshop.vn\/wp-content\/uploads\/2024\/08\/Rhum-Belami-Euphoria-XO.png","width":1080,"height":1080,"caption":"Rhum Belami Euphoria XO"},{"@type":"BreadcrumbList","@id":"http:\/\/52.77.24.187\/vi\/san-pham\/rhum-belami-euphoria-xo\/#breadcrumb","itemListElement":[{"@type":"ListItem","position":1,"name":"Home","item":"http:\/\/52.77.24.187\/vi\/test-popup-vi\/"},{"@type":"ListItem","position":2,"name":"C\u1eeda h\u00e0ng","item":"http:\/\/52.77.24.187\/vi\/cua-hang\/"},{"@type":"ListItem","position":3,"name":"Rhum Belami Euphoria XO"}]},{"@type":"WebSite","@id":"http:\/\/52.77.24.187\/#website","url":"http:\/\/52.77.24.187\/","name":"The Bottle Shop","description":"All beers are not created equal","publisher":{"@id":"http:\/\/52.77.24.187\/#organization"},"potentialAction":[{"@type":"SearchAction","target":{"@type":"EntryPoint","urlTemplate":"http:\/\/52.77.24.187\/?s={search_term_string}"},"query-input":{"@type":"PropertyValueSpecification","valueRequired":true,"valueName":"search_term_string"}}],"inLanguage":"vi-VN"},{"@type":"Organization","@id":"http:\/\/52.77.24.187\/#organization","name":"The Bottle Shop","url":"http:\/\/52.77.24.187\/","logo":{"@type":"ImageObject","inLanguage":"vi-VN","@id":"http:\/\/52.77.24.187\/#\/schema\/logo\/image\/","url":"https:\/\/mlsrfcxkkbzg.i.optimole.com\/cb:JbP2.215d7\/w:auto\/h:auto\/q:mauto\/ig:avif\/https:\/\/thebottleshop.vn\/wp-content\/uploads\/2022\/10\/The-Bottle-Shop-Online-Logo.png","contentUrl":"https:\/\/mlsrfcxkkbzg.i.optimole.com\/cb:JbP2.215d7\/w:auto\/h:auto\/q:mauto\/ig:avif\/https:\/\/thebottleshop.vn\/wp-content\/uploads\/2022\/10\/The-Bottle-Shop-Online-Logo.png","width":145,"height":147,"caption":"The Bottle Shop"},"image":{"@id":"http:\/\/52.77.24.187\/#\/schema\/logo\/image\/"},"sameAs":["https:\/\/www.facebook.com\/thebottleshopvietnam","https:\/\/www.instagram.com\/thebottleshop_vietnam\/"]}]}},"_links":{"self":[{"href":"https:\/\/thebottleshop.vn\/vi\/wp-json\/wp\/v2\/product\/20329","targetHints":{"allow":["GET"]}}],"collection":[{"href":"https:\/\/thebottleshop.vn\/vi\/wp-json\/wp\/v2\/product"}],"about":[{"href":"https:\/\/thebottleshop.vn\/vi\/wp-json\/wp\/v2\/types\/product"}],"replies":[{"embeddable":true,"href":"https:\/\/thebottleshop.vn\/vi\/wp-json\/wp\/v2\/comments?post=20329"}],"wp:featuredmedia":[{"embeddable":true,"href":"https:\/\/thebottleshop.vn\/vi\/wp-json\/wp\/v2\/media\/20444"}],"wp:attachment":[{"href":"https:\/\/thebottleshop.vn\/vi\/wp-json\/wp\/v2\/media?parent=20329"}],"wp:term":[{"taxonomy":"product_brand","embeddable":true,"href":"https:\/\/thebottleshop.vn\/vi\/wp-json\/wp\/v2\/product_brand?post=20329"},{"taxonomy":"product_cat","embeddable":true,"href":"https:\/\/thebottleshop.vn\/vi\/wp-json\/wp\/v2\/product_cat?post=20329"},{"taxonomy":"product_tag","embeddable":true,"href":"https:\/\/thebottleshop.vn\/vi\/wp-json\/wp\/v2\/product_tag?post=20329"}],"curies":[{"name":"wp","href":"https:\/\/api.w.org\/{rel}","templated":true}]}}