{"id":20487,"date":"2024-08-29T15:12:56","date_gmt":"2024-08-29T08:15:59","guid":{"rendered":"https:\/\/thebottleshop.vn\/product\/ruou-mam-man-mau-hoang-su-phi\/"},"modified":"2025-06-05T10:25:15","modified_gmt":"2025-06-05T03:25:15","slug":"ruou-mam-man-mau-hoang-su-phi","status":"publish","type":"product","link":"https:\/\/thebottleshop.vn\/vi\/san-pham\/ruou-mam-man-mau-hoang-su-phi\/","title":{"rendered":"R\u01b0\u1ee3u M\u1ea7m M\u1eadn M\u00e1u Ho\u00e0ng Su Ph\u00ec"},"content":{"rendered":"<p>R\u01b0\u1ee3u M\u1ea7m M\u1eadn M\u00e1u Ho\u00e0ng Su Ph\u00ec.<br \/>\nM\u1ea7m Distillery Blood Plum Liqueur.<br \/>\n530ml\/100ml. ABV 19%. R\u01b0\u1ee3u hoa qu\u1ea3.<\/p>\n<p>\u2014\u2013<br \/>\nXem th\u01b0 vi\u1ec7n h\u00ecnh \u1ea3nh \u0111\u1ec3 bi\u1ebft th\u00eam th\u00f4ng tin chi ti\u1ebft v\u1ec1 ngu\u1ed3n g\u1ed1c, th\u00e0nh ph\u1ea7n v\u00e0 h\u01b0\u1edbng d\u1eabn s\u1eed d\u1ee5ng c\u1ee7a s\u1ea3n ph\u1ea9m.<\/p>\n","protected":false},"excerpt":{"rendered":"<p><strong>530ml :: 19%<\/strong><\/p>\n","protected":false},"featured_media":20468,"comment_status":"open","ping_status":"closed","template":"","meta":{"_acf_changed":false},"product_brand":[],"product_cat":[594,390,338,349,373,508,345,339,676,341,352,364,371,502],"product_tag":[],"class_list":{"0":"post-20487","1":"product","2":"type-product","3":"status-publish","4":"has-post-thumbnail","6":"product_cat-chai-100ml","7":"product_cat-vietnam-hanoi","8":"product_cat-ruou-va-ruou-vang","9":"product_cat-1-0-2-5","10":"product_cat-200k-499k","11":"product_cat-liqueuer","12":"product_cat-abv-vi","13":"product_cat-xuat-xu","14":"product_cat-chai-530ml","15":"product_cat-dong-goi","16":"product_cat-gia","17":"product_cat-dong-ruou","18":"product_cat-nha-san-xuat-ruou","19":"product_cat-ruou-mam","20":"pa_pack_type-100ml-vi","21":"pa_pack_type-530ml-vi","23":"first","24":"instock","25":"shipping-taxable","26":"purchasable","27":"product-type-variable","28":"has-default-attributes","29":"add-to-wishlist-before_image"},"acf":[],"yoast_head":"<!-- This site is optimized with the Yoast SEO plugin v27.2 - https:\/\/yoast.com\/product\/yoast-seo-wordpress\/ -->\n<title>R\u01b0\u1ee3u M\u1ea7m M\u1eadn M\u00e1u Ho\u00e0ng Su Ph\u00ec - The Bottle Shop<\/title>\n<meta name=\"description\" content=\"R\u01b0\u1ee3u M\u1ea7m M\u1eadn M\u00e1u Ho\u00e0ng Su Ph\u00ec. M\u1ea7m Distillery Blood Plum Liqueur. 530ml. ABV 19%. R\u01b0\u1ee3u hoa qu\u1ea3.\" \/>\n<meta name=\"robots\" content=\"index, follow, max-snippet:-1, max-image-preview:large, max-video-preview:-1\" \/>\n<link rel=\"canonical\" href=\"http:\/\/52.77.24.187\/vi\/san-pham\/ruou-mam-man-mau-hoang-su-phi\/\" \/>\n<meta property=\"og:locale\" content=\"vi_VN\" \/>\n<meta property=\"og:type\" content=\"article\" \/>\n<meta property=\"og:title\" content=\"R\u01b0\u1ee3u M\u1ea7m M\u1eadn M\u00e1u Ho\u00e0ng Su Ph\u00ec - The Bottle Shop\" \/>\n<meta property=\"og:description\" content=\"R\u01b0\u1ee3u M\u1ea7m M\u1eadn M\u00e1u Ho\u00e0ng Su Ph\u00ec. M\u1ea7m Distillery Blood Plum Liqueur. 530ml. ABV 19%. R\u01b0\u1ee3u hoa qu\u1ea3.\" \/>\n<meta property=\"og:url\" content=\"http:\/\/52.77.24.187\/vi\/san-pham\/ruou-mam-man-mau-hoang-su-phi\/\" \/>\n<meta property=\"og:site_name\" content=\"The Bottle Shop\" \/>\n<meta property=\"article:publisher\" content=\"https:\/\/www.facebook.com\/thebottleshopvietnam\" \/>\n<meta property=\"article:modified_time\" content=\"2025-06-05T03:25:15+00:00\" \/>\n<meta property=\"og:image\" content=\"https:\/\/mlsrfcxkkbzg.i.optimole.com\/cb:JbP2.215d7\/w:auto\/h:auto\/q:mauto\/ig:avif\/http:\/\/52.77.24.187\/wp-content\/uploads\/2024\/08\/Mam-Distillery-Man-Mau-Hoang-Su-Phi-Liqueur.png\" \/>\n\t<meta property=\"og:image:width\" content=\"1080\" \/>\n\t<meta property=\"og:image:height\" content=\"1080\" \/>\n\t<meta property=\"og:image:type\" content=\"image\/png\" \/>\n<meta name=\"twitter:card\" content=\"summary_large_image\" \/>\n<meta name=\"twitter:label1\" content=\"Est. reading time\" \/>\n\t<meta name=\"twitter:data1\" content=\"1 minute\" \/>\n<script type=\"application\/ld+json\" class=\"yoast-schema-graph\">{\"@context\":\"https:\/\/schema.org\",\"@graph\":[{\"@type\":\"WebPage\",\"@id\":\"http:\/\/52.77.24.187\/vi\/san-pham\/ruou-mam-man-mau-hoang-su-phi\/\",\"url\":\"http:\/\/52.77.24.187\/vi\/san-pham\/ruou-mam-man-mau-hoang-su-phi\/\",\"name\":\"R\u01b0\u1ee3u M\u1ea7m M\u1eadn M\u00e1u Ho\u00e0ng Su Ph\u00ec - The Bottle Shop\",\"isPartOf\":{\"@id\":\"http:\/\/52.77.24.187\/#website\"},\"primaryImageOfPage\":{\"@id\":\"http:\/\/52.77.24.187\/vi\/san-pham\/ruou-mam-man-mau-hoang-su-phi\/#primaryimage\"},\"image\":{\"@id\":\"http:\/\/52.77.24.187\/vi\/san-pham\/ruou-mam-man-mau-hoang-su-phi\/#primaryimage\"},\"thumbnailUrl\":\"https:\/\/mlsrfcxkkbzg.i.optimole.com\/cb:JbP2.215d7\/w:auto\/h:auto\/q:mauto\/ig:avif\/https:\/\/thebottleshop.vn\/wp-content\/uploads\/2024\/08\/Mam-Distillery-Man-Mau-Hoang-Su-Phi-Liqueur.png\",\"datePublished\":\"2024-08-29T08:15:59+00:00\",\"dateModified\":\"2025-06-05T03:25:15+00:00\",\"description\":\"R\u01b0\u1ee3u M\u1ea7m M\u1eadn M\u00e1u Ho\u00e0ng Su Ph\u00ec. M\u1ea7m Distillery Blood Plum Liqueur. 530ml. ABV 19%. R\u01b0\u1ee3u hoa qu\u1ea3.\",\"breadcrumb\":{\"@id\":\"http:\/\/52.77.24.187\/vi\/san-pham\/ruou-mam-man-mau-hoang-su-phi\/#breadcrumb\"},\"inLanguage\":\"vi-VN\",\"potentialAction\":[{\"@type\":\"ReadAction\",\"target\":[\"http:\/\/52.77.24.187\/vi\/san-pham\/ruou-mam-man-mau-hoang-su-phi\/\"]}]},{\"@type\":\"ImageObject\",\"inLanguage\":\"vi-VN\",\"@id\":\"http:\/\/52.77.24.187\/vi\/san-pham\/ruou-mam-man-mau-hoang-su-phi\/#primaryimage\",\"url\":\"https:\/\/mlsrfcxkkbzg.i.optimole.com\/cb:JbP2.215d7\/w:auto\/h:auto\/q:mauto\/ig:avif\/https:\/\/thebottleshop.vn\/wp-content\/uploads\/2024\/08\/Mam-Distillery-Man-Mau-Hoang-Su-Phi-Liqueur.png\",\"contentUrl\":\"https:\/\/mlsrfcxkkbzg.i.optimole.com\/cb:JbP2.215d7\/w:auto\/h:auto\/q:mauto\/ig:avif\/https:\/\/thebottleshop.vn\/wp-content\/uploads\/2024\/08\/Mam-Distillery-Man-Mau-Hoang-Su-Phi-Liqueur.png\",\"width\":1080,\"height\":1080,\"caption\":\"M\u1ea7m Distillery M\u1eadn M\u00e1u Ho\u00e0ng Su Ph\u00ec Liqueur\"},{\"@type\":\"BreadcrumbList\",\"@id\":\"http:\/\/52.77.24.187\/vi\/san-pham\/ruou-mam-man-mau-hoang-su-phi\/#breadcrumb\",\"itemListElement\":[{\"@type\":\"ListItem\",\"position\":1,\"name\":\"Home\",\"item\":\"http:\/\/52.77.24.187\/vi\/test-popup-vi\/\"},{\"@type\":\"ListItem\",\"position\":2,\"name\":\"C\u1eeda h\u00e0ng\",\"item\":\"http:\/\/52.77.24.187\/vi\/cua-hang\/\"},{\"@type\":\"ListItem\",\"position\":3,\"name\":\"R\u01b0\u1ee3u M\u1ea7m M\u1eadn M\u00e1u Ho\u00e0ng Su Ph\u00ec\"}]},{\"@type\":\"WebSite\",\"@id\":\"http:\/\/52.77.24.187\/#website\",\"url\":\"http:\/\/52.77.24.187\/\",\"name\":\"The Bottle Shop\",\"description\":\"All beers are not created equal\",\"publisher\":{\"@id\":\"http:\/\/52.77.24.187\/#organization\"},\"potentialAction\":[{\"@type\":\"SearchAction\",\"target\":{\"@type\":\"EntryPoint\",\"urlTemplate\":\"http:\/\/52.77.24.187\/?s={search_term_string}\"},\"query-input\":{\"@type\":\"PropertyValueSpecification\",\"valueRequired\":true,\"valueName\":\"search_term_string\"}}],\"inLanguage\":\"vi-VN\"},{\"@type\":\"Organization\",\"@id\":\"http:\/\/52.77.24.187\/#organization\",\"name\":\"The Bottle Shop\",\"url\":\"http:\/\/52.77.24.187\/\",\"logo\":{\"@type\":\"ImageObject\",\"inLanguage\":\"vi-VN\",\"@id\":\"http:\/\/52.77.24.187\/#\/schema\/logo\/image\/\",\"url\":\"https:\/\/mlsrfcxkkbzg.i.optimole.com\/cb:JbP2.215d7\/w:auto\/h:auto\/q:mauto\/ig:avif\/https:\/\/thebottleshop.vn\/wp-content\/uploads\/2022\/10\/The-Bottle-Shop-Online-Logo.png\",\"contentUrl\":\"https:\/\/mlsrfcxkkbzg.i.optimole.com\/cb:JbP2.215d7\/w:auto\/h:auto\/q:mauto\/ig:avif\/https:\/\/thebottleshop.vn\/wp-content\/uploads\/2022\/10\/The-Bottle-Shop-Online-Logo.png\",\"width\":145,\"height\":147,\"caption\":\"The Bottle Shop\"},\"image\":{\"@id\":\"http:\/\/52.77.24.187\/#\/schema\/logo\/image\/\"},\"sameAs\":[\"https:\/\/www.facebook.com\/thebottleshopvietnam\",\"https:\/\/www.instagram.com\/thebottleshop_vietnam\/\"]}]}<\/script>\n<!-- \/ Yoast SEO plugin. -->","yoast_head_json":{"title":"R\u01b0\u1ee3u M\u1ea7m M\u1eadn M\u00e1u Ho\u00e0ng Su Ph\u00ec - The Bottle Shop","description":"R\u01b0\u1ee3u M\u1ea7m M\u1eadn M\u00e1u Ho\u00e0ng Su Ph\u00ec. M\u1ea7m Distillery Blood Plum Liqueur. 530ml. ABV 19%. R\u01b0\u1ee3u hoa qu\u1ea3.","robots":{"index":"index","follow":"follow","max-snippet":"max-snippet:-1","max-image-preview":"max-image-preview:large","max-video-preview":"max-video-preview:-1"},"canonical":"http:\/\/52.77.24.187\/vi\/san-pham\/ruou-mam-man-mau-hoang-su-phi\/","og_locale":"vi_VN","og_type":"article","og_title":"R\u01b0\u1ee3u M\u1ea7m M\u1eadn M\u00e1u Ho\u00e0ng Su Ph\u00ec - The Bottle Shop","og_description":"R\u01b0\u1ee3u M\u1ea7m M\u1eadn M\u00e1u Ho\u00e0ng Su Ph\u00ec. M\u1ea7m Distillery Blood Plum Liqueur. 530ml. ABV 19%. R\u01b0\u1ee3u hoa qu\u1ea3.","og_url":"http:\/\/52.77.24.187\/vi\/san-pham\/ruou-mam-man-mau-hoang-su-phi\/","og_site_name":"The Bottle Shop","article_publisher":"https:\/\/www.facebook.com\/thebottleshopvietnam","article_modified_time":"2025-06-05T03:25:15+00:00","og_image":[{"width":1080,"height":1080,"url":"https:\/\/mlsrfcxkkbzg.i.optimole.com\/cb:JbP2.215d7\/w:auto\/h:auto\/q:mauto\/ig:avif\/http:\/\/52.77.24.187\/wp-content\/uploads\/2024\/08\/Mam-Distillery-Man-Mau-Hoang-Su-Phi-Liqueur.png","type":"image\/png"}],"twitter_card":"summary_large_image","twitter_misc":{"Est. reading time":"1 minute"},"schema":{"@context":"https:\/\/schema.org","@graph":[{"@type":"WebPage","@id":"http:\/\/52.77.24.187\/vi\/san-pham\/ruou-mam-man-mau-hoang-su-phi\/","url":"http:\/\/52.77.24.187\/vi\/san-pham\/ruou-mam-man-mau-hoang-su-phi\/","name":"R\u01b0\u1ee3u M\u1ea7m M\u1eadn M\u00e1u Ho\u00e0ng Su Ph\u00ec - The Bottle Shop","isPartOf":{"@id":"http:\/\/52.77.24.187\/#website"},"primaryImageOfPage":{"@id":"http:\/\/52.77.24.187\/vi\/san-pham\/ruou-mam-man-mau-hoang-su-phi\/#primaryimage"},"image":{"@id":"http:\/\/52.77.24.187\/vi\/san-pham\/ruou-mam-man-mau-hoang-su-phi\/#primaryimage"},"thumbnailUrl":"https:\/\/mlsrfcxkkbzg.i.optimole.com\/cb:JbP2.215d7\/w:auto\/h:auto\/q:mauto\/ig:avif\/https:\/\/thebottleshop.vn\/wp-content\/uploads\/2024\/08\/Mam-Distillery-Man-Mau-Hoang-Su-Phi-Liqueur.png","datePublished":"2024-08-29T08:15:59+00:00","dateModified":"2025-06-05T03:25:15+00:00","description":"R\u01b0\u1ee3u M\u1ea7m M\u1eadn M\u00e1u Ho\u00e0ng Su Ph\u00ec. M\u1ea7m Distillery Blood Plum Liqueur. 530ml. ABV 19%. R\u01b0\u1ee3u hoa qu\u1ea3.","breadcrumb":{"@id":"http:\/\/52.77.24.187\/vi\/san-pham\/ruou-mam-man-mau-hoang-su-phi\/#breadcrumb"},"inLanguage":"vi-VN","potentialAction":[{"@type":"ReadAction","target":["http:\/\/52.77.24.187\/vi\/san-pham\/ruou-mam-man-mau-hoang-su-phi\/"]}]},{"@type":"ImageObject","inLanguage":"vi-VN","@id":"http:\/\/52.77.24.187\/vi\/san-pham\/ruou-mam-man-mau-hoang-su-phi\/#primaryimage","url":"https:\/\/mlsrfcxkkbzg.i.optimole.com\/cb:JbP2.215d7\/w:auto\/h:auto\/q:mauto\/ig:avif\/https:\/\/thebottleshop.vn\/wp-content\/uploads\/2024\/08\/Mam-Distillery-Man-Mau-Hoang-Su-Phi-Liqueur.png","contentUrl":"https:\/\/mlsrfcxkkbzg.i.optimole.com\/cb:JbP2.215d7\/w:auto\/h:auto\/q:mauto\/ig:avif\/https:\/\/thebottleshop.vn\/wp-content\/uploads\/2024\/08\/Mam-Distillery-Man-Mau-Hoang-Su-Phi-Liqueur.png","width":1080,"height":1080,"caption":"M\u1ea7m Distillery M\u1eadn M\u00e1u Ho\u00e0ng Su Ph\u00ec Liqueur"},{"@type":"BreadcrumbList","@id":"http:\/\/52.77.24.187\/vi\/san-pham\/ruou-mam-man-mau-hoang-su-phi\/#breadcrumb","itemListElement":[{"@type":"ListItem","position":1,"name":"Home","item":"http:\/\/52.77.24.187\/vi\/test-popup-vi\/"},{"@type":"ListItem","position":2,"name":"C\u1eeda h\u00e0ng","item":"http:\/\/52.77.24.187\/vi\/cua-hang\/"},{"@type":"ListItem","position":3,"name":"R\u01b0\u1ee3u M\u1ea7m M\u1eadn M\u00e1u Ho\u00e0ng Su Ph\u00ec"}]},{"@type":"WebSite","@id":"http:\/\/52.77.24.187\/#website","url":"http:\/\/52.77.24.187\/","name":"The Bottle Shop","description":"All beers are not created equal","publisher":{"@id":"http:\/\/52.77.24.187\/#organization"},"potentialAction":[{"@type":"SearchAction","target":{"@type":"EntryPoint","urlTemplate":"http:\/\/52.77.24.187\/?s={search_term_string}"},"query-input":{"@type":"PropertyValueSpecification","valueRequired":true,"valueName":"search_term_string"}}],"inLanguage":"vi-VN"},{"@type":"Organization","@id":"http:\/\/52.77.24.187\/#organization","name":"The Bottle Shop","url":"http:\/\/52.77.24.187\/","logo":{"@type":"ImageObject","inLanguage":"vi-VN","@id":"http:\/\/52.77.24.187\/#\/schema\/logo\/image\/","url":"https:\/\/mlsrfcxkkbzg.i.optimole.com\/cb:JbP2.215d7\/w:auto\/h:auto\/q:mauto\/ig:avif\/https:\/\/thebottleshop.vn\/wp-content\/uploads\/2022\/10\/The-Bottle-Shop-Online-Logo.png","contentUrl":"https:\/\/mlsrfcxkkbzg.i.optimole.com\/cb:JbP2.215d7\/w:auto\/h:auto\/q:mauto\/ig:avif\/https:\/\/thebottleshop.vn\/wp-content\/uploads\/2022\/10\/The-Bottle-Shop-Online-Logo.png","width":145,"height":147,"caption":"The Bottle Shop"},"image":{"@id":"http:\/\/52.77.24.187\/#\/schema\/logo\/image\/"},"sameAs":["https:\/\/www.facebook.com\/thebottleshopvietnam","https:\/\/www.instagram.com\/thebottleshop_vietnam\/"]}]}},"_links":{"self":[{"href":"https:\/\/thebottleshop.vn\/vi\/wp-json\/wp\/v2\/product\/20487","targetHints":{"allow":["GET"]}}],"collection":[{"href":"https:\/\/thebottleshop.vn\/vi\/wp-json\/wp\/v2\/product"}],"about":[{"href":"https:\/\/thebottleshop.vn\/vi\/wp-json\/wp\/v2\/types\/product"}],"replies":[{"embeddable":true,"href":"https:\/\/thebottleshop.vn\/vi\/wp-json\/wp\/v2\/comments?post=20487"}],"wp:featuredmedia":[{"embeddable":true,"href":"https:\/\/thebottleshop.vn\/vi\/wp-json\/wp\/v2\/media\/20468"}],"wp:attachment":[{"href":"https:\/\/thebottleshop.vn\/vi\/wp-json\/wp\/v2\/media?parent=20487"}],"wp:term":[{"taxonomy":"product_brand","embeddable":true,"href":"https:\/\/thebottleshop.vn\/vi\/wp-json\/wp\/v2\/product_brand?post=20487"},{"taxonomy":"product_cat","embeddable":true,"href":"https:\/\/thebottleshop.vn\/vi\/wp-json\/wp\/v2\/product_cat?post=20487"},{"taxonomy":"product_tag","embeddable":true,"href":"https:\/\/thebottleshop.vn\/vi\/wp-json\/wp\/v2\/product_tag?post=20487"}],"curies":[{"name":"wp","href":"https:\/\/api.w.org\/{rel}","templated":true}]}}