{"id":20495,"date":"2024-09-03T20:12:27","date_gmt":"2024-09-03T13:15:57","guid":{"rendered":"https:\/\/thebottleshop.vn\/product\/heart-of-darkness-french-toast-pastry-stout\/"},"modified":"2024-09-03T20:40:14","modified_gmt":"2024-09-03T13:40:14","slug":"heart-of-darkness-french-toast-pastry-stout","status":"publish","type":"product","link":"https:\/\/thebottleshop.vn\/vi\/san-pham\/heart-of-darkness-french-toast-pastry-stout\/","title":{"rendered":"Heart of Darkness French Toast Pastry Stout"},"content":{"rendered":"<p>Heart of Darkness Angel or Fiend French Toast Pastry Stout. M\u1ed9t b\u1eefa s\u00e1ng Ch\u1ee7 Nh\u1eadt tinh t\u1ebf \u0111\u01b0\u1ee3c g\u00f3i tr\u1ecdn trong m\u1ed9t ly bia th\u1ee7 c\u00f4ng. H\u01b0\u01a1ng th\u01a1m c\u1ee7a qu\u1ea3 m\u00e2m x\u00f4i v\u00e0 vani m\u1ec1m m\u1ecbn ho\u00e0 quy\u1ec7n tuy\u1ec7t \u0111\u1eb9p v\u1edbi h\u01b0\u01a1ng v\u1ecb c\u1ee7a m\u1eadt ong v\u00e0 k\u1ebft th\u00fac b\u1eb1ng m\u1ed9t ch\u00fat v\u1ecb n\u1ed3ng nh\u1eb9.<\/p>\n<p>\u2014\u2013<br \/>\nXem h\u00ecnh \u1ea3nh \u0111\u1ec3 bi\u1ebft \u0111\u1ea7y \u0111\u1ee7 th\u00f4ng tin chi ti\u1ebft v\u1ec1 ngu\u1ed3n g\u1ed1c, th\u00e0nh ph\u1ea7n v\u00e0 y\u00eau c\u1ea7u b\u1ea3o qu\u1ea3n c\u1ee7a s\u1ea3n ph\u1ea9m n\u00e0y.<\/p>\n","protected":false},"excerpt":{"rendered":"<p><strong>H\u01b0\u01a1ng th\u01a1m, M\u00e2m x\u00f4i, Vani 6%<\/strong><\/p>\n","protected":false},"featured_media":20505,"comment_status":"open","ping_status":"closed","template":"","meta":{"_acf_changed":false},"product_brand":[],"product_cat":[378,337,340,348,423,351,366,345,377,339,341,352,360,344,369],"product_tag":[],"class_list":{"0":"post-20495","1":"product","2":"type-product","3":"status-publish","4":"has-post-thumbnail","6":"product_cat-00-19","7":"product_cat-bia-va-cider","8":"product_cat-vietnam-hcmc","9":"product_cat-6-7-9","10":"product_cat-100k-149k","11":"product_cat-dong-bia","12":"product_cat-nha-san-xuat","13":"product_cat-abv-vi","14":"product_cat-ibu","15":"product_cat-xuat-xu","16":"product_cat-dong-goi","17":"product_cat-gia","18":"product_cat-stout-porter","19":"product_cat-lon-330-ml","20":"product_cat-heart-of-darkness","22":"first","23":"outofstock","24":"shipping-taxable","25":"purchasable","26":"product-type-simple","27":"add-to-wishlist-before_image"},"acf":[],"yoast_head":"<!-- This site is optimized with the Yoast SEO plugin v27.2 - https:\/\/yoast.com\/product\/yoast-seo-wordpress\/ -->\n<title>Heart of Darkness French Toast Pastry Stout - The Bottle Shop<\/title>\n<meta name=\"description\" content=\"Heart of Darkness Angel or Fiend French Toast Pastry Stout. M\u1ed9t b\u1eefa s\u00e1ng Ch\u1ee7 Nh\u1eadt tinh t\u1ebf \u0111\u01b0\u1ee3c g\u00f3i tr\u1ecdn trong m\u1ed9t ly bia th\u1ee7 c\u00f4ng.\" \/>\n<meta name=\"robots\" content=\"index, follow, max-snippet:-1, max-image-preview:large, max-video-preview:-1\" \/>\n<link rel=\"canonical\" href=\"http:\/\/52.77.24.187\/vi\/san-pham\/heart-of-darkness-french-toast-pastry-stout\/\" \/>\n<meta property=\"og:locale\" content=\"vi_VN\" \/>\n<meta property=\"og:type\" content=\"article\" \/>\n<meta property=\"og:title\" content=\"Heart of Darkness French Toast Pastry Stout - The Bottle Shop\" \/>\n<meta property=\"og:description\" content=\"Heart of Darkness Angel or Fiend French Toast Pastry Stout. M\u1ed9t b\u1eefa s\u00e1ng Ch\u1ee7 Nh\u1eadt tinh t\u1ebf \u0111\u01b0\u1ee3c g\u00f3i tr\u1ecdn trong m\u1ed9t ly bia th\u1ee7 c\u00f4ng.\" \/>\n<meta property=\"og:url\" content=\"http:\/\/52.77.24.187\/vi\/san-pham\/heart-of-darkness-french-toast-pastry-stout\/\" \/>\n<meta property=\"og:site_name\" content=\"The Bottle Shop\" \/>\n<meta property=\"article:publisher\" content=\"https:\/\/www.facebook.com\/thebottleshopvietnam\" \/>\n<meta property=\"article:modified_time\" content=\"2024-09-03T13:40:14+00:00\" \/>\n<meta name=\"twitter:card\" content=\"summary_large_image\" \/>\n<meta name=\"twitter:label1\" content=\"Est. reading time\" \/>\n\t<meta name=\"twitter:data1\" content=\"1 minute\" \/>\n<script type=\"application\/ld+json\" class=\"yoast-schema-graph\">{\"@context\":\"https:\/\/schema.org\",\"@graph\":[{\"@type\":\"WebPage\",\"@id\":\"http:\/\/52.77.24.187\/vi\/san-pham\/heart-of-darkness-french-toast-pastry-stout\/\",\"url\":\"http:\/\/52.77.24.187\/vi\/san-pham\/heart-of-darkness-french-toast-pastry-stout\/\",\"name\":\"Heart of Darkness French Toast Pastry Stout - The Bottle Shop\",\"isPartOf\":{\"@id\":\"http:\/\/52.77.24.187\/#website\"},\"primaryImageOfPage\":{\"@id\":\"http:\/\/52.77.24.187\/vi\/san-pham\/heart-of-darkness-french-toast-pastry-stout\/#primaryimage\"},\"image\":{\"@id\":\"http:\/\/52.77.24.187\/vi\/san-pham\/heart-of-darkness-french-toast-pastry-stout\/#primaryimage\"},\"thumbnailUrl\":\"https:\/\/mlsrfcxkkbzg.i.optimole.com\/cb:JbP2.215d7\/w:auto\/h:auto\/q:mauto\/ig:avif\/https:\/\/thebottleshop.vn\/wp-content\/uploads\/2024\/09\/Heart-of-Darkness-French-Toast-Pastry-Stout.png\",\"datePublished\":\"2024-09-03T13:15:57+00:00\",\"dateModified\":\"2024-09-03T13:40:14+00:00\",\"description\":\"Heart of Darkness Angel or Fiend French Toast Pastry Stout. M\u1ed9t b\u1eefa s\u00e1ng Ch\u1ee7 Nh\u1eadt tinh t\u1ebf \u0111\u01b0\u1ee3c g\u00f3i tr\u1ecdn trong m\u1ed9t ly bia th\u1ee7 c\u00f4ng.\",\"breadcrumb\":{\"@id\":\"http:\/\/52.77.24.187\/vi\/san-pham\/heart-of-darkness-french-toast-pastry-stout\/#breadcrumb\"},\"inLanguage\":\"vi-VN\",\"potentialAction\":[{\"@type\":\"ReadAction\",\"target\":[\"http:\/\/52.77.24.187\/vi\/san-pham\/heart-of-darkness-french-toast-pastry-stout\/\"]}]},{\"@type\":\"ImageObject\",\"inLanguage\":\"vi-VN\",\"@id\":\"http:\/\/52.77.24.187\/vi\/san-pham\/heart-of-darkness-french-toast-pastry-stout\/#primaryimage\",\"url\":\"https:\/\/mlsrfcxkkbzg.i.optimole.com\/cb:JbP2.215d7\/w:auto\/h:auto\/q:mauto\/ig:avif\/https:\/\/thebottleshop.vn\/wp-content\/uploads\/2024\/09\/Heart-of-Darkness-French-Toast-Pastry-Stout.png\",\"contentUrl\":\"https:\/\/mlsrfcxkkbzg.i.optimole.com\/cb:JbP2.215d7\/w:auto\/h:auto\/q:mauto\/ig:avif\/https:\/\/thebottleshop.vn\/wp-content\/uploads\/2024\/09\/Heart-of-Darkness-French-Toast-Pastry-Stout.png\",\"width\":1080,\"height\":1080,\"caption\":\"Heart of Darkness French Toast Pastry Stout\"},{\"@type\":\"BreadcrumbList\",\"@id\":\"http:\/\/52.77.24.187\/vi\/san-pham\/heart-of-darkness-french-toast-pastry-stout\/#breadcrumb\",\"itemListElement\":[{\"@type\":\"ListItem\",\"position\":1,\"name\":\"Home\",\"item\":\"http:\/\/52.77.24.187\/vi\/test-popup-vi\/\"},{\"@type\":\"ListItem\",\"position\":2,\"name\":\"C\u1eeda h\u00e0ng\",\"item\":\"http:\/\/52.77.24.187\/vi\/cua-hang\/\"},{\"@type\":\"ListItem\",\"position\":3,\"name\":\"Heart of Darkness French Toast Pastry Stout\"}]},{\"@type\":\"WebSite\",\"@id\":\"http:\/\/52.77.24.187\/#website\",\"url\":\"http:\/\/52.77.24.187\/\",\"name\":\"The Bottle Shop\",\"description\":\"All beers are not created equal\",\"publisher\":{\"@id\":\"http:\/\/52.77.24.187\/#organization\"},\"potentialAction\":[{\"@type\":\"SearchAction\",\"target\":{\"@type\":\"EntryPoint\",\"urlTemplate\":\"http:\/\/52.77.24.187\/?s={search_term_string}\"},\"query-input\":{\"@type\":\"PropertyValueSpecification\",\"valueRequired\":true,\"valueName\":\"search_term_string\"}}],\"inLanguage\":\"vi-VN\"},{\"@type\":\"Organization\",\"@id\":\"http:\/\/52.77.24.187\/#organization\",\"name\":\"The Bottle Shop\",\"url\":\"http:\/\/52.77.24.187\/\",\"logo\":{\"@type\":\"ImageObject\",\"inLanguage\":\"vi-VN\",\"@id\":\"http:\/\/52.77.24.187\/#\/schema\/logo\/image\/\",\"url\":\"https:\/\/mlsrfcxkkbzg.i.optimole.com\/cb:JbP2.215d7\/w:auto\/h:auto\/q:mauto\/ig:avif\/https:\/\/thebottleshop.vn\/wp-content\/uploads\/2022\/10\/The-Bottle-Shop-Online-Logo.png\",\"contentUrl\":\"https:\/\/mlsrfcxkkbzg.i.optimole.com\/cb:JbP2.215d7\/w:auto\/h:auto\/q:mauto\/ig:avif\/https:\/\/thebottleshop.vn\/wp-content\/uploads\/2022\/10\/The-Bottle-Shop-Online-Logo.png\",\"width\":145,\"height\":147,\"caption\":\"The Bottle Shop\"},\"image\":{\"@id\":\"http:\/\/52.77.24.187\/#\/schema\/logo\/image\/\"},\"sameAs\":[\"https:\/\/www.facebook.com\/thebottleshopvietnam\",\"https:\/\/www.instagram.com\/thebottleshop_vietnam\/\"]}]}<\/script>\n<!-- \/ Yoast SEO plugin. -->","yoast_head_json":{"title":"Heart of Darkness French Toast Pastry Stout - The Bottle Shop","description":"Heart of Darkness Angel or Fiend French Toast Pastry Stout. M\u1ed9t b\u1eefa s\u00e1ng Ch\u1ee7 Nh\u1eadt tinh t\u1ebf \u0111\u01b0\u1ee3c g\u00f3i tr\u1ecdn trong m\u1ed9t ly bia th\u1ee7 c\u00f4ng.","robots":{"index":"index","follow":"follow","max-snippet":"max-snippet:-1","max-image-preview":"max-image-preview:large","max-video-preview":"max-video-preview:-1"},"canonical":"http:\/\/52.77.24.187\/vi\/san-pham\/heart-of-darkness-french-toast-pastry-stout\/","og_locale":"vi_VN","og_type":"article","og_title":"Heart of Darkness French Toast Pastry Stout - The Bottle Shop","og_description":"Heart of Darkness Angel or Fiend French Toast Pastry Stout. M\u1ed9t b\u1eefa s\u00e1ng Ch\u1ee7 Nh\u1eadt tinh t\u1ebf \u0111\u01b0\u1ee3c g\u00f3i tr\u1ecdn trong m\u1ed9t ly bia th\u1ee7 c\u00f4ng.","og_url":"http:\/\/52.77.24.187\/vi\/san-pham\/heart-of-darkness-french-toast-pastry-stout\/","og_site_name":"The Bottle Shop","article_publisher":"https:\/\/www.facebook.com\/thebottleshopvietnam","article_modified_time":"2024-09-03T13:40:14+00:00","twitter_card":"summary_large_image","twitter_misc":{"Est. reading time":"1 minute"},"schema":{"@context":"https:\/\/schema.org","@graph":[{"@type":"WebPage","@id":"http:\/\/52.77.24.187\/vi\/san-pham\/heart-of-darkness-french-toast-pastry-stout\/","url":"http:\/\/52.77.24.187\/vi\/san-pham\/heart-of-darkness-french-toast-pastry-stout\/","name":"Heart of Darkness French Toast Pastry Stout - The Bottle Shop","isPartOf":{"@id":"http:\/\/52.77.24.187\/#website"},"primaryImageOfPage":{"@id":"http:\/\/52.77.24.187\/vi\/san-pham\/heart-of-darkness-french-toast-pastry-stout\/#primaryimage"},"image":{"@id":"http:\/\/52.77.24.187\/vi\/san-pham\/heart-of-darkness-french-toast-pastry-stout\/#primaryimage"},"thumbnailUrl":"https:\/\/mlsrfcxkkbzg.i.optimole.com\/cb:JbP2.215d7\/w:auto\/h:auto\/q:mauto\/ig:avif\/https:\/\/thebottleshop.vn\/wp-content\/uploads\/2024\/09\/Heart-of-Darkness-French-Toast-Pastry-Stout.png","datePublished":"2024-09-03T13:15:57+00:00","dateModified":"2024-09-03T13:40:14+00:00","description":"Heart of Darkness Angel or Fiend French Toast Pastry Stout. M\u1ed9t b\u1eefa s\u00e1ng Ch\u1ee7 Nh\u1eadt tinh t\u1ebf \u0111\u01b0\u1ee3c g\u00f3i tr\u1ecdn trong m\u1ed9t ly bia th\u1ee7 c\u00f4ng.","breadcrumb":{"@id":"http:\/\/52.77.24.187\/vi\/san-pham\/heart-of-darkness-french-toast-pastry-stout\/#breadcrumb"},"inLanguage":"vi-VN","potentialAction":[{"@type":"ReadAction","target":["http:\/\/52.77.24.187\/vi\/san-pham\/heart-of-darkness-french-toast-pastry-stout\/"]}]},{"@type":"ImageObject","inLanguage":"vi-VN","@id":"http:\/\/52.77.24.187\/vi\/san-pham\/heart-of-darkness-french-toast-pastry-stout\/#primaryimage","url":"https:\/\/mlsrfcxkkbzg.i.optimole.com\/cb:JbP2.215d7\/w:auto\/h:auto\/q:mauto\/ig:avif\/https:\/\/thebottleshop.vn\/wp-content\/uploads\/2024\/09\/Heart-of-Darkness-French-Toast-Pastry-Stout.png","contentUrl":"https:\/\/mlsrfcxkkbzg.i.optimole.com\/cb:JbP2.215d7\/w:auto\/h:auto\/q:mauto\/ig:avif\/https:\/\/thebottleshop.vn\/wp-content\/uploads\/2024\/09\/Heart-of-Darkness-French-Toast-Pastry-Stout.png","width":1080,"height":1080,"caption":"Heart of Darkness French Toast Pastry Stout"},{"@type":"BreadcrumbList","@id":"http:\/\/52.77.24.187\/vi\/san-pham\/heart-of-darkness-french-toast-pastry-stout\/#breadcrumb","itemListElement":[{"@type":"ListItem","position":1,"name":"Home","item":"http:\/\/52.77.24.187\/vi\/test-popup-vi\/"},{"@type":"ListItem","position":2,"name":"C\u1eeda h\u00e0ng","item":"http:\/\/52.77.24.187\/vi\/cua-hang\/"},{"@type":"ListItem","position":3,"name":"Heart of Darkness French Toast Pastry Stout"}]},{"@type":"WebSite","@id":"http:\/\/52.77.24.187\/#website","url":"http:\/\/52.77.24.187\/","name":"The Bottle Shop","description":"All beers are not created equal","publisher":{"@id":"http:\/\/52.77.24.187\/#organization"},"potentialAction":[{"@type":"SearchAction","target":{"@type":"EntryPoint","urlTemplate":"http:\/\/52.77.24.187\/?s={search_term_string}"},"query-input":{"@type":"PropertyValueSpecification","valueRequired":true,"valueName":"search_term_string"}}],"inLanguage":"vi-VN"},{"@type":"Organization","@id":"http:\/\/52.77.24.187\/#organization","name":"The Bottle Shop","url":"http:\/\/52.77.24.187\/","logo":{"@type":"ImageObject","inLanguage":"vi-VN","@id":"http:\/\/52.77.24.187\/#\/schema\/logo\/image\/","url":"https:\/\/mlsrfcxkkbzg.i.optimole.com\/cb:JbP2.215d7\/w:auto\/h:auto\/q:mauto\/ig:avif\/https:\/\/thebottleshop.vn\/wp-content\/uploads\/2022\/10\/The-Bottle-Shop-Online-Logo.png","contentUrl":"https:\/\/mlsrfcxkkbzg.i.optimole.com\/cb:JbP2.215d7\/w:auto\/h:auto\/q:mauto\/ig:avif\/https:\/\/thebottleshop.vn\/wp-content\/uploads\/2022\/10\/The-Bottle-Shop-Online-Logo.png","width":145,"height":147,"caption":"The Bottle Shop"},"image":{"@id":"http:\/\/52.77.24.187\/#\/schema\/logo\/image\/"},"sameAs":["https:\/\/www.facebook.com\/thebottleshopvietnam","https:\/\/www.instagram.com\/thebottleshop_vietnam\/"]}]}},"_links":{"self":[{"href":"https:\/\/thebottleshop.vn\/vi\/wp-json\/wp\/v2\/product\/20495","targetHints":{"allow":["GET"]}}],"collection":[{"href":"https:\/\/thebottleshop.vn\/vi\/wp-json\/wp\/v2\/product"}],"about":[{"href":"https:\/\/thebottleshop.vn\/vi\/wp-json\/wp\/v2\/types\/product"}],"replies":[{"embeddable":true,"href":"https:\/\/thebottleshop.vn\/vi\/wp-json\/wp\/v2\/comments?post=20495"}],"wp:featuredmedia":[{"embeddable":true,"href":"https:\/\/thebottleshop.vn\/vi\/wp-json\/wp\/v2\/media\/20505"}],"wp:attachment":[{"href":"https:\/\/thebottleshop.vn\/vi\/wp-json\/wp\/v2\/media?parent=20495"}],"wp:term":[{"taxonomy":"product_brand","embeddable":true,"href":"https:\/\/thebottleshop.vn\/vi\/wp-json\/wp\/v2\/product_brand?post=20495"},{"taxonomy":"product_cat","embeddable":true,"href":"https:\/\/thebottleshop.vn\/vi\/wp-json\/wp\/v2\/product_cat?post=20495"},{"taxonomy":"product_tag","embeddable":true,"href":"https:\/\/thebottleshop.vn\/vi\/wp-json\/wp\/v2\/product_tag?post=20495"}],"curies":[{"name":"wp","href":"https:\/\/api.w.org\/{rel}","templated":true}]}}