{"id":20535,"date":"2024-09-05T15:35:01","date_gmt":"2024-09-05T08:35:01","guid":{"rendered":"https:\/\/thebottleshop.vn\/product\/korai-pacifik-pale-ale\/"},"modified":"2024-09-05T16:30:04","modified_gmt":"2024-09-05T09:30:04","slug":"korai-pacifik-pale-ale","status":"publish","type":"product","link":"https:\/\/thebottleshop.vn\/vi\/san-pham\/korai-pacifik-pale-ale\/","title":{"rendered":"Korai Pacifik Pale Ale"},"content":{"rendered":"<p>Korai Pacifik Pale Ale. American Pale Ale n\u00e0y mang \u0111\u1ea7y c\u00e1 t\u00ednh v\u00e0 h\u01b0\u01a1ng v\u1ecb, \u0111em \u0111\u1ebfn h\u01b0\u01a1ng th\u01a1m c\u1ee7a IPA m\u00e0 kh\u00f4ng c\u00f3 v\u1ecb \u0111\u1eafng n\u1eb7ng. V\u1edbi nh\u1eefng n\u1ed1t h\u01b0\u01a1ng tr\u00e1i c\u00e2y gi\u00fap gi\u1eef cho n\u00f3 nh\u1eb9 nh\u00e0ng v\u00e0 tho\u00e1ng m\u00e1t\u2014ngay c\u1ea3 \u1edf m\u1ee9c 6.7% ABV\u2014lo\u1ea1i bia n\u00e0y c\u00f3 m\u1ecdi th\u1ee9 b\u1ea1n c\u1ea7n cho m\u1ed9t ng\u1ee5m th\u01b0 gi\u00e3n, s\u1ea3ng kho\u00e1i.<\/p>\n<p>\u2014\u2013<br \/>\nXem h\u00ecnh \u1ea3nh \u0111\u1ec3 bi\u1ebft \u0111\u1ea7y \u0111\u1ee7 th\u00f4ng tin chi ti\u1ebft v\u1ec1 ngu\u1ed3n g\u1ed1c, th\u00e0nh ph\u1ea7n v\u00e0 y\u00eau c\u1ea7u b\u1ea3o qu\u1ea3n c\u1ee7a s\u1ea3n ph\u1ea9m n\u00e0y.<\/p>\n","protected":false},"excerpt":{"rendered":"<p><strong>Tr\u00e1i c\u00e2y, Nh\u1eb9 nh\u00e0ng, Hoppy 6.7%<\/strong><\/p>\n","protected":false},"featured_media":20559,"comment_status":"open","ping_status":"closed","template":"","meta":{"_acf_changed":false},"product_brand":[],"product_cat":[337,379,340,348,423,342,351,366,345,377,339,341,352,358,682],"product_tag":[],"class_list":{"0":"post-20535","1":"product","2":"type-product","3":"status-publish","4":"has-post-thumbnail","6":"product_cat-bia-va-cider","7":"product_cat-20-39","8":"product_cat-vietnam-hcmc","9":"product_cat-6-7-9","10":"product_cat-100k-149k","11":"product_cat-chai-330-ml","12":"product_cat-dong-bia","13":"product_cat-nha-san-xuat","14":"product_cat-abv-vi","15":"product_cat-ibu","16":"product_cat-xuat-xu","17":"product_cat-dong-goi","18":"product_cat-gia","19":"product_cat-pale-ale","20":"product_cat-korai-craft-beer-vi","22":"first","23":"instock","24":"shipping-taxable","25":"purchasable","26":"product-type-simple","27":"add-to-wishlist-before_image"},"acf":[],"yoast_head":"<!-- This site is optimized with the Yoast SEO plugin v27.2 - https:\/\/yoast.com\/product\/yoast-seo-wordpress\/ -->\n<title>Korai Pacifik Pale Ale - The Bottle Shop<\/title>\n<meta name=\"description\" content=\"Korai Pacifik Pale Ale. American Pale Ale n\u00e0y mang \u0111\u1ea7y c\u00e1 t\u00ednh v\u00e0 h\u01b0\u01a1ng v\u1ecb, \u0111em \u0111\u1ebfn h\u01b0\u01a1ng th\u01a1m c\u1ee7a IPA m\u00e0 kh\u00f4ng c\u00f3 v\u1ecb \u0111\u1eafng n\u1eb7ng.\" \/>\n<meta name=\"robots\" content=\"index, follow, max-snippet:-1, max-image-preview:large, max-video-preview:-1\" \/>\n<link rel=\"canonical\" href=\"http:\/\/52.77.24.187\/vi\/san-pham\/korai-pacifik-pale-ale\/\" \/>\n<meta property=\"og:locale\" content=\"vi_VN\" \/>\n<meta property=\"og:type\" content=\"article\" \/>\n<meta property=\"og:title\" content=\"Korai Pacifik Pale Ale - The Bottle Shop\" \/>\n<meta property=\"og:description\" content=\"Korai Pacifik Pale Ale. American Pale Ale n\u00e0y mang \u0111\u1ea7y c\u00e1 t\u00ednh v\u00e0 h\u01b0\u01a1ng v\u1ecb, \u0111em \u0111\u1ebfn h\u01b0\u01a1ng th\u01a1m c\u1ee7a IPA m\u00e0 kh\u00f4ng c\u00f3 v\u1ecb \u0111\u1eafng n\u1eb7ng.\" \/>\n<meta property=\"og:url\" content=\"http:\/\/52.77.24.187\/vi\/san-pham\/korai-pacifik-pale-ale\/\" \/>\n<meta property=\"og:site_name\" content=\"The Bottle Shop\" \/>\n<meta property=\"article:publisher\" content=\"https:\/\/www.facebook.com\/thebottleshopvietnam\" \/>\n<meta property=\"article:modified_time\" content=\"2024-09-05T09:30:04+00:00\" \/>\n<meta property=\"og:image\" content=\"https:\/\/mlsrfcxkkbzg.i.optimole.com\/cb:JbP2.215d7\/w:auto\/h:auto\/q:mauto\/ig:avif\/http:\/\/52.77.24.187\/wp-content\/uploads\/2024\/09\/Korai-Pacifik-American-Pale-Ale.png\" \/>\n\t<meta property=\"og:image:width\" content=\"1080\" \/>\n\t<meta property=\"og:image:height\" content=\"1080\" \/>\n\t<meta property=\"og:image:type\" content=\"image\/png\" \/>\n<meta name=\"twitter:card\" content=\"summary_large_image\" \/>\n<meta name=\"twitter:label1\" content=\"Est. reading time\" \/>\n\t<meta name=\"twitter:data1\" content=\"1 minute\" \/>\n<script type=\"application\/ld+json\" class=\"yoast-schema-graph\">{\"@context\":\"https:\/\/schema.org\",\"@graph\":[{\"@type\":\"WebPage\",\"@id\":\"http:\/\/52.77.24.187\/vi\/san-pham\/korai-pacifik-pale-ale\/\",\"url\":\"http:\/\/52.77.24.187\/vi\/san-pham\/korai-pacifik-pale-ale\/\",\"name\":\"Korai Pacifik Pale Ale - The Bottle Shop\",\"isPartOf\":{\"@id\":\"http:\/\/52.77.24.187\/#website\"},\"primaryImageOfPage\":{\"@id\":\"http:\/\/52.77.24.187\/vi\/san-pham\/korai-pacifik-pale-ale\/#primaryimage\"},\"image\":{\"@id\":\"http:\/\/52.77.24.187\/vi\/san-pham\/korai-pacifik-pale-ale\/#primaryimage\"},\"thumbnailUrl\":\"https:\/\/mlsrfcxkkbzg.i.optimole.com\/cb:JbP2.215d7\/w:auto\/h:auto\/q:mauto\/ig:avif\/https:\/\/thebottleshop.vn\/wp-content\/uploads\/2024\/09\/Korai-Pacifik-American-Pale-Ale.png\",\"datePublished\":\"2024-09-05T08:35:01+00:00\",\"dateModified\":\"2024-09-05T09:30:04+00:00\",\"description\":\"Korai Pacifik Pale Ale. American Pale Ale n\u00e0y mang \u0111\u1ea7y c\u00e1 t\u00ednh v\u00e0 h\u01b0\u01a1ng v\u1ecb, \u0111em \u0111\u1ebfn h\u01b0\u01a1ng th\u01a1m c\u1ee7a IPA m\u00e0 kh\u00f4ng c\u00f3 v\u1ecb \u0111\u1eafng n\u1eb7ng.\",\"breadcrumb\":{\"@id\":\"http:\/\/52.77.24.187\/vi\/san-pham\/korai-pacifik-pale-ale\/#breadcrumb\"},\"inLanguage\":\"vi-VN\",\"potentialAction\":[{\"@type\":\"ReadAction\",\"target\":[\"http:\/\/52.77.24.187\/vi\/san-pham\/korai-pacifik-pale-ale\/\"]}]},{\"@type\":\"ImageObject\",\"inLanguage\":\"vi-VN\",\"@id\":\"http:\/\/52.77.24.187\/vi\/san-pham\/korai-pacifik-pale-ale\/#primaryimage\",\"url\":\"https:\/\/mlsrfcxkkbzg.i.optimole.com\/cb:JbP2.215d7\/w:auto\/h:auto\/q:mauto\/ig:avif\/https:\/\/thebottleshop.vn\/wp-content\/uploads\/2024\/09\/Korai-Pacifik-American-Pale-Ale.png\",\"contentUrl\":\"https:\/\/mlsrfcxkkbzg.i.optimole.com\/cb:JbP2.215d7\/w:auto\/h:auto\/q:mauto\/ig:avif\/https:\/\/thebottleshop.vn\/wp-content\/uploads\/2024\/09\/Korai-Pacifik-American-Pale-Ale.png\",\"width\":1080,\"height\":1080,\"caption\":\"Korai Pacifik American Pale Ale\"},{\"@type\":\"BreadcrumbList\",\"@id\":\"http:\/\/52.77.24.187\/vi\/san-pham\/korai-pacifik-pale-ale\/#breadcrumb\",\"itemListElement\":[{\"@type\":\"ListItem\",\"position\":1,\"name\":\"Home\",\"item\":\"http:\/\/52.77.24.187\/vi\/test-popup-vi\/\"},{\"@type\":\"ListItem\",\"position\":2,\"name\":\"C\u1eeda h\u00e0ng\",\"item\":\"http:\/\/52.77.24.187\/vi\/cua-hang\/\"},{\"@type\":\"ListItem\",\"position\":3,\"name\":\"Korai Pacifik Pale Ale\"}]},{\"@type\":\"WebSite\",\"@id\":\"http:\/\/52.77.24.187\/#website\",\"url\":\"http:\/\/52.77.24.187\/\",\"name\":\"The Bottle Shop\",\"description\":\"All beers are not created equal\",\"publisher\":{\"@id\":\"http:\/\/52.77.24.187\/#organization\"},\"potentialAction\":[{\"@type\":\"SearchAction\",\"target\":{\"@type\":\"EntryPoint\",\"urlTemplate\":\"http:\/\/52.77.24.187\/?s={search_term_string}\"},\"query-input\":{\"@type\":\"PropertyValueSpecification\",\"valueRequired\":true,\"valueName\":\"search_term_string\"}}],\"inLanguage\":\"vi-VN\"},{\"@type\":\"Organization\",\"@id\":\"http:\/\/52.77.24.187\/#organization\",\"name\":\"The Bottle Shop\",\"url\":\"http:\/\/52.77.24.187\/\",\"logo\":{\"@type\":\"ImageObject\",\"inLanguage\":\"vi-VN\",\"@id\":\"http:\/\/52.77.24.187\/#\/schema\/logo\/image\/\",\"url\":\"https:\/\/mlsrfcxkkbzg.i.optimole.com\/cb:JbP2.215d7\/w:auto\/h:auto\/q:mauto\/ig:avif\/https:\/\/thebottleshop.vn\/wp-content\/uploads\/2022\/10\/The-Bottle-Shop-Online-Logo.png\",\"contentUrl\":\"https:\/\/mlsrfcxkkbzg.i.optimole.com\/cb:JbP2.215d7\/w:auto\/h:auto\/q:mauto\/ig:avif\/https:\/\/thebottleshop.vn\/wp-content\/uploads\/2022\/10\/The-Bottle-Shop-Online-Logo.png\",\"width\":145,\"height\":147,\"caption\":\"The Bottle Shop\"},\"image\":{\"@id\":\"http:\/\/52.77.24.187\/#\/schema\/logo\/image\/\"},\"sameAs\":[\"https:\/\/www.facebook.com\/thebottleshopvietnam\",\"https:\/\/www.instagram.com\/thebottleshop_vietnam\/\"]}]}<\/script>\n<!-- \/ Yoast SEO plugin. -->","yoast_head_json":{"title":"Korai Pacifik Pale Ale - The Bottle Shop","description":"Korai Pacifik Pale Ale. American Pale Ale n\u00e0y mang \u0111\u1ea7y c\u00e1 t\u00ednh v\u00e0 h\u01b0\u01a1ng v\u1ecb, \u0111em \u0111\u1ebfn h\u01b0\u01a1ng th\u01a1m c\u1ee7a IPA m\u00e0 kh\u00f4ng c\u00f3 v\u1ecb \u0111\u1eafng n\u1eb7ng.","robots":{"index":"index","follow":"follow","max-snippet":"max-snippet:-1","max-image-preview":"max-image-preview:large","max-video-preview":"max-video-preview:-1"},"canonical":"http:\/\/52.77.24.187\/vi\/san-pham\/korai-pacifik-pale-ale\/","og_locale":"vi_VN","og_type":"article","og_title":"Korai Pacifik Pale Ale - The Bottle Shop","og_description":"Korai Pacifik Pale Ale. American Pale Ale n\u00e0y mang \u0111\u1ea7y c\u00e1 t\u00ednh v\u00e0 h\u01b0\u01a1ng v\u1ecb, \u0111em \u0111\u1ebfn h\u01b0\u01a1ng th\u01a1m c\u1ee7a IPA m\u00e0 kh\u00f4ng c\u00f3 v\u1ecb \u0111\u1eafng n\u1eb7ng.","og_url":"http:\/\/52.77.24.187\/vi\/san-pham\/korai-pacifik-pale-ale\/","og_site_name":"The Bottle Shop","article_publisher":"https:\/\/www.facebook.com\/thebottleshopvietnam","article_modified_time":"2024-09-05T09:30:04+00:00","og_image":[{"width":1080,"height":1080,"url":"https:\/\/mlsrfcxkkbzg.i.optimole.com\/cb:JbP2.215d7\/w:auto\/h:auto\/q:mauto\/ig:avif\/http:\/\/52.77.24.187\/wp-content\/uploads\/2024\/09\/Korai-Pacifik-American-Pale-Ale.png","type":"image\/png"}],"twitter_card":"summary_large_image","twitter_misc":{"Est. reading time":"1 minute"},"schema":{"@context":"https:\/\/schema.org","@graph":[{"@type":"WebPage","@id":"http:\/\/52.77.24.187\/vi\/san-pham\/korai-pacifik-pale-ale\/","url":"http:\/\/52.77.24.187\/vi\/san-pham\/korai-pacifik-pale-ale\/","name":"Korai Pacifik Pale Ale - The Bottle Shop","isPartOf":{"@id":"http:\/\/52.77.24.187\/#website"},"primaryImageOfPage":{"@id":"http:\/\/52.77.24.187\/vi\/san-pham\/korai-pacifik-pale-ale\/#primaryimage"},"image":{"@id":"http:\/\/52.77.24.187\/vi\/san-pham\/korai-pacifik-pale-ale\/#primaryimage"},"thumbnailUrl":"https:\/\/mlsrfcxkkbzg.i.optimole.com\/cb:JbP2.215d7\/w:auto\/h:auto\/q:mauto\/ig:avif\/https:\/\/thebottleshop.vn\/wp-content\/uploads\/2024\/09\/Korai-Pacifik-American-Pale-Ale.png","datePublished":"2024-09-05T08:35:01+00:00","dateModified":"2024-09-05T09:30:04+00:00","description":"Korai Pacifik Pale Ale. American Pale Ale n\u00e0y mang \u0111\u1ea7y c\u00e1 t\u00ednh v\u00e0 h\u01b0\u01a1ng v\u1ecb, \u0111em \u0111\u1ebfn h\u01b0\u01a1ng th\u01a1m c\u1ee7a IPA m\u00e0 kh\u00f4ng c\u00f3 v\u1ecb \u0111\u1eafng n\u1eb7ng.","breadcrumb":{"@id":"http:\/\/52.77.24.187\/vi\/san-pham\/korai-pacifik-pale-ale\/#breadcrumb"},"inLanguage":"vi-VN","potentialAction":[{"@type":"ReadAction","target":["http:\/\/52.77.24.187\/vi\/san-pham\/korai-pacifik-pale-ale\/"]}]},{"@type":"ImageObject","inLanguage":"vi-VN","@id":"http:\/\/52.77.24.187\/vi\/san-pham\/korai-pacifik-pale-ale\/#primaryimage","url":"https:\/\/mlsrfcxkkbzg.i.optimole.com\/cb:JbP2.215d7\/w:auto\/h:auto\/q:mauto\/ig:avif\/https:\/\/thebottleshop.vn\/wp-content\/uploads\/2024\/09\/Korai-Pacifik-American-Pale-Ale.png","contentUrl":"https:\/\/mlsrfcxkkbzg.i.optimole.com\/cb:JbP2.215d7\/w:auto\/h:auto\/q:mauto\/ig:avif\/https:\/\/thebottleshop.vn\/wp-content\/uploads\/2024\/09\/Korai-Pacifik-American-Pale-Ale.png","width":1080,"height":1080,"caption":"Korai Pacifik American Pale Ale"},{"@type":"BreadcrumbList","@id":"http:\/\/52.77.24.187\/vi\/san-pham\/korai-pacifik-pale-ale\/#breadcrumb","itemListElement":[{"@type":"ListItem","position":1,"name":"Home","item":"http:\/\/52.77.24.187\/vi\/test-popup-vi\/"},{"@type":"ListItem","position":2,"name":"C\u1eeda h\u00e0ng","item":"http:\/\/52.77.24.187\/vi\/cua-hang\/"},{"@type":"ListItem","position":3,"name":"Korai Pacifik Pale Ale"}]},{"@type":"WebSite","@id":"http:\/\/52.77.24.187\/#website","url":"http:\/\/52.77.24.187\/","name":"The Bottle Shop","description":"All beers are not created equal","publisher":{"@id":"http:\/\/52.77.24.187\/#organization"},"potentialAction":[{"@type":"SearchAction","target":{"@type":"EntryPoint","urlTemplate":"http:\/\/52.77.24.187\/?s={search_term_string}"},"query-input":{"@type":"PropertyValueSpecification","valueRequired":true,"valueName":"search_term_string"}}],"inLanguage":"vi-VN"},{"@type":"Organization","@id":"http:\/\/52.77.24.187\/#organization","name":"The Bottle Shop","url":"http:\/\/52.77.24.187\/","logo":{"@type":"ImageObject","inLanguage":"vi-VN","@id":"http:\/\/52.77.24.187\/#\/schema\/logo\/image\/","url":"https:\/\/mlsrfcxkkbzg.i.optimole.com\/cb:JbP2.215d7\/w:auto\/h:auto\/q:mauto\/ig:avif\/https:\/\/thebottleshop.vn\/wp-content\/uploads\/2022\/10\/The-Bottle-Shop-Online-Logo.png","contentUrl":"https:\/\/mlsrfcxkkbzg.i.optimole.com\/cb:JbP2.215d7\/w:auto\/h:auto\/q:mauto\/ig:avif\/https:\/\/thebottleshop.vn\/wp-content\/uploads\/2022\/10\/The-Bottle-Shop-Online-Logo.png","width":145,"height":147,"caption":"The Bottle Shop"},"image":{"@id":"http:\/\/52.77.24.187\/#\/schema\/logo\/image\/"},"sameAs":["https:\/\/www.facebook.com\/thebottleshopvietnam","https:\/\/www.instagram.com\/thebottleshop_vietnam\/"]}]}},"_links":{"self":[{"href":"https:\/\/thebottleshop.vn\/vi\/wp-json\/wp\/v2\/product\/20535","targetHints":{"allow":["GET"]}}],"collection":[{"href":"https:\/\/thebottleshop.vn\/vi\/wp-json\/wp\/v2\/product"}],"about":[{"href":"https:\/\/thebottleshop.vn\/vi\/wp-json\/wp\/v2\/types\/product"}],"replies":[{"embeddable":true,"href":"https:\/\/thebottleshop.vn\/vi\/wp-json\/wp\/v2\/comments?post=20535"}],"wp:featuredmedia":[{"embeddable":true,"href":"https:\/\/thebottleshop.vn\/vi\/wp-json\/wp\/v2\/media\/20559"}],"wp:attachment":[{"href":"https:\/\/thebottleshop.vn\/vi\/wp-json\/wp\/v2\/media?parent=20535"}],"wp:term":[{"taxonomy":"product_brand","embeddable":true,"href":"https:\/\/thebottleshop.vn\/vi\/wp-json\/wp\/v2\/product_brand?post=20535"},{"taxonomy":"product_cat","embeddable":true,"href":"https:\/\/thebottleshop.vn\/vi\/wp-json\/wp\/v2\/product_cat?post=20535"},{"taxonomy":"product_tag","embeddable":true,"href":"https:\/\/thebottleshop.vn\/vi\/wp-json\/wp\/v2\/product_tag?post=20535"}],"curies":[{"name":"wp","href":"https:\/\/api.w.org\/{rel}","templated":true}]}}