{"id":20640,"date":"2024-10-10T10:06:04","date_gmt":"2024-10-10T03:06:04","guid":{"rendered":"https:\/\/thebottleshop.vn\/product\/overmorrow-is-today-son-sette-farmhouse-ale\/"},"modified":"2024-10-10T10:23:02","modified_gmt":"2024-10-10T03:23:02","slug":"overmorrow-is-today-son-sette-farmhouse-ale","status":"publish","type":"product","link":"https:\/\/thebottleshop.vn\/vi\/san-pham\/overmorrow-is-today-son-sette-farmhouse-ale\/","title":{"rendered":"Overmorrow is Today S\u01a1n Sette Farmhouse Ale"},"content":{"rendered":"<p>TH\u1ee8 5 H\u00c0NG TU\u1ea6N, MUA 2 T\u1eb6NG 1 V\u00cc OVERMORROW IS TODAY!<\/p>\n<p>Overmorrow S\u01a1n Sette Farmhouse Ale l\u00e0 lo\u1ea1i bia Grisette Ale c\u1ee7a B\u1ec9 v\u1edbi h\u01b0\u01a1ng v\u1ecb ng\u1ecdt v\u00e0 m\u1ed9c m\u1ea1c tr\u1ed9n c\u00f9ng v\u1edbi c\u00e1c lo\u1ea1i gia v\u1ecb c\u1ee7a mi\u1ec1n n\u00fai Vi\u1ec7t Nam. S\u01a1n Sette l\u00e0 s\u1ef1 giao thoa gi\u1eefa c\u00e1c lo\u1ea1i gia v\u1ecb truy\u1ec1n th\u1ed1ng c\u1ee7a mi\u1ec1n n\u00fai ph\u00eda B\u1eafc Vi\u1ec7t Nam v\u1edbi c\u00e1c lo\u1ea1i c\u00e2y hoa bia tr\u00ean th\u1ebf gi\u1edbi v\u00e0 men bia t\u1ea1i n\u00f4ng trang Ph\u00e1p, \u0111\u1ec3 t\u1ea1o n\u00ean m\u1ed9t lo\u1ea1i bia ng\u1ecdt ng\u00e0o gi\u00fap d\u1eadp t\u1eaft c\u01a1n kh\u00e1t. B\u1ecdt kh\u00ed v\u1edbi h\u01b0\u01a1ng v\u1ecb m\u1ed9c m\u1ea1c c\u1ee7a c\u00e1c lo\u1ea1i d\u00e2u d\u1ea1i v\u00e0 h\u1ea1t ti\u00eau Vi\u1ec7t Nam.<\/p>\n<p>C\u1ea3 ng\u00e0y th\u1ee9 5 h\u00e0ng tu\u1ea5n, ch\u1ec9 c\u00f3 t\u1ea1i The Bottle Shop Online!<\/p>\n<p>\u2014\u2013<br \/>\nXem th\u01b0 vi\u1ec7n h\u00ecnh \u1ea3nh \u0111\u1ec3 bi\u1ebft th\u00eam th\u00f4ng tin chi ti\u1ebft v\u1ec1 ngu\u1ed3n g\u1ed1c, th\u00e0nh ph\u1ea7n v\u00e0 h\u01b0\u1edbng d\u1eabn s\u1eed d\u1ee5ng c\u1ee7a s\u1ea3n ph\u1ea9m.<\/p>\n","protected":false},"excerpt":{"rendered":"<p><strong>Th\u1ea3o m\u1ed9c, M\u1ed9c m\u1ea1c, T\u00e2y b\u1eafc 5%<\/strong><\/p>\n","protected":false},"featured_media":20632,"comment_status":"open","ping_status":"closed","template":"","meta":{"_acf_changed":false},"product_brand":[],"product_cat":[385,390,379,337,347,355,351,366,345,377,339,341,352,408,604,471],"product_tag":[],"class_list":{"0":"post-20640","1":"product","2":"type-product","3":"status-publish","4":"has-post-thumbnail","6":"product_cat-top-deals","7":"product_cat-vietnam-hanoi","8":"product_cat-20-39","9":"product_cat-bia-va-cider","10":"product_cat-4-5-9","11":"product_cat-150k-199k","12":"product_cat-dong-bia","13":"product_cat-nha-san-xuat","14":"product_cat-abv-vi","15":"product_cat-ibu","16":"product_cat-xuat-xu","17":"product_cat-dong-goi","18":"product_cat-gia","19":"product_cat-saison","20":"product_cat-cannon-vi","21":"product_cat-overmorrow-brewing-co","23":"first","24":"outofstock","25":"sale","26":"shipping-taxable","27":"purchasable","28":"product-type-simple","29":"add-to-wishlist-before_image"},"acf":[],"yoast_head":"<!-- This site is optimized with the Yoast SEO plugin v27.2 - https:\/\/yoast.com\/product\/yoast-seo-wordpress\/ -->\n<title>Overmorrow is Today S\u01a1n Sette Farmhouse Ale - The Bottle Shop<\/title>\n<meta name=\"description\" content=\"TH\u1ee8 5 H\u00c0NG TU\u1ea6N MUA 2 T\u1eb6NG 1 V\u00cc OVERMORROW IS TODAY! Overmorrow S\u01a1n Sette Farmhouse Ale l\u00e0 lo\u1ea1i bia Grisette Ale c\u1ee7a B\u1ec9 v\u1edbi h\u01b0\u01a1ng v\u1ecb ng\u1ecdt v\u00e0 m\u1ed9c m\u1ea1c.\" \/>\n<meta name=\"robots\" content=\"index, follow, max-snippet:-1, max-image-preview:large, max-video-preview:-1\" \/>\n<link rel=\"canonical\" href=\"http:\/\/52.77.24.187\/vi\/san-pham\/overmorrow-is-today-son-sette-farmhouse-ale\/\" \/>\n<meta property=\"og:locale\" content=\"vi_VN\" \/>\n<meta property=\"og:type\" content=\"article\" \/>\n<meta property=\"og:title\" content=\"Overmorrow is Today S\u01a1n Sette Farmhouse Ale - The Bottle Shop\" \/>\n<meta property=\"og:description\" content=\"TH\u1ee8 5 H\u00c0NG TU\u1ea6N MUA 2 T\u1eb6NG 1 V\u00cc OVERMORROW IS TODAY! Overmorrow S\u01a1n Sette Farmhouse Ale l\u00e0 lo\u1ea1i bia Grisette Ale c\u1ee7a B\u1ec9 v\u1edbi h\u01b0\u01a1ng v\u1ecb ng\u1ecdt v\u00e0 m\u1ed9c m\u1ea1c.\" \/>\n<meta property=\"og:url\" content=\"http:\/\/52.77.24.187\/vi\/san-pham\/overmorrow-is-today-son-sette-farmhouse-ale\/\" \/>\n<meta property=\"og:site_name\" content=\"The Bottle Shop\" \/>\n<meta property=\"article:publisher\" content=\"https:\/\/www.facebook.com\/thebottleshopvietnam\" \/>\n<meta property=\"article:modified_time\" content=\"2024-10-10T03:23:02+00:00\" \/>\n<meta property=\"og:image\" content=\"https:\/\/mlsrfcxkkbzg.i.optimole.com\/cb:JbP2.215d7\/w:auto\/h:auto\/q:mauto\/ig:avif\/http:\/\/52.77.24.187\/wp-content\/uploads\/2024\/10\/Overmorrow-Is-Today-Son-Sette.png\" \/>\n\t<meta property=\"og:image:width\" content=\"1080\" \/>\n\t<meta property=\"og:image:height\" content=\"1080\" \/>\n\t<meta property=\"og:image:type\" content=\"image\/png\" \/>\n<meta name=\"twitter:card\" content=\"summary_large_image\" \/>\n<meta name=\"twitter:label1\" content=\"Est. reading time\" \/>\n\t<meta name=\"twitter:data1\" content=\"1 minute\" \/>\n<script type=\"application\/ld+json\" class=\"yoast-schema-graph\">{\"@context\":\"https:\/\/schema.org\",\"@graph\":[{\"@type\":\"WebPage\",\"@id\":\"http:\/\/52.77.24.187\/vi\/san-pham\/overmorrow-is-today-son-sette-farmhouse-ale\/\",\"url\":\"http:\/\/52.77.24.187\/vi\/san-pham\/overmorrow-is-today-son-sette-farmhouse-ale\/\",\"name\":\"Overmorrow is Today S\u01a1n Sette Farmhouse Ale - The Bottle Shop\",\"isPartOf\":{\"@id\":\"http:\/\/52.77.24.187\/#website\"},\"primaryImageOfPage\":{\"@id\":\"http:\/\/52.77.24.187\/vi\/san-pham\/overmorrow-is-today-son-sette-farmhouse-ale\/#primaryimage\"},\"image\":{\"@id\":\"http:\/\/52.77.24.187\/vi\/san-pham\/overmorrow-is-today-son-sette-farmhouse-ale\/#primaryimage\"},\"thumbnailUrl\":\"https:\/\/mlsrfcxkkbzg.i.optimole.com\/cb:JbP2.215d7\/w:auto\/h:auto\/q:mauto\/ig:avif\/https:\/\/thebottleshop.vn\/wp-content\/uploads\/2024\/10\/Overmorrow-Is-Today-Son-Sette.png\",\"datePublished\":\"2024-10-10T03:06:04+00:00\",\"dateModified\":\"2024-10-10T03:23:02+00:00\",\"description\":\"TH\u1ee8 5 H\u00c0NG TU\u1ea6N MUA 2 T\u1eb6NG 1 V\u00cc OVERMORROW IS TODAY! Overmorrow S\u01a1n Sette Farmhouse Ale l\u00e0 lo\u1ea1i bia Grisette Ale c\u1ee7a B\u1ec9 v\u1edbi h\u01b0\u01a1ng v\u1ecb ng\u1ecdt v\u00e0 m\u1ed9c m\u1ea1c.\",\"breadcrumb\":{\"@id\":\"http:\/\/52.77.24.187\/vi\/san-pham\/overmorrow-is-today-son-sette-farmhouse-ale\/#breadcrumb\"},\"inLanguage\":\"vi-VN\",\"potentialAction\":[{\"@type\":\"ReadAction\",\"target\":[\"http:\/\/52.77.24.187\/vi\/san-pham\/overmorrow-is-today-son-sette-farmhouse-ale\/\"]}]},{\"@type\":\"ImageObject\",\"inLanguage\":\"vi-VN\",\"@id\":\"http:\/\/52.77.24.187\/vi\/san-pham\/overmorrow-is-today-son-sette-farmhouse-ale\/#primaryimage\",\"url\":\"https:\/\/mlsrfcxkkbzg.i.optimole.com\/cb:JbP2.215d7\/w:auto\/h:auto\/q:mauto\/ig:avif\/https:\/\/thebottleshop.vn\/wp-content\/uploads\/2024\/10\/Overmorrow-Is-Today-Son-Sette.png\",\"contentUrl\":\"https:\/\/mlsrfcxkkbzg.i.optimole.com\/cb:JbP2.215d7\/w:auto\/h:auto\/q:mauto\/ig:avif\/https:\/\/thebottleshop.vn\/wp-content\/uploads\/2024\/10\/Overmorrow-Is-Today-Son-Sette.png\",\"width\":1080,\"height\":1080,\"caption\":\"Overmorrow Is Today S\u01a1n Sette\"},{\"@type\":\"BreadcrumbList\",\"@id\":\"http:\/\/52.77.24.187\/vi\/san-pham\/overmorrow-is-today-son-sette-farmhouse-ale\/#breadcrumb\",\"itemListElement\":[{\"@type\":\"ListItem\",\"position\":1,\"name\":\"Home\",\"item\":\"http:\/\/52.77.24.187\/vi\/test-popup-vi\/\"},{\"@type\":\"ListItem\",\"position\":2,\"name\":\"C\u1eeda h\u00e0ng\",\"item\":\"http:\/\/52.77.24.187\/vi\/cua-hang\/\"},{\"@type\":\"ListItem\",\"position\":3,\"name\":\"Overmorrow is Today S\u01a1n Sette Farmhouse Ale\"}]},{\"@type\":\"WebSite\",\"@id\":\"http:\/\/52.77.24.187\/#website\",\"url\":\"http:\/\/52.77.24.187\/\",\"name\":\"The Bottle Shop\",\"description\":\"All beers are not created equal\",\"publisher\":{\"@id\":\"http:\/\/52.77.24.187\/#organization\"},\"potentialAction\":[{\"@type\":\"SearchAction\",\"target\":{\"@type\":\"EntryPoint\",\"urlTemplate\":\"http:\/\/52.77.24.187\/?s={search_term_string}\"},\"query-input\":{\"@type\":\"PropertyValueSpecification\",\"valueRequired\":true,\"valueName\":\"search_term_string\"}}],\"inLanguage\":\"vi-VN\"},{\"@type\":\"Organization\",\"@id\":\"http:\/\/52.77.24.187\/#organization\",\"name\":\"The Bottle Shop\",\"url\":\"http:\/\/52.77.24.187\/\",\"logo\":{\"@type\":\"ImageObject\",\"inLanguage\":\"vi-VN\",\"@id\":\"http:\/\/52.77.24.187\/#\/schema\/logo\/image\/\",\"url\":\"https:\/\/mlsrfcxkkbzg.i.optimole.com\/cb:JbP2.215d7\/w:auto\/h:auto\/q:mauto\/ig:avif\/https:\/\/thebottleshop.vn\/wp-content\/uploads\/2022\/10\/The-Bottle-Shop-Online-Logo.png\",\"contentUrl\":\"https:\/\/mlsrfcxkkbzg.i.optimole.com\/cb:JbP2.215d7\/w:auto\/h:auto\/q:mauto\/ig:avif\/https:\/\/thebottleshop.vn\/wp-content\/uploads\/2022\/10\/The-Bottle-Shop-Online-Logo.png\",\"width\":145,\"height\":147,\"caption\":\"The Bottle Shop\"},\"image\":{\"@id\":\"http:\/\/52.77.24.187\/#\/schema\/logo\/image\/\"},\"sameAs\":[\"https:\/\/www.facebook.com\/thebottleshopvietnam\",\"https:\/\/www.instagram.com\/thebottleshop_vietnam\/\"]}]}<\/script>\n<!-- \/ Yoast SEO plugin. -->","yoast_head_json":{"title":"Overmorrow is Today S\u01a1n Sette Farmhouse Ale - The Bottle Shop","description":"TH\u1ee8 5 H\u00c0NG TU\u1ea6N MUA 2 T\u1eb6NG 1 V\u00cc OVERMORROW IS TODAY! Overmorrow S\u01a1n Sette Farmhouse Ale l\u00e0 lo\u1ea1i bia Grisette Ale c\u1ee7a B\u1ec9 v\u1edbi h\u01b0\u01a1ng v\u1ecb ng\u1ecdt v\u00e0 m\u1ed9c m\u1ea1c.","robots":{"index":"index","follow":"follow","max-snippet":"max-snippet:-1","max-image-preview":"max-image-preview:large","max-video-preview":"max-video-preview:-1"},"canonical":"http:\/\/52.77.24.187\/vi\/san-pham\/overmorrow-is-today-son-sette-farmhouse-ale\/","og_locale":"vi_VN","og_type":"article","og_title":"Overmorrow is Today S\u01a1n Sette Farmhouse Ale - The Bottle Shop","og_description":"TH\u1ee8 5 H\u00c0NG TU\u1ea6N MUA 2 T\u1eb6NG 1 V\u00cc OVERMORROW IS TODAY! Overmorrow S\u01a1n Sette Farmhouse Ale l\u00e0 lo\u1ea1i bia Grisette Ale c\u1ee7a B\u1ec9 v\u1edbi h\u01b0\u01a1ng v\u1ecb ng\u1ecdt v\u00e0 m\u1ed9c m\u1ea1c.","og_url":"http:\/\/52.77.24.187\/vi\/san-pham\/overmorrow-is-today-son-sette-farmhouse-ale\/","og_site_name":"The Bottle Shop","article_publisher":"https:\/\/www.facebook.com\/thebottleshopvietnam","article_modified_time":"2024-10-10T03:23:02+00:00","og_image":[{"width":1080,"height":1080,"url":"https:\/\/mlsrfcxkkbzg.i.optimole.com\/cb:JbP2.215d7\/w:auto\/h:auto\/q:mauto\/ig:avif\/http:\/\/52.77.24.187\/wp-content\/uploads\/2024\/10\/Overmorrow-Is-Today-Son-Sette.png","type":"image\/png"}],"twitter_card":"summary_large_image","twitter_misc":{"Est. reading time":"1 minute"},"schema":{"@context":"https:\/\/schema.org","@graph":[{"@type":"WebPage","@id":"http:\/\/52.77.24.187\/vi\/san-pham\/overmorrow-is-today-son-sette-farmhouse-ale\/","url":"http:\/\/52.77.24.187\/vi\/san-pham\/overmorrow-is-today-son-sette-farmhouse-ale\/","name":"Overmorrow is Today S\u01a1n Sette Farmhouse Ale - The Bottle Shop","isPartOf":{"@id":"http:\/\/52.77.24.187\/#website"},"primaryImageOfPage":{"@id":"http:\/\/52.77.24.187\/vi\/san-pham\/overmorrow-is-today-son-sette-farmhouse-ale\/#primaryimage"},"image":{"@id":"http:\/\/52.77.24.187\/vi\/san-pham\/overmorrow-is-today-son-sette-farmhouse-ale\/#primaryimage"},"thumbnailUrl":"https:\/\/mlsrfcxkkbzg.i.optimole.com\/cb:JbP2.215d7\/w:auto\/h:auto\/q:mauto\/ig:avif\/https:\/\/thebottleshop.vn\/wp-content\/uploads\/2024\/10\/Overmorrow-Is-Today-Son-Sette.png","datePublished":"2024-10-10T03:06:04+00:00","dateModified":"2024-10-10T03:23:02+00:00","description":"TH\u1ee8 5 H\u00c0NG TU\u1ea6N MUA 2 T\u1eb6NG 1 V\u00cc OVERMORROW IS TODAY! Overmorrow S\u01a1n Sette Farmhouse Ale l\u00e0 lo\u1ea1i bia Grisette Ale c\u1ee7a B\u1ec9 v\u1edbi h\u01b0\u01a1ng v\u1ecb ng\u1ecdt v\u00e0 m\u1ed9c m\u1ea1c.","breadcrumb":{"@id":"http:\/\/52.77.24.187\/vi\/san-pham\/overmorrow-is-today-son-sette-farmhouse-ale\/#breadcrumb"},"inLanguage":"vi-VN","potentialAction":[{"@type":"ReadAction","target":["http:\/\/52.77.24.187\/vi\/san-pham\/overmorrow-is-today-son-sette-farmhouse-ale\/"]}]},{"@type":"ImageObject","inLanguage":"vi-VN","@id":"http:\/\/52.77.24.187\/vi\/san-pham\/overmorrow-is-today-son-sette-farmhouse-ale\/#primaryimage","url":"https:\/\/mlsrfcxkkbzg.i.optimole.com\/cb:JbP2.215d7\/w:auto\/h:auto\/q:mauto\/ig:avif\/https:\/\/thebottleshop.vn\/wp-content\/uploads\/2024\/10\/Overmorrow-Is-Today-Son-Sette.png","contentUrl":"https:\/\/mlsrfcxkkbzg.i.optimole.com\/cb:JbP2.215d7\/w:auto\/h:auto\/q:mauto\/ig:avif\/https:\/\/thebottleshop.vn\/wp-content\/uploads\/2024\/10\/Overmorrow-Is-Today-Son-Sette.png","width":1080,"height":1080,"caption":"Overmorrow Is Today S\u01a1n Sette"},{"@type":"BreadcrumbList","@id":"http:\/\/52.77.24.187\/vi\/san-pham\/overmorrow-is-today-son-sette-farmhouse-ale\/#breadcrumb","itemListElement":[{"@type":"ListItem","position":1,"name":"Home","item":"http:\/\/52.77.24.187\/vi\/test-popup-vi\/"},{"@type":"ListItem","position":2,"name":"C\u1eeda h\u00e0ng","item":"http:\/\/52.77.24.187\/vi\/cua-hang\/"},{"@type":"ListItem","position":3,"name":"Overmorrow is Today S\u01a1n Sette Farmhouse Ale"}]},{"@type":"WebSite","@id":"http:\/\/52.77.24.187\/#website","url":"http:\/\/52.77.24.187\/","name":"The Bottle Shop","description":"All beers are not created equal","publisher":{"@id":"http:\/\/52.77.24.187\/#organization"},"potentialAction":[{"@type":"SearchAction","target":{"@type":"EntryPoint","urlTemplate":"http:\/\/52.77.24.187\/?s={search_term_string}"},"query-input":{"@type":"PropertyValueSpecification","valueRequired":true,"valueName":"search_term_string"}}],"inLanguage":"vi-VN"},{"@type":"Organization","@id":"http:\/\/52.77.24.187\/#organization","name":"The Bottle Shop","url":"http:\/\/52.77.24.187\/","logo":{"@type":"ImageObject","inLanguage":"vi-VN","@id":"http:\/\/52.77.24.187\/#\/schema\/logo\/image\/","url":"https:\/\/mlsrfcxkkbzg.i.optimole.com\/cb:JbP2.215d7\/w:auto\/h:auto\/q:mauto\/ig:avif\/https:\/\/thebottleshop.vn\/wp-content\/uploads\/2022\/10\/The-Bottle-Shop-Online-Logo.png","contentUrl":"https:\/\/mlsrfcxkkbzg.i.optimole.com\/cb:JbP2.215d7\/w:auto\/h:auto\/q:mauto\/ig:avif\/https:\/\/thebottleshop.vn\/wp-content\/uploads\/2022\/10\/The-Bottle-Shop-Online-Logo.png","width":145,"height":147,"caption":"The Bottle Shop"},"image":{"@id":"http:\/\/52.77.24.187\/#\/schema\/logo\/image\/"},"sameAs":["https:\/\/www.facebook.com\/thebottleshopvietnam","https:\/\/www.instagram.com\/thebottleshop_vietnam\/"]}]}},"_links":{"self":[{"href":"https:\/\/thebottleshop.vn\/vi\/wp-json\/wp\/v2\/product\/20640","targetHints":{"allow":["GET"]}}],"collection":[{"href":"https:\/\/thebottleshop.vn\/vi\/wp-json\/wp\/v2\/product"}],"about":[{"href":"https:\/\/thebottleshop.vn\/vi\/wp-json\/wp\/v2\/types\/product"}],"replies":[{"embeddable":true,"href":"https:\/\/thebottleshop.vn\/vi\/wp-json\/wp\/v2\/comments?post=20640"}],"wp:featuredmedia":[{"embeddable":true,"href":"https:\/\/thebottleshop.vn\/vi\/wp-json\/wp\/v2\/media\/20632"}],"wp:attachment":[{"href":"https:\/\/thebottleshop.vn\/vi\/wp-json\/wp\/v2\/media?parent=20640"}],"wp:term":[{"taxonomy":"product_brand","embeddable":true,"href":"https:\/\/thebottleshop.vn\/vi\/wp-json\/wp\/v2\/product_brand?post=20640"},{"taxonomy":"product_cat","embeddable":true,"href":"https:\/\/thebottleshop.vn\/vi\/wp-json\/wp\/v2\/product_cat?post=20640"},{"taxonomy":"product_tag","embeddable":true,"href":"https:\/\/thebottleshop.vn\/vi\/wp-json\/wp\/v2\/product_tag?post=20640"}],"curies":[{"name":"wp","href":"https:\/\/api.w.org\/{rel}","templated":true}]}}