{"id":20655,"date":"2024-10-10T13:15:42","date_gmt":"2024-10-10T06:15:42","guid":{"rendered":"https:\/\/thebottleshop.vn\/product\/overmorrow-is-today-ho-ly-water-brut-ipa\/"},"modified":"2024-10-10T13:23:39","modified_gmt":"2024-10-10T06:23:39","slug":"overmorrow-is-today-ho-ly-water-brut-ipa","status":"publish","type":"product","link":"https:\/\/thebottleshop.vn\/vi\/san-pham\/overmorrow-is-today-ho-ly-water-brut-ipa\/","title":{"rendered":"Overmorrow Is Today H\u1ed3 Ly Water Brut IPA"},"content":{"rendered":"<p>TH\u1ee8 5 H\u00c0NG TU\u1ea6N, MUA 2 T\u1eb6NG 1 V\u00cc OVERMORROW IS TODAY! Overmorrow H\u1ed3 Ly Water Brut IPA \u1ee7 nguy\u00ean ch\u1ea5t v\u1edbi g\u1ea1o t\u1eeb mi\u1ec1n B\u1eafc Vi\u1ec7t Nam. Th\u1ef1c s\u1ef1 l\u00e0 m\u1ed9t lo\u1ea1i bia c\u1ee7a th\u1eddi k\u1ef3 hi\u1ec7n \u0111\u1ea1i, v\u1edbi vi\u1ec7c s\u1eed d\u1ee5ng c\u00e2y hoa bia nh\u1eadp kh\u1ea9u t\u1eeb b\u1ed1n qu\u1ed1c gia tr\u00ean th\u1ebf gi\u1edbi v\u00e0 nguy\u00ean li\u1ec7u ch\u00ednh l\u00e0 lo\u1ea1i g\u1ea1o B\u1eafc H\u01b0\u01a1ng \u0111\u1ec3 t\u1ea1o ra enzim s\u1ea3n xu\u1ea5t ra lo\u1ea1i bia \u0111\u1eafng IPA \u0111\u1ed9c nh\u1ea5t v\u00f4 nh\u1ecb. H\u01b0\u01a1ng chanh d\u00e2y, c\u00e2y l\u00fd gai v\u00e0 h\u01b0\u01a1ng nho xanh v\u1edbi nhi\u1ec1u b\u1ecdt kh\u00ed.<\/p>\n<p>C\u1ea3 ng\u00e0y th\u1ee9 5 h\u00e0ng tu\u1ea5n, ch\u1ec9 c\u00f3 t\u1ea1i The Bottle Shop Online!<\/p>\n<p>\u2014\u2013<br \/>\nXem th\u01b0 vi\u1ec7n h\u00ecnh \u1ea3nh \u0111\u1ec3 bi\u1ebft th\u00eam th\u00f4ng tin chi ti\u1ebft v\u1ec1 ngu\u1ed3n g\u1ed1c, th\u00e0nh ph\u1ea7n v\u00e0 h\u01b0\u1edbng d\u1eabn s\u1eed d\u1ee5ng c\u1ee7a s\u1ea3n ph\u1ea9m.<\/p>\n","protected":false},"excerpt":{"rendered":"<p><strong>Nhi\u1ec7t \u0111\u1edbi, V\u1ecf cam, Quy\u1ebfn r\u0169 7%<\/strong><\/p>\n","protected":false},"featured_media":20628,"comment_status":"open","ping_status":"closed","template":"","meta":{"_acf_changed":false},"product_brand":[],"product_cat":[385,390,337,348,380,355,351,366,345,377,339,341,352,359,685,471],"product_tag":[],"class_list":{"0":"post-20655","1":"product","2":"type-product","3":"status-publish","4":"has-post-thumbnail","6":"product_cat-top-deals","7":"product_cat-vietnam-hanoi","8":"product_cat-bia-va-cider","9":"product_cat-6-7-9","10":"product_cat-40-59","11":"product_cat-150k-199k","12":"product_cat-dong-bia","13":"product_cat-nha-san-xuat","14":"product_cat-abv-vi","15":"product_cat-ibu","16":"product_cat-xuat-xu","17":"product_cat-dong-goi","18":"product_cat-gia","19":"product_cat-ipa","20":"product_cat-chai-3x330ml","21":"product_cat-overmorrow-brewing-co","23":"first","24":"outofstock","25":"sale","26":"shipping-taxable","27":"purchasable","28":"product-type-simple","29":"add-to-wishlist-before_image"},"acf":[],"yoast_head":"<!-- This site is optimized with the Yoast SEO plugin v27.2 - https:\/\/yoast.com\/product\/yoast-seo-wordpress\/ -->\n<title>Overmorrow Is Today H\u1ed3 Ly Water Brut IPA - The Bottle Shop<\/title>\n<meta name=\"description\" content=\"TH\u1ee8 5 H\u00c0NG TU\u1ea6N, MUA 2 T\u1eb6NG 1 V\u00cc OVERMORROW IS TODAY! Overmorrow H\u1ed3 Ly Water Brut IPA \u1ee7 nguy\u00ean ch\u1ea5t v\u1edbi g\u1ea1o t\u1eeb mi\u1ec1n B\u1eafc Vi\u1ec7t Nam.\" \/>\n<meta name=\"robots\" content=\"index, follow, max-snippet:-1, max-image-preview:large, max-video-preview:-1\" \/>\n<link rel=\"canonical\" href=\"http:\/\/52.77.24.187\/vi\/san-pham\/overmorrow-is-today-ho-ly-water-brut-ipa\/\" \/>\n<meta property=\"og:locale\" content=\"vi_VN\" \/>\n<meta property=\"og:type\" content=\"article\" \/>\n<meta property=\"og:title\" content=\"Overmorrow Is Today H\u1ed3 Ly Water Brut IPA - The Bottle Shop\" \/>\n<meta property=\"og:description\" content=\"TH\u1ee8 5 H\u00c0NG TU\u1ea6N, MUA 2 T\u1eb6NG 1 V\u00cc OVERMORROW IS TODAY! Overmorrow H\u1ed3 Ly Water Brut IPA \u1ee7 nguy\u00ean ch\u1ea5t v\u1edbi g\u1ea1o t\u1eeb mi\u1ec1n B\u1eafc Vi\u1ec7t Nam.\" \/>\n<meta property=\"og:url\" content=\"http:\/\/52.77.24.187\/vi\/san-pham\/overmorrow-is-today-ho-ly-water-brut-ipa\/\" \/>\n<meta property=\"og:site_name\" content=\"The Bottle Shop\" \/>\n<meta property=\"article:publisher\" content=\"https:\/\/www.facebook.com\/thebottleshopvietnam\" \/>\n<meta property=\"article:modified_time\" content=\"2024-10-10T06:23:39+00:00\" \/>\n<meta property=\"og:image\" content=\"https:\/\/mlsrfcxkkbzg.i.optimole.com\/cb:JbP2.215d7\/w:auto\/h:auto\/q:mauto\/ig:avif\/http:\/\/52.77.24.187\/wp-content\/uploads\/2024\/10\/Overmorrow-Is-Today-Ho-Ly-Water.png\" \/>\n\t<meta property=\"og:image:width\" content=\"1080\" \/>\n\t<meta property=\"og:image:height\" content=\"1080\" \/>\n\t<meta property=\"og:image:type\" content=\"image\/png\" \/>\n<meta name=\"twitter:card\" content=\"summary_large_image\" \/>\n<meta name=\"twitter:label1\" content=\"Est. reading time\" \/>\n\t<meta name=\"twitter:data1\" content=\"1 minute\" \/>\n<script type=\"application\/ld+json\" class=\"yoast-schema-graph\">{\"@context\":\"https:\/\/schema.org\",\"@graph\":[{\"@type\":\"WebPage\",\"@id\":\"http:\/\/52.77.24.187\/vi\/san-pham\/overmorrow-is-today-ho-ly-water-brut-ipa\/\",\"url\":\"http:\/\/52.77.24.187\/vi\/san-pham\/overmorrow-is-today-ho-ly-water-brut-ipa\/\",\"name\":\"Overmorrow Is Today H\u1ed3 Ly Water Brut IPA - The Bottle Shop\",\"isPartOf\":{\"@id\":\"http:\/\/52.77.24.187\/#website\"},\"primaryImageOfPage\":{\"@id\":\"http:\/\/52.77.24.187\/vi\/san-pham\/overmorrow-is-today-ho-ly-water-brut-ipa\/#primaryimage\"},\"image\":{\"@id\":\"http:\/\/52.77.24.187\/vi\/san-pham\/overmorrow-is-today-ho-ly-water-brut-ipa\/#primaryimage\"},\"thumbnailUrl\":\"https:\/\/mlsrfcxkkbzg.i.optimole.com\/cb:JbP2.215d7\/w:auto\/h:auto\/q:mauto\/ig:avif\/https:\/\/thebottleshop.vn\/wp-content\/uploads\/2024\/10\/Overmorrow-Is-Today-Ho-Ly-Water.png\",\"datePublished\":\"2024-10-10T06:15:42+00:00\",\"dateModified\":\"2024-10-10T06:23:39+00:00\",\"description\":\"TH\u1ee8 5 H\u00c0NG TU\u1ea6N, MUA 2 T\u1eb6NG 1 V\u00cc OVERMORROW IS TODAY! Overmorrow H\u1ed3 Ly Water Brut IPA \u1ee7 nguy\u00ean ch\u1ea5t v\u1edbi g\u1ea1o t\u1eeb mi\u1ec1n B\u1eafc Vi\u1ec7t Nam.\",\"breadcrumb\":{\"@id\":\"http:\/\/52.77.24.187\/vi\/san-pham\/overmorrow-is-today-ho-ly-water-brut-ipa\/#breadcrumb\"},\"inLanguage\":\"vi-VN\",\"potentialAction\":[{\"@type\":\"ReadAction\",\"target\":[\"http:\/\/52.77.24.187\/vi\/san-pham\/overmorrow-is-today-ho-ly-water-brut-ipa\/\"]}]},{\"@type\":\"ImageObject\",\"inLanguage\":\"vi-VN\",\"@id\":\"http:\/\/52.77.24.187\/vi\/san-pham\/overmorrow-is-today-ho-ly-water-brut-ipa\/#primaryimage\",\"url\":\"https:\/\/mlsrfcxkkbzg.i.optimole.com\/cb:JbP2.215d7\/w:auto\/h:auto\/q:mauto\/ig:avif\/https:\/\/thebottleshop.vn\/wp-content\/uploads\/2024\/10\/Overmorrow-Is-Today-Ho-Ly-Water.png\",\"contentUrl\":\"https:\/\/mlsrfcxkkbzg.i.optimole.com\/cb:JbP2.215d7\/w:auto\/h:auto\/q:mauto\/ig:avif\/https:\/\/thebottleshop.vn\/wp-content\/uploads\/2024\/10\/Overmorrow-Is-Today-Ho-Ly-Water.png\",\"width\":1080,\"height\":1080,\"caption\":\"Overmorrow Is Today H\u1ed3 Ly Water Brut IPA\"},{\"@type\":\"BreadcrumbList\",\"@id\":\"http:\/\/52.77.24.187\/vi\/san-pham\/overmorrow-is-today-ho-ly-water-brut-ipa\/#breadcrumb\",\"itemListElement\":[{\"@type\":\"ListItem\",\"position\":1,\"name\":\"Home\",\"item\":\"http:\/\/52.77.24.187\/vi\/test-popup-vi\/\"},{\"@type\":\"ListItem\",\"position\":2,\"name\":\"C\u1eeda h\u00e0ng\",\"item\":\"http:\/\/52.77.24.187\/vi\/cua-hang\/\"},{\"@type\":\"ListItem\",\"position\":3,\"name\":\"Overmorrow Is Today H\u1ed3 Ly Water Brut IPA\"}]},{\"@type\":\"WebSite\",\"@id\":\"http:\/\/52.77.24.187\/#website\",\"url\":\"http:\/\/52.77.24.187\/\",\"name\":\"The Bottle Shop\",\"description\":\"All beers are not created equal\",\"publisher\":{\"@id\":\"http:\/\/52.77.24.187\/#organization\"},\"potentialAction\":[{\"@type\":\"SearchAction\",\"target\":{\"@type\":\"EntryPoint\",\"urlTemplate\":\"http:\/\/52.77.24.187\/?s={search_term_string}\"},\"query-input\":{\"@type\":\"PropertyValueSpecification\",\"valueRequired\":true,\"valueName\":\"search_term_string\"}}],\"inLanguage\":\"vi-VN\"},{\"@type\":\"Organization\",\"@id\":\"http:\/\/52.77.24.187\/#organization\",\"name\":\"The Bottle Shop\",\"url\":\"http:\/\/52.77.24.187\/\",\"logo\":{\"@type\":\"ImageObject\",\"inLanguage\":\"vi-VN\",\"@id\":\"http:\/\/52.77.24.187\/#\/schema\/logo\/image\/\",\"url\":\"https:\/\/mlsrfcxkkbzg.i.optimole.com\/cb:JbP2.215d7\/w:auto\/h:auto\/q:mauto\/ig:avif\/https:\/\/thebottleshop.vn\/wp-content\/uploads\/2022\/10\/The-Bottle-Shop-Online-Logo.png\",\"contentUrl\":\"https:\/\/mlsrfcxkkbzg.i.optimole.com\/cb:JbP2.215d7\/w:auto\/h:auto\/q:mauto\/ig:avif\/https:\/\/thebottleshop.vn\/wp-content\/uploads\/2022\/10\/The-Bottle-Shop-Online-Logo.png\",\"width\":145,\"height\":147,\"caption\":\"The Bottle Shop\"},\"image\":{\"@id\":\"http:\/\/52.77.24.187\/#\/schema\/logo\/image\/\"},\"sameAs\":[\"https:\/\/www.facebook.com\/thebottleshopvietnam\",\"https:\/\/www.instagram.com\/thebottleshop_vietnam\/\"]}]}<\/script>\n<!-- \/ Yoast SEO plugin. -->","yoast_head_json":{"title":"Overmorrow Is Today H\u1ed3 Ly Water Brut IPA - The Bottle Shop","description":"TH\u1ee8 5 H\u00c0NG TU\u1ea6N, MUA 2 T\u1eb6NG 1 V\u00cc OVERMORROW IS TODAY! Overmorrow H\u1ed3 Ly Water Brut IPA \u1ee7 nguy\u00ean ch\u1ea5t v\u1edbi g\u1ea1o t\u1eeb mi\u1ec1n B\u1eafc Vi\u1ec7t Nam.","robots":{"index":"index","follow":"follow","max-snippet":"max-snippet:-1","max-image-preview":"max-image-preview:large","max-video-preview":"max-video-preview:-1"},"canonical":"http:\/\/52.77.24.187\/vi\/san-pham\/overmorrow-is-today-ho-ly-water-brut-ipa\/","og_locale":"vi_VN","og_type":"article","og_title":"Overmorrow Is Today H\u1ed3 Ly Water Brut IPA - The Bottle Shop","og_description":"TH\u1ee8 5 H\u00c0NG TU\u1ea6N, MUA 2 T\u1eb6NG 1 V\u00cc OVERMORROW IS TODAY! Overmorrow H\u1ed3 Ly Water Brut IPA \u1ee7 nguy\u00ean ch\u1ea5t v\u1edbi g\u1ea1o t\u1eeb mi\u1ec1n B\u1eafc Vi\u1ec7t Nam.","og_url":"http:\/\/52.77.24.187\/vi\/san-pham\/overmorrow-is-today-ho-ly-water-brut-ipa\/","og_site_name":"The Bottle Shop","article_publisher":"https:\/\/www.facebook.com\/thebottleshopvietnam","article_modified_time":"2024-10-10T06:23:39+00:00","og_image":[{"width":1080,"height":1080,"url":"https:\/\/mlsrfcxkkbzg.i.optimole.com\/cb:JbP2.215d7\/w:auto\/h:auto\/q:mauto\/ig:avif\/http:\/\/52.77.24.187\/wp-content\/uploads\/2024\/10\/Overmorrow-Is-Today-Ho-Ly-Water.png","type":"image\/png"}],"twitter_card":"summary_large_image","twitter_misc":{"Est. reading time":"1 minute"},"schema":{"@context":"https:\/\/schema.org","@graph":[{"@type":"WebPage","@id":"http:\/\/52.77.24.187\/vi\/san-pham\/overmorrow-is-today-ho-ly-water-brut-ipa\/","url":"http:\/\/52.77.24.187\/vi\/san-pham\/overmorrow-is-today-ho-ly-water-brut-ipa\/","name":"Overmorrow Is Today H\u1ed3 Ly Water Brut IPA - The Bottle Shop","isPartOf":{"@id":"http:\/\/52.77.24.187\/#website"},"primaryImageOfPage":{"@id":"http:\/\/52.77.24.187\/vi\/san-pham\/overmorrow-is-today-ho-ly-water-brut-ipa\/#primaryimage"},"image":{"@id":"http:\/\/52.77.24.187\/vi\/san-pham\/overmorrow-is-today-ho-ly-water-brut-ipa\/#primaryimage"},"thumbnailUrl":"https:\/\/mlsrfcxkkbzg.i.optimole.com\/cb:JbP2.215d7\/w:auto\/h:auto\/q:mauto\/ig:avif\/https:\/\/thebottleshop.vn\/wp-content\/uploads\/2024\/10\/Overmorrow-Is-Today-Ho-Ly-Water.png","datePublished":"2024-10-10T06:15:42+00:00","dateModified":"2024-10-10T06:23:39+00:00","description":"TH\u1ee8 5 H\u00c0NG TU\u1ea6N, MUA 2 T\u1eb6NG 1 V\u00cc OVERMORROW IS TODAY! Overmorrow H\u1ed3 Ly Water Brut IPA \u1ee7 nguy\u00ean ch\u1ea5t v\u1edbi g\u1ea1o t\u1eeb mi\u1ec1n B\u1eafc Vi\u1ec7t Nam.","breadcrumb":{"@id":"http:\/\/52.77.24.187\/vi\/san-pham\/overmorrow-is-today-ho-ly-water-brut-ipa\/#breadcrumb"},"inLanguage":"vi-VN","potentialAction":[{"@type":"ReadAction","target":["http:\/\/52.77.24.187\/vi\/san-pham\/overmorrow-is-today-ho-ly-water-brut-ipa\/"]}]},{"@type":"ImageObject","inLanguage":"vi-VN","@id":"http:\/\/52.77.24.187\/vi\/san-pham\/overmorrow-is-today-ho-ly-water-brut-ipa\/#primaryimage","url":"https:\/\/mlsrfcxkkbzg.i.optimole.com\/cb:JbP2.215d7\/w:auto\/h:auto\/q:mauto\/ig:avif\/https:\/\/thebottleshop.vn\/wp-content\/uploads\/2024\/10\/Overmorrow-Is-Today-Ho-Ly-Water.png","contentUrl":"https:\/\/mlsrfcxkkbzg.i.optimole.com\/cb:JbP2.215d7\/w:auto\/h:auto\/q:mauto\/ig:avif\/https:\/\/thebottleshop.vn\/wp-content\/uploads\/2024\/10\/Overmorrow-Is-Today-Ho-Ly-Water.png","width":1080,"height":1080,"caption":"Overmorrow Is Today H\u1ed3 Ly Water Brut IPA"},{"@type":"BreadcrumbList","@id":"http:\/\/52.77.24.187\/vi\/san-pham\/overmorrow-is-today-ho-ly-water-brut-ipa\/#breadcrumb","itemListElement":[{"@type":"ListItem","position":1,"name":"Home","item":"http:\/\/52.77.24.187\/vi\/test-popup-vi\/"},{"@type":"ListItem","position":2,"name":"C\u1eeda h\u00e0ng","item":"http:\/\/52.77.24.187\/vi\/cua-hang\/"},{"@type":"ListItem","position":3,"name":"Overmorrow Is Today H\u1ed3 Ly Water Brut IPA"}]},{"@type":"WebSite","@id":"http:\/\/52.77.24.187\/#website","url":"http:\/\/52.77.24.187\/","name":"The Bottle Shop","description":"All beers are not created equal","publisher":{"@id":"http:\/\/52.77.24.187\/#organization"},"potentialAction":[{"@type":"SearchAction","target":{"@type":"EntryPoint","urlTemplate":"http:\/\/52.77.24.187\/?s={search_term_string}"},"query-input":{"@type":"PropertyValueSpecification","valueRequired":true,"valueName":"search_term_string"}}],"inLanguage":"vi-VN"},{"@type":"Organization","@id":"http:\/\/52.77.24.187\/#organization","name":"The Bottle Shop","url":"http:\/\/52.77.24.187\/","logo":{"@type":"ImageObject","inLanguage":"vi-VN","@id":"http:\/\/52.77.24.187\/#\/schema\/logo\/image\/","url":"https:\/\/mlsrfcxkkbzg.i.optimole.com\/cb:JbP2.215d7\/w:auto\/h:auto\/q:mauto\/ig:avif\/https:\/\/thebottleshop.vn\/wp-content\/uploads\/2022\/10\/The-Bottle-Shop-Online-Logo.png","contentUrl":"https:\/\/mlsrfcxkkbzg.i.optimole.com\/cb:JbP2.215d7\/w:auto\/h:auto\/q:mauto\/ig:avif\/https:\/\/thebottleshop.vn\/wp-content\/uploads\/2022\/10\/The-Bottle-Shop-Online-Logo.png","width":145,"height":147,"caption":"The Bottle Shop"},"image":{"@id":"http:\/\/52.77.24.187\/#\/schema\/logo\/image\/"},"sameAs":["https:\/\/www.facebook.com\/thebottleshopvietnam","https:\/\/www.instagram.com\/thebottleshop_vietnam\/"]}]}},"_links":{"self":[{"href":"https:\/\/thebottleshop.vn\/vi\/wp-json\/wp\/v2\/product\/20655","targetHints":{"allow":["GET"]}}],"collection":[{"href":"https:\/\/thebottleshop.vn\/vi\/wp-json\/wp\/v2\/product"}],"about":[{"href":"https:\/\/thebottleshop.vn\/vi\/wp-json\/wp\/v2\/types\/product"}],"replies":[{"embeddable":true,"href":"https:\/\/thebottleshop.vn\/vi\/wp-json\/wp\/v2\/comments?post=20655"}],"wp:featuredmedia":[{"embeddable":true,"href":"https:\/\/thebottleshop.vn\/vi\/wp-json\/wp\/v2\/media\/20628"}],"wp:attachment":[{"href":"https:\/\/thebottleshop.vn\/vi\/wp-json\/wp\/v2\/media?parent=20655"}],"wp:term":[{"taxonomy":"product_brand","embeddable":true,"href":"https:\/\/thebottleshop.vn\/vi\/wp-json\/wp\/v2\/product_brand?post=20655"},{"taxonomy":"product_cat","embeddable":true,"href":"https:\/\/thebottleshop.vn\/vi\/wp-json\/wp\/v2\/product_cat?post=20655"},{"taxonomy":"product_tag","embeddable":true,"href":"https:\/\/thebottleshop.vn\/vi\/wp-json\/wp\/v2\/product_tag?post=20655"}],"curies":[{"name":"wp","href":"https:\/\/api.w.org\/{rel}","templated":true}]}}