{"id":20660,"date":"2024-10-10T13:50:08","date_gmt":"2024-10-10T06:50:08","guid":{"rendered":"https:\/\/thebottleshop.vn\/product\/overmorrow-is-today-ha-noi-weisse\/"},"modified":"2024-10-10T13:51:56","modified_gmt":"2024-10-10T06:51:56","slug":"overmorrow-is-today-ha-noi-weisse","status":"publish","type":"product","link":"https:\/\/thebottleshop.vn\/vi\/san-pham\/overmorrow-is-today-ha-noi-weisse\/","title":{"rendered":"Overmorrow Is Today H\u00e0 N\u1ed9i Weisse"},"content":{"rendered":"<p>TH\u1ee8 5 H\u00c0NG TU\u1ea6N, MUA 2 T\u1eb6NG 1 V\u00cc OVERMORROW IS TODAY!<\/p>\n<p>Overmorrow H\u00e0 N\u1ed9i Weisse l\u00e0 m\u1ed9t phi\u00ean b\u1ea3n \u0111\u1eadm ch\u1ea5t \u0111\u1ecba ph\u01b0\u01a1ng tinh t\u1ebf \u0111\u01b0\u1ee3c bi\u1ebfn th\u1ec3 t\u1eeb Berliner Weisse, s\u1eed d\u1ee5ng men bia brettanomyces truy\u1ec1n th\u1ed1ng v\u00e0 c\u00e1c lo\u1ea1i men bia ale \u0111\u1ec3 t\u1ea1o ra m\u1ed9t lo\u1ea1i bia chua t\u01b0\u01a1i m\u00e1t, s\u1ea3ng kho\u00e1i. V\u1edbi lo\u1ea1i bia chua thanh, m\u00e1t d\u1ecbu n\u00e0y, Overmorrow \u0111\u00e3 mang m\u1ed9t h\u01b0\u01a1ng v\u1ecb Berlin c\u1ed5 k\u00ednh t\u1edbi H\u00e0 N\u1ed9i hi\u1ec7n \u0111\u1ea1i, v\u00e0 l\u00e0 lo\u1ea1i bia ho\u00e0n h\u1ea3o \u0111\u1ec3 g\u1ee3i l\u00ean nh\u1eefng suy ngh\u0129 v\u1ec1 bi\u1ec3n v\u00e0 n\u1eafng, cho d\u00f9 b\u1ea1n \u1edf \u0111\u00e2u. <\/p>\n<p>C\u1ea3 ng\u00e0y th\u1ee9 5 h\u00e0ng tu\u1ea5n, ch\u1ec9 c\u00f3 t\u1ea1i The Bottle Shop Online!<\/p>\n<p>\u2014\u2013<br \/>\nXem th\u01b0 vi\u1ec7n h\u00ecnh \u1ea3nh \u0111\u1ec3 bi\u1ebft th\u00eam th\u00f4ng tin chi ti\u1ebft v\u1ec1 ngu\u1ed3n g\u1ed1c, th\u00e0nh ph\u1ea7n v\u00e0 h\u01b0\u1edbng d\u1eabn s\u1eed d\u1ee5ng c\u1ee7a s\u1ea3n ph\u1ea9m.<\/p>\n","protected":false},"excerpt":{"rendered":"<p><strong>Nh\u1eb9, Chua, S\u1ea3ng kho\u00e1i 3%<\/strong><\/p>\n","protected":false},"featured_media":20626,"comment_status":"open","ping_status":"closed","template":"","meta":{"_acf_changed":false},"product_brand":[],"product_cat":[378,385,390,346,337,355,351,366,345,377,339,341,352,685,361,471],"product_tag":[],"class_list":{"0":"post-20660","1":"product","2":"type-product","3":"status-publish","4":"has-post-thumbnail","6":"product_cat-00-19","7":"product_cat-top-deals","8":"product_cat-vietnam-hanoi","9":"product_cat-0-3-9","10":"product_cat-bia-va-cider","11":"product_cat-150k-199k","12":"product_cat-dong-bia","13":"product_cat-nha-san-xuat","14":"product_cat-abv-vi","15":"product_cat-ibu","16":"product_cat-xuat-xu","17":"product_cat-dong-goi","18":"product_cat-gia","19":"product_cat-chai-3x330ml","20":"product_cat-sour","21":"product_cat-overmorrow-brewing-co","23":"first","24":"outofstock","25":"sale","26":"shipping-taxable","27":"purchasable","28":"product-type-simple","29":"add-to-wishlist-before_image"},"acf":[],"yoast_head":"<!-- This site is optimized with the Yoast SEO plugin v27.2 - https:\/\/yoast.com\/product\/yoast-seo-wordpress\/ -->\n<title>Overmorrow Is Today H\u00e0 N\u1ed9i Weisse - The Bottle Shop<\/title>\n<meta name=\"description\" content=\"TH\u1ee8 5 H\u00c0NG TU\u1ea6N, MUA 2 T\u1eb6NG 1 V\u00cc OVERMORROW IS TODAY! Overmorrow H\u00e0 N\u1ed9i Weisse l\u00e0 m\u1ed9t phi\u00ean b\u1ea3n \u0111\u1eadm ch\u1ea5t \u0111\u1ecba ph\u01b0\u01a1ng tinh t\u1ebf \u0111\u01b0\u1ee3c bi\u1ebfn th\u1ec3 t\u1eeb Berliner Weisse.\" \/>\n<meta name=\"robots\" content=\"index, follow, max-snippet:-1, max-image-preview:large, max-video-preview:-1\" \/>\n<link rel=\"canonical\" href=\"http:\/\/52.77.24.187\/vi\/san-pham\/overmorrow-is-today-ha-noi-weisse\/\" \/>\n<meta property=\"og:locale\" content=\"vi_VN\" \/>\n<meta property=\"og:type\" content=\"article\" \/>\n<meta property=\"og:title\" content=\"Overmorrow Is Today H\u00e0 N\u1ed9i Weisse - The Bottle Shop\" \/>\n<meta property=\"og:description\" content=\"TH\u1ee8 5 H\u00c0NG TU\u1ea6N, MUA 2 T\u1eb6NG 1 V\u00cc OVERMORROW IS TODAY! Overmorrow H\u00e0 N\u1ed9i Weisse l\u00e0 m\u1ed9t phi\u00ean b\u1ea3n \u0111\u1eadm ch\u1ea5t \u0111\u1ecba ph\u01b0\u01a1ng tinh t\u1ebf \u0111\u01b0\u1ee3c bi\u1ebfn th\u1ec3 t\u1eeb Berliner Weisse.\" \/>\n<meta property=\"og:url\" content=\"http:\/\/52.77.24.187\/vi\/san-pham\/overmorrow-is-today-ha-noi-weisse\/\" \/>\n<meta property=\"og:site_name\" content=\"The Bottle Shop\" \/>\n<meta property=\"article:publisher\" content=\"https:\/\/www.facebook.com\/thebottleshopvietnam\" \/>\n<meta property=\"article:modified_time\" content=\"2024-10-10T06:51:56+00:00\" \/>\n<meta property=\"og:image\" content=\"https:\/\/mlsrfcxkkbzg.i.optimole.com\/cb:JbP2.215d7\/w:auto\/h:auto\/q:mauto\/ig:avif\/http:\/\/52.77.24.187\/wp-content\/uploads\/2024\/10\/Overmorrow-Is-Today-Ha-Noi-Weisse.png\" \/>\n\t<meta property=\"og:image:width\" content=\"1080\" \/>\n\t<meta property=\"og:image:height\" content=\"1080\" \/>\n\t<meta property=\"og:image:type\" content=\"image\/png\" \/>\n<meta name=\"twitter:card\" content=\"summary_large_image\" \/>\n<meta name=\"twitter:label1\" content=\"Est. reading time\" \/>\n\t<meta name=\"twitter:data1\" content=\"1 minute\" \/>\n<script type=\"application\/ld+json\" class=\"yoast-schema-graph\">{\"@context\":\"https:\/\/schema.org\",\"@graph\":[{\"@type\":\"WebPage\",\"@id\":\"http:\/\/52.77.24.187\/vi\/san-pham\/overmorrow-is-today-ha-noi-weisse\/\",\"url\":\"http:\/\/52.77.24.187\/vi\/san-pham\/overmorrow-is-today-ha-noi-weisse\/\",\"name\":\"Overmorrow Is Today H\u00e0 N\u1ed9i Weisse - The Bottle Shop\",\"isPartOf\":{\"@id\":\"http:\/\/52.77.24.187\/#website\"},\"primaryImageOfPage\":{\"@id\":\"http:\/\/52.77.24.187\/vi\/san-pham\/overmorrow-is-today-ha-noi-weisse\/#primaryimage\"},\"image\":{\"@id\":\"http:\/\/52.77.24.187\/vi\/san-pham\/overmorrow-is-today-ha-noi-weisse\/#primaryimage\"},\"thumbnailUrl\":\"https:\/\/mlsrfcxkkbzg.i.optimole.com\/cb:JbP2.215d7\/w:auto\/h:auto\/q:mauto\/ig:avif\/https:\/\/thebottleshop.vn\/wp-content\/uploads\/2024\/10\/Overmorrow-Is-Today-Ha-Noi-Weisse.png\",\"datePublished\":\"2024-10-10T06:50:08+00:00\",\"dateModified\":\"2024-10-10T06:51:56+00:00\",\"description\":\"TH\u1ee8 5 H\u00c0NG TU\u1ea6N, MUA 2 T\u1eb6NG 1 V\u00cc OVERMORROW IS TODAY! Overmorrow H\u00e0 N\u1ed9i Weisse l\u00e0 m\u1ed9t phi\u00ean b\u1ea3n \u0111\u1eadm ch\u1ea5t \u0111\u1ecba ph\u01b0\u01a1ng tinh t\u1ebf \u0111\u01b0\u1ee3c bi\u1ebfn th\u1ec3 t\u1eeb Berliner Weisse.\",\"breadcrumb\":{\"@id\":\"http:\/\/52.77.24.187\/vi\/san-pham\/overmorrow-is-today-ha-noi-weisse\/#breadcrumb\"},\"inLanguage\":\"vi-VN\",\"potentialAction\":[{\"@type\":\"ReadAction\",\"target\":[\"http:\/\/52.77.24.187\/vi\/san-pham\/overmorrow-is-today-ha-noi-weisse\/\"]}]},{\"@type\":\"ImageObject\",\"inLanguage\":\"vi-VN\",\"@id\":\"http:\/\/52.77.24.187\/vi\/san-pham\/overmorrow-is-today-ha-noi-weisse\/#primaryimage\",\"url\":\"https:\/\/mlsrfcxkkbzg.i.optimole.com\/cb:JbP2.215d7\/w:auto\/h:auto\/q:mauto\/ig:avif\/https:\/\/thebottleshop.vn\/wp-content\/uploads\/2024\/10\/Overmorrow-Is-Today-Ha-Noi-Weisse.png\",\"contentUrl\":\"https:\/\/mlsrfcxkkbzg.i.optimole.com\/cb:JbP2.215d7\/w:auto\/h:auto\/q:mauto\/ig:avif\/https:\/\/thebottleshop.vn\/wp-content\/uploads\/2024\/10\/Overmorrow-Is-Today-Ha-Noi-Weisse.png\",\"width\":1080,\"height\":1080,\"caption\":\"Overmorrow Is Today H\u00e0 N\u1ed9i Weisse Vietnamese Sour\"},{\"@type\":\"BreadcrumbList\",\"@id\":\"http:\/\/52.77.24.187\/vi\/san-pham\/overmorrow-is-today-ha-noi-weisse\/#breadcrumb\",\"itemListElement\":[{\"@type\":\"ListItem\",\"position\":1,\"name\":\"Home\",\"item\":\"http:\/\/52.77.24.187\/vi\/test-popup-vi\/\"},{\"@type\":\"ListItem\",\"position\":2,\"name\":\"C\u1eeda h\u00e0ng\",\"item\":\"http:\/\/52.77.24.187\/vi\/cua-hang\/\"},{\"@type\":\"ListItem\",\"position\":3,\"name\":\"Overmorrow Is Today H\u00e0 N\u1ed9i Weisse\"}]},{\"@type\":\"WebSite\",\"@id\":\"http:\/\/52.77.24.187\/#website\",\"url\":\"http:\/\/52.77.24.187\/\",\"name\":\"The Bottle Shop\",\"description\":\"All beers are not created equal\",\"publisher\":{\"@id\":\"http:\/\/52.77.24.187\/#organization\"},\"potentialAction\":[{\"@type\":\"SearchAction\",\"target\":{\"@type\":\"EntryPoint\",\"urlTemplate\":\"http:\/\/52.77.24.187\/?s={search_term_string}\"},\"query-input\":{\"@type\":\"PropertyValueSpecification\",\"valueRequired\":true,\"valueName\":\"search_term_string\"}}],\"inLanguage\":\"vi-VN\"},{\"@type\":\"Organization\",\"@id\":\"http:\/\/52.77.24.187\/#organization\",\"name\":\"The Bottle Shop\",\"url\":\"http:\/\/52.77.24.187\/\",\"logo\":{\"@type\":\"ImageObject\",\"inLanguage\":\"vi-VN\",\"@id\":\"http:\/\/52.77.24.187\/#\/schema\/logo\/image\/\",\"url\":\"https:\/\/mlsrfcxkkbzg.i.optimole.com\/cb:JbP2.215d7\/w:auto\/h:auto\/q:mauto\/ig:avif\/https:\/\/thebottleshop.vn\/wp-content\/uploads\/2022\/10\/The-Bottle-Shop-Online-Logo.png\",\"contentUrl\":\"https:\/\/mlsrfcxkkbzg.i.optimole.com\/cb:JbP2.215d7\/w:auto\/h:auto\/q:mauto\/ig:avif\/https:\/\/thebottleshop.vn\/wp-content\/uploads\/2022\/10\/The-Bottle-Shop-Online-Logo.png\",\"width\":145,\"height\":147,\"caption\":\"The Bottle Shop\"},\"image\":{\"@id\":\"http:\/\/52.77.24.187\/#\/schema\/logo\/image\/\"},\"sameAs\":[\"https:\/\/www.facebook.com\/thebottleshopvietnam\",\"https:\/\/www.instagram.com\/thebottleshop_vietnam\/\"]}]}<\/script>\n<!-- \/ Yoast SEO plugin. -->","yoast_head_json":{"title":"Overmorrow Is Today H\u00e0 N\u1ed9i Weisse - The Bottle Shop","description":"TH\u1ee8 5 H\u00c0NG TU\u1ea6N, MUA 2 T\u1eb6NG 1 V\u00cc OVERMORROW IS TODAY! Overmorrow H\u00e0 N\u1ed9i Weisse l\u00e0 m\u1ed9t phi\u00ean b\u1ea3n \u0111\u1eadm ch\u1ea5t \u0111\u1ecba ph\u01b0\u01a1ng tinh t\u1ebf \u0111\u01b0\u1ee3c bi\u1ebfn th\u1ec3 t\u1eeb Berliner Weisse.","robots":{"index":"index","follow":"follow","max-snippet":"max-snippet:-1","max-image-preview":"max-image-preview:large","max-video-preview":"max-video-preview:-1"},"canonical":"http:\/\/52.77.24.187\/vi\/san-pham\/overmorrow-is-today-ha-noi-weisse\/","og_locale":"vi_VN","og_type":"article","og_title":"Overmorrow Is Today H\u00e0 N\u1ed9i Weisse - The Bottle Shop","og_description":"TH\u1ee8 5 H\u00c0NG TU\u1ea6N, MUA 2 T\u1eb6NG 1 V\u00cc OVERMORROW IS TODAY! Overmorrow H\u00e0 N\u1ed9i Weisse l\u00e0 m\u1ed9t phi\u00ean b\u1ea3n \u0111\u1eadm ch\u1ea5t \u0111\u1ecba ph\u01b0\u01a1ng tinh t\u1ebf \u0111\u01b0\u1ee3c bi\u1ebfn th\u1ec3 t\u1eeb Berliner Weisse.","og_url":"http:\/\/52.77.24.187\/vi\/san-pham\/overmorrow-is-today-ha-noi-weisse\/","og_site_name":"The Bottle Shop","article_publisher":"https:\/\/www.facebook.com\/thebottleshopvietnam","article_modified_time":"2024-10-10T06:51:56+00:00","og_image":[{"width":1080,"height":1080,"url":"https:\/\/mlsrfcxkkbzg.i.optimole.com\/cb:JbP2.215d7\/w:auto\/h:auto\/q:mauto\/ig:avif\/http:\/\/52.77.24.187\/wp-content\/uploads\/2024\/10\/Overmorrow-Is-Today-Ha-Noi-Weisse.png","type":"image\/png"}],"twitter_card":"summary_large_image","twitter_misc":{"Est. reading time":"1 minute"},"schema":{"@context":"https:\/\/schema.org","@graph":[{"@type":"WebPage","@id":"http:\/\/52.77.24.187\/vi\/san-pham\/overmorrow-is-today-ha-noi-weisse\/","url":"http:\/\/52.77.24.187\/vi\/san-pham\/overmorrow-is-today-ha-noi-weisse\/","name":"Overmorrow Is Today H\u00e0 N\u1ed9i Weisse - The Bottle Shop","isPartOf":{"@id":"http:\/\/52.77.24.187\/#website"},"primaryImageOfPage":{"@id":"http:\/\/52.77.24.187\/vi\/san-pham\/overmorrow-is-today-ha-noi-weisse\/#primaryimage"},"image":{"@id":"http:\/\/52.77.24.187\/vi\/san-pham\/overmorrow-is-today-ha-noi-weisse\/#primaryimage"},"thumbnailUrl":"https:\/\/mlsrfcxkkbzg.i.optimole.com\/cb:JbP2.215d7\/w:auto\/h:auto\/q:mauto\/ig:avif\/https:\/\/thebottleshop.vn\/wp-content\/uploads\/2024\/10\/Overmorrow-Is-Today-Ha-Noi-Weisse.png","datePublished":"2024-10-10T06:50:08+00:00","dateModified":"2024-10-10T06:51:56+00:00","description":"TH\u1ee8 5 H\u00c0NG TU\u1ea6N, MUA 2 T\u1eb6NG 1 V\u00cc OVERMORROW IS TODAY! Overmorrow H\u00e0 N\u1ed9i Weisse l\u00e0 m\u1ed9t phi\u00ean b\u1ea3n \u0111\u1eadm ch\u1ea5t \u0111\u1ecba ph\u01b0\u01a1ng tinh t\u1ebf \u0111\u01b0\u1ee3c bi\u1ebfn th\u1ec3 t\u1eeb Berliner Weisse.","breadcrumb":{"@id":"http:\/\/52.77.24.187\/vi\/san-pham\/overmorrow-is-today-ha-noi-weisse\/#breadcrumb"},"inLanguage":"vi-VN","potentialAction":[{"@type":"ReadAction","target":["http:\/\/52.77.24.187\/vi\/san-pham\/overmorrow-is-today-ha-noi-weisse\/"]}]},{"@type":"ImageObject","inLanguage":"vi-VN","@id":"http:\/\/52.77.24.187\/vi\/san-pham\/overmorrow-is-today-ha-noi-weisse\/#primaryimage","url":"https:\/\/mlsrfcxkkbzg.i.optimole.com\/cb:JbP2.215d7\/w:auto\/h:auto\/q:mauto\/ig:avif\/https:\/\/thebottleshop.vn\/wp-content\/uploads\/2024\/10\/Overmorrow-Is-Today-Ha-Noi-Weisse.png","contentUrl":"https:\/\/mlsrfcxkkbzg.i.optimole.com\/cb:JbP2.215d7\/w:auto\/h:auto\/q:mauto\/ig:avif\/https:\/\/thebottleshop.vn\/wp-content\/uploads\/2024\/10\/Overmorrow-Is-Today-Ha-Noi-Weisse.png","width":1080,"height":1080,"caption":"Overmorrow Is Today H\u00e0 N\u1ed9i Weisse Vietnamese Sour"},{"@type":"BreadcrumbList","@id":"http:\/\/52.77.24.187\/vi\/san-pham\/overmorrow-is-today-ha-noi-weisse\/#breadcrumb","itemListElement":[{"@type":"ListItem","position":1,"name":"Home","item":"http:\/\/52.77.24.187\/vi\/test-popup-vi\/"},{"@type":"ListItem","position":2,"name":"C\u1eeda h\u00e0ng","item":"http:\/\/52.77.24.187\/vi\/cua-hang\/"},{"@type":"ListItem","position":3,"name":"Overmorrow Is Today H\u00e0 N\u1ed9i Weisse"}]},{"@type":"WebSite","@id":"http:\/\/52.77.24.187\/#website","url":"http:\/\/52.77.24.187\/","name":"The Bottle Shop","description":"All beers are not created equal","publisher":{"@id":"http:\/\/52.77.24.187\/#organization"},"potentialAction":[{"@type":"SearchAction","target":{"@type":"EntryPoint","urlTemplate":"http:\/\/52.77.24.187\/?s={search_term_string}"},"query-input":{"@type":"PropertyValueSpecification","valueRequired":true,"valueName":"search_term_string"}}],"inLanguage":"vi-VN"},{"@type":"Organization","@id":"http:\/\/52.77.24.187\/#organization","name":"The Bottle Shop","url":"http:\/\/52.77.24.187\/","logo":{"@type":"ImageObject","inLanguage":"vi-VN","@id":"http:\/\/52.77.24.187\/#\/schema\/logo\/image\/","url":"https:\/\/mlsrfcxkkbzg.i.optimole.com\/cb:JbP2.215d7\/w:auto\/h:auto\/q:mauto\/ig:avif\/https:\/\/thebottleshop.vn\/wp-content\/uploads\/2022\/10\/The-Bottle-Shop-Online-Logo.png","contentUrl":"https:\/\/mlsrfcxkkbzg.i.optimole.com\/cb:JbP2.215d7\/w:auto\/h:auto\/q:mauto\/ig:avif\/https:\/\/thebottleshop.vn\/wp-content\/uploads\/2022\/10\/The-Bottle-Shop-Online-Logo.png","width":145,"height":147,"caption":"The Bottle Shop"},"image":{"@id":"http:\/\/52.77.24.187\/#\/schema\/logo\/image\/"},"sameAs":["https:\/\/www.facebook.com\/thebottleshopvietnam","https:\/\/www.instagram.com\/thebottleshop_vietnam\/"]}]}},"_links":{"self":[{"href":"https:\/\/thebottleshop.vn\/vi\/wp-json\/wp\/v2\/product\/20660","targetHints":{"allow":["GET"]}}],"collection":[{"href":"https:\/\/thebottleshop.vn\/vi\/wp-json\/wp\/v2\/product"}],"about":[{"href":"https:\/\/thebottleshop.vn\/vi\/wp-json\/wp\/v2\/types\/product"}],"replies":[{"embeddable":true,"href":"https:\/\/thebottleshop.vn\/vi\/wp-json\/wp\/v2\/comments?post=20660"}],"wp:featuredmedia":[{"embeddable":true,"href":"https:\/\/thebottleshop.vn\/vi\/wp-json\/wp\/v2\/media\/20626"}],"wp:attachment":[{"href":"https:\/\/thebottleshop.vn\/vi\/wp-json\/wp\/v2\/media?parent=20660"}],"wp:term":[{"taxonomy":"product_brand","embeddable":true,"href":"https:\/\/thebottleshop.vn\/vi\/wp-json\/wp\/v2\/product_brand?post=20660"},{"taxonomy":"product_cat","embeddable":true,"href":"https:\/\/thebottleshop.vn\/vi\/wp-json\/wp\/v2\/product_cat?post=20660"},{"taxonomy":"product_tag","embeddable":true,"href":"https:\/\/thebottleshop.vn\/vi\/wp-json\/wp\/v2\/product_tag?post=20660"}],"curies":[{"name":"wp","href":"https:\/\/api.w.org\/{rel}","templated":true}]}}