{"id":20666,"date":"2024-10-10T14:19:01","date_gmt":"2024-10-10T07:19:01","guid":{"rendered":"https:\/\/thebottleshop.vn\/product\/overmorrow-is-today-seasonal-mix\/"},"modified":"2024-10-14T20:29:54","modified_gmt":"2024-10-14T13:29:54","slug":"overmorrow-is-today-seasonal-mix","status":"publish","type":"product","link":"https:\/\/thebottleshop.vn\/vi\/san-pham\/overmorrow-is-today-seasonal-mix\/","title":{"rendered":"Overmorrow Is Today Seasonal Mix"},"content":{"rendered":"<p>TH\u1ee8 5 H\u00c0NG TU\u1ea6N, MUA 2 T\u1eb6NG 1 V\u00cc OVERMORROW IS TODAY!<\/p>\n<p>B\u1ed9 s\u01b0u t\u1eadp theo m\u00f9a c\u1ee7a Overmorrow bao g\u1ed3m 3 lo\u1ea1i bia theo m\u00f9a s\u00e1ng t\u1ea1o \u0111\u01b0\u1ee3c s\u1ea3n xu\u1ea5t theo t\u1eebng \u0111\u1ee3t nh\u1ecf &#8211; H\u00e0 N\u1ed9i Weisse, Big N\u00e2u N\u00e2u v\u00e0 Quan T\u00e2m Leap Double IPA. Th\u01b0\u1edfng th\u1ee9c nh\u1eefng lo\u1ea1i bia h\u1ea3o h\u1ea1ng n\u00e0y s\u1ebd gi\u00fap b\u1ea1n hi\u1ec3u r\u00f5 h\u01a1n t\u1ea1i sao Overmorrow \u0111\u01b0\u1ee3c \u0111\u00e1nh gi\u00e1 l\u00e0 m\u1ed9t trong nh\u1eefng nh\u00e0 s\u1ea3n xu\u1ea5t bia th\u1ee7 c\u00f4ng s\u00e1ng t\u1ea1o nh\u1ea5t t\u1ea1i Vi\u1ec7t Nam.<\/p>\n<p>C\u1ea3 ng\u00e0y th\u1ee9 5 h\u00e0ng tu\u1ea5n, ch\u1ec9 c\u00f3 t\u1ea1i The Bottle Shop Online!<\/p>\n<p>\u2014\u2013<br \/>\nXem th\u01b0 vi\u1ec7n h\u00ecnh \u1ea3nh \u0111\u1ec3 bi\u1ebft th\u00eam th\u00f4ng tin chi ti\u1ebft v\u1ec1 ngu\u1ed3n g\u1ed1c, th\u00e0nh ph\u1ea7n v\u00e0 h\u01b0\u1edbng d\u1eabn s\u1eed d\u1ee5ng c\u1ee7a s\u1ea3n ph\u1ea9m.<\/p>\n","protected":false},"excerpt":{"rendered":"<p><strong>Chai 3x330ml<\/strong><\/p>\n","protected":false},"featured_media":20622,"comment_status":"open","ping_status":"closed","template":"","meta":{"_acf_changed":false},"product_brand":[],"product_cat":[385,390,337,355,351,366,339,341,352,359,685,361,471],"product_tag":[],"class_list":{"0":"post-20666","1":"product","2":"type-product","3":"status-publish","4":"has-post-thumbnail","6":"product_cat-top-deals","7":"product_cat-vietnam-hanoi","8":"product_cat-bia-va-cider","9":"product_cat-150k-199k","10":"product_cat-dong-bia","11":"product_cat-nha-san-xuat","12":"product_cat-xuat-xu","13":"product_cat-dong-goi","14":"product_cat-gia","15":"product_cat-ipa","16":"product_cat-chai-3x330ml","17":"product_cat-sour","18":"product_cat-overmorrow-brewing-co","20":"first","21":"outofstock","22":"sale","23":"shipping-taxable","24":"purchasable","25":"product-type-simple","26":"add-to-wishlist-before_image"},"acf":[],"yoast_head":"<!-- This site is optimized with the Yoast SEO plugin v27.2 - https:\/\/yoast.com\/product\/yoast-seo-wordpress\/ -->\n<title>Overmorrow Is Today Seasonal Mix - The Bottle Shop<\/title>\n<meta name=\"description\" content=\"TH\u1ee8 5 H\u00c0NG TU\u1ea6N, MUA 2 T\u1eb6NG 1 V\u00cc OVERMORROW IS TODAY! B\u1ed9 s\u01b0u t\u1eadp theo m\u00f9a bao g\u1ed3m 3 lo\u1ea1i bia theo m\u00f9a s\u00e1ng t\u1ea1o \u0111\u01b0\u1ee3c s\u1ea3n xu\u1ea5t theo t\u1eebng m\u1ebb nh\u1ecf.\" \/>\n<meta name=\"robots\" content=\"index, follow, max-snippet:-1, max-image-preview:large, max-video-preview:-1\" \/>\n<link rel=\"canonical\" href=\"http:\/\/52.77.24.187\/vi\/san-pham\/overmorrow-is-today-seasonal-mix\/\" \/>\n<meta property=\"og:locale\" content=\"vi_VN\" \/>\n<meta property=\"og:type\" content=\"article\" \/>\n<meta property=\"og:title\" content=\"Overmorrow Is Today Seasonal Mix - The Bottle Shop\" \/>\n<meta property=\"og:description\" content=\"TH\u1ee8 5 H\u00c0NG TU\u1ea6N, MUA 2 T\u1eb6NG 1 V\u00cc OVERMORROW IS TODAY! B\u1ed9 s\u01b0u t\u1eadp theo m\u00f9a bao g\u1ed3m 3 lo\u1ea1i bia theo m\u00f9a s\u00e1ng t\u1ea1o \u0111\u01b0\u1ee3c s\u1ea3n xu\u1ea5t theo t\u1eebng m\u1ebb nh\u1ecf.\" \/>\n<meta property=\"og:url\" content=\"http:\/\/52.77.24.187\/vi\/san-pham\/overmorrow-is-today-seasonal-mix\/\" \/>\n<meta property=\"og:site_name\" content=\"The Bottle Shop\" \/>\n<meta property=\"article:publisher\" content=\"https:\/\/www.facebook.com\/thebottleshopvietnam\" \/>\n<meta property=\"article:modified_time\" content=\"2024-10-14T13:29:54+00:00\" \/>\n<meta property=\"og:image\" content=\"https:\/\/mlsrfcxkkbzg.i.optimole.com\/cb:JbP2.215d7\/w:auto\/h:auto\/q:mauto\/ig:avif\/http:\/\/52.77.24.187\/wp-content\/uploads\/2024\/10\/Overmorrow-Is-Today-Seasonal-Mix.png\" \/>\n\t<meta property=\"og:image:width\" content=\"1080\" \/>\n\t<meta property=\"og:image:height\" content=\"1080\" \/>\n\t<meta property=\"og:image:type\" content=\"image\/png\" \/>\n<meta name=\"twitter:card\" content=\"summary_large_image\" \/>\n<meta name=\"twitter:label1\" content=\"Est. reading time\" \/>\n\t<meta name=\"twitter:data1\" content=\"1 minute\" \/>\n<script type=\"application\/ld+json\" class=\"yoast-schema-graph\">{\"@context\":\"https:\/\/schema.org\",\"@graph\":[{\"@type\":\"WebPage\",\"@id\":\"http:\/\/52.77.24.187\/vi\/san-pham\/overmorrow-is-today-seasonal-mix\/\",\"url\":\"http:\/\/52.77.24.187\/vi\/san-pham\/overmorrow-is-today-seasonal-mix\/\",\"name\":\"Overmorrow Is Today Seasonal Mix - The Bottle Shop\",\"isPartOf\":{\"@id\":\"http:\/\/52.77.24.187\/#website\"},\"primaryImageOfPage\":{\"@id\":\"http:\/\/52.77.24.187\/vi\/san-pham\/overmorrow-is-today-seasonal-mix\/#primaryimage\"},\"image\":{\"@id\":\"http:\/\/52.77.24.187\/vi\/san-pham\/overmorrow-is-today-seasonal-mix\/#primaryimage\"},\"thumbnailUrl\":\"https:\/\/mlsrfcxkkbzg.i.optimole.com\/cb:JbP2.215d7\/w:auto\/h:auto\/q:mauto\/ig:avif\/https:\/\/thebottleshop.vn\/wp-content\/uploads\/2024\/10\/Overmorrow-Is-Today-Seasonal-Mix.png\",\"datePublished\":\"2024-10-10T07:19:01+00:00\",\"dateModified\":\"2024-10-14T13:29:54+00:00\",\"description\":\"TH\u1ee8 5 H\u00c0NG TU\u1ea6N, MUA 2 T\u1eb6NG 1 V\u00cc OVERMORROW IS TODAY! B\u1ed9 s\u01b0u t\u1eadp theo m\u00f9a bao g\u1ed3m 3 lo\u1ea1i bia theo m\u00f9a s\u00e1ng t\u1ea1o \u0111\u01b0\u1ee3c s\u1ea3n xu\u1ea5t theo t\u1eebng m\u1ebb nh\u1ecf.\",\"breadcrumb\":{\"@id\":\"http:\/\/52.77.24.187\/vi\/san-pham\/overmorrow-is-today-seasonal-mix\/#breadcrumb\"},\"inLanguage\":\"vi-VN\",\"potentialAction\":[{\"@type\":\"ReadAction\",\"target\":[\"http:\/\/52.77.24.187\/vi\/san-pham\/overmorrow-is-today-seasonal-mix\/\"]}]},{\"@type\":\"ImageObject\",\"inLanguage\":\"vi-VN\",\"@id\":\"http:\/\/52.77.24.187\/vi\/san-pham\/overmorrow-is-today-seasonal-mix\/#primaryimage\",\"url\":\"https:\/\/mlsrfcxkkbzg.i.optimole.com\/cb:JbP2.215d7\/w:auto\/h:auto\/q:mauto\/ig:avif\/https:\/\/thebottleshop.vn\/wp-content\/uploads\/2024\/10\/Overmorrow-Is-Today-Seasonal-Mix.png\",\"contentUrl\":\"https:\/\/mlsrfcxkkbzg.i.optimole.com\/cb:JbP2.215d7\/w:auto\/h:auto\/q:mauto\/ig:avif\/https:\/\/thebottleshop.vn\/wp-content\/uploads\/2024\/10\/Overmorrow-Is-Today-Seasonal-Mix.png\",\"width\":1080,\"height\":1080,\"caption\":\"Overmorrow Is Today Seasonal Range Mix\"},{\"@type\":\"BreadcrumbList\",\"@id\":\"http:\/\/52.77.24.187\/vi\/san-pham\/overmorrow-is-today-seasonal-mix\/#breadcrumb\",\"itemListElement\":[{\"@type\":\"ListItem\",\"position\":1,\"name\":\"Home\",\"item\":\"http:\/\/52.77.24.187\/vi\/test-popup-vi\/\"},{\"@type\":\"ListItem\",\"position\":2,\"name\":\"C\u1eeda h\u00e0ng\",\"item\":\"http:\/\/52.77.24.187\/vi\/cua-hang\/\"},{\"@type\":\"ListItem\",\"position\":3,\"name\":\"Overmorrow Is Today Seasonal Mix\"}]},{\"@type\":\"WebSite\",\"@id\":\"http:\/\/52.77.24.187\/#website\",\"url\":\"http:\/\/52.77.24.187\/\",\"name\":\"The Bottle Shop\",\"description\":\"All beers are not created equal\",\"publisher\":{\"@id\":\"http:\/\/52.77.24.187\/#organization\"},\"potentialAction\":[{\"@type\":\"SearchAction\",\"target\":{\"@type\":\"EntryPoint\",\"urlTemplate\":\"http:\/\/52.77.24.187\/?s={search_term_string}\"},\"query-input\":{\"@type\":\"PropertyValueSpecification\",\"valueRequired\":true,\"valueName\":\"search_term_string\"}}],\"inLanguage\":\"vi-VN\"},{\"@type\":\"Organization\",\"@id\":\"http:\/\/52.77.24.187\/#organization\",\"name\":\"The Bottle Shop\",\"url\":\"http:\/\/52.77.24.187\/\",\"logo\":{\"@type\":\"ImageObject\",\"inLanguage\":\"vi-VN\",\"@id\":\"http:\/\/52.77.24.187\/#\/schema\/logo\/image\/\",\"url\":\"https:\/\/mlsrfcxkkbzg.i.optimole.com\/cb:JbP2.215d7\/w:auto\/h:auto\/q:mauto\/ig:avif\/https:\/\/thebottleshop.vn\/wp-content\/uploads\/2022\/10\/The-Bottle-Shop-Online-Logo.png\",\"contentUrl\":\"https:\/\/mlsrfcxkkbzg.i.optimole.com\/cb:JbP2.215d7\/w:auto\/h:auto\/q:mauto\/ig:avif\/https:\/\/thebottleshop.vn\/wp-content\/uploads\/2022\/10\/The-Bottle-Shop-Online-Logo.png\",\"width\":145,\"height\":147,\"caption\":\"The Bottle Shop\"},\"image\":{\"@id\":\"http:\/\/52.77.24.187\/#\/schema\/logo\/image\/\"},\"sameAs\":[\"https:\/\/www.facebook.com\/thebottleshopvietnam\",\"https:\/\/www.instagram.com\/thebottleshop_vietnam\/\"]}]}<\/script>\n<!-- \/ Yoast SEO plugin. -->","yoast_head_json":{"title":"Overmorrow Is Today Seasonal Mix - The Bottle Shop","description":"TH\u1ee8 5 H\u00c0NG TU\u1ea6N, MUA 2 T\u1eb6NG 1 V\u00cc OVERMORROW IS TODAY! B\u1ed9 s\u01b0u t\u1eadp theo m\u00f9a bao g\u1ed3m 3 lo\u1ea1i bia theo m\u00f9a s\u00e1ng t\u1ea1o \u0111\u01b0\u1ee3c s\u1ea3n xu\u1ea5t theo t\u1eebng m\u1ebb nh\u1ecf.","robots":{"index":"index","follow":"follow","max-snippet":"max-snippet:-1","max-image-preview":"max-image-preview:large","max-video-preview":"max-video-preview:-1"},"canonical":"http:\/\/52.77.24.187\/vi\/san-pham\/overmorrow-is-today-seasonal-mix\/","og_locale":"vi_VN","og_type":"article","og_title":"Overmorrow Is Today Seasonal Mix - The Bottle Shop","og_description":"TH\u1ee8 5 H\u00c0NG TU\u1ea6N, MUA 2 T\u1eb6NG 1 V\u00cc OVERMORROW IS TODAY! B\u1ed9 s\u01b0u t\u1eadp theo m\u00f9a bao g\u1ed3m 3 lo\u1ea1i bia theo m\u00f9a s\u00e1ng t\u1ea1o \u0111\u01b0\u1ee3c s\u1ea3n xu\u1ea5t theo t\u1eebng m\u1ebb nh\u1ecf.","og_url":"http:\/\/52.77.24.187\/vi\/san-pham\/overmorrow-is-today-seasonal-mix\/","og_site_name":"The Bottle Shop","article_publisher":"https:\/\/www.facebook.com\/thebottleshopvietnam","article_modified_time":"2024-10-14T13:29:54+00:00","og_image":[{"width":1080,"height":1080,"url":"https:\/\/mlsrfcxkkbzg.i.optimole.com\/cb:JbP2.215d7\/w:auto\/h:auto\/q:mauto\/ig:avif\/http:\/\/52.77.24.187\/wp-content\/uploads\/2024\/10\/Overmorrow-Is-Today-Seasonal-Mix.png","type":"image\/png"}],"twitter_card":"summary_large_image","twitter_misc":{"Est. reading time":"1 minute"},"schema":{"@context":"https:\/\/schema.org","@graph":[{"@type":"WebPage","@id":"http:\/\/52.77.24.187\/vi\/san-pham\/overmorrow-is-today-seasonal-mix\/","url":"http:\/\/52.77.24.187\/vi\/san-pham\/overmorrow-is-today-seasonal-mix\/","name":"Overmorrow Is Today Seasonal Mix - The Bottle Shop","isPartOf":{"@id":"http:\/\/52.77.24.187\/#website"},"primaryImageOfPage":{"@id":"http:\/\/52.77.24.187\/vi\/san-pham\/overmorrow-is-today-seasonal-mix\/#primaryimage"},"image":{"@id":"http:\/\/52.77.24.187\/vi\/san-pham\/overmorrow-is-today-seasonal-mix\/#primaryimage"},"thumbnailUrl":"https:\/\/mlsrfcxkkbzg.i.optimole.com\/cb:JbP2.215d7\/w:auto\/h:auto\/q:mauto\/ig:avif\/https:\/\/thebottleshop.vn\/wp-content\/uploads\/2024\/10\/Overmorrow-Is-Today-Seasonal-Mix.png","datePublished":"2024-10-10T07:19:01+00:00","dateModified":"2024-10-14T13:29:54+00:00","description":"TH\u1ee8 5 H\u00c0NG TU\u1ea6N, MUA 2 T\u1eb6NG 1 V\u00cc OVERMORROW IS TODAY! B\u1ed9 s\u01b0u t\u1eadp theo m\u00f9a bao g\u1ed3m 3 lo\u1ea1i bia theo m\u00f9a s\u00e1ng t\u1ea1o \u0111\u01b0\u1ee3c s\u1ea3n xu\u1ea5t theo t\u1eebng m\u1ebb nh\u1ecf.","breadcrumb":{"@id":"http:\/\/52.77.24.187\/vi\/san-pham\/overmorrow-is-today-seasonal-mix\/#breadcrumb"},"inLanguage":"vi-VN","potentialAction":[{"@type":"ReadAction","target":["http:\/\/52.77.24.187\/vi\/san-pham\/overmorrow-is-today-seasonal-mix\/"]}]},{"@type":"ImageObject","inLanguage":"vi-VN","@id":"http:\/\/52.77.24.187\/vi\/san-pham\/overmorrow-is-today-seasonal-mix\/#primaryimage","url":"https:\/\/mlsrfcxkkbzg.i.optimole.com\/cb:JbP2.215d7\/w:auto\/h:auto\/q:mauto\/ig:avif\/https:\/\/thebottleshop.vn\/wp-content\/uploads\/2024\/10\/Overmorrow-Is-Today-Seasonal-Mix.png","contentUrl":"https:\/\/mlsrfcxkkbzg.i.optimole.com\/cb:JbP2.215d7\/w:auto\/h:auto\/q:mauto\/ig:avif\/https:\/\/thebottleshop.vn\/wp-content\/uploads\/2024\/10\/Overmorrow-Is-Today-Seasonal-Mix.png","width":1080,"height":1080,"caption":"Overmorrow Is Today Seasonal Range Mix"},{"@type":"BreadcrumbList","@id":"http:\/\/52.77.24.187\/vi\/san-pham\/overmorrow-is-today-seasonal-mix\/#breadcrumb","itemListElement":[{"@type":"ListItem","position":1,"name":"Home","item":"http:\/\/52.77.24.187\/vi\/test-popup-vi\/"},{"@type":"ListItem","position":2,"name":"C\u1eeda h\u00e0ng","item":"http:\/\/52.77.24.187\/vi\/cua-hang\/"},{"@type":"ListItem","position":3,"name":"Overmorrow Is Today Seasonal Mix"}]},{"@type":"WebSite","@id":"http:\/\/52.77.24.187\/#website","url":"http:\/\/52.77.24.187\/","name":"The Bottle Shop","description":"All beers are not created equal","publisher":{"@id":"http:\/\/52.77.24.187\/#organization"},"potentialAction":[{"@type":"SearchAction","target":{"@type":"EntryPoint","urlTemplate":"http:\/\/52.77.24.187\/?s={search_term_string}"},"query-input":{"@type":"PropertyValueSpecification","valueRequired":true,"valueName":"search_term_string"}}],"inLanguage":"vi-VN"},{"@type":"Organization","@id":"http:\/\/52.77.24.187\/#organization","name":"The Bottle Shop","url":"http:\/\/52.77.24.187\/","logo":{"@type":"ImageObject","inLanguage":"vi-VN","@id":"http:\/\/52.77.24.187\/#\/schema\/logo\/image\/","url":"https:\/\/mlsrfcxkkbzg.i.optimole.com\/cb:JbP2.215d7\/w:auto\/h:auto\/q:mauto\/ig:avif\/https:\/\/thebottleshop.vn\/wp-content\/uploads\/2022\/10\/The-Bottle-Shop-Online-Logo.png","contentUrl":"https:\/\/mlsrfcxkkbzg.i.optimole.com\/cb:JbP2.215d7\/w:auto\/h:auto\/q:mauto\/ig:avif\/https:\/\/thebottleshop.vn\/wp-content\/uploads\/2022\/10\/The-Bottle-Shop-Online-Logo.png","width":145,"height":147,"caption":"The Bottle Shop"},"image":{"@id":"http:\/\/52.77.24.187\/#\/schema\/logo\/image\/"},"sameAs":["https:\/\/www.facebook.com\/thebottleshopvietnam","https:\/\/www.instagram.com\/thebottleshop_vietnam\/"]}]}},"_links":{"self":[{"href":"https:\/\/thebottleshop.vn\/vi\/wp-json\/wp\/v2\/product\/20666","targetHints":{"allow":["GET"]}}],"collection":[{"href":"https:\/\/thebottleshop.vn\/vi\/wp-json\/wp\/v2\/product"}],"about":[{"href":"https:\/\/thebottleshop.vn\/vi\/wp-json\/wp\/v2\/types\/product"}],"replies":[{"embeddable":true,"href":"https:\/\/thebottleshop.vn\/vi\/wp-json\/wp\/v2\/comments?post=20666"}],"wp:featuredmedia":[{"embeddable":true,"href":"https:\/\/thebottleshop.vn\/vi\/wp-json\/wp\/v2\/media\/20622"}],"wp:attachment":[{"href":"https:\/\/thebottleshop.vn\/vi\/wp-json\/wp\/v2\/media?parent=20666"}],"wp:term":[{"taxonomy":"product_brand","embeddable":true,"href":"https:\/\/thebottleshop.vn\/vi\/wp-json\/wp\/v2\/product_brand?post=20666"},{"taxonomy":"product_cat","embeddable":true,"href":"https:\/\/thebottleshop.vn\/vi\/wp-json\/wp\/v2\/product_cat?post=20666"},{"taxonomy":"product_tag","embeddable":true,"href":"https:\/\/thebottleshop.vn\/vi\/wp-json\/wp\/v2\/product_tag?post=20666"}],"curies":[{"name":"wp","href":"https:\/\/api.w.org\/{rel}","templated":true}]}}