{"id":20733,"date":"2024-10-14T14:41:27","date_gmt":"2024-10-14T07:41:27","guid":{"rendered":"https:\/\/thebottleshop.vn\/product\/must-be-belgo-blonde\/"},"modified":"2024-10-14T20:14:35","modified_gmt":"2024-10-14T13:14:35","slug":"must-be-belgo-blonde","status":"publish","type":"product","link":"https:\/\/thebottleshop.vn\/vi\/san-pham\/must-be-belgo-blonde\/","title":{"rendered":"Must Be Belgo Blonde"},"content":{"rendered":"<p>TH\u1ee8 3 H\u00c0NG TU\u1ea6N, MUA 4 T\u1eb6NG 2 V\u00cc MUST BE BELGO!<\/p>\n<p>Belgo Blonde l\u00e0 bia v\u00e0ng v\u1edbi l\u1edbp b\u1ecdt tr\u1eafng m\u1ecbn, s\u1edf h\u1eefu m\u00f9i th\u01a1m c\u1ee7a lo\u1ea1i men B\u1ec9 \u0111\u1eb7c tr\u01b0ng v\u00e0 h\u01b0\u01a1ng tr\u00e1i c\u00e2y d\u1ecbu nh\u1eb9 nh\u1edd \u0111\u01b0\u1ee3c n\u1ea5u t\u1eeb hai lo\u1ea1i l\u00faa m\u1ea1ch nha, hai lo\u1ea1i hoa bia, song song \u0111\u00f3 l\u00e0 m\u1ed9t lo\u1ea1i th\u1ea3o m\u1ed9c \u0111\u1eb7c bi\u1ec7t, t\u1ea5t c\u1ea3 t\u1ea1o n\u00ean m\u1ed9t h\u01b0\u01a1ng v\u1ecb \u0111\u1ed9c \u0111\u00e1o.<\/p>\n<p>C\u1ea3 ng\u00e0y th\u1ee9 3 h\u00e0ng tu\u1ea5n, ch\u1ec9 c\u00f3 t\u1ea1i The Bottle Shop Online!<\/p>\n<p>\u2014\u2013<br \/>\nXem th\u01b0 vi\u1ec7n h\u00ecnh \u1ea3nh \u0111\u1ec3 bi\u1ebft th\u00eam th\u00f4ng tin chi ti\u1ebft v\u1ec1 ngu\u1ed3n g\u1ed1c, th\u00e0nh ph\u1ea7n v\u00e0 h\u01b0\u1edbng d\u1eabn s\u1eed d\u1ee5ng c\u1ee7a s\u1ea3n ph\u1ea9m.<\/p>\n","protected":false},"excerpt":{"rendered":"<p><strong>Tr\u00f2n v\u1ecb, Tr\u00e1i c\u00e2y, \u0110\u1eb7c tr\u01b0ng 5.9%<\/strong><\/p>\n","protected":false},"featured_media":20789,"comment_status":"open","ping_status":"closed","template":"","meta":{"_acf_changed":false},"product_brand":[],"product_cat":[378,385,337,340,347,373,400,441,351,366,345,377,339,341,352,578],"product_tag":[],"class_list":{"0":"post-20733","1":"product","2":"type-product","3":"status-publish","4":"has-post-thumbnail","6":"product_cat-00-19","7":"product_cat-top-deals","8":"product_cat-bia-va-cider","9":"product_cat-vietnam-hcmc","10":"product_cat-4-5-9","11":"product_cat-200k-499k","12":"product_cat-bia-vang","13":"product_cat-belgo-craft-beer","14":"product_cat-dong-bia","15":"product_cat-nha-san-xuat","16":"product_cat-abv-vi","17":"product_cat-ibu","18":"product_cat-xuat-xu","19":"product_cat-dong-goi","20":"product_cat-gia","21":"product_cat-chai-6-pack","23":"first","24":"outofstock","25":"sale","26":"shipping-taxable","27":"purchasable","28":"product-type-simple","29":"add-to-wishlist-before_image"},"acf":[],"yoast_head":"<!-- This site is optimized with the Yoast SEO plugin v27.2 - https:\/\/yoast.com\/product\/yoast-seo-wordpress\/ -->\n<title>Must Be Belgo Blonde - The Bottle Shop<\/title>\n<meta name=\"description\" content=\"TH\u1ee8 3 H\u00c0NG TU\u1ea6N, MUA 4 T\u1eb6NG 2 V\u00cc MUST BE BELGO! Belgo Blonde l\u00e0 bia v\u00e0ng v\u1edbi l\u1edbp b\u1ecdt tr\u1eafng m\u1ecbn, s\u1edf h\u1eefu m\u00f9i th\u01a1m c\u1ee7a lo\u1ea1i men B\u1ec9 \u0111\u1eb7c tr\u01b0ng.\" \/>\n<meta name=\"robots\" content=\"index, follow, max-snippet:-1, max-image-preview:large, max-video-preview:-1\" \/>\n<link rel=\"canonical\" href=\"http:\/\/52.77.24.187\/vi\/san-pham\/must-be-belgo-blonde\/\" \/>\n<meta property=\"og:locale\" content=\"vi_VN\" \/>\n<meta property=\"og:type\" content=\"article\" \/>\n<meta property=\"og:title\" content=\"Must Be Belgo Blonde - The Bottle Shop\" \/>\n<meta property=\"og:description\" content=\"TH\u1ee8 3 H\u00c0NG TU\u1ea6N, MUA 4 T\u1eb6NG 2 V\u00cc MUST BE BELGO! Belgo Blonde l\u00e0 bia v\u00e0ng v\u1edbi l\u1edbp b\u1ecdt tr\u1eafng m\u1ecbn, s\u1edf h\u1eefu m\u00f9i th\u01a1m c\u1ee7a lo\u1ea1i men B\u1ec9 \u0111\u1eb7c tr\u01b0ng.\" \/>\n<meta property=\"og:url\" content=\"http:\/\/52.77.24.187\/vi\/san-pham\/must-be-belgo-blonde\/\" \/>\n<meta property=\"og:site_name\" content=\"The Bottle Shop\" \/>\n<meta property=\"article:publisher\" content=\"https:\/\/www.facebook.com\/thebottleshopvietnam\" \/>\n<meta property=\"article:modified_time\" content=\"2024-10-14T13:14:35+00:00\" \/>\n<meta property=\"og:image\" content=\"https:\/\/mlsrfcxkkbzg.i.optimole.com\/cb:JbP2.215d7\/w:auto\/h:auto\/q:mauto\/ig:avif\/http:\/\/52.77.24.187\/wp-content\/uploads\/2024\/10\/462563117_883001997129252_9053930727249828027_n.png\" \/>\n\t<meta property=\"og:image:width\" content=\"1080\" \/>\n\t<meta property=\"og:image:height\" content=\"1080\" \/>\n\t<meta property=\"og:image:type\" content=\"image\/png\" \/>\n<meta name=\"twitter:card\" content=\"summary_large_image\" \/>\n<meta name=\"twitter:label1\" content=\"Est. reading time\" \/>\n\t<meta name=\"twitter:data1\" content=\"1 minute\" \/>\n<script type=\"application\/ld+json\" class=\"yoast-schema-graph\">{\"@context\":\"https:\/\/schema.org\",\"@graph\":[{\"@type\":\"WebPage\",\"@id\":\"http:\/\/52.77.24.187\/vi\/san-pham\/must-be-belgo-blonde\/\",\"url\":\"http:\/\/52.77.24.187\/vi\/san-pham\/must-be-belgo-blonde\/\",\"name\":\"Must Be Belgo Blonde - The Bottle Shop\",\"isPartOf\":{\"@id\":\"http:\/\/52.77.24.187\/#website\"},\"primaryImageOfPage\":{\"@id\":\"http:\/\/52.77.24.187\/vi\/san-pham\/must-be-belgo-blonde\/#primaryimage\"},\"image\":{\"@id\":\"http:\/\/52.77.24.187\/vi\/san-pham\/must-be-belgo-blonde\/#primaryimage\"},\"thumbnailUrl\":\"https:\/\/mlsrfcxkkbzg.i.optimole.com\/cb:JbP2.215d7\/w:auto\/h:auto\/q:mauto\/ig:avif\/https:\/\/thebottleshop.vn\/wp-content\/uploads\/2024\/10\/462563117_883001997129252_9053930727249828027_n.png\",\"datePublished\":\"2024-10-14T07:41:27+00:00\",\"dateModified\":\"2024-10-14T13:14:35+00:00\",\"description\":\"TH\u1ee8 3 H\u00c0NG TU\u1ea6N, MUA 4 T\u1eb6NG 2 V\u00cc MUST BE BELGO! Belgo Blonde l\u00e0 bia v\u00e0ng v\u1edbi l\u1edbp b\u1ecdt tr\u1eafng m\u1ecbn, s\u1edf h\u1eefu m\u00f9i th\u01a1m c\u1ee7a lo\u1ea1i men B\u1ec9 \u0111\u1eb7c tr\u01b0ng.\",\"breadcrumb\":{\"@id\":\"http:\/\/52.77.24.187\/vi\/san-pham\/must-be-belgo-blonde\/#breadcrumb\"},\"inLanguage\":\"vi-VN\",\"potentialAction\":[{\"@type\":\"ReadAction\",\"target\":[\"http:\/\/52.77.24.187\/vi\/san-pham\/must-be-belgo-blonde\/\"]}]},{\"@type\":\"ImageObject\",\"inLanguage\":\"vi-VN\",\"@id\":\"http:\/\/52.77.24.187\/vi\/san-pham\/must-be-belgo-blonde\/#primaryimage\",\"url\":\"https:\/\/mlsrfcxkkbzg.i.optimole.com\/cb:JbP2.215d7\/w:auto\/h:auto\/q:mauto\/ig:avif\/https:\/\/thebottleshop.vn\/wp-content\/uploads\/2024\/10\/462563117_883001997129252_9053930727249828027_n.png\",\"contentUrl\":\"https:\/\/mlsrfcxkkbzg.i.optimole.com\/cb:JbP2.215d7\/w:auto\/h:auto\/q:mauto\/ig:avif\/https:\/\/thebottleshop.vn\/wp-content\/uploads\/2024\/10\/462563117_883001997129252_9053930727249828027_n.png\",\"width\":1080,\"height\":1080,\"caption\":\"Must Be Belgo Blonde\"},{\"@type\":\"BreadcrumbList\",\"@id\":\"http:\/\/52.77.24.187\/vi\/san-pham\/must-be-belgo-blonde\/#breadcrumb\",\"itemListElement\":[{\"@type\":\"ListItem\",\"position\":1,\"name\":\"Home\",\"item\":\"http:\/\/52.77.24.187\/vi\/test-popup-vi\/\"},{\"@type\":\"ListItem\",\"position\":2,\"name\":\"C\u1eeda h\u00e0ng\",\"item\":\"http:\/\/52.77.24.187\/vi\/cua-hang\/\"},{\"@type\":\"ListItem\",\"position\":3,\"name\":\"Must Be Belgo Blonde\"}]},{\"@type\":\"WebSite\",\"@id\":\"http:\/\/52.77.24.187\/#website\",\"url\":\"http:\/\/52.77.24.187\/\",\"name\":\"The Bottle Shop\",\"description\":\"All beers are not created equal\",\"publisher\":{\"@id\":\"http:\/\/52.77.24.187\/#organization\"},\"potentialAction\":[{\"@type\":\"SearchAction\",\"target\":{\"@type\":\"EntryPoint\",\"urlTemplate\":\"http:\/\/52.77.24.187\/?s={search_term_string}\"},\"query-input\":{\"@type\":\"PropertyValueSpecification\",\"valueRequired\":true,\"valueName\":\"search_term_string\"}}],\"inLanguage\":\"vi-VN\"},{\"@type\":\"Organization\",\"@id\":\"http:\/\/52.77.24.187\/#organization\",\"name\":\"The Bottle Shop\",\"url\":\"http:\/\/52.77.24.187\/\",\"logo\":{\"@type\":\"ImageObject\",\"inLanguage\":\"vi-VN\",\"@id\":\"http:\/\/52.77.24.187\/#\/schema\/logo\/image\/\",\"url\":\"https:\/\/mlsrfcxkkbzg.i.optimole.com\/cb:JbP2.215d7\/w:auto\/h:auto\/q:mauto\/ig:avif\/https:\/\/thebottleshop.vn\/wp-content\/uploads\/2022\/10\/The-Bottle-Shop-Online-Logo.png\",\"contentUrl\":\"https:\/\/mlsrfcxkkbzg.i.optimole.com\/cb:JbP2.215d7\/w:auto\/h:auto\/q:mauto\/ig:avif\/https:\/\/thebottleshop.vn\/wp-content\/uploads\/2022\/10\/The-Bottle-Shop-Online-Logo.png\",\"width\":145,\"height\":147,\"caption\":\"The Bottle Shop\"},\"image\":{\"@id\":\"http:\/\/52.77.24.187\/#\/schema\/logo\/image\/\"},\"sameAs\":[\"https:\/\/www.facebook.com\/thebottleshopvietnam\",\"https:\/\/www.instagram.com\/thebottleshop_vietnam\/\"]}]}<\/script>\n<!-- \/ Yoast SEO plugin. -->","yoast_head_json":{"title":"Must Be Belgo Blonde - The Bottle Shop","description":"TH\u1ee8 3 H\u00c0NG TU\u1ea6N, MUA 4 T\u1eb6NG 2 V\u00cc MUST BE BELGO! Belgo Blonde l\u00e0 bia v\u00e0ng v\u1edbi l\u1edbp b\u1ecdt tr\u1eafng m\u1ecbn, s\u1edf h\u1eefu m\u00f9i th\u01a1m c\u1ee7a lo\u1ea1i men B\u1ec9 \u0111\u1eb7c tr\u01b0ng.","robots":{"index":"index","follow":"follow","max-snippet":"max-snippet:-1","max-image-preview":"max-image-preview:large","max-video-preview":"max-video-preview:-1"},"canonical":"http:\/\/52.77.24.187\/vi\/san-pham\/must-be-belgo-blonde\/","og_locale":"vi_VN","og_type":"article","og_title":"Must Be Belgo Blonde - The Bottle Shop","og_description":"TH\u1ee8 3 H\u00c0NG TU\u1ea6N, MUA 4 T\u1eb6NG 2 V\u00cc MUST BE BELGO! Belgo Blonde l\u00e0 bia v\u00e0ng v\u1edbi l\u1edbp b\u1ecdt tr\u1eafng m\u1ecbn, s\u1edf h\u1eefu m\u00f9i th\u01a1m c\u1ee7a lo\u1ea1i men B\u1ec9 \u0111\u1eb7c tr\u01b0ng.","og_url":"http:\/\/52.77.24.187\/vi\/san-pham\/must-be-belgo-blonde\/","og_site_name":"The Bottle Shop","article_publisher":"https:\/\/www.facebook.com\/thebottleshopvietnam","article_modified_time":"2024-10-14T13:14:35+00:00","og_image":[{"width":1080,"height":1080,"url":"https:\/\/mlsrfcxkkbzg.i.optimole.com\/cb:JbP2.215d7\/w:auto\/h:auto\/q:mauto\/ig:avif\/http:\/\/52.77.24.187\/wp-content\/uploads\/2024\/10\/462563117_883001997129252_9053930727249828027_n.png","type":"image\/png"}],"twitter_card":"summary_large_image","twitter_misc":{"Est. reading time":"1 minute"},"schema":{"@context":"https:\/\/schema.org","@graph":[{"@type":"WebPage","@id":"http:\/\/52.77.24.187\/vi\/san-pham\/must-be-belgo-blonde\/","url":"http:\/\/52.77.24.187\/vi\/san-pham\/must-be-belgo-blonde\/","name":"Must Be Belgo Blonde - The Bottle Shop","isPartOf":{"@id":"http:\/\/52.77.24.187\/#website"},"primaryImageOfPage":{"@id":"http:\/\/52.77.24.187\/vi\/san-pham\/must-be-belgo-blonde\/#primaryimage"},"image":{"@id":"http:\/\/52.77.24.187\/vi\/san-pham\/must-be-belgo-blonde\/#primaryimage"},"thumbnailUrl":"https:\/\/mlsrfcxkkbzg.i.optimole.com\/cb:JbP2.215d7\/w:auto\/h:auto\/q:mauto\/ig:avif\/https:\/\/thebottleshop.vn\/wp-content\/uploads\/2024\/10\/462563117_883001997129252_9053930727249828027_n.png","datePublished":"2024-10-14T07:41:27+00:00","dateModified":"2024-10-14T13:14:35+00:00","description":"TH\u1ee8 3 H\u00c0NG TU\u1ea6N, MUA 4 T\u1eb6NG 2 V\u00cc MUST BE BELGO! Belgo Blonde l\u00e0 bia v\u00e0ng v\u1edbi l\u1edbp b\u1ecdt tr\u1eafng m\u1ecbn, s\u1edf h\u1eefu m\u00f9i th\u01a1m c\u1ee7a lo\u1ea1i men B\u1ec9 \u0111\u1eb7c tr\u01b0ng.","breadcrumb":{"@id":"http:\/\/52.77.24.187\/vi\/san-pham\/must-be-belgo-blonde\/#breadcrumb"},"inLanguage":"vi-VN","potentialAction":[{"@type":"ReadAction","target":["http:\/\/52.77.24.187\/vi\/san-pham\/must-be-belgo-blonde\/"]}]},{"@type":"ImageObject","inLanguage":"vi-VN","@id":"http:\/\/52.77.24.187\/vi\/san-pham\/must-be-belgo-blonde\/#primaryimage","url":"https:\/\/mlsrfcxkkbzg.i.optimole.com\/cb:JbP2.215d7\/w:auto\/h:auto\/q:mauto\/ig:avif\/https:\/\/thebottleshop.vn\/wp-content\/uploads\/2024\/10\/462563117_883001997129252_9053930727249828027_n.png","contentUrl":"https:\/\/mlsrfcxkkbzg.i.optimole.com\/cb:JbP2.215d7\/w:auto\/h:auto\/q:mauto\/ig:avif\/https:\/\/thebottleshop.vn\/wp-content\/uploads\/2024\/10\/462563117_883001997129252_9053930727249828027_n.png","width":1080,"height":1080,"caption":"Must Be Belgo Blonde"},{"@type":"BreadcrumbList","@id":"http:\/\/52.77.24.187\/vi\/san-pham\/must-be-belgo-blonde\/#breadcrumb","itemListElement":[{"@type":"ListItem","position":1,"name":"Home","item":"http:\/\/52.77.24.187\/vi\/test-popup-vi\/"},{"@type":"ListItem","position":2,"name":"C\u1eeda h\u00e0ng","item":"http:\/\/52.77.24.187\/vi\/cua-hang\/"},{"@type":"ListItem","position":3,"name":"Must Be Belgo Blonde"}]},{"@type":"WebSite","@id":"http:\/\/52.77.24.187\/#website","url":"http:\/\/52.77.24.187\/","name":"The Bottle Shop","description":"All beers are not created equal","publisher":{"@id":"http:\/\/52.77.24.187\/#organization"},"potentialAction":[{"@type":"SearchAction","target":{"@type":"EntryPoint","urlTemplate":"http:\/\/52.77.24.187\/?s={search_term_string}"},"query-input":{"@type":"PropertyValueSpecification","valueRequired":true,"valueName":"search_term_string"}}],"inLanguage":"vi-VN"},{"@type":"Organization","@id":"http:\/\/52.77.24.187\/#organization","name":"The Bottle Shop","url":"http:\/\/52.77.24.187\/","logo":{"@type":"ImageObject","inLanguage":"vi-VN","@id":"http:\/\/52.77.24.187\/#\/schema\/logo\/image\/","url":"https:\/\/mlsrfcxkkbzg.i.optimole.com\/cb:JbP2.215d7\/w:auto\/h:auto\/q:mauto\/ig:avif\/https:\/\/thebottleshop.vn\/wp-content\/uploads\/2022\/10\/The-Bottle-Shop-Online-Logo.png","contentUrl":"https:\/\/mlsrfcxkkbzg.i.optimole.com\/cb:JbP2.215d7\/w:auto\/h:auto\/q:mauto\/ig:avif\/https:\/\/thebottleshop.vn\/wp-content\/uploads\/2022\/10\/The-Bottle-Shop-Online-Logo.png","width":145,"height":147,"caption":"The Bottle Shop"},"image":{"@id":"http:\/\/52.77.24.187\/#\/schema\/logo\/image\/"},"sameAs":["https:\/\/www.facebook.com\/thebottleshopvietnam","https:\/\/www.instagram.com\/thebottleshop_vietnam\/"]}]}},"_links":{"self":[{"href":"https:\/\/thebottleshop.vn\/vi\/wp-json\/wp\/v2\/product\/20733","targetHints":{"allow":["GET"]}}],"collection":[{"href":"https:\/\/thebottleshop.vn\/vi\/wp-json\/wp\/v2\/product"}],"about":[{"href":"https:\/\/thebottleshop.vn\/vi\/wp-json\/wp\/v2\/types\/product"}],"replies":[{"embeddable":true,"href":"https:\/\/thebottleshop.vn\/vi\/wp-json\/wp\/v2\/comments?post=20733"}],"wp:featuredmedia":[{"embeddable":true,"href":"https:\/\/thebottleshop.vn\/vi\/wp-json\/wp\/v2\/media\/20789"}],"wp:attachment":[{"href":"https:\/\/thebottleshop.vn\/vi\/wp-json\/wp\/v2\/media?parent=20733"}],"wp:term":[{"taxonomy":"product_brand","embeddable":true,"href":"https:\/\/thebottleshop.vn\/vi\/wp-json\/wp\/v2\/product_brand?post=20733"},{"taxonomy":"product_cat","embeddable":true,"href":"https:\/\/thebottleshop.vn\/vi\/wp-json\/wp\/v2\/product_cat?post=20733"},{"taxonomy":"product_tag","embeddable":true,"href":"https:\/\/thebottleshop.vn\/vi\/wp-json\/wp\/v2\/product_tag?post=20733"}],"curies":[{"name":"wp","href":"https:\/\/api.w.org\/{rel}","templated":true}]}}