{"id":20735,"date":"2024-10-14T14:54:11","date_gmt":"2024-10-14T07:54:11","guid":{"rendered":"https:\/\/thebottleshop.vn\/product\/must-be-belgo-full-moon-dark-ale\/"},"modified":"2024-10-14T20:22:05","modified_gmt":"2024-10-14T13:22:05","slug":"must-be-belgo-full-moon-dark-ale","status":"publish","type":"product","link":"https:\/\/thebottleshop.vn\/vi\/san-pham\/must-be-belgo-full-moon-dark-ale\/","title":{"rendered":"Must Be Belgo Full Moon Dark Ale"},"content":{"rendered":"<p>TH\u1ee8 3 H\u00c0NG TU\u1ea6N, MUA 4 T\u1eb6NG 2 V\u00cc MUST BE BELGO!<\/p>\n<p>Belgo Full Moon Dark Ale l\u00e0 bia \u0111en \u0111\u1eadm v\u1ecb n\u1ea5u t\u1eeb 8 lo\u1ea1i h\u01b0\u01a1ng li\u1ec7u kh\u00e1c nhau mang l\u1ea1i h\u01b0\u01a1ng th\u1ea3o d\u01b0\u1ee3c, v\u1edbi m\u00f9i h\u01b0\u01a1ng n\u1ed3ng n\u00e0n t\u0103ng d\u1ea7n, theo sau l\u00e0 v\u1ecb ng\u1ecdt ph\u1ea3ng ph\u1ea5t \u0111\u01b0\u1ee3c n\u00e2ng t\u1ea7m v\u1edbi m\u00f9i cookie nh\u1eb9. K\u1ebft th\u00fac b\u1eb1ng h\u1eadu v\u1ecb \u1ea5m n\u1ed3ng, lo\u1ea1i bia \u0111\u1ed9c \u0111\u00e1o v\u00e0 b\u00ed \u1ea9n n\u00e0y \u0111\u01b0\u1ee3c \u0111\u1eb7c bi\u1ec7t n\u1ea5u v\u00e0o \u0111\u00eam tr\u0103ng tr\u00f2n.<\/p>\n<p>C\u1ea3 ng\u00e0y th\u1ee9 3 h\u00e0ng tu\u1ea5n, ch\u1ec9 c\u00f3 t\u1ea1i The Bottle Shop Online!<\/p>\n<p>\u2014\u2013<br \/>\nXem th\u01b0 vi\u1ec7n h\u00ecnh \u1ea3nh \u0111\u1ec3 bi\u1ebft th\u00eam th\u00f4ng tin chi ti\u1ebft v\u1ec1 ngu\u1ed3n g\u1ed1c, th\u00e0nh ph\u1ea7n v\u00e0 h\u01b0\u1edbng d\u1eabn s\u1eed d\u1ee5ng c\u1ee7a s\u1ea3n ph\u1ea9m.<\/p>\n","protected":false},"excerpt":{"rendered":"<p><strong>Quy\u1ebfn r\u0169, Th\u1ea3o m\u1ed9c, \u1ea4m \u00e1p 10%<\/strong><\/p>\n","protected":false},"featured_media":20787,"comment_status":"open","ping_status":"closed","template":"","meta":{"_acf_changed":false},"product_brand":[],"product_cat":[385,337,379,340,362,349,373,441,351,366,345,377,339,341,352,578],"product_tag":[],"class_list":{"0":"post-20735","1":"product","2":"type-product","3":"status-publish","4":"has-post-thumbnail","6":"product_cat-top-deals","7":"product_cat-bia-va-cider","8":"product_cat-20-39","9":"product_cat-vietnam-hcmc","10":"product_cat-bia-kieu-bi","11":"product_cat-1-0-2-5","12":"product_cat-200k-499k","13":"product_cat-belgo-craft-beer","14":"product_cat-dong-bia","15":"product_cat-nha-san-xuat","16":"product_cat-abv-vi","17":"product_cat-ibu","18":"product_cat-xuat-xu","19":"product_cat-dong-goi","20":"product_cat-gia","21":"product_cat-chai-6-pack","23":"first","24":"outofstock","25":"sale","26":"shipping-taxable","27":"purchasable","28":"product-type-simple","29":"add-to-wishlist-before_image"},"acf":[],"yoast_head":"<!-- This site is optimized with the Yoast SEO plugin v27.2 - https:\/\/yoast.com\/product\/yoast-seo-wordpress\/ -->\n<title>Must Be Belgo Full Moon Dark Ale - The Bottle Shop<\/title>\n<meta name=\"description\" content=\"TH\u1ee8 3 H\u00c0NG TU\u1ea6N, MUA 4 T\u1eb6NG 2 V\u00cc MUST BE BELGO! Belgo Full Moon Dark Ale l\u00e0 bia \u0111en \u0111\u1eadm v\u1ecb n\u1ea5u t\u1eeb 8 lo\u1ea1i h\u01b0\u01a1ng li\u1ec7u kh\u00e1c nhau.\" \/>\n<meta name=\"robots\" content=\"index, follow, max-snippet:-1, max-image-preview:large, max-video-preview:-1\" \/>\n<link rel=\"canonical\" href=\"http:\/\/52.77.24.187\/vi\/san-pham\/must-be-belgo-full-moon-dark-ale\/\" \/>\n<meta property=\"og:locale\" content=\"vi_VN\" \/>\n<meta property=\"og:type\" content=\"article\" \/>\n<meta property=\"og:title\" content=\"Must Be Belgo Full Moon Dark Ale - The Bottle Shop\" \/>\n<meta property=\"og:description\" content=\"TH\u1ee8 3 H\u00c0NG TU\u1ea6N, MUA 4 T\u1eb6NG 2 V\u00cc MUST BE BELGO! Belgo Full Moon Dark Ale l\u00e0 bia \u0111en \u0111\u1eadm v\u1ecb n\u1ea5u t\u1eeb 8 lo\u1ea1i h\u01b0\u01a1ng li\u1ec7u kh\u00e1c nhau.\" \/>\n<meta property=\"og:url\" content=\"http:\/\/52.77.24.187\/vi\/san-pham\/must-be-belgo-full-moon-dark-ale\/\" \/>\n<meta property=\"og:site_name\" content=\"The Bottle Shop\" \/>\n<meta property=\"article:publisher\" content=\"https:\/\/www.facebook.com\/thebottleshopvietnam\" \/>\n<meta property=\"article:modified_time\" content=\"2024-10-14T13:22:05+00:00\" \/>\n<meta property=\"og:image\" content=\"https:\/\/mlsrfcxkkbzg.i.optimole.com\/cb:JbP2.215d7\/w:auto\/h:auto\/q:mauto\/ig:avif\/http:\/\/52.77.24.187\/wp-content\/uploads\/2024\/10\/462554265_1234572284477481_6435906973097358664_n.png\" \/>\n\t<meta property=\"og:image:width\" content=\"1080\" \/>\n\t<meta property=\"og:image:height\" content=\"1080\" \/>\n\t<meta property=\"og:image:type\" content=\"image\/png\" \/>\n<meta name=\"twitter:card\" content=\"summary_large_image\" \/>\n<meta name=\"twitter:label1\" content=\"Est. reading time\" \/>\n\t<meta name=\"twitter:data1\" content=\"1 minute\" \/>\n<script type=\"application\/ld+json\" class=\"yoast-schema-graph\">{\"@context\":\"https:\/\/schema.org\",\"@graph\":[{\"@type\":\"WebPage\",\"@id\":\"http:\/\/52.77.24.187\/vi\/san-pham\/must-be-belgo-full-moon-dark-ale\/\",\"url\":\"http:\/\/52.77.24.187\/vi\/san-pham\/must-be-belgo-full-moon-dark-ale\/\",\"name\":\"Must Be Belgo Full Moon Dark Ale - The Bottle Shop\",\"isPartOf\":{\"@id\":\"http:\/\/52.77.24.187\/#website\"},\"primaryImageOfPage\":{\"@id\":\"http:\/\/52.77.24.187\/vi\/san-pham\/must-be-belgo-full-moon-dark-ale\/#primaryimage\"},\"image\":{\"@id\":\"http:\/\/52.77.24.187\/vi\/san-pham\/must-be-belgo-full-moon-dark-ale\/#primaryimage\"},\"thumbnailUrl\":\"https:\/\/mlsrfcxkkbzg.i.optimole.com\/cb:JbP2.215d7\/w:auto\/h:auto\/q:mauto\/ig:avif\/https:\/\/thebottleshop.vn\/wp-content\/uploads\/2024\/10\/462554265_1234572284477481_6435906973097358664_n.png\",\"datePublished\":\"2024-10-14T07:54:11+00:00\",\"dateModified\":\"2024-10-14T13:22:05+00:00\",\"description\":\"TH\u1ee8 3 H\u00c0NG TU\u1ea6N, MUA 4 T\u1eb6NG 2 V\u00cc MUST BE BELGO! Belgo Full Moon Dark Ale l\u00e0 bia \u0111en \u0111\u1eadm v\u1ecb n\u1ea5u t\u1eeb 8 lo\u1ea1i h\u01b0\u01a1ng li\u1ec7u kh\u00e1c nhau.\",\"breadcrumb\":{\"@id\":\"http:\/\/52.77.24.187\/vi\/san-pham\/must-be-belgo-full-moon-dark-ale\/#breadcrumb\"},\"inLanguage\":\"vi-VN\",\"potentialAction\":[{\"@type\":\"ReadAction\",\"target\":[\"http:\/\/52.77.24.187\/vi\/san-pham\/must-be-belgo-full-moon-dark-ale\/\"]}]},{\"@type\":\"ImageObject\",\"inLanguage\":\"vi-VN\",\"@id\":\"http:\/\/52.77.24.187\/vi\/san-pham\/must-be-belgo-full-moon-dark-ale\/#primaryimage\",\"url\":\"https:\/\/mlsrfcxkkbzg.i.optimole.com\/cb:JbP2.215d7\/w:auto\/h:auto\/q:mauto\/ig:avif\/https:\/\/thebottleshop.vn\/wp-content\/uploads\/2024\/10\/462554265_1234572284477481_6435906973097358664_n.png\",\"contentUrl\":\"https:\/\/mlsrfcxkkbzg.i.optimole.com\/cb:JbP2.215d7\/w:auto\/h:auto\/q:mauto\/ig:avif\/https:\/\/thebottleshop.vn\/wp-content\/uploads\/2024\/10\/462554265_1234572284477481_6435906973097358664_n.png\",\"width\":1080,\"height\":1080,\"caption\":\"Must Be Belgo Full Moon Dark Ale\"},{\"@type\":\"BreadcrumbList\",\"@id\":\"http:\/\/52.77.24.187\/vi\/san-pham\/must-be-belgo-full-moon-dark-ale\/#breadcrumb\",\"itemListElement\":[{\"@type\":\"ListItem\",\"position\":1,\"name\":\"Home\",\"item\":\"http:\/\/52.77.24.187\/vi\/test-popup-vi\/\"},{\"@type\":\"ListItem\",\"position\":2,\"name\":\"C\u1eeda h\u00e0ng\",\"item\":\"http:\/\/52.77.24.187\/vi\/cua-hang\/\"},{\"@type\":\"ListItem\",\"position\":3,\"name\":\"Must Be Belgo Full Moon Dark Ale\"}]},{\"@type\":\"WebSite\",\"@id\":\"http:\/\/52.77.24.187\/#website\",\"url\":\"http:\/\/52.77.24.187\/\",\"name\":\"The Bottle Shop\",\"description\":\"All beers are not created equal\",\"publisher\":{\"@id\":\"http:\/\/52.77.24.187\/#organization\"},\"potentialAction\":[{\"@type\":\"SearchAction\",\"target\":{\"@type\":\"EntryPoint\",\"urlTemplate\":\"http:\/\/52.77.24.187\/?s={search_term_string}\"},\"query-input\":{\"@type\":\"PropertyValueSpecification\",\"valueRequired\":true,\"valueName\":\"search_term_string\"}}],\"inLanguage\":\"vi-VN\"},{\"@type\":\"Organization\",\"@id\":\"http:\/\/52.77.24.187\/#organization\",\"name\":\"The Bottle Shop\",\"url\":\"http:\/\/52.77.24.187\/\",\"logo\":{\"@type\":\"ImageObject\",\"inLanguage\":\"vi-VN\",\"@id\":\"http:\/\/52.77.24.187\/#\/schema\/logo\/image\/\",\"url\":\"https:\/\/mlsrfcxkkbzg.i.optimole.com\/cb:JbP2.215d7\/w:auto\/h:auto\/q:mauto\/ig:avif\/https:\/\/thebottleshop.vn\/wp-content\/uploads\/2022\/10\/The-Bottle-Shop-Online-Logo.png\",\"contentUrl\":\"https:\/\/mlsrfcxkkbzg.i.optimole.com\/cb:JbP2.215d7\/w:auto\/h:auto\/q:mauto\/ig:avif\/https:\/\/thebottleshop.vn\/wp-content\/uploads\/2022\/10\/The-Bottle-Shop-Online-Logo.png\",\"width\":145,\"height\":147,\"caption\":\"The Bottle Shop\"},\"image\":{\"@id\":\"http:\/\/52.77.24.187\/#\/schema\/logo\/image\/\"},\"sameAs\":[\"https:\/\/www.facebook.com\/thebottleshopvietnam\",\"https:\/\/www.instagram.com\/thebottleshop_vietnam\/\"]}]}<\/script>\n<!-- \/ Yoast SEO plugin. -->","yoast_head_json":{"title":"Must Be Belgo Full Moon Dark Ale - The Bottle Shop","description":"TH\u1ee8 3 H\u00c0NG TU\u1ea6N, MUA 4 T\u1eb6NG 2 V\u00cc MUST BE BELGO! Belgo Full Moon Dark Ale l\u00e0 bia \u0111en \u0111\u1eadm v\u1ecb n\u1ea5u t\u1eeb 8 lo\u1ea1i h\u01b0\u01a1ng li\u1ec7u kh\u00e1c nhau.","robots":{"index":"index","follow":"follow","max-snippet":"max-snippet:-1","max-image-preview":"max-image-preview:large","max-video-preview":"max-video-preview:-1"},"canonical":"http:\/\/52.77.24.187\/vi\/san-pham\/must-be-belgo-full-moon-dark-ale\/","og_locale":"vi_VN","og_type":"article","og_title":"Must Be Belgo Full Moon Dark Ale - The Bottle Shop","og_description":"TH\u1ee8 3 H\u00c0NG TU\u1ea6N, MUA 4 T\u1eb6NG 2 V\u00cc MUST BE BELGO! Belgo Full Moon Dark Ale l\u00e0 bia \u0111en \u0111\u1eadm v\u1ecb n\u1ea5u t\u1eeb 8 lo\u1ea1i h\u01b0\u01a1ng li\u1ec7u kh\u00e1c nhau.","og_url":"http:\/\/52.77.24.187\/vi\/san-pham\/must-be-belgo-full-moon-dark-ale\/","og_site_name":"The Bottle Shop","article_publisher":"https:\/\/www.facebook.com\/thebottleshopvietnam","article_modified_time":"2024-10-14T13:22:05+00:00","og_image":[{"width":1080,"height":1080,"url":"https:\/\/mlsrfcxkkbzg.i.optimole.com\/cb:JbP2.215d7\/w:auto\/h:auto\/q:mauto\/ig:avif\/http:\/\/52.77.24.187\/wp-content\/uploads\/2024\/10\/462554265_1234572284477481_6435906973097358664_n.png","type":"image\/png"}],"twitter_card":"summary_large_image","twitter_misc":{"Est. reading time":"1 minute"},"schema":{"@context":"https:\/\/schema.org","@graph":[{"@type":"WebPage","@id":"http:\/\/52.77.24.187\/vi\/san-pham\/must-be-belgo-full-moon-dark-ale\/","url":"http:\/\/52.77.24.187\/vi\/san-pham\/must-be-belgo-full-moon-dark-ale\/","name":"Must Be Belgo Full Moon Dark Ale - The Bottle Shop","isPartOf":{"@id":"http:\/\/52.77.24.187\/#website"},"primaryImageOfPage":{"@id":"http:\/\/52.77.24.187\/vi\/san-pham\/must-be-belgo-full-moon-dark-ale\/#primaryimage"},"image":{"@id":"http:\/\/52.77.24.187\/vi\/san-pham\/must-be-belgo-full-moon-dark-ale\/#primaryimage"},"thumbnailUrl":"https:\/\/mlsrfcxkkbzg.i.optimole.com\/cb:JbP2.215d7\/w:auto\/h:auto\/q:mauto\/ig:avif\/https:\/\/thebottleshop.vn\/wp-content\/uploads\/2024\/10\/462554265_1234572284477481_6435906973097358664_n.png","datePublished":"2024-10-14T07:54:11+00:00","dateModified":"2024-10-14T13:22:05+00:00","description":"TH\u1ee8 3 H\u00c0NG TU\u1ea6N, MUA 4 T\u1eb6NG 2 V\u00cc MUST BE BELGO! Belgo Full Moon Dark Ale l\u00e0 bia \u0111en \u0111\u1eadm v\u1ecb n\u1ea5u t\u1eeb 8 lo\u1ea1i h\u01b0\u01a1ng li\u1ec7u kh\u00e1c nhau.","breadcrumb":{"@id":"http:\/\/52.77.24.187\/vi\/san-pham\/must-be-belgo-full-moon-dark-ale\/#breadcrumb"},"inLanguage":"vi-VN","potentialAction":[{"@type":"ReadAction","target":["http:\/\/52.77.24.187\/vi\/san-pham\/must-be-belgo-full-moon-dark-ale\/"]}]},{"@type":"ImageObject","inLanguage":"vi-VN","@id":"http:\/\/52.77.24.187\/vi\/san-pham\/must-be-belgo-full-moon-dark-ale\/#primaryimage","url":"https:\/\/mlsrfcxkkbzg.i.optimole.com\/cb:JbP2.215d7\/w:auto\/h:auto\/q:mauto\/ig:avif\/https:\/\/thebottleshop.vn\/wp-content\/uploads\/2024\/10\/462554265_1234572284477481_6435906973097358664_n.png","contentUrl":"https:\/\/mlsrfcxkkbzg.i.optimole.com\/cb:JbP2.215d7\/w:auto\/h:auto\/q:mauto\/ig:avif\/https:\/\/thebottleshop.vn\/wp-content\/uploads\/2024\/10\/462554265_1234572284477481_6435906973097358664_n.png","width":1080,"height":1080,"caption":"Must Be Belgo Full Moon Dark Ale"},{"@type":"BreadcrumbList","@id":"http:\/\/52.77.24.187\/vi\/san-pham\/must-be-belgo-full-moon-dark-ale\/#breadcrumb","itemListElement":[{"@type":"ListItem","position":1,"name":"Home","item":"http:\/\/52.77.24.187\/vi\/test-popup-vi\/"},{"@type":"ListItem","position":2,"name":"C\u1eeda h\u00e0ng","item":"http:\/\/52.77.24.187\/vi\/cua-hang\/"},{"@type":"ListItem","position":3,"name":"Must Be Belgo Full Moon Dark Ale"}]},{"@type":"WebSite","@id":"http:\/\/52.77.24.187\/#website","url":"http:\/\/52.77.24.187\/","name":"The Bottle Shop","description":"All beers are not created equal","publisher":{"@id":"http:\/\/52.77.24.187\/#organization"},"potentialAction":[{"@type":"SearchAction","target":{"@type":"EntryPoint","urlTemplate":"http:\/\/52.77.24.187\/?s={search_term_string}"},"query-input":{"@type":"PropertyValueSpecification","valueRequired":true,"valueName":"search_term_string"}}],"inLanguage":"vi-VN"},{"@type":"Organization","@id":"http:\/\/52.77.24.187\/#organization","name":"The Bottle Shop","url":"http:\/\/52.77.24.187\/","logo":{"@type":"ImageObject","inLanguage":"vi-VN","@id":"http:\/\/52.77.24.187\/#\/schema\/logo\/image\/","url":"https:\/\/mlsrfcxkkbzg.i.optimole.com\/cb:JbP2.215d7\/w:auto\/h:auto\/q:mauto\/ig:avif\/https:\/\/thebottleshop.vn\/wp-content\/uploads\/2022\/10\/The-Bottle-Shop-Online-Logo.png","contentUrl":"https:\/\/mlsrfcxkkbzg.i.optimole.com\/cb:JbP2.215d7\/w:auto\/h:auto\/q:mauto\/ig:avif\/https:\/\/thebottleshop.vn\/wp-content\/uploads\/2022\/10\/The-Bottle-Shop-Online-Logo.png","width":145,"height":147,"caption":"The Bottle Shop"},"image":{"@id":"http:\/\/52.77.24.187\/#\/schema\/logo\/image\/"},"sameAs":["https:\/\/www.facebook.com\/thebottleshopvietnam","https:\/\/www.instagram.com\/thebottleshop_vietnam\/"]}]}},"_links":{"self":[{"href":"https:\/\/thebottleshop.vn\/vi\/wp-json\/wp\/v2\/product\/20735","targetHints":{"allow":["GET"]}}],"collection":[{"href":"https:\/\/thebottleshop.vn\/vi\/wp-json\/wp\/v2\/product"}],"about":[{"href":"https:\/\/thebottleshop.vn\/vi\/wp-json\/wp\/v2\/types\/product"}],"replies":[{"embeddable":true,"href":"https:\/\/thebottleshop.vn\/vi\/wp-json\/wp\/v2\/comments?post=20735"}],"wp:featuredmedia":[{"embeddable":true,"href":"https:\/\/thebottleshop.vn\/vi\/wp-json\/wp\/v2\/media\/20787"}],"wp:attachment":[{"href":"https:\/\/thebottleshop.vn\/vi\/wp-json\/wp\/v2\/media?parent=20735"}],"wp:term":[{"taxonomy":"product_brand","embeddable":true,"href":"https:\/\/thebottleshop.vn\/vi\/wp-json\/wp\/v2\/product_brand?post=20735"},{"taxonomy":"product_cat","embeddable":true,"href":"https:\/\/thebottleshop.vn\/vi\/wp-json\/wp\/v2\/product_cat?post=20735"},{"taxonomy":"product_tag","embeddable":true,"href":"https:\/\/thebottleshop.vn\/vi\/wp-json\/wp\/v2\/product_tag?post=20735"}],"curies":[{"name":"wp","href":"https:\/\/api.w.org\/{rel}","templated":true}]}}