{"id":20736,"date":"2024-10-14T15:06:54","date_gmt":"2024-10-14T08:06:54","guid":{"rendered":"https:\/\/thebottleshop.vn\/product\/must-be-belgo-royale-tripel\/"},"modified":"2024-10-14T20:23:24","modified_gmt":"2024-10-14T13:23:24","slug":"must-be-belgo-royale-tripel","status":"publish","type":"product","link":"https:\/\/thebottleshop.vn\/vi\/san-pham\/must-be-belgo-royale-tripel\/","title":{"rendered":"Must Be Belgo Royale Tripel"},"content":{"rendered":"<p>TH\u1ee8 3 H\u00c0NG TU\u1ea6N, MUA 4 T\u1eb6NG 2 V\u00cc MUST BE BELGO!<\/p>\n<p>Belgo Royale Tripel l\u00e0 bia l\u00ean men chu\u1ea9n ki\u1ec3u tu s\u0129, v\u1edbi l\u1edbp b\u1ecdt kh\u00f3i s\u00e1nh m\u1ecbn. Mang m\u00f9i h\u01b0\u01a1ng \u0111\u1eadm \u0111\u00e0 c\u1ee7a nh\u1eefng lo\u1ea1i qu\u1ea3 ch\u00edn nh\u01b0 th\u01a1m, \u0111\u00e0o, chu\u1ed1i v\u00e0 nh\u1eefng lo\u1ea1i gia v\u1ecb tinh t\u1ebf. Bia ho\u00e0ng gia \u0111\u00edch th\u1ef1c!<\/p>\n<p>C\u1ea3 ng\u00e0y th\u1ee9 3 h\u00e0ng tu\u1ea5n, ch\u1ec9 c\u00f3 t\u1ea1i The Bottle Shop Online!<\/p>\n<p>\u2014\u2013<br \/>\nXem th\u01b0 vi\u1ec7n h\u00ecnh \u1ea3nh \u0111\u1ec3 bi\u1ebft th\u00eam th\u00f4ng tin chi ti\u1ebft v\u1ec1 ngu\u1ed3n g\u1ed1c, th\u00e0nh ph\u1ea7n v\u00e0 h\u01b0\u1edbng d\u1eabn s\u1eed d\u1ee5ng c\u1ee7a s\u1ea3n ph\u1ea9m.<\/p>\n","protected":false},"excerpt":{"rendered":"<p><strong>Phong ph\u00fa, S\u00e2u s\u1eafc, S\u00e1nh m\u1ecbn 7.6%<\/strong><\/p>\n","protected":false},"featured_media":20781,"comment_status":"open","ping_status":"closed","template":"","meta":{"_acf_changed":false},"product_brand":[],"product_cat":[385,379,340,337,348,362,373,441,351,366,345,377,339,341,352,578],"product_tag":[],"class_list":{"0":"post-20736","1":"product","2":"type-product","3":"status-publish","4":"has-post-thumbnail","6":"product_cat-top-deals","7":"product_cat-20-39","8":"product_cat-vietnam-hcmc","9":"product_cat-bia-va-cider","10":"product_cat-6-7-9","11":"product_cat-bia-kieu-bi","12":"product_cat-200k-499k","13":"product_cat-belgo-craft-beer","14":"product_cat-dong-bia","15":"product_cat-nha-san-xuat","16":"product_cat-abv-vi","17":"product_cat-ibu","18":"product_cat-xuat-xu","19":"product_cat-dong-goi","20":"product_cat-gia","21":"product_cat-chai-6-pack","23":"first","24":"outofstock","25":"sale","26":"shipping-taxable","27":"purchasable","28":"product-type-simple","29":"add-to-wishlist-before_image"},"acf":[],"yoast_head":"<!-- This site is optimized with the Yoast SEO plugin v27.5 - https:\/\/yoast.com\/product\/yoast-seo-wordpress\/ -->\n<title>Must Be Belgo Royale Tripel - The Bottle Shop<\/title>\n<meta name=\"description\" content=\"TH\u1ee8 3 H\u00c0NG TU\u1ea6N, MUA 4 T\u1eb6NG 2 V\u00cc MUST BE BELGO! Belgo Royale Tripel l\u00e0 bia l\u00ean men chu\u1ea9n ki\u1ec3u tu s\u0129, v\u1edbi l\u1edbp b\u1ecdt kh\u00f3i s\u00e1nh m\u1ecbn.\" \/>\n<meta name=\"robots\" content=\"index, follow, max-snippet:-1, max-image-preview:large, max-video-preview:-1\" \/>\n<link rel=\"canonical\" href=\"http:\/\/52.77.24.187\/vi\/san-pham\/must-be-belgo-royale-tripel\/\" \/>\n<meta property=\"og:locale\" content=\"vi_VN\" \/>\n<meta property=\"og:type\" content=\"article\" \/>\n<meta property=\"og:title\" content=\"Must Be Belgo Royale Tripel - The Bottle Shop\" \/>\n<meta property=\"og:description\" content=\"TH\u1ee8 3 H\u00c0NG TU\u1ea6N, MUA 4 T\u1eb6NG 2 V\u00cc MUST BE BELGO! Belgo Royale Tripel l\u00e0 bia l\u00ean men chu\u1ea9n ki\u1ec3u tu s\u0129, v\u1edbi l\u1edbp b\u1ecdt kh\u00f3i s\u00e1nh m\u1ecbn.\" \/>\n<meta property=\"og:url\" content=\"http:\/\/52.77.24.187\/vi\/san-pham\/must-be-belgo-royale-tripel\/\" \/>\n<meta property=\"og:site_name\" content=\"The Bottle Shop\" \/>\n<meta property=\"article:publisher\" content=\"https:\/\/www.facebook.com\/thebottleshopvietnam\" \/>\n<meta property=\"article:modified_time\" content=\"2024-10-14T13:23:24+00:00\" \/>\n<meta property=\"og:image\" content=\"https:\/\/mlsrfcxkkbzg.i.optimole.com\/cb:JbP2.215d7\/w:auto\/h:auto\/q:mauto\/ig:avif\/http:\/\/52.77.24.187\/wp-content\/uploads\/2024\/10\/462544292_561876479752535_3822229295245692196_n.png\" \/>\n\t<meta property=\"og:image:width\" content=\"1080\" \/>\n\t<meta property=\"og:image:height\" content=\"1080\" \/>\n\t<meta property=\"og:image:type\" content=\"image\/png\" \/>\n<meta name=\"twitter:card\" content=\"summary_large_image\" \/>\n<meta name=\"twitter:label1\" content=\"Est. reading time\" \/>\n\t<meta name=\"twitter:data1\" content=\"1 minute\" \/>\n<script type=\"application\/ld+json\" class=\"yoast-schema-graph\">{\"@context\":\"https:\\\/\\\/schema.org\",\"@graph\":[{\"@type\":\"WebPage\",\"@id\":\"http:\\\/\\\/52.77.24.187\\\/vi\\\/san-pham\\\/must-be-belgo-royale-tripel\\\/\",\"url\":\"http:\\\/\\\/52.77.24.187\\\/vi\\\/san-pham\\\/must-be-belgo-royale-tripel\\\/\",\"name\":\"Must Be Belgo Royale Tripel - The Bottle Shop\",\"isPartOf\":{\"@id\":\"http:\\\/\\\/52.77.24.187\\\/#website\"},\"primaryImageOfPage\":{\"@id\":\"http:\\\/\\\/52.77.24.187\\\/vi\\\/san-pham\\\/must-be-belgo-royale-tripel\\\/#primaryimage\"},\"image\":{\"@id\":\"http:\\\/\\\/52.77.24.187\\\/vi\\\/san-pham\\\/must-be-belgo-royale-tripel\\\/#primaryimage\"},\"thumbnailUrl\":\"https:\\/\\/thebottleshop.vn\\/wp-content\\/uploads\\/2024\\/10\\/462544292_561876479752535_3822229295245692196_n.png\",\"datePublished\":\"2024-10-14T08:06:54+00:00\",\"dateModified\":\"2024-10-14T13:23:24+00:00\",\"description\":\"TH\u1ee8 3 H\u00c0NG TU\u1ea6N, MUA 4 T\u1eb6NG 2 V\u00cc MUST BE BELGO! Belgo Royale Tripel l\u00e0 bia l\u00ean men chu\u1ea9n ki\u1ec3u tu s\u0129, v\u1edbi l\u1edbp b\u1ecdt kh\u00f3i s\u00e1nh m\u1ecbn.\",\"breadcrumb\":{\"@id\":\"http:\\\/\\\/52.77.24.187\\\/vi\\\/san-pham\\\/must-be-belgo-royale-tripel\\\/#breadcrumb\"},\"inLanguage\":\"vi-VN\",\"potentialAction\":[{\"@type\":\"ReadAction\",\"target\":[\"http:\\\/\\\/52.77.24.187\\\/vi\\\/san-pham\\\/must-be-belgo-royale-tripel\\\/\"]}]},{\"@type\":\"ImageObject\",\"inLanguage\":\"vi-VN\",\"@id\":\"http:\\\/\\\/52.77.24.187\\\/vi\\\/san-pham\\\/must-be-belgo-royale-tripel\\\/#primaryimage\",\"url\":\"https:\\/\\/thebottleshop.vn\\/wp-content\\/uploads\\/2024\\/10\\/462544292_561876479752535_3822229295245692196_n.png\",\"contentUrl\":\"https:\\/\\/thebottleshop.vn\\/wp-content\\/uploads\\/2024\\/10\\/462544292_561876479752535_3822229295245692196_n.png\",\"width\":1080,\"height\":1080,\"caption\":\"Must Be Belgo Royale Tripel\"},{\"@type\":\"BreadcrumbList\",\"@id\":\"http:\\\/\\\/52.77.24.187\\\/vi\\\/san-pham\\\/must-be-belgo-royale-tripel\\\/#breadcrumb\",\"itemListElement\":[{\"@type\":\"ListItem\",\"position\":1,\"name\":\"Home\",\"item\":\"http:\\\/\\\/52.77.24.187\\\/vi\\\/test-popup-vi\\\/\"},{\"@type\":\"ListItem\",\"position\":2,\"name\":\"C\u1eeda h\u00e0ng\",\"item\":\"http:\\\/\\\/52.77.24.187\\\/vi\\\/cua-hang\\\/\"},{\"@type\":\"ListItem\",\"position\":3,\"name\":\"Must Be Belgo Royale Tripel\"}]},{\"@type\":\"WebSite\",\"@id\":\"http:\\\/\\\/52.77.24.187\\\/#website\",\"url\":\"http:\\\/\\\/52.77.24.187\\\/\",\"name\":\"The Bottle Shop\",\"description\":\"All beers are not created equal\",\"publisher\":{\"@id\":\"http:\\\/\\\/52.77.24.187\\\/#organization\"},\"potentialAction\":[{\"@type\":\"SearchAction\",\"target\":{\"@type\":\"EntryPoint\",\"urlTemplate\":\"http:\\\/\\\/52.77.24.187\\\/?s={search_term_string}\"},\"query-input\":{\"@type\":\"PropertyValueSpecification\",\"valueRequired\":true,\"valueName\":\"search_term_string\"}}],\"inLanguage\":\"vi-VN\"},{\"@type\":\"Organization\",\"@id\":\"http:\\\/\\\/52.77.24.187\\\/#organization\",\"name\":\"The Bottle Shop\",\"url\":\"http:\\\/\\\/52.77.24.187\\\/\",\"logo\":{\"@type\":\"ImageObject\",\"inLanguage\":\"vi-VN\",\"@id\":\"http:\\\/\\\/52.77.24.187\\\/#\\\/schema\\\/logo\\\/image\\\/\",\"url\":\"https:\\/\\/thebottleshop.vn\\/wp-content\\/uploads\\/2022\\/10\\/The-Bottle-Shop-Online-Logo.png\",\"contentUrl\":\"https:\\/\\/thebottleshop.vn\\/wp-content\\/uploads\\/2022\\/10\\/The-Bottle-Shop-Online-Logo.png\",\"width\":145,\"height\":147,\"caption\":\"The Bottle Shop\"},\"image\":{\"@id\":\"http:\\\/\\\/52.77.24.187\\\/#\\\/schema\\\/logo\\\/image\\\/\"},\"sameAs\":[\"https:\\\/\\\/www.facebook.com\\\/thebottleshopvietnam\",\"https:\\\/\\\/www.instagram.com\\\/thebottleshop_vietnam\\\/\"]}]}<\/script>\n<!-- \/ Yoast SEO plugin. -->","yoast_head_json":{"title":"Must Be Belgo Royale Tripel - The Bottle Shop","description":"TH\u1ee8 3 H\u00c0NG TU\u1ea6N, MUA 4 T\u1eb6NG 2 V\u00cc MUST BE BELGO! Belgo Royale Tripel l\u00e0 bia l\u00ean men chu\u1ea9n ki\u1ec3u tu s\u0129, v\u1edbi l\u1edbp b\u1ecdt kh\u00f3i s\u00e1nh m\u1ecbn.","robots":{"index":"index","follow":"follow","max-snippet":"max-snippet:-1","max-image-preview":"max-image-preview:large","max-video-preview":"max-video-preview:-1"},"canonical":"http:\/\/52.77.24.187\/vi\/san-pham\/must-be-belgo-royale-tripel\/","og_locale":"vi_VN","og_type":"article","og_title":"Must Be Belgo Royale Tripel - The Bottle Shop","og_description":"TH\u1ee8 3 H\u00c0NG TU\u1ea6N, MUA 4 T\u1eb6NG 2 V\u00cc MUST BE BELGO! Belgo Royale Tripel l\u00e0 bia l\u00ean men chu\u1ea9n ki\u1ec3u tu s\u0129, v\u1edbi l\u1edbp b\u1ecdt kh\u00f3i s\u00e1nh m\u1ecbn.","og_url":"http:\/\/52.77.24.187\/vi\/san-pham\/must-be-belgo-royale-tripel\/","og_site_name":"The Bottle Shop","article_publisher":"https:\/\/www.facebook.com\/thebottleshopvietnam","article_modified_time":"2024-10-14T13:23:24+00:00","og_image":[{"width":1080,"height":1080,"url":"https:\/\/mlsrfcxkkbzg.i.optimole.com\/cb:JbP2.215d7\/w:auto\/h:auto\/q:mauto\/ig:avif\/http:\/\/52.77.24.187\/wp-content\/uploads\/2024\/10\/462544292_561876479752535_3822229295245692196_n.png","type":"image\/png"}],"twitter_card":"summary_large_image","twitter_misc":{"Est. reading time":"1 minute"},"schema":{"@context":"https:\/\/schema.org","@graph":[{"@type":"WebPage","@id":"http:\/\/52.77.24.187\/vi\/san-pham\/must-be-belgo-royale-tripel\/","url":"http:\/\/52.77.24.187\/vi\/san-pham\/must-be-belgo-royale-tripel\/","name":"Must Be Belgo Royale Tripel - The Bottle Shop","isPartOf":{"@id":"http:\/\/52.77.24.187\/#website"},"primaryImageOfPage":{"@id":"http:\/\/52.77.24.187\/vi\/san-pham\/must-be-belgo-royale-tripel\/#primaryimage"},"image":{"@id":"http:\/\/52.77.24.187\/vi\/san-pham\/must-be-belgo-royale-tripel\/#primaryimage"},"thumbnailUrl":"https:\/\/mlsrfcxkkbzg.i.optimole.com\/cb:JbP2.215d7\/w:auto\/h:auto\/q:mauto\/ig:avif\/https:\/\/thebottleshop.vn\/wp-content\/uploads\/2024\/10\/462544292_561876479752535_3822229295245692196_n.png","datePublished":"2024-10-14T08:06:54+00:00","dateModified":"2024-10-14T13:23:24+00:00","description":"TH\u1ee8 3 H\u00c0NG TU\u1ea6N, MUA 4 T\u1eb6NG 2 V\u00cc MUST BE BELGO! Belgo Royale Tripel l\u00e0 bia l\u00ean men chu\u1ea9n ki\u1ec3u tu s\u0129, v\u1edbi l\u1edbp b\u1ecdt kh\u00f3i s\u00e1nh m\u1ecbn.","breadcrumb":{"@id":"http:\/\/52.77.24.187\/vi\/san-pham\/must-be-belgo-royale-tripel\/#breadcrumb"},"inLanguage":"vi-VN","potentialAction":[{"@type":"ReadAction","target":["http:\/\/52.77.24.187\/vi\/san-pham\/must-be-belgo-royale-tripel\/"]}]},{"@type":"ImageObject","inLanguage":"vi-VN","@id":"http:\/\/52.77.24.187\/vi\/san-pham\/must-be-belgo-royale-tripel\/#primaryimage","url":"https:\/\/mlsrfcxkkbzg.i.optimole.com\/cb:JbP2.215d7\/w:auto\/h:auto\/q:mauto\/ig:avif\/https:\/\/thebottleshop.vn\/wp-content\/uploads\/2024\/10\/462544292_561876479752535_3822229295245692196_n.png","contentUrl":"https:\/\/mlsrfcxkkbzg.i.optimole.com\/cb:JbP2.215d7\/w:auto\/h:auto\/q:mauto\/ig:avif\/https:\/\/thebottleshop.vn\/wp-content\/uploads\/2024\/10\/462544292_561876479752535_3822229295245692196_n.png","width":1080,"height":1080,"caption":"Must Be Belgo Royale Tripel"},{"@type":"BreadcrumbList","@id":"http:\/\/52.77.24.187\/vi\/san-pham\/must-be-belgo-royale-tripel\/#breadcrumb","itemListElement":[{"@type":"ListItem","position":1,"name":"Home","item":"http:\/\/52.77.24.187\/vi\/test-popup-vi\/"},{"@type":"ListItem","position":2,"name":"C\u1eeda h\u00e0ng","item":"http:\/\/52.77.24.187\/vi\/cua-hang\/"},{"@type":"ListItem","position":3,"name":"Must Be Belgo Royale Tripel"}]},{"@type":"WebSite","@id":"http:\/\/52.77.24.187\/#website","url":"http:\/\/52.77.24.187\/","name":"The Bottle Shop","description":"All beers are not created equal","publisher":{"@id":"http:\/\/52.77.24.187\/#organization"},"potentialAction":[{"@type":"SearchAction","target":{"@type":"EntryPoint","urlTemplate":"http:\/\/52.77.24.187\/?s={search_term_string}"},"query-input":{"@type":"PropertyValueSpecification","valueRequired":true,"valueName":"search_term_string"}}],"inLanguage":"vi-VN"},{"@type":"Organization","@id":"http:\/\/52.77.24.187\/#organization","name":"The Bottle Shop","url":"http:\/\/52.77.24.187\/","logo":{"@type":"ImageObject","inLanguage":"vi-VN","@id":"http:\/\/52.77.24.187\/#\/schema\/logo\/image\/","url":"https:\/\/mlsrfcxkkbzg.i.optimole.com\/cb:JbP2.215d7\/w:auto\/h:auto\/q:mauto\/ig:avif\/https:\/\/thebottleshop.vn\/wp-content\/uploads\/2022\/10\/The-Bottle-Shop-Online-Logo.png","contentUrl":"https:\/\/mlsrfcxkkbzg.i.optimole.com\/cb:JbP2.215d7\/w:auto\/h:auto\/q:mauto\/ig:avif\/https:\/\/thebottleshop.vn\/wp-content\/uploads\/2022\/10\/The-Bottle-Shop-Online-Logo.png","width":145,"height":147,"caption":"The Bottle Shop"},"image":{"@id":"http:\/\/52.77.24.187\/#\/schema\/logo\/image\/"},"sameAs":["https:\/\/www.facebook.com\/thebottleshopvietnam","https:\/\/www.instagram.com\/thebottleshop_vietnam\/"]}]}},"_links":{"self":[{"href":"https:\/\/thebottleshop.vn\/vi\/wp-json\/wp\/v2\/product\/20736","targetHints":{"allow":["GET"]}}],"collection":[{"href":"https:\/\/thebottleshop.vn\/vi\/wp-json\/wp\/v2\/product"}],"about":[{"href":"https:\/\/thebottleshop.vn\/vi\/wp-json\/wp\/v2\/types\/product"}],"replies":[{"embeddable":true,"href":"https:\/\/thebottleshop.vn\/vi\/wp-json\/wp\/v2\/comments?post=20736"}],"wp:featuredmedia":[{"embeddable":true,"href":"https:\/\/thebottleshop.vn\/vi\/wp-json\/wp\/v2\/media\/20781"}],"wp:attachment":[{"href":"https:\/\/thebottleshop.vn\/vi\/wp-json\/wp\/v2\/media?parent=20736"}],"wp:term":[{"taxonomy":"product_brand","embeddable":true,"href":"https:\/\/thebottleshop.vn\/vi\/wp-json\/wp\/v2\/product_brand?post=20736"},{"taxonomy":"product_cat","embeddable":true,"href":"https:\/\/thebottleshop.vn\/vi\/wp-json\/wp\/v2\/product_cat?post=20736"},{"taxonomy":"product_tag","embeddable":true,"href":"https:\/\/thebottleshop.vn\/vi\/wp-json\/wp\/v2\/product_tag?post=20736"}],"curies":[{"name":"wp","href":"https:\/\/api.w.org\/{rel}","templated":true}]}}