{"id":20849,"date":"2024-11-07T13:53:35","date_gmt":"2024-11-07T06:53:35","guid":{"rendered":"https:\/\/thebottleshop.vn\/product\/heart-of-darkness-the-shadow-barrel-aged-stout\/"},"modified":"2025-06-05T15:33:44","modified_gmt":"2025-06-05T08:33:44","slug":"heart-of-darkness-the-shadow-barrel-aged-stout","status":"publish","type":"product","link":"https:\/\/thebottleshop.vn\/vi\/san-pham\/heart-of-darkness-the-shadow-barrel-aged-stout\/","title":{"rendered":"Heart of Darkness The Shadow Barrel-aged Stout"},"content":{"rendered":"<p>Heart of Darkness The Shadow Barrel-aged Stout l\u00e0 s\u1ea3n ph\u1ea9m bia \u1ee7 th\u00f9ng g\u1ed7 s\u1eed d\u1ee5ng m\u1ea1ch nha rang ch\u00e1y \u0111\u1ec3 t\u1ea1o ra h\u01b0\u01a1ng v\u1ecb bia \u0111en n\u1ed3ng n\u00e0n, l\u1ea1i \u0111em \u1ee7 trong th\u00f9ng g\u1ed7 c\u1ee7a Teeling Irish Whiskey l\u00e0m d\u1eady l\u00ean m\u00f9i vani, s\u00f4c\u00f4la, h\u1ea1t ph\u1ec9, qu\u1ea3 m\u1ecdng, ch\u00e0 l\u00e0 v\u00e0 gia v\u1ecb.<\/p>\n<p>\u2014\u2013<br \/>\nXem th\u01b0 vi\u1ec7n h\u00ecnh \u1ea3nh \u0111\u1ec3 bi\u1ebft th\u00eam th\u00f4ng tin chi ti\u1ebft v\u1ec1 ngu\u1ed3n g\u1ed1c, th\u00e0nh ph\u1ea7n v\u00e0 h\u01b0\u1edbng d\u1eabn s\u1eed d\u1ee5ng c\u1ee7a s\u1ea3n ph\u1ea9m.<\/p>\n","protected":false},"excerpt":{"rendered":"<p><strong>N\u1ed3ng n\u00e0n, Rang ch\u00e1y, Th\u00f9ng g\u1ed7 10%<\/strong><\/p>\n","protected":false},"featured_media":20837,"comment_status":"open","ping_status":"closed","template":"","meta":{"_acf_changed":false},"product_brand":[],"product_cat":[395,337,340,381,349,373,351,342,366,345,377,339,341,352,360,369],"product_tag":[],"class_list":{"0":"post-20849","1":"product","2":"type-product","3":"status-publish","4":"has-post-thumbnail","6":"product_cat-barell-aged","7":"product_cat-bia-va-cider","8":"product_cat-vietnam-hcmc","9":"product_cat-60-79","10":"product_cat-1-0-2-5","11":"product_cat-200k-499k","12":"product_cat-dong-bia","13":"product_cat-chai-330-ml","14":"product_cat-nha-san-xuat","15":"product_cat-abv-vi","16":"product_cat-ibu","17":"product_cat-xuat-xu","18":"product_cat-dong-goi","19":"product_cat-gia","20":"product_cat-stout-porter","21":"product_cat-heart-of-darkness","23":"first","24":"outofstock","25":"shipping-taxable","26":"purchasable","27":"product-type-simple","28":"add-to-wishlist-before_image"},"acf":[],"yoast_head":"<!-- This site is optimized with the Yoast SEO plugin v27.2 - https:\/\/yoast.com\/product\/yoast-seo-wordpress\/ -->\n<title>Heart of Darkness The Shadow Barrel-aged Stout - The Bottle Shop<\/title>\n<meta name=\"description\" content=\"Heart of Darkness The Shadow Barrel-aged Stout l\u00e0 s\u1ea3n ph\u1ea9m bia \u1ee7 th\u00f9ng g\u1ed7 s\u1eed d\u1ee5ng m\u1ea1ch nha rang ch\u00e1y \u0111\u1ec3 t\u1ea1o ra h\u01b0\u01a1ng v\u1ecb bia \u0111en n\u1ed3ng n\u00e0n.\" \/>\n<meta name=\"robots\" content=\"index, follow, max-snippet:-1, max-image-preview:large, max-video-preview:-1\" \/>\n<link rel=\"canonical\" href=\"http:\/\/52.77.24.187\/vi\/san-pham\/heart-of-darkness-the-shadow-barrel-aged-stout\/\" \/>\n<meta property=\"og:locale\" content=\"vi_VN\" \/>\n<meta property=\"og:type\" content=\"article\" \/>\n<meta property=\"og:title\" content=\"Heart of Darkness The Shadow Barrel-aged Stout - The Bottle Shop\" \/>\n<meta property=\"og:description\" content=\"Heart of Darkness The Shadow Barrel-aged Stout l\u00e0 s\u1ea3n ph\u1ea9m bia \u1ee7 th\u00f9ng g\u1ed7 s\u1eed d\u1ee5ng m\u1ea1ch nha rang ch\u00e1y \u0111\u1ec3 t\u1ea1o ra h\u01b0\u01a1ng v\u1ecb bia \u0111en n\u1ed3ng n\u00e0n.\" \/>\n<meta property=\"og:url\" content=\"http:\/\/52.77.24.187\/vi\/san-pham\/heart-of-darkness-the-shadow-barrel-aged-stout\/\" \/>\n<meta property=\"og:site_name\" content=\"The Bottle Shop\" \/>\n<meta property=\"article:publisher\" content=\"https:\/\/www.facebook.com\/thebottleshopvietnam\" \/>\n<meta property=\"article:modified_time\" content=\"2025-06-05T08:33:44+00:00\" \/>\n<meta property=\"og:image\" content=\"https:\/\/mlsrfcxkkbzg.i.optimole.com\/cb:JbP2.215d7\/w:auto\/h:auto\/q:mauto\/ig:avif\/http:\/\/52.77.24.187\/wp-content\/uploads\/2024\/11\/Heart-of-Darkness-The-Shadow-Barrel-aged-Stout.png\" \/>\n\t<meta property=\"og:image:width\" content=\"1080\" \/>\n\t<meta property=\"og:image:height\" content=\"1080\" \/>\n\t<meta property=\"og:image:type\" content=\"image\/png\" \/>\n<meta name=\"twitter:card\" content=\"summary_large_image\" \/>\n<meta name=\"twitter:label1\" content=\"Est. reading time\" \/>\n\t<meta name=\"twitter:data1\" content=\"1 minute\" \/>\n<script type=\"application\/ld+json\" class=\"yoast-schema-graph\">{\"@context\":\"https:\/\/schema.org\",\"@graph\":[{\"@type\":\"WebPage\",\"@id\":\"http:\/\/52.77.24.187\/vi\/san-pham\/heart-of-darkness-the-shadow-barrel-aged-stout\/\",\"url\":\"http:\/\/52.77.24.187\/vi\/san-pham\/heart-of-darkness-the-shadow-barrel-aged-stout\/\",\"name\":\"Heart of Darkness The Shadow Barrel-aged Stout - The Bottle Shop\",\"isPartOf\":{\"@id\":\"http:\/\/52.77.24.187\/#website\"},\"primaryImageOfPage\":{\"@id\":\"http:\/\/52.77.24.187\/vi\/san-pham\/heart-of-darkness-the-shadow-barrel-aged-stout\/#primaryimage\"},\"image\":{\"@id\":\"http:\/\/52.77.24.187\/vi\/san-pham\/heart-of-darkness-the-shadow-barrel-aged-stout\/#primaryimage\"},\"thumbnailUrl\":\"https:\/\/mlsrfcxkkbzg.i.optimole.com\/cb:JbP2.215d7\/w:auto\/h:auto\/q:mauto\/ig:avif\/https:\/\/thebottleshop.vn\/wp-content\/uploads\/2024\/11\/Heart-of-Darkness-The-Shadow-Barrel-aged-Stout.png\",\"datePublished\":\"2024-11-07T06:53:35+00:00\",\"dateModified\":\"2025-06-05T08:33:44+00:00\",\"description\":\"Heart of Darkness The Shadow Barrel-aged Stout l\u00e0 s\u1ea3n ph\u1ea9m bia \u1ee7 th\u00f9ng g\u1ed7 s\u1eed d\u1ee5ng m\u1ea1ch nha rang ch\u00e1y \u0111\u1ec3 t\u1ea1o ra h\u01b0\u01a1ng v\u1ecb bia \u0111en n\u1ed3ng n\u00e0n.\",\"breadcrumb\":{\"@id\":\"http:\/\/52.77.24.187\/vi\/san-pham\/heart-of-darkness-the-shadow-barrel-aged-stout\/#breadcrumb\"},\"inLanguage\":\"vi-VN\",\"potentialAction\":[{\"@type\":\"ReadAction\",\"target\":[\"http:\/\/52.77.24.187\/vi\/san-pham\/heart-of-darkness-the-shadow-barrel-aged-stout\/\"]}]},{\"@type\":\"ImageObject\",\"inLanguage\":\"vi-VN\",\"@id\":\"http:\/\/52.77.24.187\/vi\/san-pham\/heart-of-darkness-the-shadow-barrel-aged-stout\/#primaryimage\",\"url\":\"https:\/\/mlsrfcxkkbzg.i.optimole.com\/cb:JbP2.215d7\/w:auto\/h:auto\/q:mauto\/ig:avif\/https:\/\/thebottleshop.vn\/wp-content\/uploads\/2024\/11\/Heart-of-Darkness-The-Shadow-Barrel-aged-Stout.png\",\"contentUrl\":\"https:\/\/mlsrfcxkkbzg.i.optimole.com\/cb:JbP2.215d7\/w:auto\/h:auto\/q:mauto\/ig:avif\/https:\/\/thebottleshop.vn\/wp-content\/uploads\/2024\/11\/Heart-of-Darkness-The-Shadow-Barrel-aged-Stout.png\",\"width\":1080,\"height\":1080,\"caption\":\"Heart of Darkness The Shadow Barrel-aged Stout\"},{\"@type\":\"BreadcrumbList\",\"@id\":\"http:\/\/52.77.24.187\/vi\/san-pham\/heart-of-darkness-the-shadow-barrel-aged-stout\/#breadcrumb\",\"itemListElement\":[{\"@type\":\"ListItem\",\"position\":1,\"name\":\"Home\",\"item\":\"http:\/\/52.77.24.187\/vi\/test-popup-vi\/\"},{\"@type\":\"ListItem\",\"position\":2,\"name\":\"C\u1eeda h\u00e0ng\",\"item\":\"http:\/\/52.77.24.187\/vi\/cua-hang\/\"},{\"@type\":\"ListItem\",\"position\":3,\"name\":\"Heart of Darkness The Shadow Barrel-aged Stout\"}]},{\"@type\":\"WebSite\",\"@id\":\"http:\/\/52.77.24.187\/#website\",\"url\":\"http:\/\/52.77.24.187\/\",\"name\":\"The Bottle Shop\",\"description\":\"All beers are not created equal\",\"publisher\":{\"@id\":\"http:\/\/52.77.24.187\/#organization\"},\"potentialAction\":[{\"@type\":\"SearchAction\",\"target\":{\"@type\":\"EntryPoint\",\"urlTemplate\":\"http:\/\/52.77.24.187\/?s={search_term_string}\"},\"query-input\":{\"@type\":\"PropertyValueSpecification\",\"valueRequired\":true,\"valueName\":\"search_term_string\"}}],\"inLanguage\":\"vi-VN\"},{\"@type\":\"Organization\",\"@id\":\"http:\/\/52.77.24.187\/#organization\",\"name\":\"The Bottle Shop\",\"url\":\"http:\/\/52.77.24.187\/\",\"logo\":{\"@type\":\"ImageObject\",\"inLanguage\":\"vi-VN\",\"@id\":\"http:\/\/52.77.24.187\/#\/schema\/logo\/image\/\",\"url\":\"https:\/\/mlsrfcxkkbzg.i.optimole.com\/cb:JbP2.215d7\/w:auto\/h:auto\/q:mauto\/ig:avif\/https:\/\/thebottleshop.vn\/wp-content\/uploads\/2022\/10\/The-Bottle-Shop-Online-Logo.png\",\"contentUrl\":\"https:\/\/mlsrfcxkkbzg.i.optimole.com\/cb:JbP2.215d7\/w:auto\/h:auto\/q:mauto\/ig:avif\/https:\/\/thebottleshop.vn\/wp-content\/uploads\/2022\/10\/The-Bottle-Shop-Online-Logo.png\",\"width\":145,\"height\":147,\"caption\":\"The Bottle Shop\"},\"image\":{\"@id\":\"http:\/\/52.77.24.187\/#\/schema\/logo\/image\/\"},\"sameAs\":[\"https:\/\/www.facebook.com\/thebottleshopvietnam\",\"https:\/\/www.instagram.com\/thebottleshop_vietnam\/\"]}]}<\/script>\n<!-- \/ Yoast SEO plugin. -->","yoast_head_json":{"title":"Heart of Darkness The Shadow Barrel-aged Stout - The Bottle Shop","description":"Heart of Darkness The Shadow Barrel-aged Stout l\u00e0 s\u1ea3n ph\u1ea9m bia \u1ee7 th\u00f9ng g\u1ed7 s\u1eed d\u1ee5ng m\u1ea1ch nha rang ch\u00e1y \u0111\u1ec3 t\u1ea1o ra h\u01b0\u01a1ng v\u1ecb bia \u0111en n\u1ed3ng n\u00e0n.","robots":{"index":"index","follow":"follow","max-snippet":"max-snippet:-1","max-image-preview":"max-image-preview:large","max-video-preview":"max-video-preview:-1"},"canonical":"http:\/\/52.77.24.187\/vi\/san-pham\/heart-of-darkness-the-shadow-barrel-aged-stout\/","og_locale":"vi_VN","og_type":"article","og_title":"Heart of Darkness The Shadow Barrel-aged Stout - The Bottle Shop","og_description":"Heart of Darkness The Shadow Barrel-aged Stout l\u00e0 s\u1ea3n ph\u1ea9m bia \u1ee7 th\u00f9ng g\u1ed7 s\u1eed d\u1ee5ng m\u1ea1ch nha rang ch\u00e1y \u0111\u1ec3 t\u1ea1o ra h\u01b0\u01a1ng v\u1ecb bia \u0111en n\u1ed3ng n\u00e0n.","og_url":"http:\/\/52.77.24.187\/vi\/san-pham\/heart-of-darkness-the-shadow-barrel-aged-stout\/","og_site_name":"The Bottle Shop","article_publisher":"https:\/\/www.facebook.com\/thebottleshopvietnam","article_modified_time":"2025-06-05T08:33:44+00:00","og_image":[{"width":1080,"height":1080,"url":"https:\/\/mlsrfcxkkbzg.i.optimole.com\/cb:JbP2.215d7\/w:auto\/h:auto\/q:mauto\/ig:avif\/http:\/\/52.77.24.187\/wp-content\/uploads\/2024\/11\/Heart-of-Darkness-The-Shadow-Barrel-aged-Stout.png","type":"image\/png"}],"twitter_card":"summary_large_image","twitter_misc":{"Est. reading time":"1 minute"},"schema":{"@context":"https:\/\/schema.org","@graph":[{"@type":"WebPage","@id":"http:\/\/52.77.24.187\/vi\/san-pham\/heart-of-darkness-the-shadow-barrel-aged-stout\/","url":"http:\/\/52.77.24.187\/vi\/san-pham\/heart-of-darkness-the-shadow-barrel-aged-stout\/","name":"Heart of Darkness The Shadow Barrel-aged Stout - The Bottle Shop","isPartOf":{"@id":"http:\/\/52.77.24.187\/#website"},"primaryImageOfPage":{"@id":"http:\/\/52.77.24.187\/vi\/san-pham\/heart-of-darkness-the-shadow-barrel-aged-stout\/#primaryimage"},"image":{"@id":"http:\/\/52.77.24.187\/vi\/san-pham\/heart-of-darkness-the-shadow-barrel-aged-stout\/#primaryimage"},"thumbnailUrl":"https:\/\/mlsrfcxkkbzg.i.optimole.com\/cb:JbP2.215d7\/w:auto\/h:auto\/q:mauto\/ig:avif\/https:\/\/thebottleshop.vn\/wp-content\/uploads\/2024\/11\/Heart-of-Darkness-The-Shadow-Barrel-aged-Stout.png","datePublished":"2024-11-07T06:53:35+00:00","dateModified":"2025-06-05T08:33:44+00:00","description":"Heart of Darkness The Shadow Barrel-aged Stout l\u00e0 s\u1ea3n ph\u1ea9m bia \u1ee7 th\u00f9ng g\u1ed7 s\u1eed d\u1ee5ng m\u1ea1ch nha rang ch\u00e1y \u0111\u1ec3 t\u1ea1o ra h\u01b0\u01a1ng v\u1ecb bia \u0111en n\u1ed3ng n\u00e0n.","breadcrumb":{"@id":"http:\/\/52.77.24.187\/vi\/san-pham\/heart-of-darkness-the-shadow-barrel-aged-stout\/#breadcrumb"},"inLanguage":"vi-VN","potentialAction":[{"@type":"ReadAction","target":["http:\/\/52.77.24.187\/vi\/san-pham\/heart-of-darkness-the-shadow-barrel-aged-stout\/"]}]},{"@type":"ImageObject","inLanguage":"vi-VN","@id":"http:\/\/52.77.24.187\/vi\/san-pham\/heart-of-darkness-the-shadow-barrel-aged-stout\/#primaryimage","url":"https:\/\/mlsrfcxkkbzg.i.optimole.com\/cb:JbP2.215d7\/w:auto\/h:auto\/q:mauto\/ig:avif\/https:\/\/thebottleshop.vn\/wp-content\/uploads\/2024\/11\/Heart-of-Darkness-The-Shadow-Barrel-aged-Stout.png","contentUrl":"https:\/\/mlsrfcxkkbzg.i.optimole.com\/cb:JbP2.215d7\/w:auto\/h:auto\/q:mauto\/ig:avif\/https:\/\/thebottleshop.vn\/wp-content\/uploads\/2024\/11\/Heart-of-Darkness-The-Shadow-Barrel-aged-Stout.png","width":1080,"height":1080,"caption":"Heart of Darkness The Shadow Barrel-aged Stout"},{"@type":"BreadcrumbList","@id":"http:\/\/52.77.24.187\/vi\/san-pham\/heart-of-darkness-the-shadow-barrel-aged-stout\/#breadcrumb","itemListElement":[{"@type":"ListItem","position":1,"name":"Home","item":"http:\/\/52.77.24.187\/vi\/test-popup-vi\/"},{"@type":"ListItem","position":2,"name":"C\u1eeda h\u00e0ng","item":"http:\/\/52.77.24.187\/vi\/cua-hang\/"},{"@type":"ListItem","position":3,"name":"Heart of Darkness The Shadow Barrel-aged Stout"}]},{"@type":"WebSite","@id":"http:\/\/52.77.24.187\/#website","url":"http:\/\/52.77.24.187\/","name":"The Bottle Shop","description":"All beers are not created equal","publisher":{"@id":"http:\/\/52.77.24.187\/#organization"},"potentialAction":[{"@type":"SearchAction","target":{"@type":"EntryPoint","urlTemplate":"http:\/\/52.77.24.187\/?s={search_term_string}"},"query-input":{"@type":"PropertyValueSpecification","valueRequired":true,"valueName":"search_term_string"}}],"inLanguage":"vi-VN"},{"@type":"Organization","@id":"http:\/\/52.77.24.187\/#organization","name":"The Bottle Shop","url":"http:\/\/52.77.24.187\/","logo":{"@type":"ImageObject","inLanguage":"vi-VN","@id":"http:\/\/52.77.24.187\/#\/schema\/logo\/image\/","url":"https:\/\/mlsrfcxkkbzg.i.optimole.com\/cb:JbP2.215d7\/w:auto\/h:auto\/q:mauto\/ig:avif\/https:\/\/thebottleshop.vn\/wp-content\/uploads\/2022\/10\/The-Bottle-Shop-Online-Logo.png","contentUrl":"https:\/\/mlsrfcxkkbzg.i.optimole.com\/cb:JbP2.215d7\/w:auto\/h:auto\/q:mauto\/ig:avif\/https:\/\/thebottleshop.vn\/wp-content\/uploads\/2022\/10\/The-Bottle-Shop-Online-Logo.png","width":145,"height":147,"caption":"The Bottle Shop"},"image":{"@id":"http:\/\/52.77.24.187\/#\/schema\/logo\/image\/"},"sameAs":["https:\/\/www.facebook.com\/thebottleshopvietnam","https:\/\/www.instagram.com\/thebottleshop_vietnam\/"]}]}},"_links":{"self":[{"href":"https:\/\/thebottleshop.vn\/vi\/wp-json\/wp\/v2\/product\/20849","targetHints":{"allow":["GET"]}}],"collection":[{"href":"https:\/\/thebottleshop.vn\/vi\/wp-json\/wp\/v2\/product"}],"about":[{"href":"https:\/\/thebottleshop.vn\/vi\/wp-json\/wp\/v2\/types\/product"}],"replies":[{"embeddable":true,"href":"https:\/\/thebottleshop.vn\/vi\/wp-json\/wp\/v2\/comments?post=20849"}],"wp:featuredmedia":[{"embeddable":true,"href":"https:\/\/thebottleshop.vn\/vi\/wp-json\/wp\/v2\/media\/20837"}],"wp:attachment":[{"href":"https:\/\/thebottleshop.vn\/vi\/wp-json\/wp\/v2\/media?parent=20849"}],"wp:term":[{"taxonomy":"product_brand","embeddable":true,"href":"https:\/\/thebottleshop.vn\/vi\/wp-json\/wp\/v2\/product_brand?post=20849"},{"taxonomy":"product_cat","embeddable":true,"href":"https:\/\/thebottleshop.vn\/vi\/wp-json\/wp\/v2\/product_cat?post=20849"},{"taxonomy":"product_tag","embeddable":true,"href":"https:\/\/thebottleshop.vn\/vi\/wp-json\/wp\/v2\/product_tag?post=20849"}],"curies":[{"name":"wp","href":"https:\/\/api.w.org\/{rel}","templated":true}]}}