{"id":20920,"date":"2024-12-22T13:25:59","date_gmt":"2024-12-22T06:25:59","guid":{"rendered":"https:\/\/thebottleshop.vn\/product\/heart-of-darkness-excited-magpie-dry-irish-stout\/"},"modified":"2024-12-29T11:52:14","modified_gmt":"2024-12-29T04:52:14","slug":"heart-of-darkness-excited-magpie-dry-irish-stout","status":"publish","type":"product","link":"https:\/\/thebottleshop.vn\/vi\/san-pham\/heart-of-darkness-excited-magpie-dry-irish-stout\/","title":{"rendered":"Heart of Darkness Excited Magpie Dry Irish Stout"},"content":{"rendered":"<p>Heart of Darkness Excited Magpie Dry Irish Stout d\u1ec5 u\u1ed1ng v\u00e0 h\u1ea5p d\u1eabn m\u1eb7c d\u00f9 h\u01b0\u01a1ng v\u1ecb \u0111\u1eadm \u0111\u00e0. M\u00e0u \u0111\u1ecf th\u1eabm t\u1eeb h\u1ed3ng ng\u1ecdc \u0111\u1ebfn \u0111en. H\u01b0\u01a1ng th\u01a1m gi\u1ed1ng c\u00e0 ph\u00ea rang \u0111\u1eadm chi\u1ebfm \u01b0u th\u1ebf v\u1edbi m\u1ed9t ch\u00fat s\u00f4 c\u00f4 la \u1edf n\u1ec1n. V\u1ecb rang v\u00e0 \u0111\u1eafng d\u1ec5 ch\u1ecbu c\u0169ng chi\u1ebfm \u01b0u th\u1ebf trong h\u01b0\u01a1ng v\u1ecb v\u00e0 t\u01b0\u01a1ng ph\u1ea3n v\u1edbi c\u1ea3m gi\u00e1c b\u00e9o ng\u1eady trong mi\u1ec7ng.<\/p>\n<p>\u2014\u2013<br \/>\nXem th\u01b0 vi\u1ec7n h\u00ecnh \u1ea3nh \u0111\u1ec3 bi\u1ebft th\u00eam th\u00f4ng tin chi ti\u1ebft v\u1ec1 ngu\u1ed3n g\u1ed1c, th\u00e0nh ph\u1ea7n v\u00e0 h\u01b0\u1edbng d\u1eabn s\u1eed d\u1ee5ng c\u1ee7a s\u1ea3n ph\u1ea9m.<\/p>\n","protected":false},"excerpt":{"rendered":"<p><strong>C\u00e0 ph\u00ea, Socola, Rang 4.2%<\/strong><\/p>\n","protected":false},"featured_media":20948,"comment_status":"open","ping_status":"closed","template":"","meta":{"_acf_changed":false},"product_brand":[],"product_cat":[337,340,379,347,354,342,351,366,345,377,339,341,352,360,369],"product_tag":[],"class_list":{"0":"post-20920","1":"product","2":"type-product","3":"status-publish","4":"has-post-thumbnail","6":"product_cat-bia-va-cider","7":"product_cat-vietnam-hcmc","8":"product_cat-20-39","9":"product_cat-4-5-9","10":"product_cat-75k-99k","11":"product_cat-chai-330-ml","12":"product_cat-dong-bia","13":"product_cat-nha-san-xuat","14":"product_cat-abv-vi","15":"product_cat-ibu","16":"product_cat-xuat-xu","17":"product_cat-dong-goi","18":"product_cat-gia","19":"product_cat-stout-porter","20":"product_cat-heart-of-darkness","22":"first","23":"instock","24":"shipping-taxable","25":"purchasable","26":"product-type-simple","27":"add-to-wishlist-before_image"},"acf":[],"yoast_head":"<!-- This site is optimized with the Yoast SEO plugin v27.2 - https:\/\/yoast.com\/product\/yoast-seo-wordpress\/ -->\n<title>Heart of Darkness Excited Magpie Dry Irish Stout - The Bottle Shop<\/title>\n<meta name=\"description\" content=\"Heart of Darkness Excited Magpie Dry Irish Stout. D\u1ec5 u\u1ed1ng v\u00e0 h\u1ea5p d\u1eabn m\u1eb7c d\u00f9 h\u01b0\u01a1ng v\u1ecb \u0111\u1eadm \u0111\u00e0. H\u01b0\u01a1ng th\u01a1m gi\u1ed1ng c\u00e0 ph\u00ea rang \u0111\u1eadm.\" \/>\n<meta name=\"robots\" content=\"index, follow, max-snippet:-1, max-image-preview:large, max-video-preview:-1\" \/>\n<link rel=\"canonical\" href=\"http:\/\/52.77.24.187\/vi\/san-pham\/heart-of-darkness-excited-magpie-dry-irish-stout\/\" \/>\n<meta property=\"og:locale\" content=\"vi_VN\" \/>\n<meta property=\"og:type\" content=\"article\" \/>\n<meta property=\"og:title\" content=\"Heart of Darkness Excited Magpie Dry Irish Stout - The Bottle Shop\" \/>\n<meta property=\"og:description\" content=\"Heart of Darkness Excited Magpie Dry Irish Stout. D\u1ec5 u\u1ed1ng v\u00e0 h\u1ea5p d\u1eabn m\u1eb7c d\u00f9 h\u01b0\u01a1ng v\u1ecb \u0111\u1eadm \u0111\u00e0. H\u01b0\u01a1ng th\u01a1m gi\u1ed1ng c\u00e0 ph\u00ea rang \u0111\u1eadm.\" \/>\n<meta property=\"og:url\" content=\"http:\/\/52.77.24.187\/vi\/san-pham\/heart-of-darkness-excited-magpie-dry-irish-stout\/\" \/>\n<meta property=\"og:site_name\" content=\"The Bottle Shop\" \/>\n<meta property=\"article:publisher\" content=\"https:\/\/www.facebook.com\/thebottleshopvietnam\" \/>\n<meta property=\"article:modified_time\" content=\"2024-12-29T04:52:14+00:00\" \/>\n<meta property=\"og:image\" content=\"https:\/\/mlsrfcxkkbzg.i.optimole.com\/cb:JbP2.215d7\/w:auto\/h:auto\/q:mauto\/ig:avif\/http:\/\/52.77.24.187\/wp-content\/uploads\/2024\/12\/Heart-of-Darkness-Excited-Magpie-Dry-Irish-Stout.png\" \/>\n\t<meta property=\"og:image:width\" content=\"1080\" \/>\n\t<meta property=\"og:image:height\" content=\"1080\" \/>\n\t<meta property=\"og:image:type\" content=\"image\/png\" \/>\n<meta name=\"twitter:card\" content=\"summary_large_image\" \/>\n<meta name=\"twitter:label1\" content=\"Est. reading time\" \/>\n\t<meta name=\"twitter:data1\" content=\"1 minute\" \/>\n<script type=\"application\/ld+json\" class=\"yoast-schema-graph\">{\"@context\":\"https:\/\/schema.org\",\"@graph\":[{\"@type\":\"WebPage\",\"@id\":\"http:\/\/52.77.24.187\/vi\/san-pham\/heart-of-darkness-excited-magpie-dry-irish-stout\/\",\"url\":\"http:\/\/52.77.24.187\/vi\/san-pham\/heart-of-darkness-excited-magpie-dry-irish-stout\/\",\"name\":\"Heart of Darkness Excited Magpie Dry Irish Stout - The Bottle Shop\",\"isPartOf\":{\"@id\":\"http:\/\/52.77.24.187\/#website\"},\"primaryImageOfPage\":{\"@id\":\"http:\/\/52.77.24.187\/vi\/san-pham\/heart-of-darkness-excited-magpie-dry-irish-stout\/#primaryimage\"},\"image\":{\"@id\":\"http:\/\/52.77.24.187\/vi\/san-pham\/heart-of-darkness-excited-magpie-dry-irish-stout\/#primaryimage\"},\"thumbnailUrl\":\"https:\/\/mlsrfcxkkbzg.i.optimole.com\/cb:JbP2.215d7\/w:auto\/h:auto\/q:mauto\/ig:avif\/https:\/\/thebottleshop.vn\/wp-content\/uploads\/2024\/12\/Heart-of-Darkness-Excited-Magpie-Dry-Irish-Stout.png\",\"datePublished\":\"2024-12-22T06:25:59+00:00\",\"dateModified\":\"2024-12-29T04:52:14+00:00\",\"description\":\"Heart of Darkness Excited Magpie Dry Irish Stout. D\u1ec5 u\u1ed1ng v\u00e0 h\u1ea5p d\u1eabn m\u1eb7c d\u00f9 h\u01b0\u01a1ng v\u1ecb \u0111\u1eadm \u0111\u00e0. H\u01b0\u01a1ng th\u01a1m gi\u1ed1ng c\u00e0 ph\u00ea rang \u0111\u1eadm.\",\"breadcrumb\":{\"@id\":\"http:\/\/52.77.24.187\/vi\/san-pham\/heart-of-darkness-excited-magpie-dry-irish-stout\/#breadcrumb\"},\"inLanguage\":\"vi-VN\",\"potentialAction\":[{\"@type\":\"ReadAction\",\"target\":[\"http:\/\/52.77.24.187\/vi\/san-pham\/heart-of-darkness-excited-magpie-dry-irish-stout\/\"]}]},{\"@type\":\"ImageObject\",\"inLanguage\":\"vi-VN\",\"@id\":\"http:\/\/52.77.24.187\/vi\/san-pham\/heart-of-darkness-excited-magpie-dry-irish-stout\/#primaryimage\",\"url\":\"https:\/\/mlsrfcxkkbzg.i.optimole.com\/cb:JbP2.215d7\/w:auto\/h:auto\/q:mauto\/ig:avif\/https:\/\/thebottleshop.vn\/wp-content\/uploads\/2024\/12\/Heart-of-Darkness-Excited-Magpie-Dry-Irish-Stout.png\",\"contentUrl\":\"https:\/\/mlsrfcxkkbzg.i.optimole.com\/cb:JbP2.215d7\/w:auto\/h:auto\/q:mauto\/ig:avif\/https:\/\/thebottleshop.vn\/wp-content\/uploads\/2024\/12\/Heart-of-Darkness-Excited-Magpie-Dry-Irish-Stout.png\",\"width\":1080,\"height\":1080,\"caption\":\"Heart of Darkness Excited Magpie Dry Irish Stout\"},{\"@type\":\"BreadcrumbList\",\"@id\":\"http:\/\/52.77.24.187\/vi\/san-pham\/heart-of-darkness-excited-magpie-dry-irish-stout\/#breadcrumb\",\"itemListElement\":[{\"@type\":\"ListItem\",\"position\":1,\"name\":\"Home\",\"item\":\"http:\/\/52.77.24.187\/vi\/test-popup-vi\/\"},{\"@type\":\"ListItem\",\"position\":2,\"name\":\"C\u1eeda h\u00e0ng\",\"item\":\"http:\/\/52.77.24.187\/vi\/cua-hang\/\"},{\"@type\":\"ListItem\",\"position\":3,\"name\":\"Heart of Darkness Excited Magpie Dry Irish Stout\"}]},{\"@type\":\"WebSite\",\"@id\":\"http:\/\/52.77.24.187\/#website\",\"url\":\"http:\/\/52.77.24.187\/\",\"name\":\"The Bottle Shop\",\"description\":\"All beers are not created equal\",\"publisher\":{\"@id\":\"http:\/\/52.77.24.187\/#organization\"},\"potentialAction\":[{\"@type\":\"SearchAction\",\"target\":{\"@type\":\"EntryPoint\",\"urlTemplate\":\"http:\/\/52.77.24.187\/?s={search_term_string}\"},\"query-input\":{\"@type\":\"PropertyValueSpecification\",\"valueRequired\":true,\"valueName\":\"search_term_string\"}}],\"inLanguage\":\"vi-VN\"},{\"@type\":\"Organization\",\"@id\":\"http:\/\/52.77.24.187\/#organization\",\"name\":\"The Bottle Shop\",\"url\":\"http:\/\/52.77.24.187\/\",\"logo\":{\"@type\":\"ImageObject\",\"inLanguage\":\"vi-VN\",\"@id\":\"http:\/\/52.77.24.187\/#\/schema\/logo\/image\/\",\"url\":\"https:\/\/mlsrfcxkkbzg.i.optimole.com\/cb:JbP2.215d7\/w:auto\/h:auto\/q:mauto\/ig:avif\/https:\/\/thebottleshop.vn\/wp-content\/uploads\/2022\/10\/The-Bottle-Shop-Online-Logo.png\",\"contentUrl\":\"https:\/\/mlsrfcxkkbzg.i.optimole.com\/cb:JbP2.215d7\/w:auto\/h:auto\/q:mauto\/ig:avif\/https:\/\/thebottleshop.vn\/wp-content\/uploads\/2022\/10\/The-Bottle-Shop-Online-Logo.png\",\"width\":145,\"height\":147,\"caption\":\"The Bottle Shop\"},\"image\":{\"@id\":\"http:\/\/52.77.24.187\/#\/schema\/logo\/image\/\"},\"sameAs\":[\"https:\/\/www.facebook.com\/thebottleshopvietnam\",\"https:\/\/www.instagram.com\/thebottleshop_vietnam\/\"]}]}<\/script>\n<!-- \/ Yoast SEO plugin. -->","yoast_head_json":{"title":"Heart of Darkness Excited Magpie Dry Irish Stout - The Bottle Shop","description":"Heart of Darkness Excited Magpie Dry Irish Stout. D\u1ec5 u\u1ed1ng v\u00e0 h\u1ea5p d\u1eabn m\u1eb7c d\u00f9 h\u01b0\u01a1ng v\u1ecb \u0111\u1eadm \u0111\u00e0. H\u01b0\u01a1ng th\u01a1m gi\u1ed1ng c\u00e0 ph\u00ea rang \u0111\u1eadm.","robots":{"index":"index","follow":"follow","max-snippet":"max-snippet:-1","max-image-preview":"max-image-preview:large","max-video-preview":"max-video-preview:-1"},"canonical":"http:\/\/52.77.24.187\/vi\/san-pham\/heart-of-darkness-excited-magpie-dry-irish-stout\/","og_locale":"vi_VN","og_type":"article","og_title":"Heart of Darkness Excited Magpie Dry Irish Stout - The Bottle Shop","og_description":"Heart of Darkness Excited Magpie Dry Irish Stout. D\u1ec5 u\u1ed1ng v\u00e0 h\u1ea5p d\u1eabn m\u1eb7c d\u00f9 h\u01b0\u01a1ng v\u1ecb \u0111\u1eadm \u0111\u00e0. H\u01b0\u01a1ng th\u01a1m gi\u1ed1ng c\u00e0 ph\u00ea rang \u0111\u1eadm.","og_url":"http:\/\/52.77.24.187\/vi\/san-pham\/heart-of-darkness-excited-magpie-dry-irish-stout\/","og_site_name":"The Bottle Shop","article_publisher":"https:\/\/www.facebook.com\/thebottleshopvietnam","article_modified_time":"2024-12-29T04:52:14+00:00","og_image":[{"width":1080,"height":1080,"url":"https:\/\/mlsrfcxkkbzg.i.optimole.com\/cb:JbP2.215d7\/w:auto\/h:auto\/q:mauto\/ig:avif\/http:\/\/52.77.24.187\/wp-content\/uploads\/2024\/12\/Heart-of-Darkness-Excited-Magpie-Dry-Irish-Stout.png","type":"image\/png"}],"twitter_card":"summary_large_image","twitter_misc":{"Est. reading time":"1 minute"},"schema":{"@context":"https:\/\/schema.org","@graph":[{"@type":"WebPage","@id":"http:\/\/52.77.24.187\/vi\/san-pham\/heart-of-darkness-excited-magpie-dry-irish-stout\/","url":"http:\/\/52.77.24.187\/vi\/san-pham\/heart-of-darkness-excited-magpie-dry-irish-stout\/","name":"Heart of Darkness Excited Magpie Dry Irish Stout - The Bottle Shop","isPartOf":{"@id":"http:\/\/52.77.24.187\/#website"},"primaryImageOfPage":{"@id":"http:\/\/52.77.24.187\/vi\/san-pham\/heart-of-darkness-excited-magpie-dry-irish-stout\/#primaryimage"},"image":{"@id":"http:\/\/52.77.24.187\/vi\/san-pham\/heart-of-darkness-excited-magpie-dry-irish-stout\/#primaryimage"},"thumbnailUrl":"https:\/\/mlsrfcxkkbzg.i.optimole.com\/cb:JbP2.215d7\/w:auto\/h:auto\/q:mauto\/ig:avif\/https:\/\/thebottleshop.vn\/wp-content\/uploads\/2024\/12\/Heart-of-Darkness-Excited-Magpie-Dry-Irish-Stout.png","datePublished":"2024-12-22T06:25:59+00:00","dateModified":"2024-12-29T04:52:14+00:00","description":"Heart of Darkness Excited Magpie Dry Irish Stout. D\u1ec5 u\u1ed1ng v\u00e0 h\u1ea5p d\u1eabn m\u1eb7c d\u00f9 h\u01b0\u01a1ng v\u1ecb \u0111\u1eadm \u0111\u00e0. H\u01b0\u01a1ng th\u01a1m gi\u1ed1ng c\u00e0 ph\u00ea rang \u0111\u1eadm.","breadcrumb":{"@id":"http:\/\/52.77.24.187\/vi\/san-pham\/heart-of-darkness-excited-magpie-dry-irish-stout\/#breadcrumb"},"inLanguage":"vi-VN","potentialAction":[{"@type":"ReadAction","target":["http:\/\/52.77.24.187\/vi\/san-pham\/heart-of-darkness-excited-magpie-dry-irish-stout\/"]}]},{"@type":"ImageObject","inLanguage":"vi-VN","@id":"http:\/\/52.77.24.187\/vi\/san-pham\/heart-of-darkness-excited-magpie-dry-irish-stout\/#primaryimage","url":"https:\/\/mlsrfcxkkbzg.i.optimole.com\/cb:JbP2.215d7\/w:auto\/h:auto\/q:mauto\/ig:avif\/https:\/\/thebottleshop.vn\/wp-content\/uploads\/2024\/12\/Heart-of-Darkness-Excited-Magpie-Dry-Irish-Stout.png","contentUrl":"https:\/\/mlsrfcxkkbzg.i.optimole.com\/cb:JbP2.215d7\/w:auto\/h:auto\/q:mauto\/ig:avif\/https:\/\/thebottleshop.vn\/wp-content\/uploads\/2024\/12\/Heart-of-Darkness-Excited-Magpie-Dry-Irish-Stout.png","width":1080,"height":1080,"caption":"Heart of Darkness Excited Magpie Dry Irish Stout"},{"@type":"BreadcrumbList","@id":"http:\/\/52.77.24.187\/vi\/san-pham\/heart-of-darkness-excited-magpie-dry-irish-stout\/#breadcrumb","itemListElement":[{"@type":"ListItem","position":1,"name":"Home","item":"http:\/\/52.77.24.187\/vi\/test-popup-vi\/"},{"@type":"ListItem","position":2,"name":"C\u1eeda h\u00e0ng","item":"http:\/\/52.77.24.187\/vi\/cua-hang\/"},{"@type":"ListItem","position":3,"name":"Heart of Darkness Excited Magpie Dry Irish Stout"}]},{"@type":"WebSite","@id":"http:\/\/52.77.24.187\/#website","url":"http:\/\/52.77.24.187\/","name":"The Bottle Shop","description":"All beers are not created equal","publisher":{"@id":"http:\/\/52.77.24.187\/#organization"},"potentialAction":[{"@type":"SearchAction","target":{"@type":"EntryPoint","urlTemplate":"http:\/\/52.77.24.187\/?s={search_term_string}"},"query-input":{"@type":"PropertyValueSpecification","valueRequired":true,"valueName":"search_term_string"}}],"inLanguage":"vi-VN"},{"@type":"Organization","@id":"http:\/\/52.77.24.187\/#organization","name":"The Bottle Shop","url":"http:\/\/52.77.24.187\/","logo":{"@type":"ImageObject","inLanguage":"vi-VN","@id":"http:\/\/52.77.24.187\/#\/schema\/logo\/image\/","url":"https:\/\/mlsrfcxkkbzg.i.optimole.com\/cb:JbP2.215d7\/w:auto\/h:auto\/q:mauto\/ig:avif\/https:\/\/thebottleshop.vn\/wp-content\/uploads\/2022\/10\/The-Bottle-Shop-Online-Logo.png","contentUrl":"https:\/\/mlsrfcxkkbzg.i.optimole.com\/cb:JbP2.215d7\/w:auto\/h:auto\/q:mauto\/ig:avif\/https:\/\/thebottleshop.vn\/wp-content\/uploads\/2022\/10\/The-Bottle-Shop-Online-Logo.png","width":145,"height":147,"caption":"The Bottle Shop"},"image":{"@id":"http:\/\/52.77.24.187\/#\/schema\/logo\/image\/"},"sameAs":["https:\/\/www.facebook.com\/thebottleshopvietnam","https:\/\/www.instagram.com\/thebottleshop_vietnam\/"]}]}},"_links":{"self":[{"href":"https:\/\/thebottleshop.vn\/vi\/wp-json\/wp\/v2\/product\/20920","targetHints":{"allow":["GET"]}}],"collection":[{"href":"https:\/\/thebottleshop.vn\/vi\/wp-json\/wp\/v2\/product"}],"about":[{"href":"https:\/\/thebottleshop.vn\/vi\/wp-json\/wp\/v2\/types\/product"}],"replies":[{"embeddable":true,"href":"https:\/\/thebottleshop.vn\/vi\/wp-json\/wp\/v2\/comments?post=20920"}],"wp:featuredmedia":[{"embeddable":true,"href":"https:\/\/thebottleshop.vn\/vi\/wp-json\/wp\/v2\/media\/20948"}],"wp:attachment":[{"href":"https:\/\/thebottleshop.vn\/vi\/wp-json\/wp\/v2\/media?parent=20920"}],"wp:term":[{"taxonomy":"product_brand","embeddable":true,"href":"https:\/\/thebottleshop.vn\/vi\/wp-json\/wp\/v2\/product_brand?post=20920"},{"taxonomy":"product_cat","embeddable":true,"href":"https:\/\/thebottleshop.vn\/vi\/wp-json\/wp\/v2\/product_cat?post=20920"},{"taxonomy":"product_tag","embeddable":true,"href":"https:\/\/thebottleshop.vn\/vi\/wp-json\/wp\/v2\/product_tag?post=20920"}],"curies":[{"name":"wp","href":"https:\/\/api.w.org\/{rel}","templated":true}]}}