{"id":20924,"date":"2024-12-22T13:49:40","date_gmt":"2024-12-22T06:56:13","guid":{"rendered":"https:\/\/thebottleshop.vn\/product\/herevia-ha-giang-buckwheat-whisky\/"},"modified":"2024-12-22T13:56:13","modified_gmt":"2024-12-22T06:56:13","slug":"herevia-ha-giang-buckwheat-whisky","status":"publish","type":"product","link":"https:\/\/thebottleshop.vn\/vi\/san-pham\/herevia-ha-giang-buckwheat-whisky\/","title":{"rendered":"Herevia H\u00e0 Giang Buckwheat Whisky"},"content":{"rendered":"<p>Herevia Whisky Tam Gi\u00e1c M\u1ea1ch H\u00e0 Giang<br \/>\n750ml. 51% ABV. <\/p>\n<p>\u0110\u00e3 r\u1ea5t l\u00e2u \u0111\u1ec3 ch\u1edd \u0111\u1ee3i m\u1ed9t lo\u1ea1i whisky th\u1ee7 c\u00f4ng Made-In-Vietnam nh\u01b0ng Herevia Distillery \u0111\u00e3 \u0111\u1ea1t \u0111\u1ebfn \u0111\u00edch v\u1edbi lo\u1ea1i Whisky Tam Gi\u00e1c M\u1ea1ch H\u00e0 Giang. \u0110\u01b0\u1ee3c l\u00e0m t\u1eeb Tam Gi\u00e1c M\u1ea1ch v\u00e0 l\u00faa m\u1ea1ch m\u1ea1ch nha, Whisky Tam Gi\u00e1c M\u1ea1ch H\u00e0 Giang l\u00e0 \u0111\u01b0\u1ee3c \u1ee7 th\u00e0nh bia tr\u01b0\u1edbc khi ch\u01b0ng c\u1ea5t hai l\u1ea7n trong n\u1ed3i \u0111\u1ed3ng, sau \u0111\u00f3 \u1ee7 trong th\u00f9ng g\u1ed7 s\u1ed3i bourbon trong 3 n\u0103m. <\/p>\n<p>\u2014\u2013<br \/>\nXem th\u01b0 vi\u1ec7n h\u00ecnh \u1ea3nh \u0111\u1ec3 bi\u1ebft th\u00eam th\u00f4ng tin chi ti\u1ebft v\u1ec1 ngu\u1ed3n g\u1ed1c, th\u00e0nh ph\u1ea7n v\u00e0 h\u01b0\u1edbng d\u1eabn s\u1eed d\u1ee5ng c\u1ee7a s\u1ea3n ph\u1ea9m.<\/p>\n","protected":false},"excerpt":{"rendered":"<p><strong>750ml :: 51%<\/strong><\/p>\n","protected":false},"featured_media":20950,"comment_status":"open","ping_status":"closed","template":"","meta":{"_acf_changed":false},"product_brand":[],"product_cat":[390,338,388,376,345,339,341,352,492,364,386,371,500],"product_tag":[],"class_list":{"0":"post-20924","1":"product","2":"type-product","3":"status-publish","4":"has-post-thumbnail","6":"product_cat-vietnam-hanoi","7":"product_cat-ruou-va-ruou-vang","8":"product_cat-25-vi","9":"product_cat-1m","10":"product_cat-abv-vi","11":"product_cat-xuat-xu","12":"product_cat-dong-goi","13":"product_cat-gia","14":"product_cat-whiskey","15":"product_cat-dong-ruou","16":"product_cat-chai-750-ml","17":"product_cat-nha-san-xuat-ruou","18":"product_cat-herevia-distillery","20":"first","21":"instock","22":"shipping-taxable","23":"purchasable","24":"product-type-simple","25":"add-to-wishlist-before_image"},"acf":[],"yoast_head":"<!-- This site is optimized with the Yoast SEO plugin v27.2 - https:\/\/yoast.com\/product\/yoast-seo-wordpress\/ -->\n<title>Herevia H\u00e0 Giang Buckwheat Whisky - The Bottle Shop<\/title>\n<meta name=\"description\" content=\"Herevia Whisky Tam Gi\u00e1c M\u1ea1ch H\u00e0 Giang. \u0110\u01b0\u1ee3c \u1ee7 th\u00e0nh bia tr\u01b0\u1edbc khi ch\u01b0ng c\u1ea5t hai l\u1ea7n trong n\u1ed3i \u0111\u1ed3ng, sau \u0111\u00f3 \u1ee7 trong th\u00f9ng g\u1ed7 s\u1ed3i bourbon trong 3 n\u0103m.\" \/>\n<meta name=\"robots\" content=\"index, follow, max-snippet:-1, max-image-preview:large, max-video-preview:-1\" \/>\n<link rel=\"canonical\" href=\"http:\/\/52.77.24.187\/vi\/san-pham\/herevia-ha-giang-buckwheat-whisky\/\" \/>\n<meta property=\"og:locale\" content=\"vi_VN\" \/>\n<meta property=\"og:type\" content=\"article\" \/>\n<meta property=\"og:title\" content=\"Herevia H\u00e0 Giang Buckwheat Whisky - The Bottle Shop\" \/>\n<meta property=\"og:description\" content=\"Herevia Whisky Tam Gi\u00e1c M\u1ea1ch H\u00e0 Giang. \u0110\u01b0\u1ee3c \u1ee7 th\u00e0nh bia tr\u01b0\u1edbc khi ch\u01b0ng c\u1ea5t hai l\u1ea7n trong n\u1ed3i \u0111\u1ed3ng, sau \u0111\u00f3 \u1ee7 trong th\u00f9ng g\u1ed7 s\u1ed3i bourbon trong 3 n\u0103m.\" \/>\n<meta property=\"og:url\" content=\"http:\/\/52.77.24.187\/vi\/san-pham\/herevia-ha-giang-buckwheat-whisky\/\" \/>\n<meta property=\"og:site_name\" content=\"The Bottle Shop\" \/>\n<meta property=\"article:publisher\" content=\"https:\/\/www.facebook.com\/thebottleshopvietnam\" \/>\n<meta property=\"og:image\" content=\"https:\/\/mlsrfcxkkbzg.i.optimole.com\/cb:JbP2.215d7\/w:auto\/h:auto\/q:mauto\/ig:avif\/http:\/\/52.77.24.187\/wp-content\/uploads\/2024\/12\/Herevia-Ha-Giang-Buckwheat-Whisky.jpeg\" \/>\n\t<meta property=\"og:image:width\" content=\"1080\" \/>\n\t<meta property=\"og:image:height\" content=\"1080\" \/>\n\t<meta property=\"og:image:type\" content=\"image\/jpeg\" \/>\n<meta name=\"twitter:card\" content=\"summary_large_image\" \/>\n<meta name=\"twitter:label1\" content=\"Est. reading time\" \/>\n\t<meta name=\"twitter:data1\" content=\"1 minute\" \/>\n<script type=\"application\/ld+json\" class=\"yoast-schema-graph\">{\"@context\":\"https:\/\/schema.org\",\"@graph\":[{\"@type\":\"WebPage\",\"@id\":\"http:\/\/52.77.24.187\/vi\/san-pham\/herevia-ha-giang-buckwheat-whisky\/\",\"url\":\"http:\/\/52.77.24.187\/vi\/san-pham\/herevia-ha-giang-buckwheat-whisky\/\",\"name\":\"Herevia H\u00e0 Giang Buckwheat Whisky - The Bottle Shop\",\"isPartOf\":{\"@id\":\"http:\/\/52.77.24.187\/#website\"},\"primaryImageOfPage\":{\"@id\":\"http:\/\/52.77.24.187\/vi\/san-pham\/herevia-ha-giang-buckwheat-whisky\/#primaryimage\"},\"image\":{\"@id\":\"http:\/\/52.77.24.187\/vi\/san-pham\/herevia-ha-giang-buckwheat-whisky\/#primaryimage\"},\"thumbnailUrl\":\"https:\/\/mlsrfcxkkbzg.i.optimole.com\/cb:JbP2.215d7\/w:auto\/h:auto\/q:mauto\/ig:avif\/https:\/\/thebottleshop.vn\/wp-content\/uploads\/2024\/12\/Herevia-Ha-Giang-Buckwheat-Whisky.png\",\"datePublished\":\"2024-12-22T06:56:13+00:00\",\"description\":\"Herevia Whisky Tam Gi\u00e1c M\u1ea1ch H\u00e0 Giang. \u0110\u01b0\u1ee3c \u1ee7 th\u00e0nh bia tr\u01b0\u1edbc khi ch\u01b0ng c\u1ea5t hai l\u1ea7n trong n\u1ed3i \u0111\u1ed3ng, sau \u0111\u00f3 \u1ee7 trong th\u00f9ng g\u1ed7 s\u1ed3i bourbon trong 3 n\u0103m.\",\"breadcrumb\":{\"@id\":\"http:\/\/52.77.24.187\/vi\/san-pham\/herevia-ha-giang-buckwheat-whisky\/#breadcrumb\"},\"inLanguage\":\"vi-VN\",\"potentialAction\":[{\"@type\":\"ReadAction\",\"target\":[\"http:\/\/52.77.24.187\/vi\/san-pham\/herevia-ha-giang-buckwheat-whisky\/\"]}]},{\"@type\":\"ImageObject\",\"inLanguage\":\"vi-VN\",\"@id\":\"http:\/\/52.77.24.187\/vi\/san-pham\/herevia-ha-giang-buckwheat-whisky\/#primaryimage\",\"url\":\"https:\/\/mlsrfcxkkbzg.i.optimole.com\/cb:JbP2.215d7\/w:auto\/h:auto\/q:mauto\/ig:avif\/https:\/\/thebottleshop.vn\/wp-content\/uploads\/2024\/12\/Herevia-Ha-Giang-Buckwheat-Whisky.png\",\"contentUrl\":\"https:\/\/mlsrfcxkkbzg.i.optimole.com\/cb:JbP2.215d7\/w:auto\/h:auto\/q:mauto\/ig:avif\/https:\/\/thebottleshop.vn\/wp-content\/uploads\/2024\/12\/Herevia-Ha-Giang-Buckwheat-Whisky.png\",\"width\":1080,\"height\":1080,\"caption\":\"Herevia H\u00e0 Giang Buckwheat Whisky\"},{\"@type\":\"BreadcrumbList\",\"@id\":\"http:\/\/52.77.24.187\/vi\/san-pham\/herevia-ha-giang-buckwheat-whisky\/#breadcrumb\",\"itemListElement\":[{\"@type\":\"ListItem\",\"position\":1,\"name\":\"Home\",\"item\":\"http:\/\/52.77.24.187\/vi\/test-popup-vi\/\"},{\"@type\":\"ListItem\",\"position\":2,\"name\":\"C\u1eeda h\u00e0ng\",\"item\":\"http:\/\/52.77.24.187\/vi\/cua-hang\/\"},{\"@type\":\"ListItem\",\"position\":3,\"name\":\"Herevia H\u00e0 Giang Buckwheat Whisky\"}]},{\"@type\":\"WebSite\",\"@id\":\"http:\/\/52.77.24.187\/#website\",\"url\":\"http:\/\/52.77.24.187\/\",\"name\":\"The Bottle Shop\",\"description\":\"All beers are not created equal\",\"publisher\":{\"@id\":\"http:\/\/52.77.24.187\/#organization\"},\"potentialAction\":[{\"@type\":\"SearchAction\",\"target\":{\"@type\":\"EntryPoint\",\"urlTemplate\":\"http:\/\/52.77.24.187\/?s={search_term_string}\"},\"query-input\":{\"@type\":\"PropertyValueSpecification\",\"valueRequired\":true,\"valueName\":\"search_term_string\"}}],\"inLanguage\":\"vi-VN\"},{\"@type\":\"Organization\",\"@id\":\"http:\/\/52.77.24.187\/#organization\",\"name\":\"The Bottle Shop\",\"url\":\"http:\/\/52.77.24.187\/\",\"logo\":{\"@type\":\"ImageObject\",\"inLanguage\":\"vi-VN\",\"@id\":\"http:\/\/52.77.24.187\/#\/schema\/logo\/image\/\",\"url\":\"https:\/\/mlsrfcxkkbzg.i.optimole.com\/cb:JbP2.215d7\/w:auto\/h:auto\/q:mauto\/ig:avif\/https:\/\/thebottleshop.vn\/wp-content\/uploads\/2022\/10\/The-Bottle-Shop-Online-Logo.png\",\"contentUrl\":\"https:\/\/mlsrfcxkkbzg.i.optimole.com\/cb:JbP2.215d7\/w:auto\/h:auto\/q:mauto\/ig:avif\/https:\/\/thebottleshop.vn\/wp-content\/uploads\/2022\/10\/The-Bottle-Shop-Online-Logo.png\",\"width\":145,\"height\":147,\"caption\":\"The Bottle Shop\"},\"image\":{\"@id\":\"http:\/\/52.77.24.187\/#\/schema\/logo\/image\/\"},\"sameAs\":[\"https:\/\/www.facebook.com\/thebottleshopvietnam\",\"https:\/\/www.instagram.com\/thebottleshop_vietnam\/\"]}]}<\/script>\n<!-- \/ Yoast SEO plugin. -->","yoast_head_json":{"title":"Herevia H\u00e0 Giang Buckwheat Whisky - The Bottle Shop","description":"Herevia Whisky Tam Gi\u00e1c M\u1ea1ch H\u00e0 Giang. \u0110\u01b0\u1ee3c \u1ee7 th\u00e0nh bia tr\u01b0\u1edbc khi ch\u01b0ng c\u1ea5t hai l\u1ea7n trong n\u1ed3i \u0111\u1ed3ng, sau \u0111\u00f3 \u1ee7 trong th\u00f9ng g\u1ed7 s\u1ed3i bourbon trong 3 n\u0103m.","robots":{"index":"index","follow":"follow","max-snippet":"max-snippet:-1","max-image-preview":"max-image-preview:large","max-video-preview":"max-video-preview:-1"},"canonical":"http:\/\/52.77.24.187\/vi\/san-pham\/herevia-ha-giang-buckwheat-whisky\/","og_locale":"vi_VN","og_type":"article","og_title":"Herevia H\u00e0 Giang Buckwheat Whisky - The Bottle Shop","og_description":"Herevia Whisky Tam Gi\u00e1c M\u1ea1ch H\u00e0 Giang. \u0110\u01b0\u1ee3c \u1ee7 th\u00e0nh bia tr\u01b0\u1edbc khi ch\u01b0ng c\u1ea5t hai l\u1ea7n trong n\u1ed3i \u0111\u1ed3ng, sau \u0111\u00f3 \u1ee7 trong th\u00f9ng g\u1ed7 s\u1ed3i bourbon trong 3 n\u0103m.","og_url":"http:\/\/52.77.24.187\/vi\/san-pham\/herevia-ha-giang-buckwheat-whisky\/","og_site_name":"The Bottle Shop","article_publisher":"https:\/\/www.facebook.com\/thebottleshopvietnam","og_image":[{"width":1080,"height":1080,"url":"https:\/\/mlsrfcxkkbzg.i.optimole.com\/cb:JbP2.215d7\/w:auto\/h:auto\/q:mauto\/ig:avif\/http:\/\/52.77.24.187\/wp-content\/uploads\/2024\/12\/Herevia-Ha-Giang-Buckwheat-Whisky.jpeg","type":"image\/jpeg"}],"twitter_card":"summary_large_image","twitter_misc":{"Est. reading time":"1 minute"},"schema":{"@context":"https:\/\/schema.org","@graph":[{"@type":"WebPage","@id":"http:\/\/52.77.24.187\/vi\/san-pham\/herevia-ha-giang-buckwheat-whisky\/","url":"http:\/\/52.77.24.187\/vi\/san-pham\/herevia-ha-giang-buckwheat-whisky\/","name":"Herevia H\u00e0 Giang Buckwheat Whisky - The Bottle Shop","isPartOf":{"@id":"http:\/\/52.77.24.187\/#website"},"primaryImageOfPage":{"@id":"http:\/\/52.77.24.187\/vi\/san-pham\/herevia-ha-giang-buckwheat-whisky\/#primaryimage"},"image":{"@id":"http:\/\/52.77.24.187\/vi\/san-pham\/herevia-ha-giang-buckwheat-whisky\/#primaryimage"},"thumbnailUrl":"https:\/\/mlsrfcxkkbzg.i.optimole.com\/cb:JbP2.215d7\/w:auto\/h:auto\/q:mauto\/ig:avif\/https:\/\/thebottleshop.vn\/wp-content\/uploads\/2024\/12\/Herevia-Ha-Giang-Buckwheat-Whisky.png","datePublished":"2024-12-22T06:56:13+00:00","description":"Herevia Whisky Tam Gi\u00e1c M\u1ea1ch H\u00e0 Giang. \u0110\u01b0\u1ee3c \u1ee7 th\u00e0nh bia tr\u01b0\u1edbc khi ch\u01b0ng c\u1ea5t hai l\u1ea7n trong n\u1ed3i \u0111\u1ed3ng, sau \u0111\u00f3 \u1ee7 trong th\u00f9ng g\u1ed7 s\u1ed3i bourbon trong 3 n\u0103m.","breadcrumb":{"@id":"http:\/\/52.77.24.187\/vi\/san-pham\/herevia-ha-giang-buckwheat-whisky\/#breadcrumb"},"inLanguage":"vi-VN","potentialAction":[{"@type":"ReadAction","target":["http:\/\/52.77.24.187\/vi\/san-pham\/herevia-ha-giang-buckwheat-whisky\/"]}]},{"@type":"ImageObject","inLanguage":"vi-VN","@id":"http:\/\/52.77.24.187\/vi\/san-pham\/herevia-ha-giang-buckwheat-whisky\/#primaryimage","url":"https:\/\/mlsrfcxkkbzg.i.optimole.com\/cb:JbP2.215d7\/w:auto\/h:auto\/q:mauto\/ig:avif\/https:\/\/thebottleshop.vn\/wp-content\/uploads\/2024\/12\/Herevia-Ha-Giang-Buckwheat-Whisky.png","contentUrl":"https:\/\/mlsrfcxkkbzg.i.optimole.com\/cb:JbP2.215d7\/w:auto\/h:auto\/q:mauto\/ig:avif\/https:\/\/thebottleshop.vn\/wp-content\/uploads\/2024\/12\/Herevia-Ha-Giang-Buckwheat-Whisky.png","width":1080,"height":1080,"caption":"Herevia H\u00e0 Giang Buckwheat Whisky"},{"@type":"BreadcrumbList","@id":"http:\/\/52.77.24.187\/vi\/san-pham\/herevia-ha-giang-buckwheat-whisky\/#breadcrumb","itemListElement":[{"@type":"ListItem","position":1,"name":"Home","item":"http:\/\/52.77.24.187\/vi\/test-popup-vi\/"},{"@type":"ListItem","position":2,"name":"C\u1eeda h\u00e0ng","item":"http:\/\/52.77.24.187\/vi\/cua-hang\/"},{"@type":"ListItem","position":3,"name":"Herevia H\u00e0 Giang Buckwheat Whisky"}]},{"@type":"WebSite","@id":"http:\/\/52.77.24.187\/#website","url":"http:\/\/52.77.24.187\/","name":"The Bottle Shop","description":"All beers are not created equal","publisher":{"@id":"http:\/\/52.77.24.187\/#organization"},"potentialAction":[{"@type":"SearchAction","target":{"@type":"EntryPoint","urlTemplate":"http:\/\/52.77.24.187\/?s={search_term_string}"},"query-input":{"@type":"PropertyValueSpecification","valueRequired":true,"valueName":"search_term_string"}}],"inLanguage":"vi-VN"},{"@type":"Organization","@id":"http:\/\/52.77.24.187\/#organization","name":"The Bottle Shop","url":"http:\/\/52.77.24.187\/","logo":{"@type":"ImageObject","inLanguage":"vi-VN","@id":"http:\/\/52.77.24.187\/#\/schema\/logo\/image\/","url":"https:\/\/mlsrfcxkkbzg.i.optimole.com\/cb:JbP2.215d7\/w:auto\/h:auto\/q:mauto\/ig:avif\/https:\/\/thebottleshop.vn\/wp-content\/uploads\/2022\/10\/The-Bottle-Shop-Online-Logo.png","contentUrl":"https:\/\/mlsrfcxkkbzg.i.optimole.com\/cb:JbP2.215d7\/w:auto\/h:auto\/q:mauto\/ig:avif\/https:\/\/thebottleshop.vn\/wp-content\/uploads\/2022\/10\/The-Bottle-Shop-Online-Logo.png","width":145,"height":147,"caption":"The Bottle Shop"},"image":{"@id":"http:\/\/52.77.24.187\/#\/schema\/logo\/image\/"},"sameAs":["https:\/\/www.facebook.com\/thebottleshopvietnam","https:\/\/www.instagram.com\/thebottleshop_vietnam\/"]}]}},"_links":{"self":[{"href":"https:\/\/thebottleshop.vn\/vi\/wp-json\/wp\/v2\/product\/20924","targetHints":{"allow":["GET"]}}],"collection":[{"href":"https:\/\/thebottleshop.vn\/vi\/wp-json\/wp\/v2\/product"}],"about":[{"href":"https:\/\/thebottleshop.vn\/vi\/wp-json\/wp\/v2\/types\/product"}],"replies":[{"embeddable":true,"href":"https:\/\/thebottleshop.vn\/vi\/wp-json\/wp\/v2\/comments?post=20924"}],"wp:featuredmedia":[{"embeddable":true,"href":"https:\/\/thebottleshop.vn\/vi\/wp-json\/wp\/v2\/media\/20950"}],"wp:attachment":[{"href":"https:\/\/thebottleshop.vn\/vi\/wp-json\/wp\/v2\/media?parent=20924"}],"wp:term":[{"taxonomy":"product_brand","embeddable":true,"href":"https:\/\/thebottleshop.vn\/vi\/wp-json\/wp\/v2\/product_brand?post=20924"},{"taxonomy":"product_cat","embeddable":true,"href":"https:\/\/thebottleshop.vn\/vi\/wp-json\/wp\/v2\/product_cat?post=20924"},{"taxonomy":"product_tag","embeddable":true,"href":"https:\/\/thebottleshop.vn\/vi\/wp-json\/wp\/v2\/product_tag?post=20924"}],"curies":[{"name":"wp","href":"https:\/\/api.w.org\/{rel}","templated":true}]}}