{"id":20956,"date":"2024-12-28T13:33:31","date_gmt":"2024-12-28T06:39:12","guid":{"rendered":"https:\/\/thebottleshop.vn\/product\/heart-of-darkness-black-shadows-espresso-martini-stout\/"},"modified":"2024-12-28T13:40:33","modified_gmt":"2024-12-28T06:40:33","slug":"heart-of-darkness-black-shadows-espresso-martini-stout","status":"publish","type":"product","link":"https:\/\/thebottleshop.vn\/vi\/san-pham\/heart-of-darkness-black-shadows-espresso-martini-stout\/","title":{"rendered":"Heart of Darkness Black Shadows Espresso Martini Stout"},"content":{"rendered":"<p>Heart of Darkness Black Shadows Espresso Martini Stout. D\u1ec5 u\u1ed1ng v\u00e0 h\u01b0\u01a1ng th\u01a1m l\u1eafng \u0111\u1ecdng d\u00f9 m\u00f9i v\u1ecb h\u1ebft s\u1ee9c m\u1ea1nh m\u1ebd. \u0110\u1ecf ng\u1ecdc th\u1eabm g\u1ea7n nh\u01b0 \u0111en. H\u01b0\u01a1ng c\u00e0 ph\u00ea rang th\u01a1m n\u1ed3ng tr\u00ean n\u1ec1n socola c\u00f9ng v\u1ecb \u0111\u1eafng d\u1ec5 ch\u1ecbu.<\/p>\n<p>\u2014\u2013<br \/>\nXem th\u01b0 vi\u1ec7n h\u00ecnh \u1ea3nh \u0111\u1ec3 bi\u1ebft th\u00eam th\u00f4ng tin chi ti\u1ebft v\u1ec1 ngu\u1ed3n g\u1ed1c, th\u00e0nh ph\u1ea7n v\u00e0 h\u01b0\u1edbng d\u1eabn s\u1eed d\u1ee5ng c\u1ee7a s\u1ea3n ph\u1ea9m.<\/p>\n","protected":false},"excerpt":{"rendered":"<p><strong>Socola, C\u00e0 ph\u00ea, S\u00e1nh m\u1ecbn 6.4%<\/strong><\/p>\n","protected":false},"featured_media":20953,"comment_status":"open","ping_status":"closed","template":"","meta":{"_acf_changed":false},"product_brand":[],"product_cat":[337,340,379,348,354,351,366,345,377,339,341,352,360,344,369],"product_tag":[],"class_list":{"0":"post-20956","1":"product","2":"type-product","3":"status-publish","4":"has-post-thumbnail","6":"product_cat-bia-va-cider","7":"product_cat-vietnam-hcmc","8":"product_cat-20-39","9":"product_cat-6-7-9","10":"product_cat-75k-99k","11":"product_cat-dong-bia","12":"product_cat-nha-san-xuat","13":"product_cat-abv-vi","14":"product_cat-ibu","15":"product_cat-xuat-xu","16":"product_cat-dong-goi","17":"product_cat-gia","18":"product_cat-stout-porter","19":"product_cat-lon-330-ml","20":"product_cat-heart-of-darkness","22":"first","23":"outofstock","24":"shipping-taxable","25":"purchasable","26":"product-type-simple","27":"add-to-wishlist-before_image"},"acf":[],"yoast_head":"<!-- This site is optimized with the Yoast SEO plugin v27.2 - https:\/\/yoast.com\/product\/yoast-seo-wordpress\/ -->\n<title>Heart of Darkness Black Shadows Espresso Martini Stout - The Bottle Shop<\/title>\n<meta name=\"description\" content=\"Heart of Darkness Black Shadows Espresso Martini Stout. D\u1ec5 u\u1ed1ng v\u00e0 h\u01b0\u01a1ng th\u01a1m l\u1eafng \u0111\u1ecdng d\u00f9 m\u00f9i v\u1ecb h\u1ebft s\u1ee9c m\u1ea1nh m\u1ebd. \u0110\u1ecf ng\u1ecdc th\u1eabm g\u1ea7n nh\u01b0 \u0111en.\" \/>\n<meta name=\"robots\" content=\"index, follow, max-snippet:-1, max-image-preview:large, max-video-preview:-1\" \/>\n<link rel=\"canonical\" href=\"http:\/\/52.77.24.187\/vi\/san-pham\/heart-of-darkness-black-shadows-espresso-martini-stout\/\" \/>\n<meta property=\"og:locale\" content=\"vi_VN\" \/>\n<meta property=\"og:type\" content=\"article\" \/>\n<meta property=\"og:title\" content=\"Heart of Darkness Black Shadows Espresso Martini Stout - The Bottle Shop\" \/>\n<meta property=\"og:description\" content=\"Heart of Darkness Black Shadows Espresso Martini Stout. D\u1ec5 u\u1ed1ng v\u00e0 h\u01b0\u01a1ng th\u01a1m l\u1eafng \u0111\u1ecdng d\u00f9 m\u00f9i v\u1ecb h\u1ebft s\u1ee9c m\u1ea1nh m\u1ebd. \u0110\u1ecf ng\u1ecdc th\u1eabm g\u1ea7n nh\u01b0 \u0111en.\" \/>\n<meta property=\"og:url\" content=\"http:\/\/52.77.24.187\/vi\/san-pham\/heart-of-darkness-black-shadows-espresso-martini-stout\/\" \/>\n<meta property=\"og:site_name\" content=\"The Bottle Shop\" \/>\n<meta property=\"article:publisher\" content=\"https:\/\/www.facebook.com\/thebottleshopvietnam\" \/>\n<meta property=\"article:modified_time\" content=\"2024-12-28T06:40:33+00:00\" \/>\n<meta property=\"og:image\" content=\"https:\/\/mlsrfcxkkbzg.i.optimole.com\/cb:JbP2.215d7\/w:auto\/h:auto\/q:mauto\/ig:avif\/http:\/\/52.77.24.187\/wp-content\/uploads\/2024\/12\/Heart-of-Darkness-Black-Shadows-Espresso-Martini-Stout.png\" \/>\n\t<meta property=\"og:image:width\" content=\"1080\" \/>\n\t<meta property=\"og:image:height\" content=\"1080\" \/>\n\t<meta property=\"og:image:type\" content=\"image\/png\" \/>\n<meta name=\"twitter:card\" content=\"summary_large_image\" \/>\n<meta name=\"twitter:label1\" content=\"Est. reading time\" \/>\n\t<meta name=\"twitter:data1\" content=\"1 minute\" \/>\n<script type=\"application\/ld+json\" class=\"yoast-schema-graph\">{\"@context\":\"https:\/\/schema.org\",\"@graph\":[{\"@type\":\"WebPage\",\"@id\":\"http:\/\/52.77.24.187\/vi\/san-pham\/heart-of-darkness-black-shadows-espresso-martini-stout\/\",\"url\":\"http:\/\/52.77.24.187\/vi\/san-pham\/heart-of-darkness-black-shadows-espresso-martini-stout\/\",\"name\":\"Heart of Darkness Black Shadows Espresso Martini Stout - The Bottle Shop\",\"isPartOf\":{\"@id\":\"http:\/\/52.77.24.187\/#website\"},\"primaryImageOfPage\":{\"@id\":\"http:\/\/52.77.24.187\/vi\/san-pham\/heart-of-darkness-black-shadows-espresso-martini-stout\/#primaryimage\"},\"image\":{\"@id\":\"http:\/\/52.77.24.187\/vi\/san-pham\/heart-of-darkness-black-shadows-espresso-martini-stout\/#primaryimage\"},\"thumbnailUrl\":\"https:\/\/mlsrfcxkkbzg.i.optimole.com\/cb:JbP2.215d7\/w:auto\/h:auto\/q:mauto\/ig:avif\/https:\/\/thebottleshop.vn\/wp-content\/uploads\/2024\/12\/Heart-of-Darkness-Black-Shadows-Espresso-Martini-Stout.png\",\"datePublished\":\"2024-12-28T06:39:12+00:00\",\"dateModified\":\"2024-12-28T06:40:33+00:00\",\"description\":\"Heart of Darkness Black Shadows Espresso Martini Stout. D\u1ec5 u\u1ed1ng v\u00e0 h\u01b0\u01a1ng th\u01a1m l\u1eafng \u0111\u1ecdng d\u00f9 m\u00f9i v\u1ecb h\u1ebft s\u1ee9c m\u1ea1nh m\u1ebd. \u0110\u1ecf ng\u1ecdc th\u1eabm g\u1ea7n nh\u01b0 \u0111en.\",\"breadcrumb\":{\"@id\":\"http:\/\/52.77.24.187\/vi\/san-pham\/heart-of-darkness-black-shadows-espresso-martini-stout\/#breadcrumb\"},\"inLanguage\":\"vi-VN\",\"potentialAction\":[{\"@type\":\"ReadAction\",\"target\":[\"http:\/\/52.77.24.187\/vi\/san-pham\/heart-of-darkness-black-shadows-espresso-martini-stout\/\"]}]},{\"@type\":\"ImageObject\",\"inLanguage\":\"vi-VN\",\"@id\":\"http:\/\/52.77.24.187\/vi\/san-pham\/heart-of-darkness-black-shadows-espresso-martini-stout\/#primaryimage\",\"url\":\"https:\/\/mlsrfcxkkbzg.i.optimole.com\/cb:JbP2.215d7\/w:auto\/h:auto\/q:mauto\/ig:avif\/https:\/\/thebottleshop.vn\/wp-content\/uploads\/2024\/12\/Heart-of-Darkness-Black-Shadows-Espresso-Martini-Stout.png\",\"contentUrl\":\"https:\/\/mlsrfcxkkbzg.i.optimole.com\/cb:JbP2.215d7\/w:auto\/h:auto\/q:mauto\/ig:avif\/https:\/\/thebottleshop.vn\/wp-content\/uploads\/2024\/12\/Heart-of-Darkness-Black-Shadows-Espresso-Martini-Stout.png\",\"width\":1080,\"height\":1080,\"caption\":\"Heart of Darkness Black Shadows Espresso Martini Stout\"},{\"@type\":\"BreadcrumbList\",\"@id\":\"http:\/\/52.77.24.187\/vi\/san-pham\/heart-of-darkness-black-shadows-espresso-martini-stout\/#breadcrumb\",\"itemListElement\":[{\"@type\":\"ListItem\",\"position\":1,\"name\":\"Home\",\"item\":\"http:\/\/52.77.24.187\/vi\/test-popup-vi\/\"},{\"@type\":\"ListItem\",\"position\":2,\"name\":\"C\u1eeda h\u00e0ng\",\"item\":\"http:\/\/52.77.24.187\/vi\/cua-hang\/\"},{\"@type\":\"ListItem\",\"position\":3,\"name\":\"Heart of Darkness Black Shadows Espresso Martini Stout\"}]},{\"@type\":\"WebSite\",\"@id\":\"http:\/\/52.77.24.187\/#website\",\"url\":\"http:\/\/52.77.24.187\/\",\"name\":\"The Bottle Shop\",\"description\":\"All beers are not created equal\",\"publisher\":{\"@id\":\"http:\/\/52.77.24.187\/#organization\"},\"potentialAction\":[{\"@type\":\"SearchAction\",\"target\":{\"@type\":\"EntryPoint\",\"urlTemplate\":\"http:\/\/52.77.24.187\/?s={search_term_string}\"},\"query-input\":{\"@type\":\"PropertyValueSpecification\",\"valueRequired\":true,\"valueName\":\"search_term_string\"}}],\"inLanguage\":\"vi-VN\"},{\"@type\":\"Organization\",\"@id\":\"http:\/\/52.77.24.187\/#organization\",\"name\":\"The Bottle Shop\",\"url\":\"http:\/\/52.77.24.187\/\",\"logo\":{\"@type\":\"ImageObject\",\"inLanguage\":\"vi-VN\",\"@id\":\"http:\/\/52.77.24.187\/#\/schema\/logo\/image\/\",\"url\":\"https:\/\/mlsrfcxkkbzg.i.optimole.com\/cb:JbP2.215d7\/w:auto\/h:auto\/q:mauto\/ig:avif\/https:\/\/thebottleshop.vn\/wp-content\/uploads\/2022\/10\/The-Bottle-Shop-Online-Logo.png\",\"contentUrl\":\"https:\/\/mlsrfcxkkbzg.i.optimole.com\/cb:JbP2.215d7\/w:auto\/h:auto\/q:mauto\/ig:avif\/https:\/\/thebottleshop.vn\/wp-content\/uploads\/2022\/10\/The-Bottle-Shop-Online-Logo.png\",\"width\":145,\"height\":147,\"caption\":\"The Bottle Shop\"},\"image\":{\"@id\":\"http:\/\/52.77.24.187\/#\/schema\/logo\/image\/\"},\"sameAs\":[\"https:\/\/www.facebook.com\/thebottleshopvietnam\",\"https:\/\/www.instagram.com\/thebottleshop_vietnam\/\"]}]}<\/script>\n<!-- \/ Yoast SEO plugin. -->","yoast_head_json":{"title":"Heart of Darkness Black Shadows Espresso Martini Stout - The Bottle Shop","description":"Heart of Darkness Black Shadows Espresso Martini Stout. D\u1ec5 u\u1ed1ng v\u00e0 h\u01b0\u01a1ng th\u01a1m l\u1eafng \u0111\u1ecdng d\u00f9 m\u00f9i v\u1ecb h\u1ebft s\u1ee9c m\u1ea1nh m\u1ebd. \u0110\u1ecf ng\u1ecdc th\u1eabm g\u1ea7n nh\u01b0 \u0111en.","robots":{"index":"index","follow":"follow","max-snippet":"max-snippet:-1","max-image-preview":"max-image-preview:large","max-video-preview":"max-video-preview:-1"},"canonical":"http:\/\/52.77.24.187\/vi\/san-pham\/heart-of-darkness-black-shadows-espresso-martini-stout\/","og_locale":"vi_VN","og_type":"article","og_title":"Heart of Darkness Black Shadows Espresso Martini Stout - The Bottle Shop","og_description":"Heart of Darkness Black Shadows Espresso Martini Stout. D\u1ec5 u\u1ed1ng v\u00e0 h\u01b0\u01a1ng th\u01a1m l\u1eafng \u0111\u1ecdng d\u00f9 m\u00f9i v\u1ecb h\u1ebft s\u1ee9c m\u1ea1nh m\u1ebd. \u0110\u1ecf ng\u1ecdc th\u1eabm g\u1ea7n nh\u01b0 \u0111en.","og_url":"http:\/\/52.77.24.187\/vi\/san-pham\/heart-of-darkness-black-shadows-espresso-martini-stout\/","og_site_name":"The Bottle Shop","article_publisher":"https:\/\/www.facebook.com\/thebottleshopvietnam","article_modified_time":"2024-12-28T06:40:33+00:00","og_image":[{"width":1080,"height":1080,"url":"https:\/\/mlsrfcxkkbzg.i.optimole.com\/cb:JbP2.215d7\/w:auto\/h:auto\/q:mauto\/ig:avif\/http:\/\/52.77.24.187\/wp-content\/uploads\/2024\/12\/Heart-of-Darkness-Black-Shadows-Espresso-Martini-Stout.png","type":"image\/png"}],"twitter_card":"summary_large_image","twitter_misc":{"Est. reading time":"1 minute"},"schema":{"@context":"https:\/\/schema.org","@graph":[{"@type":"WebPage","@id":"http:\/\/52.77.24.187\/vi\/san-pham\/heart-of-darkness-black-shadows-espresso-martini-stout\/","url":"http:\/\/52.77.24.187\/vi\/san-pham\/heart-of-darkness-black-shadows-espresso-martini-stout\/","name":"Heart of Darkness Black Shadows Espresso Martini Stout - The Bottle Shop","isPartOf":{"@id":"http:\/\/52.77.24.187\/#website"},"primaryImageOfPage":{"@id":"http:\/\/52.77.24.187\/vi\/san-pham\/heart-of-darkness-black-shadows-espresso-martini-stout\/#primaryimage"},"image":{"@id":"http:\/\/52.77.24.187\/vi\/san-pham\/heart-of-darkness-black-shadows-espresso-martini-stout\/#primaryimage"},"thumbnailUrl":"https:\/\/mlsrfcxkkbzg.i.optimole.com\/cb:JbP2.215d7\/w:auto\/h:auto\/q:mauto\/ig:avif\/https:\/\/thebottleshop.vn\/wp-content\/uploads\/2024\/12\/Heart-of-Darkness-Black-Shadows-Espresso-Martini-Stout.png","datePublished":"2024-12-28T06:39:12+00:00","dateModified":"2024-12-28T06:40:33+00:00","description":"Heart of Darkness Black Shadows Espresso Martini Stout. D\u1ec5 u\u1ed1ng v\u00e0 h\u01b0\u01a1ng th\u01a1m l\u1eafng \u0111\u1ecdng d\u00f9 m\u00f9i v\u1ecb h\u1ebft s\u1ee9c m\u1ea1nh m\u1ebd. \u0110\u1ecf ng\u1ecdc th\u1eabm g\u1ea7n nh\u01b0 \u0111en.","breadcrumb":{"@id":"http:\/\/52.77.24.187\/vi\/san-pham\/heart-of-darkness-black-shadows-espresso-martini-stout\/#breadcrumb"},"inLanguage":"vi-VN","potentialAction":[{"@type":"ReadAction","target":["http:\/\/52.77.24.187\/vi\/san-pham\/heart-of-darkness-black-shadows-espresso-martini-stout\/"]}]},{"@type":"ImageObject","inLanguage":"vi-VN","@id":"http:\/\/52.77.24.187\/vi\/san-pham\/heart-of-darkness-black-shadows-espresso-martini-stout\/#primaryimage","url":"https:\/\/mlsrfcxkkbzg.i.optimole.com\/cb:JbP2.215d7\/w:auto\/h:auto\/q:mauto\/ig:avif\/https:\/\/thebottleshop.vn\/wp-content\/uploads\/2024\/12\/Heart-of-Darkness-Black-Shadows-Espresso-Martini-Stout.png","contentUrl":"https:\/\/mlsrfcxkkbzg.i.optimole.com\/cb:JbP2.215d7\/w:auto\/h:auto\/q:mauto\/ig:avif\/https:\/\/thebottleshop.vn\/wp-content\/uploads\/2024\/12\/Heart-of-Darkness-Black-Shadows-Espresso-Martini-Stout.png","width":1080,"height":1080,"caption":"Heart of Darkness Black Shadows Espresso Martini Stout"},{"@type":"BreadcrumbList","@id":"http:\/\/52.77.24.187\/vi\/san-pham\/heart-of-darkness-black-shadows-espresso-martini-stout\/#breadcrumb","itemListElement":[{"@type":"ListItem","position":1,"name":"Home","item":"http:\/\/52.77.24.187\/vi\/test-popup-vi\/"},{"@type":"ListItem","position":2,"name":"C\u1eeda h\u00e0ng","item":"http:\/\/52.77.24.187\/vi\/cua-hang\/"},{"@type":"ListItem","position":3,"name":"Heart of Darkness Black Shadows Espresso Martini Stout"}]},{"@type":"WebSite","@id":"http:\/\/52.77.24.187\/#website","url":"http:\/\/52.77.24.187\/","name":"The Bottle Shop","description":"All beers are not created equal","publisher":{"@id":"http:\/\/52.77.24.187\/#organization"},"potentialAction":[{"@type":"SearchAction","target":{"@type":"EntryPoint","urlTemplate":"http:\/\/52.77.24.187\/?s={search_term_string}"},"query-input":{"@type":"PropertyValueSpecification","valueRequired":true,"valueName":"search_term_string"}}],"inLanguage":"vi-VN"},{"@type":"Organization","@id":"http:\/\/52.77.24.187\/#organization","name":"The Bottle Shop","url":"http:\/\/52.77.24.187\/","logo":{"@type":"ImageObject","inLanguage":"vi-VN","@id":"http:\/\/52.77.24.187\/#\/schema\/logo\/image\/","url":"https:\/\/mlsrfcxkkbzg.i.optimole.com\/cb:JbP2.215d7\/w:auto\/h:auto\/q:mauto\/ig:avif\/https:\/\/thebottleshop.vn\/wp-content\/uploads\/2022\/10\/The-Bottle-Shop-Online-Logo.png","contentUrl":"https:\/\/mlsrfcxkkbzg.i.optimole.com\/cb:JbP2.215d7\/w:auto\/h:auto\/q:mauto\/ig:avif\/https:\/\/thebottleshop.vn\/wp-content\/uploads\/2022\/10\/The-Bottle-Shop-Online-Logo.png","width":145,"height":147,"caption":"The Bottle Shop"},"image":{"@id":"http:\/\/52.77.24.187\/#\/schema\/logo\/image\/"},"sameAs":["https:\/\/www.facebook.com\/thebottleshopvietnam","https:\/\/www.instagram.com\/thebottleshop_vietnam\/"]}]}},"_links":{"self":[{"href":"https:\/\/thebottleshop.vn\/vi\/wp-json\/wp\/v2\/product\/20956","targetHints":{"allow":["GET"]}}],"collection":[{"href":"https:\/\/thebottleshop.vn\/vi\/wp-json\/wp\/v2\/product"}],"about":[{"href":"https:\/\/thebottleshop.vn\/vi\/wp-json\/wp\/v2\/types\/product"}],"replies":[{"embeddable":true,"href":"https:\/\/thebottleshop.vn\/vi\/wp-json\/wp\/v2\/comments?post=20956"}],"wp:featuredmedia":[{"embeddable":true,"href":"https:\/\/thebottleshop.vn\/vi\/wp-json\/wp\/v2\/media\/20953"}],"wp:attachment":[{"href":"https:\/\/thebottleshop.vn\/vi\/wp-json\/wp\/v2\/media?parent=20956"}],"wp:term":[{"taxonomy":"product_brand","embeddable":true,"href":"https:\/\/thebottleshop.vn\/vi\/wp-json\/wp\/v2\/product_brand?post=20956"},{"taxonomy":"product_cat","embeddable":true,"href":"https:\/\/thebottleshop.vn\/vi\/wp-json\/wp\/v2\/product_cat?post=20956"},{"taxonomy":"product_tag","embeddable":true,"href":"https:\/\/thebottleshop.vn\/vi\/wp-json\/wp\/v2\/product_tag?post=20956"}],"curies":[{"name":"wp","href":"https:\/\/api.w.org\/{rel}","templated":true}]}}