{"id":20972,"date":"2024-12-29T11:41:22","date_gmt":"2024-12-29T04:41:22","guid":{"rendered":"https:\/\/thebottleshop.vn\/product\/song-cai-tia-to-shiso-tonic\/"},"modified":"2024-12-29T19:30:21","modified_gmt":"2024-12-29T12:30:21","slug":"song-cai-tia-to-shiso-tonic","status":"publish","type":"product","link":"https:\/\/thebottleshop.vn\/vi\/san-pham\/song-cai-tia-to-shiso-tonic\/","title":{"rendered":"S\u00f4ng C\u00e1i T\u00eda T\u00f4 Shiso Tonic"},"content":{"rendered":"<p>S\u00f4ng C\u00e1i T\u00eda T\u00f4 Shiso Tonic. M\u1ed9t lo\u1ea1i n\u01b0\u1edbc tonic \u0111\u1eb7c tr\u01b0ng t\u1eeb S\u00f4ng C\u00e1i \u0111\u01b0\u1ee3c l\u00e0m m\u00e0 kh\u00f4ng c\u00f3 b\u1ea5t k\u1ef3 m\u00e0u s\u1eafc, h\u01b0\u01a1ng v\u1ecb ho\u1eb7c ch\u1ea5t b\u1ea3o qu\u1ea3n nh\u00e2n t\u1ea1o n\u00e0o. 0% ABV. <\/p>\n<p>\u2014\u2013<br \/>\nXem th\u01b0 vi\u1ec7n h\u00ecnh \u1ea3nh \u0111\u1ec3 bi\u1ebft th\u00eam th\u00f4ng tin chi ti\u1ebft v\u1ec1 ngu\u1ed3n g\u1ed1c, th\u00e0nh ph\u1ea7n v\u00e0 h\u01b0\u1edbng d\u1eabn s\u1eed d\u1ee5ng c\u1ee7a s\u1ea3n ph\u1ea9m.<\/p>\n","protected":false},"excerpt":{"rendered":"<p><strong>Ti\u00e1 t\u00f4, S\u1ea3ng kho\u00e1i 0%<\/strong><\/p>\n","protected":false},"featured_media":20968,"comment_status":"open","ping_status":"closed","template":"","meta":{"_acf_changed":false},"product_brand":[],"product_cat":[346,390,514,354,396,397,342,345,339,341,352,371,513,495],"product_tag":[],"class_list":{"0":"post-20972","1":"product","2":"type-product","3":"status-publish","4":"has-post-thumbnail","6":"product_cat-0-3-9","7":"product_cat-vietnam-hanoi","8":"product_cat-khong-gluten","9":"product_cat-75k-99k","10":"product_cat-soda-seltzer","11":"product_cat-do-khong-con","12":"product_cat-chai-330-ml","13":"product_cat-abv-vi","14":"product_cat-xuat-xu","15":"product_cat-dong-goi","16":"product_cat-gia","17":"product_cat-nha-san-xuat-ruou","18":"product_cat-khac","19":"product_cat-song-cai","21":"first","22":"instock","23":"shipping-taxable","24":"purchasable","25":"product-type-simple","26":"add-to-wishlist-before_image"},"acf":[],"yoast_head":"<!-- This site is optimized with the Yoast SEO plugin v27.2 - https:\/\/yoast.com\/product\/yoast-seo-wordpress\/ -->\n<title>S\u00f4ng C\u00e1i T\u00eda T\u00f4 Shiso Tonic - The Bottle Shop<\/title>\n<meta name=\"description\" content=\"S\u00f4ng C\u00e1i T\u00eda T\u00f4 Shiso Tonic. M\u1ed9t lo\u1ea1i tonic \u0111\u1eb7c tr\u01b0ng t\u1eeb S\u00f4ng C\u00e1i. 0% ABV.\" \/>\n<meta name=\"robots\" content=\"index, follow, max-snippet:-1, max-image-preview:large, max-video-preview:-1\" \/>\n<link rel=\"canonical\" href=\"http:\/\/52.77.24.187\/vi\/san-pham\/song-cai-tia-to-shiso-tonic\/\" \/>\n<meta property=\"og:locale\" content=\"vi_VN\" \/>\n<meta property=\"og:type\" content=\"article\" \/>\n<meta property=\"og:title\" content=\"S\u00f4ng C\u00e1i T\u00eda T\u00f4 Shiso Tonic - The Bottle Shop\" \/>\n<meta property=\"og:description\" content=\"S\u00f4ng C\u00e1i T\u00eda T\u00f4 Shiso Tonic. M\u1ed9t lo\u1ea1i tonic \u0111\u1eb7c tr\u01b0ng t\u1eeb S\u00f4ng C\u00e1i. 0% ABV.\" \/>\n<meta property=\"og:url\" content=\"http:\/\/52.77.24.187\/vi\/san-pham\/song-cai-tia-to-shiso-tonic\/\" \/>\n<meta property=\"og:site_name\" content=\"The Bottle Shop\" \/>\n<meta property=\"article:publisher\" content=\"https:\/\/www.facebook.com\/thebottleshopvietnam\" \/>\n<meta property=\"article:modified_time\" content=\"2024-12-29T12:30:21+00:00\" \/>\n<meta property=\"og:image\" content=\"https:\/\/mlsrfcxkkbzg.i.optimole.com\/cb:JbP2.215d7\/w:auto\/h:auto\/q:mauto\/ig:avif\/http:\/\/52.77.24.187\/wp-content\/uploads\/2024\/12\/Song-Cai-Shiso-Tia-To-Tonic.png\" \/>\n\t<meta property=\"og:image:width\" content=\"1080\" \/>\n\t<meta property=\"og:image:height\" content=\"1080\" \/>\n\t<meta property=\"og:image:type\" content=\"image\/png\" \/>\n<meta name=\"twitter:card\" content=\"summary_large_image\" \/>\n<meta name=\"twitter:label1\" content=\"Est. reading time\" \/>\n\t<meta name=\"twitter:data1\" content=\"1 minute\" \/>\n<script type=\"application\/ld+json\" class=\"yoast-schema-graph\">{\"@context\":\"https:\/\/schema.org\",\"@graph\":[{\"@type\":\"WebPage\",\"@id\":\"http:\/\/52.77.24.187\/vi\/san-pham\/song-cai-tia-to-shiso-tonic\/\",\"url\":\"http:\/\/52.77.24.187\/vi\/san-pham\/song-cai-tia-to-shiso-tonic\/\",\"name\":\"S\u00f4ng C\u00e1i T\u00eda T\u00f4 Shiso Tonic - The Bottle Shop\",\"isPartOf\":{\"@id\":\"http:\/\/52.77.24.187\/#website\"},\"primaryImageOfPage\":{\"@id\":\"http:\/\/52.77.24.187\/vi\/san-pham\/song-cai-tia-to-shiso-tonic\/#primaryimage\"},\"image\":{\"@id\":\"http:\/\/52.77.24.187\/vi\/san-pham\/song-cai-tia-to-shiso-tonic\/#primaryimage\"},\"thumbnailUrl\":\"https:\/\/mlsrfcxkkbzg.i.optimole.com\/cb:JbP2.215d7\/w:auto\/h:auto\/q:mauto\/ig:avif\/https:\/\/thebottleshop.vn\/wp-content\/uploads\/2024\/12\/Song-Cai-Shiso-Tia-To-Tonic.png\",\"datePublished\":\"2024-12-29T04:41:22+00:00\",\"dateModified\":\"2024-12-29T12:30:21+00:00\",\"description\":\"S\u00f4ng C\u00e1i T\u00eda T\u00f4 Shiso Tonic. M\u1ed9t lo\u1ea1i tonic \u0111\u1eb7c tr\u01b0ng t\u1eeb S\u00f4ng C\u00e1i. 0% ABV.\",\"breadcrumb\":{\"@id\":\"http:\/\/52.77.24.187\/vi\/san-pham\/song-cai-tia-to-shiso-tonic\/#breadcrumb\"},\"inLanguage\":\"vi-VN\",\"potentialAction\":[{\"@type\":\"ReadAction\",\"target\":[\"http:\/\/52.77.24.187\/vi\/san-pham\/song-cai-tia-to-shiso-tonic\/\"]}]},{\"@type\":\"ImageObject\",\"inLanguage\":\"vi-VN\",\"@id\":\"http:\/\/52.77.24.187\/vi\/san-pham\/song-cai-tia-to-shiso-tonic\/#primaryimage\",\"url\":\"https:\/\/mlsrfcxkkbzg.i.optimole.com\/cb:JbP2.215d7\/w:auto\/h:auto\/q:mauto\/ig:avif\/https:\/\/thebottleshop.vn\/wp-content\/uploads\/2024\/12\/Song-Cai-Shiso-Tia-To-Tonic.png\",\"contentUrl\":\"https:\/\/mlsrfcxkkbzg.i.optimole.com\/cb:JbP2.215d7\/w:auto\/h:auto\/q:mauto\/ig:avif\/https:\/\/thebottleshop.vn\/wp-content\/uploads\/2024\/12\/Song-Cai-Shiso-Tia-To-Tonic.png\",\"width\":1080,\"height\":1080,\"caption\":\"S\u00f4ng C\u00e1i Shiso Ti\u00e1 T\u00f4 Tonic\"},{\"@type\":\"BreadcrumbList\",\"@id\":\"http:\/\/52.77.24.187\/vi\/san-pham\/song-cai-tia-to-shiso-tonic\/#breadcrumb\",\"itemListElement\":[{\"@type\":\"ListItem\",\"position\":1,\"name\":\"Home\",\"item\":\"http:\/\/52.77.24.187\/vi\/test-popup-vi\/\"},{\"@type\":\"ListItem\",\"position\":2,\"name\":\"C\u1eeda h\u00e0ng\",\"item\":\"http:\/\/52.77.24.187\/vi\/cua-hang\/\"},{\"@type\":\"ListItem\",\"position\":3,\"name\":\"S\u00f4ng C\u00e1i T\u00eda T\u00f4 Shiso Tonic\"}]},{\"@type\":\"WebSite\",\"@id\":\"http:\/\/52.77.24.187\/#website\",\"url\":\"http:\/\/52.77.24.187\/\",\"name\":\"The Bottle Shop\",\"description\":\"All beers are not created equal\",\"publisher\":{\"@id\":\"http:\/\/52.77.24.187\/#organization\"},\"potentialAction\":[{\"@type\":\"SearchAction\",\"target\":{\"@type\":\"EntryPoint\",\"urlTemplate\":\"http:\/\/52.77.24.187\/?s={search_term_string}\"},\"query-input\":{\"@type\":\"PropertyValueSpecification\",\"valueRequired\":true,\"valueName\":\"search_term_string\"}}],\"inLanguage\":\"vi-VN\"},{\"@type\":\"Organization\",\"@id\":\"http:\/\/52.77.24.187\/#organization\",\"name\":\"The Bottle Shop\",\"url\":\"http:\/\/52.77.24.187\/\",\"logo\":{\"@type\":\"ImageObject\",\"inLanguage\":\"vi-VN\",\"@id\":\"http:\/\/52.77.24.187\/#\/schema\/logo\/image\/\",\"url\":\"https:\/\/mlsrfcxkkbzg.i.optimole.com\/cb:JbP2.215d7\/w:auto\/h:auto\/q:mauto\/ig:avif\/https:\/\/thebottleshop.vn\/wp-content\/uploads\/2022\/10\/The-Bottle-Shop-Online-Logo.png\",\"contentUrl\":\"https:\/\/mlsrfcxkkbzg.i.optimole.com\/cb:JbP2.215d7\/w:auto\/h:auto\/q:mauto\/ig:avif\/https:\/\/thebottleshop.vn\/wp-content\/uploads\/2022\/10\/The-Bottle-Shop-Online-Logo.png\",\"width\":145,\"height\":147,\"caption\":\"The Bottle Shop\"},\"image\":{\"@id\":\"http:\/\/52.77.24.187\/#\/schema\/logo\/image\/\"},\"sameAs\":[\"https:\/\/www.facebook.com\/thebottleshopvietnam\",\"https:\/\/www.instagram.com\/thebottleshop_vietnam\/\"]}]}<\/script>\n<!-- \/ Yoast SEO plugin. -->","yoast_head_json":{"title":"S\u00f4ng C\u00e1i T\u00eda T\u00f4 Shiso Tonic - The Bottle Shop","description":"S\u00f4ng C\u00e1i T\u00eda T\u00f4 Shiso Tonic. M\u1ed9t lo\u1ea1i tonic \u0111\u1eb7c tr\u01b0ng t\u1eeb S\u00f4ng C\u00e1i. 0% ABV.","robots":{"index":"index","follow":"follow","max-snippet":"max-snippet:-1","max-image-preview":"max-image-preview:large","max-video-preview":"max-video-preview:-1"},"canonical":"http:\/\/52.77.24.187\/vi\/san-pham\/song-cai-tia-to-shiso-tonic\/","og_locale":"vi_VN","og_type":"article","og_title":"S\u00f4ng C\u00e1i T\u00eda T\u00f4 Shiso Tonic - The Bottle Shop","og_description":"S\u00f4ng C\u00e1i T\u00eda T\u00f4 Shiso Tonic. M\u1ed9t lo\u1ea1i tonic \u0111\u1eb7c tr\u01b0ng t\u1eeb S\u00f4ng C\u00e1i. 0% ABV.","og_url":"http:\/\/52.77.24.187\/vi\/san-pham\/song-cai-tia-to-shiso-tonic\/","og_site_name":"The Bottle Shop","article_publisher":"https:\/\/www.facebook.com\/thebottleshopvietnam","article_modified_time":"2024-12-29T12:30:21+00:00","og_image":[{"width":1080,"height":1080,"url":"https:\/\/mlsrfcxkkbzg.i.optimole.com\/cb:JbP2.215d7\/w:auto\/h:auto\/q:mauto\/ig:avif\/http:\/\/52.77.24.187\/wp-content\/uploads\/2024\/12\/Song-Cai-Shiso-Tia-To-Tonic.png","type":"image\/png"}],"twitter_card":"summary_large_image","twitter_misc":{"Est. reading time":"1 minute"},"schema":{"@context":"https:\/\/schema.org","@graph":[{"@type":"WebPage","@id":"http:\/\/52.77.24.187\/vi\/san-pham\/song-cai-tia-to-shiso-tonic\/","url":"http:\/\/52.77.24.187\/vi\/san-pham\/song-cai-tia-to-shiso-tonic\/","name":"S\u00f4ng C\u00e1i T\u00eda T\u00f4 Shiso Tonic - The Bottle Shop","isPartOf":{"@id":"http:\/\/52.77.24.187\/#website"},"primaryImageOfPage":{"@id":"http:\/\/52.77.24.187\/vi\/san-pham\/song-cai-tia-to-shiso-tonic\/#primaryimage"},"image":{"@id":"http:\/\/52.77.24.187\/vi\/san-pham\/song-cai-tia-to-shiso-tonic\/#primaryimage"},"thumbnailUrl":"https:\/\/mlsrfcxkkbzg.i.optimole.com\/cb:JbP2.215d7\/w:auto\/h:auto\/q:mauto\/ig:avif\/https:\/\/thebottleshop.vn\/wp-content\/uploads\/2024\/12\/Song-Cai-Shiso-Tia-To-Tonic.png","datePublished":"2024-12-29T04:41:22+00:00","dateModified":"2024-12-29T12:30:21+00:00","description":"S\u00f4ng C\u00e1i T\u00eda T\u00f4 Shiso Tonic. M\u1ed9t lo\u1ea1i tonic \u0111\u1eb7c tr\u01b0ng t\u1eeb S\u00f4ng C\u00e1i. 0% ABV.","breadcrumb":{"@id":"http:\/\/52.77.24.187\/vi\/san-pham\/song-cai-tia-to-shiso-tonic\/#breadcrumb"},"inLanguage":"vi-VN","potentialAction":[{"@type":"ReadAction","target":["http:\/\/52.77.24.187\/vi\/san-pham\/song-cai-tia-to-shiso-tonic\/"]}]},{"@type":"ImageObject","inLanguage":"vi-VN","@id":"http:\/\/52.77.24.187\/vi\/san-pham\/song-cai-tia-to-shiso-tonic\/#primaryimage","url":"https:\/\/mlsrfcxkkbzg.i.optimole.com\/cb:JbP2.215d7\/w:auto\/h:auto\/q:mauto\/ig:avif\/https:\/\/thebottleshop.vn\/wp-content\/uploads\/2024\/12\/Song-Cai-Shiso-Tia-To-Tonic.png","contentUrl":"https:\/\/mlsrfcxkkbzg.i.optimole.com\/cb:JbP2.215d7\/w:auto\/h:auto\/q:mauto\/ig:avif\/https:\/\/thebottleshop.vn\/wp-content\/uploads\/2024\/12\/Song-Cai-Shiso-Tia-To-Tonic.png","width":1080,"height":1080,"caption":"S\u00f4ng C\u00e1i Shiso Ti\u00e1 T\u00f4 Tonic"},{"@type":"BreadcrumbList","@id":"http:\/\/52.77.24.187\/vi\/san-pham\/song-cai-tia-to-shiso-tonic\/#breadcrumb","itemListElement":[{"@type":"ListItem","position":1,"name":"Home","item":"http:\/\/52.77.24.187\/vi\/test-popup-vi\/"},{"@type":"ListItem","position":2,"name":"C\u1eeda h\u00e0ng","item":"http:\/\/52.77.24.187\/vi\/cua-hang\/"},{"@type":"ListItem","position":3,"name":"S\u00f4ng C\u00e1i T\u00eda T\u00f4 Shiso Tonic"}]},{"@type":"WebSite","@id":"http:\/\/52.77.24.187\/#website","url":"http:\/\/52.77.24.187\/","name":"The Bottle Shop","description":"All beers are not created equal","publisher":{"@id":"http:\/\/52.77.24.187\/#organization"},"potentialAction":[{"@type":"SearchAction","target":{"@type":"EntryPoint","urlTemplate":"http:\/\/52.77.24.187\/?s={search_term_string}"},"query-input":{"@type":"PropertyValueSpecification","valueRequired":true,"valueName":"search_term_string"}}],"inLanguage":"vi-VN"},{"@type":"Organization","@id":"http:\/\/52.77.24.187\/#organization","name":"The Bottle Shop","url":"http:\/\/52.77.24.187\/","logo":{"@type":"ImageObject","inLanguage":"vi-VN","@id":"http:\/\/52.77.24.187\/#\/schema\/logo\/image\/","url":"https:\/\/mlsrfcxkkbzg.i.optimole.com\/cb:JbP2.215d7\/w:auto\/h:auto\/q:mauto\/ig:avif\/https:\/\/thebottleshop.vn\/wp-content\/uploads\/2022\/10\/The-Bottle-Shop-Online-Logo.png","contentUrl":"https:\/\/mlsrfcxkkbzg.i.optimole.com\/cb:JbP2.215d7\/w:auto\/h:auto\/q:mauto\/ig:avif\/https:\/\/thebottleshop.vn\/wp-content\/uploads\/2022\/10\/The-Bottle-Shop-Online-Logo.png","width":145,"height":147,"caption":"The Bottle Shop"},"image":{"@id":"http:\/\/52.77.24.187\/#\/schema\/logo\/image\/"},"sameAs":["https:\/\/www.facebook.com\/thebottleshopvietnam","https:\/\/www.instagram.com\/thebottleshop_vietnam\/"]}]}},"_links":{"self":[{"href":"https:\/\/thebottleshop.vn\/vi\/wp-json\/wp\/v2\/product\/20972","targetHints":{"allow":["GET"]}}],"collection":[{"href":"https:\/\/thebottleshop.vn\/vi\/wp-json\/wp\/v2\/product"}],"about":[{"href":"https:\/\/thebottleshop.vn\/vi\/wp-json\/wp\/v2\/types\/product"}],"replies":[{"embeddable":true,"href":"https:\/\/thebottleshop.vn\/vi\/wp-json\/wp\/v2\/comments?post=20972"}],"wp:featuredmedia":[{"embeddable":true,"href":"https:\/\/thebottleshop.vn\/vi\/wp-json\/wp\/v2\/media\/20968"}],"wp:attachment":[{"href":"https:\/\/thebottleshop.vn\/vi\/wp-json\/wp\/v2\/media?parent=20972"}],"wp:term":[{"taxonomy":"product_brand","embeddable":true,"href":"https:\/\/thebottleshop.vn\/vi\/wp-json\/wp\/v2\/product_brand?post=20972"},{"taxonomy":"product_cat","embeddable":true,"href":"https:\/\/thebottleshop.vn\/vi\/wp-json\/wp\/v2\/product_cat?post=20972"},{"taxonomy":"product_tag","embeddable":true,"href":"https:\/\/thebottleshop.vn\/vi\/wp-json\/wp\/v2\/product_tag?post=20972"}],"curies":[{"name":"wp","href":"https:\/\/api.w.org\/{rel}","templated":true}]}}