{"id":21002,"date":"2024-12-29T13:36:45","date_gmt":"2024-12-29T06:41:54","guid":{"rendered":"https:\/\/thebottleshop.vn\/product\/herevia-rice-vodka-huong-gao\/"},"modified":"2024-12-29T13:44:57","modified_gmt":"2024-12-29T06:44:57","slug":"herevia-rice-vodka-huong-gao","status":"publish","type":"product","link":"https:\/\/thebottleshop.vn\/vi\/san-pham\/herevia-rice-vodka-huong-gao\/","title":{"rendered":"Herevia Rice Vodka H\u01b0\u01a1ng G\u1ea1o"},"content":{"rendered":"<p class=\"_04xlpA direction-ltr align-center para-style-body\"><span class=\"WdYUQQ text-decoration-none text-strikethrough-none\">Herevia Rice Vodka H\u01b0\u01a1ng G\u1ea1o h\u1eadu v\u1ecb ng\u1ecdt d\u1ec5 u\u1ed1ng. Ch\u01b0ng c\u1ea5t ch\u1eadm th\u00eam hai l\u1ea7n t\u1eeb n\u1ec1n r\u01b0\u1ee3u Herevia Rice Spirit, t\u1ea1o n\u00ean r\u01b0\u1ee3u vodka tinh s\u1ea1ch v\u1edbi h\u1eadu v\u1ecb \u1ea5m \u00e1p k\u00e9o d\u00e0i, h\u01b0\u01a1ng r\u01b0\u1ee3u g\u1ea1o ph\u1ea3ng ph\u1ea5t.<\/span><\/p>\n<p>\u2014\u2013<br \/>\nXem th\u01b0 vi\u1ec7n h\u00ecnh \u1ea3nh \u0111\u1ec3 bi\u1ebft th\u00eam th\u00f4ng tin chi ti\u1ebft v\u1ec1 ngu\u1ed3n g\u1ed1c, th\u00e0nh ph\u1ea7n v\u00e0 h\u01b0\u1edbng d\u1eabn s\u1eed d\u1ee5ng c\u1ee7a s\u1ea3n ph\u1ea9m.<\/p>\n<p>&nbsp;<\/p>\n","protected":false},"excerpt":{"rendered":"<p><strong>750ml :: 42%<\/strong><\/p>\n","protected":false},"featured_media":20996,"comment_status":"open","ping_status":"closed","template":"","meta":{"_acf_changed":false},"product_brand":[],"product_cat":[390,338,388,374,365,345,339,416,341,352,364,386,371,500],"product_tag":[],"class_list":{"0":"post-21002","1":"product","2":"type-product","3":"status-publish","4":"has-post-thumbnail","6":"product_cat-vietnam-hanoi","7":"product_cat-ruou-va-ruou-vang","8":"product_cat-25-vi","9":"product_cat-500k-749k","10":"product_cat-ruou","11":"product_cat-abv-vi","12":"product_cat-xuat-xu","13":"product_cat-vodka","14":"product_cat-dong-goi","15":"product_cat-gia","16":"product_cat-dong-ruou","17":"product_cat-chai-750-ml","18":"product_cat-nha-san-xuat-ruou","19":"product_cat-herevia-distillery","21":"first","22":"instock","23":"shipping-taxable","24":"purchasable","25":"product-type-simple","26":"add-to-wishlist-before_image"},"acf":[],"yoast_head":"<!-- This site is optimized with the Yoast SEO plugin v27.2 - https:\/\/yoast.com\/product\/yoast-seo-wordpress\/ -->\n<title>Herevia Rice Vodka H\u01b0\u01a1ng G\u1ea1o - The Bottle Shop<\/title>\n<meta name=\"description\" content=\"Herevia Rice Vodka H\u01b0\u01a1ng G\u1ea1o h\u1eadu v\u1ecb ng\u1ecdt d\u1ec5 u\u1ed1ng. Ch\u01b0ng c\u1ea5t ch\u1eadm th\u00eam hai l\u1ea7n t\u1eeb n\u1ec1n r\u01b0\u1ee3u Herevia Rice Spirit, t\u1ea1o n\u00ean r\u01b0\u1ee3u vodka tinh s\u1ea1ch.\" \/>\n<meta name=\"robots\" content=\"index, follow, max-snippet:-1, max-image-preview:large, max-video-preview:-1\" \/>\n<link rel=\"canonical\" href=\"http:\/\/52.77.24.187\/vi\/san-pham\/herevia-rice-vodka-huong-gao\/\" \/>\n<meta property=\"og:locale\" content=\"vi_VN\" \/>\n<meta property=\"og:type\" content=\"article\" \/>\n<meta property=\"og:title\" content=\"Herevia Rice Vodka H\u01b0\u01a1ng G\u1ea1o - The Bottle Shop\" \/>\n<meta property=\"og:description\" content=\"Herevia Rice Vodka H\u01b0\u01a1ng G\u1ea1o h\u1eadu v\u1ecb ng\u1ecdt d\u1ec5 u\u1ed1ng. Ch\u01b0ng c\u1ea5t ch\u1eadm th\u00eam hai l\u1ea7n t\u1eeb n\u1ec1n r\u01b0\u1ee3u Herevia Rice Spirit, t\u1ea1o n\u00ean r\u01b0\u1ee3u vodka tinh s\u1ea1ch.\" \/>\n<meta property=\"og:url\" content=\"http:\/\/52.77.24.187\/vi\/san-pham\/herevia-rice-vodka-huong-gao\/\" \/>\n<meta property=\"og:site_name\" content=\"The Bottle Shop\" \/>\n<meta property=\"article:publisher\" content=\"https:\/\/www.facebook.com\/thebottleshopvietnam\" \/>\n<meta property=\"article:modified_time\" content=\"2024-12-29T06:44:57+00:00\" \/>\n<meta property=\"og:image\" content=\"https:\/\/mlsrfcxkkbzg.i.optimole.com\/cb:JbP2.215d7\/w:auto\/h:auto\/q:mauto\/ig:avif\/http:\/\/52.77.24.187\/wp-content\/uploads\/2024\/12\/Herevia-Rice-Vodka.png\" \/>\n\t<meta property=\"og:image:width\" content=\"1080\" \/>\n\t<meta property=\"og:image:height\" content=\"1080\" \/>\n\t<meta property=\"og:image:type\" content=\"image\/png\" \/>\n<meta name=\"twitter:card\" content=\"summary_large_image\" \/>\n<meta name=\"twitter:label1\" content=\"Est. reading time\" \/>\n\t<meta name=\"twitter:data1\" content=\"1 minute\" \/>\n<script type=\"application\/ld+json\" class=\"yoast-schema-graph\">{\"@context\":\"https:\/\/schema.org\",\"@graph\":[{\"@type\":\"WebPage\",\"@id\":\"http:\/\/52.77.24.187\/vi\/san-pham\/herevia-rice-vodka-huong-gao\/\",\"url\":\"http:\/\/52.77.24.187\/vi\/san-pham\/herevia-rice-vodka-huong-gao\/\",\"name\":\"Herevia Rice Vodka H\u01b0\u01a1ng G\u1ea1o - The Bottle Shop\",\"isPartOf\":{\"@id\":\"http:\/\/52.77.24.187\/#website\"},\"primaryImageOfPage\":{\"@id\":\"http:\/\/52.77.24.187\/vi\/san-pham\/herevia-rice-vodka-huong-gao\/#primaryimage\"},\"image\":{\"@id\":\"http:\/\/52.77.24.187\/vi\/san-pham\/herevia-rice-vodka-huong-gao\/#primaryimage\"},\"thumbnailUrl\":\"https:\/\/mlsrfcxkkbzg.i.optimole.com\/cb:JbP2.215d7\/w:auto\/h:auto\/q:mauto\/ig:avif\/https:\/\/thebottleshop.vn\/wp-content\/uploads\/2024\/12\/Herevia-Rice-Vodka.png\",\"datePublished\":\"2024-12-29T06:41:54+00:00\",\"dateModified\":\"2024-12-29T06:44:57+00:00\",\"description\":\"Herevia Rice Vodka H\u01b0\u01a1ng G\u1ea1o h\u1eadu v\u1ecb ng\u1ecdt d\u1ec5 u\u1ed1ng. Ch\u01b0ng c\u1ea5t ch\u1eadm th\u00eam hai l\u1ea7n t\u1eeb n\u1ec1n r\u01b0\u1ee3u Herevia Rice Spirit, t\u1ea1o n\u00ean r\u01b0\u1ee3u vodka tinh s\u1ea1ch.\",\"breadcrumb\":{\"@id\":\"http:\/\/52.77.24.187\/vi\/san-pham\/herevia-rice-vodka-huong-gao\/#breadcrumb\"},\"inLanguage\":\"vi-VN\",\"potentialAction\":[{\"@type\":\"ReadAction\",\"target\":[\"http:\/\/52.77.24.187\/vi\/san-pham\/herevia-rice-vodka-huong-gao\/\"]}]},{\"@type\":\"ImageObject\",\"inLanguage\":\"vi-VN\",\"@id\":\"http:\/\/52.77.24.187\/vi\/san-pham\/herevia-rice-vodka-huong-gao\/#primaryimage\",\"url\":\"https:\/\/mlsrfcxkkbzg.i.optimole.com\/cb:JbP2.215d7\/w:auto\/h:auto\/q:mauto\/ig:avif\/https:\/\/thebottleshop.vn\/wp-content\/uploads\/2024\/12\/Herevia-Rice-Vodka.png\",\"contentUrl\":\"https:\/\/mlsrfcxkkbzg.i.optimole.com\/cb:JbP2.215d7\/w:auto\/h:auto\/q:mauto\/ig:avif\/https:\/\/thebottleshop.vn\/wp-content\/uploads\/2024\/12\/Herevia-Rice-Vodka.png\",\"width\":1080,\"height\":1080,\"caption\":\"Herevia Rice Vodka\"},{\"@type\":\"BreadcrumbList\",\"@id\":\"http:\/\/52.77.24.187\/vi\/san-pham\/herevia-rice-vodka-huong-gao\/#breadcrumb\",\"itemListElement\":[{\"@type\":\"ListItem\",\"position\":1,\"name\":\"Home\",\"item\":\"http:\/\/52.77.24.187\/vi\/test-popup-vi\/\"},{\"@type\":\"ListItem\",\"position\":2,\"name\":\"C\u1eeda h\u00e0ng\",\"item\":\"http:\/\/52.77.24.187\/vi\/cua-hang\/\"},{\"@type\":\"ListItem\",\"position\":3,\"name\":\"Herevia Rice Vodka H\u01b0\u01a1ng G\u1ea1o\"}]},{\"@type\":\"WebSite\",\"@id\":\"http:\/\/52.77.24.187\/#website\",\"url\":\"http:\/\/52.77.24.187\/\",\"name\":\"The Bottle Shop\",\"description\":\"All beers are not created equal\",\"publisher\":{\"@id\":\"http:\/\/52.77.24.187\/#organization\"},\"potentialAction\":[{\"@type\":\"SearchAction\",\"target\":{\"@type\":\"EntryPoint\",\"urlTemplate\":\"http:\/\/52.77.24.187\/?s={search_term_string}\"},\"query-input\":{\"@type\":\"PropertyValueSpecification\",\"valueRequired\":true,\"valueName\":\"search_term_string\"}}],\"inLanguage\":\"vi-VN\"},{\"@type\":\"Organization\",\"@id\":\"http:\/\/52.77.24.187\/#organization\",\"name\":\"The Bottle Shop\",\"url\":\"http:\/\/52.77.24.187\/\",\"logo\":{\"@type\":\"ImageObject\",\"inLanguage\":\"vi-VN\",\"@id\":\"http:\/\/52.77.24.187\/#\/schema\/logo\/image\/\",\"url\":\"https:\/\/mlsrfcxkkbzg.i.optimole.com\/cb:JbP2.215d7\/w:auto\/h:auto\/q:mauto\/ig:avif\/https:\/\/thebottleshop.vn\/wp-content\/uploads\/2022\/10\/The-Bottle-Shop-Online-Logo.png\",\"contentUrl\":\"https:\/\/mlsrfcxkkbzg.i.optimole.com\/cb:JbP2.215d7\/w:auto\/h:auto\/q:mauto\/ig:avif\/https:\/\/thebottleshop.vn\/wp-content\/uploads\/2022\/10\/The-Bottle-Shop-Online-Logo.png\",\"width\":145,\"height\":147,\"caption\":\"The Bottle Shop\"},\"image\":{\"@id\":\"http:\/\/52.77.24.187\/#\/schema\/logo\/image\/\"},\"sameAs\":[\"https:\/\/www.facebook.com\/thebottleshopvietnam\",\"https:\/\/www.instagram.com\/thebottleshop_vietnam\/\"]}]}<\/script>\n<!-- \/ Yoast SEO plugin. -->","yoast_head_json":{"title":"Herevia Rice Vodka H\u01b0\u01a1ng G\u1ea1o - The Bottle Shop","description":"Herevia Rice Vodka H\u01b0\u01a1ng G\u1ea1o h\u1eadu v\u1ecb ng\u1ecdt d\u1ec5 u\u1ed1ng. Ch\u01b0ng c\u1ea5t ch\u1eadm th\u00eam hai l\u1ea7n t\u1eeb n\u1ec1n r\u01b0\u1ee3u Herevia Rice Spirit, t\u1ea1o n\u00ean r\u01b0\u1ee3u vodka tinh s\u1ea1ch.","robots":{"index":"index","follow":"follow","max-snippet":"max-snippet:-1","max-image-preview":"max-image-preview:large","max-video-preview":"max-video-preview:-1"},"canonical":"http:\/\/52.77.24.187\/vi\/san-pham\/herevia-rice-vodka-huong-gao\/","og_locale":"vi_VN","og_type":"article","og_title":"Herevia Rice Vodka H\u01b0\u01a1ng G\u1ea1o - The Bottle Shop","og_description":"Herevia Rice Vodka H\u01b0\u01a1ng G\u1ea1o h\u1eadu v\u1ecb ng\u1ecdt d\u1ec5 u\u1ed1ng. Ch\u01b0ng c\u1ea5t ch\u1eadm th\u00eam hai l\u1ea7n t\u1eeb n\u1ec1n r\u01b0\u1ee3u Herevia Rice Spirit, t\u1ea1o n\u00ean r\u01b0\u1ee3u vodka tinh s\u1ea1ch.","og_url":"http:\/\/52.77.24.187\/vi\/san-pham\/herevia-rice-vodka-huong-gao\/","og_site_name":"The Bottle Shop","article_publisher":"https:\/\/www.facebook.com\/thebottleshopvietnam","article_modified_time":"2024-12-29T06:44:57+00:00","og_image":[{"width":1080,"height":1080,"url":"https:\/\/mlsrfcxkkbzg.i.optimole.com\/cb:JbP2.215d7\/w:auto\/h:auto\/q:mauto\/ig:avif\/http:\/\/52.77.24.187\/wp-content\/uploads\/2024\/12\/Herevia-Rice-Vodka.png","type":"image\/png"}],"twitter_card":"summary_large_image","twitter_misc":{"Est. reading time":"1 minute"},"schema":{"@context":"https:\/\/schema.org","@graph":[{"@type":"WebPage","@id":"http:\/\/52.77.24.187\/vi\/san-pham\/herevia-rice-vodka-huong-gao\/","url":"http:\/\/52.77.24.187\/vi\/san-pham\/herevia-rice-vodka-huong-gao\/","name":"Herevia Rice Vodka H\u01b0\u01a1ng G\u1ea1o - The Bottle Shop","isPartOf":{"@id":"http:\/\/52.77.24.187\/#website"},"primaryImageOfPage":{"@id":"http:\/\/52.77.24.187\/vi\/san-pham\/herevia-rice-vodka-huong-gao\/#primaryimage"},"image":{"@id":"http:\/\/52.77.24.187\/vi\/san-pham\/herevia-rice-vodka-huong-gao\/#primaryimage"},"thumbnailUrl":"https:\/\/mlsrfcxkkbzg.i.optimole.com\/cb:JbP2.215d7\/w:auto\/h:auto\/q:mauto\/ig:avif\/https:\/\/thebottleshop.vn\/wp-content\/uploads\/2024\/12\/Herevia-Rice-Vodka.png","datePublished":"2024-12-29T06:41:54+00:00","dateModified":"2024-12-29T06:44:57+00:00","description":"Herevia Rice Vodka H\u01b0\u01a1ng G\u1ea1o h\u1eadu v\u1ecb ng\u1ecdt d\u1ec5 u\u1ed1ng. Ch\u01b0ng c\u1ea5t ch\u1eadm th\u00eam hai l\u1ea7n t\u1eeb n\u1ec1n r\u01b0\u1ee3u Herevia Rice Spirit, t\u1ea1o n\u00ean r\u01b0\u1ee3u vodka tinh s\u1ea1ch.","breadcrumb":{"@id":"http:\/\/52.77.24.187\/vi\/san-pham\/herevia-rice-vodka-huong-gao\/#breadcrumb"},"inLanguage":"vi-VN","potentialAction":[{"@type":"ReadAction","target":["http:\/\/52.77.24.187\/vi\/san-pham\/herevia-rice-vodka-huong-gao\/"]}]},{"@type":"ImageObject","inLanguage":"vi-VN","@id":"http:\/\/52.77.24.187\/vi\/san-pham\/herevia-rice-vodka-huong-gao\/#primaryimage","url":"https:\/\/mlsrfcxkkbzg.i.optimole.com\/cb:JbP2.215d7\/w:auto\/h:auto\/q:mauto\/ig:avif\/https:\/\/thebottleshop.vn\/wp-content\/uploads\/2024\/12\/Herevia-Rice-Vodka.png","contentUrl":"https:\/\/mlsrfcxkkbzg.i.optimole.com\/cb:JbP2.215d7\/w:auto\/h:auto\/q:mauto\/ig:avif\/https:\/\/thebottleshop.vn\/wp-content\/uploads\/2024\/12\/Herevia-Rice-Vodka.png","width":1080,"height":1080,"caption":"Herevia Rice Vodka"},{"@type":"BreadcrumbList","@id":"http:\/\/52.77.24.187\/vi\/san-pham\/herevia-rice-vodka-huong-gao\/#breadcrumb","itemListElement":[{"@type":"ListItem","position":1,"name":"Home","item":"http:\/\/52.77.24.187\/vi\/test-popup-vi\/"},{"@type":"ListItem","position":2,"name":"C\u1eeda h\u00e0ng","item":"http:\/\/52.77.24.187\/vi\/cua-hang\/"},{"@type":"ListItem","position":3,"name":"Herevia Rice Vodka H\u01b0\u01a1ng G\u1ea1o"}]},{"@type":"WebSite","@id":"http:\/\/52.77.24.187\/#website","url":"http:\/\/52.77.24.187\/","name":"The Bottle Shop","description":"All beers are not created equal","publisher":{"@id":"http:\/\/52.77.24.187\/#organization"},"potentialAction":[{"@type":"SearchAction","target":{"@type":"EntryPoint","urlTemplate":"http:\/\/52.77.24.187\/?s={search_term_string}"},"query-input":{"@type":"PropertyValueSpecification","valueRequired":true,"valueName":"search_term_string"}}],"inLanguage":"vi-VN"},{"@type":"Organization","@id":"http:\/\/52.77.24.187\/#organization","name":"The Bottle Shop","url":"http:\/\/52.77.24.187\/","logo":{"@type":"ImageObject","inLanguage":"vi-VN","@id":"http:\/\/52.77.24.187\/#\/schema\/logo\/image\/","url":"https:\/\/mlsrfcxkkbzg.i.optimole.com\/cb:JbP2.215d7\/w:auto\/h:auto\/q:mauto\/ig:avif\/https:\/\/thebottleshop.vn\/wp-content\/uploads\/2022\/10\/The-Bottle-Shop-Online-Logo.png","contentUrl":"https:\/\/mlsrfcxkkbzg.i.optimole.com\/cb:JbP2.215d7\/w:auto\/h:auto\/q:mauto\/ig:avif\/https:\/\/thebottleshop.vn\/wp-content\/uploads\/2022\/10\/The-Bottle-Shop-Online-Logo.png","width":145,"height":147,"caption":"The Bottle Shop"},"image":{"@id":"http:\/\/52.77.24.187\/#\/schema\/logo\/image\/"},"sameAs":["https:\/\/www.facebook.com\/thebottleshopvietnam","https:\/\/www.instagram.com\/thebottleshop_vietnam\/"]}]}},"_links":{"self":[{"href":"https:\/\/thebottleshop.vn\/vi\/wp-json\/wp\/v2\/product\/21002","targetHints":{"allow":["GET"]}}],"collection":[{"href":"https:\/\/thebottleshop.vn\/vi\/wp-json\/wp\/v2\/product"}],"about":[{"href":"https:\/\/thebottleshop.vn\/vi\/wp-json\/wp\/v2\/types\/product"}],"replies":[{"embeddable":true,"href":"https:\/\/thebottleshop.vn\/vi\/wp-json\/wp\/v2\/comments?post=21002"}],"wp:featuredmedia":[{"embeddable":true,"href":"https:\/\/thebottleshop.vn\/vi\/wp-json\/wp\/v2\/media\/20996"}],"wp:attachment":[{"href":"https:\/\/thebottleshop.vn\/vi\/wp-json\/wp\/v2\/media?parent=21002"}],"wp:term":[{"taxonomy":"product_brand","embeddable":true,"href":"https:\/\/thebottleshop.vn\/vi\/wp-json\/wp\/v2\/product_brand?post=21002"},{"taxonomy":"product_cat","embeddable":true,"href":"https:\/\/thebottleshop.vn\/vi\/wp-json\/wp\/v2\/product_cat?post=21002"},{"taxonomy":"product_tag","embeddable":true,"href":"https:\/\/thebottleshop.vn\/vi\/wp-json\/wp\/v2\/product_tag?post=21002"}],"curies":[{"name":"wp","href":"https:\/\/api.w.org\/{rel}","templated":true}]}}