{"id":21114,"date":"2025-01-28T15:25:33","date_gmt":"2025-01-28T08:25:33","guid":{"rendered":"https:\/\/thebottleshop.vn\/product\/toucan-golden-pilsner\/"},"modified":"2025-01-28T16:08:27","modified_gmt":"2025-01-28T09:08:27","slug":"toucan-golden-pilsner","status":"publish","type":"product","link":"https:\/\/thebottleshop.vn\/vi\/san-pham\/toucan-golden-pilsner\/","title":{"rendered":"Toucan Golden Pilsner"},"content":{"rendered":"<p>Toucan Golden Pilsner v\u1edbi h\u01b0\u01a1ng th\u01a1m t\u1eeb malt v\u00e0 hoa bia nhi\u1ec7t \u0111\u1edbi, m\u00e0u v\u00e0ng \u00f3ng \u00e1nh, v\u1ecb s\u1ea3ng kho\u00e1i, \u0111\u1eafng nh\u1eb9 v\u00e0 ng\u1ecdt nh\u1eb9.<\/p>\n<p>\u2014\u2013<br \/>\nXem th\u01b0 vi\u1ec7n h\u00ecnh \u1ea3nh \u0111\u1ec3 bi\u1ebft th\u00eam th\u00f4ng tin chi ti\u1ebft v\u1ec1 ngu\u1ed3n g\u1ed1c, th\u00e0nh ph\u1ea7n v\u00e0 h\u01b0\u1edbng d\u1eabn s\u1eed d\u1ee5ng c\u1ee7a s\u1ea3n ph\u1ea9m.<\/p>\n","protected":false},"excerpt":{"rendered":"<p><strong>C\u00e2n b\u1eb1ng, \u00cam d\u1ecbu 5%<\/strong><\/p>\n","protected":false},"featured_media":22199,"comment_status":"open","ping_status":"closed","template":"","meta":{"_acf_changed":false},"product_brand":[],"product_cat":[337,340,379,347,354,351,366,345,377,339,341,352,357,344,690],"product_tag":[],"class_list":{"0":"post-21114","1":"product","2":"type-product","3":"status-publish","4":"has-post-thumbnail","6":"product_cat-bia-va-cider","7":"product_cat-vietnam-hcmc","8":"product_cat-20-39","9":"product_cat-4-5-9","10":"product_cat-75k-99k","11":"product_cat-dong-bia","12":"product_cat-nha-san-xuat","13":"product_cat-abv-vi","14":"product_cat-ibu","15":"product_cat-xuat-xu","16":"product_cat-dong-goi","17":"product_cat-gia","18":"product_cat-pilsner","19":"product_cat-lon-330-ml","20":"product_cat-toucan-vi","22":"first","23":"instock","24":"shipping-taxable","25":"purchasable","26":"product-type-simple","27":"add-to-wishlist-before_image"},"acf":[],"yoast_head":"<!-- This site is optimized with the Yoast SEO plugin v27.2 - https:\/\/yoast.com\/product\/yoast-seo-wordpress\/ -->\n<title>Toucan Golden Pilsner - The Bottle Shop<\/title>\n<meta name=\"description\" content=\"Toucan Golden Pilsner v\u1edbi h\u01b0\u01a1ng th\u01a1m t\u1eeb malt v\u00e0 hoa bia nhi\u1ec7t \u0111\u1edbi, m\u00e0u v\u00e0ng \u00f3ng \u00e1nh, v\u1ecb s\u1ea3ng kho\u00e1i, \u0111\u1eafng nh\u1eb9 v\u00e0 ng\u1ecdt nh\u1eb9. Bia \u0111\u1ed9c quy\u1ec1n cho ng\u01b0\u1eddi Vi\u1ec7t.\" \/>\n<meta name=\"robots\" content=\"index, follow, max-snippet:-1, max-image-preview:large, max-video-preview:-1\" \/>\n<link rel=\"canonical\" href=\"http:\/\/52.77.24.187\/vi\/san-pham\/toucan-golden-pilsner\/\" \/>\n<meta property=\"og:locale\" content=\"vi_VN\" \/>\n<meta property=\"og:type\" content=\"article\" \/>\n<meta property=\"og:title\" content=\"Toucan Golden Pilsner - The Bottle Shop\" \/>\n<meta property=\"og:description\" content=\"Toucan Golden Pilsner v\u1edbi h\u01b0\u01a1ng th\u01a1m t\u1eeb malt v\u00e0 hoa bia nhi\u1ec7t \u0111\u1edbi, m\u00e0u v\u00e0ng \u00f3ng \u00e1nh, v\u1ecb s\u1ea3ng kho\u00e1i, \u0111\u1eafng nh\u1eb9 v\u00e0 ng\u1ecdt nh\u1eb9. Bia \u0111\u1ed9c quy\u1ec1n cho ng\u01b0\u1eddi Vi\u1ec7t.\" \/>\n<meta property=\"og:url\" content=\"http:\/\/52.77.24.187\/vi\/san-pham\/toucan-golden-pilsner\/\" \/>\n<meta property=\"og:site_name\" content=\"The Bottle Shop\" \/>\n<meta property=\"article:publisher\" content=\"https:\/\/www.facebook.com\/thebottleshopvietnam\" \/>\n<meta property=\"article:modified_time\" content=\"2025-01-28T09:08:27+00:00\" \/>\n<meta property=\"og:image\" content=\"https:\/\/mlsrfcxkkbzg.i.optimole.com\/cb:JbP2.215d7\/w:auto\/h:auto\/q:mauto\/ig:avif\/http:\/\/52.77.24.187\/wp-content\/uploads\/2025\/01\/Toucan-Golden-Pilsner.png\" \/>\n\t<meta property=\"og:image:width\" content=\"1080\" \/>\n\t<meta property=\"og:image:height\" content=\"1080\" \/>\n\t<meta property=\"og:image:type\" content=\"image\/png\" \/>\n<meta name=\"twitter:card\" content=\"summary_large_image\" \/>\n<meta name=\"twitter:label1\" content=\"Est. reading time\" \/>\n\t<meta name=\"twitter:data1\" content=\"1 minute\" \/>\n<script type=\"application\/ld+json\" class=\"yoast-schema-graph\">{\"@context\":\"https:\/\/schema.org\",\"@graph\":[{\"@type\":\"WebPage\",\"@id\":\"http:\/\/52.77.24.187\/vi\/san-pham\/toucan-golden-pilsner\/\",\"url\":\"http:\/\/52.77.24.187\/vi\/san-pham\/toucan-golden-pilsner\/\",\"name\":\"Toucan Golden Pilsner - The Bottle Shop\",\"isPartOf\":{\"@id\":\"http:\/\/52.77.24.187\/#website\"},\"primaryImageOfPage\":{\"@id\":\"http:\/\/52.77.24.187\/vi\/san-pham\/toucan-golden-pilsner\/#primaryimage\"},\"image\":{\"@id\":\"http:\/\/52.77.24.187\/vi\/san-pham\/toucan-golden-pilsner\/#primaryimage\"},\"thumbnailUrl\":\"https:\/\/mlsrfcxkkbzg.i.optimole.com\/cb:JbP2.215d7\/w:auto\/h:auto\/q:mauto\/ig:avif\/https:\/\/thebottleshop.vn\/wp-content\/uploads\/2025\/10\/Toucan-Golden-Pilsner-Can.png\",\"datePublished\":\"2025-01-28T08:25:33+00:00\",\"dateModified\":\"2025-01-28T09:08:27+00:00\",\"description\":\"Toucan Golden Pilsner v\u1edbi h\u01b0\u01a1ng th\u01a1m t\u1eeb malt v\u00e0 hoa bia nhi\u1ec7t \u0111\u1edbi, m\u00e0u v\u00e0ng \u00f3ng \u00e1nh, v\u1ecb s\u1ea3ng kho\u00e1i, \u0111\u1eafng nh\u1eb9 v\u00e0 ng\u1ecdt nh\u1eb9. Bia \u0111\u1ed9c quy\u1ec1n cho ng\u01b0\u1eddi Vi\u1ec7t.\",\"breadcrumb\":{\"@id\":\"http:\/\/52.77.24.187\/vi\/san-pham\/toucan-golden-pilsner\/#breadcrumb\"},\"inLanguage\":\"vi-VN\",\"potentialAction\":[{\"@type\":\"ReadAction\",\"target\":[\"http:\/\/52.77.24.187\/vi\/san-pham\/toucan-golden-pilsner\/\"]}]},{\"@type\":\"ImageObject\",\"inLanguage\":\"vi-VN\",\"@id\":\"http:\/\/52.77.24.187\/vi\/san-pham\/toucan-golden-pilsner\/#primaryimage\",\"url\":\"https:\/\/mlsrfcxkkbzg.i.optimole.com\/cb:JbP2.215d7\/w:auto\/h:auto\/q:mauto\/ig:avif\/https:\/\/thebottleshop.vn\/wp-content\/uploads\/2025\/10\/Toucan-Golden-Pilsner-Can.png\",\"contentUrl\":\"https:\/\/mlsrfcxkkbzg.i.optimole.com\/cb:JbP2.215d7\/w:auto\/h:auto\/q:mauto\/ig:avif\/https:\/\/thebottleshop.vn\/wp-content\/uploads\/2025\/10\/Toucan-Golden-Pilsner-Can.png\",\"width\":1080,\"height\":1080,\"caption\":\"Toucan Golden Pilsner Can\"},{\"@type\":\"BreadcrumbList\",\"@id\":\"http:\/\/52.77.24.187\/vi\/san-pham\/toucan-golden-pilsner\/#breadcrumb\",\"itemListElement\":[{\"@type\":\"ListItem\",\"position\":1,\"name\":\"Home\",\"item\":\"http:\/\/52.77.24.187\/vi\/test-popup-vi\/\"},{\"@type\":\"ListItem\",\"position\":2,\"name\":\"C\u1eeda h\u00e0ng\",\"item\":\"http:\/\/52.77.24.187\/vi\/cua-hang\/\"},{\"@type\":\"ListItem\",\"position\":3,\"name\":\"Toucan Golden Pilsner\"}]},{\"@type\":\"WebSite\",\"@id\":\"http:\/\/52.77.24.187\/#website\",\"url\":\"http:\/\/52.77.24.187\/\",\"name\":\"The Bottle Shop\",\"description\":\"All beers are not created equal\",\"publisher\":{\"@id\":\"http:\/\/52.77.24.187\/#organization\"},\"potentialAction\":[{\"@type\":\"SearchAction\",\"target\":{\"@type\":\"EntryPoint\",\"urlTemplate\":\"http:\/\/52.77.24.187\/?s={search_term_string}\"},\"query-input\":{\"@type\":\"PropertyValueSpecification\",\"valueRequired\":true,\"valueName\":\"search_term_string\"}}],\"inLanguage\":\"vi-VN\"},{\"@type\":\"Organization\",\"@id\":\"http:\/\/52.77.24.187\/#organization\",\"name\":\"The Bottle Shop\",\"url\":\"http:\/\/52.77.24.187\/\",\"logo\":{\"@type\":\"ImageObject\",\"inLanguage\":\"vi-VN\",\"@id\":\"http:\/\/52.77.24.187\/#\/schema\/logo\/image\/\",\"url\":\"https:\/\/mlsrfcxkkbzg.i.optimole.com\/cb:JbP2.215d7\/w:auto\/h:auto\/q:mauto\/ig:avif\/https:\/\/thebottleshop.vn\/wp-content\/uploads\/2022\/10\/The-Bottle-Shop-Online-Logo.png\",\"contentUrl\":\"https:\/\/mlsrfcxkkbzg.i.optimole.com\/cb:JbP2.215d7\/w:auto\/h:auto\/q:mauto\/ig:avif\/https:\/\/thebottleshop.vn\/wp-content\/uploads\/2022\/10\/The-Bottle-Shop-Online-Logo.png\",\"width\":145,\"height\":147,\"caption\":\"The Bottle Shop\"},\"image\":{\"@id\":\"http:\/\/52.77.24.187\/#\/schema\/logo\/image\/\"},\"sameAs\":[\"https:\/\/www.facebook.com\/thebottleshopvietnam\",\"https:\/\/www.instagram.com\/thebottleshop_vietnam\/\"]}]}<\/script>\n<!-- \/ Yoast SEO plugin. -->","yoast_head_json":{"title":"Toucan Golden Pilsner - The Bottle Shop","description":"Toucan Golden Pilsner v\u1edbi h\u01b0\u01a1ng th\u01a1m t\u1eeb malt v\u00e0 hoa bia nhi\u1ec7t \u0111\u1edbi, m\u00e0u v\u00e0ng \u00f3ng \u00e1nh, v\u1ecb s\u1ea3ng kho\u00e1i, \u0111\u1eafng nh\u1eb9 v\u00e0 ng\u1ecdt nh\u1eb9. Bia \u0111\u1ed9c quy\u1ec1n cho ng\u01b0\u1eddi Vi\u1ec7t.","robots":{"index":"index","follow":"follow","max-snippet":"max-snippet:-1","max-image-preview":"max-image-preview:large","max-video-preview":"max-video-preview:-1"},"canonical":"http:\/\/52.77.24.187\/vi\/san-pham\/toucan-golden-pilsner\/","og_locale":"vi_VN","og_type":"article","og_title":"Toucan Golden Pilsner - The Bottle Shop","og_description":"Toucan Golden Pilsner v\u1edbi h\u01b0\u01a1ng th\u01a1m t\u1eeb malt v\u00e0 hoa bia nhi\u1ec7t \u0111\u1edbi, m\u00e0u v\u00e0ng \u00f3ng \u00e1nh, v\u1ecb s\u1ea3ng kho\u00e1i, \u0111\u1eafng nh\u1eb9 v\u00e0 ng\u1ecdt nh\u1eb9. Bia \u0111\u1ed9c quy\u1ec1n cho ng\u01b0\u1eddi Vi\u1ec7t.","og_url":"http:\/\/52.77.24.187\/vi\/san-pham\/toucan-golden-pilsner\/","og_site_name":"The Bottle Shop","article_publisher":"https:\/\/www.facebook.com\/thebottleshopvietnam","article_modified_time":"2025-01-28T09:08:27+00:00","og_image":[{"width":1080,"height":1080,"url":"https:\/\/mlsrfcxkkbzg.i.optimole.com\/cb:JbP2.215d7\/w:auto\/h:auto\/q:mauto\/ig:avif\/http:\/\/52.77.24.187\/wp-content\/uploads\/2025\/01\/Toucan-Golden-Pilsner.png","type":"image\/png"}],"twitter_card":"summary_large_image","twitter_misc":{"Est. reading time":"1 minute"},"schema":{"@context":"https:\/\/schema.org","@graph":[{"@type":"WebPage","@id":"http:\/\/52.77.24.187\/vi\/san-pham\/toucan-golden-pilsner\/","url":"http:\/\/52.77.24.187\/vi\/san-pham\/toucan-golden-pilsner\/","name":"Toucan Golden Pilsner - The Bottle Shop","isPartOf":{"@id":"http:\/\/52.77.24.187\/#website"},"primaryImageOfPage":{"@id":"http:\/\/52.77.24.187\/vi\/san-pham\/toucan-golden-pilsner\/#primaryimage"},"image":{"@id":"http:\/\/52.77.24.187\/vi\/san-pham\/toucan-golden-pilsner\/#primaryimage"},"thumbnailUrl":"https:\/\/mlsrfcxkkbzg.i.optimole.com\/cb:JbP2.215d7\/w:auto\/h:auto\/q:mauto\/ig:avif\/https:\/\/thebottleshop.vn\/wp-content\/uploads\/2025\/10\/Toucan-Golden-Pilsner-Can.png","datePublished":"2025-01-28T08:25:33+00:00","dateModified":"2025-01-28T09:08:27+00:00","description":"Toucan Golden Pilsner v\u1edbi h\u01b0\u01a1ng th\u01a1m t\u1eeb malt v\u00e0 hoa bia nhi\u1ec7t \u0111\u1edbi, m\u00e0u v\u00e0ng \u00f3ng \u00e1nh, v\u1ecb s\u1ea3ng kho\u00e1i, \u0111\u1eafng nh\u1eb9 v\u00e0 ng\u1ecdt nh\u1eb9. Bia \u0111\u1ed9c quy\u1ec1n cho ng\u01b0\u1eddi Vi\u1ec7t.","breadcrumb":{"@id":"http:\/\/52.77.24.187\/vi\/san-pham\/toucan-golden-pilsner\/#breadcrumb"},"inLanguage":"vi-VN","potentialAction":[{"@type":"ReadAction","target":["http:\/\/52.77.24.187\/vi\/san-pham\/toucan-golden-pilsner\/"]}]},{"@type":"ImageObject","inLanguage":"vi-VN","@id":"http:\/\/52.77.24.187\/vi\/san-pham\/toucan-golden-pilsner\/#primaryimage","url":"https:\/\/mlsrfcxkkbzg.i.optimole.com\/cb:JbP2.215d7\/w:auto\/h:auto\/q:mauto\/ig:avif\/https:\/\/thebottleshop.vn\/wp-content\/uploads\/2025\/10\/Toucan-Golden-Pilsner-Can.png","contentUrl":"https:\/\/mlsrfcxkkbzg.i.optimole.com\/cb:JbP2.215d7\/w:auto\/h:auto\/q:mauto\/ig:avif\/https:\/\/thebottleshop.vn\/wp-content\/uploads\/2025\/10\/Toucan-Golden-Pilsner-Can.png","width":1080,"height":1080,"caption":"Toucan Golden Pilsner Can"},{"@type":"BreadcrumbList","@id":"http:\/\/52.77.24.187\/vi\/san-pham\/toucan-golden-pilsner\/#breadcrumb","itemListElement":[{"@type":"ListItem","position":1,"name":"Home","item":"http:\/\/52.77.24.187\/vi\/test-popup-vi\/"},{"@type":"ListItem","position":2,"name":"C\u1eeda h\u00e0ng","item":"http:\/\/52.77.24.187\/vi\/cua-hang\/"},{"@type":"ListItem","position":3,"name":"Toucan Golden Pilsner"}]},{"@type":"WebSite","@id":"http:\/\/52.77.24.187\/#website","url":"http:\/\/52.77.24.187\/","name":"The Bottle Shop","description":"All beers are not created equal","publisher":{"@id":"http:\/\/52.77.24.187\/#organization"},"potentialAction":[{"@type":"SearchAction","target":{"@type":"EntryPoint","urlTemplate":"http:\/\/52.77.24.187\/?s={search_term_string}"},"query-input":{"@type":"PropertyValueSpecification","valueRequired":true,"valueName":"search_term_string"}}],"inLanguage":"vi-VN"},{"@type":"Organization","@id":"http:\/\/52.77.24.187\/#organization","name":"The Bottle Shop","url":"http:\/\/52.77.24.187\/","logo":{"@type":"ImageObject","inLanguage":"vi-VN","@id":"http:\/\/52.77.24.187\/#\/schema\/logo\/image\/","url":"https:\/\/mlsrfcxkkbzg.i.optimole.com\/cb:JbP2.215d7\/w:auto\/h:auto\/q:mauto\/ig:avif\/https:\/\/thebottleshop.vn\/wp-content\/uploads\/2022\/10\/The-Bottle-Shop-Online-Logo.png","contentUrl":"https:\/\/mlsrfcxkkbzg.i.optimole.com\/cb:JbP2.215d7\/w:auto\/h:auto\/q:mauto\/ig:avif\/https:\/\/thebottleshop.vn\/wp-content\/uploads\/2022\/10\/The-Bottle-Shop-Online-Logo.png","width":145,"height":147,"caption":"The Bottle Shop"},"image":{"@id":"http:\/\/52.77.24.187\/#\/schema\/logo\/image\/"},"sameAs":["https:\/\/www.facebook.com\/thebottleshopvietnam","https:\/\/www.instagram.com\/thebottleshop_vietnam\/"]}]}},"_links":{"self":[{"href":"https:\/\/thebottleshop.vn\/vi\/wp-json\/wp\/v2\/product\/21114","targetHints":{"allow":["GET"]}}],"collection":[{"href":"https:\/\/thebottleshop.vn\/vi\/wp-json\/wp\/v2\/product"}],"about":[{"href":"https:\/\/thebottleshop.vn\/vi\/wp-json\/wp\/v2\/types\/product"}],"replies":[{"embeddable":true,"href":"https:\/\/thebottleshop.vn\/vi\/wp-json\/wp\/v2\/comments?post=21114"}],"wp:featuredmedia":[{"embeddable":true,"href":"https:\/\/thebottleshop.vn\/vi\/wp-json\/wp\/v2\/media\/22199"}],"wp:attachment":[{"href":"https:\/\/thebottleshop.vn\/vi\/wp-json\/wp\/v2\/media?parent=21114"}],"wp:term":[{"taxonomy":"product_brand","embeddable":true,"href":"https:\/\/thebottleshop.vn\/vi\/wp-json\/wp\/v2\/product_brand?post=21114"},{"taxonomy":"product_cat","embeddable":true,"href":"https:\/\/thebottleshop.vn\/vi\/wp-json\/wp\/v2\/product_cat?post=21114"},{"taxonomy":"product_tag","embeddable":true,"href":"https:\/\/thebottleshop.vn\/vi\/wp-json\/wp\/v2\/product_tag?post=21114"}],"curies":[{"name":"wp","href":"https:\/\/api.w.org\/{rel}","templated":true}]}}