{"id":21115,"date":"2025-01-28T15:29:15","date_gmt":"2025-01-28T08:29:15","guid":{"rendered":"https:\/\/thebottleshop.vn\/product\/toucan-viet-nam-pale-ale\/"},"modified":"2025-01-28T16:09:57","modified_gmt":"2025-01-28T09:09:57","slug":"toucan-viet-nam-pale-ale","status":"publish","type":"product","link":"https:\/\/thebottleshop.vn\/vi\/san-pham\/toucan-viet-nam-pale-ale\/","title":{"rendered":"Toucan Vi\u1ec7t Nam Pale Ale"},"content":{"rendered":"<p>Toucan Vi\u1ec7t Nam Pale Ale. S\u1ef1 h\u00f2a quy\u1ec7n t\u1eeb 5 lo\u1ea1i hoa bia v\u00e0 h\u01b0\u01a1ng th\u1ea3o m\u1ed9c thoang tho\u1ea3ng, m\u00e0u v\u00e0ng cam \u0111\u1eb7c tr\u01b0ng, v\u1ecb \u0111\u1eafng nh\u1eb9, s\u1ea3ng kho\u00e1i. Tr\u1ea3i nghi\u1ec7m h\u01b0\u01a1ng v\u1ecb \u0111\u1ed9c \u0111\u00e1o t\u1eeb ngu\u1ed3n nguy\u00ean li\u1ec7u Vi\u1ec7t Nam.<\/p>\n<p>\u2014\u2013<br \/>\nXem th\u01b0 vi\u1ec7n h\u00ecnh \u1ea3nh \u0111\u1ec3 bi\u1ebft th\u00eam th\u00f4ng tin chi ti\u1ebft v\u1ec1 ngu\u1ed3n g\u1ed1c, th\u00e0nh ph\u1ea7n v\u00e0 h\u01b0\u1edbng d\u1eabn s\u1eed d\u1ee5ng c\u1ee7a s\u1ea3n ph\u1ea9m.<\/p>\n","protected":false},"excerpt":{"rendered":"<p><strong>Nhi\u1ec7t \u0111\u1edbi, Hoppy 5.4%<\/strong><\/p>\n","protected":false},"featured_media":22207,"comment_status":"open","ping_status":"closed","template":"","meta":{"_acf_changed":false},"product_brand":[],"product_cat":[340,379,347,337,354,351,366,345,377,339,341,352,358,344,690],"product_tag":[],"class_list":{"0":"post-21115","1":"product","2":"type-product","3":"status-publish","4":"has-post-thumbnail","6":"product_cat-vietnam-hcmc","7":"product_cat-20-39","8":"product_cat-4-5-9","9":"product_cat-bia-va-cider","10":"product_cat-75k-99k","11":"product_cat-dong-bia","12":"product_cat-nha-san-xuat","13":"product_cat-abv-vi","14":"product_cat-ibu","15":"product_cat-xuat-xu","16":"product_cat-dong-goi","17":"product_cat-gia","18":"product_cat-pale-ale","19":"product_cat-lon-330-ml","20":"product_cat-toucan-vi","22":"first","23":"outofstock","24":"shipping-taxable","25":"purchasable","26":"product-type-simple","27":"add-to-wishlist-before_image"},"acf":[],"yoast_head":"<!-- This site is optimized with the Yoast SEO plugin v27.2 - https:\/\/yoast.com\/product\/yoast-seo-wordpress\/ -->\n<title>Toucan Vi\u1ec7t Nam Pale Ale - The Bottle Shop<\/title>\n<meta name=\"description\" content=\"Toucan Vi\u1ec7t Nam Pale Ale. S\u1ef1 h\u00f2a quy\u1ec7n t\u1eeb 5 lo\u1ea1i hoa bia v\u00e0 h\u01b0\u01a1ng th\u1ea3o m\u1ed9c thoang tho\u1ea3ng, m\u00e0u v\u00e0ng cam \u0111\u1eb7c tr\u01b0ng, v\u1ecb \u0111\u1eafng nh\u1eb9, s\u1ea3ng kho\u00e1i.\" \/>\n<meta name=\"robots\" content=\"index, follow, max-snippet:-1, max-image-preview:large, max-video-preview:-1\" \/>\n<link rel=\"canonical\" href=\"http:\/\/52.77.24.187\/vi\/san-pham\/toucan-viet-nam-pale-ale\/\" \/>\n<meta property=\"og:locale\" content=\"vi_VN\" \/>\n<meta property=\"og:type\" content=\"article\" \/>\n<meta property=\"og:title\" content=\"Toucan Vi\u1ec7t Nam Pale Ale - The Bottle Shop\" \/>\n<meta property=\"og:description\" content=\"Toucan Vi\u1ec7t Nam Pale Ale. S\u1ef1 h\u00f2a quy\u1ec7n t\u1eeb 5 lo\u1ea1i hoa bia v\u00e0 h\u01b0\u01a1ng th\u1ea3o m\u1ed9c thoang tho\u1ea3ng, m\u00e0u v\u00e0ng cam \u0111\u1eb7c tr\u01b0ng, v\u1ecb \u0111\u1eafng nh\u1eb9, s\u1ea3ng kho\u00e1i.\" \/>\n<meta property=\"og:url\" content=\"http:\/\/52.77.24.187\/vi\/san-pham\/toucan-viet-nam-pale-ale\/\" \/>\n<meta property=\"og:site_name\" content=\"The Bottle Shop\" \/>\n<meta property=\"article:publisher\" content=\"https:\/\/www.facebook.com\/thebottleshopvietnam\" \/>\n<meta property=\"article:modified_time\" content=\"2025-01-28T09:09:57+00:00\" \/>\n<meta property=\"og:image\" content=\"https:\/\/mlsrfcxkkbzg.i.optimole.com\/cb:JbP2.215d7\/w:auto\/h:auto\/q:mauto\/ig:avif\/http:\/\/52.77.24.187\/wp-content\/uploads\/2025\/01\/Toucan-Pale-Ale.png\" \/>\n\t<meta property=\"og:image:width\" content=\"1080\" \/>\n\t<meta property=\"og:image:height\" content=\"1080\" \/>\n\t<meta property=\"og:image:type\" content=\"image\/png\" \/>\n<meta name=\"twitter:card\" content=\"summary_large_image\" \/>\n<meta name=\"twitter:label1\" content=\"Est. reading time\" \/>\n\t<meta name=\"twitter:data1\" content=\"1 minute\" \/>\n<script type=\"application\/ld+json\" class=\"yoast-schema-graph\">{\"@context\":\"https:\/\/schema.org\",\"@graph\":[{\"@type\":\"WebPage\",\"@id\":\"http:\/\/52.77.24.187\/vi\/san-pham\/toucan-viet-nam-pale-ale\/\",\"url\":\"http:\/\/52.77.24.187\/vi\/san-pham\/toucan-viet-nam-pale-ale\/\",\"name\":\"Toucan Vi\u1ec7t Nam Pale Ale - The Bottle Shop\",\"isPartOf\":{\"@id\":\"http:\/\/52.77.24.187\/#website\"},\"primaryImageOfPage\":{\"@id\":\"http:\/\/52.77.24.187\/vi\/san-pham\/toucan-viet-nam-pale-ale\/#primaryimage\"},\"image\":{\"@id\":\"http:\/\/52.77.24.187\/vi\/san-pham\/toucan-viet-nam-pale-ale\/#primaryimage\"},\"thumbnailUrl\":\"https:\/\/mlsrfcxkkbzg.i.optimole.com\/cb:JbP2.215d7\/w:auto\/h:auto\/q:mauto\/ig:avif\/https:\/\/thebottleshop.vn\/wp-content\/uploads\/2025\/10\/Toucan-Viet-Nam-Pale-Ale-Can.png\",\"datePublished\":\"2025-01-28T08:29:15+00:00\",\"dateModified\":\"2025-01-28T09:09:57+00:00\",\"description\":\"Toucan Vi\u1ec7t Nam Pale Ale. S\u1ef1 h\u00f2a quy\u1ec7n t\u1eeb 5 lo\u1ea1i hoa bia v\u00e0 h\u01b0\u01a1ng th\u1ea3o m\u1ed9c thoang tho\u1ea3ng, m\u00e0u v\u00e0ng cam \u0111\u1eb7c tr\u01b0ng, v\u1ecb \u0111\u1eafng nh\u1eb9, s\u1ea3ng kho\u00e1i.\",\"breadcrumb\":{\"@id\":\"http:\/\/52.77.24.187\/vi\/san-pham\/toucan-viet-nam-pale-ale\/#breadcrumb\"},\"inLanguage\":\"vi-VN\",\"potentialAction\":[{\"@type\":\"ReadAction\",\"target\":[\"http:\/\/52.77.24.187\/vi\/san-pham\/toucan-viet-nam-pale-ale\/\"]}]},{\"@type\":\"ImageObject\",\"inLanguage\":\"vi-VN\",\"@id\":\"http:\/\/52.77.24.187\/vi\/san-pham\/toucan-viet-nam-pale-ale\/#primaryimage\",\"url\":\"https:\/\/mlsrfcxkkbzg.i.optimole.com\/cb:JbP2.215d7\/w:auto\/h:auto\/q:mauto\/ig:avif\/https:\/\/thebottleshop.vn\/wp-content\/uploads\/2025\/10\/Toucan-Viet-Nam-Pale-Ale-Can.png\",\"contentUrl\":\"https:\/\/mlsrfcxkkbzg.i.optimole.com\/cb:JbP2.215d7\/w:auto\/h:auto\/q:mauto\/ig:avif\/https:\/\/thebottleshop.vn\/wp-content\/uploads\/2025\/10\/Toucan-Viet-Nam-Pale-Ale-Can.png\",\"width\":1080,\"height\":1080,\"caption\":\"Toucan Vi\u1ec7t Nam Pale Ale Can\"},{\"@type\":\"BreadcrumbList\",\"@id\":\"http:\/\/52.77.24.187\/vi\/san-pham\/toucan-viet-nam-pale-ale\/#breadcrumb\",\"itemListElement\":[{\"@type\":\"ListItem\",\"position\":1,\"name\":\"Home\",\"item\":\"http:\/\/52.77.24.187\/vi\/test-popup-vi\/\"},{\"@type\":\"ListItem\",\"position\":2,\"name\":\"C\u1eeda h\u00e0ng\",\"item\":\"http:\/\/52.77.24.187\/vi\/cua-hang\/\"},{\"@type\":\"ListItem\",\"position\":3,\"name\":\"Toucan Vi\u1ec7t Nam Pale Ale\"}]},{\"@type\":\"WebSite\",\"@id\":\"http:\/\/52.77.24.187\/#website\",\"url\":\"http:\/\/52.77.24.187\/\",\"name\":\"The Bottle Shop\",\"description\":\"All beers are not created equal\",\"publisher\":{\"@id\":\"http:\/\/52.77.24.187\/#organization\"},\"potentialAction\":[{\"@type\":\"SearchAction\",\"target\":{\"@type\":\"EntryPoint\",\"urlTemplate\":\"http:\/\/52.77.24.187\/?s={search_term_string}\"},\"query-input\":{\"@type\":\"PropertyValueSpecification\",\"valueRequired\":true,\"valueName\":\"search_term_string\"}}],\"inLanguage\":\"vi-VN\"},{\"@type\":\"Organization\",\"@id\":\"http:\/\/52.77.24.187\/#organization\",\"name\":\"The Bottle Shop\",\"url\":\"http:\/\/52.77.24.187\/\",\"logo\":{\"@type\":\"ImageObject\",\"inLanguage\":\"vi-VN\",\"@id\":\"http:\/\/52.77.24.187\/#\/schema\/logo\/image\/\",\"url\":\"https:\/\/mlsrfcxkkbzg.i.optimole.com\/cb:JbP2.215d7\/w:auto\/h:auto\/q:mauto\/ig:avif\/https:\/\/thebottleshop.vn\/wp-content\/uploads\/2022\/10\/The-Bottle-Shop-Online-Logo.png\",\"contentUrl\":\"https:\/\/mlsrfcxkkbzg.i.optimole.com\/cb:JbP2.215d7\/w:auto\/h:auto\/q:mauto\/ig:avif\/https:\/\/thebottleshop.vn\/wp-content\/uploads\/2022\/10\/The-Bottle-Shop-Online-Logo.png\",\"width\":145,\"height\":147,\"caption\":\"The Bottle Shop\"},\"image\":{\"@id\":\"http:\/\/52.77.24.187\/#\/schema\/logo\/image\/\"},\"sameAs\":[\"https:\/\/www.facebook.com\/thebottleshopvietnam\",\"https:\/\/www.instagram.com\/thebottleshop_vietnam\/\"]}]}<\/script>\n<!-- \/ Yoast SEO plugin. -->","yoast_head_json":{"title":"Toucan Vi\u1ec7t Nam Pale Ale - The Bottle Shop","description":"Toucan Vi\u1ec7t Nam Pale Ale. S\u1ef1 h\u00f2a quy\u1ec7n t\u1eeb 5 lo\u1ea1i hoa bia v\u00e0 h\u01b0\u01a1ng th\u1ea3o m\u1ed9c thoang tho\u1ea3ng, m\u00e0u v\u00e0ng cam \u0111\u1eb7c tr\u01b0ng, v\u1ecb \u0111\u1eafng nh\u1eb9, s\u1ea3ng kho\u00e1i.","robots":{"index":"index","follow":"follow","max-snippet":"max-snippet:-1","max-image-preview":"max-image-preview:large","max-video-preview":"max-video-preview:-1"},"canonical":"http:\/\/52.77.24.187\/vi\/san-pham\/toucan-viet-nam-pale-ale\/","og_locale":"vi_VN","og_type":"article","og_title":"Toucan Vi\u1ec7t Nam Pale Ale - The Bottle Shop","og_description":"Toucan Vi\u1ec7t Nam Pale Ale. S\u1ef1 h\u00f2a quy\u1ec7n t\u1eeb 5 lo\u1ea1i hoa bia v\u00e0 h\u01b0\u01a1ng th\u1ea3o m\u1ed9c thoang tho\u1ea3ng, m\u00e0u v\u00e0ng cam \u0111\u1eb7c tr\u01b0ng, v\u1ecb \u0111\u1eafng nh\u1eb9, s\u1ea3ng kho\u00e1i.","og_url":"http:\/\/52.77.24.187\/vi\/san-pham\/toucan-viet-nam-pale-ale\/","og_site_name":"The Bottle Shop","article_publisher":"https:\/\/www.facebook.com\/thebottleshopvietnam","article_modified_time":"2025-01-28T09:09:57+00:00","og_image":[{"width":1080,"height":1080,"url":"https:\/\/mlsrfcxkkbzg.i.optimole.com\/cb:JbP2.215d7\/w:auto\/h:auto\/q:mauto\/ig:avif\/http:\/\/52.77.24.187\/wp-content\/uploads\/2025\/01\/Toucan-Pale-Ale.png","type":"image\/png"}],"twitter_card":"summary_large_image","twitter_misc":{"Est. reading time":"1 minute"},"schema":{"@context":"https:\/\/schema.org","@graph":[{"@type":"WebPage","@id":"http:\/\/52.77.24.187\/vi\/san-pham\/toucan-viet-nam-pale-ale\/","url":"http:\/\/52.77.24.187\/vi\/san-pham\/toucan-viet-nam-pale-ale\/","name":"Toucan Vi\u1ec7t Nam Pale Ale - The Bottle Shop","isPartOf":{"@id":"http:\/\/52.77.24.187\/#website"},"primaryImageOfPage":{"@id":"http:\/\/52.77.24.187\/vi\/san-pham\/toucan-viet-nam-pale-ale\/#primaryimage"},"image":{"@id":"http:\/\/52.77.24.187\/vi\/san-pham\/toucan-viet-nam-pale-ale\/#primaryimage"},"thumbnailUrl":"https:\/\/mlsrfcxkkbzg.i.optimole.com\/cb:JbP2.215d7\/w:auto\/h:auto\/q:mauto\/ig:avif\/https:\/\/thebottleshop.vn\/wp-content\/uploads\/2025\/10\/Toucan-Viet-Nam-Pale-Ale-Can.png","datePublished":"2025-01-28T08:29:15+00:00","dateModified":"2025-01-28T09:09:57+00:00","description":"Toucan Vi\u1ec7t Nam Pale Ale. S\u1ef1 h\u00f2a quy\u1ec7n t\u1eeb 5 lo\u1ea1i hoa bia v\u00e0 h\u01b0\u01a1ng th\u1ea3o m\u1ed9c thoang tho\u1ea3ng, m\u00e0u v\u00e0ng cam \u0111\u1eb7c tr\u01b0ng, v\u1ecb \u0111\u1eafng nh\u1eb9, s\u1ea3ng kho\u00e1i.","breadcrumb":{"@id":"http:\/\/52.77.24.187\/vi\/san-pham\/toucan-viet-nam-pale-ale\/#breadcrumb"},"inLanguage":"vi-VN","potentialAction":[{"@type":"ReadAction","target":["http:\/\/52.77.24.187\/vi\/san-pham\/toucan-viet-nam-pale-ale\/"]}]},{"@type":"ImageObject","inLanguage":"vi-VN","@id":"http:\/\/52.77.24.187\/vi\/san-pham\/toucan-viet-nam-pale-ale\/#primaryimage","url":"https:\/\/mlsrfcxkkbzg.i.optimole.com\/cb:JbP2.215d7\/w:auto\/h:auto\/q:mauto\/ig:avif\/https:\/\/thebottleshop.vn\/wp-content\/uploads\/2025\/10\/Toucan-Viet-Nam-Pale-Ale-Can.png","contentUrl":"https:\/\/mlsrfcxkkbzg.i.optimole.com\/cb:JbP2.215d7\/w:auto\/h:auto\/q:mauto\/ig:avif\/https:\/\/thebottleshop.vn\/wp-content\/uploads\/2025\/10\/Toucan-Viet-Nam-Pale-Ale-Can.png","width":1080,"height":1080,"caption":"Toucan Vi\u1ec7t Nam Pale Ale Can"},{"@type":"BreadcrumbList","@id":"http:\/\/52.77.24.187\/vi\/san-pham\/toucan-viet-nam-pale-ale\/#breadcrumb","itemListElement":[{"@type":"ListItem","position":1,"name":"Home","item":"http:\/\/52.77.24.187\/vi\/test-popup-vi\/"},{"@type":"ListItem","position":2,"name":"C\u1eeda h\u00e0ng","item":"http:\/\/52.77.24.187\/vi\/cua-hang\/"},{"@type":"ListItem","position":3,"name":"Toucan Vi\u1ec7t Nam Pale Ale"}]},{"@type":"WebSite","@id":"http:\/\/52.77.24.187\/#website","url":"http:\/\/52.77.24.187\/","name":"The Bottle Shop","description":"All beers are not created equal","publisher":{"@id":"http:\/\/52.77.24.187\/#organization"},"potentialAction":[{"@type":"SearchAction","target":{"@type":"EntryPoint","urlTemplate":"http:\/\/52.77.24.187\/?s={search_term_string}"},"query-input":{"@type":"PropertyValueSpecification","valueRequired":true,"valueName":"search_term_string"}}],"inLanguage":"vi-VN"},{"@type":"Organization","@id":"http:\/\/52.77.24.187\/#organization","name":"The Bottle Shop","url":"http:\/\/52.77.24.187\/","logo":{"@type":"ImageObject","inLanguage":"vi-VN","@id":"http:\/\/52.77.24.187\/#\/schema\/logo\/image\/","url":"https:\/\/mlsrfcxkkbzg.i.optimole.com\/cb:JbP2.215d7\/w:auto\/h:auto\/q:mauto\/ig:avif\/https:\/\/thebottleshop.vn\/wp-content\/uploads\/2022\/10\/The-Bottle-Shop-Online-Logo.png","contentUrl":"https:\/\/mlsrfcxkkbzg.i.optimole.com\/cb:JbP2.215d7\/w:auto\/h:auto\/q:mauto\/ig:avif\/https:\/\/thebottleshop.vn\/wp-content\/uploads\/2022\/10\/The-Bottle-Shop-Online-Logo.png","width":145,"height":147,"caption":"The Bottle Shop"},"image":{"@id":"http:\/\/52.77.24.187\/#\/schema\/logo\/image\/"},"sameAs":["https:\/\/www.facebook.com\/thebottleshopvietnam","https:\/\/www.instagram.com\/thebottleshop_vietnam\/"]}]}},"_links":{"self":[{"href":"https:\/\/thebottleshop.vn\/vi\/wp-json\/wp\/v2\/product\/21115","targetHints":{"allow":["GET"]}}],"collection":[{"href":"https:\/\/thebottleshop.vn\/vi\/wp-json\/wp\/v2\/product"}],"about":[{"href":"https:\/\/thebottleshop.vn\/vi\/wp-json\/wp\/v2\/types\/product"}],"replies":[{"embeddable":true,"href":"https:\/\/thebottleshop.vn\/vi\/wp-json\/wp\/v2\/comments?post=21115"}],"wp:featuredmedia":[{"embeddable":true,"href":"https:\/\/thebottleshop.vn\/vi\/wp-json\/wp\/v2\/media\/22207"}],"wp:attachment":[{"href":"https:\/\/thebottleshop.vn\/vi\/wp-json\/wp\/v2\/media?parent=21115"}],"wp:term":[{"taxonomy":"product_brand","embeddable":true,"href":"https:\/\/thebottleshop.vn\/vi\/wp-json\/wp\/v2\/product_brand?post=21115"},{"taxonomy":"product_cat","embeddable":true,"href":"https:\/\/thebottleshop.vn\/vi\/wp-json\/wp\/v2\/product_cat?post=21115"},{"taxonomy":"product_tag","embeddable":true,"href":"https:\/\/thebottleshop.vn\/vi\/wp-json\/wp\/v2\/product_tag?post=21115"}],"curies":[{"name":"wp","href":"https:\/\/api.w.org\/{rel}","templated":true}]}}