{"id":21117,"date":"2025-01-15T18:09:56","date_gmt":"2025-01-28T09:24:01","guid":{"rendered":"https:\/\/thebottleshop.vn\/product\/heart-of-darkness-coast-tribe-coconut-mango-cream-ale\/"},"modified":"2025-03-03T18:32:48","modified_gmt":"2025-03-03T11:32:48","slug":"heart-of-darkness-coast-tribe-coconut-mango-cream-ale","status":"publish","type":"product","link":"https:\/\/thebottleshop.vn\/vi\/san-pham\/heart-of-darkness-coast-tribe-coconut-mango-cream-ale\/","title":{"rendered":"Heart of Darkness Coast Tribe Coconut &amp; Mango Cream Ale"},"content":{"rendered":"<p>Heart of Darkness Coast Tribe Coconut &amp; Mango Cream Ale. C\u1ea3m nh\u1eadn h\u01a1i gi\u00f3 m\u00e1t r\u01b0\u1ee3i tr\u00ean m\u1eb7t v\u00e0 s\u00f3ng bi\u1ec3n l\u0103n t\u0103n d\u01b0\u1edbi ch\u00e2n v\u1edbi d\u00f2ng bia nhi\u1ec7t \u0111\u1edbi t\u01b0\u01a1i m\u1edbi n\u00e0y. N\u01b0\u1edbc bia s\u00e1nh \u00f3ng m\u00e0 v\u1eabn \u00eam d\u1ecbu v\u1edbi s\u1ef1 ho\u00e0 h\u1ee3p c\u1ee7a xo\u00e0i v\u00e0 d\u1eeba.  <\/p>\n<p>\u2014\u2013<br \/>\nXem th\u01b0 vi\u1ec7n h\u00ecnh \u1ea3nh \u0111\u1ec3 bi\u1ebft th\u00eam th\u00f4ng tin chi ti\u1ebft v\u1ec1 ngu\u1ed3n g\u1ed1c, th\u00e0nh ph\u1ea7n v\u00e0 h\u01b0\u1edbng d\u1eabn s\u1eed d\u1ee5ng c\u1ee7a s\u1ea3n ph\u1ea9m.<\/p>\n","protected":false},"excerpt":{"rendered":"<p><strong>Xo\u00e0i, D\u1eeba, Nhi\u1ec7t \u0111\u1edbi 5.2%<\/strong><\/p>\n","protected":false},"featured_media":21088,"comment_status":"open","ping_status":"closed","template":"","meta":{"_acf_changed":false},"product_brand":[],"product_cat":[378,337,340,347,354,351,366,402,345,377,339,341,352,344,369],"product_tag":[],"class_list":{"0":"post-21117","1":"product","2":"type-product","3":"status-publish","4":"has-post-thumbnail","6":"product_cat-00-19","7":"product_cat-bia-va-cider","8":"product_cat-vietnam-hcmc","9":"product_cat-4-5-9","10":"product_cat-75k-99k","11":"product_cat-dong-bia","12":"product_cat-nha-san-xuat","13":"product_cat-cream-ale","14":"product_cat-abv-vi","15":"product_cat-ibu","16":"product_cat-xuat-xu","17":"product_cat-dong-goi","18":"product_cat-gia","19":"product_cat-lon-330-ml","20":"product_cat-heart-of-darkness","22":"first","23":"outofstock","24":"shipping-taxable","25":"purchasable","26":"product-type-simple","27":"add-to-wishlist-before_image"},"acf":[],"yoast_head":"<!-- This site is optimized with the Yoast SEO plugin v27.2 - https:\/\/yoast.com\/product\/yoast-seo-wordpress\/ -->\n<title>Heart of Darkness Coast Tribe Coconut &amp; Mango Cream Ale - The Bottle Shop<\/title>\n<meta name=\"description\" content=\"Heart of Darkness Coast Tribe Coconut &amp; Mango Cream Ale. C\u1ea3m nh\u1eadn h\u01a1i gi\u00f3 m\u00e1t r\u01b0\u1ee3i tr\u00ean m\u1eb7t v\u00e0 s\u00f3ng bi\u1ec3n l\u0103n t\u0103n d\u01b0\u1edbi ch\u00e2n v\u1edbi d\u00f2ng bia nhi\u1ec7t \u0111\u1edbi t\u01b0\u01a1i m\u1edbi n\u00e0y.\" \/>\n<meta name=\"robots\" content=\"index, follow, max-snippet:-1, max-image-preview:large, max-video-preview:-1\" \/>\n<link rel=\"canonical\" href=\"http:\/\/52.77.24.187\/vi\/san-pham\/heart-of-darkness-coast-tribe-coconut-mango-cream-ale\/\" \/>\n<meta property=\"og:locale\" content=\"vi_VN\" \/>\n<meta property=\"og:type\" content=\"article\" \/>\n<meta property=\"og:title\" content=\"Heart of Darkness Coast Tribe Coconut &amp; Mango Cream Ale - The Bottle Shop\" \/>\n<meta property=\"og:description\" content=\"Heart of Darkness Coast Tribe Coconut &amp; Mango Cream Ale. C\u1ea3m nh\u1eadn h\u01a1i gi\u00f3 m\u00e1t r\u01b0\u1ee3i tr\u00ean m\u1eb7t v\u00e0 s\u00f3ng bi\u1ec3n l\u0103n t\u0103n d\u01b0\u1edbi ch\u00e2n v\u1edbi d\u00f2ng bia nhi\u1ec7t \u0111\u1edbi t\u01b0\u01a1i m\u1edbi n\u00e0y.\" \/>\n<meta property=\"og:url\" content=\"http:\/\/52.77.24.187\/vi\/san-pham\/heart-of-darkness-coast-tribe-coconut-mango-cream-ale\/\" \/>\n<meta property=\"og:site_name\" content=\"The Bottle Shop\" \/>\n<meta property=\"article:publisher\" content=\"https:\/\/www.facebook.com\/thebottleshopvietnam\" \/>\n<meta property=\"article:modified_time\" content=\"2025-03-03T11:32:48+00:00\" \/>\n<meta property=\"og:image\" content=\"https:\/\/mlsrfcxkkbzg.i.optimole.com\/cb:JbP2.215d7\/w:auto\/h:auto\/q:mauto\/ig:avif\/http:\/\/52.77.24.187\/wp-content\/uploads\/2025\/01\/Heart-of-Darkness-Coast-Tribe-Coconut-Mango-Cream-Ale.png\" \/>\n\t<meta property=\"og:image:width\" content=\"1080\" \/>\n\t<meta property=\"og:image:height\" content=\"1080\" \/>\n\t<meta property=\"og:image:type\" content=\"image\/png\" \/>\n<meta name=\"twitter:card\" content=\"summary_large_image\" \/>\n<meta name=\"twitter:label1\" content=\"Est. reading time\" \/>\n\t<meta name=\"twitter:data1\" content=\"1 minute\" \/>\n<script type=\"application\/ld+json\" class=\"yoast-schema-graph\">{\"@context\":\"https:\/\/schema.org\",\"@graph\":[{\"@type\":\"WebPage\",\"@id\":\"http:\/\/52.77.24.187\/vi\/san-pham\/heart-of-darkness-coast-tribe-coconut-mango-cream-ale\/\",\"url\":\"http:\/\/52.77.24.187\/vi\/san-pham\/heart-of-darkness-coast-tribe-coconut-mango-cream-ale\/\",\"name\":\"Heart of Darkness Coast Tribe Coconut &amp; Mango Cream Ale - The Bottle Shop\",\"isPartOf\":{\"@id\":\"http:\/\/52.77.24.187\/#website\"},\"primaryImageOfPage\":{\"@id\":\"http:\/\/52.77.24.187\/vi\/san-pham\/heart-of-darkness-coast-tribe-coconut-mango-cream-ale\/#primaryimage\"},\"image\":{\"@id\":\"http:\/\/52.77.24.187\/vi\/san-pham\/heart-of-darkness-coast-tribe-coconut-mango-cream-ale\/#primaryimage\"},\"thumbnailUrl\":\"https:\/\/mlsrfcxkkbzg.i.optimole.com\/cb:JbP2.215d7\/w:auto\/h:auto\/q:mauto\/ig:avif\/https:\/\/thebottleshop.vn\/wp-content\/uploads\/2025\/01\/Heart-of-Darkness-Coast-Tribe-Coconut-Mango-Cream-Ale.png\",\"datePublished\":\"2025-01-28T09:24:01+00:00\",\"dateModified\":\"2025-03-03T11:32:48+00:00\",\"description\":\"Heart of Darkness Coast Tribe Coconut & Mango Cream Ale. C\u1ea3m nh\u1eadn h\u01a1i gi\u00f3 m\u00e1t r\u01b0\u1ee3i tr\u00ean m\u1eb7t v\u00e0 s\u00f3ng bi\u1ec3n l\u0103n t\u0103n d\u01b0\u1edbi ch\u00e2n v\u1edbi d\u00f2ng bia nhi\u1ec7t \u0111\u1edbi t\u01b0\u01a1i m\u1edbi n\u00e0y.\",\"breadcrumb\":{\"@id\":\"http:\/\/52.77.24.187\/vi\/san-pham\/heart-of-darkness-coast-tribe-coconut-mango-cream-ale\/#breadcrumb\"},\"inLanguage\":\"vi-VN\",\"potentialAction\":[{\"@type\":\"ReadAction\",\"target\":[\"http:\/\/52.77.24.187\/vi\/san-pham\/heart-of-darkness-coast-tribe-coconut-mango-cream-ale\/\"]}]},{\"@type\":\"ImageObject\",\"inLanguage\":\"vi-VN\",\"@id\":\"http:\/\/52.77.24.187\/vi\/san-pham\/heart-of-darkness-coast-tribe-coconut-mango-cream-ale\/#primaryimage\",\"url\":\"https:\/\/mlsrfcxkkbzg.i.optimole.com\/cb:JbP2.215d7\/w:auto\/h:auto\/q:mauto\/ig:avif\/https:\/\/thebottleshop.vn\/wp-content\/uploads\/2025\/01\/Heart-of-Darkness-Coast-Tribe-Coconut-Mango-Cream-Ale.png\",\"contentUrl\":\"https:\/\/mlsrfcxkkbzg.i.optimole.com\/cb:JbP2.215d7\/w:auto\/h:auto\/q:mauto\/ig:avif\/https:\/\/thebottleshop.vn\/wp-content\/uploads\/2025\/01\/Heart-of-Darkness-Coast-Tribe-Coconut-Mango-Cream-Ale.png\",\"width\":1080,\"height\":1080,\"caption\":\"Heart of Darkness Coast Tribe Coconut & Mango Cream Ale\"},{\"@type\":\"BreadcrumbList\",\"@id\":\"http:\/\/52.77.24.187\/vi\/san-pham\/heart-of-darkness-coast-tribe-coconut-mango-cream-ale\/#breadcrumb\",\"itemListElement\":[{\"@type\":\"ListItem\",\"position\":1,\"name\":\"Home\",\"item\":\"http:\/\/52.77.24.187\/vi\/test-popup-vi\/\"},{\"@type\":\"ListItem\",\"position\":2,\"name\":\"C\u1eeda h\u00e0ng\",\"item\":\"http:\/\/52.77.24.187\/vi\/cua-hang\/\"},{\"@type\":\"ListItem\",\"position\":3,\"name\":\"Heart of Darkness Coast Tribe Coconut &amp; Mango Cream Ale\"}]},{\"@type\":\"WebSite\",\"@id\":\"http:\/\/52.77.24.187\/#website\",\"url\":\"http:\/\/52.77.24.187\/\",\"name\":\"The Bottle Shop\",\"description\":\"All beers are not created equal\",\"publisher\":{\"@id\":\"http:\/\/52.77.24.187\/#organization\"},\"potentialAction\":[{\"@type\":\"SearchAction\",\"target\":{\"@type\":\"EntryPoint\",\"urlTemplate\":\"http:\/\/52.77.24.187\/?s={search_term_string}\"},\"query-input\":{\"@type\":\"PropertyValueSpecification\",\"valueRequired\":true,\"valueName\":\"search_term_string\"}}],\"inLanguage\":\"vi-VN\"},{\"@type\":\"Organization\",\"@id\":\"http:\/\/52.77.24.187\/#organization\",\"name\":\"The Bottle Shop\",\"url\":\"http:\/\/52.77.24.187\/\",\"logo\":{\"@type\":\"ImageObject\",\"inLanguage\":\"vi-VN\",\"@id\":\"http:\/\/52.77.24.187\/#\/schema\/logo\/image\/\",\"url\":\"https:\/\/mlsrfcxkkbzg.i.optimole.com\/cb:JbP2.215d7\/w:auto\/h:auto\/q:mauto\/ig:avif\/https:\/\/thebottleshop.vn\/wp-content\/uploads\/2022\/10\/The-Bottle-Shop-Online-Logo.png\",\"contentUrl\":\"https:\/\/mlsrfcxkkbzg.i.optimole.com\/cb:JbP2.215d7\/w:auto\/h:auto\/q:mauto\/ig:avif\/https:\/\/thebottleshop.vn\/wp-content\/uploads\/2022\/10\/The-Bottle-Shop-Online-Logo.png\",\"width\":145,\"height\":147,\"caption\":\"The Bottle Shop\"},\"image\":{\"@id\":\"http:\/\/52.77.24.187\/#\/schema\/logo\/image\/\"},\"sameAs\":[\"https:\/\/www.facebook.com\/thebottleshopvietnam\",\"https:\/\/www.instagram.com\/thebottleshop_vietnam\/\"]}]}<\/script>\n<!-- \/ Yoast SEO plugin. -->","yoast_head_json":{"title":"Heart of Darkness Coast Tribe Coconut &amp; Mango Cream Ale - The Bottle Shop","description":"Heart of Darkness Coast Tribe Coconut & Mango Cream Ale. C\u1ea3m nh\u1eadn h\u01a1i gi\u00f3 m\u00e1t r\u01b0\u1ee3i tr\u00ean m\u1eb7t v\u00e0 s\u00f3ng bi\u1ec3n l\u0103n t\u0103n d\u01b0\u1edbi ch\u00e2n v\u1edbi d\u00f2ng bia nhi\u1ec7t \u0111\u1edbi t\u01b0\u01a1i m\u1edbi n\u00e0y.","robots":{"index":"index","follow":"follow","max-snippet":"max-snippet:-1","max-image-preview":"max-image-preview:large","max-video-preview":"max-video-preview:-1"},"canonical":"http:\/\/52.77.24.187\/vi\/san-pham\/heart-of-darkness-coast-tribe-coconut-mango-cream-ale\/","og_locale":"vi_VN","og_type":"article","og_title":"Heart of Darkness Coast Tribe Coconut &amp; Mango Cream Ale - The Bottle Shop","og_description":"Heart of Darkness Coast Tribe Coconut & Mango Cream Ale. C\u1ea3m nh\u1eadn h\u01a1i gi\u00f3 m\u00e1t r\u01b0\u1ee3i tr\u00ean m\u1eb7t v\u00e0 s\u00f3ng bi\u1ec3n l\u0103n t\u0103n d\u01b0\u1edbi ch\u00e2n v\u1edbi d\u00f2ng bia nhi\u1ec7t \u0111\u1edbi t\u01b0\u01a1i m\u1edbi n\u00e0y.","og_url":"http:\/\/52.77.24.187\/vi\/san-pham\/heart-of-darkness-coast-tribe-coconut-mango-cream-ale\/","og_site_name":"The Bottle Shop","article_publisher":"https:\/\/www.facebook.com\/thebottleshopvietnam","article_modified_time":"2025-03-03T11:32:48+00:00","og_image":[{"width":1080,"height":1080,"url":"https:\/\/mlsrfcxkkbzg.i.optimole.com\/cb:JbP2.215d7\/w:auto\/h:auto\/q:mauto\/ig:avif\/http:\/\/52.77.24.187\/wp-content\/uploads\/2025\/01\/Heart-of-Darkness-Coast-Tribe-Coconut-Mango-Cream-Ale.png","type":"image\/png"}],"twitter_card":"summary_large_image","twitter_misc":{"Est. reading time":"1 minute"},"schema":{"@context":"https:\/\/schema.org","@graph":[{"@type":"WebPage","@id":"http:\/\/52.77.24.187\/vi\/san-pham\/heart-of-darkness-coast-tribe-coconut-mango-cream-ale\/","url":"http:\/\/52.77.24.187\/vi\/san-pham\/heart-of-darkness-coast-tribe-coconut-mango-cream-ale\/","name":"Heart of Darkness Coast Tribe Coconut &amp; Mango Cream Ale - The Bottle Shop","isPartOf":{"@id":"http:\/\/52.77.24.187\/#website"},"primaryImageOfPage":{"@id":"http:\/\/52.77.24.187\/vi\/san-pham\/heart-of-darkness-coast-tribe-coconut-mango-cream-ale\/#primaryimage"},"image":{"@id":"http:\/\/52.77.24.187\/vi\/san-pham\/heart-of-darkness-coast-tribe-coconut-mango-cream-ale\/#primaryimage"},"thumbnailUrl":"https:\/\/mlsrfcxkkbzg.i.optimole.com\/cb:JbP2.215d7\/w:auto\/h:auto\/q:mauto\/ig:avif\/https:\/\/thebottleshop.vn\/wp-content\/uploads\/2025\/01\/Heart-of-Darkness-Coast-Tribe-Coconut-Mango-Cream-Ale.png","datePublished":"2025-01-28T09:24:01+00:00","dateModified":"2025-03-03T11:32:48+00:00","description":"Heart of Darkness Coast Tribe Coconut & Mango Cream Ale. C\u1ea3m nh\u1eadn h\u01a1i gi\u00f3 m\u00e1t r\u01b0\u1ee3i tr\u00ean m\u1eb7t v\u00e0 s\u00f3ng bi\u1ec3n l\u0103n t\u0103n d\u01b0\u1edbi ch\u00e2n v\u1edbi d\u00f2ng bia nhi\u1ec7t \u0111\u1edbi t\u01b0\u01a1i m\u1edbi n\u00e0y.","breadcrumb":{"@id":"http:\/\/52.77.24.187\/vi\/san-pham\/heart-of-darkness-coast-tribe-coconut-mango-cream-ale\/#breadcrumb"},"inLanguage":"vi-VN","potentialAction":[{"@type":"ReadAction","target":["http:\/\/52.77.24.187\/vi\/san-pham\/heart-of-darkness-coast-tribe-coconut-mango-cream-ale\/"]}]},{"@type":"ImageObject","inLanguage":"vi-VN","@id":"http:\/\/52.77.24.187\/vi\/san-pham\/heart-of-darkness-coast-tribe-coconut-mango-cream-ale\/#primaryimage","url":"https:\/\/mlsrfcxkkbzg.i.optimole.com\/cb:JbP2.215d7\/w:auto\/h:auto\/q:mauto\/ig:avif\/https:\/\/thebottleshop.vn\/wp-content\/uploads\/2025\/01\/Heart-of-Darkness-Coast-Tribe-Coconut-Mango-Cream-Ale.png","contentUrl":"https:\/\/mlsrfcxkkbzg.i.optimole.com\/cb:JbP2.215d7\/w:auto\/h:auto\/q:mauto\/ig:avif\/https:\/\/thebottleshop.vn\/wp-content\/uploads\/2025\/01\/Heart-of-Darkness-Coast-Tribe-Coconut-Mango-Cream-Ale.png","width":1080,"height":1080,"caption":"Heart of Darkness Coast Tribe Coconut & Mango Cream Ale"},{"@type":"BreadcrumbList","@id":"http:\/\/52.77.24.187\/vi\/san-pham\/heart-of-darkness-coast-tribe-coconut-mango-cream-ale\/#breadcrumb","itemListElement":[{"@type":"ListItem","position":1,"name":"Home","item":"http:\/\/52.77.24.187\/vi\/test-popup-vi\/"},{"@type":"ListItem","position":2,"name":"C\u1eeda h\u00e0ng","item":"http:\/\/52.77.24.187\/vi\/cua-hang\/"},{"@type":"ListItem","position":3,"name":"Heart of Darkness Coast Tribe Coconut &amp; Mango Cream Ale"}]},{"@type":"WebSite","@id":"http:\/\/52.77.24.187\/#website","url":"http:\/\/52.77.24.187\/","name":"The Bottle Shop","description":"All beers are not created equal","publisher":{"@id":"http:\/\/52.77.24.187\/#organization"},"potentialAction":[{"@type":"SearchAction","target":{"@type":"EntryPoint","urlTemplate":"http:\/\/52.77.24.187\/?s={search_term_string}"},"query-input":{"@type":"PropertyValueSpecification","valueRequired":true,"valueName":"search_term_string"}}],"inLanguage":"vi-VN"},{"@type":"Organization","@id":"http:\/\/52.77.24.187\/#organization","name":"The Bottle Shop","url":"http:\/\/52.77.24.187\/","logo":{"@type":"ImageObject","inLanguage":"vi-VN","@id":"http:\/\/52.77.24.187\/#\/schema\/logo\/image\/","url":"https:\/\/mlsrfcxkkbzg.i.optimole.com\/cb:JbP2.215d7\/w:auto\/h:auto\/q:mauto\/ig:avif\/https:\/\/thebottleshop.vn\/wp-content\/uploads\/2022\/10\/The-Bottle-Shop-Online-Logo.png","contentUrl":"https:\/\/mlsrfcxkkbzg.i.optimole.com\/cb:JbP2.215d7\/w:auto\/h:auto\/q:mauto\/ig:avif\/https:\/\/thebottleshop.vn\/wp-content\/uploads\/2022\/10\/The-Bottle-Shop-Online-Logo.png","width":145,"height":147,"caption":"The Bottle Shop"},"image":{"@id":"http:\/\/52.77.24.187\/#\/schema\/logo\/image\/"},"sameAs":["https:\/\/www.facebook.com\/thebottleshopvietnam","https:\/\/www.instagram.com\/thebottleshop_vietnam\/"]}]}},"_links":{"self":[{"href":"https:\/\/thebottleshop.vn\/vi\/wp-json\/wp\/v2\/product\/21117","targetHints":{"allow":["GET"]}}],"collection":[{"href":"https:\/\/thebottleshop.vn\/vi\/wp-json\/wp\/v2\/product"}],"about":[{"href":"https:\/\/thebottleshop.vn\/vi\/wp-json\/wp\/v2\/types\/product"}],"replies":[{"embeddable":true,"href":"https:\/\/thebottleshop.vn\/vi\/wp-json\/wp\/v2\/comments?post=21117"}],"wp:featuredmedia":[{"embeddable":true,"href":"https:\/\/thebottleshop.vn\/vi\/wp-json\/wp\/v2\/media\/21088"}],"wp:attachment":[{"href":"https:\/\/thebottleshop.vn\/vi\/wp-json\/wp\/v2\/media?parent=21117"}],"wp:term":[{"taxonomy":"product_brand","embeddable":true,"href":"https:\/\/thebottleshop.vn\/vi\/wp-json\/wp\/v2\/product_brand?post=21117"},{"taxonomy":"product_cat","embeddable":true,"href":"https:\/\/thebottleshop.vn\/vi\/wp-json\/wp\/v2\/product_cat?post=21117"},{"taxonomy":"product_tag","embeddable":true,"href":"https:\/\/thebottleshop.vn\/vi\/wp-json\/wp\/v2\/product_tag?post=21117"}],"curies":[{"name":"wp","href":"https:\/\/api.w.org\/{rel}","templated":true}]}}