{"id":21276,"date":"2025-03-24T23:27:08","date_gmt":"2025-03-24T16:27:08","guid":{"rendered":"https:\/\/thebottleshop.vn\/product\/sampan-monsoon-white-rum\/"},"modified":"2025-03-24T23:32:27","modified_gmt":"2025-03-24T16:32:27","slug":"sampan-monsoon-white-rum","status":"publish","type":"product","link":"https:\/\/thebottleshop.vn\/vi\/san-pham\/sampan-monsoon-white-rum\/","title":{"rendered":"Sampan Monsoon White Rum"},"content":{"rendered":"<p>Sampan Monsoon White Rum \u0111\u01b0\u1ee3c l\u00e0m t\u1eeb m\u1eadt m\u00eda ch\u1ea5t l\u01b0\u1ee3ng cao c\u00f3 ngu\u1ed3n g\u1ed1c t\u1eeb c\u00e1c \u0111\u1ed3n \u0111i\u1ec1n \u0111\u01b0\u1ee3c l\u1ef1a ch\u1ecdn c\u1ea9n th\u1eadn. Lo\u1ea1i r\u01b0\u1ee3u rum n\u00e0y \u0111\u01b0\u1ee3c s\u1ea3n xu\u1ea5t v\u00e0o m\u00f9a gi\u00f3 m\u00f9a, th\u1eddi \u0111i\u1ec3m th\u1ea3m th\u1ef1c v\u1eadt t\u01b0\u01a1i t\u1ed1t nh\u1ea5t.<\/p>\n<p>\u2014\u2013<br \/>\nXem th\u01b0 vi\u1ec7n h\u00ecnh \u1ea3nh \u0111\u1ec3 bi\u1ebft th\u00eam th\u00f4ng tin chi ti\u1ebft v\u1ec1 ngu\u1ed3n g\u1ed1c, th\u00e0nh ph\u1ea7n v\u00e0 h\u01b0\u1edbng d\u1eabn s\u1eed d\u1ee5ng c\u1ee7a s\u1ea3n ph\u1ea9m.<\/p>\n","protected":false},"excerpt":{"rendered":"<p><strong>700ml :: 40%<\/strong><\/p>\n","protected":false},"featured_media":21263,"comment_status":"open","ping_status":"closed","template":"","meta":{"_acf_changed":false},"product_brand":[],"product_cat":[391,338,388,374,489,498,345,339,424,341,352,364,371],"product_tag":[],"class_list":{"0":"post-21276","1":"product","2":"type-product","3":"status-publish","4":"has-post-thumbnail","6":"product_cat-vietnam-danang","7":"product_cat-ruou-va-ruou-vang","8":"product_cat-25-vi","9":"product_cat-500k-749k","10":"product_cat-rhum","11":"product_cat-indochina-distillery","12":"product_cat-abv-vi","13":"product_cat-xuat-xu","14":"product_cat-chai-700-ml","15":"product_cat-dong-goi","16":"product_cat-gia","17":"product_cat-dong-ruou","18":"product_cat-nha-san-xuat-ruou","20":"first","21":"instock","22":"shipping-taxable","23":"purchasable","24":"product-type-simple","25":"add-to-wishlist-before_image"},"acf":[],"yoast_head":"<!-- This site is optimized with the Yoast SEO plugin v27.2 - https:\/\/yoast.com\/product\/yoast-seo-wordpress\/ -->\n<title>Sampan Monsoon White Rum - The Bottle Shop<\/title>\n<meta name=\"description\" content=\"Sampan Monsoon White Rum \u0111\u01b0\u1ee3c ch\u1ebf bi\u1ebfn t\u1eeb m\u1eadt m\u00eda ch\u1ea5t l\u01b0\u1ee3ng cao c\u00f3 ngu\u1ed3n g\u1ed1c t\u1eeb c\u00e1c \u0111\u1ed3n \u0111i\u1ec1n \u0111\u01b0\u1ee3c l\u1ef1a ch\u1ecdn c\u1ea9n th\u1eadn. 700ml. 40% ABV.\" \/>\n<meta name=\"robots\" content=\"index, follow, max-snippet:-1, max-image-preview:large, max-video-preview:-1\" \/>\n<link rel=\"canonical\" href=\"http:\/\/52.77.24.187\/vi\/san-pham\/sampan-monsoon-white-rum\/\" \/>\n<meta property=\"og:locale\" content=\"vi_VN\" \/>\n<meta property=\"og:type\" content=\"article\" \/>\n<meta property=\"og:title\" content=\"Sampan Monsoon White Rum - The Bottle Shop\" \/>\n<meta property=\"og:description\" content=\"Sampan Monsoon White Rum \u0111\u01b0\u1ee3c ch\u1ebf bi\u1ebfn t\u1eeb m\u1eadt m\u00eda ch\u1ea5t l\u01b0\u1ee3ng cao c\u00f3 ngu\u1ed3n g\u1ed1c t\u1eeb c\u00e1c \u0111\u1ed3n \u0111i\u1ec1n \u0111\u01b0\u1ee3c l\u1ef1a ch\u1ecdn c\u1ea9n th\u1eadn. 700ml. 40% ABV.\" \/>\n<meta property=\"og:url\" content=\"http:\/\/52.77.24.187\/vi\/san-pham\/sampan-monsoon-white-rum\/\" \/>\n<meta property=\"og:site_name\" content=\"The Bottle Shop\" \/>\n<meta property=\"article:publisher\" content=\"https:\/\/www.facebook.com\/thebottleshopvietnam\" \/>\n<meta property=\"article:modified_time\" content=\"2025-03-24T16:32:27+00:00\" \/>\n<meta property=\"og:image\" content=\"https:\/\/mlsrfcxkkbzg.i.optimole.com\/cb:JbP2.215d7\/w:auto\/h:auto\/q:mauto\/ig:avif\/http:\/\/52.77.24.187\/wp-content\/uploads\/2025\/03\/Sampan-Monsoon-White-Rum-bottle.png\" \/>\n\t<meta property=\"og:image:width\" content=\"1080\" \/>\n\t<meta property=\"og:image:height\" content=\"1080\" \/>\n\t<meta property=\"og:image:type\" content=\"image\/png\" \/>\n<meta name=\"twitter:card\" content=\"summary_large_image\" \/>\n<meta name=\"twitter:label1\" content=\"Est. reading time\" \/>\n\t<meta name=\"twitter:data1\" content=\"1 minute\" \/>\n<script type=\"application\/ld+json\" class=\"yoast-schema-graph\">{\"@context\":\"https:\/\/schema.org\",\"@graph\":[{\"@type\":\"WebPage\",\"@id\":\"http:\/\/52.77.24.187\/vi\/san-pham\/sampan-monsoon-white-rum\/\",\"url\":\"http:\/\/52.77.24.187\/vi\/san-pham\/sampan-monsoon-white-rum\/\",\"name\":\"Sampan Monsoon White Rum - The Bottle Shop\",\"isPartOf\":{\"@id\":\"http:\/\/52.77.24.187\/#website\"},\"primaryImageOfPage\":{\"@id\":\"http:\/\/52.77.24.187\/vi\/san-pham\/sampan-monsoon-white-rum\/#primaryimage\"},\"image\":{\"@id\":\"http:\/\/52.77.24.187\/vi\/san-pham\/sampan-monsoon-white-rum\/#primaryimage\"},\"thumbnailUrl\":\"https:\/\/mlsrfcxkkbzg.i.optimole.com\/cb:JbP2.215d7\/w:auto\/h:auto\/q:mauto\/ig:avif\/https:\/\/thebottleshop.vn\/wp-content\/uploads\/2025\/03\/Sampan-Monsoon-White-Rum-bottle.png\",\"datePublished\":\"2025-03-24T16:27:08+00:00\",\"dateModified\":\"2025-03-24T16:32:27+00:00\",\"description\":\"Sampan Monsoon White Rum \u0111\u01b0\u1ee3c ch\u1ebf bi\u1ebfn t\u1eeb m\u1eadt m\u00eda ch\u1ea5t l\u01b0\u1ee3ng cao c\u00f3 ngu\u1ed3n g\u1ed1c t\u1eeb c\u00e1c \u0111\u1ed3n \u0111i\u1ec1n \u0111\u01b0\u1ee3c l\u1ef1a ch\u1ecdn c\u1ea9n th\u1eadn. 700ml. 40% ABV.\",\"breadcrumb\":{\"@id\":\"http:\/\/52.77.24.187\/vi\/san-pham\/sampan-monsoon-white-rum\/#breadcrumb\"},\"inLanguage\":\"vi-VN\",\"potentialAction\":[{\"@type\":\"ReadAction\",\"target\":[\"http:\/\/52.77.24.187\/vi\/san-pham\/sampan-monsoon-white-rum\/\"]}]},{\"@type\":\"ImageObject\",\"inLanguage\":\"vi-VN\",\"@id\":\"http:\/\/52.77.24.187\/vi\/san-pham\/sampan-monsoon-white-rum\/#primaryimage\",\"url\":\"https:\/\/mlsrfcxkkbzg.i.optimole.com\/cb:JbP2.215d7\/w:auto\/h:auto\/q:mauto\/ig:avif\/https:\/\/thebottleshop.vn\/wp-content\/uploads\/2025\/03\/Sampan-Monsoon-White-Rum-bottle.png\",\"contentUrl\":\"https:\/\/mlsrfcxkkbzg.i.optimole.com\/cb:JbP2.215d7\/w:auto\/h:auto\/q:mauto\/ig:avif\/https:\/\/thebottleshop.vn\/wp-content\/uploads\/2025\/03\/Sampan-Monsoon-White-Rum-bottle.png\",\"width\":1080,\"height\":1080,\"caption\":\"Sampan Monsoon White Rum bottle\"},{\"@type\":\"BreadcrumbList\",\"@id\":\"http:\/\/52.77.24.187\/vi\/san-pham\/sampan-monsoon-white-rum\/#breadcrumb\",\"itemListElement\":[{\"@type\":\"ListItem\",\"position\":1,\"name\":\"Home\",\"item\":\"http:\/\/52.77.24.187\/vi\/test-popup-vi\/\"},{\"@type\":\"ListItem\",\"position\":2,\"name\":\"C\u1eeda h\u00e0ng\",\"item\":\"http:\/\/52.77.24.187\/vi\/cua-hang\/\"},{\"@type\":\"ListItem\",\"position\":3,\"name\":\"Sampan Monsoon White Rum\"}]},{\"@type\":\"WebSite\",\"@id\":\"http:\/\/52.77.24.187\/#website\",\"url\":\"http:\/\/52.77.24.187\/\",\"name\":\"The Bottle Shop\",\"description\":\"All beers are not created equal\",\"publisher\":{\"@id\":\"http:\/\/52.77.24.187\/#organization\"},\"potentialAction\":[{\"@type\":\"SearchAction\",\"target\":{\"@type\":\"EntryPoint\",\"urlTemplate\":\"http:\/\/52.77.24.187\/?s={search_term_string}\"},\"query-input\":{\"@type\":\"PropertyValueSpecification\",\"valueRequired\":true,\"valueName\":\"search_term_string\"}}],\"inLanguage\":\"vi-VN\"},{\"@type\":\"Organization\",\"@id\":\"http:\/\/52.77.24.187\/#organization\",\"name\":\"The Bottle Shop\",\"url\":\"http:\/\/52.77.24.187\/\",\"logo\":{\"@type\":\"ImageObject\",\"inLanguage\":\"vi-VN\",\"@id\":\"http:\/\/52.77.24.187\/#\/schema\/logo\/image\/\",\"url\":\"https:\/\/mlsrfcxkkbzg.i.optimole.com\/cb:JbP2.215d7\/w:auto\/h:auto\/q:mauto\/ig:avif\/https:\/\/thebottleshop.vn\/wp-content\/uploads\/2022\/10\/The-Bottle-Shop-Online-Logo.png\",\"contentUrl\":\"https:\/\/mlsrfcxkkbzg.i.optimole.com\/cb:JbP2.215d7\/w:auto\/h:auto\/q:mauto\/ig:avif\/https:\/\/thebottleshop.vn\/wp-content\/uploads\/2022\/10\/The-Bottle-Shop-Online-Logo.png\",\"width\":145,\"height\":147,\"caption\":\"The Bottle Shop\"},\"image\":{\"@id\":\"http:\/\/52.77.24.187\/#\/schema\/logo\/image\/\"},\"sameAs\":[\"https:\/\/www.facebook.com\/thebottleshopvietnam\",\"https:\/\/www.instagram.com\/thebottleshop_vietnam\/\"]}]}<\/script>\n<!-- \/ Yoast SEO plugin. -->","yoast_head_json":{"title":"Sampan Monsoon White Rum - The Bottle Shop","description":"Sampan Monsoon White Rum \u0111\u01b0\u1ee3c ch\u1ebf bi\u1ebfn t\u1eeb m\u1eadt m\u00eda ch\u1ea5t l\u01b0\u1ee3ng cao c\u00f3 ngu\u1ed3n g\u1ed1c t\u1eeb c\u00e1c \u0111\u1ed3n \u0111i\u1ec1n \u0111\u01b0\u1ee3c l\u1ef1a ch\u1ecdn c\u1ea9n th\u1eadn. 700ml. 40% ABV.","robots":{"index":"index","follow":"follow","max-snippet":"max-snippet:-1","max-image-preview":"max-image-preview:large","max-video-preview":"max-video-preview:-1"},"canonical":"http:\/\/52.77.24.187\/vi\/san-pham\/sampan-monsoon-white-rum\/","og_locale":"vi_VN","og_type":"article","og_title":"Sampan Monsoon White Rum - The Bottle Shop","og_description":"Sampan Monsoon White Rum \u0111\u01b0\u1ee3c ch\u1ebf bi\u1ebfn t\u1eeb m\u1eadt m\u00eda ch\u1ea5t l\u01b0\u1ee3ng cao c\u00f3 ngu\u1ed3n g\u1ed1c t\u1eeb c\u00e1c \u0111\u1ed3n \u0111i\u1ec1n \u0111\u01b0\u1ee3c l\u1ef1a ch\u1ecdn c\u1ea9n th\u1eadn. 700ml. 40% ABV.","og_url":"http:\/\/52.77.24.187\/vi\/san-pham\/sampan-monsoon-white-rum\/","og_site_name":"The Bottle Shop","article_publisher":"https:\/\/www.facebook.com\/thebottleshopvietnam","article_modified_time":"2025-03-24T16:32:27+00:00","og_image":[{"width":1080,"height":1080,"url":"https:\/\/mlsrfcxkkbzg.i.optimole.com\/cb:JbP2.215d7\/w:auto\/h:auto\/q:mauto\/ig:avif\/http:\/\/52.77.24.187\/wp-content\/uploads\/2025\/03\/Sampan-Monsoon-White-Rum-bottle.png","type":"image\/png"}],"twitter_card":"summary_large_image","twitter_misc":{"Est. reading time":"1 minute"},"schema":{"@context":"https:\/\/schema.org","@graph":[{"@type":"WebPage","@id":"http:\/\/52.77.24.187\/vi\/san-pham\/sampan-monsoon-white-rum\/","url":"http:\/\/52.77.24.187\/vi\/san-pham\/sampan-monsoon-white-rum\/","name":"Sampan Monsoon White Rum - The Bottle Shop","isPartOf":{"@id":"http:\/\/52.77.24.187\/#website"},"primaryImageOfPage":{"@id":"http:\/\/52.77.24.187\/vi\/san-pham\/sampan-monsoon-white-rum\/#primaryimage"},"image":{"@id":"http:\/\/52.77.24.187\/vi\/san-pham\/sampan-monsoon-white-rum\/#primaryimage"},"thumbnailUrl":"https:\/\/mlsrfcxkkbzg.i.optimole.com\/cb:JbP2.215d7\/w:auto\/h:auto\/q:mauto\/ig:avif\/https:\/\/thebottleshop.vn\/wp-content\/uploads\/2025\/03\/Sampan-Monsoon-White-Rum-bottle.png","datePublished":"2025-03-24T16:27:08+00:00","dateModified":"2025-03-24T16:32:27+00:00","description":"Sampan Monsoon White Rum \u0111\u01b0\u1ee3c ch\u1ebf bi\u1ebfn t\u1eeb m\u1eadt m\u00eda ch\u1ea5t l\u01b0\u1ee3ng cao c\u00f3 ngu\u1ed3n g\u1ed1c t\u1eeb c\u00e1c \u0111\u1ed3n \u0111i\u1ec1n \u0111\u01b0\u1ee3c l\u1ef1a ch\u1ecdn c\u1ea9n th\u1eadn. 700ml. 40% ABV.","breadcrumb":{"@id":"http:\/\/52.77.24.187\/vi\/san-pham\/sampan-monsoon-white-rum\/#breadcrumb"},"inLanguage":"vi-VN","potentialAction":[{"@type":"ReadAction","target":["http:\/\/52.77.24.187\/vi\/san-pham\/sampan-monsoon-white-rum\/"]}]},{"@type":"ImageObject","inLanguage":"vi-VN","@id":"http:\/\/52.77.24.187\/vi\/san-pham\/sampan-monsoon-white-rum\/#primaryimage","url":"https:\/\/mlsrfcxkkbzg.i.optimole.com\/cb:JbP2.215d7\/w:auto\/h:auto\/q:mauto\/ig:avif\/https:\/\/thebottleshop.vn\/wp-content\/uploads\/2025\/03\/Sampan-Monsoon-White-Rum-bottle.png","contentUrl":"https:\/\/mlsrfcxkkbzg.i.optimole.com\/cb:JbP2.215d7\/w:auto\/h:auto\/q:mauto\/ig:avif\/https:\/\/thebottleshop.vn\/wp-content\/uploads\/2025\/03\/Sampan-Monsoon-White-Rum-bottle.png","width":1080,"height":1080,"caption":"Sampan Monsoon White Rum bottle"},{"@type":"BreadcrumbList","@id":"http:\/\/52.77.24.187\/vi\/san-pham\/sampan-monsoon-white-rum\/#breadcrumb","itemListElement":[{"@type":"ListItem","position":1,"name":"Home","item":"http:\/\/52.77.24.187\/vi\/test-popup-vi\/"},{"@type":"ListItem","position":2,"name":"C\u1eeda h\u00e0ng","item":"http:\/\/52.77.24.187\/vi\/cua-hang\/"},{"@type":"ListItem","position":3,"name":"Sampan Monsoon White Rum"}]},{"@type":"WebSite","@id":"http:\/\/52.77.24.187\/#website","url":"http:\/\/52.77.24.187\/","name":"The Bottle Shop","description":"All beers are not created equal","publisher":{"@id":"http:\/\/52.77.24.187\/#organization"},"potentialAction":[{"@type":"SearchAction","target":{"@type":"EntryPoint","urlTemplate":"http:\/\/52.77.24.187\/?s={search_term_string}"},"query-input":{"@type":"PropertyValueSpecification","valueRequired":true,"valueName":"search_term_string"}}],"inLanguage":"vi-VN"},{"@type":"Organization","@id":"http:\/\/52.77.24.187\/#organization","name":"The Bottle Shop","url":"http:\/\/52.77.24.187\/","logo":{"@type":"ImageObject","inLanguage":"vi-VN","@id":"http:\/\/52.77.24.187\/#\/schema\/logo\/image\/","url":"https:\/\/mlsrfcxkkbzg.i.optimole.com\/cb:JbP2.215d7\/w:auto\/h:auto\/q:mauto\/ig:avif\/https:\/\/thebottleshop.vn\/wp-content\/uploads\/2022\/10\/The-Bottle-Shop-Online-Logo.png","contentUrl":"https:\/\/mlsrfcxkkbzg.i.optimole.com\/cb:JbP2.215d7\/w:auto\/h:auto\/q:mauto\/ig:avif\/https:\/\/thebottleshop.vn\/wp-content\/uploads\/2022\/10\/The-Bottle-Shop-Online-Logo.png","width":145,"height":147,"caption":"The Bottle Shop"},"image":{"@id":"http:\/\/52.77.24.187\/#\/schema\/logo\/image\/"},"sameAs":["https:\/\/www.facebook.com\/thebottleshopvietnam","https:\/\/www.instagram.com\/thebottleshop_vietnam\/"]}]}},"_links":{"self":[{"href":"https:\/\/thebottleshop.vn\/vi\/wp-json\/wp\/v2\/product\/21276","targetHints":{"allow":["GET"]}}],"collection":[{"href":"https:\/\/thebottleshop.vn\/vi\/wp-json\/wp\/v2\/product"}],"about":[{"href":"https:\/\/thebottleshop.vn\/vi\/wp-json\/wp\/v2\/types\/product"}],"replies":[{"embeddable":true,"href":"https:\/\/thebottleshop.vn\/vi\/wp-json\/wp\/v2\/comments?post=21276"}],"wp:featuredmedia":[{"embeddable":true,"href":"https:\/\/thebottleshop.vn\/vi\/wp-json\/wp\/v2\/media\/21263"}],"wp:attachment":[{"href":"https:\/\/thebottleshop.vn\/vi\/wp-json\/wp\/v2\/media?parent=21276"}],"wp:term":[{"taxonomy":"product_brand","embeddable":true,"href":"https:\/\/thebottleshop.vn\/vi\/wp-json\/wp\/v2\/product_brand?post=21276"},{"taxonomy":"product_cat","embeddable":true,"href":"https:\/\/thebottleshop.vn\/vi\/wp-json\/wp\/v2\/product_cat?post=21276"},{"taxonomy":"product_tag","embeddable":true,"href":"https:\/\/thebottleshop.vn\/vi\/wp-json\/wp\/v2\/product_tag?post=21276"}],"curies":[{"name":"wp","href":"https:\/\/api.w.org\/{rel}","templated":true}]}}