{"id":21300,"date":"2025-04-07T13:47:14","date_gmt":"2025-04-07T06:47:14","guid":{"rendered":"https:\/\/thebottleshop.vn\/product\/de-me-1-hoi-rice-lager\/"},"modified":"2025-04-07T13:50:09","modified_gmt":"2025-04-07T06:50:09","slug":"de-me-1-hoi-rice-lager","status":"publish","type":"product","link":"https:\/\/thebottleshop.vn\/vi\/san-pham\/de-me-1-hoi-rice-lager\/","title":{"rendered":"\u0110\u00ea M\u00ea 1 H\u01a1i Rice Lager"},"content":{"rendered":"<p>\u0110\u00ea M\u00ea 1 H\u01a1i Rice Lager. Lo\u1ea1i bia Lager g\u1ea1o m\u1edbi nh\u1ea5t n\u00e0y \u0111\u01b0\u1ee3c l\u1ea5y c\u1ea3m h\u1ee9ng t\u1eeb bia h\u01a1i truy\u1ec1n th\u1ed1ng, \u0111\u01b0\u1ee3c n\u1ea5u v\u1edbi g\u1ea1o ST25. V\u1edbi h\u01b0\u01a1ng v\u1ecb bia thu\u1ea7n khi\u1ebft v\u00e0 m\u1ed9t ch\u00fat h\u01b0\u01a1ng g\u1ea1o rang, bia n\u00e0y mang l\u1ea1i c\u1ea3m gi\u00e1c s\u1ea3ng kho\u00e1i m\u1ea1nh m\u1ebd, k\u00e8m theo h\u01b0\u01a1ng hoa bia nh\u1eb9 nh\u00e0ng c\u1ee7a hoa bia Amarillo truy\u1ec1n th\u1ed1ng, mang h\u01b0\u01a1ng tr\u00e1i c\u00e2y ng\u1ecdt ng\u00e0o v\u00e0 h\u01b0\u01a1ng cam qu\u00fdt \u0111\u1eb7c tr\u01b0ng. \u0110\u00e2y c\u0169ng l\u00e0 lo\u1ea1i bia \u0111\u1ea7u ti\u00ean ch\u00fang t\u00f4i h\u1ee3p t\u00e1c v\u1edbi m\u1ed9t nh\u00e0 m\u00e1y bia qu\u1ed1c t\u1ebf t\u1ea1i Daejeon, H\u00e0n Qu\u1ed1c, The Ranch Brewery.  <\/p>\n<p>\u2014\u2013<br \/>\nXem th\u01b0 vi\u1ec7n h\u00ecnh \u1ea3nh \u0111\u1ec3 bi\u1ebft th\u00eam th\u00f4ng tin chi ti\u1ebft v\u1ec1 ngu\u1ed3n g\u1ed1c, th\u00e0nh ph\u1ea7n v\u00e0 h\u01b0\u1edbng d\u1eabn s\u1eed d\u1ee5ng c\u1ee7a s\u1ea3n ph\u1ea9m.<\/p>\n","protected":false},"excerpt":{"rendered":"<p><strong>S\u1ea3ng kho\u00e1i, Tr\u00e1i c\u00e2y, Cam qu\u00fdt 3.8%<\/strong><\/p>\n","protected":false},"featured_media":21296,"comment_status":"open","ping_status":"closed","template":"","meta":{"_acf_changed":false},"product_brand":[],"product_cat":[378,346,340,337,354,351,366,345,377,339,341,352,438,356,344],"product_tag":[],"class_list":{"0":"post-21300","1":"product","2":"type-product","3":"status-publish","4":"has-post-thumbnail","6":"product_cat-00-19","7":"product_cat-0-3-9","8":"product_cat-vietnam-hcmc","9":"product_cat-bia-va-cider","10":"product_cat-75k-99k","11":"product_cat-dong-bia","12":"product_cat-nha-san-xuat","13":"product_cat-abv-vi","14":"product_cat-ibu","15":"product_cat-xuat-xu","16":"product_cat-dong-goi","17":"product_cat-gia","18":"product_cat-de-me-brewing","19":"product_cat-lager","20":"product_cat-lon-330-ml","22":"first","23":"outofstock","24":"shipping-taxable","25":"purchasable","26":"product-type-simple","27":"add-to-wishlist-before_image"},"acf":[],"yoast_head":"<!-- This site is optimized with the Yoast SEO plugin v27.2 - https:\/\/yoast.com\/product\/yoast-seo-wordpress\/ -->\n<title>\u0110\u00ea M\u00ea 1 H\u01a1i Rice Lager - The Bottle Shop<\/title>\n<meta name=\"description\" content=\"\u0110\u00ea M\u00ea 1 H\u01a1i Rice Lager. Lo\u1ea1i bia Lager g\u1ea1o m\u1edbi nh\u1ea5t n\u00e0y \u0111\u01b0\u1ee3c l\u1ea5y c\u1ea3m h\u1ee9ng t\u1eeb bia h\u01a1i truy\u1ec1n th\u1ed1ng, \u0111\u01b0\u1ee3c n\u1ea5u v\u1edbi g\u1ea1o ST25.\" \/>\n<meta name=\"robots\" content=\"index, follow, max-snippet:-1, max-image-preview:large, max-video-preview:-1\" \/>\n<link rel=\"canonical\" href=\"http:\/\/52.77.24.187\/vi\/san-pham\/de-me-1-hoi-rice-lager\/\" \/>\n<meta property=\"og:locale\" content=\"vi_VN\" \/>\n<meta property=\"og:type\" content=\"article\" \/>\n<meta property=\"og:title\" content=\"\u0110\u00ea M\u00ea 1 H\u01a1i Rice Lager - The Bottle Shop\" \/>\n<meta property=\"og:description\" content=\"\u0110\u00ea M\u00ea 1 H\u01a1i Rice Lager. Lo\u1ea1i bia Lager g\u1ea1o m\u1edbi nh\u1ea5t n\u00e0y \u0111\u01b0\u1ee3c l\u1ea5y c\u1ea3m h\u1ee9ng t\u1eeb bia h\u01a1i truy\u1ec1n th\u1ed1ng, \u0111\u01b0\u1ee3c n\u1ea5u v\u1edbi g\u1ea1o ST25.\" \/>\n<meta property=\"og:url\" content=\"http:\/\/52.77.24.187\/vi\/san-pham\/de-me-1-hoi-rice-lager\/\" \/>\n<meta property=\"og:site_name\" content=\"The Bottle Shop\" \/>\n<meta property=\"article:publisher\" content=\"https:\/\/www.facebook.com\/thebottleshopvietnam\" \/>\n<meta property=\"article:modified_time\" content=\"2025-04-07T06:50:09+00:00\" \/>\n<meta property=\"og:image\" content=\"https:\/\/mlsrfcxkkbzg.i.optimole.com\/cb:JbP2.215d7\/w:auto\/h:auto\/q:mauto\/ig:avif\/http:\/\/52.77.24.187\/wp-content\/uploads\/2025\/04\/De-Me-Mot-Hoi-Rice-Lager.png\" \/>\n\t<meta property=\"og:image:width\" content=\"1080\" \/>\n\t<meta property=\"og:image:height\" content=\"1080\" \/>\n\t<meta property=\"og:image:type\" content=\"image\/png\" \/>\n<meta name=\"twitter:card\" content=\"summary_large_image\" \/>\n<meta name=\"twitter:label1\" content=\"Est. reading time\" \/>\n\t<meta name=\"twitter:data1\" content=\"1 minute\" \/>\n<script type=\"application\/ld+json\" class=\"yoast-schema-graph\">{\"@context\":\"https:\/\/schema.org\",\"@graph\":[{\"@type\":\"WebPage\",\"@id\":\"http:\/\/52.77.24.187\/vi\/san-pham\/de-me-1-hoi-rice-lager\/\",\"url\":\"http:\/\/52.77.24.187\/vi\/san-pham\/de-me-1-hoi-rice-lager\/\",\"name\":\"\u0110\u00ea M\u00ea 1 H\u01a1i Rice Lager - The Bottle Shop\",\"isPartOf\":{\"@id\":\"http:\/\/52.77.24.187\/#website\"},\"primaryImageOfPage\":{\"@id\":\"http:\/\/52.77.24.187\/vi\/san-pham\/de-me-1-hoi-rice-lager\/#primaryimage\"},\"image\":{\"@id\":\"http:\/\/52.77.24.187\/vi\/san-pham\/de-me-1-hoi-rice-lager\/#primaryimage\"},\"thumbnailUrl\":\"https:\/\/mlsrfcxkkbzg.i.optimole.com\/cb:JbP2.215d7\/w:auto\/h:auto\/q:mauto\/ig:avif\/https:\/\/thebottleshop.vn\/wp-content\/uploads\/2025\/04\/De-Me-Mot-Hoi-Rice-Lager.png\",\"datePublished\":\"2025-04-07T06:47:14+00:00\",\"dateModified\":\"2025-04-07T06:50:09+00:00\",\"description\":\"\u0110\u00ea M\u00ea 1 H\u01a1i Rice Lager. Lo\u1ea1i bia Lager g\u1ea1o m\u1edbi nh\u1ea5t n\u00e0y \u0111\u01b0\u1ee3c l\u1ea5y c\u1ea3m h\u1ee9ng t\u1eeb bia h\u01a1i truy\u1ec1n th\u1ed1ng, \u0111\u01b0\u1ee3c n\u1ea5u v\u1edbi g\u1ea1o ST25.\",\"breadcrumb\":{\"@id\":\"http:\/\/52.77.24.187\/vi\/san-pham\/de-me-1-hoi-rice-lager\/#breadcrumb\"},\"inLanguage\":\"vi-VN\",\"potentialAction\":[{\"@type\":\"ReadAction\",\"target\":[\"http:\/\/52.77.24.187\/vi\/san-pham\/de-me-1-hoi-rice-lager\/\"]}]},{\"@type\":\"ImageObject\",\"inLanguage\":\"vi-VN\",\"@id\":\"http:\/\/52.77.24.187\/vi\/san-pham\/de-me-1-hoi-rice-lager\/#primaryimage\",\"url\":\"https:\/\/mlsrfcxkkbzg.i.optimole.com\/cb:JbP2.215d7\/w:auto\/h:auto\/q:mauto\/ig:avif\/https:\/\/thebottleshop.vn\/wp-content\/uploads\/2025\/04\/De-Me-Mot-Hoi-Rice-Lager.png\",\"contentUrl\":\"https:\/\/mlsrfcxkkbzg.i.optimole.com\/cb:JbP2.215d7\/w:auto\/h:auto\/q:mauto\/ig:avif\/https:\/\/thebottleshop.vn\/wp-content\/uploads\/2025\/04\/De-Me-Mot-Hoi-Rice-Lager.png\",\"width\":1080,\"height\":1080,\"caption\":\"\u0110\u00ea M\u00ea 1 H\u01a1i Rice Lager\"},{\"@type\":\"BreadcrumbList\",\"@id\":\"http:\/\/52.77.24.187\/vi\/san-pham\/de-me-1-hoi-rice-lager\/#breadcrumb\",\"itemListElement\":[{\"@type\":\"ListItem\",\"position\":1,\"name\":\"Home\",\"item\":\"http:\/\/52.77.24.187\/vi\/test-popup-vi\/\"},{\"@type\":\"ListItem\",\"position\":2,\"name\":\"C\u1eeda h\u00e0ng\",\"item\":\"http:\/\/52.77.24.187\/vi\/cua-hang\/\"},{\"@type\":\"ListItem\",\"position\":3,\"name\":\"\u0110\u00ea M\u00ea 1 H\u01a1i Rice Lager\"}]},{\"@type\":\"WebSite\",\"@id\":\"http:\/\/52.77.24.187\/#website\",\"url\":\"http:\/\/52.77.24.187\/\",\"name\":\"The Bottle Shop\",\"description\":\"All beers are not created equal\",\"publisher\":{\"@id\":\"http:\/\/52.77.24.187\/#organization\"},\"potentialAction\":[{\"@type\":\"SearchAction\",\"target\":{\"@type\":\"EntryPoint\",\"urlTemplate\":\"http:\/\/52.77.24.187\/?s={search_term_string}\"},\"query-input\":{\"@type\":\"PropertyValueSpecification\",\"valueRequired\":true,\"valueName\":\"search_term_string\"}}],\"inLanguage\":\"vi-VN\"},{\"@type\":\"Organization\",\"@id\":\"http:\/\/52.77.24.187\/#organization\",\"name\":\"The Bottle Shop\",\"url\":\"http:\/\/52.77.24.187\/\",\"logo\":{\"@type\":\"ImageObject\",\"inLanguage\":\"vi-VN\",\"@id\":\"http:\/\/52.77.24.187\/#\/schema\/logo\/image\/\",\"url\":\"https:\/\/mlsrfcxkkbzg.i.optimole.com\/cb:JbP2.215d7\/w:auto\/h:auto\/q:mauto\/ig:avif\/https:\/\/thebottleshop.vn\/wp-content\/uploads\/2022\/10\/The-Bottle-Shop-Online-Logo.png\",\"contentUrl\":\"https:\/\/mlsrfcxkkbzg.i.optimole.com\/cb:JbP2.215d7\/w:auto\/h:auto\/q:mauto\/ig:avif\/https:\/\/thebottleshop.vn\/wp-content\/uploads\/2022\/10\/The-Bottle-Shop-Online-Logo.png\",\"width\":145,\"height\":147,\"caption\":\"The Bottle Shop\"},\"image\":{\"@id\":\"http:\/\/52.77.24.187\/#\/schema\/logo\/image\/\"},\"sameAs\":[\"https:\/\/www.facebook.com\/thebottleshopvietnam\",\"https:\/\/www.instagram.com\/thebottleshop_vietnam\/\"]}]}<\/script>\n<!-- \/ Yoast SEO plugin. -->","yoast_head_json":{"title":"\u0110\u00ea M\u00ea 1 H\u01a1i Rice Lager - The Bottle Shop","description":"\u0110\u00ea M\u00ea 1 H\u01a1i Rice Lager. Lo\u1ea1i bia Lager g\u1ea1o m\u1edbi nh\u1ea5t n\u00e0y \u0111\u01b0\u1ee3c l\u1ea5y c\u1ea3m h\u1ee9ng t\u1eeb bia h\u01a1i truy\u1ec1n th\u1ed1ng, \u0111\u01b0\u1ee3c n\u1ea5u v\u1edbi g\u1ea1o ST25.","robots":{"index":"index","follow":"follow","max-snippet":"max-snippet:-1","max-image-preview":"max-image-preview:large","max-video-preview":"max-video-preview:-1"},"canonical":"http:\/\/52.77.24.187\/vi\/san-pham\/de-me-1-hoi-rice-lager\/","og_locale":"vi_VN","og_type":"article","og_title":"\u0110\u00ea M\u00ea 1 H\u01a1i Rice Lager - The Bottle Shop","og_description":"\u0110\u00ea M\u00ea 1 H\u01a1i Rice Lager. Lo\u1ea1i bia Lager g\u1ea1o m\u1edbi nh\u1ea5t n\u00e0y \u0111\u01b0\u1ee3c l\u1ea5y c\u1ea3m h\u1ee9ng t\u1eeb bia h\u01a1i truy\u1ec1n th\u1ed1ng, \u0111\u01b0\u1ee3c n\u1ea5u v\u1edbi g\u1ea1o ST25.","og_url":"http:\/\/52.77.24.187\/vi\/san-pham\/de-me-1-hoi-rice-lager\/","og_site_name":"The Bottle Shop","article_publisher":"https:\/\/www.facebook.com\/thebottleshopvietnam","article_modified_time":"2025-04-07T06:50:09+00:00","og_image":[{"width":1080,"height":1080,"url":"https:\/\/mlsrfcxkkbzg.i.optimole.com\/cb:JbP2.215d7\/w:auto\/h:auto\/q:mauto\/ig:avif\/http:\/\/52.77.24.187\/wp-content\/uploads\/2025\/04\/De-Me-Mot-Hoi-Rice-Lager.png","type":"image\/png"}],"twitter_card":"summary_large_image","twitter_misc":{"Est. reading time":"1 minute"},"schema":{"@context":"https:\/\/schema.org","@graph":[{"@type":"WebPage","@id":"http:\/\/52.77.24.187\/vi\/san-pham\/de-me-1-hoi-rice-lager\/","url":"http:\/\/52.77.24.187\/vi\/san-pham\/de-me-1-hoi-rice-lager\/","name":"\u0110\u00ea M\u00ea 1 H\u01a1i Rice Lager - The Bottle Shop","isPartOf":{"@id":"http:\/\/52.77.24.187\/#website"},"primaryImageOfPage":{"@id":"http:\/\/52.77.24.187\/vi\/san-pham\/de-me-1-hoi-rice-lager\/#primaryimage"},"image":{"@id":"http:\/\/52.77.24.187\/vi\/san-pham\/de-me-1-hoi-rice-lager\/#primaryimage"},"thumbnailUrl":"https:\/\/mlsrfcxkkbzg.i.optimole.com\/cb:JbP2.215d7\/w:auto\/h:auto\/q:mauto\/ig:avif\/https:\/\/thebottleshop.vn\/wp-content\/uploads\/2025\/04\/De-Me-Mot-Hoi-Rice-Lager.png","datePublished":"2025-04-07T06:47:14+00:00","dateModified":"2025-04-07T06:50:09+00:00","description":"\u0110\u00ea M\u00ea 1 H\u01a1i Rice Lager. Lo\u1ea1i bia Lager g\u1ea1o m\u1edbi nh\u1ea5t n\u00e0y \u0111\u01b0\u1ee3c l\u1ea5y c\u1ea3m h\u1ee9ng t\u1eeb bia h\u01a1i truy\u1ec1n th\u1ed1ng, \u0111\u01b0\u1ee3c n\u1ea5u v\u1edbi g\u1ea1o ST25.","breadcrumb":{"@id":"http:\/\/52.77.24.187\/vi\/san-pham\/de-me-1-hoi-rice-lager\/#breadcrumb"},"inLanguage":"vi-VN","potentialAction":[{"@type":"ReadAction","target":["http:\/\/52.77.24.187\/vi\/san-pham\/de-me-1-hoi-rice-lager\/"]}]},{"@type":"ImageObject","inLanguage":"vi-VN","@id":"http:\/\/52.77.24.187\/vi\/san-pham\/de-me-1-hoi-rice-lager\/#primaryimage","url":"https:\/\/mlsrfcxkkbzg.i.optimole.com\/cb:JbP2.215d7\/w:auto\/h:auto\/q:mauto\/ig:avif\/https:\/\/thebottleshop.vn\/wp-content\/uploads\/2025\/04\/De-Me-Mot-Hoi-Rice-Lager.png","contentUrl":"https:\/\/mlsrfcxkkbzg.i.optimole.com\/cb:JbP2.215d7\/w:auto\/h:auto\/q:mauto\/ig:avif\/https:\/\/thebottleshop.vn\/wp-content\/uploads\/2025\/04\/De-Me-Mot-Hoi-Rice-Lager.png","width":1080,"height":1080,"caption":"\u0110\u00ea M\u00ea 1 H\u01a1i Rice Lager"},{"@type":"BreadcrumbList","@id":"http:\/\/52.77.24.187\/vi\/san-pham\/de-me-1-hoi-rice-lager\/#breadcrumb","itemListElement":[{"@type":"ListItem","position":1,"name":"Home","item":"http:\/\/52.77.24.187\/vi\/test-popup-vi\/"},{"@type":"ListItem","position":2,"name":"C\u1eeda h\u00e0ng","item":"http:\/\/52.77.24.187\/vi\/cua-hang\/"},{"@type":"ListItem","position":3,"name":"\u0110\u00ea M\u00ea 1 H\u01a1i Rice Lager"}]},{"@type":"WebSite","@id":"http:\/\/52.77.24.187\/#website","url":"http:\/\/52.77.24.187\/","name":"The Bottle Shop","description":"All beers are not created equal","publisher":{"@id":"http:\/\/52.77.24.187\/#organization"},"potentialAction":[{"@type":"SearchAction","target":{"@type":"EntryPoint","urlTemplate":"http:\/\/52.77.24.187\/?s={search_term_string}"},"query-input":{"@type":"PropertyValueSpecification","valueRequired":true,"valueName":"search_term_string"}}],"inLanguage":"vi-VN"},{"@type":"Organization","@id":"http:\/\/52.77.24.187\/#organization","name":"The Bottle Shop","url":"http:\/\/52.77.24.187\/","logo":{"@type":"ImageObject","inLanguage":"vi-VN","@id":"http:\/\/52.77.24.187\/#\/schema\/logo\/image\/","url":"https:\/\/mlsrfcxkkbzg.i.optimole.com\/cb:JbP2.215d7\/w:auto\/h:auto\/q:mauto\/ig:avif\/https:\/\/thebottleshop.vn\/wp-content\/uploads\/2022\/10\/The-Bottle-Shop-Online-Logo.png","contentUrl":"https:\/\/mlsrfcxkkbzg.i.optimole.com\/cb:JbP2.215d7\/w:auto\/h:auto\/q:mauto\/ig:avif\/https:\/\/thebottleshop.vn\/wp-content\/uploads\/2022\/10\/The-Bottle-Shop-Online-Logo.png","width":145,"height":147,"caption":"The Bottle Shop"},"image":{"@id":"http:\/\/52.77.24.187\/#\/schema\/logo\/image\/"},"sameAs":["https:\/\/www.facebook.com\/thebottleshopvietnam","https:\/\/www.instagram.com\/thebottleshop_vietnam\/"]}]}},"_links":{"self":[{"href":"https:\/\/thebottleshop.vn\/vi\/wp-json\/wp\/v2\/product\/21300","targetHints":{"allow":["GET"]}}],"collection":[{"href":"https:\/\/thebottleshop.vn\/vi\/wp-json\/wp\/v2\/product"}],"about":[{"href":"https:\/\/thebottleshop.vn\/vi\/wp-json\/wp\/v2\/types\/product"}],"replies":[{"embeddable":true,"href":"https:\/\/thebottleshop.vn\/vi\/wp-json\/wp\/v2\/comments?post=21300"}],"wp:featuredmedia":[{"embeddable":true,"href":"https:\/\/thebottleshop.vn\/vi\/wp-json\/wp\/v2\/media\/21296"}],"wp:attachment":[{"href":"https:\/\/thebottleshop.vn\/vi\/wp-json\/wp\/v2\/media?parent=21300"}],"wp:term":[{"taxonomy":"product_brand","embeddable":true,"href":"https:\/\/thebottleshop.vn\/vi\/wp-json\/wp\/v2\/product_brand?post=21300"},{"taxonomy":"product_cat","embeddable":true,"href":"https:\/\/thebottleshop.vn\/vi\/wp-json\/wp\/v2\/product_cat?post=21300"},{"taxonomy":"product_tag","embeddable":true,"href":"https:\/\/thebottleshop.vn\/vi\/wp-json\/wp\/v2\/product_tag?post=21300"}],"curies":[{"name":"wp","href":"https:\/\/api.w.org\/{rel}","templated":true}]}}