{"id":21305,"date":"2025-04-07T14:11:52","date_gmt":"2025-04-07T07:11:52","guid":{"rendered":"https:\/\/thebottleshop.vn\/product\/bia-blanche-witbier\/"},"modified":"2025-04-07T14:15:32","modified_gmt":"2025-04-07T07:15:32","slug":"bia-blanche-witbier","status":"publish","type":"product","link":"https:\/\/thebottleshop.vn\/vi\/san-pham\/bia-blanche-witbier\/","title":{"rendered":"Bia Blanche Witbier"},"content":{"rendered":"<p>Bia Blanche Witbier l\u00e0 bia l\u00faa m\u00ec \u00eam d\u1ecbu v\u1edbi v\u1ecf cam ng\u1ecdt, rau m\u00f9i v\u00e0 m\u1ed9t ch\u00fat b\u00ed quy\u1ebft Ph\u00e1p t\u1eeb qu\u00ea h\u01b0\u01a1ng c\u1ee7a ng\u01b0\u1eddi s\u00e1ng l\u1eadp.<\/p>\n<p>\u2014\u2013<br \/>\nView the image carousel for full details about the origin, ingredients and storage requirements for this product.<\/p>\n","protected":false},"excerpt":{"rendered":"<p><strong>\u00cam d\u1ecbu, Cam qu\u00fdt 6.2%<\/strong><\/p>\n","protected":false},"featured_media":21320,"comment_status":"open","ping_status":"closed","template":"","meta":{"_acf_changed":false},"product_brand":[],"product_cat":[378,337,340,348,354,694,351,366,345,377,339,341,352,413,344],"product_tag":[],"class_list":{"0":"post-21305","1":"product","2":"type-product","3":"status-publish","4":"has-post-thumbnail","6":"product_cat-00-19","7":"product_cat-bia-va-cider","8":"product_cat-vietnam-hcmc","9":"product_cat-6-7-9","10":"product_cat-75k-99k","11":"product_cat-bia-blanche-vi","12":"product_cat-dong-bia","13":"product_cat-nha-san-xuat","14":"product_cat-abv-vi","15":"product_cat-ibu","16":"product_cat-xuat-xu","17":"product_cat-dong-goi","18":"product_cat-gia","19":"product_cat-witiber","20":"product_cat-lon-330-ml","22":"first","23":"instock","24":"shipping-taxable","25":"purchasable","26":"product-type-simple","27":"add-to-wishlist-before_image"},"acf":[],"yoast_head":"<!-- This site is optimized with the Yoast SEO plugin v27.2 - https:\/\/yoast.com\/product\/yoast-seo-wordpress\/ -->\n<title>Bia Blanche Witbier - The Bottle Shop<\/title>\n<meta name=\"description\" content=\"Bia Blanche Witbier l\u00e0 bia l\u00faa m\u00ec \u00eam d\u1ecbu v\u1edbi v\u1ecf cam ng\u1ecdt, rau m\u00f9i v\u00e0 m\u1ed9t ch\u00fat b\u00ed quy\u1ebft Ph\u00e1p t\u1eeb qu\u00ea h\u01b0\u01a1ng c\u1ee7a ng\u01b0\u1eddi s\u00e1ng l\u1eadp.\" \/>\n<meta name=\"robots\" content=\"index, follow, max-snippet:-1, max-image-preview:large, max-video-preview:-1\" \/>\n<link rel=\"canonical\" href=\"http:\/\/52.77.24.187\/vi\/san-pham\/bia-blanche-witbier\/\" \/>\n<meta property=\"og:locale\" content=\"vi_VN\" \/>\n<meta property=\"og:type\" content=\"article\" \/>\n<meta property=\"og:title\" content=\"Bia Blanche Witbier - The Bottle Shop\" \/>\n<meta property=\"og:description\" content=\"Bia Blanche Witbier l\u00e0 bia l\u00faa m\u00ec \u00eam d\u1ecbu v\u1edbi v\u1ecf cam ng\u1ecdt, rau m\u00f9i v\u00e0 m\u1ed9t ch\u00fat b\u00ed quy\u1ebft Ph\u00e1p t\u1eeb qu\u00ea h\u01b0\u01a1ng c\u1ee7a ng\u01b0\u1eddi s\u00e1ng l\u1eadp.\" \/>\n<meta property=\"og:url\" content=\"http:\/\/52.77.24.187\/vi\/san-pham\/bia-blanche-witbier\/\" \/>\n<meta property=\"og:site_name\" content=\"The Bottle Shop\" \/>\n<meta property=\"article:publisher\" content=\"https:\/\/www.facebook.com\/thebottleshopvietnam\" \/>\n<meta property=\"article:modified_time\" content=\"2025-04-07T07:15:32+00:00\" \/>\n<meta property=\"og:image\" content=\"https:\/\/mlsrfcxkkbzg.i.optimole.com\/cb:JbP2.215d7\/w:auto\/h:auto\/q:mauto\/ig:avif\/http:\/\/52.77.24.187\/wp-content\/uploads\/2025\/04\/Bia-Blanche-Wheat-Beer.png\" \/>\n\t<meta property=\"og:image:width\" content=\"1080\" \/>\n\t<meta property=\"og:image:height\" content=\"1080\" \/>\n\t<meta property=\"og:image:type\" content=\"image\/png\" \/>\n<meta name=\"twitter:card\" content=\"summary_large_image\" \/>\n<script type=\"application\/ld+json\" class=\"yoast-schema-graph\">{\"@context\":\"https:\/\/schema.org\",\"@graph\":[{\"@type\":\"WebPage\",\"@id\":\"http:\/\/52.77.24.187\/vi\/san-pham\/bia-blanche-witbier\/\",\"url\":\"http:\/\/52.77.24.187\/vi\/san-pham\/bia-blanche-witbier\/\",\"name\":\"Bia Blanche Witbier - The Bottle Shop\",\"isPartOf\":{\"@id\":\"http:\/\/52.77.24.187\/#website\"},\"primaryImageOfPage\":{\"@id\":\"http:\/\/52.77.24.187\/vi\/san-pham\/bia-blanche-witbier\/#primaryimage\"},\"image\":{\"@id\":\"http:\/\/52.77.24.187\/vi\/san-pham\/bia-blanche-witbier\/#primaryimage\"},\"thumbnailUrl\":\"https:\/\/mlsrfcxkkbzg.i.optimole.com\/cb:JbP2.215d7\/w:auto\/h:auto\/q:mauto\/ig:avif\/https:\/\/thebottleshop.vn\/wp-content\/uploads\/2025\/04\/Bia-Blanche-Witbier.png\",\"datePublished\":\"2025-04-07T07:11:52+00:00\",\"dateModified\":\"2025-04-07T07:15:32+00:00\",\"description\":\"Bia Blanche Witbier l\u00e0 bia l\u00faa m\u00ec \u00eam d\u1ecbu v\u1edbi v\u1ecf cam ng\u1ecdt, rau m\u00f9i v\u00e0 m\u1ed9t ch\u00fat b\u00ed quy\u1ebft Ph\u00e1p t\u1eeb qu\u00ea h\u01b0\u01a1ng c\u1ee7a ng\u01b0\u1eddi s\u00e1ng l\u1eadp.\",\"breadcrumb\":{\"@id\":\"http:\/\/52.77.24.187\/vi\/san-pham\/bia-blanche-witbier\/#breadcrumb\"},\"inLanguage\":\"vi-VN\",\"potentialAction\":[{\"@type\":\"ReadAction\",\"target\":[\"http:\/\/52.77.24.187\/vi\/san-pham\/bia-blanche-witbier\/\"]}]},{\"@type\":\"ImageObject\",\"inLanguage\":\"vi-VN\",\"@id\":\"http:\/\/52.77.24.187\/vi\/san-pham\/bia-blanche-witbier\/#primaryimage\",\"url\":\"https:\/\/mlsrfcxkkbzg.i.optimole.com\/cb:JbP2.215d7\/w:auto\/h:auto\/q:mauto\/ig:avif\/https:\/\/thebottleshop.vn\/wp-content\/uploads\/2025\/04\/Bia-Blanche-Witbier.png\",\"contentUrl\":\"https:\/\/mlsrfcxkkbzg.i.optimole.com\/cb:JbP2.215d7\/w:auto\/h:auto\/q:mauto\/ig:avif\/https:\/\/thebottleshop.vn\/wp-content\/uploads\/2025\/04\/Bia-Blanche-Witbier.png\",\"width\":1080,\"height\":1080,\"caption\":\"Bia Blanche Witbier\"},{\"@type\":\"BreadcrumbList\",\"@id\":\"http:\/\/52.77.24.187\/vi\/san-pham\/bia-blanche-witbier\/#breadcrumb\",\"itemListElement\":[{\"@type\":\"ListItem\",\"position\":1,\"name\":\"Home\",\"item\":\"http:\/\/52.77.24.187\/vi\/test-popup-vi\/\"},{\"@type\":\"ListItem\",\"position\":2,\"name\":\"C\u1eeda h\u00e0ng\",\"item\":\"http:\/\/52.77.24.187\/vi\/cua-hang\/\"},{\"@type\":\"ListItem\",\"position\":3,\"name\":\"Bia Blanche Witbier\"}]},{\"@type\":\"WebSite\",\"@id\":\"http:\/\/52.77.24.187\/#website\",\"url\":\"http:\/\/52.77.24.187\/\",\"name\":\"The Bottle Shop\",\"description\":\"All beers are not created equal\",\"publisher\":{\"@id\":\"http:\/\/52.77.24.187\/#organization\"},\"potentialAction\":[{\"@type\":\"SearchAction\",\"target\":{\"@type\":\"EntryPoint\",\"urlTemplate\":\"http:\/\/52.77.24.187\/?s={search_term_string}\"},\"query-input\":{\"@type\":\"PropertyValueSpecification\",\"valueRequired\":true,\"valueName\":\"search_term_string\"}}],\"inLanguage\":\"vi-VN\"},{\"@type\":\"Organization\",\"@id\":\"http:\/\/52.77.24.187\/#organization\",\"name\":\"The Bottle Shop\",\"url\":\"http:\/\/52.77.24.187\/\",\"logo\":{\"@type\":\"ImageObject\",\"inLanguage\":\"vi-VN\",\"@id\":\"http:\/\/52.77.24.187\/#\/schema\/logo\/image\/\",\"url\":\"https:\/\/mlsrfcxkkbzg.i.optimole.com\/cb:JbP2.215d7\/w:auto\/h:auto\/q:mauto\/ig:avif\/https:\/\/thebottleshop.vn\/wp-content\/uploads\/2022\/10\/The-Bottle-Shop-Online-Logo.png\",\"contentUrl\":\"https:\/\/mlsrfcxkkbzg.i.optimole.com\/cb:JbP2.215d7\/w:auto\/h:auto\/q:mauto\/ig:avif\/https:\/\/thebottleshop.vn\/wp-content\/uploads\/2022\/10\/The-Bottle-Shop-Online-Logo.png\",\"width\":145,\"height\":147,\"caption\":\"The Bottle Shop\"},\"image\":{\"@id\":\"http:\/\/52.77.24.187\/#\/schema\/logo\/image\/\"},\"sameAs\":[\"https:\/\/www.facebook.com\/thebottleshopvietnam\",\"https:\/\/www.instagram.com\/thebottleshop_vietnam\/\"]}]}<\/script>\n<!-- \/ Yoast SEO plugin. -->","yoast_head_json":{"title":"Bia Blanche Witbier - The Bottle Shop","description":"Bia Blanche Witbier l\u00e0 bia l\u00faa m\u00ec \u00eam d\u1ecbu v\u1edbi v\u1ecf cam ng\u1ecdt, rau m\u00f9i v\u00e0 m\u1ed9t ch\u00fat b\u00ed quy\u1ebft Ph\u00e1p t\u1eeb qu\u00ea h\u01b0\u01a1ng c\u1ee7a ng\u01b0\u1eddi s\u00e1ng l\u1eadp.","robots":{"index":"index","follow":"follow","max-snippet":"max-snippet:-1","max-image-preview":"max-image-preview:large","max-video-preview":"max-video-preview:-1"},"canonical":"http:\/\/52.77.24.187\/vi\/san-pham\/bia-blanche-witbier\/","og_locale":"vi_VN","og_type":"article","og_title":"Bia Blanche Witbier - The Bottle Shop","og_description":"Bia Blanche Witbier l\u00e0 bia l\u00faa m\u00ec \u00eam d\u1ecbu v\u1edbi v\u1ecf cam ng\u1ecdt, rau m\u00f9i v\u00e0 m\u1ed9t ch\u00fat b\u00ed quy\u1ebft Ph\u00e1p t\u1eeb qu\u00ea h\u01b0\u01a1ng c\u1ee7a ng\u01b0\u1eddi s\u00e1ng l\u1eadp.","og_url":"http:\/\/52.77.24.187\/vi\/san-pham\/bia-blanche-witbier\/","og_site_name":"The Bottle Shop","article_publisher":"https:\/\/www.facebook.com\/thebottleshopvietnam","article_modified_time":"2025-04-07T07:15:32+00:00","og_image":[{"width":1080,"height":1080,"url":"https:\/\/mlsrfcxkkbzg.i.optimole.com\/cb:JbP2.215d7\/w:auto\/h:auto\/q:mauto\/ig:avif\/http:\/\/52.77.24.187\/wp-content\/uploads\/2025\/04\/Bia-Blanche-Wheat-Beer.png","type":"image\/png"}],"twitter_card":"summary_large_image","schema":{"@context":"https:\/\/schema.org","@graph":[{"@type":"WebPage","@id":"http:\/\/52.77.24.187\/vi\/san-pham\/bia-blanche-witbier\/","url":"http:\/\/52.77.24.187\/vi\/san-pham\/bia-blanche-witbier\/","name":"Bia Blanche Witbier - The Bottle Shop","isPartOf":{"@id":"http:\/\/52.77.24.187\/#website"},"primaryImageOfPage":{"@id":"http:\/\/52.77.24.187\/vi\/san-pham\/bia-blanche-witbier\/#primaryimage"},"image":{"@id":"http:\/\/52.77.24.187\/vi\/san-pham\/bia-blanche-witbier\/#primaryimage"},"thumbnailUrl":"https:\/\/mlsrfcxkkbzg.i.optimole.com\/cb:JbP2.215d7\/w:auto\/h:auto\/q:mauto\/ig:avif\/https:\/\/thebottleshop.vn\/wp-content\/uploads\/2025\/04\/Bia-Blanche-Witbier.png","datePublished":"2025-04-07T07:11:52+00:00","dateModified":"2025-04-07T07:15:32+00:00","description":"Bia Blanche Witbier l\u00e0 bia l\u00faa m\u00ec \u00eam d\u1ecbu v\u1edbi v\u1ecf cam ng\u1ecdt, rau m\u00f9i v\u00e0 m\u1ed9t ch\u00fat b\u00ed quy\u1ebft Ph\u00e1p t\u1eeb qu\u00ea h\u01b0\u01a1ng c\u1ee7a ng\u01b0\u1eddi s\u00e1ng l\u1eadp.","breadcrumb":{"@id":"http:\/\/52.77.24.187\/vi\/san-pham\/bia-blanche-witbier\/#breadcrumb"},"inLanguage":"vi-VN","potentialAction":[{"@type":"ReadAction","target":["http:\/\/52.77.24.187\/vi\/san-pham\/bia-blanche-witbier\/"]}]},{"@type":"ImageObject","inLanguage":"vi-VN","@id":"http:\/\/52.77.24.187\/vi\/san-pham\/bia-blanche-witbier\/#primaryimage","url":"https:\/\/mlsrfcxkkbzg.i.optimole.com\/cb:JbP2.215d7\/w:auto\/h:auto\/q:mauto\/ig:avif\/https:\/\/thebottleshop.vn\/wp-content\/uploads\/2025\/04\/Bia-Blanche-Witbier.png","contentUrl":"https:\/\/mlsrfcxkkbzg.i.optimole.com\/cb:JbP2.215d7\/w:auto\/h:auto\/q:mauto\/ig:avif\/https:\/\/thebottleshop.vn\/wp-content\/uploads\/2025\/04\/Bia-Blanche-Witbier.png","width":1080,"height":1080,"caption":"Bia Blanche Witbier"},{"@type":"BreadcrumbList","@id":"http:\/\/52.77.24.187\/vi\/san-pham\/bia-blanche-witbier\/#breadcrumb","itemListElement":[{"@type":"ListItem","position":1,"name":"Home","item":"http:\/\/52.77.24.187\/vi\/test-popup-vi\/"},{"@type":"ListItem","position":2,"name":"C\u1eeda h\u00e0ng","item":"http:\/\/52.77.24.187\/vi\/cua-hang\/"},{"@type":"ListItem","position":3,"name":"Bia Blanche Witbier"}]},{"@type":"WebSite","@id":"http:\/\/52.77.24.187\/#website","url":"http:\/\/52.77.24.187\/","name":"The Bottle Shop","description":"All beers are not created equal","publisher":{"@id":"http:\/\/52.77.24.187\/#organization"},"potentialAction":[{"@type":"SearchAction","target":{"@type":"EntryPoint","urlTemplate":"http:\/\/52.77.24.187\/?s={search_term_string}"},"query-input":{"@type":"PropertyValueSpecification","valueRequired":true,"valueName":"search_term_string"}}],"inLanguage":"vi-VN"},{"@type":"Organization","@id":"http:\/\/52.77.24.187\/#organization","name":"The Bottle Shop","url":"http:\/\/52.77.24.187\/","logo":{"@type":"ImageObject","inLanguage":"vi-VN","@id":"http:\/\/52.77.24.187\/#\/schema\/logo\/image\/","url":"https:\/\/mlsrfcxkkbzg.i.optimole.com\/cb:JbP2.215d7\/w:auto\/h:auto\/q:mauto\/ig:avif\/https:\/\/thebottleshop.vn\/wp-content\/uploads\/2022\/10\/The-Bottle-Shop-Online-Logo.png","contentUrl":"https:\/\/mlsrfcxkkbzg.i.optimole.com\/cb:JbP2.215d7\/w:auto\/h:auto\/q:mauto\/ig:avif\/https:\/\/thebottleshop.vn\/wp-content\/uploads\/2022\/10\/The-Bottle-Shop-Online-Logo.png","width":145,"height":147,"caption":"The Bottle Shop"},"image":{"@id":"http:\/\/52.77.24.187\/#\/schema\/logo\/image\/"},"sameAs":["https:\/\/www.facebook.com\/thebottleshopvietnam","https:\/\/www.instagram.com\/thebottleshop_vietnam\/"]}]}},"_links":{"self":[{"href":"https:\/\/thebottleshop.vn\/vi\/wp-json\/wp\/v2\/product\/21305","targetHints":{"allow":["GET"]}}],"collection":[{"href":"https:\/\/thebottleshop.vn\/vi\/wp-json\/wp\/v2\/product"}],"about":[{"href":"https:\/\/thebottleshop.vn\/vi\/wp-json\/wp\/v2\/types\/product"}],"replies":[{"embeddable":true,"href":"https:\/\/thebottleshop.vn\/vi\/wp-json\/wp\/v2\/comments?post=21305"}],"wp:featuredmedia":[{"embeddable":true,"href":"https:\/\/thebottleshop.vn\/vi\/wp-json\/wp\/v2\/media\/21320"}],"wp:attachment":[{"href":"https:\/\/thebottleshop.vn\/vi\/wp-json\/wp\/v2\/media?parent=21305"}],"wp:term":[{"taxonomy":"product_brand","embeddable":true,"href":"https:\/\/thebottleshop.vn\/vi\/wp-json\/wp\/v2\/product_brand?post=21305"},{"taxonomy":"product_cat","embeddable":true,"href":"https:\/\/thebottleshop.vn\/vi\/wp-json\/wp\/v2\/product_cat?post=21305"},{"taxonomy":"product_tag","embeddable":true,"href":"https:\/\/thebottleshop.vn\/vi\/wp-json\/wp\/v2\/product_tag?post=21305"}],"curies":[{"name":"wp","href":"https:\/\/api.w.org\/{rel}","templated":true}]}}