{"id":21308,"date":"2025-04-07T14:23:41","date_gmt":"2025-04-07T07:23:41","guid":{"rendered":"https:\/\/thebottleshop.vn\/product\/toucan-oi-hong\/"},"modified":"2025-04-07T14:30:57","modified_gmt":"2025-04-07T07:30:57","slug":"toucan-oi-hong","status":"publish","type":"product","link":"https:\/\/thebottleshop.vn\/vi\/san-pham\/toucan-oi-hong\/","title":{"rendered":"Toucan \u1ed4i H\u1ed3ng"},"content":{"rendered":"<p>Toucan \u1ed4i H\u1ed3ng, \u0111\u01b0\u1ee3c l\u00ean men t\u1eeb \u1ed5i h\u1ed3ng nhi\u1ec7t \u0111\u1edbi, mang \u0111\u1ebfn s\u1ef1 c\u00e2n b\u1eb1ng ho\u00e0n h\u1ea3o gi\u1eefa v\u1ecb ng\u1ecdt v\u00e0 chua, khi\u1ebfn m\u1ed7i ng\u1ee5m bia tr\u1edf n\u00ean s\u1ed1ng \u0111\u1ed9ng b\u00f9ng n\u1ed5. \u0110\u1ed9 c\u1ed3n v\u1eeba ph\u1ea3i v\u00e0 h\u1eadu v\u1ecb \u00eam d\u1ecbu mang \u0111\u1ebfn tr\u1ea3i nghi\u1ec7m u\u1ed1ng bia th\u1ecfa m\u00e3n, v\u1eeba nh\u1eb9 nh\u00e0ng v\u1eeba \u0111\u1eadm \u0111\u00e0, ho\u00e0n h\u1ea3o cho m\u1ecdi d\u1ecbp. <\/p>\n<p>\u2014\u2013<br \/>\nXem th\u01b0 vi\u1ec7n h\u00ecnh \u1ea3nh \u0111\u1ec3 bi\u1ebft th\u00eam th\u00f4ng tin chi ti\u1ebft v\u1ec1 ngu\u1ed3n g\u1ed1c, th\u00e0nh ph\u1ea7n v\u00e0 h\u01b0\u1edbng d\u1eabn s\u1eed d\u1ee5ng c\u1ee7a s\u1ea3n ph\u1ea9m.<\/p>\n","protected":false},"excerpt":{"rendered":"<p><strong>\u00cam d\u1ecbu, S\u1ea3ng kho\u00e1i 4.5%<\/strong><\/p>\n","protected":false},"featured_media":22203,"comment_status":"open","ping_status":"closed","template":"","meta":{"_acf_changed":false},"product_brand":[],"product_cat":[378,337,340,347,354,404,351,366,345,377,339,341,352,344,690],"product_tag":[],"class_list":{"0":"post-21308","1":"product","2":"type-product","3":"status-publish","4":"has-post-thumbnail","6":"product_cat-00-19","7":"product_cat-bia-va-cider","8":"product_cat-vietnam-hcmc","9":"product_cat-4-5-9","10":"product_cat-75k-99k","11":"product_cat-bia-hoa-qua-vi","12":"product_cat-dong-bia","13":"product_cat-nha-san-xuat","14":"product_cat-abv-vi","15":"product_cat-ibu","16":"product_cat-xuat-xu","17":"product_cat-dong-goi","18":"product_cat-gia","19":"product_cat-lon-330-ml","20":"product_cat-toucan-vi","22":"first","23":"outofstock","24":"shipping-taxable","25":"purchasable","26":"product-type-simple","27":"add-to-wishlist-before_image"},"acf":[],"yoast_head":"<!-- This site is optimized with the Yoast SEO plugin v27.2 - https:\/\/yoast.com\/product\/yoast-seo-wordpress\/ -->\n<title>Toucan \u1ed4i H\u1ed3ng - The Bottle Shop<\/title>\n<meta name=\"description\" content=\"Toucan \u1ed4i H\u1ed3ng, \u0111\u01b0\u1ee3c l\u00ean men t\u1eeb \u1ed5i h\u1ed3ng nhi\u1ec7t \u0111\u1edbi, mang \u0111\u1ebfn s\u1ef1 c\u00e2n b\u1eb1ng ho\u00e0n h\u1ea3o gi\u1eefa v\u1ecb ng\u1ecdt v\u00e0 chua, khi\u1ebfn m\u1ed7i ng\u1ee5m bia tr\u1edf n\u00ean s\u1ed1ng \u0111\u1ed9ng b\u00f9ng n\u1ed5.\" \/>\n<meta name=\"robots\" content=\"index, follow, max-snippet:-1, max-image-preview:large, max-video-preview:-1\" \/>\n<link rel=\"canonical\" href=\"http:\/\/52.77.24.187\/vi\/san-pham\/toucan-oi-hong\/\" \/>\n<meta property=\"og:locale\" content=\"vi_VN\" \/>\n<meta property=\"og:type\" content=\"article\" \/>\n<meta property=\"og:title\" content=\"Toucan \u1ed4i H\u1ed3ng - The Bottle Shop\" \/>\n<meta property=\"og:description\" content=\"Toucan \u1ed4i H\u1ed3ng, \u0111\u01b0\u1ee3c l\u00ean men t\u1eeb \u1ed5i h\u1ed3ng nhi\u1ec7t \u0111\u1edbi, mang \u0111\u1ebfn s\u1ef1 c\u00e2n b\u1eb1ng ho\u00e0n h\u1ea3o gi\u1eefa v\u1ecb ng\u1ecdt v\u00e0 chua, khi\u1ebfn m\u1ed7i ng\u1ee5m bia tr\u1edf n\u00ean s\u1ed1ng \u0111\u1ed9ng b\u00f9ng n\u1ed5.\" \/>\n<meta property=\"og:url\" content=\"http:\/\/52.77.24.187\/vi\/san-pham\/toucan-oi-hong\/\" \/>\n<meta property=\"og:site_name\" content=\"The Bottle Shop\" \/>\n<meta property=\"article:publisher\" content=\"https:\/\/www.facebook.com\/thebottleshopvietnam\" \/>\n<meta property=\"article:modified_time\" content=\"2025-04-07T07:30:57+00:00\" \/>\n<meta name=\"twitter:card\" content=\"summary_large_image\" \/>\n<meta name=\"twitter:label1\" content=\"Est. reading time\" \/>\n\t<meta name=\"twitter:data1\" content=\"1 minute\" \/>\n<script type=\"application\/ld+json\" class=\"yoast-schema-graph\">{\"@context\":\"https:\/\/schema.org\",\"@graph\":[{\"@type\":\"WebPage\",\"@id\":\"http:\/\/52.77.24.187\/vi\/san-pham\/toucan-oi-hong\/\",\"url\":\"http:\/\/52.77.24.187\/vi\/san-pham\/toucan-oi-hong\/\",\"name\":\"Toucan \u1ed4i H\u1ed3ng - The Bottle Shop\",\"isPartOf\":{\"@id\":\"http:\/\/52.77.24.187\/#website\"},\"primaryImageOfPage\":{\"@id\":\"http:\/\/52.77.24.187\/vi\/san-pham\/toucan-oi-hong\/#primaryimage\"},\"image\":{\"@id\":\"http:\/\/52.77.24.187\/vi\/san-pham\/toucan-oi-hong\/#primaryimage\"},\"thumbnailUrl\":\"https:\/\/mlsrfcxkkbzg.i.optimole.com\/cb:JbP2.215d7\/w:auto\/h:auto\/q:mauto\/ig:avif\/https:\/\/thebottleshop.vn\/wp-content\/uploads\/2025\/10\/Toucan-Pink-Guava-Wheat-Can.png\",\"datePublished\":\"2025-04-07T07:23:41+00:00\",\"dateModified\":\"2025-04-07T07:30:57+00:00\",\"description\":\"Toucan \u1ed4i H\u1ed3ng, \u0111\u01b0\u1ee3c l\u00ean men t\u1eeb \u1ed5i h\u1ed3ng nhi\u1ec7t \u0111\u1edbi, mang \u0111\u1ebfn s\u1ef1 c\u00e2n b\u1eb1ng ho\u00e0n h\u1ea3o gi\u1eefa v\u1ecb ng\u1ecdt v\u00e0 chua, khi\u1ebfn m\u1ed7i ng\u1ee5m bia tr\u1edf n\u00ean s\u1ed1ng \u0111\u1ed9ng b\u00f9ng n\u1ed5.\",\"breadcrumb\":{\"@id\":\"http:\/\/52.77.24.187\/vi\/san-pham\/toucan-oi-hong\/#breadcrumb\"},\"inLanguage\":\"vi-VN\",\"potentialAction\":[{\"@type\":\"ReadAction\",\"target\":[\"http:\/\/52.77.24.187\/vi\/san-pham\/toucan-oi-hong\/\"]}]},{\"@type\":\"ImageObject\",\"inLanguage\":\"vi-VN\",\"@id\":\"http:\/\/52.77.24.187\/vi\/san-pham\/toucan-oi-hong\/#primaryimage\",\"url\":\"https:\/\/mlsrfcxkkbzg.i.optimole.com\/cb:JbP2.215d7\/w:auto\/h:auto\/q:mauto\/ig:avif\/https:\/\/thebottleshop.vn\/wp-content\/uploads\/2025\/10\/Toucan-Pink-Guava-Wheat-Can.png\",\"contentUrl\":\"https:\/\/mlsrfcxkkbzg.i.optimole.com\/cb:JbP2.215d7\/w:auto\/h:auto\/q:mauto\/ig:avif\/https:\/\/thebottleshop.vn\/wp-content\/uploads\/2025\/10\/Toucan-Pink-Guava-Wheat-Can.png\",\"width\":1558,\"height\":1558,\"caption\":\"Toucan Pink Guava Wheat Can\"},{\"@type\":\"BreadcrumbList\",\"@id\":\"http:\/\/52.77.24.187\/vi\/san-pham\/toucan-oi-hong\/#breadcrumb\",\"itemListElement\":[{\"@type\":\"ListItem\",\"position\":1,\"name\":\"Home\",\"item\":\"http:\/\/52.77.24.187\/vi\/test-popup-vi\/\"},{\"@type\":\"ListItem\",\"position\":2,\"name\":\"C\u1eeda h\u00e0ng\",\"item\":\"http:\/\/52.77.24.187\/vi\/cua-hang\/\"},{\"@type\":\"ListItem\",\"position\":3,\"name\":\"Toucan \u1ed4i H\u1ed3ng\"}]},{\"@type\":\"WebSite\",\"@id\":\"http:\/\/52.77.24.187\/#website\",\"url\":\"http:\/\/52.77.24.187\/\",\"name\":\"The Bottle Shop\",\"description\":\"All beers are not created equal\",\"publisher\":{\"@id\":\"http:\/\/52.77.24.187\/#organization\"},\"potentialAction\":[{\"@type\":\"SearchAction\",\"target\":{\"@type\":\"EntryPoint\",\"urlTemplate\":\"http:\/\/52.77.24.187\/?s={search_term_string}\"},\"query-input\":{\"@type\":\"PropertyValueSpecification\",\"valueRequired\":true,\"valueName\":\"search_term_string\"}}],\"inLanguage\":\"vi-VN\"},{\"@type\":\"Organization\",\"@id\":\"http:\/\/52.77.24.187\/#organization\",\"name\":\"The Bottle Shop\",\"url\":\"http:\/\/52.77.24.187\/\",\"logo\":{\"@type\":\"ImageObject\",\"inLanguage\":\"vi-VN\",\"@id\":\"http:\/\/52.77.24.187\/#\/schema\/logo\/image\/\",\"url\":\"https:\/\/mlsrfcxkkbzg.i.optimole.com\/cb:JbP2.215d7\/w:auto\/h:auto\/q:mauto\/ig:avif\/https:\/\/thebottleshop.vn\/wp-content\/uploads\/2022\/10\/The-Bottle-Shop-Online-Logo.png\",\"contentUrl\":\"https:\/\/mlsrfcxkkbzg.i.optimole.com\/cb:JbP2.215d7\/w:auto\/h:auto\/q:mauto\/ig:avif\/https:\/\/thebottleshop.vn\/wp-content\/uploads\/2022\/10\/The-Bottle-Shop-Online-Logo.png\",\"width\":145,\"height\":147,\"caption\":\"The Bottle Shop\"},\"image\":{\"@id\":\"http:\/\/52.77.24.187\/#\/schema\/logo\/image\/\"},\"sameAs\":[\"https:\/\/www.facebook.com\/thebottleshopvietnam\",\"https:\/\/www.instagram.com\/thebottleshop_vietnam\/\"]}]}<\/script>\n<!-- \/ Yoast SEO plugin. -->","yoast_head_json":{"title":"Toucan \u1ed4i H\u1ed3ng - The Bottle Shop","description":"Toucan \u1ed4i H\u1ed3ng, \u0111\u01b0\u1ee3c l\u00ean men t\u1eeb \u1ed5i h\u1ed3ng nhi\u1ec7t \u0111\u1edbi, mang \u0111\u1ebfn s\u1ef1 c\u00e2n b\u1eb1ng ho\u00e0n h\u1ea3o gi\u1eefa v\u1ecb ng\u1ecdt v\u00e0 chua, khi\u1ebfn m\u1ed7i ng\u1ee5m bia tr\u1edf n\u00ean s\u1ed1ng \u0111\u1ed9ng b\u00f9ng n\u1ed5.","robots":{"index":"index","follow":"follow","max-snippet":"max-snippet:-1","max-image-preview":"max-image-preview:large","max-video-preview":"max-video-preview:-1"},"canonical":"http:\/\/52.77.24.187\/vi\/san-pham\/toucan-oi-hong\/","og_locale":"vi_VN","og_type":"article","og_title":"Toucan \u1ed4i H\u1ed3ng - The Bottle Shop","og_description":"Toucan \u1ed4i H\u1ed3ng, \u0111\u01b0\u1ee3c l\u00ean men t\u1eeb \u1ed5i h\u1ed3ng nhi\u1ec7t \u0111\u1edbi, mang \u0111\u1ebfn s\u1ef1 c\u00e2n b\u1eb1ng ho\u00e0n h\u1ea3o gi\u1eefa v\u1ecb ng\u1ecdt v\u00e0 chua, khi\u1ebfn m\u1ed7i ng\u1ee5m bia tr\u1edf n\u00ean s\u1ed1ng \u0111\u1ed9ng b\u00f9ng n\u1ed5.","og_url":"http:\/\/52.77.24.187\/vi\/san-pham\/toucan-oi-hong\/","og_site_name":"The Bottle Shop","article_publisher":"https:\/\/www.facebook.com\/thebottleshopvietnam","article_modified_time":"2025-04-07T07:30:57+00:00","twitter_card":"summary_large_image","twitter_misc":{"Est. reading time":"1 minute"},"schema":{"@context":"https:\/\/schema.org","@graph":[{"@type":"WebPage","@id":"http:\/\/52.77.24.187\/vi\/san-pham\/toucan-oi-hong\/","url":"http:\/\/52.77.24.187\/vi\/san-pham\/toucan-oi-hong\/","name":"Toucan \u1ed4i H\u1ed3ng - The Bottle Shop","isPartOf":{"@id":"http:\/\/52.77.24.187\/#website"},"primaryImageOfPage":{"@id":"http:\/\/52.77.24.187\/vi\/san-pham\/toucan-oi-hong\/#primaryimage"},"image":{"@id":"http:\/\/52.77.24.187\/vi\/san-pham\/toucan-oi-hong\/#primaryimage"},"thumbnailUrl":"https:\/\/mlsrfcxkkbzg.i.optimole.com\/cb:JbP2.215d7\/w:auto\/h:auto\/q:mauto\/ig:avif\/https:\/\/thebottleshop.vn\/wp-content\/uploads\/2025\/10\/Toucan-Pink-Guava-Wheat-Can.png","datePublished":"2025-04-07T07:23:41+00:00","dateModified":"2025-04-07T07:30:57+00:00","description":"Toucan \u1ed4i H\u1ed3ng, \u0111\u01b0\u1ee3c l\u00ean men t\u1eeb \u1ed5i h\u1ed3ng nhi\u1ec7t \u0111\u1edbi, mang \u0111\u1ebfn s\u1ef1 c\u00e2n b\u1eb1ng ho\u00e0n h\u1ea3o gi\u1eefa v\u1ecb ng\u1ecdt v\u00e0 chua, khi\u1ebfn m\u1ed7i ng\u1ee5m bia tr\u1edf n\u00ean s\u1ed1ng \u0111\u1ed9ng b\u00f9ng n\u1ed5.","breadcrumb":{"@id":"http:\/\/52.77.24.187\/vi\/san-pham\/toucan-oi-hong\/#breadcrumb"},"inLanguage":"vi-VN","potentialAction":[{"@type":"ReadAction","target":["http:\/\/52.77.24.187\/vi\/san-pham\/toucan-oi-hong\/"]}]},{"@type":"ImageObject","inLanguage":"vi-VN","@id":"http:\/\/52.77.24.187\/vi\/san-pham\/toucan-oi-hong\/#primaryimage","url":"https:\/\/mlsrfcxkkbzg.i.optimole.com\/cb:JbP2.215d7\/w:auto\/h:auto\/q:mauto\/ig:avif\/https:\/\/thebottleshop.vn\/wp-content\/uploads\/2025\/10\/Toucan-Pink-Guava-Wheat-Can.png","contentUrl":"https:\/\/mlsrfcxkkbzg.i.optimole.com\/cb:JbP2.215d7\/w:auto\/h:auto\/q:mauto\/ig:avif\/https:\/\/thebottleshop.vn\/wp-content\/uploads\/2025\/10\/Toucan-Pink-Guava-Wheat-Can.png","width":1558,"height":1558,"caption":"Toucan Pink Guava Wheat Can"},{"@type":"BreadcrumbList","@id":"http:\/\/52.77.24.187\/vi\/san-pham\/toucan-oi-hong\/#breadcrumb","itemListElement":[{"@type":"ListItem","position":1,"name":"Home","item":"http:\/\/52.77.24.187\/vi\/test-popup-vi\/"},{"@type":"ListItem","position":2,"name":"C\u1eeda h\u00e0ng","item":"http:\/\/52.77.24.187\/vi\/cua-hang\/"},{"@type":"ListItem","position":3,"name":"Toucan \u1ed4i H\u1ed3ng"}]},{"@type":"WebSite","@id":"http:\/\/52.77.24.187\/#website","url":"http:\/\/52.77.24.187\/","name":"The Bottle Shop","description":"All beers are not created equal","publisher":{"@id":"http:\/\/52.77.24.187\/#organization"},"potentialAction":[{"@type":"SearchAction","target":{"@type":"EntryPoint","urlTemplate":"http:\/\/52.77.24.187\/?s={search_term_string}"},"query-input":{"@type":"PropertyValueSpecification","valueRequired":true,"valueName":"search_term_string"}}],"inLanguage":"vi-VN"},{"@type":"Organization","@id":"http:\/\/52.77.24.187\/#organization","name":"The Bottle Shop","url":"http:\/\/52.77.24.187\/","logo":{"@type":"ImageObject","inLanguage":"vi-VN","@id":"http:\/\/52.77.24.187\/#\/schema\/logo\/image\/","url":"https:\/\/mlsrfcxkkbzg.i.optimole.com\/cb:JbP2.215d7\/w:auto\/h:auto\/q:mauto\/ig:avif\/https:\/\/thebottleshop.vn\/wp-content\/uploads\/2022\/10\/The-Bottle-Shop-Online-Logo.png","contentUrl":"https:\/\/mlsrfcxkkbzg.i.optimole.com\/cb:JbP2.215d7\/w:auto\/h:auto\/q:mauto\/ig:avif\/https:\/\/thebottleshop.vn\/wp-content\/uploads\/2022\/10\/The-Bottle-Shop-Online-Logo.png","width":145,"height":147,"caption":"The Bottle Shop"},"image":{"@id":"http:\/\/52.77.24.187\/#\/schema\/logo\/image\/"},"sameAs":["https:\/\/www.facebook.com\/thebottleshopvietnam","https:\/\/www.instagram.com\/thebottleshop_vietnam\/"]}]}},"_links":{"self":[{"href":"https:\/\/thebottleshop.vn\/vi\/wp-json\/wp\/v2\/product\/21308","targetHints":{"allow":["GET"]}}],"collection":[{"href":"https:\/\/thebottleshop.vn\/vi\/wp-json\/wp\/v2\/product"}],"about":[{"href":"https:\/\/thebottleshop.vn\/vi\/wp-json\/wp\/v2\/types\/product"}],"replies":[{"embeddable":true,"href":"https:\/\/thebottleshop.vn\/vi\/wp-json\/wp\/v2\/comments?post=21308"}],"wp:featuredmedia":[{"embeddable":true,"href":"https:\/\/thebottleshop.vn\/vi\/wp-json\/wp\/v2\/media\/22203"}],"wp:attachment":[{"href":"https:\/\/thebottleshop.vn\/vi\/wp-json\/wp\/v2\/media?parent=21308"}],"wp:term":[{"taxonomy":"product_brand","embeddable":true,"href":"https:\/\/thebottleshop.vn\/vi\/wp-json\/wp\/v2\/product_brand?post=21308"},{"taxonomy":"product_cat","embeddable":true,"href":"https:\/\/thebottleshop.vn\/vi\/wp-json\/wp\/v2\/product_cat?post=21308"},{"taxonomy":"product_tag","embeddable":true,"href":"https:\/\/thebottleshop.vn\/vi\/wp-json\/wp\/v2\/product_tag?post=21308"}],"curies":[{"name":"wp","href":"https:\/\/api.w.org\/{rel}","templated":true}]}}