{"id":21333,"date":"2025-03-25T07:22:16","date_gmt":"2025-04-09T07:24:27","guid":{"rendered":"https:\/\/thebottleshop.vn\/product\/heart-of-darkness-no-doubt-dragonfruit-brut-blond-ale\/"},"modified":"2025-04-09T14:28:39","modified_gmt":"2025-04-09T07:28:39","slug":"heart-of-darkness-no-doubt-dragonfruit-brut-blond-ale","status":"publish","type":"product","link":"https:\/\/thebottleshop.vn\/vi\/san-pham\/heart-of-darkness-no-doubt-dragonfruit-brut-blond-ale\/","title":{"rendered":"Heart of Darkness No Doubt Dragonfruit Brut Blond Ale"},"content":{"rendered":"<p>Heart of Darkness No Doubt Dragonfruit Brut Blond Ale. M\u1ed9t Blond Ale mang m\u00e0u h\u1ed3ng. H\u01b0\u01a1ng v\u1ecb v\u00e0 kh\u1ea9u c\u1ea3m t\u01b0\u01a1i m\u00e1t c\u1ee7a qu\u1ea3 thanh long \u0111\u1ecf v\u00e0 lupulin T\u00e2n Th\u1ebf Gi\u1edbi \u0111\u1ebfn t\u1eeb hoa bia El Dorado\u00ae, \u0111\u00f3ng g\u00f3p b\u1edfi nh\u1eefng ng\u01b0\u1eddi b\u1ea1n \u1edf CLS Farms. M\u1ed9t d\u00f2ng Brut \u0111\u1ea7y h\u1ee9ng kh\u1edfi.    <\/p>\n<p>\u2014\u2013<br \/>\nXem th\u01b0 vi\u1ec7n h\u00ecnh \u1ea3nh \u0111\u1ec3 bi\u1ebft th\u00eam th\u00f4ng tin chi ti\u1ebft v\u1ec1 ngu\u1ed3n g\u1ed1c, th\u00e0nh ph\u1ea7n v\u00e0 h\u01b0\u1edbng d\u1eabn s\u1eed d\u1ee5ng c\u1ee7a s\u1ea3n ph\u1ea9m.<\/p>\n","protected":false},"excerpt":{"rendered":"<p><strong>5.1%<\/strong><\/p>\n","protected":false},"featured_media":21265,"comment_status":"open","ping_status":"closed","template":"","meta":{"_acf_changed":false},"product_brand":[],"product_cat":[340,379,347,337,354,400,351,366,345,377,339,341,352,344,369],"product_tag":[],"class_list":{"0":"post-21333","1":"product","2":"type-product","3":"status-publish","4":"has-post-thumbnail","6":"product_cat-vietnam-hcmc","7":"product_cat-20-39","8":"product_cat-4-5-9","9":"product_cat-bia-va-cider","10":"product_cat-75k-99k","11":"product_cat-bia-vang","12":"product_cat-dong-bia","13":"product_cat-nha-san-xuat","14":"product_cat-abv-vi","15":"product_cat-ibu","16":"product_cat-xuat-xu","17":"product_cat-dong-goi","18":"product_cat-gia","19":"product_cat-lon-330-ml","20":"product_cat-heart-of-darkness","22":"first","23":"outofstock","24":"shipping-taxable","25":"purchasable","26":"product-type-simple","27":"add-to-wishlist-before_image"},"acf":[],"yoast_head":"<!-- This site is optimized with the Yoast SEO plugin v27.5 - https:\/\/yoast.com\/product\/yoast-seo-wordpress\/ -->\n<title>Heart of Darkness No Doubt Dragonfruit Brut Blond Ale - The Bottle Shop<\/title>\n<meta name=\"description\" content=\"Heart of Darkness No Doubt Dragonfruit Brut Blond Ale. M\u1ed9t Blond Ale mang m\u00e0u h\u1ed3ng. H\u01b0\u01a1ng v\u1ecb v\u00e0 kh\u1ea9u c\u1ea3m t\u01b0\u01a1i m\u00e1t c\u1ee7a qu\u1ea3 thanh long \u0111\u1ecf.\" \/>\n<meta name=\"robots\" content=\"index, follow, max-snippet:-1, max-image-preview:large, max-video-preview:-1\" \/>\n<link rel=\"canonical\" href=\"http:\/\/52.77.24.187\/vi\/san-pham\/heart-of-darkness-no-doubt-dragonfruit-brut-blond-ale\/\" \/>\n<meta property=\"og:locale\" content=\"vi_VN\" \/>\n<meta property=\"og:type\" content=\"article\" \/>\n<meta property=\"og:title\" content=\"Heart of Darkness No Doubt Dragonfruit Brut Blond Ale - The Bottle Shop\" \/>\n<meta property=\"og:description\" content=\"Heart of Darkness No Doubt Dragonfruit Brut Blond Ale. M\u1ed9t Blond Ale mang m\u00e0u h\u1ed3ng. H\u01b0\u01a1ng v\u1ecb v\u00e0 kh\u1ea9u c\u1ea3m t\u01b0\u01a1i m\u00e1t c\u1ee7a qu\u1ea3 thanh long \u0111\u1ecf.\" \/>\n<meta property=\"og:url\" content=\"http:\/\/52.77.24.187\/vi\/san-pham\/heart-of-darkness-no-doubt-dragonfruit-brut-blond-ale\/\" \/>\n<meta property=\"og:site_name\" content=\"The Bottle Shop\" \/>\n<meta property=\"article:publisher\" content=\"https:\/\/www.facebook.com\/thebottleshopvietnam\" \/>\n<meta property=\"article:modified_time\" content=\"2025-04-09T07:28:39+00:00\" \/>\n<meta property=\"og:image\" content=\"https:\/\/mlsrfcxkkbzg.i.optimole.com\/cb:JbP2.215d7\/w:auto\/h:auto\/q:mauto\/ig:avif\/http:\/\/52.77.24.187\/wp-content\/uploads\/2025\/03\/Heart-of-Darkness-No-Doubt-Dragonfruit-Brut-Blonde-Ale-label.png\" \/>\n\t<meta property=\"og:image:width\" content=\"1080\" \/>\n\t<meta property=\"og:image:height\" content=\"1080\" \/>\n\t<meta property=\"og:image:type\" content=\"image\/png\" \/>\n<meta name=\"twitter:card\" content=\"summary_large_image\" \/>\n<meta name=\"twitter:label1\" content=\"Est. reading time\" \/>\n\t<meta name=\"twitter:data1\" content=\"1 minute\" \/>\n<script type=\"application\/ld+json\" class=\"yoast-schema-graph\">{\"@context\":\"https:\\\/\\\/schema.org\",\"@graph\":[{\"@type\":\"WebPage\",\"@id\":\"http:\\\/\\\/52.77.24.187\\\/vi\\\/san-pham\\\/heart-of-darkness-no-doubt-dragonfruit-brut-blond-ale\\\/\",\"url\":\"http:\\\/\\\/52.77.24.187\\\/vi\\\/san-pham\\\/heart-of-darkness-no-doubt-dragonfruit-brut-blond-ale\\\/\",\"name\":\"Heart of Darkness No Doubt Dragonfruit Brut Blond Ale - The Bottle Shop\",\"isPartOf\":{\"@id\":\"http:\\\/\\\/52.77.24.187\\\/#website\"},\"primaryImageOfPage\":{\"@id\":\"http:\\\/\\\/52.77.24.187\\\/vi\\\/san-pham\\\/heart-of-darkness-no-doubt-dragonfruit-brut-blond-ale\\\/#primaryimage\"},\"image\":{\"@id\":\"http:\\\/\\\/52.77.24.187\\\/vi\\\/san-pham\\\/heart-of-darkness-no-doubt-dragonfruit-brut-blond-ale\\\/#primaryimage\"},\"thumbnailUrl\":\"https:\\/\\/thebottleshop.vn\\/wp-content\\/uploads\\/2025\\/03\\/Heart-of-Darkness-No-Doubt-Dragonfruit-Brut-Blonde-Ale-label.png\",\"datePublished\":\"2025-04-09T07:24:27+00:00\",\"dateModified\":\"2025-04-09T07:28:39+00:00\",\"description\":\"Heart of Darkness No Doubt Dragonfruit Brut Blond Ale. M\u1ed9t Blond Ale mang m\u00e0u h\u1ed3ng. H\u01b0\u01a1ng v\u1ecb v\u00e0 kh\u1ea9u c\u1ea3m t\u01b0\u01a1i m\u00e1t c\u1ee7a qu\u1ea3 thanh long \u0111\u1ecf.\",\"breadcrumb\":{\"@id\":\"http:\\\/\\\/52.77.24.187\\\/vi\\\/san-pham\\\/heart-of-darkness-no-doubt-dragonfruit-brut-blond-ale\\\/#breadcrumb\"},\"inLanguage\":\"vi-VN\",\"potentialAction\":[{\"@type\":\"ReadAction\",\"target\":[\"http:\\\/\\\/52.77.24.187\\\/vi\\\/san-pham\\\/heart-of-darkness-no-doubt-dragonfruit-brut-blond-ale\\\/\"]}]},{\"@type\":\"ImageObject\",\"inLanguage\":\"vi-VN\",\"@id\":\"http:\\\/\\\/52.77.24.187\\\/vi\\\/san-pham\\\/heart-of-darkness-no-doubt-dragonfruit-brut-blond-ale\\\/#primaryimage\",\"url\":\"https:\\/\\/thebottleshop.vn\\/wp-content\\/uploads\\/2025\\/03\\/Heart-of-Darkness-No-Doubt-Dragonfruit-Brut-Blonde-Ale-label.png\",\"contentUrl\":\"https:\\/\\/thebottleshop.vn\\/wp-content\\/uploads\\/2025\\/03\\/Heart-of-Darkness-No-Doubt-Dragonfruit-Brut-Blonde-Ale-label.png\",\"width\":1080,\"height\":1080,\"caption\":\"Heart of Darkness No Doubt Dragonfruit Brut Blonde Ale label\"},{\"@type\":\"BreadcrumbList\",\"@id\":\"http:\\\/\\\/52.77.24.187\\\/vi\\\/san-pham\\\/heart-of-darkness-no-doubt-dragonfruit-brut-blond-ale\\\/#breadcrumb\",\"itemListElement\":[{\"@type\":\"ListItem\",\"position\":1,\"name\":\"Home\",\"item\":\"http:\\\/\\\/52.77.24.187\\\/vi\\\/test-popup-vi\\\/\"},{\"@type\":\"ListItem\",\"position\":2,\"name\":\"C\u1eeda h\u00e0ng\",\"item\":\"http:\\\/\\\/52.77.24.187\\\/vi\\\/cua-hang\\\/\"},{\"@type\":\"ListItem\",\"position\":3,\"name\":\"Heart of Darkness No Doubt Dragonfruit Brut Blond Ale\"}]},{\"@type\":\"WebSite\",\"@id\":\"http:\\\/\\\/52.77.24.187\\\/#website\",\"url\":\"http:\\\/\\\/52.77.24.187\\\/\",\"name\":\"The Bottle Shop\",\"description\":\"All beers are not created equal\",\"publisher\":{\"@id\":\"http:\\\/\\\/52.77.24.187\\\/#organization\"},\"potentialAction\":[{\"@type\":\"SearchAction\",\"target\":{\"@type\":\"EntryPoint\",\"urlTemplate\":\"http:\\\/\\\/52.77.24.187\\\/?s={search_term_string}\"},\"query-input\":{\"@type\":\"PropertyValueSpecification\",\"valueRequired\":true,\"valueName\":\"search_term_string\"}}],\"inLanguage\":\"vi-VN\"},{\"@type\":\"Organization\",\"@id\":\"http:\\\/\\\/52.77.24.187\\\/#organization\",\"name\":\"The Bottle Shop\",\"url\":\"http:\\\/\\\/52.77.24.187\\\/\",\"logo\":{\"@type\":\"ImageObject\",\"inLanguage\":\"vi-VN\",\"@id\":\"http:\\\/\\\/52.77.24.187\\\/#\\\/schema\\\/logo\\\/image\\\/\",\"url\":\"https:\\/\\/thebottleshop.vn\\/wp-content\\/uploads\\/2022\\/10\\/The-Bottle-Shop-Online-Logo.png\",\"contentUrl\":\"https:\\/\\/thebottleshop.vn\\/wp-content\\/uploads\\/2022\\/10\\/The-Bottle-Shop-Online-Logo.png\",\"width\":145,\"height\":147,\"caption\":\"The Bottle Shop\"},\"image\":{\"@id\":\"http:\\\/\\\/52.77.24.187\\\/#\\\/schema\\\/logo\\\/image\\\/\"},\"sameAs\":[\"https:\\\/\\\/www.facebook.com\\\/thebottleshopvietnam\",\"https:\\\/\\\/www.instagram.com\\\/thebottleshop_vietnam\\\/\"]}]}<\/script>\n<!-- \/ Yoast SEO plugin. -->","yoast_head_json":{"title":"Heart of Darkness No Doubt Dragonfruit Brut Blond Ale - The Bottle Shop","description":"Heart of Darkness No Doubt Dragonfruit Brut Blond Ale. M\u1ed9t Blond Ale mang m\u00e0u h\u1ed3ng. H\u01b0\u01a1ng v\u1ecb v\u00e0 kh\u1ea9u c\u1ea3m t\u01b0\u01a1i m\u00e1t c\u1ee7a qu\u1ea3 thanh long \u0111\u1ecf.","robots":{"index":"index","follow":"follow","max-snippet":"max-snippet:-1","max-image-preview":"max-image-preview:large","max-video-preview":"max-video-preview:-1"},"canonical":"http:\/\/52.77.24.187\/vi\/san-pham\/heart-of-darkness-no-doubt-dragonfruit-brut-blond-ale\/","og_locale":"vi_VN","og_type":"article","og_title":"Heart of Darkness No Doubt Dragonfruit Brut Blond Ale - The Bottle Shop","og_description":"Heart of Darkness No Doubt Dragonfruit Brut Blond Ale. M\u1ed9t Blond Ale mang m\u00e0u h\u1ed3ng. H\u01b0\u01a1ng v\u1ecb v\u00e0 kh\u1ea9u c\u1ea3m t\u01b0\u01a1i m\u00e1t c\u1ee7a qu\u1ea3 thanh long \u0111\u1ecf.","og_url":"http:\/\/52.77.24.187\/vi\/san-pham\/heart-of-darkness-no-doubt-dragonfruit-brut-blond-ale\/","og_site_name":"The Bottle Shop","article_publisher":"https:\/\/www.facebook.com\/thebottleshopvietnam","article_modified_time":"2025-04-09T07:28:39+00:00","og_image":[{"width":1080,"height":1080,"url":"https:\/\/mlsrfcxkkbzg.i.optimole.com\/cb:JbP2.215d7\/w:auto\/h:auto\/q:mauto\/ig:avif\/http:\/\/52.77.24.187\/wp-content\/uploads\/2025\/03\/Heart-of-Darkness-No-Doubt-Dragonfruit-Brut-Blonde-Ale-label.png","type":"image\/png"}],"twitter_card":"summary_large_image","twitter_misc":{"Est. reading time":"1 minute"},"schema":{"@context":"https:\/\/schema.org","@graph":[{"@type":"WebPage","@id":"http:\/\/52.77.24.187\/vi\/san-pham\/heart-of-darkness-no-doubt-dragonfruit-brut-blond-ale\/","url":"http:\/\/52.77.24.187\/vi\/san-pham\/heart-of-darkness-no-doubt-dragonfruit-brut-blond-ale\/","name":"Heart of Darkness No Doubt Dragonfruit Brut Blond Ale - The Bottle Shop","isPartOf":{"@id":"http:\/\/52.77.24.187\/#website"},"primaryImageOfPage":{"@id":"http:\/\/52.77.24.187\/vi\/san-pham\/heart-of-darkness-no-doubt-dragonfruit-brut-blond-ale\/#primaryimage"},"image":{"@id":"http:\/\/52.77.24.187\/vi\/san-pham\/heart-of-darkness-no-doubt-dragonfruit-brut-blond-ale\/#primaryimage"},"thumbnailUrl":"https:\/\/mlsrfcxkkbzg.i.optimole.com\/cb:JbP2.215d7\/w:auto\/h:auto\/q:mauto\/ig:avif\/https:\/\/thebottleshop.vn\/wp-content\/uploads\/2025\/03\/Heart-of-Darkness-No-Doubt-Dragonfruit-Brut-Blonde-Ale-label.png","datePublished":"2025-04-09T07:24:27+00:00","dateModified":"2025-04-09T07:28:39+00:00","description":"Heart of Darkness No Doubt Dragonfruit Brut Blond Ale. M\u1ed9t Blond Ale mang m\u00e0u h\u1ed3ng. H\u01b0\u01a1ng v\u1ecb v\u00e0 kh\u1ea9u c\u1ea3m t\u01b0\u01a1i m\u00e1t c\u1ee7a qu\u1ea3 thanh long \u0111\u1ecf.","breadcrumb":{"@id":"http:\/\/52.77.24.187\/vi\/san-pham\/heart-of-darkness-no-doubt-dragonfruit-brut-blond-ale\/#breadcrumb"},"inLanguage":"vi-VN","potentialAction":[{"@type":"ReadAction","target":["http:\/\/52.77.24.187\/vi\/san-pham\/heart-of-darkness-no-doubt-dragonfruit-brut-blond-ale\/"]}]},{"@type":"ImageObject","inLanguage":"vi-VN","@id":"http:\/\/52.77.24.187\/vi\/san-pham\/heart-of-darkness-no-doubt-dragonfruit-brut-blond-ale\/#primaryimage","url":"https:\/\/mlsrfcxkkbzg.i.optimole.com\/cb:JbP2.215d7\/w:auto\/h:auto\/q:mauto\/ig:avif\/https:\/\/thebottleshop.vn\/wp-content\/uploads\/2025\/03\/Heart-of-Darkness-No-Doubt-Dragonfruit-Brut-Blonde-Ale-label.png","contentUrl":"https:\/\/mlsrfcxkkbzg.i.optimole.com\/cb:JbP2.215d7\/w:auto\/h:auto\/q:mauto\/ig:avif\/https:\/\/thebottleshop.vn\/wp-content\/uploads\/2025\/03\/Heart-of-Darkness-No-Doubt-Dragonfruit-Brut-Blonde-Ale-label.png","width":1080,"height":1080,"caption":"Heart of Darkness No Doubt Dragonfruit Brut Blonde Ale label"},{"@type":"BreadcrumbList","@id":"http:\/\/52.77.24.187\/vi\/san-pham\/heart-of-darkness-no-doubt-dragonfruit-brut-blond-ale\/#breadcrumb","itemListElement":[{"@type":"ListItem","position":1,"name":"Home","item":"http:\/\/52.77.24.187\/vi\/test-popup-vi\/"},{"@type":"ListItem","position":2,"name":"C\u1eeda h\u00e0ng","item":"http:\/\/52.77.24.187\/vi\/cua-hang\/"},{"@type":"ListItem","position":3,"name":"Heart of Darkness No Doubt Dragonfruit Brut Blond Ale"}]},{"@type":"WebSite","@id":"http:\/\/52.77.24.187\/#website","url":"http:\/\/52.77.24.187\/","name":"The Bottle Shop","description":"All beers are not created equal","publisher":{"@id":"http:\/\/52.77.24.187\/#organization"},"potentialAction":[{"@type":"SearchAction","target":{"@type":"EntryPoint","urlTemplate":"http:\/\/52.77.24.187\/?s={search_term_string}"},"query-input":{"@type":"PropertyValueSpecification","valueRequired":true,"valueName":"search_term_string"}}],"inLanguage":"vi-VN"},{"@type":"Organization","@id":"http:\/\/52.77.24.187\/#organization","name":"The Bottle Shop","url":"http:\/\/52.77.24.187\/","logo":{"@type":"ImageObject","inLanguage":"vi-VN","@id":"http:\/\/52.77.24.187\/#\/schema\/logo\/image\/","url":"https:\/\/mlsrfcxkkbzg.i.optimole.com\/cb:JbP2.215d7\/w:auto\/h:auto\/q:mauto\/ig:avif\/https:\/\/thebottleshop.vn\/wp-content\/uploads\/2022\/10\/The-Bottle-Shop-Online-Logo.png","contentUrl":"https:\/\/mlsrfcxkkbzg.i.optimole.com\/cb:JbP2.215d7\/w:auto\/h:auto\/q:mauto\/ig:avif\/https:\/\/thebottleshop.vn\/wp-content\/uploads\/2022\/10\/The-Bottle-Shop-Online-Logo.png","width":145,"height":147,"caption":"The Bottle Shop"},"image":{"@id":"http:\/\/52.77.24.187\/#\/schema\/logo\/image\/"},"sameAs":["https:\/\/www.facebook.com\/thebottleshopvietnam","https:\/\/www.instagram.com\/thebottleshop_vietnam\/"]}]}},"_links":{"self":[{"href":"https:\/\/thebottleshop.vn\/vi\/wp-json\/wp\/v2\/product\/21333","targetHints":{"allow":["GET"]}}],"collection":[{"href":"https:\/\/thebottleshop.vn\/vi\/wp-json\/wp\/v2\/product"}],"about":[{"href":"https:\/\/thebottleshop.vn\/vi\/wp-json\/wp\/v2\/types\/product"}],"replies":[{"embeddable":true,"href":"https:\/\/thebottleshop.vn\/vi\/wp-json\/wp\/v2\/comments?post=21333"}],"wp:featuredmedia":[{"embeddable":true,"href":"https:\/\/thebottleshop.vn\/vi\/wp-json\/wp\/v2\/media\/21265"}],"wp:attachment":[{"href":"https:\/\/thebottleshop.vn\/vi\/wp-json\/wp\/v2\/media?parent=21333"}],"wp:term":[{"taxonomy":"product_brand","embeddable":true,"href":"https:\/\/thebottleshop.vn\/vi\/wp-json\/wp\/v2\/product_brand?post=21333"},{"taxonomy":"product_cat","embeddable":true,"href":"https:\/\/thebottleshop.vn\/vi\/wp-json\/wp\/v2\/product_cat?post=21333"},{"taxonomy":"product_tag","embeddable":true,"href":"https:\/\/thebottleshop.vn\/vi\/wp-json\/wp\/v2\/product_tag?post=21333"}],"curies":[{"name":"wp","href":"https:\/\/api.w.org\/{rel}","templated":true}]}}