{"id":21334,"date":"2025-04-07T14:41:04","date_gmt":"2025-04-07T07:41:04","guid":{"rendered":"https:\/\/thebottleshop.vn\/product\/mad-alchemists-barrel-vortex\/"},"modified":"2025-04-09T14:33:34","modified_gmt":"2025-04-09T07:33:34","slug":"mad-alchemists-barrel-vortex","status":"publish","type":"product","link":"https:\/\/thebottleshop.vn\/vi\/san-pham\/mad-alchemists-barrel-vortex\/","title":{"rendered":"Mad Alchemists Barrel Vortex"},"content":{"rendered":"<p>Mad Alchemists Barrel Vortex Imperial Vanilla Bourbon Barrel Porter.<\/p>\n<p>S\u00e2u trong ph\u00f2ng th\u00ed nghi\u1ec7m c\u1ee7a m\u00ecnh, Nh\u00e0 gi\u1ea3 kim \u0111i\u00ean ph\u1ea3i \u0111\u1ed1i m\u1eb7t v\u1edbi m\u1ed9t t\u00ecnh hu\u1ed1ng kh\u00f3 x\u1eed &#8211; kem vani, bia \u0111en hay r\u01b0\u1ee3u bourbon? Kh\u00f4ng th\u1ec3 l\u1ef1a ch\u1ecdn, anh ta tri\u1ec7u h\u1ed3i t\u1ea5t c\u1ea3 ch\u00fang th\u00e0nh m\u1ed9t c\u01a1n l\u1ed1c xo\u00e1y, ni\u00eam phong n\u00f3 trong m\u1ed9t th\u00f9ng g\u1ed7 s\u1ed3i ch\u00e1y \u0111en. G\u1ed7 ng\u00e2m r\u01b0\u1ee3u bourbon truy\u1ec1n v\u00e0o m\u1ea1ch nha \u0111\u1eadm \u0111\u00e0, vani d\u1ec7t n\u00ean ph\u00e9p thu\u1eadt c\u1ee7a n\u00f3, v\u00e0 th\u1eddi gian ho\u00e0n th\u00e0nh c\u00e2u th\u1ea7n ch\u00fa.  <\/p>\n<p>K\u1ebft qu\u1ea3: Barrel Vortex, m\u1ed9t lo\u1ea1i Imperial Vanilla Bourbon Barrel Porter. M\u1ea1ch nha rang tuy\u1ec7t h\u1ea3o, h\u01b0\u01a1ng vani thoang tho\u1ea3ng v\u00e0 h\u1eadu v\u1ecb bourbon \u0111\u1eadm \u0111\u00e0. M\u01b0\u1ee3t m\u00e0 nh\u01b0ng \u0111\u1ea7y uy l\u1ef1c, ng\u1ecdt ng\u00e0o nh\u01b0ng u \u00e1m.  <\/p>\n<p>\u2014\u2013<br \/>\nXem th\u01b0 vi\u1ec7n h\u00ecnh \u1ea3nh \u0111\u1ec3 bi\u1ebft th\u00eam th\u00f4ng tin chi ti\u1ebft v\u1ec1 ngu\u1ed3n g\u1ed1c, th\u00e0nh ph\u1ea7n v\u00e0 h\u01b0\u1edbng d\u1eabn s\u1eed d\u1ee5ng c\u1ee7a s\u1ea3n ph\u1ea9m.<\/p>\n","protected":false},"excerpt":{"rendered":"<p><strong>\u0110\u1eadm \u0111\u00e0, \u00cam d\u1ecbu 7.5%<\/strong><\/p>\n","protected":false},"featured_media":21324,"comment_status":"open","ping_status":"closed","template":"","meta":{"_acf_changed":false},"product_brand":[],"product_cat":[395,337,379,340,348,351,366,345,377,339,341,352,360,439,344],"product_tag":[],"class_list":{"0":"post-21334","1":"product","2":"type-product","3":"status-publish","4":"has-post-thumbnail","6":"product_cat-barell-aged","7":"product_cat-bia-va-cider","8":"product_cat-20-39","9":"product_cat-vietnam-hcmc","10":"product_cat-6-7-9","11":"product_cat-dong-bia","12":"product_cat-nha-san-xuat","13":"product_cat-abv-vi","14":"product_cat-ibu","15":"product_cat-xuat-xu","16":"product_cat-dong-goi","17":"product_cat-gia","18":"product_cat-stout-porter","19":"product_cat-fuzzy-logic-brewing-co","20":"product_cat-lon-330-ml","22":"first","23":"instock","24":"shipping-taxable","25":"purchasable","26":"product-type-simple","27":"add-to-wishlist-before_image"},"acf":[],"yoast_head":"<!-- This site is optimized with the Yoast SEO plugin v27.2 - https:\/\/yoast.com\/product\/yoast-seo-wordpress\/ -->\n<title>Mad Alchemists Barrel Vortex - The Bottle Shop<\/title>\n<meta name=\"description\" content=\"Mad Alchemists Barrel Vortex Imperial Vanilla Bourbon Barrel Porter. M\u1ea1ch nha rang tuy\u1ec7t h\u1ea3o, h\u01b0\u01a1ng vani thoang tho\u1ea3ng v\u00e0 h\u1eadu v\u1ecb bourbon \u0111\u1eadm \u0111\u00e0.\" \/>\n<meta name=\"robots\" content=\"index, follow, max-snippet:-1, max-image-preview:large, max-video-preview:-1\" \/>\n<link rel=\"canonical\" href=\"http:\/\/52.77.24.187\/vi\/san-pham\/mad-alchemists-barrel-vortex\/\" \/>\n<meta property=\"og:locale\" content=\"vi_VN\" \/>\n<meta property=\"og:type\" content=\"article\" \/>\n<meta property=\"og:title\" content=\"Mad Alchemists Barrel Vortex - The Bottle Shop\" \/>\n<meta property=\"og:description\" content=\"Mad Alchemists Barrel Vortex Imperial Vanilla Bourbon Barrel Porter. M\u1ea1ch nha rang tuy\u1ec7t h\u1ea3o, h\u01b0\u01a1ng vani thoang tho\u1ea3ng v\u00e0 h\u1eadu v\u1ecb bourbon \u0111\u1eadm \u0111\u00e0.\" \/>\n<meta property=\"og:url\" content=\"http:\/\/52.77.24.187\/vi\/san-pham\/mad-alchemists-barrel-vortex\/\" \/>\n<meta property=\"og:site_name\" content=\"The Bottle Shop\" \/>\n<meta property=\"article:publisher\" content=\"https:\/\/www.facebook.com\/thebottleshopvietnam\" \/>\n<meta property=\"article:modified_time\" content=\"2025-04-09T07:33:34+00:00\" \/>\n<meta property=\"og:image\" content=\"https:\/\/mlsrfcxkkbzg.i.optimole.com\/cb:JbP2.215d7\/w:auto\/h:auto\/q:mauto\/ig:avif\/http:\/\/52.77.24.187\/wp-content\/uploads\/2025\/04\/Mad-Alchemists-Barrel-Vortex.png\" \/>\n\t<meta property=\"og:image:width\" content=\"1080\" \/>\n\t<meta property=\"og:image:height\" content=\"1080\" \/>\n\t<meta property=\"og:image:type\" content=\"image\/png\" \/>\n<meta name=\"twitter:card\" content=\"summary_large_image\" \/>\n<meta name=\"twitter:label1\" content=\"Est. reading time\" \/>\n\t<meta name=\"twitter:data1\" content=\"1 minute\" \/>\n<script type=\"application\/ld+json\" class=\"yoast-schema-graph\">{\"@context\":\"https:\/\/schema.org\",\"@graph\":[{\"@type\":\"WebPage\",\"@id\":\"http:\/\/52.77.24.187\/vi\/san-pham\/mad-alchemists-barrel-vortex\/\",\"url\":\"http:\/\/52.77.24.187\/vi\/san-pham\/mad-alchemists-barrel-vortex\/\",\"name\":\"Mad Alchemists Barrel Vortex - The Bottle Shop\",\"isPartOf\":{\"@id\":\"http:\/\/52.77.24.187\/#website\"},\"primaryImageOfPage\":{\"@id\":\"http:\/\/52.77.24.187\/vi\/san-pham\/mad-alchemists-barrel-vortex\/#primaryimage\"},\"image\":{\"@id\":\"http:\/\/52.77.24.187\/vi\/san-pham\/mad-alchemists-barrel-vortex\/#primaryimage\"},\"thumbnailUrl\":\"https:\/\/mlsrfcxkkbzg.i.optimole.com\/cb:JbP2.215d7\/w:auto\/h:auto\/q:mauto\/ig:avif\/https:\/\/thebottleshop.vn\/wp-content\/uploads\/2025\/04\/Mad-Alchemists-Barrel-Vortex.png\",\"datePublished\":\"2025-04-07T07:41:04+00:00\",\"dateModified\":\"2025-04-09T07:33:34+00:00\",\"description\":\"Mad Alchemists Barrel Vortex Imperial Vanilla Bourbon Barrel Porter. M\u1ea1ch nha rang tuy\u1ec7t h\u1ea3o, h\u01b0\u01a1ng vani thoang tho\u1ea3ng v\u00e0 h\u1eadu v\u1ecb bourbon \u0111\u1eadm \u0111\u00e0.\",\"breadcrumb\":{\"@id\":\"http:\/\/52.77.24.187\/vi\/san-pham\/mad-alchemists-barrel-vortex\/#breadcrumb\"},\"inLanguage\":\"vi-VN\",\"potentialAction\":[{\"@type\":\"ReadAction\",\"target\":[\"http:\/\/52.77.24.187\/vi\/san-pham\/mad-alchemists-barrel-vortex\/\"]}]},{\"@type\":\"ImageObject\",\"inLanguage\":\"vi-VN\",\"@id\":\"http:\/\/52.77.24.187\/vi\/san-pham\/mad-alchemists-barrel-vortex\/#primaryimage\",\"url\":\"https:\/\/mlsrfcxkkbzg.i.optimole.com\/cb:JbP2.215d7\/w:auto\/h:auto\/q:mauto\/ig:avif\/https:\/\/thebottleshop.vn\/wp-content\/uploads\/2025\/04\/Mad-Alchemists-Barrel-Vortex.png\",\"contentUrl\":\"https:\/\/mlsrfcxkkbzg.i.optimole.com\/cb:JbP2.215d7\/w:auto\/h:auto\/q:mauto\/ig:avif\/https:\/\/thebottleshop.vn\/wp-content\/uploads\/2025\/04\/Mad-Alchemists-Barrel-Vortex.png\",\"width\":1080,\"height\":1080,\"caption\":\"Mad Alchemists Barrel Vortex\"},{\"@type\":\"BreadcrumbList\",\"@id\":\"http:\/\/52.77.24.187\/vi\/san-pham\/mad-alchemists-barrel-vortex\/#breadcrumb\",\"itemListElement\":[{\"@type\":\"ListItem\",\"position\":1,\"name\":\"Home\",\"item\":\"http:\/\/52.77.24.187\/vi\/test-popup-vi\/\"},{\"@type\":\"ListItem\",\"position\":2,\"name\":\"C\u1eeda h\u00e0ng\",\"item\":\"http:\/\/52.77.24.187\/vi\/cua-hang\/\"},{\"@type\":\"ListItem\",\"position\":3,\"name\":\"Mad Alchemists Barrel Vortex\"}]},{\"@type\":\"WebSite\",\"@id\":\"http:\/\/52.77.24.187\/#website\",\"url\":\"http:\/\/52.77.24.187\/\",\"name\":\"The Bottle Shop\",\"description\":\"All beers are not created equal\",\"publisher\":{\"@id\":\"http:\/\/52.77.24.187\/#organization\"},\"potentialAction\":[{\"@type\":\"SearchAction\",\"target\":{\"@type\":\"EntryPoint\",\"urlTemplate\":\"http:\/\/52.77.24.187\/?s={search_term_string}\"},\"query-input\":{\"@type\":\"PropertyValueSpecification\",\"valueRequired\":true,\"valueName\":\"search_term_string\"}}],\"inLanguage\":\"vi-VN\"},{\"@type\":\"Organization\",\"@id\":\"http:\/\/52.77.24.187\/#organization\",\"name\":\"The Bottle Shop\",\"url\":\"http:\/\/52.77.24.187\/\",\"logo\":{\"@type\":\"ImageObject\",\"inLanguage\":\"vi-VN\",\"@id\":\"http:\/\/52.77.24.187\/#\/schema\/logo\/image\/\",\"url\":\"https:\/\/mlsrfcxkkbzg.i.optimole.com\/cb:JbP2.215d7\/w:auto\/h:auto\/q:mauto\/ig:avif\/https:\/\/thebottleshop.vn\/wp-content\/uploads\/2022\/10\/The-Bottle-Shop-Online-Logo.png\",\"contentUrl\":\"https:\/\/mlsrfcxkkbzg.i.optimole.com\/cb:JbP2.215d7\/w:auto\/h:auto\/q:mauto\/ig:avif\/https:\/\/thebottleshop.vn\/wp-content\/uploads\/2022\/10\/The-Bottle-Shop-Online-Logo.png\",\"width\":145,\"height\":147,\"caption\":\"The Bottle Shop\"},\"image\":{\"@id\":\"http:\/\/52.77.24.187\/#\/schema\/logo\/image\/\"},\"sameAs\":[\"https:\/\/www.facebook.com\/thebottleshopvietnam\",\"https:\/\/www.instagram.com\/thebottleshop_vietnam\/\"]}]}<\/script>\n<!-- \/ Yoast SEO plugin. -->","yoast_head_json":{"title":"Mad Alchemists Barrel Vortex - The Bottle Shop","description":"Mad Alchemists Barrel Vortex Imperial Vanilla Bourbon Barrel Porter. M\u1ea1ch nha rang tuy\u1ec7t h\u1ea3o, h\u01b0\u01a1ng vani thoang tho\u1ea3ng v\u00e0 h\u1eadu v\u1ecb bourbon \u0111\u1eadm \u0111\u00e0.","robots":{"index":"index","follow":"follow","max-snippet":"max-snippet:-1","max-image-preview":"max-image-preview:large","max-video-preview":"max-video-preview:-1"},"canonical":"http:\/\/52.77.24.187\/vi\/san-pham\/mad-alchemists-barrel-vortex\/","og_locale":"vi_VN","og_type":"article","og_title":"Mad Alchemists Barrel Vortex - The Bottle Shop","og_description":"Mad Alchemists Barrel Vortex Imperial Vanilla Bourbon Barrel Porter. M\u1ea1ch nha rang tuy\u1ec7t h\u1ea3o, h\u01b0\u01a1ng vani thoang tho\u1ea3ng v\u00e0 h\u1eadu v\u1ecb bourbon \u0111\u1eadm \u0111\u00e0.","og_url":"http:\/\/52.77.24.187\/vi\/san-pham\/mad-alchemists-barrel-vortex\/","og_site_name":"The Bottle Shop","article_publisher":"https:\/\/www.facebook.com\/thebottleshopvietnam","article_modified_time":"2025-04-09T07:33:34+00:00","og_image":[{"width":1080,"height":1080,"url":"https:\/\/mlsrfcxkkbzg.i.optimole.com\/cb:JbP2.215d7\/w:auto\/h:auto\/q:mauto\/ig:avif\/http:\/\/52.77.24.187\/wp-content\/uploads\/2025\/04\/Mad-Alchemists-Barrel-Vortex.png","type":"image\/png"}],"twitter_card":"summary_large_image","twitter_misc":{"Est. reading time":"1 minute"},"schema":{"@context":"https:\/\/schema.org","@graph":[{"@type":"WebPage","@id":"http:\/\/52.77.24.187\/vi\/san-pham\/mad-alchemists-barrel-vortex\/","url":"http:\/\/52.77.24.187\/vi\/san-pham\/mad-alchemists-barrel-vortex\/","name":"Mad Alchemists Barrel Vortex - The Bottle Shop","isPartOf":{"@id":"http:\/\/52.77.24.187\/#website"},"primaryImageOfPage":{"@id":"http:\/\/52.77.24.187\/vi\/san-pham\/mad-alchemists-barrel-vortex\/#primaryimage"},"image":{"@id":"http:\/\/52.77.24.187\/vi\/san-pham\/mad-alchemists-barrel-vortex\/#primaryimage"},"thumbnailUrl":"https:\/\/mlsrfcxkkbzg.i.optimole.com\/cb:JbP2.215d7\/w:auto\/h:auto\/q:mauto\/ig:avif\/https:\/\/thebottleshop.vn\/wp-content\/uploads\/2025\/04\/Mad-Alchemists-Barrel-Vortex.png","datePublished":"2025-04-07T07:41:04+00:00","dateModified":"2025-04-09T07:33:34+00:00","description":"Mad Alchemists Barrel Vortex Imperial Vanilla Bourbon Barrel Porter. M\u1ea1ch nha rang tuy\u1ec7t h\u1ea3o, h\u01b0\u01a1ng vani thoang tho\u1ea3ng v\u00e0 h\u1eadu v\u1ecb bourbon \u0111\u1eadm \u0111\u00e0.","breadcrumb":{"@id":"http:\/\/52.77.24.187\/vi\/san-pham\/mad-alchemists-barrel-vortex\/#breadcrumb"},"inLanguage":"vi-VN","potentialAction":[{"@type":"ReadAction","target":["http:\/\/52.77.24.187\/vi\/san-pham\/mad-alchemists-barrel-vortex\/"]}]},{"@type":"ImageObject","inLanguage":"vi-VN","@id":"http:\/\/52.77.24.187\/vi\/san-pham\/mad-alchemists-barrel-vortex\/#primaryimage","url":"https:\/\/mlsrfcxkkbzg.i.optimole.com\/cb:JbP2.215d7\/w:auto\/h:auto\/q:mauto\/ig:avif\/https:\/\/thebottleshop.vn\/wp-content\/uploads\/2025\/04\/Mad-Alchemists-Barrel-Vortex.png","contentUrl":"https:\/\/mlsrfcxkkbzg.i.optimole.com\/cb:JbP2.215d7\/w:auto\/h:auto\/q:mauto\/ig:avif\/https:\/\/thebottleshop.vn\/wp-content\/uploads\/2025\/04\/Mad-Alchemists-Barrel-Vortex.png","width":1080,"height":1080,"caption":"Mad Alchemists Barrel Vortex"},{"@type":"BreadcrumbList","@id":"http:\/\/52.77.24.187\/vi\/san-pham\/mad-alchemists-barrel-vortex\/#breadcrumb","itemListElement":[{"@type":"ListItem","position":1,"name":"Home","item":"http:\/\/52.77.24.187\/vi\/test-popup-vi\/"},{"@type":"ListItem","position":2,"name":"C\u1eeda h\u00e0ng","item":"http:\/\/52.77.24.187\/vi\/cua-hang\/"},{"@type":"ListItem","position":3,"name":"Mad Alchemists Barrel Vortex"}]},{"@type":"WebSite","@id":"http:\/\/52.77.24.187\/#website","url":"http:\/\/52.77.24.187\/","name":"The Bottle Shop","description":"All beers are not created equal","publisher":{"@id":"http:\/\/52.77.24.187\/#organization"},"potentialAction":[{"@type":"SearchAction","target":{"@type":"EntryPoint","urlTemplate":"http:\/\/52.77.24.187\/?s={search_term_string}"},"query-input":{"@type":"PropertyValueSpecification","valueRequired":true,"valueName":"search_term_string"}}],"inLanguage":"vi-VN"},{"@type":"Organization","@id":"http:\/\/52.77.24.187\/#organization","name":"The Bottle Shop","url":"http:\/\/52.77.24.187\/","logo":{"@type":"ImageObject","inLanguage":"vi-VN","@id":"http:\/\/52.77.24.187\/#\/schema\/logo\/image\/","url":"https:\/\/mlsrfcxkkbzg.i.optimole.com\/cb:JbP2.215d7\/w:auto\/h:auto\/q:mauto\/ig:avif\/https:\/\/thebottleshop.vn\/wp-content\/uploads\/2022\/10\/The-Bottle-Shop-Online-Logo.png","contentUrl":"https:\/\/mlsrfcxkkbzg.i.optimole.com\/cb:JbP2.215d7\/w:auto\/h:auto\/q:mauto\/ig:avif\/https:\/\/thebottleshop.vn\/wp-content\/uploads\/2022\/10\/The-Bottle-Shop-Online-Logo.png","width":145,"height":147,"caption":"The Bottle Shop"},"image":{"@id":"http:\/\/52.77.24.187\/#\/schema\/logo\/image\/"},"sameAs":["https:\/\/www.facebook.com\/thebottleshopvietnam","https:\/\/www.instagram.com\/thebottleshop_vietnam\/"]}]}},"_links":{"self":[{"href":"https:\/\/thebottleshop.vn\/vi\/wp-json\/wp\/v2\/product\/21334","targetHints":{"allow":["GET"]}}],"collection":[{"href":"https:\/\/thebottleshop.vn\/vi\/wp-json\/wp\/v2\/product"}],"about":[{"href":"https:\/\/thebottleshop.vn\/vi\/wp-json\/wp\/v2\/types\/product"}],"replies":[{"embeddable":true,"href":"https:\/\/thebottleshop.vn\/vi\/wp-json\/wp\/v2\/comments?post=21334"}],"wp:featuredmedia":[{"embeddable":true,"href":"https:\/\/thebottleshop.vn\/vi\/wp-json\/wp\/v2\/media\/21324"}],"wp:attachment":[{"href":"https:\/\/thebottleshop.vn\/vi\/wp-json\/wp\/v2\/media?parent=21334"}],"wp:term":[{"taxonomy":"product_brand","embeddable":true,"href":"https:\/\/thebottleshop.vn\/vi\/wp-json\/wp\/v2\/product_brand?post=21334"},{"taxonomy":"product_cat","embeddable":true,"href":"https:\/\/thebottleshop.vn\/vi\/wp-json\/wp\/v2\/product_cat?post=21334"},{"taxonomy":"product_tag","embeddable":true,"href":"https:\/\/thebottleshop.vn\/vi\/wp-json\/wp\/v2\/product_tag?post=21334"}],"curies":[{"name":"wp","href":"https:\/\/api.w.org\/{rel}","templated":true}]}}