{"id":21367,"date":"2025-04-23T17:46:04","date_gmt":"2025-04-23T10:48:20","guid":{"rendered":"https:\/\/thebottleshop.vn\/product\/song-cai-may-amaro-bitters\/"},"modified":"2025-04-23T17:48:20","modified_gmt":"2025-04-23T10:48:20","slug":"song-cai-may-amaro-bitters","status":"publish","type":"product","link":"https:\/\/thebottleshop.vn\/vi\/san-pham\/song-cai-may-amaro-bitters\/","title":{"rendered":"S\u00f4ng C\u00e1i M\u1ea9y Amaro Bitters"},"content":{"rendered":"<p class=\"preFlex flexIn\">S\u00f4ng C\u00e1i M\u1ea9y Amaro Bitters. In the spirit of honoring the Red Dao, together with their partner, L\u00fd L\u1edf M\u1ea9y, S\u00f4ng C\u00e1i chose the name &#8220;M\u1ea9y&#8221; for their amaro bitters. In choosing \u201cM\u1ea9y\u201d as the name for the collaborative product, S\u00f4ng C\u00e1i Distillery and c\u00f4 Ch\u1ea1n share the hope this unique amaro bitters will be distinctive in its homage to the Red Dao even in its namesake. <\/p>\n<p class=\"preFlex flexIn\">It has distinguishing notes similar to lapsang tea (smokey), sasparilla (root beer), wood tannins, and traditional Red Dao brown sap. A standout and departure from Italian and European style amaro bitters. <\/p>\n<p>\u2014\u2013<br \/>\nXem th\u01b0 vi\u1ec7n h\u00ecnh \u1ea3nh \u0111\u1ec3 bi\u1ebft th\u00eam th\u00f4ng tin chi ti\u1ebft v\u1ec1 ngu\u1ed3n g\u1ed1c, th\u00e0nh ph\u1ea7n v\u00e0 h\u01b0\u1edbng d\u1eabn s\u1eed d\u1ee5ng c\u1ee7a s\u1ea3n ph\u1ea9m.<\/p>\n","protected":false},"excerpt":{"rendered":"<p><strong>750ml :: 40%<\/strong><\/p>\n","protected":false},"featured_media":18703,"comment_status":"open","ping_status":"closed","template":"","meta":{"_acf_changed":false},"product_brand":[],"product_cat":[390,507,338,388,376,345,339,341,352,364,386,371,495],"product_tag":[],"class_list":{"0":"post-21367","1":"product","2":"type-product","3":"status-publish","4":"has-post-thumbnail","6":"product_cat-vietnam-hanoi","7":"product_cat-bitters","8":"product_cat-ruou-va-ruou-vang","9":"product_cat-25-vi","10":"product_cat-1m","11":"product_cat-abv-vi","12":"product_cat-xuat-xu","13":"product_cat-dong-goi","14":"product_cat-gia","15":"product_cat-dong-ruou","16":"product_cat-chai-750-ml","17":"product_cat-nha-san-xuat-ruou","18":"product_cat-song-cai","20":"first","21":"instock","22":"shipping-taxable","23":"purchasable","24":"product-type-simple","25":"add-to-wishlist-before_image"},"acf":[],"yoast_head":"<!-- This site is optimized with the Yoast SEO plugin v27.2 - https:\/\/yoast.com\/product\/yoast-seo-wordpress\/ -->\n<title>S\u00f4ng C\u00e1i M\u1ea9y Amaro Bitters - The Bottle Shop<\/title>\n<meta name=\"description\" content=\"S\u00f4ng C\u00e1i M\u1ea9y Amaro Bitters. In the spirit of honoring the Red Dao, together with their partner, L\u00fd L\u1edf M\u1ea9y, S\u00f4ng C\u00e1i chose the name &quot;M\u1ea9y&quot; for their amaro bitters.\" \/>\n<meta name=\"robots\" content=\"index, follow, max-snippet:-1, max-image-preview:large, max-video-preview:-1\" \/>\n<link rel=\"canonical\" href=\"http:\/\/52.77.24.187\/vi\/san-pham\/song-cai-may-amaro-bitters\/\" \/>\n<meta property=\"og:locale\" content=\"vi_VN\" \/>\n<meta property=\"og:type\" content=\"article\" \/>\n<meta property=\"og:title\" content=\"S\u00f4ng C\u00e1i M\u1ea9y Amaro Bitters - The Bottle Shop\" \/>\n<meta property=\"og:description\" content=\"S\u00f4ng C\u00e1i M\u1ea9y Amaro Bitters. In the spirit of honoring the Red Dao, together with their partner, L\u00fd L\u1edf M\u1ea9y, S\u00f4ng C\u00e1i chose the name &quot;M\u1ea9y&quot; for their amaro bitters.\" \/>\n<meta property=\"og:url\" content=\"http:\/\/52.77.24.187\/vi\/san-pham\/song-cai-may-amaro-bitters\/\" \/>\n<meta property=\"og:site_name\" content=\"The Bottle Shop\" \/>\n<meta property=\"article:publisher\" content=\"https:\/\/www.facebook.com\/thebottleshopvietnam\" \/>\n<meta property=\"og:image\" content=\"https:\/\/mlsrfcxkkbzg.i.optimole.com\/cb:JbP2.215d7\/w:auto\/h:auto\/q:mauto\/ig:avif\/http:\/\/52.77.24.187\/wp-content\/uploads\/2023\/12\/Song-Cai-May-Amaro-Bitters.png\" \/>\n\t<meta property=\"og:image:width\" content=\"1080\" \/>\n\t<meta property=\"og:image:height\" content=\"1080\" \/>\n\t<meta property=\"og:image:type\" content=\"image\/png\" \/>\n<meta name=\"twitter:card\" content=\"summary_large_image\" \/>\n<meta name=\"twitter:label1\" content=\"Est. reading time\" \/>\n\t<meta name=\"twitter:data1\" content=\"1 minute\" \/>\n<script type=\"application\/ld+json\" class=\"yoast-schema-graph\">{\"@context\":\"https:\/\/schema.org\",\"@graph\":[{\"@type\":\"WebPage\",\"@id\":\"http:\/\/52.77.24.187\/vi\/san-pham\/song-cai-may-amaro-bitters\/\",\"url\":\"http:\/\/52.77.24.187\/vi\/san-pham\/song-cai-may-amaro-bitters\/\",\"name\":\"S\u00f4ng C\u00e1i M\u1ea9y Amaro Bitters - The Bottle Shop\",\"isPartOf\":{\"@id\":\"http:\/\/52.77.24.187\/#website\"},\"primaryImageOfPage\":{\"@id\":\"http:\/\/52.77.24.187\/vi\/san-pham\/song-cai-may-amaro-bitters\/#primaryimage\"},\"image\":{\"@id\":\"http:\/\/52.77.24.187\/vi\/san-pham\/song-cai-may-amaro-bitters\/#primaryimage\"},\"thumbnailUrl\":\"https:\/\/mlsrfcxkkbzg.i.optimole.com\/cb:JbP2.215d7\/w:auto\/h:auto\/q:mauto\/ig:avif\/https:\/\/thebottleshop.vn\/wp-content\/uploads\/2023\/12\/Song-Cai-May-Amaro-Bitters.png\",\"datePublished\":\"2025-04-23T10:48:20+00:00\",\"description\":\"S\u00f4ng C\u00e1i M\u1ea9y Amaro Bitters. In the spirit of honoring the Red Dao, together with their partner, L\u00fd L\u1edf M\u1ea9y, S\u00f4ng C\u00e1i chose the name \\\"M\u1ea9y\\\" for their amaro bitters.\",\"breadcrumb\":{\"@id\":\"http:\/\/52.77.24.187\/vi\/san-pham\/song-cai-may-amaro-bitters\/#breadcrumb\"},\"inLanguage\":\"vi-VN\",\"potentialAction\":[{\"@type\":\"ReadAction\",\"target\":[\"http:\/\/52.77.24.187\/vi\/san-pham\/song-cai-may-amaro-bitters\/\"]}]},{\"@type\":\"ImageObject\",\"inLanguage\":\"vi-VN\",\"@id\":\"http:\/\/52.77.24.187\/vi\/san-pham\/song-cai-may-amaro-bitters\/#primaryimage\",\"url\":\"https:\/\/mlsrfcxkkbzg.i.optimole.com\/cb:JbP2.215d7\/w:auto\/h:auto\/q:mauto\/ig:avif\/https:\/\/thebottleshop.vn\/wp-content\/uploads\/2023\/12\/Song-Cai-May-Amaro-Bitters.png\",\"contentUrl\":\"https:\/\/mlsrfcxkkbzg.i.optimole.com\/cb:JbP2.215d7\/w:auto\/h:auto\/q:mauto\/ig:avif\/https:\/\/thebottleshop.vn\/wp-content\/uploads\/2023\/12\/Song-Cai-May-Amaro-Bitters.png\",\"width\":1080,\"height\":1080,\"caption\":\"S\u00f4ng C\u00e1i Ma\u0302\u0309y Amaro Bitters\"},{\"@type\":\"BreadcrumbList\",\"@id\":\"http:\/\/52.77.24.187\/vi\/san-pham\/song-cai-may-amaro-bitters\/#breadcrumb\",\"itemListElement\":[{\"@type\":\"ListItem\",\"position\":1,\"name\":\"Home\",\"item\":\"http:\/\/52.77.24.187\/vi\/test-popup-vi\/\"},{\"@type\":\"ListItem\",\"position\":2,\"name\":\"C\u1eeda h\u00e0ng\",\"item\":\"http:\/\/52.77.24.187\/vi\/cua-hang\/\"},{\"@type\":\"ListItem\",\"position\":3,\"name\":\"S\u00f4ng C\u00e1i M\u1ea9y Amaro Bitters\"}]},{\"@type\":\"WebSite\",\"@id\":\"http:\/\/52.77.24.187\/#website\",\"url\":\"http:\/\/52.77.24.187\/\",\"name\":\"The Bottle Shop\",\"description\":\"All beers are not created equal\",\"publisher\":{\"@id\":\"http:\/\/52.77.24.187\/#organization\"},\"potentialAction\":[{\"@type\":\"SearchAction\",\"target\":{\"@type\":\"EntryPoint\",\"urlTemplate\":\"http:\/\/52.77.24.187\/?s={search_term_string}\"},\"query-input\":{\"@type\":\"PropertyValueSpecification\",\"valueRequired\":true,\"valueName\":\"search_term_string\"}}],\"inLanguage\":\"vi-VN\"},{\"@type\":\"Organization\",\"@id\":\"http:\/\/52.77.24.187\/#organization\",\"name\":\"The Bottle Shop\",\"url\":\"http:\/\/52.77.24.187\/\",\"logo\":{\"@type\":\"ImageObject\",\"inLanguage\":\"vi-VN\",\"@id\":\"http:\/\/52.77.24.187\/#\/schema\/logo\/image\/\",\"url\":\"https:\/\/mlsrfcxkkbzg.i.optimole.com\/cb:JbP2.215d7\/w:auto\/h:auto\/q:mauto\/ig:avif\/https:\/\/thebottleshop.vn\/wp-content\/uploads\/2022\/10\/The-Bottle-Shop-Online-Logo.png\",\"contentUrl\":\"https:\/\/mlsrfcxkkbzg.i.optimole.com\/cb:JbP2.215d7\/w:auto\/h:auto\/q:mauto\/ig:avif\/https:\/\/thebottleshop.vn\/wp-content\/uploads\/2022\/10\/The-Bottle-Shop-Online-Logo.png\",\"width\":145,\"height\":147,\"caption\":\"The Bottle Shop\"},\"image\":{\"@id\":\"http:\/\/52.77.24.187\/#\/schema\/logo\/image\/\"},\"sameAs\":[\"https:\/\/www.facebook.com\/thebottleshopvietnam\",\"https:\/\/www.instagram.com\/thebottleshop_vietnam\/\"]}]}<\/script>\n<!-- \/ Yoast SEO plugin. -->","yoast_head_json":{"title":"S\u00f4ng C\u00e1i M\u1ea9y Amaro Bitters - The Bottle Shop","description":"S\u00f4ng C\u00e1i M\u1ea9y Amaro Bitters. In the spirit of honoring the Red Dao, together with their partner, L\u00fd L\u1edf M\u1ea9y, S\u00f4ng C\u00e1i chose the name \"M\u1ea9y\" for their amaro bitters.","robots":{"index":"index","follow":"follow","max-snippet":"max-snippet:-1","max-image-preview":"max-image-preview:large","max-video-preview":"max-video-preview:-1"},"canonical":"http:\/\/52.77.24.187\/vi\/san-pham\/song-cai-may-amaro-bitters\/","og_locale":"vi_VN","og_type":"article","og_title":"S\u00f4ng C\u00e1i M\u1ea9y Amaro Bitters - The Bottle Shop","og_description":"S\u00f4ng C\u00e1i M\u1ea9y Amaro Bitters. In the spirit of honoring the Red Dao, together with their partner, L\u00fd L\u1edf M\u1ea9y, S\u00f4ng C\u00e1i chose the name \"M\u1ea9y\" for their amaro bitters.","og_url":"http:\/\/52.77.24.187\/vi\/san-pham\/song-cai-may-amaro-bitters\/","og_site_name":"The Bottle Shop","article_publisher":"https:\/\/www.facebook.com\/thebottleshopvietnam","og_image":[{"width":1080,"height":1080,"url":"https:\/\/mlsrfcxkkbzg.i.optimole.com\/cb:JbP2.215d7\/w:auto\/h:auto\/q:mauto\/ig:avif\/http:\/\/52.77.24.187\/wp-content\/uploads\/2023\/12\/Song-Cai-May-Amaro-Bitters.png","type":"image\/png"}],"twitter_card":"summary_large_image","twitter_misc":{"Est. reading time":"1 minute"},"schema":{"@context":"https:\/\/schema.org","@graph":[{"@type":"WebPage","@id":"http:\/\/52.77.24.187\/vi\/san-pham\/song-cai-may-amaro-bitters\/","url":"http:\/\/52.77.24.187\/vi\/san-pham\/song-cai-may-amaro-bitters\/","name":"S\u00f4ng C\u00e1i M\u1ea9y Amaro Bitters - The Bottle Shop","isPartOf":{"@id":"http:\/\/52.77.24.187\/#website"},"primaryImageOfPage":{"@id":"http:\/\/52.77.24.187\/vi\/san-pham\/song-cai-may-amaro-bitters\/#primaryimage"},"image":{"@id":"http:\/\/52.77.24.187\/vi\/san-pham\/song-cai-may-amaro-bitters\/#primaryimage"},"thumbnailUrl":"https:\/\/mlsrfcxkkbzg.i.optimole.com\/cb:JbP2.215d7\/w:auto\/h:auto\/q:mauto\/ig:avif\/https:\/\/thebottleshop.vn\/wp-content\/uploads\/2023\/12\/Song-Cai-May-Amaro-Bitters.png","datePublished":"2025-04-23T10:48:20+00:00","description":"S\u00f4ng C\u00e1i M\u1ea9y Amaro Bitters. In the spirit of honoring the Red Dao, together with their partner, L\u00fd L\u1edf M\u1ea9y, S\u00f4ng C\u00e1i chose the name \"M\u1ea9y\" for their amaro bitters.","breadcrumb":{"@id":"http:\/\/52.77.24.187\/vi\/san-pham\/song-cai-may-amaro-bitters\/#breadcrumb"},"inLanguage":"vi-VN","potentialAction":[{"@type":"ReadAction","target":["http:\/\/52.77.24.187\/vi\/san-pham\/song-cai-may-amaro-bitters\/"]}]},{"@type":"ImageObject","inLanguage":"vi-VN","@id":"http:\/\/52.77.24.187\/vi\/san-pham\/song-cai-may-amaro-bitters\/#primaryimage","url":"https:\/\/mlsrfcxkkbzg.i.optimole.com\/cb:JbP2.215d7\/w:auto\/h:auto\/q:mauto\/ig:avif\/https:\/\/thebottleshop.vn\/wp-content\/uploads\/2023\/12\/Song-Cai-May-Amaro-Bitters.png","contentUrl":"https:\/\/mlsrfcxkkbzg.i.optimole.com\/cb:JbP2.215d7\/w:auto\/h:auto\/q:mauto\/ig:avif\/https:\/\/thebottleshop.vn\/wp-content\/uploads\/2023\/12\/Song-Cai-May-Amaro-Bitters.png","width":1080,"height":1080,"caption":"S\u00f4ng C\u00e1i Ma\u0302\u0309y Amaro Bitters"},{"@type":"BreadcrumbList","@id":"http:\/\/52.77.24.187\/vi\/san-pham\/song-cai-may-amaro-bitters\/#breadcrumb","itemListElement":[{"@type":"ListItem","position":1,"name":"Home","item":"http:\/\/52.77.24.187\/vi\/test-popup-vi\/"},{"@type":"ListItem","position":2,"name":"C\u1eeda h\u00e0ng","item":"http:\/\/52.77.24.187\/vi\/cua-hang\/"},{"@type":"ListItem","position":3,"name":"S\u00f4ng C\u00e1i M\u1ea9y Amaro Bitters"}]},{"@type":"WebSite","@id":"http:\/\/52.77.24.187\/#website","url":"http:\/\/52.77.24.187\/","name":"The Bottle Shop","description":"All beers are not created equal","publisher":{"@id":"http:\/\/52.77.24.187\/#organization"},"potentialAction":[{"@type":"SearchAction","target":{"@type":"EntryPoint","urlTemplate":"http:\/\/52.77.24.187\/?s={search_term_string}"},"query-input":{"@type":"PropertyValueSpecification","valueRequired":true,"valueName":"search_term_string"}}],"inLanguage":"vi-VN"},{"@type":"Organization","@id":"http:\/\/52.77.24.187\/#organization","name":"The Bottle Shop","url":"http:\/\/52.77.24.187\/","logo":{"@type":"ImageObject","inLanguage":"vi-VN","@id":"http:\/\/52.77.24.187\/#\/schema\/logo\/image\/","url":"https:\/\/mlsrfcxkkbzg.i.optimole.com\/cb:JbP2.215d7\/w:auto\/h:auto\/q:mauto\/ig:avif\/https:\/\/thebottleshop.vn\/wp-content\/uploads\/2022\/10\/The-Bottle-Shop-Online-Logo.png","contentUrl":"https:\/\/mlsrfcxkkbzg.i.optimole.com\/cb:JbP2.215d7\/w:auto\/h:auto\/q:mauto\/ig:avif\/https:\/\/thebottleshop.vn\/wp-content\/uploads\/2022\/10\/The-Bottle-Shop-Online-Logo.png","width":145,"height":147,"caption":"The Bottle Shop"},"image":{"@id":"http:\/\/52.77.24.187\/#\/schema\/logo\/image\/"},"sameAs":["https:\/\/www.facebook.com\/thebottleshopvietnam","https:\/\/www.instagram.com\/thebottleshop_vietnam\/"]}]}},"_links":{"self":[{"href":"https:\/\/thebottleshop.vn\/vi\/wp-json\/wp\/v2\/product\/21367","targetHints":{"allow":["GET"]}}],"collection":[{"href":"https:\/\/thebottleshop.vn\/vi\/wp-json\/wp\/v2\/product"}],"about":[{"href":"https:\/\/thebottleshop.vn\/vi\/wp-json\/wp\/v2\/types\/product"}],"replies":[{"embeddable":true,"href":"https:\/\/thebottleshop.vn\/vi\/wp-json\/wp\/v2\/comments?post=21367"}],"wp:featuredmedia":[{"embeddable":true,"href":"https:\/\/thebottleshop.vn\/vi\/wp-json\/wp\/v2\/media\/18703"}],"wp:attachment":[{"href":"https:\/\/thebottleshop.vn\/vi\/wp-json\/wp\/v2\/media?parent=21367"}],"wp:term":[{"taxonomy":"product_brand","embeddable":true,"href":"https:\/\/thebottleshop.vn\/vi\/wp-json\/wp\/v2\/product_brand?post=21367"},{"taxonomy":"product_cat","embeddable":true,"href":"https:\/\/thebottleshop.vn\/vi\/wp-json\/wp\/v2\/product_cat?post=21367"},{"taxonomy":"product_tag","embeddable":true,"href":"https:\/\/thebottleshop.vn\/vi\/wp-json\/wp\/v2\/product_tag?post=21367"}],"curies":[{"name":"wp","href":"https:\/\/api.w.org\/{rel}","templated":true}]}}