{"id":21369,"date":"2025-04-23T17:55:27","date_gmt":"2025-04-23T10:58:24","guid":{"rendered":"https:\/\/thebottleshop.vn\/product\/song-cai-kha-ruou-cai\/"},"modified":"2025-06-04T22:28:37","modified_gmt":"2025-06-04T15:28:37","slug":"song-cai-kha-ruou-cai","status":"publish","type":"product","link":"https:\/\/thebottleshop.vn\/vi\/san-pham\/song-cai-kha-ruou-cai\/","title":{"rendered":"S\u00f4ng C\u00e1i Kh\u00e0 R\u01b0\u1ee3u C\u00e1i"},"content":{"rendered":"<p>S\u00f4ng C\u00e1i Kh\u00e0 l\u00e0 lo\u1ea1i R\u01b0\u1ee3u C\u00e1i 18 th\u00e1ng tu\u1ed5i, \u0111\u01b0\u1ee3c l\u00e0m ho\u00e0n to\u00e0n t\u1eeb g\u1ea1o n\u1ebfp l\u00ean men. V\u1ecb r\u01b0\u1ee3u d\u00e0y v\u00e0 \u00eam, h\u01b0\u01a1ng qu\u1ea3 chua, qu\u1ea3 \u00f3c ch\u00f3 v\u00e0 v\u1ecb umami \u0111\u1eadm \u0111\u00e0. G\u1ee3i nh\u1edb \u0111\u1ebfn d\u00f2ng r\u01b0\u1ee3u Sherry hay r\u01b0\u1ee3u vang V\u00e0ng (Vin jaune).<\/p>\n<p>V\u1ecb r\u01b0\u1ee3u d\u00e0y v\u00e0 \u00eam, h\u01b0\u01a1ng qu\u1ea3 chua, qu\u1ea3 \u00f3c ch\u00f3 v\u00e0 v\u1ecb umami \u0111\u1eadm \u0111\u00e0.<\/p>\n<div class=\"fe-block fe-block-ceef51850064ec168b26\">\n<div id=\"block-ceef51850064ec168b26\" class=\"sqs-block html-block sqs-block-html\" data-blend-mode=\"NORMAL\" data-block-type=\"2\" data-border-radii=\"{\"topLeft\":{\"unit\":\"px\",\"value\":0.0},\"topRight\":{\"unit\":\"px\",\"value\":0.0},\"bottomLeft\":{\"unit\":\"px\",\"value\":0.0},\"bottomRight\":{\"unit\":\"px\",\"value\":0.0}}\">\n<div class=\"sqs-block-content\">\n<div class=\"sqs-html-content\">\n<p class=\"preFlex flexIn\">G\u1ee3i nh\u1edb \u0111\u1ebfn d\u00f2ng r\u01b0\u1ee3u Sherry hay r\u01b0\u1ee3u vang V\u00e0ng (Vin jaune).<\/p>\n<\/div>\n<\/div>\n<\/div>\n<\/div>\n<p>\u2014\u2013<br \/>\nXem th\u01b0 vi\u1ec7n h\u00ecnh \u1ea3nh \u0111\u1ec3 bi\u1ebft th\u00eam th\u00f4ng tin chi ti\u1ebft v\u1ec1 ngu\u1ed3n g\u1ed1c, th\u00e0nh ph\u1ea7n v\u00e0 h\u01b0\u1edbng d\u1eabn s\u1eed d\u1ee5ng c\u1ee7a s\u1ea3n ph\u1ea9m.<\/p>\n","protected":false},"excerpt":{"rendered":"<p><strong>750ml :: 17%<\/strong><\/p>\n","protected":false},"featured_media":18699,"comment_status":"open","ping_status":"closed","template":"","meta":{"_acf_changed":false},"product_brand":[],"product_cat":[390,338,349,376,365,345,339,341,352,386,364,371,495],"product_tag":[],"class_list":{"0":"post-21369","1":"product","2":"type-product","3":"status-publish","4":"has-post-thumbnail","6":"product_cat-vietnam-hanoi","7":"product_cat-ruou-va-ruou-vang","8":"product_cat-1-0-2-5","9":"product_cat-1m","10":"product_cat-ruou","11":"product_cat-abv-vi","12":"product_cat-xuat-xu","13":"product_cat-dong-goi","14":"product_cat-gia","15":"product_cat-chai-750-ml","16":"product_cat-dong-ruou","17":"product_cat-nha-san-xuat-ruou","18":"product_cat-song-cai","20":"first","21":"instock","22":"shipping-taxable","23":"purchasable","24":"product-type-simple","25":"add-to-wishlist-before_image"},"acf":[],"yoast_head":"<!-- This site is optimized with the Yoast SEO plugin v27.2 - https:\/\/yoast.com\/product\/yoast-seo-wordpress\/ -->\n<title>S\u00f4ng C\u00e1i Kh\u00e0 R\u01b0\u1ee3u C\u00e1i - The Bottle Shop<\/title>\n<meta name=\"description\" content=\"S\u00f4ng C\u00e1i Kh\u00e0 l\u00e0 lo\u1ea1i R\u01b0\u1ee3u C\u00e1i 18 th\u00e1ng tu\u1ed5i, \u0111\u01b0\u1ee3c l\u00e0m ho\u00e0n to\u00e0n t\u1eeb g\u1ea1o n\u1ebfp l\u00ean men. V\u1ecb r\u01b0\u1ee3u d\u00e0y v\u00e0 \u00eam, h\u01b0\u01a1ng qu\u1ea3 chua, qu\u1ea3 \u00f3c ch\u00f3 v\u00e0 v\u1ecb umami \u0111\u1eadm \u0111\u00e0. G\u1ee3i nh\u1edb \u0111\u1ebfn d\u00f2ng r\u01b0\u1ee3u Sherry hay r\u01b0\u1ee3u vang V\u00e0ng (Vin jaune).\" \/>\n<meta name=\"robots\" content=\"index, follow, max-snippet:-1, max-image-preview:large, max-video-preview:-1\" \/>\n<link rel=\"canonical\" href=\"http:\/\/52.77.24.187\/vi\/san-pham\/song-cai-kha-ruou-cai\/\" \/>\n<meta property=\"og:locale\" content=\"vi_VN\" \/>\n<meta property=\"og:type\" content=\"article\" \/>\n<meta property=\"og:title\" content=\"S\u00f4ng C\u00e1i Kh\u00e0 R\u01b0\u1ee3u C\u00e1i - The Bottle Shop\" \/>\n<meta property=\"og:description\" content=\"S\u00f4ng C\u00e1i Kh\u00e0 l\u00e0 lo\u1ea1i R\u01b0\u1ee3u C\u00e1i 18 th\u00e1ng tu\u1ed5i, \u0111\u01b0\u1ee3c l\u00e0m ho\u00e0n to\u00e0n t\u1eeb g\u1ea1o n\u1ebfp l\u00ean men. V\u1ecb r\u01b0\u1ee3u d\u00e0y v\u00e0 \u00eam, h\u01b0\u01a1ng qu\u1ea3 chua, qu\u1ea3 \u00f3c ch\u00f3 v\u00e0 v\u1ecb umami \u0111\u1eadm \u0111\u00e0. G\u1ee3i nh\u1edb \u0111\u1ebfn d\u00f2ng r\u01b0\u1ee3u Sherry hay r\u01b0\u1ee3u vang V\u00e0ng (Vin jaune).\" \/>\n<meta property=\"og:url\" content=\"http:\/\/52.77.24.187\/vi\/san-pham\/song-cai-kha-ruou-cai\/\" \/>\n<meta property=\"og:site_name\" content=\"The Bottle Shop\" \/>\n<meta property=\"article:publisher\" content=\"https:\/\/www.facebook.com\/thebottleshopvietnam\" \/>\n<meta property=\"article:modified_time\" content=\"2025-06-04T15:28:37+00:00\" \/>\n<meta property=\"og:image\" content=\"https:\/\/mlsrfcxkkbzg.i.optimole.com\/cb:JbP2.215d7\/w:auto\/h:auto\/q:mauto\/ig:avif\/http:\/\/52.77.24.187\/wp-content\/uploads\/2023\/12\/Song-Cai-Kha-Yellow-Rice-Wine.png\" \/>\n\t<meta property=\"og:image:width\" content=\"1080\" \/>\n\t<meta property=\"og:image:height\" content=\"1080\" \/>\n\t<meta property=\"og:image:type\" content=\"image\/png\" \/>\n<meta name=\"twitter:card\" content=\"summary_large_image\" \/>\n<meta name=\"twitter:label1\" content=\"Est. reading time\" \/>\n\t<meta name=\"twitter:data1\" content=\"1 minute\" \/>\n<script type=\"application\/ld+json\" class=\"yoast-schema-graph\">{\"@context\":\"https:\/\/schema.org\",\"@graph\":[{\"@type\":\"WebPage\",\"@id\":\"http:\/\/52.77.24.187\/vi\/san-pham\/song-cai-kha-ruou-cai\/\",\"url\":\"http:\/\/52.77.24.187\/vi\/san-pham\/song-cai-kha-ruou-cai\/\",\"name\":\"S\u00f4ng C\u00e1i Kh\u00e0 R\u01b0\u1ee3u C\u00e1i - The Bottle Shop\",\"isPartOf\":{\"@id\":\"http:\/\/52.77.24.187\/#website\"},\"primaryImageOfPage\":{\"@id\":\"http:\/\/52.77.24.187\/vi\/san-pham\/song-cai-kha-ruou-cai\/#primaryimage\"},\"image\":{\"@id\":\"http:\/\/52.77.24.187\/vi\/san-pham\/song-cai-kha-ruou-cai\/#primaryimage\"},\"thumbnailUrl\":\"https:\/\/mlsrfcxkkbzg.i.optimole.com\/cb:JbP2.215d7\/w:auto\/h:auto\/q:mauto\/ig:avif\/https:\/\/thebottleshop.vn\/wp-content\/uploads\/2023\/12\/Song-Cai-Kha-Yellow-Rice-Wine.png\",\"datePublished\":\"2025-04-23T10:58:24+00:00\",\"dateModified\":\"2025-06-04T15:28:37+00:00\",\"description\":\"S\u00f4ng C\u00e1i Kh\u00e0 l\u00e0 lo\u1ea1i R\u01b0\u1ee3u C\u00e1i 18 th\u00e1ng tu\u1ed5i, \u0111\u01b0\u1ee3c l\u00e0m ho\u00e0n to\u00e0n t\u1eeb g\u1ea1o n\u1ebfp l\u00ean men. V\u1ecb r\u01b0\u1ee3u d\u00e0y v\u00e0 \u00eam, h\u01b0\u01a1ng qu\u1ea3 chua, qu\u1ea3 \u00f3c ch\u00f3 v\u00e0 v\u1ecb umami \u0111\u1eadm \u0111\u00e0. G\u1ee3i nh\u1edb \u0111\u1ebfn d\u00f2ng r\u01b0\u1ee3u Sherry hay r\u01b0\u1ee3u vang V\u00e0ng (Vin jaune).\",\"breadcrumb\":{\"@id\":\"http:\/\/52.77.24.187\/vi\/san-pham\/song-cai-kha-ruou-cai\/#breadcrumb\"},\"inLanguage\":\"vi-VN\",\"potentialAction\":[{\"@type\":\"ReadAction\",\"target\":[\"http:\/\/52.77.24.187\/vi\/san-pham\/song-cai-kha-ruou-cai\/\"]}]},{\"@type\":\"ImageObject\",\"inLanguage\":\"vi-VN\",\"@id\":\"http:\/\/52.77.24.187\/vi\/san-pham\/song-cai-kha-ruou-cai\/#primaryimage\",\"url\":\"https:\/\/mlsrfcxkkbzg.i.optimole.com\/cb:JbP2.215d7\/w:auto\/h:auto\/q:mauto\/ig:avif\/https:\/\/thebottleshop.vn\/wp-content\/uploads\/2023\/12\/Song-Cai-Kha-Yellow-Rice-Wine.png\",\"contentUrl\":\"https:\/\/mlsrfcxkkbzg.i.optimole.com\/cb:JbP2.215d7\/w:auto\/h:auto\/q:mauto\/ig:avif\/https:\/\/thebottleshop.vn\/wp-content\/uploads\/2023\/12\/Song-Cai-Kha-Yellow-Rice-Wine.png\",\"width\":1080,\"height\":1080,\"caption\":\"S\u00f4ng C\u00e1i Kh\u00e0 Yellow Rice Wine\"},{\"@type\":\"BreadcrumbList\",\"@id\":\"http:\/\/52.77.24.187\/vi\/san-pham\/song-cai-kha-ruou-cai\/#breadcrumb\",\"itemListElement\":[{\"@type\":\"ListItem\",\"position\":1,\"name\":\"Home\",\"item\":\"http:\/\/52.77.24.187\/vi\/test-popup-vi\/\"},{\"@type\":\"ListItem\",\"position\":2,\"name\":\"C\u1eeda h\u00e0ng\",\"item\":\"http:\/\/52.77.24.187\/vi\/cua-hang\/\"},{\"@type\":\"ListItem\",\"position\":3,\"name\":\"S\u00f4ng C\u00e1i Kh\u00e0 R\u01b0\u1ee3u C\u00e1i\"}]},{\"@type\":\"WebSite\",\"@id\":\"http:\/\/52.77.24.187\/#website\",\"url\":\"http:\/\/52.77.24.187\/\",\"name\":\"The Bottle Shop\",\"description\":\"All beers are not created equal\",\"publisher\":{\"@id\":\"http:\/\/52.77.24.187\/#organization\"},\"potentialAction\":[{\"@type\":\"SearchAction\",\"target\":{\"@type\":\"EntryPoint\",\"urlTemplate\":\"http:\/\/52.77.24.187\/?s={search_term_string}\"},\"query-input\":{\"@type\":\"PropertyValueSpecification\",\"valueRequired\":true,\"valueName\":\"search_term_string\"}}],\"inLanguage\":\"vi-VN\"},{\"@type\":\"Organization\",\"@id\":\"http:\/\/52.77.24.187\/#organization\",\"name\":\"The Bottle Shop\",\"url\":\"http:\/\/52.77.24.187\/\",\"logo\":{\"@type\":\"ImageObject\",\"inLanguage\":\"vi-VN\",\"@id\":\"http:\/\/52.77.24.187\/#\/schema\/logo\/image\/\",\"url\":\"https:\/\/mlsrfcxkkbzg.i.optimole.com\/cb:JbP2.215d7\/w:auto\/h:auto\/q:mauto\/ig:avif\/https:\/\/thebottleshop.vn\/wp-content\/uploads\/2022\/10\/The-Bottle-Shop-Online-Logo.png\",\"contentUrl\":\"https:\/\/mlsrfcxkkbzg.i.optimole.com\/cb:JbP2.215d7\/w:auto\/h:auto\/q:mauto\/ig:avif\/https:\/\/thebottleshop.vn\/wp-content\/uploads\/2022\/10\/The-Bottle-Shop-Online-Logo.png\",\"width\":145,\"height\":147,\"caption\":\"The Bottle Shop\"},\"image\":{\"@id\":\"http:\/\/52.77.24.187\/#\/schema\/logo\/image\/\"},\"sameAs\":[\"https:\/\/www.facebook.com\/thebottleshopvietnam\",\"https:\/\/www.instagram.com\/thebottleshop_vietnam\/\"]}]}<\/script>\n<!-- \/ Yoast SEO plugin. -->","yoast_head_json":{"title":"S\u00f4ng C\u00e1i Kh\u00e0 R\u01b0\u1ee3u C\u00e1i - The Bottle Shop","description":"S\u00f4ng C\u00e1i Kh\u00e0 l\u00e0 lo\u1ea1i R\u01b0\u1ee3u C\u00e1i 18 th\u00e1ng tu\u1ed5i, \u0111\u01b0\u1ee3c l\u00e0m ho\u00e0n to\u00e0n t\u1eeb g\u1ea1o n\u1ebfp l\u00ean men. V\u1ecb r\u01b0\u1ee3u d\u00e0y v\u00e0 \u00eam, h\u01b0\u01a1ng qu\u1ea3 chua, qu\u1ea3 \u00f3c ch\u00f3 v\u00e0 v\u1ecb umami \u0111\u1eadm \u0111\u00e0. G\u1ee3i nh\u1edb \u0111\u1ebfn d\u00f2ng r\u01b0\u1ee3u Sherry hay r\u01b0\u1ee3u vang V\u00e0ng (Vin jaune).","robots":{"index":"index","follow":"follow","max-snippet":"max-snippet:-1","max-image-preview":"max-image-preview:large","max-video-preview":"max-video-preview:-1"},"canonical":"http:\/\/52.77.24.187\/vi\/san-pham\/song-cai-kha-ruou-cai\/","og_locale":"vi_VN","og_type":"article","og_title":"S\u00f4ng C\u00e1i Kh\u00e0 R\u01b0\u1ee3u C\u00e1i - The Bottle Shop","og_description":"S\u00f4ng C\u00e1i Kh\u00e0 l\u00e0 lo\u1ea1i R\u01b0\u1ee3u C\u00e1i 18 th\u00e1ng tu\u1ed5i, \u0111\u01b0\u1ee3c l\u00e0m ho\u00e0n to\u00e0n t\u1eeb g\u1ea1o n\u1ebfp l\u00ean men. V\u1ecb r\u01b0\u1ee3u d\u00e0y v\u00e0 \u00eam, h\u01b0\u01a1ng qu\u1ea3 chua, qu\u1ea3 \u00f3c ch\u00f3 v\u00e0 v\u1ecb umami \u0111\u1eadm \u0111\u00e0. G\u1ee3i nh\u1edb \u0111\u1ebfn d\u00f2ng r\u01b0\u1ee3u Sherry hay r\u01b0\u1ee3u vang V\u00e0ng (Vin jaune).","og_url":"http:\/\/52.77.24.187\/vi\/san-pham\/song-cai-kha-ruou-cai\/","og_site_name":"The Bottle Shop","article_publisher":"https:\/\/www.facebook.com\/thebottleshopvietnam","article_modified_time":"2025-06-04T15:28:37+00:00","og_image":[{"width":1080,"height":1080,"url":"https:\/\/mlsrfcxkkbzg.i.optimole.com\/cb:JbP2.215d7\/w:auto\/h:auto\/q:mauto\/ig:avif\/http:\/\/52.77.24.187\/wp-content\/uploads\/2023\/12\/Song-Cai-Kha-Yellow-Rice-Wine.png","type":"image\/png"}],"twitter_card":"summary_large_image","twitter_misc":{"Est. reading time":"1 minute"},"schema":{"@context":"https:\/\/schema.org","@graph":[{"@type":"WebPage","@id":"http:\/\/52.77.24.187\/vi\/san-pham\/song-cai-kha-ruou-cai\/","url":"http:\/\/52.77.24.187\/vi\/san-pham\/song-cai-kha-ruou-cai\/","name":"S\u00f4ng C\u00e1i Kh\u00e0 R\u01b0\u1ee3u C\u00e1i - The Bottle Shop","isPartOf":{"@id":"http:\/\/52.77.24.187\/#website"},"primaryImageOfPage":{"@id":"http:\/\/52.77.24.187\/vi\/san-pham\/song-cai-kha-ruou-cai\/#primaryimage"},"image":{"@id":"http:\/\/52.77.24.187\/vi\/san-pham\/song-cai-kha-ruou-cai\/#primaryimage"},"thumbnailUrl":"https:\/\/mlsrfcxkkbzg.i.optimole.com\/cb:JbP2.215d7\/w:auto\/h:auto\/q:mauto\/ig:avif\/https:\/\/thebottleshop.vn\/wp-content\/uploads\/2023\/12\/Song-Cai-Kha-Yellow-Rice-Wine.png","datePublished":"2025-04-23T10:58:24+00:00","dateModified":"2025-06-04T15:28:37+00:00","description":"S\u00f4ng C\u00e1i Kh\u00e0 l\u00e0 lo\u1ea1i R\u01b0\u1ee3u C\u00e1i 18 th\u00e1ng tu\u1ed5i, \u0111\u01b0\u1ee3c l\u00e0m ho\u00e0n to\u00e0n t\u1eeb g\u1ea1o n\u1ebfp l\u00ean men. V\u1ecb r\u01b0\u1ee3u d\u00e0y v\u00e0 \u00eam, h\u01b0\u01a1ng qu\u1ea3 chua, qu\u1ea3 \u00f3c ch\u00f3 v\u00e0 v\u1ecb umami \u0111\u1eadm \u0111\u00e0. G\u1ee3i nh\u1edb \u0111\u1ebfn d\u00f2ng r\u01b0\u1ee3u Sherry hay r\u01b0\u1ee3u vang V\u00e0ng (Vin jaune).","breadcrumb":{"@id":"http:\/\/52.77.24.187\/vi\/san-pham\/song-cai-kha-ruou-cai\/#breadcrumb"},"inLanguage":"vi-VN","potentialAction":[{"@type":"ReadAction","target":["http:\/\/52.77.24.187\/vi\/san-pham\/song-cai-kha-ruou-cai\/"]}]},{"@type":"ImageObject","inLanguage":"vi-VN","@id":"http:\/\/52.77.24.187\/vi\/san-pham\/song-cai-kha-ruou-cai\/#primaryimage","url":"https:\/\/mlsrfcxkkbzg.i.optimole.com\/cb:JbP2.215d7\/w:auto\/h:auto\/q:mauto\/ig:avif\/https:\/\/thebottleshop.vn\/wp-content\/uploads\/2023\/12\/Song-Cai-Kha-Yellow-Rice-Wine.png","contentUrl":"https:\/\/mlsrfcxkkbzg.i.optimole.com\/cb:JbP2.215d7\/w:auto\/h:auto\/q:mauto\/ig:avif\/https:\/\/thebottleshop.vn\/wp-content\/uploads\/2023\/12\/Song-Cai-Kha-Yellow-Rice-Wine.png","width":1080,"height":1080,"caption":"S\u00f4ng C\u00e1i Kh\u00e0 Yellow Rice Wine"},{"@type":"BreadcrumbList","@id":"http:\/\/52.77.24.187\/vi\/san-pham\/song-cai-kha-ruou-cai\/#breadcrumb","itemListElement":[{"@type":"ListItem","position":1,"name":"Home","item":"http:\/\/52.77.24.187\/vi\/test-popup-vi\/"},{"@type":"ListItem","position":2,"name":"C\u1eeda h\u00e0ng","item":"http:\/\/52.77.24.187\/vi\/cua-hang\/"},{"@type":"ListItem","position":3,"name":"S\u00f4ng C\u00e1i Kh\u00e0 R\u01b0\u1ee3u C\u00e1i"}]},{"@type":"WebSite","@id":"http:\/\/52.77.24.187\/#website","url":"http:\/\/52.77.24.187\/","name":"The Bottle Shop","description":"All beers are not created equal","publisher":{"@id":"http:\/\/52.77.24.187\/#organization"},"potentialAction":[{"@type":"SearchAction","target":{"@type":"EntryPoint","urlTemplate":"http:\/\/52.77.24.187\/?s={search_term_string}"},"query-input":{"@type":"PropertyValueSpecification","valueRequired":true,"valueName":"search_term_string"}}],"inLanguage":"vi-VN"},{"@type":"Organization","@id":"http:\/\/52.77.24.187\/#organization","name":"The Bottle Shop","url":"http:\/\/52.77.24.187\/","logo":{"@type":"ImageObject","inLanguage":"vi-VN","@id":"http:\/\/52.77.24.187\/#\/schema\/logo\/image\/","url":"https:\/\/mlsrfcxkkbzg.i.optimole.com\/cb:JbP2.215d7\/w:auto\/h:auto\/q:mauto\/ig:avif\/https:\/\/thebottleshop.vn\/wp-content\/uploads\/2022\/10\/The-Bottle-Shop-Online-Logo.png","contentUrl":"https:\/\/mlsrfcxkkbzg.i.optimole.com\/cb:JbP2.215d7\/w:auto\/h:auto\/q:mauto\/ig:avif\/https:\/\/thebottleshop.vn\/wp-content\/uploads\/2022\/10\/The-Bottle-Shop-Online-Logo.png","width":145,"height":147,"caption":"The Bottle Shop"},"image":{"@id":"http:\/\/52.77.24.187\/#\/schema\/logo\/image\/"},"sameAs":["https:\/\/www.facebook.com\/thebottleshopvietnam","https:\/\/www.instagram.com\/thebottleshop_vietnam\/"]}]}},"_links":{"self":[{"href":"https:\/\/thebottleshop.vn\/vi\/wp-json\/wp\/v2\/product\/21369","targetHints":{"allow":["GET"]}}],"collection":[{"href":"https:\/\/thebottleshop.vn\/vi\/wp-json\/wp\/v2\/product"}],"about":[{"href":"https:\/\/thebottleshop.vn\/vi\/wp-json\/wp\/v2\/types\/product"}],"replies":[{"embeddable":true,"href":"https:\/\/thebottleshop.vn\/vi\/wp-json\/wp\/v2\/comments?post=21369"}],"wp:featuredmedia":[{"embeddable":true,"href":"https:\/\/thebottleshop.vn\/vi\/wp-json\/wp\/v2\/media\/18699"}],"wp:attachment":[{"href":"https:\/\/thebottleshop.vn\/vi\/wp-json\/wp\/v2\/media?parent=21369"}],"wp:term":[{"taxonomy":"product_brand","embeddable":true,"href":"https:\/\/thebottleshop.vn\/vi\/wp-json\/wp\/v2\/product_brand?post=21369"},{"taxonomy":"product_cat","embeddable":true,"href":"https:\/\/thebottleshop.vn\/vi\/wp-json\/wp\/v2\/product_cat?post=21369"},{"taxonomy":"product_tag","embeddable":true,"href":"https:\/\/thebottleshop.vn\/vi\/wp-json\/wp\/v2\/product_tag?post=21369"}],"curies":[{"name":"wp","href":"https:\/\/api.w.org\/{rel}","templated":true}]}}