{"id":21378,"date":"2025-04-28T13:53:13","date_gmt":"2025-04-28T06:53:13","guid":{"rendered":"https:\/\/thebottleshop.vn\/product\/overmorrow-bia-drinker-lager\/"},"modified":"2025-06-04T22:28:19","modified_gmt":"2025-06-04T15:28:19","slug":"overmorrow-bia-drinker-lager","status":"publish","type":"product","link":"https:\/\/thebottleshop.vn\/vi\/san-pham\/overmorrow-bia-drinker-lager\/","title":{"rendered":"Bia Overmorrow Bia Drinker Lager"},"content":{"rendered":"<p>Bia u\u1ed1ng Overmorrow Lager. Bia u\u1ed1ng. H\u00e3y l\u00e0 ng\u01b0\u1eddi chi\u1ebfn th\u1eafng.  <\/p>\n<p>Phi\u00ean b\u1ea3n \u0111\u1eb7c bi\u1ec7t m\u1edbi nh\u1ea5t c\u1ee7a Overmorrow l\u00e0 m\u1ed9t s\u1ef1 k\u1ebft h\u1ee3p \u0111\u1ea7y th\u00fa v\u1ecb v\u1edbi Hanoi Drink Team FC, m\u1ed9t trong nh\u1eefng c\u00e2u l\u1ea1c b\u1ed9 b\u00f3ng \u0111\u00e1 l\u00e2u \u0111\u1eddi nh\u1ea5t t\u1ea1i H\u00e0 N\u1ed9i. L\u00e0 th\u00e0nh vi\u00ean s\u00e1ng l\u1eadp c\u1ee7a International Hanoi League, Hanoi Drink Team lu\u00f4n g\u1eafn li\u1ec1n v\u1edbi ph\u01b0\u01a1ng ch\u00e2m: \u201cT\u00ecnh b\u1ea1n, danh hi\u1ec7u v\u00e0 bia h\u01a1i\u201d trong su\u1ed1t l\u1ecbch s\u1eed c\u1ee7a m\u00ecnh, khi\u1ebfn h\u1ecd tr\u1edf th\u00e0nh \u0111\u1ed1i t\u00e1c ho\u00e0n h\u1ea3o cho l\u1ea7n h\u1ee3p t\u00e1c n\u00e0y. <\/p>\n<p>Bia Drinker v\u1eabn gi\u1eef nguy\u00ean nh\u1eefng tinh th\u1ea7n \u0111\u00f3 v\u00e0 \u0111\u01b0\u1ee3c \u0111\u00f3ng h\u1ebft v\u00e0o chai \u2013 m\u1ed9t d\u00f2ng bia lager t\u01b0\u01a1i m\u1edbi, \u0111\u01b0\u1ee3c t\u1ea1o ra \u0111\u1ec3 th\u01b0\u1edfng th\u1ee9c c\u00f9ng \u0111\u1ed3ng \u0111\u1ed9i. Nh\u01b0 c\u00e1c lo\u1ea1i bia c\u1ee7a Overmorrow, Bia Drinker t\u1ef1 h\u00e0o th\u1ec3 hi\u1ec7n b\u1ea3n s\u1eafc qu\u00ea nh\u00e0 v\u1edbi nguy\u00ean li\u1ec7u g\u1ea1o Vi\u1ec7t Nam, nh\u01b0ng v\u1eabn d\u1ec5 u\u1ed1ng nh\u01b0 b\u1ea5t k\u1ef3 d\u00f2ng lager qu\u1ed1c t\u1ebf n\u00e0o. C\u00f3 th\u1ec3 th\u01b0\u1edfng th\u1ee9c tr\u00ean kh\u00e1n \u0111\u00e0i, trong b\u1eefa ti\u1ec7c m\u1eebng chi\u1ebfn th\u1eafng, ho\u1eb7c th\u1eadm ch\u00ed l\u00e0m m\u1ed9t ly nhanh tr\u01b0\u1edbc khi th\u1ef1c hi\u1ec7n qu\u1ea3 ph\u1ea1t \u0111\u1ec1n quan tr\u1ecdng.   <\/p>\n<p>\u2014\u2013<br \/>\nXem th\u01b0 vi\u1ec7n h\u00ecnh \u1ea3nh \u0111\u1ec3 bi\u1ebft th\u00eam th\u00f4ng tin chi ti\u1ebft v\u1ec1 ngu\u1ed3n g\u1ed1c, th\u00e0nh ph\u1ea7n v\u00e0 h\u01b0\u1edbng d\u1eabn s\u1eed d\u1ee5ng c\u1ee7a s\u1ea3n ph\u1ea9m.<\/p>\n","protected":false},"excerpt":{"rendered":"<p><strong>Gi\u00f2n, T\u01b0\u01a1i m\u00e1t, Cao c\u1ea5p 4,7%<\/strong><\/p>\n","protected":false},"featured_media":21387,"comment_status":"open","ping_status":"closed","template":"","meta":{"_acf_changed":false},"product_brand":[],"product_cat":[390,379,347,337,354,342,351,366,345,377,339,341,352,356,471],"product_tag":[],"class_list":{"0":"post-21378","1":"product","2":"type-product","3":"status-publish","4":"has-post-thumbnail","6":"product_cat-vietnam-hanoi","7":"product_cat-20-39","8":"product_cat-4-5-9","9":"product_cat-bia-va-cider","10":"product_cat-75k-99k","11":"product_cat-chai-330-ml","12":"product_cat-dong-bia","13":"product_cat-nha-san-xuat","14":"product_cat-abv-vi","15":"product_cat-ibu","16":"product_cat-xuat-xu","17":"product_cat-dong-goi","18":"product_cat-gia","19":"product_cat-lager","20":"product_cat-overmorrow-brewing-co","22":"first","23":"outofstock","24":"shipping-taxable","25":"purchasable","26":"product-type-simple","27":"add-to-wishlist-before_image"},"acf":[],"yoast_head":"<!-- This site is optimized with the Yoast SEO plugin v27.2 - https:\/\/yoast.com\/product\/yoast-seo-wordpress\/ -->\n<title>Bia Overmorrow Bia Drinker Lager - The Bottle Shop<\/title>\n<meta name=\"description\" content=\"Bia Overmorrow Bia Drinker Lager. Bia Drinker. H\u00e3y l\u00e0 ng\u01b0\u1eddi chi\u1ebfn th\u1eafng. Phi\u00ean b\u1ea3n \u0111\u1eb7c bi\u1ec7t m\u1edbi nh\u1ea5t c\u1ee7a Overmorrow l\u00e0 m\u1ed9t s\u1ea3n ph\u1ea9m th\u00fa v\u1ecb, h\u1ee3p t\u00e1c v\u1edbi Hanoi Drink Team FC.\" \/>\n<meta name=\"robots\" content=\"index, follow, max-snippet:-1, max-image-preview:large, max-video-preview:-1\" \/>\n<link rel=\"canonical\" href=\"http:\/\/52.77.24.187\/vi\/san-pham\/overmorrow-bia-drinker-lager\/\" \/>\n<meta property=\"og:locale\" content=\"vi_VN\" \/>\n<meta property=\"og:type\" content=\"article\" \/>\n<meta property=\"og:title\" content=\"Bia Overmorrow Bia Drinker Lager - The Bottle Shop\" \/>\n<meta property=\"og:description\" content=\"Bia Overmorrow Bia Drinker Lager. Bia Drinker. H\u00e3y l\u00e0 ng\u01b0\u1eddi chi\u1ebfn th\u1eafng. Phi\u00ean b\u1ea3n \u0111\u1eb7c bi\u1ec7t m\u1edbi nh\u1ea5t c\u1ee7a Overmorrow l\u00e0 m\u1ed9t s\u1ea3n ph\u1ea9m th\u00fa v\u1ecb, h\u1ee3p t\u00e1c v\u1edbi Hanoi Drink Team FC.\" \/>\n<meta property=\"og:url\" content=\"http:\/\/52.77.24.187\/vi\/san-pham\/overmorrow-bia-drinker-lager\/\" \/>\n<meta property=\"og:site_name\" content=\"The Bottle Shop\" \/>\n<meta property=\"article:publisher\" content=\"https:\/\/www.facebook.com\/thebottleshopvietnam\" \/>\n<meta property=\"article:modified_time\" content=\"2025-06-04T15:28:19+00:00\" \/>\n<meta property=\"og:image\" content=\"https:\/\/mlsrfcxkkbzg.i.optimole.com\/cb:JbP2.215d7\/w:auto\/h:auto\/q:mauto\/ig:avif\/http:\/\/52.77.24.187\/wp-content\/uploads\/2025\/04\/Overmorrow-Bia-Drinker-Lager-1.png\" \/>\n\t<meta property=\"og:image:width\" content=\"1080\" \/>\n\t<meta property=\"og:image:height\" content=\"1080\" \/>\n\t<meta property=\"og:image:type\" content=\"image\/png\" \/>\n<meta name=\"twitter:card\" content=\"summary_large_image\" \/>\n<meta name=\"twitter:label1\" content=\"Est. reading time\" \/>\n\t<meta name=\"twitter:data1\" content=\"2 minutes\" \/>\n<script type=\"application\/ld+json\" class=\"yoast-schema-graph\">{\"@context\":\"https:\/\/schema.org\",\"@graph\":[{\"@type\":\"WebPage\",\"@id\":\"http:\/\/52.77.24.187\/vi\/san-pham\/overmorrow-bia-drinker-lager\/\",\"url\":\"http:\/\/52.77.24.187\/vi\/san-pham\/overmorrow-bia-drinker-lager\/\",\"name\":\"Bia Overmorrow Bia Drinker Lager - The Bottle Shop\",\"isPartOf\":{\"@id\":\"http:\/\/52.77.24.187\/#website\"},\"primaryImageOfPage\":{\"@id\":\"http:\/\/52.77.24.187\/vi\/san-pham\/overmorrow-bia-drinker-lager\/#primaryimage\"},\"image\":{\"@id\":\"http:\/\/52.77.24.187\/vi\/san-pham\/overmorrow-bia-drinker-lager\/#primaryimage\"},\"thumbnailUrl\":\"https:\/\/mlsrfcxkkbzg.i.optimole.com\/cb:JbP2.215d7\/w:auto\/h:auto\/q:mauto\/ig:avif\/https:\/\/thebottleshop.vn\/wp-content\/uploads\/2025\/04\/Overmorrow-Bia-Drinker-Lager-1.png\",\"datePublished\":\"2025-04-28T06:53:13+00:00\",\"dateModified\":\"2025-06-04T15:28:19+00:00\",\"description\":\"Bia Overmorrow Bia Drinker Lager. Bia Drinker. H\u00e3y l\u00e0 ng\u01b0\u1eddi chi\u1ebfn th\u1eafng. Phi\u00ean b\u1ea3n \u0111\u1eb7c bi\u1ec7t m\u1edbi nh\u1ea5t c\u1ee7a Overmorrow l\u00e0 m\u1ed9t s\u1ea3n ph\u1ea9m th\u00fa v\u1ecb, h\u1ee3p t\u00e1c v\u1edbi Hanoi Drink Team FC.\",\"breadcrumb\":{\"@id\":\"http:\/\/52.77.24.187\/vi\/san-pham\/overmorrow-bia-drinker-lager\/#breadcrumb\"},\"inLanguage\":\"vi-VN\",\"potentialAction\":[{\"@type\":\"ReadAction\",\"target\":[\"http:\/\/52.77.24.187\/vi\/san-pham\/overmorrow-bia-drinker-lager\/\"]}]},{\"@type\":\"ImageObject\",\"inLanguage\":\"vi-VN\",\"@id\":\"http:\/\/52.77.24.187\/vi\/san-pham\/overmorrow-bia-drinker-lager\/#primaryimage\",\"url\":\"https:\/\/mlsrfcxkkbzg.i.optimole.com\/cb:JbP2.215d7\/w:auto\/h:auto\/q:mauto\/ig:avif\/https:\/\/thebottleshop.vn\/wp-content\/uploads\/2025\/04\/Overmorrow-Bia-Drinker-Lager-1.png\",\"contentUrl\":\"https:\/\/mlsrfcxkkbzg.i.optimole.com\/cb:JbP2.215d7\/w:auto\/h:auto\/q:mauto\/ig:avif\/https:\/\/thebottleshop.vn\/wp-content\/uploads\/2025\/04\/Overmorrow-Bia-Drinker-Lager-1.png\",\"width\":1080,\"height\":1080,\"caption\":\"Overmorrow Bia Drinker Lager\"},{\"@type\":\"BreadcrumbList\",\"@id\":\"http:\/\/52.77.24.187\/vi\/san-pham\/overmorrow-bia-drinker-lager\/#breadcrumb\",\"itemListElement\":[{\"@type\":\"ListItem\",\"position\":1,\"name\":\"Home\",\"item\":\"http:\/\/52.77.24.187\/vi\/test-popup-vi\/\"},{\"@type\":\"ListItem\",\"position\":2,\"name\":\"C\u1eeda h\u00e0ng\",\"item\":\"http:\/\/52.77.24.187\/vi\/cua-hang\/\"},{\"@type\":\"ListItem\",\"position\":3,\"name\":\"Bia Overmorrow Bia Drinker Lager\"}]},{\"@type\":\"WebSite\",\"@id\":\"http:\/\/52.77.24.187\/#website\",\"url\":\"http:\/\/52.77.24.187\/\",\"name\":\"The Bottle Shop\",\"description\":\"All beers are not created equal\",\"publisher\":{\"@id\":\"http:\/\/52.77.24.187\/#organization\"},\"potentialAction\":[{\"@type\":\"SearchAction\",\"target\":{\"@type\":\"EntryPoint\",\"urlTemplate\":\"http:\/\/52.77.24.187\/?s={search_term_string}\"},\"query-input\":{\"@type\":\"PropertyValueSpecification\",\"valueRequired\":true,\"valueName\":\"search_term_string\"}}],\"inLanguage\":\"vi-VN\"},{\"@type\":\"Organization\",\"@id\":\"http:\/\/52.77.24.187\/#organization\",\"name\":\"The Bottle Shop\",\"url\":\"http:\/\/52.77.24.187\/\",\"logo\":{\"@type\":\"ImageObject\",\"inLanguage\":\"vi-VN\",\"@id\":\"http:\/\/52.77.24.187\/#\/schema\/logo\/image\/\",\"url\":\"https:\/\/mlsrfcxkkbzg.i.optimole.com\/cb:JbP2.215d7\/w:auto\/h:auto\/q:mauto\/ig:avif\/https:\/\/thebottleshop.vn\/wp-content\/uploads\/2022\/10\/The-Bottle-Shop-Online-Logo.png\",\"contentUrl\":\"https:\/\/mlsrfcxkkbzg.i.optimole.com\/cb:JbP2.215d7\/w:auto\/h:auto\/q:mauto\/ig:avif\/https:\/\/thebottleshop.vn\/wp-content\/uploads\/2022\/10\/The-Bottle-Shop-Online-Logo.png\",\"width\":145,\"height\":147,\"caption\":\"The Bottle Shop\"},\"image\":{\"@id\":\"http:\/\/52.77.24.187\/#\/schema\/logo\/image\/\"},\"sameAs\":[\"https:\/\/www.facebook.com\/thebottleshopvietnam\",\"https:\/\/www.instagram.com\/thebottleshop_vietnam\/\"]}]}<\/script>\n<!-- \/ Yoast SEO plugin. -->","yoast_head_json":{"title":"Bia Overmorrow Bia Drinker Lager - The Bottle Shop","description":"Bia Overmorrow Bia Drinker Lager. Bia Drinker. H\u00e3y l\u00e0 ng\u01b0\u1eddi chi\u1ebfn th\u1eafng. Phi\u00ean b\u1ea3n \u0111\u1eb7c bi\u1ec7t m\u1edbi nh\u1ea5t c\u1ee7a Overmorrow l\u00e0 m\u1ed9t s\u1ea3n ph\u1ea9m th\u00fa v\u1ecb, h\u1ee3p t\u00e1c v\u1edbi Hanoi Drink Team FC.","robots":{"index":"index","follow":"follow","max-snippet":"max-snippet:-1","max-image-preview":"max-image-preview:large","max-video-preview":"max-video-preview:-1"},"canonical":"http:\/\/52.77.24.187\/vi\/san-pham\/overmorrow-bia-drinker-lager\/","og_locale":"vi_VN","og_type":"article","og_title":"Bia Overmorrow Bia Drinker Lager - The Bottle Shop","og_description":"Bia Overmorrow Bia Drinker Lager. Bia Drinker. H\u00e3y l\u00e0 ng\u01b0\u1eddi chi\u1ebfn th\u1eafng. Phi\u00ean b\u1ea3n \u0111\u1eb7c bi\u1ec7t m\u1edbi nh\u1ea5t c\u1ee7a Overmorrow l\u00e0 m\u1ed9t s\u1ea3n ph\u1ea9m th\u00fa v\u1ecb, h\u1ee3p t\u00e1c v\u1edbi Hanoi Drink Team FC.","og_url":"http:\/\/52.77.24.187\/vi\/san-pham\/overmorrow-bia-drinker-lager\/","og_site_name":"The Bottle Shop","article_publisher":"https:\/\/www.facebook.com\/thebottleshopvietnam","article_modified_time":"2025-06-04T15:28:19+00:00","og_image":[{"width":1080,"height":1080,"url":"https:\/\/mlsrfcxkkbzg.i.optimole.com\/cb:JbP2.215d7\/w:auto\/h:auto\/q:mauto\/ig:avif\/http:\/\/52.77.24.187\/wp-content\/uploads\/2025\/04\/Overmorrow-Bia-Drinker-Lager-1.png","type":"image\/png"}],"twitter_card":"summary_large_image","twitter_misc":{"Est. reading time":"2 minutes"},"schema":{"@context":"https:\/\/schema.org","@graph":[{"@type":"WebPage","@id":"http:\/\/52.77.24.187\/vi\/san-pham\/overmorrow-bia-drinker-lager\/","url":"http:\/\/52.77.24.187\/vi\/san-pham\/overmorrow-bia-drinker-lager\/","name":"Bia Overmorrow Bia Drinker Lager - The Bottle Shop","isPartOf":{"@id":"http:\/\/52.77.24.187\/#website"},"primaryImageOfPage":{"@id":"http:\/\/52.77.24.187\/vi\/san-pham\/overmorrow-bia-drinker-lager\/#primaryimage"},"image":{"@id":"http:\/\/52.77.24.187\/vi\/san-pham\/overmorrow-bia-drinker-lager\/#primaryimage"},"thumbnailUrl":"https:\/\/mlsrfcxkkbzg.i.optimole.com\/cb:JbP2.215d7\/w:auto\/h:auto\/q:mauto\/ig:avif\/https:\/\/thebottleshop.vn\/wp-content\/uploads\/2025\/04\/Overmorrow-Bia-Drinker-Lager-1.png","datePublished":"2025-04-28T06:53:13+00:00","dateModified":"2025-06-04T15:28:19+00:00","description":"Bia Overmorrow Bia Drinker Lager. Bia Drinker. H\u00e3y l\u00e0 ng\u01b0\u1eddi chi\u1ebfn th\u1eafng. Phi\u00ean b\u1ea3n \u0111\u1eb7c bi\u1ec7t m\u1edbi nh\u1ea5t c\u1ee7a Overmorrow l\u00e0 m\u1ed9t s\u1ea3n ph\u1ea9m th\u00fa v\u1ecb, h\u1ee3p t\u00e1c v\u1edbi Hanoi Drink Team FC.","breadcrumb":{"@id":"http:\/\/52.77.24.187\/vi\/san-pham\/overmorrow-bia-drinker-lager\/#breadcrumb"},"inLanguage":"vi-VN","potentialAction":[{"@type":"ReadAction","target":["http:\/\/52.77.24.187\/vi\/san-pham\/overmorrow-bia-drinker-lager\/"]}]},{"@type":"ImageObject","inLanguage":"vi-VN","@id":"http:\/\/52.77.24.187\/vi\/san-pham\/overmorrow-bia-drinker-lager\/#primaryimage","url":"https:\/\/mlsrfcxkkbzg.i.optimole.com\/cb:JbP2.215d7\/w:auto\/h:auto\/q:mauto\/ig:avif\/https:\/\/thebottleshop.vn\/wp-content\/uploads\/2025\/04\/Overmorrow-Bia-Drinker-Lager-1.png","contentUrl":"https:\/\/mlsrfcxkkbzg.i.optimole.com\/cb:JbP2.215d7\/w:auto\/h:auto\/q:mauto\/ig:avif\/https:\/\/thebottleshop.vn\/wp-content\/uploads\/2025\/04\/Overmorrow-Bia-Drinker-Lager-1.png","width":1080,"height":1080,"caption":"Overmorrow Bia Drinker Lager"},{"@type":"BreadcrumbList","@id":"http:\/\/52.77.24.187\/vi\/san-pham\/overmorrow-bia-drinker-lager\/#breadcrumb","itemListElement":[{"@type":"ListItem","position":1,"name":"Home","item":"http:\/\/52.77.24.187\/vi\/test-popup-vi\/"},{"@type":"ListItem","position":2,"name":"C\u1eeda h\u00e0ng","item":"http:\/\/52.77.24.187\/vi\/cua-hang\/"},{"@type":"ListItem","position":3,"name":"Bia Overmorrow Bia Drinker Lager"}]},{"@type":"WebSite","@id":"http:\/\/52.77.24.187\/#website","url":"http:\/\/52.77.24.187\/","name":"The Bottle Shop","description":"All beers are not created equal","publisher":{"@id":"http:\/\/52.77.24.187\/#organization"},"potentialAction":[{"@type":"SearchAction","target":{"@type":"EntryPoint","urlTemplate":"http:\/\/52.77.24.187\/?s={search_term_string}"},"query-input":{"@type":"PropertyValueSpecification","valueRequired":true,"valueName":"search_term_string"}}],"inLanguage":"vi-VN"},{"@type":"Organization","@id":"http:\/\/52.77.24.187\/#organization","name":"The Bottle Shop","url":"http:\/\/52.77.24.187\/","logo":{"@type":"ImageObject","inLanguage":"vi-VN","@id":"http:\/\/52.77.24.187\/#\/schema\/logo\/image\/","url":"https:\/\/mlsrfcxkkbzg.i.optimole.com\/cb:JbP2.215d7\/w:auto\/h:auto\/q:mauto\/ig:avif\/https:\/\/thebottleshop.vn\/wp-content\/uploads\/2022\/10\/The-Bottle-Shop-Online-Logo.png","contentUrl":"https:\/\/mlsrfcxkkbzg.i.optimole.com\/cb:JbP2.215d7\/w:auto\/h:auto\/q:mauto\/ig:avif\/https:\/\/thebottleshop.vn\/wp-content\/uploads\/2022\/10\/The-Bottle-Shop-Online-Logo.png","width":145,"height":147,"caption":"The Bottle Shop"},"image":{"@id":"http:\/\/52.77.24.187\/#\/schema\/logo\/image\/"},"sameAs":["https:\/\/www.facebook.com\/thebottleshopvietnam","https:\/\/www.instagram.com\/thebottleshop_vietnam\/"]}]}},"_links":{"self":[{"href":"https:\/\/thebottleshop.vn\/vi\/wp-json\/wp\/v2\/product\/21378","targetHints":{"allow":["GET"]}}],"collection":[{"href":"https:\/\/thebottleshop.vn\/vi\/wp-json\/wp\/v2\/product"}],"about":[{"href":"https:\/\/thebottleshop.vn\/vi\/wp-json\/wp\/v2\/types\/product"}],"replies":[{"embeddable":true,"href":"https:\/\/thebottleshop.vn\/vi\/wp-json\/wp\/v2\/comments?post=21378"}],"wp:featuredmedia":[{"embeddable":true,"href":"https:\/\/thebottleshop.vn\/vi\/wp-json\/wp\/v2\/media\/21387"}],"wp:attachment":[{"href":"https:\/\/thebottleshop.vn\/vi\/wp-json\/wp\/v2\/media?parent=21378"}],"wp:term":[{"taxonomy":"product_brand","embeddable":true,"href":"https:\/\/thebottleshop.vn\/vi\/wp-json\/wp\/v2\/product_brand?post=21378"},{"taxonomy":"product_cat","embeddable":true,"href":"https:\/\/thebottleshop.vn\/vi\/wp-json\/wp\/v2\/product_cat?post=21378"},{"taxonomy":"product_tag","embeddable":true,"href":"https:\/\/thebottleshop.vn\/vi\/wp-json\/wp\/v2\/product_tag?post=21378"}],"curies":[{"name":"wp","href":"https:\/\/api.w.org\/{rel}","templated":true}]}}