{"id":21428,"date":"2025-06-01T09:57:53","date_gmt":"2025-06-01T02:57:53","guid":{"rendered":"https:\/\/thebottleshop.vn\/product\/mua-sake-mo-ma-dao\/"},"modified":"2025-06-01T10:02:45","modified_gmt":"2025-06-01T03:02:45","slug":"mua-sake-mo-ma-dao","status":"publish","type":"product","link":"https:\/\/thebottleshop.vn\/vi\/san-pham\/mua-sake-mo-ma-dao\/","title":{"rendered":"M\u00f9a Sake M\u01a1 M\u00e1 \u0110\u00e0o"},"content":{"rendered":"<p>M\u00f9a Sake M\u01a1 M\u00e1 \u0110\u00e0o. Nh\u1eefng qu\u1ea3 m\u01a1 \u0111\u01b0\u1ee3c tuy\u1ec3n ch\u1ecdn k\u1ef9 l\u01b0\u1ee1ng v\u00e0 ng\u00e2m \u1ee7 trong 6 th\u00e1ng nh\u1eb1m ch\u1eaft l\u1ecdc \u0111\u01b0\u1ee3c h\u1ebft tinh hoa c\u1ee7a v\u00f9ng cao ph\u00eda B\u1eafc. Ch\u00fang t\u00f4i hy v\u1ecdng b\u1ea1n s\u1ebd th\u01b0\u1edfng th\u1ee9c \u0111\u01b0\u1ee3c v\u1ecb chua nh\u1eb9 nh\u00e0ng v\u00e0 \u0111\u1ed9 ng\u1ecdt t\u1ef1 nhi\u00ean, n\u1edf r\u1ed9 v\u1edbi h\u01b0\u01a1ng hoa nh\u00e0i v\u00e0 m\u1eadt ong.  <\/p>\n<p>\u2014\u2013<br \/>\nXem th\u01b0 vi\u1ec7n h\u00ecnh \u1ea3nh \u0111\u1ec3 bi\u1ebft th\u00eam th\u00f4ng tin chi ti\u1ebft v\u1ec1 ngu\u1ed3n g\u1ed1c, th\u00e0nh ph\u1ea7n v\u00e0 h\u01b0\u1edbng d\u1eabn s\u1eed d\u1ee5ng c\u1ee7a s\u1ea3n ph\u1ea9m.<\/p>\n","protected":false},"excerpt":{"rendered":"<p><strong>Tr\u00e1i c\u00e2y, Nh\u00e0i, M\u1eadt ong 6%<\/strong><\/p>\n","protected":false},"featured_media":21459,"comment_status":"open","ping_status":"closed","template":"","meta":{"_acf_changed":false},"product_brand":[],"product_cat":[348,391,338,374,345,490,339,341,352,616,618,364,371],"product_tag":[],"class_list":{"0":"post-21428","1":"product","2":"type-product","3":"status-publish","4":"has-post-thumbnail","6":"product_cat-6-7-9","7":"product_cat-vietnam-danang","8":"product_cat-ruou-va-ruou-vang","9":"product_cat-500k-749k","10":"product_cat-abv-vi","11":"product_cat-sa-ke","12":"product_cat-xuat-xu","13":"product_cat-dong-goi","14":"product_cat-gia","15":"product_cat-mua-craft-sake-vi","16":"product_cat-chai-720ml","17":"product_cat-dong-ruou","18":"product_cat-nha-san-xuat-ruou","20":"first","21":"instock","22":"shipping-taxable","23":"purchasable","24":"product-type-simple","25":"add-to-wishlist-before_image"},"acf":[],"yoast_head":"<!-- This site is optimized with the Yoast SEO plugin v27.2 - https:\/\/yoast.com\/product\/yoast-seo-wordpress\/ -->\n<title>M\u00f9a Sake M\u01a1 M\u00e1 \u0110\u00e0o - The Bottle Shop<\/title>\n<meta name=\"description\" content=\"M\u00f9a Sake M\u01a1 M\u00e1 \u0110\u00e0o. Nh\u1eefng qu\u1ea3 m\u01a1 \u0111\u01b0\u1ee3c tuy\u1ec3n ch\u1ecdn k\u1ef9 l\u01b0\u1ee1ng v\u00e0 ng\u00e2m \u1ee7 trong 6 th\u00e1ng nh\u1eb1m ch\u1eaft l\u1ecdc \u0111\u01b0\u1ee3c h\u1ebft tinh hoa c\u1ee7a v\u00f9ng cao ph\u00eda B\u1eafc.\" \/>\n<meta name=\"robots\" content=\"index, follow, max-snippet:-1, max-image-preview:large, max-video-preview:-1\" \/>\n<link rel=\"canonical\" href=\"http:\/\/52.77.24.187\/vi\/san-pham\/mua-sake-mo-ma-dao\/\" \/>\n<meta property=\"og:locale\" content=\"vi_VN\" \/>\n<meta property=\"og:type\" content=\"article\" \/>\n<meta property=\"og:title\" content=\"M\u00f9a Sake M\u01a1 M\u00e1 \u0110\u00e0o - The Bottle Shop\" \/>\n<meta property=\"og:description\" content=\"M\u00f9a Sake M\u01a1 M\u00e1 \u0110\u00e0o. Nh\u1eefng qu\u1ea3 m\u01a1 \u0111\u01b0\u1ee3c tuy\u1ec3n ch\u1ecdn k\u1ef9 l\u01b0\u1ee1ng v\u00e0 ng\u00e2m \u1ee7 trong 6 th\u00e1ng nh\u1eb1m ch\u1eaft l\u1ecdc \u0111\u01b0\u1ee3c h\u1ebft tinh hoa c\u1ee7a v\u00f9ng cao ph\u00eda B\u1eafc.\" \/>\n<meta property=\"og:url\" content=\"http:\/\/52.77.24.187\/vi\/san-pham\/mua-sake-mo-ma-dao\/\" \/>\n<meta property=\"og:site_name\" content=\"The Bottle Shop\" \/>\n<meta property=\"article:publisher\" content=\"https:\/\/www.facebook.com\/thebottleshopvietnam\" \/>\n<meta property=\"article:modified_time\" content=\"2025-06-01T03:02:45+00:00\" \/>\n<meta name=\"twitter:card\" content=\"summary_large_image\" \/>\n<meta name=\"twitter:label1\" content=\"Est. reading time\" \/>\n\t<meta name=\"twitter:data1\" content=\"1 minute\" \/>\n<script type=\"application\/ld+json\" class=\"yoast-schema-graph\">{\"@context\":\"https:\/\/schema.org\",\"@graph\":[{\"@type\":\"WebPage\",\"@id\":\"http:\/\/52.77.24.187\/vi\/san-pham\/mua-sake-mo-ma-dao\/\",\"url\":\"http:\/\/52.77.24.187\/vi\/san-pham\/mua-sake-mo-ma-dao\/\",\"name\":\"M\u00f9a Sake M\u01a1 M\u00e1 \u0110\u00e0o - The Bottle Shop\",\"isPartOf\":{\"@id\":\"http:\/\/52.77.24.187\/#website\"},\"primaryImageOfPage\":{\"@id\":\"http:\/\/52.77.24.187\/vi\/san-pham\/mua-sake-mo-ma-dao\/#primaryimage\"},\"image\":{\"@id\":\"http:\/\/52.77.24.187\/vi\/san-pham\/mua-sake-mo-ma-dao\/#primaryimage\"},\"thumbnailUrl\":\"https:\/\/mlsrfcxkkbzg.i.optimole.com\/cb:JbP2.215d7\/w:auto\/h:auto\/q:mauto\/ig:avif\/https:\/\/thebottleshop.vn\/wp-content\/uploads\/2025\/06\/Mua-Sake-Apricot.png\",\"datePublished\":\"2025-06-01T02:57:53+00:00\",\"dateModified\":\"2025-06-01T03:02:45+00:00\",\"description\":\"M\u00f9a Sake M\u01a1 M\u00e1 \u0110\u00e0o. Nh\u1eefng qu\u1ea3 m\u01a1 \u0111\u01b0\u1ee3c tuy\u1ec3n ch\u1ecdn k\u1ef9 l\u01b0\u1ee1ng v\u00e0 ng\u00e2m \u1ee7 trong 6 th\u00e1ng nh\u1eb1m ch\u1eaft l\u1ecdc \u0111\u01b0\u1ee3c h\u1ebft tinh hoa c\u1ee7a v\u00f9ng cao ph\u00eda B\u1eafc.\",\"breadcrumb\":{\"@id\":\"http:\/\/52.77.24.187\/vi\/san-pham\/mua-sake-mo-ma-dao\/#breadcrumb\"},\"inLanguage\":\"vi-VN\",\"potentialAction\":[{\"@type\":\"ReadAction\",\"target\":[\"http:\/\/52.77.24.187\/vi\/san-pham\/mua-sake-mo-ma-dao\/\"]}]},{\"@type\":\"ImageObject\",\"inLanguage\":\"vi-VN\",\"@id\":\"http:\/\/52.77.24.187\/vi\/san-pham\/mua-sake-mo-ma-dao\/#primaryimage\",\"url\":\"https:\/\/mlsrfcxkkbzg.i.optimole.com\/cb:JbP2.215d7\/w:auto\/h:auto\/q:mauto\/ig:avif\/https:\/\/thebottleshop.vn\/wp-content\/uploads\/2025\/06\/Mua-Sake-Apricot.png\",\"contentUrl\":\"https:\/\/mlsrfcxkkbzg.i.optimole.com\/cb:JbP2.215d7\/w:auto\/h:auto\/q:mauto\/ig:avif\/https:\/\/thebottleshop.vn\/wp-content\/uploads\/2025\/06\/Mua-Sake-Apricot.png\",\"width\":1080,\"height\":1080,\"caption\":\"M\u00f9a Sake Apricot\"},{\"@type\":\"BreadcrumbList\",\"@id\":\"http:\/\/52.77.24.187\/vi\/san-pham\/mua-sake-mo-ma-dao\/#breadcrumb\",\"itemListElement\":[{\"@type\":\"ListItem\",\"position\":1,\"name\":\"Home\",\"item\":\"http:\/\/52.77.24.187\/vi\/test-popup-vi\/\"},{\"@type\":\"ListItem\",\"position\":2,\"name\":\"C\u1eeda h\u00e0ng\",\"item\":\"http:\/\/52.77.24.187\/vi\/cua-hang\/\"},{\"@type\":\"ListItem\",\"position\":3,\"name\":\"M\u00f9a Sake M\u01a1 M\u00e1 \u0110\u00e0o\"}]},{\"@type\":\"WebSite\",\"@id\":\"http:\/\/52.77.24.187\/#website\",\"url\":\"http:\/\/52.77.24.187\/\",\"name\":\"The Bottle Shop\",\"description\":\"All beers are not created equal\",\"publisher\":{\"@id\":\"http:\/\/52.77.24.187\/#organization\"},\"potentialAction\":[{\"@type\":\"SearchAction\",\"target\":{\"@type\":\"EntryPoint\",\"urlTemplate\":\"http:\/\/52.77.24.187\/?s={search_term_string}\"},\"query-input\":{\"@type\":\"PropertyValueSpecification\",\"valueRequired\":true,\"valueName\":\"search_term_string\"}}],\"inLanguage\":\"vi-VN\"},{\"@type\":\"Organization\",\"@id\":\"http:\/\/52.77.24.187\/#organization\",\"name\":\"The Bottle Shop\",\"url\":\"http:\/\/52.77.24.187\/\",\"logo\":{\"@type\":\"ImageObject\",\"inLanguage\":\"vi-VN\",\"@id\":\"http:\/\/52.77.24.187\/#\/schema\/logo\/image\/\",\"url\":\"https:\/\/mlsrfcxkkbzg.i.optimole.com\/cb:JbP2.215d7\/w:auto\/h:auto\/q:mauto\/ig:avif\/https:\/\/thebottleshop.vn\/wp-content\/uploads\/2022\/10\/The-Bottle-Shop-Online-Logo.png\",\"contentUrl\":\"https:\/\/mlsrfcxkkbzg.i.optimole.com\/cb:JbP2.215d7\/w:auto\/h:auto\/q:mauto\/ig:avif\/https:\/\/thebottleshop.vn\/wp-content\/uploads\/2022\/10\/The-Bottle-Shop-Online-Logo.png\",\"width\":145,\"height\":147,\"caption\":\"The Bottle Shop\"},\"image\":{\"@id\":\"http:\/\/52.77.24.187\/#\/schema\/logo\/image\/\"},\"sameAs\":[\"https:\/\/www.facebook.com\/thebottleshopvietnam\",\"https:\/\/www.instagram.com\/thebottleshop_vietnam\/\"]}]}<\/script>\n<!-- \/ Yoast SEO plugin. -->","yoast_head_json":{"title":"M\u00f9a Sake M\u01a1 M\u00e1 \u0110\u00e0o - The Bottle Shop","description":"M\u00f9a Sake M\u01a1 M\u00e1 \u0110\u00e0o. Nh\u1eefng qu\u1ea3 m\u01a1 \u0111\u01b0\u1ee3c tuy\u1ec3n ch\u1ecdn k\u1ef9 l\u01b0\u1ee1ng v\u00e0 ng\u00e2m \u1ee7 trong 6 th\u00e1ng nh\u1eb1m ch\u1eaft l\u1ecdc \u0111\u01b0\u1ee3c h\u1ebft tinh hoa c\u1ee7a v\u00f9ng cao ph\u00eda B\u1eafc.","robots":{"index":"index","follow":"follow","max-snippet":"max-snippet:-1","max-image-preview":"max-image-preview:large","max-video-preview":"max-video-preview:-1"},"canonical":"http:\/\/52.77.24.187\/vi\/san-pham\/mua-sake-mo-ma-dao\/","og_locale":"vi_VN","og_type":"article","og_title":"M\u00f9a Sake M\u01a1 M\u00e1 \u0110\u00e0o - The Bottle Shop","og_description":"M\u00f9a Sake M\u01a1 M\u00e1 \u0110\u00e0o. Nh\u1eefng qu\u1ea3 m\u01a1 \u0111\u01b0\u1ee3c tuy\u1ec3n ch\u1ecdn k\u1ef9 l\u01b0\u1ee1ng v\u00e0 ng\u00e2m \u1ee7 trong 6 th\u00e1ng nh\u1eb1m ch\u1eaft l\u1ecdc \u0111\u01b0\u1ee3c h\u1ebft tinh hoa c\u1ee7a v\u00f9ng cao ph\u00eda B\u1eafc.","og_url":"http:\/\/52.77.24.187\/vi\/san-pham\/mua-sake-mo-ma-dao\/","og_site_name":"The Bottle Shop","article_publisher":"https:\/\/www.facebook.com\/thebottleshopvietnam","article_modified_time":"2025-06-01T03:02:45+00:00","twitter_card":"summary_large_image","twitter_misc":{"Est. reading time":"1 minute"},"schema":{"@context":"https:\/\/schema.org","@graph":[{"@type":"WebPage","@id":"http:\/\/52.77.24.187\/vi\/san-pham\/mua-sake-mo-ma-dao\/","url":"http:\/\/52.77.24.187\/vi\/san-pham\/mua-sake-mo-ma-dao\/","name":"M\u00f9a Sake M\u01a1 M\u00e1 \u0110\u00e0o - The Bottle Shop","isPartOf":{"@id":"http:\/\/52.77.24.187\/#website"},"primaryImageOfPage":{"@id":"http:\/\/52.77.24.187\/vi\/san-pham\/mua-sake-mo-ma-dao\/#primaryimage"},"image":{"@id":"http:\/\/52.77.24.187\/vi\/san-pham\/mua-sake-mo-ma-dao\/#primaryimage"},"thumbnailUrl":"https:\/\/mlsrfcxkkbzg.i.optimole.com\/cb:JbP2.215d7\/w:auto\/h:auto\/q:mauto\/ig:avif\/https:\/\/thebottleshop.vn\/wp-content\/uploads\/2025\/06\/Mua-Sake-Apricot.png","datePublished":"2025-06-01T02:57:53+00:00","dateModified":"2025-06-01T03:02:45+00:00","description":"M\u00f9a Sake M\u01a1 M\u00e1 \u0110\u00e0o. Nh\u1eefng qu\u1ea3 m\u01a1 \u0111\u01b0\u1ee3c tuy\u1ec3n ch\u1ecdn k\u1ef9 l\u01b0\u1ee1ng v\u00e0 ng\u00e2m \u1ee7 trong 6 th\u00e1ng nh\u1eb1m ch\u1eaft l\u1ecdc \u0111\u01b0\u1ee3c h\u1ebft tinh hoa c\u1ee7a v\u00f9ng cao ph\u00eda B\u1eafc.","breadcrumb":{"@id":"http:\/\/52.77.24.187\/vi\/san-pham\/mua-sake-mo-ma-dao\/#breadcrumb"},"inLanguage":"vi-VN","potentialAction":[{"@type":"ReadAction","target":["http:\/\/52.77.24.187\/vi\/san-pham\/mua-sake-mo-ma-dao\/"]}]},{"@type":"ImageObject","inLanguage":"vi-VN","@id":"http:\/\/52.77.24.187\/vi\/san-pham\/mua-sake-mo-ma-dao\/#primaryimage","url":"https:\/\/mlsrfcxkkbzg.i.optimole.com\/cb:JbP2.215d7\/w:auto\/h:auto\/q:mauto\/ig:avif\/https:\/\/thebottleshop.vn\/wp-content\/uploads\/2025\/06\/Mua-Sake-Apricot.png","contentUrl":"https:\/\/mlsrfcxkkbzg.i.optimole.com\/cb:JbP2.215d7\/w:auto\/h:auto\/q:mauto\/ig:avif\/https:\/\/thebottleshop.vn\/wp-content\/uploads\/2025\/06\/Mua-Sake-Apricot.png","width":1080,"height":1080,"caption":"M\u00f9a Sake Apricot"},{"@type":"BreadcrumbList","@id":"http:\/\/52.77.24.187\/vi\/san-pham\/mua-sake-mo-ma-dao\/#breadcrumb","itemListElement":[{"@type":"ListItem","position":1,"name":"Home","item":"http:\/\/52.77.24.187\/vi\/test-popup-vi\/"},{"@type":"ListItem","position":2,"name":"C\u1eeda h\u00e0ng","item":"http:\/\/52.77.24.187\/vi\/cua-hang\/"},{"@type":"ListItem","position":3,"name":"M\u00f9a Sake M\u01a1 M\u00e1 \u0110\u00e0o"}]},{"@type":"WebSite","@id":"http:\/\/52.77.24.187\/#website","url":"http:\/\/52.77.24.187\/","name":"The Bottle Shop","description":"All beers are not created equal","publisher":{"@id":"http:\/\/52.77.24.187\/#organization"},"potentialAction":[{"@type":"SearchAction","target":{"@type":"EntryPoint","urlTemplate":"http:\/\/52.77.24.187\/?s={search_term_string}"},"query-input":{"@type":"PropertyValueSpecification","valueRequired":true,"valueName":"search_term_string"}}],"inLanguage":"vi-VN"},{"@type":"Organization","@id":"http:\/\/52.77.24.187\/#organization","name":"The Bottle Shop","url":"http:\/\/52.77.24.187\/","logo":{"@type":"ImageObject","inLanguage":"vi-VN","@id":"http:\/\/52.77.24.187\/#\/schema\/logo\/image\/","url":"https:\/\/mlsrfcxkkbzg.i.optimole.com\/cb:JbP2.215d7\/w:auto\/h:auto\/q:mauto\/ig:avif\/https:\/\/thebottleshop.vn\/wp-content\/uploads\/2022\/10\/The-Bottle-Shop-Online-Logo.png","contentUrl":"https:\/\/mlsrfcxkkbzg.i.optimole.com\/cb:JbP2.215d7\/w:auto\/h:auto\/q:mauto\/ig:avif\/https:\/\/thebottleshop.vn\/wp-content\/uploads\/2022\/10\/The-Bottle-Shop-Online-Logo.png","width":145,"height":147,"caption":"The Bottle Shop"},"image":{"@id":"http:\/\/52.77.24.187\/#\/schema\/logo\/image\/"},"sameAs":["https:\/\/www.facebook.com\/thebottleshopvietnam","https:\/\/www.instagram.com\/thebottleshop_vietnam\/"]}]}},"_links":{"self":[{"href":"https:\/\/thebottleshop.vn\/vi\/wp-json\/wp\/v2\/product\/21428","targetHints":{"allow":["GET"]}}],"collection":[{"href":"https:\/\/thebottleshop.vn\/vi\/wp-json\/wp\/v2\/product"}],"about":[{"href":"https:\/\/thebottleshop.vn\/vi\/wp-json\/wp\/v2\/types\/product"}],"replies":[{"embeddable":true,"href":"https:\/\/thebottleshop.vn\/vi\/wp-json\/wp\/v2\/comments?post=21428"}],"wp:featuredmedia":[{"embeddable":true,"href":"https:\/\/thebottleshop.vn\/vi\/wp-json\/wp\/v2\/media\/21459"}],"wp:attachment":[{"href":"https:\/\/thebottleshop.vn\/vi\/wp-json\/wp\/v2\/media?parent=21428"}],"wp:term":[{"taxonomy":"product_brand","embeddable":true,"href":"https:\/\/thebottleshop.vn\/vi\/wp-json\/wp\/v2\/product_brand?post=21428"},{"taxonomy":"product_cat","embeddable":true,"href":"https:\/\/thebottleshop.vn\/vi\/wp-json\/wp\/v2\/product_cat?post=21428"},{"taxonomy":"product_tag","embeddable":true,"href":"https:\/\/thebottleshop.vn\/vi\/wp-json\/wp\/v2\/product_tag?post=21428"}],"curies":[{"name":"wp","href":"https:\/\/api.w.org\/{rel}","templated":true}]}}