{"id":21437,"date":"2025-06-01T11:18:45","date_gmt":"2025-06-01T04:18:45","guid":{"rendered":"https:\/\/thebottleshop.vn\/product\/ruou-lang-red-dragon-fruit\/"},"modified":"2025-06-19T20:25:05","modified_gmt":"2025-06-19T13:25:05","slug":"ruou-lang-red-dragon-fruit","status":"publish","type":"product","link":"https:\/\/thebottleshop.vn\/vi\/san-pham\/ruou-lang-red-dragon-fruit\/","title":{"rendered":"R\u01b0\u1ee3u L\u00e0ng Red Dragon Fruit"},"content":{"rendered":"<p>R\u01b0\u1ee3u L\u00e0ng Red Dragon Fruit, s\u1ef1 k\u1ebft h\u1ee3p gi\u1eefa thanh long \u0111\u1ecf v\u00e0 r\u01b0\u1ee3u n\u1ec1n t\u1eeb g\u1ea1o, g\u1ee3i nh\u1edb l\u00e0n gi\u00f3 m\u00e1t th\u1ed5i qua c\u00e1nh \u0111\u1ed3ng l\u00faa t\u01b0\u01a1i t\u1ed1t. Thanh long \u0111\u1ecf c\u00f3 v\u1ecb ng\u1ecdt c\u1ee7a d\u01b0a h\u1ea5u, v\u1ecb m\u00e1t d\u1ecbu c\u1ee7a qu\u1ea3 l\u00ea, v\u00e0 m\u1ed9t ch\u00fat chua nh\u1eb9 c\u1ee7a kiwi. V\u1edbi m\u00e0u h\u1ed3ng \u0111\u1eadm r\u1ef1c r\u1ee1, lo\u1ea1i r\u01b0\u1ee3u n\u00e0y kh\u00f4ng ch\u1ec9 quy\u1ebfn r\u0169 v\u1ec1 m\u1eb7t th\u1ecb gi\u00e1c m\u00e0 c\u00f2n tuy\u1ec7t v\u1eddi v\u1ec1 h\u01b0\u01a1ng v\u1ecb.  <\/p>\n<p>\u2014\u2013<br \/>\nXem th\u01b0 vi\u1ec7n h\u00ecnh \u1ea3nh \u0111\u1ec3 bi\u1ebft th\u00eam th\u00f4ng tin chi ti\u1ebft v\u1ec1 ngu\u1ed3n g\u1ed1c, th\u00e0nh ph\u1ea7n v\u00e0 h\u01b0\u1edbng d\u1eabn s\u1eed d\u1ee5ng c\u1ee7a s\u1ea3n ph\u1ea9m.<\/p>\n","protected":false},"excerpt":{"rendered":"<p><strong>750ml\/250ml :: 20%<\/strong><\/p>\n","protected":false},"featured_media":21449,"comment_status":"open","ping_status":"closed","template":"","meta":{"_acf_changed":false},"product_brand":[],"product_cat":[390,338,349,655,375,365,345,339,341,352,364,386,371,696],"product_tag":[],"class_list":{"0":"post-21437","1":"product","2":"type-product","3":"status-publish","4":"has-post-thumbnail","6":"product_cat-vietnam-hanoi","7":"product_cat-ruou-va-ruou-vang","8":"product_cat-1-0-2-5","9":"product_cat-chai-250ml","10":"product_cat-750k-999k","11":"product_cat-ruou","12":"product_cat-abv-vi","13":"product_cat-xuat-xu","14":"product_cat-dong-goi","15":"product_cat-gia","16":"product_cat-dong-ruou","17":"product_cat-chai-750-ml","18":"product_cat-nha-san-xuat-ruou","19":"product_cat-the-village-chateau-distillery-vi","20":"pa_pack_type-750ml-vi","21":"pa_pack_type-250ml-vi","23":"first","24":"instock","25":"shipping-taxable","26":"product-type-variable","27":"has-default-attributes","28":"add-to-wishlist-before_image"},"acf":[],"yoast_head":"<!-- This site is optimized with the Yoast SEO plugin v27.5 - https:\/\/yoast.com\/product\/yoast-seo-wordpress\/ -->\n<title>R\u01b0\u1ee3u L\u00e0ng Red Dragon Fruit - The Bottle Shop<\/title>\n<meta name=\"description\" content=\"R\u01b0\u1ee3u L\u00e0ng Red Dragon Fruit, s\u1ef1 k\u1ebft h\u1ee3p gi\u1eefa thanh long \u0111\u1ecf v\u00e0 r\u01b0\u1ee3u n\u1ec1n t\u1eeb g\u1ea1o, g\u1ee3i nh\u1edb l\u00e0n gi\u00f3 m\u00e1t th\u1ed5i qua c\u00e1nh \u0111\u1ed3ng l\u00faa t\u01b0\u01a1i t\u1ed1t.\" \/>\n<meta name=\"robots\" content=\"index, follow, max-snippet:-1, max-image-preview:large, max-video-preview:-1\" \/>\n<link rel=\"canonical\" href=\"http:\/\/52.77.24.187\/vi\/san-pham\/ruou-lang-red-dragon-fruit\/\" \/>\n<meta property=\"og:locale\" content=\"vi_VN\" \/>\n<meta property=\"og:type\" content=\"article\" \/>\n<meta property=\"og:title\" content=\"R\u01b0\u1ee3u L\u00e0ng Red Dragon Fruit - The Bottle Shop\" \/>\n<meta property=\"og:description\" content=\"R\u01b0\u1ee3u L\u00e0ng Red Dragon Fruit, s\u1ef1 k\u1ebft h\u1ee3p gi\u1eefa thanh long \u0111\u1ecf v\u00e0 r\u01b0\u1ee3u n\u1ec1n t\u1eeb g\u1ea1o, g\u1ee3i nh\u1edb l\u00e0n gi\u00f3 m\u00e1t th\u1ed5i qua c\u00e1nh \u0111\u1ed3ng l\u00faa t\u01b0\u01a1i t\u1ed1t.\" \/>\n<meta property=\"og:url\" content=\"http:\/\/52.77.24.187\/vi\/san-pham\/ruou-lang-red-dragon-fruit\/\" \/>\n<meta property=\"og:site_name\" content=\"The Bottle Shop\" \/>\n<meta property=\"article:publisher\" content=\"https:\/\/www.facebook.com\/thebottleshopvietnam\" \/>\n<meta property=\"article:modified_time\" content=\"2025-06-19T13:25:05+00:00\" \/>\n<meta property=\"og:image\" content=\"https:\/\/mlsrfcxkkbzg.i.optimole.com\/cb:JbP2.215d7\/w:auto\/h:auto\/q:mauto\/ig:avif\/http:\/\/52.77.24.187\/wp-content\/uploads\/2025\/06\/Ruou-Lang-Red-Dragon-Fruit.png\" \/>\n\t<meta property=\"og:image:width\" content=\"1080\" \/>\n\t<meta property=\"og:image:height\" content=\"1080\" \/>\n\t<meta property=\"og:image:type\" content=\"image\/png\" \/>\n<meta name=\"twitter:card\" content=\"summary_large_image\" \/>\n<meta name=\"twitter:label1\" content=\"Est. reading time\" \/>\n\t<meta name=\"twitter:data1\" content=\"1 minute\" \/>\n<script type=\"application\/ld+json\" class=\"yoast-schema-graph\">{\"@context\":\"https:\\\/\\\/schema.org\",\"@graph\":[{\"@type\":\"WebPage\",\"@id\":\"http:\\\/\\\/52.77.24.187\\\/vi\\\/san-pham\\\/ruou-lang-red-dragon-fruit\\\/\",\"url\":\"http:\\\/\\\/52.77.24.187\\\/vi\\\/san-pham\\\/ruou-lang-red-dragon-fruit\\\/\",\"name\":\"R\u01b0\u1ee3u L\u00e0ng Red Dragon Fruit - The Bottle Shop\",\"isPartOf\":{\"@id\":\"http:\\\/\\\/52.77.24.187\\\/#website\"},\"primaryImageOfPage\":{\"@id\":\"http:\\\/\\\/52.77.24.187\\\/vi\\\/san-pham\\\/ruou-lang-red-dragon-fruit\\\/#primaryimage\"},\"image\":{\"@id\":\"http:\\\/\\\/52.77.24.187\\\/vi\\\/san-pham\\\/ruou-lang-red-dragon-fruit\\\/#primaryimage\"},\"thumbnailUrl\":\"https:\\/\\/thebottleshop.vn\\/wp-content\\/uploads\\/2025\\/06\\/Ruou-Lang-Red-Dragon-Fruit.png\",\"datePublished\":\"2025-06-01T04:18:45+00:00\",\"dateModified\":\"2025-06-19T13:25:05+00:00\",\"description\":\"R\u01b0\u1ee3u L\u00e0ng Red Dragon Fruit, s\u1ef1 k\u1ebft h\u1ee3p gi\u1eefa thanh long \u0111\u1ecf v\u00e0 r\u01b0\u1ee3u n\u1ec1n t\u1eeb g\u1ea1o, g\u1ee3i nh\u1edb l\u00e0n gi\u00f3 m\u00e1t th\u1ed5i qua c\u00e1nh \u0111\u1ed3ng l\u00faa t\u01b0\u01a1i t\u1ed1t.\",\"breadcrumb\":{\"@id\":\"http:\\\/\\\/52.77.24.187\\\/vi\\\/san-pham\\\/ruou-lang-red-dragon-fruit\\\/#breadcrumb\"},\"inLanguage\":\"vi-VN\",\"potentialAction\":[{\"@type\":\"ReadAction\",\"target\":[\"http:\\\/\\\/52.77.24.187\\\/vi\\\/san-pham\\\/ruou-lang-red-dragon-fruit\\\/\"]}]},{\"@type\":\"ImageObject\",\"inLanguage\":\"vi-VN\",\"@id\":\"http:\\\/\\\/52.77.24.187\\\/vi\\\/san-pham\\\/ruou-lang-red-dragon-fruit\\\/#primaryimage\",\"url\":\"https:\\/\\/thebottleshop.vn\\/wp-content\\/uploads\\/2025\\/06\\/Ruou-Lang-Red-Dragon-Fruit.png\",\"contentUrl\":\"https:\\/\\/thebottleshop.vn\\/wp-content\\/uploads\\/2025\\/06\\/Ruou-Lang-Red-Dragon-Fruit.png\",\"width\":1080,\"height\":1080,\"caption\":\"R\u01b0\u1ee3u L\u00e0ng Red Dragon Fruit\"},{\"@type\":\"BreadcrumbList\",\"@id\":\"http:\\\/\\\/52.77.24.187\\\/vi\\\/san-pham\\\/ruou-lang-red-dragon-fruit\\\/#breadcrumb\",\"itemListElement\":[{\"@type\":\"ListItem\",\"position\":1,\"name\":\"Home\",\"item\":\"http:\\\/\\\/52.77.24.187\\\/vi\\\/test-popup-vi\\\/\"},{\"@type\":\"ListItem\",\"position\":2,\"name\":\"C\u1eeda h\u00e0ng\",\"item\":\"http:\\\/\\\/52.77.24.187\\\/vi\\\/cua-hang\\\/\"},{\"@type\":\"ListItem\",\"position\":3,\"name\":\"R\u01b0\u1ee3u L\u00e0ng Red Dragon Fruit\"}]},{\"@type\":\"WebSite\",\"@id\":\"http:\\\/\\\/52.77.24.187\\\/#website\",\"url\":\"http:\\\/\\\/52.77.24.187\\\/\",\"name\":\"The Bottle Shop\",\"description\":\"All beers are not created equal\",\"publisher\":{\"@id\":\"http:\\\/\\\/52.77.24.187\\\/#organization\"},\"potentialAction\":[{\"@type\":\"SearchAction\",\"target\":{\"@type\":\"EntryPoint\",\"urlTemplate\":\"http:\\\/\\\/52.77.24.187\\\/?s={search_term_string}\"},\"query-input\":{\"@type\":\"PropertyValueSpecification\",\"valueRequired\":true,\"valueName\":\"search_term_string\"}}],\"inLanguage\":\"vi-VN\"},{\"@type\":\"Organization\",\"@id\":\"http:\\\/\\\/52.77.24.187\\\/#organization\",\"name\":\"The Bottle Shop\",\"url\":\"http:\\\/\\\/52.77.24.187\\\/\",\"logo\":{\"@type\":\"ImageObject\",\"inLanguage\":\"vi-VN\",\"@id\":\"http:\\\/\\\/52.77.24.187\\\/#\\\/schema\\\/logo\\\/image\\\/\",\"url\":\"https:\\/\\/thebottleshop.vn\\/wp-content\\/uploads\\/2022\\/10\\/The-Bottle-Shop-Online-Logo.png\",\"contentUrl\":\"https:\\/\\/thebottleshop.vn\\/wp-content\\/uploads\\/2022\\/10\\/The-Bottle-Shop-Online-Logo.png\",\"width\":145,\"height\":147,\"caption\":\"The Bottle Shop\"},\"image\":{\"@id\":\"http:\\\/\\\/52.77.24.187\\\/#\\\/schema\\\/logo\\\/image\\\/\"},\"sameAs\":[\"https:\\\/\\\/www.facebook.com\\\/thebottleshopvietnam\",\"https:\\\/\\\/www.instagram.com\\\/thebottleshop_vietnam\\\/\"]}]}<\/script>\n<!-- \/ Yoast SEO plugin. -->","yoast_head_json":{"title":"R\u01b0\u1ee3u L\u00e0ng Red Dragon Fruit - The Bottle Shop","description":"R\u01b0\u1ee3u L\u00e0ng Red Dragon Fruit, s\u1ef1 k\u1ebft h\u1ee3p gi\u1eefa thanh long \u0111\u1ecf v\u00e0 r\u01b0\u1ee3u n\u1ec1n t\u1eeb g\u1ea1o, g\u1ee3i nh\u1edb l\u00e0n gi\u00f3 m\u00e1t th\u1ed5i qua c\u00e1nh \u0111\u1ed3ng l\u00faa t\u01b0\u01a1i t\u1ed1t.","robots":{"index":"index","follow":"follow","max-snippet":"max-snippet:-1","max-image-preview":"max-image-preview:large","max-video-preview":"max-video-preview:-1"},"canonical":"http:\/\/52.77.24.187\/vi\/san-pham\/ruou-lang-red-dragon-fruit\/","og_locale":"vi_VN","og_type":"article","og_title":"R\u01b0\u1ee3u L\u00e0ng Red Dragon Fruit - The Bottle Shop","og_description":"R\u01b0\u1ee3u L\u00e0ng Red Dragon Fruit, s\u1ef1 k\u1ebft h\u1ee3p gi\u1eefa thanh long \u0111\u1ecf v\u00e0 r\u01b0\u1ee3u n\u1ec1n t\u1eeb g\u1ea1o, g\u1ee3i nh\u1edb l\u00e0n gi\u00f3 m\u00e1t th\u1ed5i qua c\u00e1nh \u0111\u1ed3ng l\u00faa t\u01b0\u01a1i t\u1ed1t.","og_url":"http:\/\/52.77.24.187\/vi\/san-pham\/ruou-lang-red-dragon-fruit\/","og_site_name":"The Bottle Shop","article_publisher":"https:\/\/www.facebook.com\/thebottleshopvietnam","article_modified_time":"2025-06-19T13:25:05+00:00","og_image":[{"width":1080,"height":1080,"url":"https:\/\/mlsrfcxkkbzg.i.optimole.com\/cb:JbP2.215d7\/w:auto\/h:auto\/q:mauto\/ig:avif\/http:\/\/52.77.24.187\/wp-content\/uploads\/2025\/06\/Ruou-Lang-Red-Dragon-Fruit.png","type":"image\/png"}],"twitter_card":"summary_large_image","twitter_misc":{"Est. reading time":"1 minute"},"schema":{"@context":"https:\/\/schema.org","@graph":[{"@type":"WebPage","@id":"http:\/\/52.77.24.187\/vi\/san-pham\/ruou-lang-red-dragon-fruit\/","url":"http:\/\/52.77.24.187\/vi\/san-pham\/ruou-lang-red-dragon-fruit\/","name":"R\u01b0\u1ee3u L\u00e0ng Red Dragon Fruit - The Bottle Shop","isPartOf":{"@id":"http:\/\/52.77.24.187\/#website"},"primaryImageOfPage":{"@id":"http:\/\/52.77.24.187\/vi\/san-pham\/ruou-lang-red-dragon-fruit\/#primaryimage"},"image":{"@id":"http:\/\/52.77.24.187\/vi\/san-pham\/ruou-lang-red-dragon-fruit\/#primaryimage"},"thumbnailUrl":"https:\/\/mlsrfcxkkbzg.i.optimole.com\/cb:JbP2.215d7\/w:auto\/h:auto\/q:mauto\/ig:avif\/https:\/\/thebottleshop.vn\/wp-content\/uploads\/2025\/06\/Ruou-Lang-Red-Dragon-Fruit.png","datePublished":"2025-06-01T04:18:45+00:00","dateModified":"2025-06-19T13:25:05+00:00","description":"R\u01b0\u1ee3u L\u00e0ng Red Dragon Fruit, s\u1ef1 k\u1ebft h\u1ee3p gi\u1eefa thanh long \u0111\u1ecf v\u00e0 r\u01b0\u1ee3u n\u1ec1n t\u1eeb g\u1ea1o, g\u1ee3i nh\u1edb l\u00e0n gi\u00f3 m\u00e1t th\u1ed5i qua c\u00e1nh \u0111\u1ed3ng l\u00faa t\u01b0\u01a1i t\u1ed1t.","breadcrumb":{"@id":"http:\/\/52.77.24.187\/vi\/san-pham\/ruou-lang-red-dragon-fruit\/#breadcrumb"},"inLanguage":"vi-VN","potentialAction":[{"@type":"ReadAction","target":["http:\/\/52.77.24.187\/vi\/san-pham\/ruou-lang-red-dragon-fruit\/"]}]},{"@type":"ImageObject","inLanguage":"vi-VN","@id":"http:\/\/52.77.24.187\/vi\/san-pham\/ruou-lang-red-dragon-fruit\/#primaryimage","url":"https:\/\/mlsrfcxkkbzg.i.optimole.com\/cb:JbP2.215d7\/w:auto\/h:auto\/q:mauto\/ig:avif\/https:\/\/thebottleshop.vn\/wp-content\/uploads\/2025\/06\/Ruou-Lang-Red-Dragon-Fruit.png","contentUrl":"https:\/\/mlsrfcxkkbzg.i.optimole.com\/cb:JbP2.215d7\/w:auto\/h:auto\/q:mauto\/ig:avif\/https:\/\/thebottleshop.vn\/wp-content\/uploads\/2025\/06\/Ruou-Lang-Red-Dragon-Fruit.png","width":1080,"height":1080,"caption":"R\u01b0\u1ee3u L\u00e0ng Red Dragon Fruit"},{"@type":"BreadcrumbList","@id":"http:\/\/52.77.24.187\/vi\/san-pham\/ruou-lang-red-dragon-fruit\/#breadcrumb","itemListElement":[{"@type":"ListItem","position":1,"name":"Home","item":"http:\/\/52.77.24.187\/vi\/test-popup-vi\/"},{"@type":"ListItem","position":2,"name":"C\u1eeda h\u00e0ng","item":"http:\/\/52.77.24.187\/vi\/cua-hang\/"},{"@type":"ListItem","position":3,"name":"R\u01b0\u1ee3u L\u00e0ng Red Dragon Fruit"}]},{"@type":"WebSite","@id":"http:\/\/52.77.24.187\/#website","url":"http:\/\/52.77.24.187\/","name":"The Bottle Shop","description":"All beers are not created equal","publisher":{"@id":"http:\/\/52.77.24.187\/#organization"},"potentialAction":[{"@type":"SearchAction","target":{"@type":"EntryPoint","urlTemplate":"http:\/\/52.77.24.187\/?s={search_term_string}"},"query-input":{"@type":"PropertyValueSpecification","valueRequired":true,"valueName":"search_term_string"}}],"inLanguage":"vi-VN"},{"@type":"Organization","@id":"http:\/\/52.77.24.187\/#organization","name":"The Bottle Shop","url":"http:\/\/52.77.24.187\/","logo":{"@type":"ImageObject","inLanguage":"vi-VN","@id":"http:\/\/52.77.24.187\/#\/schema\/logo\/image\/","url":"https:\/\/mlsrfcxkkbzg.i.optimole.com\/cb:JbP2.215d7\/w:auto\/h:auto\/q:mauto\/ig:avif\/https:\/\/thebottleshop.vn\/wp-content\/uploads\/2022\/10\/The-Bottle-Shop-Online-Logo.png","contentUrl":"https:\/\/mlsrfcxkkbzg.i.optimole.com\/cb:JbP2.215d7\/w:auto\/h:auto\/q:mauto\/ig:avif\/https:\/\/thebottleshop.vn\/wp-content\/uploads\/2022\/10\/The-Bottle-Shop-Online-Logo.png","width":145,"height":147,"caption":"The Bottle Shop"},"image":{"@id":"http:\/\/52.77.24.187\/#\/schema\/logo\/image\/"},"sameAs":["https:\/\/www.facebook.com\/thebottleshopvietnam","https:\/\/www.instagram.com\/thebottleshop_vietnam\/"]}]}},"_links":{"self":[{"href":"https:\/\/thebottleshop.vn\/vi\/wp-json\/wp\/v2\/product\/21437","targetHints":{"allow":["GET"]}}],"collection":[{"href":"https:\/\/thebottleshop.vn\/vi\/wp-json\/wp\/v2\/product"}],"about":[{"href":"https:\/\/thebottleshop.vn\/vi\/wp-json\/wp\/v2\/types\/product"}],"replies":[{"embeddable":true,"href":"https:\/\/thebottleshop.vn\/vi\/wp-json\/wp\/v2\/comments?post=21437"}],"wp:featuredmedia":[{"embeddable":true,"href":"https:\/\/thebottleshop.vn\/vi\/wp-json\/wp\/v2\/media\/21449"}],"wp:attachment":[{"href":"https:\/\/thebottleshop.vn\/vi\/wp-json\/wp\/v2\/media?parent=21437"}],"wp:term":[{"taxonomy":"product_brand","embeddable":true,"href":"https:\/\/thebottleshop.vn\/vi\/wp-json\/wp\/v2\/product_brand?post=21437"},{"taxonomy":"product_cat","embeddable":true,"href":"https:\/\/thebottleshop.vn\/vi\/wp-json\/wp\/v2\/product_cat?post=21437"},{"taxonomy":"product_tag","embeddable":true,"href":"https:\/\/thebottleshop.vn\/vi\/wp-json\/wp\/v2\/product_tag?post=21437"}],"curies":[{"name":"wp","href":"https:\/\/api.w.org\/{rel}","templated":true}]}}