{"id":21657,"date":"2025-06-27T07:42:31","date_gmt":"2025-06-27T00:44:40","guid":{"rendered":"https:\/\/thebottleshop.vn\/product\/ve-de-di-creme-de-coconut\/"},"modified":"2025-06-27T07:44:41","modified_gmt":"2025-06-27T00:44:41","slug":"ve-de-di-creme-de-coconut","status":"publish","type":"product","link":"https:\/\/thebottleshop.vn\/vi\/san-pham\/ve-de-di-creme-de-coconut\/","title":{"rendered":"V\u1ec1 \u0110\u1ec3 \u0110i Cr\u00e8me de Coconut"},"content":{"rendered":"<p>V\u1ec1 \u0110\u1ec3 \u0110i Cr\u00e8me de Coconut. H\u01b0\u01a1ng v\u1ecb c\u1ee7a m\u1ed9t k\u1ef3 ngh\u1ec9 tr\u1ecdn v\u1eb9n. S\u1ef1 h\u00f2a quy\u1ec7n ho\u00e0n h\u1ea3o gi\u1eefa r\u01b0\u1ee3u m\u1ea1nh v\u00e0 n\u01b0\u1edbc d\u1eeba. M\u1ed9t lo\u1ea1i r\u01b0\u1ee3u m\u00f9i thu\u1ea7n Vi\u1ec7t, \u0111\u01b0\u1ee3c l\u00e0m t\u1eeb g\u1ea1o Th\u00e1i B\u00ecnh, m\u00eda Ngh\u1ec7 An v\u00e0 d\u1eeba B\u1ebfn Tre. H\u01b0\u01a1ng ng\u1ecdt m\u01b0\u1ee3t m\u00e0 \u0111\u1ea7y m\u00ea ho\u1eb7c. 750ml\/350ml.      29% ABV.<\/p>\n<p>\u2014\u2013<br \/>\nXem th\u01b0 vi\u1ec7n h\u00ecnh \u1ea3nh \u0111\u1ec3 bi\u1ebft th\u00eam th\u00f4ng tin chi ti\u1ebft v\u1ec1 ngu\u1ed3n g\u1ed1c, th\u00e0nh ph\u1ea7n v\u00e0 h\u01b0\u1edbng d\u1eabn s\u1eed d\u1ee5ng c\u1ee7a s\u1ea3n ph\u1ea9m.<\/p>\n","protected":false},"excerpt":{"rendered":"<p><strong>750ml\/350ml :: 29%<\/strong><\/p>\n","protected":false},"featured_media":21634,"comment_status":"open","ping_status":"closed","template":"","meta":{"_acf_changed":false},"product_brand":[],"product_cat":[390,338,388,508,374,375,620,345,339,424,341,352,364,371,608],"product_tag":[],"class_list":{"0":"post-21657","1":"product","2":"type-product","3":"status-publish","4":"has-post-thumbnail","6":"product_cat-vietnam-hanoi","7":"product_cat-ruou-va-ruou-vang","8":"product_cat-25-vi","9":"product_cat-liqueuer","10":"product_cat-500k-749k","11":"product_cat-750k-999k","12":"product_cat-chai-350ml","13":"product_cat-abv-vi","14":"product_cat-xuat-xu","15":"product_cat-chai-700-ml","16":"product_cat-dong-goi","17":"product_cat-gia","18":"product_cat-dong-ruou","19":"product_cat-nha-san-xuat-ruou","20":"product_cat-ve-de-di-vi","21":"pa_pack_type-700ml-vi","22":"pa_pack_type-350ml-vi","24":"first","25":"instock","26":"shipping-taxable","27":"purchasable","28":"product-type-variable","29":"has-default-attributes","30":"add-to-wishlist-before_image"},"acf":[],"yoast_head":"<!-- This site is optimized with the Yoast SEO plugin v27.2 - https:\/\/yoast.com\/product\/yoast-seo-wordpress\/ -->\n<title>V\u1ec1 \u0110\u1ec3 \u0110i Cr\u00e8me de Coconut - The Bottle Shop<\/title>\n<meta name=\"description\" content=\"V\u1ec1 \u0110\u1ec3 \u0110i Cr\u00e8me de Coconut. H\u01b0\u01a1ng v\u1ecb c\u1ee7a m\u1ed9t k\u1ef3 ngh\u1ec9 tr\u1ecdn v\u1eb9n. H\u01b0\u01a1ng ng\u1ecdt m\u01b0\u1ee3t m\u00e0 \u0111\u1ea7y m\u00ea ho\u1eb7c. 750ml\/350ml. 29% ABV.\" \/>\n<meta name=\"robots\" content=\"index, follow, max-snippet:-1, max-image-preview:large, max-video-preview:-1\" \/>\n<link rel=\"canonical\" href=\"http:\/\/52.77.24.187\/vi\/san-pham\/ve-de-di-creme-de-coconut\/\" \/>\n<meta property=\"og:locale\" content=\"vi_VN\" \/>\n<meta property=\"og:type\" content=\"article\" \/>\n<meta property=\"og:title\" content=\"V\u1ec1 \u0110\u1ec3 \u0110i Cr\u00e8me de Coconut - The Bottle Shop\" \/>\n<meta property=\"og:description\" content=\"V\u1ec1 \u0110\u1ec3 \u0110i Cr\u00e8me de Coconut. H\u01b0\u01a1ng v\u1ecb c\u1ee7a m\u1ed9t k\u1ef3 ngh\u1ec9 tr\u1ecdn v\u1eb9n. H\u01b0\u01a1ng ng\u1ecdt m\u01b0\u1ee3t m\u00e0 \u0111\u1ea7y m\u00ea ho\u1eb7c. 750ml\/350ml. 29% ABV.\" \/>\n<meta property=\"og:url\" content=\"http:\/\/52.77.24.187\/vi\/san-pham\/ve-de-di-creme-de-coconut\/\" \/>\n<meta property=\"og:site_name\" content=\"The Bottle Shop\" \/>\n<meta property=\"article:publisher\" content=\"https:\/\/www.facebook.com\/thebottleshopvietnam\" \/>\n<meta property=\"article:modified_time\" content=\"2025-06-27T00:44:41+00:00\" \/>\n<meta property=\"og:image\" content=\"https:\/\/mlsrfcxkkbzg.i.optimole.com\/cb:JbP2.215d7\/w:auto\/h:auto\/q:mauto\/ig:avif\/http:\/\/52.77.24.187\/wp-content\/uploads\/2025\/06\/Ve-De-Di-Creme-de-Coconut-700ml.png\" \/>\n\t<meta property=\"og:image:width\" content=\"1080\" \/>\n\t<meta property=\"og:image:height\" content=\"1080\" \/>\n\t<meta property=\"og:image:type\" content=\"image\/png\" \/>\n<meta name=\"twitter:card\" content=\"summary_large_image\" \/>\n<meta name=\"twitter:label1\" content=\"Est. reading time\" \/>\n\t<meta name=\"twitter:data1\" content=\"1 minute\" \/>\n<script type=\"application\/ld+json\" class=\"yoast-schema-graph\">{\"@context\":\"https:\/\/schema.org\",\"@graph\":[{\"@type\":\"WebPage\",\"@id\":\"http:\/\/52.77.24.187\/vi\/san-pham\/ve-de-di-creme-de-coconut\/\",\"url\":\"http:\/\/52.77.24.187\/vi\/san-pham\/ve-de-di-creme-de-coconut\/\",\"name\":\"V\u1ec1 \u0110\u1ec3 \u0110i Cr\u00e8me de Coconut - The Bottle Shop\",\"isPartOf\":{\"@id\":\"http:\/\/52.77.24.187\/#website\"},\"primaryImageOfPage\":{\"@id\":\"http:\/\/52.77.24.187\/vi\/san-pham\/ve-de-di-creme-de-coconut\/#primaryimage\"},\"image\":{\"@id\":\"http:\/\/52.77.24.187\/vi\/san-pham\/ve-de-di-creme-de-coconut\/#primaryimage\"},\"thumbnailUrl\":\"https:\/\/mlsrfcxkkbzg.i.optimole.com\/cb:JbP2.215d7\/w:auto\/h:auto\/q:mauto\/ig:avif\/https:\/\/thebottleshop.vn\/wp-content\/uploads\/2025\/06\/Ve-De-Di-Creme-de-Coconut-700ml.png\",\"datePublished\":\"2025-06-27T00:44:40+00:00\",\"dateModified\":\"2025-06-27T00:44:41+00:00\",\"description\":\"V\u1ec1 \u0110\u1ec3 \u0110i Cr\u00e8me de Coconut. H\u01b0\u01a1ng v\u1ecb c\u1ee7a m\u1ed9t k\u1ef3 ngh\u1ec9 tr\u1ecdn v\u1eb9n. H\u01b0\u01a1ng ng\u1ecdt m\u01b0\u1ee3t m\u00e0 \u0111\u1ea7y m\u00ea ho\u1eb7c. 750ml\/350ml. 29% ABV.\",\"breadcrumb\":{\"@id\":\"http:\/\/52.77.24.187\/vi\/san-pham\/ve-de-di-creme-de-coconut\/#breadcrumb\"},\"inLanguage\":\"vi-VN\",\"potentialAction\":[{\"@type\":\"ReadAction\",\"target\":[\"http:\/\/52.77.24.187\/vi\/san-pham\/ve-de-di-creme-de-coconut\/\"]}]},{\"@type\":\"ImageObject\",\"inLanguage\":\"vi-VN\",\"@id\":\"http:\/\/52.77.24.187\/vi\/san-pham\/ve-de-di-creme-de-coconut\/#primaryimage\",\"url\":\"https:\/\/mlsrfcxkkbzg.i.optimole.com\/cb:JbP2.215d7\/w:auto\/h:auto\/q:mauto\/ig:avif\/https:\/\/thebottleshop.vn\/wp-content\/uploads\/2025\/06\/Ve-De-Di-Creme-de-Coconut-700ml.png\",\"contentUrl\":\"https:\/\/mlsrfcxkkbzg.i.optimole.com\/cb:JbP2.215d7\/w:auto\/h:auto\/q:mauto\/ig:avif\/https:\/\/thebottleshop.vn\/wp-content\/uploads\/2025\/06\/Ve-De-Di-Creme-de-Coconut-700ml.png\",\"width\":1080,\"height\":1080,\"caption\":\"V\u1ec1 \u0110\u1ec3 \u0110i Cr\u00e8me de Coconut 700ml\"},{\"@type\":\"BreadcrumbList\",\"@id\":\"http:\/\/52.77.24.187\/vi\/san-pham\/ve-de-di-creme-de-coconut\/#breadcrumb\",\"itemListElement\":[{\"@type\":\"ListItem\",\"position\":1,\"name\":\"Home\",\"item\":\"http:\/\/52.77.24.187\/vi\/test-popup-vi\/\"},{\"@type\":\"ListItem\",\"position\":2,\"name\":\"C\u1eeda h\u00e0ng\",\"item\":\"http:\/\/52.77.24.187\/vi\/cua-hang\/\"},{\"@type\":\"ListItem\",\"position\":3,\"name\":\"V\u1ec1 \u0110\u1ec3 \u0110i Cr\u00e8me de Coconut\"}]},{\"@type\":\"WebSite\",\"@id\":\"http:\/\/52.77.24.187\/#website\",\"url\":\"http:\/\/52.77.24.187\/\",\"name\":\"The Bottle Shop\",\"description\":\"All beers are not created equal\",\"publisher\":{\"@id\":\"http:\/\/52.77.24.187\/#organization\"},\"potentialAction\":[{\"@type\":\"SearchAction\",\"target\":{\"@type\":\"EntryPoint\",\"urlTemplate\":\"http:\/\/52.77.24.187\/?s={search_term_string}\"},\"query-input\":{\"@type\":\"PropertyValueSpecification\",\"valueRequired\":true,\"valueName\":\"search_term_string\"}}],\"inLanguage\":\"vi-VN\"},{\"@type\":\"Organization\",\"@id\":\"http:\/\/52.77.24.187\/#organization\",\"name\":\"The Bottle Shop\",\"url\":\"http:\/\/52.77.24.187\/\",\"logo\":{\"@type\":\"ImageObject\",\"inLanguage\":\"vi-VN\",\"@id\":\"http:\/\/52.77.24.187\/#\/schema\/logo\/image\/\",\"url\":\"https:\/\/mlsrfcxkkbzg.i.optimole.com\/cb:JbP2.215d7\/w:auto\/h:auto\/q:mauto\/ig:avif\/https:\/\/thebottleshop.vn\/wp-content\/uploads\/2022\/10\/The-Bottle-Shop-Online-Logo.png\",\"contentUrl\":\"https:\/\/mlsrfcxkkbzg.i.optimole.com\/cb:JbP2.215d7\/w:auto\/h:auto\/q:mauto\/ig:avif\/https:\/\/thebottleshop.vn\/wp-content\/uploads\/2022\/10\/The-Bottle-Shop-Online-Logo.png\",\"width\":145,\"height\":147,\"caption\":\"The Bottle Shop\"},\"image\":{\"@id\":\"http:\/\/52.77.24.187\/#\/schema\/logo\/image\/\"},\"sameAs\":[\"https:\/\/www.facebook.com\/thebottleshopvietnam\",\"https:\/\/www.instagram.com\/thebottleshop_vietnam\/\"]}]}<\/script>\n<!-- \/ Yoast SEO plugin. -->","yoast_head_json":{"title":"V\u1ec1 \u0110\u1ec3 \u0110i Cr\u00e8me de Coconut - The Bottle Shop","description":"V\u1ec1 \u0110\u1ec3 \u0110i Cr\u00e8me de Coconut. H\u01b0\u01a1ng v\u1ecb c\u1ee7a m\u1ed9t k\u1ef3 ngh\u1ec9 tr\u1ecdn v\u1eb9n. H\u01b0\u01a1ng ng\u1ecdt m\u01b0\u1ee3t m\u00e0 \u0111\u1ea7y m\u00ea ho\u1eb7c. 750ml\/350ml. 29% ABV.","robots":{"index":"index","follow":"follow","max-snippet":"max-snippet:-1","max-image-preview":"max-image-preview:large","max-video-preview":"max-video-preview:-1"},"canonical":"http:\/\/52.77.24.187\/vi\/san-pham\/ve-de-di-creme-de-coconut\/","og_locale":"vi_VN","og_type":"article","og_title":"V\u1ec1 \u0110\u1ec3 \u0110i Cr\u00e8me de Coconut - The Bottle Shop","og_description":"V\u1ec1 \u0110\u1ec3 \u0110i Cr\u00e8me de Coconut. H\u01b0\u01a1ng v\u1ecb c\u1ee7a m\u1ed9t k\u1ef3 ngh\u1ec9 tr\u1ecdn v\u1eb9n. H\u01b0\u01a1ng ng\u1ecdt m\u01b0\u1ee3t m\u00e0 \u0111\u1ea7y m\u00ea ho\u1eb7c. 750ml\/350ml. 29% ABV.","og_url":"http:\/\/52.77.24.187\/vi\/san-pham\/ve-de-di-creme-de-coconut\/","og_site_name":"The Bottle Shop","article_publisher":"https:\/\/www.facebook.com\/thebottleshopvietnam","article_modified_time":"2025-06-27T00:44:41+00:00","og_image":[{"width":1080,"height":1080,"url":"https:\/\/mlsrfcxkkbzg.i.optimole.com\/cb:JbP2.215d7\/w:auto\/h:auto\/q:mauto\/ig:avif\/http:\/\/52.77.24.187\/wp-content\/uploads\/2025\/06\/Ve-De-Di-Creme-de-Coconut-700ml.png","type":"image\/png"}],"twitter_card":"summary_large_image","twitter_misc":{"Est. reading time":"1 minute"},"schema":{"@context":"https:\/\/schema.org","@graph":[{"@type":"WebPage","@id":"http:\/\/52.77.24.187\/vi\/san-pham\/ve-de-di-creme-de-coconut\/","url":"http:\/\/52.77.24.187\/vi\/san-pham\/ve-de-di-creme-de-coconut\/","name":"V\u1ec1 \u0110\u1ec3 \u0110i Cr\u00e8me de Coconut - The Bottle Shop","isPartOf":{"@id":"http:\/\/52.77.24.187\/#website"},"primaryImageOfPage":{"@id":"http:\/\/52.77.24.187\/vi\/san-pham\/ve-de-di-creme-de-coconut\/#primaryimage"},"image":{"@id":"http:\/\/52.77.24.187\/vi\/san-pham\/ve-de-di-creme-de-coconut\/#primaryimage"},"thumbnailUrl":"https:\/\/mlsrfcxkkbzg.i.optimole.com\/cb:JbP2.215d7\/w:auto\/h:auto\/q:mauto\/ig:avif\/https:\/\/thebottleshop.vn\/wp-content\/uploads\/2025\/06\/Ve-De-Di-Creme-de-Coconut-700ml.png","datePublished":"2025-06-27T00:44:40+00:00","dateModified":"2025-06-27T00:44:41+00:00","description":"V\u1ec1 \u0110\u1ec3 \u0110i Cr\u00e8me de Coconut. H\u01b0\u01a1ng v\u1ecb c\u1ee7a m\u1ed9t k\u1ef3 ngh\u1ec9 tr\u1ecdn v\u1eb9n. H\u01b0\u01a1ng ng\u1ecdt m\u01b0\u1ee3t m\u00e0 \u0111\u1ea7y m\u00ea ho\u1eb7c. 750ml\/350ml. 29% ABV.","breadcrumb":{"@id":"http:\/\/52.77.24.187\/vi\/san-pham\/ve-de-di-creme-de-coconut\/#breadcrumb"},"inLanguage":"vi-VN","potentialAction":[{"@type":"ReadAction","target":["http:\/\/52.77.24.187\/vi\/san-pham\/ve-de-di-creme-de-coconut\/"]}]},{"@type":"ImageObject","inLanguage":"vi-VN","@id":"http:\/\/52.77.24.187\/vi\/san-pham\/ve-de-di-creme-de-coconut\/#primaryimage","url":"https:\/\/mlsrfcxkkbzg.i.optimole.com\/cb:JbP2.215d7\/w:auto\/h:auto\/q:mauto\/ig:avif\/https:\/\/thebottleshop.vn\/wp-content\/uploads\/2025\/06\/Ve-De-Di-Creme-de-Coconut-700ml.png","contentUrl":"https:\/\/mlsrfcxkkbzg.i.optimole.com\/cb:JbP2.215d7\/w:auto\/h:auto\/q:mauto\/ig:avif\/https:\/\/thebottleshop.vn\/wp-content\/uploads\/2025\/06\/Ve-De-Di-Creme-de-Coconut-700ml.png","width":1080,"height":1080,"caption":"V\u1ec1 \u0110\u1ec3 \u0110i Cr\u00e8me de Coconut 700ml"},{"@type":"BreadcrumbList","@id":"http:\/\/52.77.24.187\/vi\/san-pham\/ve-de-di-creme-de-coconut\/#breadcrumb","itemListElement":[{"@type":"ListItem","position":1,"name":"Home","item":"http:\/\/52.77.24.187\/vi\/test-popup-vi\/"},{"@type":"ListItem","position":2,"name":"C\u1eeda h\u00e0ng","item":"http:\/\/52.77.24.187\/vi\/cua-hang\/"},{"@type":"ListItem","position":3,"name":"V\u1ec1 \u0110\u1ec3 \u0110i Cr\u00e8me de Coconut"}]},{"@type":"WebSite","@id":"http:\/\/52.77.24.187\/#website","url":"http:\/\/52.77.24.187\/","name":"The Bottle Shop","description":"All beers are not created equal","publisher":{"@id":"http:\/\/52.77.24.187\/#organization"},"potentialAction":[{"@type":"SearchAction","target":{"@type":"EntryPoint","urlTemplate":"http:\/\/52.77.24.187\/?s={search_term_string}"},"query-input":{"@type":"PropertyValueSpecification","valueRequired":true,"valueName":"search_term_string"}}],"inLanguage":"vi-VN"},{"@type":"Organization","@id":"http:\/\/52.77.24.187\/#organization","name":"The Bottle Shop","url":"http:\/\/52.77.24.187\/","logo":{"@type":"ImageObject","inLanguage":"vi-VN","@id":"http:\/\/52.77.24.187\/#\/schema\/logo\/image\/","url":"https:\/\/mlsrfcxkkbzg.i.optimole.com\/cb:JbP2.215d7\/w:auto\/h:auto\/q:mauto\/ig:avif\/https:\/\/thebottleshop.vn\/wp-content\/uploads\/2022\/10\/The-Bottle-Shop-Online-Logo.png","contentUrl":"https:\/\/mlsrfcxkkbzg.i.optimole.com\/cb:JbP2.215d7\/w:auto\/h:auto\/q:mauto\/ig:avif\/https:\/\/thebottleshop.vn\/wp-content\/uploads\/2022\/10\/The-Bottle-Shop-Online-Logo.png","width":145,"height":147,"caption":"The Bottle Shop"},"image":{"@id":"http:\/\/52.77.24.187\/#\/schema\/logo\/image\/"},"sameAs":["https:\/\/www.facebook.com\/thebottleshopvietnam","https:\/\/www.instagram.com\/thebottleshop_vietnam\/"]}]}},"_links":{"self":[{"href":"https:\/\/thebottleshop.vn\/vi\/wp-json\/wp\/v2\/product\/21657","targetHints":{"allow":["GET"]}}],"collection":[{"href":"https:\/\/thebottleshop.vn\/vi\/wp-json\/wp\/v2\/product"}],"about":[{"href":"https:\/\/thebottleshop.vn\/vi\/wp-json\/wp\/v2\/types\/product"}],"replies":[{"embeddable":true,"href":"https:\/\/thebottleshop.vn\/vi\/wp-json\/wp\/v2\/comments?post=21657"}],"wp:featuredmedia":[{"embeddable":true,"href":"https:\/\/thebottleshop.vn\/vi\/wp-json\/wp\/v2\/media\/21634"}],"wp:attachment":[{"href":"https:\/\/thebottleshop.vn\/vi\/wp-json\/wp\/v2\/media?parent=21657"}],"wp:term":[{"taxonomy":"product_brand","embeddable":true,"href":"https:\/\/thebottleshop.vn\/vi\/wp-json\/wp\/v2\/product_brand?post=21657"},{"taxonomy":"product_cat","embeddable":true,"href":"https:\/\/thebottleshop.vn\/vi\/wp-json\/wp\/v2\/product_cat?post=21657"},{"taxonomy":"product_tag","embeddable":true,"href":"https:\/\/thebottleshop.vn\/vi\/wp-json\/wp\/v2\/product_tag?post=21657"}],"curies":[{"name":"wp","href":"https:\/\/api.w.org\/{rel}","templated":true}]}}