{"id":21695,"date":"2025-06-29T14:50:27","date_gmt":"2025-06-29T07:50:27","guid":{"rendered":"https:\/\/thebottleshop.vn\/product\/herevia-miniatures-boxset\/"},"modified":"2025-06-29T15:31:19","modified_gmt":"2025-06-29T08:31:19","slug":"herevia-miniatures-boxset","status":"publish","type":"product","link":"https:\/\/thebottleshop.vn\/vi\/san-pham\/herevia-miniatures-boxset\/","title":{"rendered":"Herevia Miniatures Boxset"},"content":{"rendered":"<p>Herevia Miniatures Boxset. The Heritage Trio. <\/p>\n<p>S\u1ea3n ph\u1ea9m \u0111\u1ea7u tay c\u1ee7a Herevia kh\u00f4ng ph\u1ea3i m\u1ed9t, m\u00e0 l\u00e0 m\u1ed9t b\u1ed9 ba lo\u1ea1i r\u01b0\u1ee3u th\u1ee7 c\u00f4ng RICE SPIRIT \u2013 RICE VODKA \u2013 POMELO GIN.<br \/>\nRice Spirit \u0111\u01b0\u1ee3c ch\u01b0ng c\u1ea5t ch\u00e2n kh\u00f4ng t\u1eeb h\u1ed7n h\u1ee3p g\u1ea1o t\u1ebb v\u00e0 n\u1ebfp thu\u1ea7n Vi\u1ec7t<br \/>\nRice Vodka \u0111\u01b0\u1ee3c ch\u01b0ng c\u1ea5t ch\u1eadm th\u00eam l\u1ea7n 2 t\u1eeb ch\u00ednh n\u1ec1n r\u01b0\u1ee3u Rice Spirit<br \/>\nPomelo Gin \u0111\u01b0\u1ee3c ch\u01b0ng c\u1ea5t m\u1ebb nh\u1ecf t\u1eeb n\u1ec1n r\u01b0\u1ee3u Rice Vodka ng\u00e2m tr\u00edch ly c\u00f9ng v\u1ecf b\u01b0\u1edfi Ti\u1ec1n Giang<\/p>\n<p>\u2014\u2013<br \/>\nXem th\u01b0 vi\u1ec7n h\u00ecnh \u1ea3nh \u0111\u1ec3 bi\u1ebft th\u00eam th\u00f4ng tin chi ti\u1ebft v\u1ec1 ngu\u1ed3n g\u1ed1c, th\u00e0nh ph\u1ea7n v\u00e0 h\u01b0\u1edbng d\u1eabn s\u1eed d\u1ee5ng c\u1ee7a s\u1ea3n ph\u1ea9m.<\/p>\n","protected":false},"excerpt":{"rendered":"<p><strong>3x100ml <\/strong><\/p>\n","protected":false},"featured_media":21752,"comment_status":"open","ping_status":"closed","template":"","meta":{"_acf_changed":false},"product_brand":[],"product_cat":[390,338,373,388,412,365,345,339,341,352,364,371,500,704],"product_tag":[],"class_list":{"0":"post-21695","1":"product","2":"type-product","3":"status-publish","4":"has-post-thumbnail","6":"product_cat-vietnam-hanoi","7":"product_cat-ruou-va-ruou-vang","8":"product_cat-200k-499k","9":"product_cat-25-vi","10":"product_cat-do-luu-niem","11":"product_cat-ruou","12":"product_cat-abv-vi","13":"product_cat-xuat-xu","14":"product_cat-dong-goi","15":"product_cat-gia","16":"product_cat-dong-ruou","17":"product_cat-nha-san-xuat-ruou","18":"product_cat-herevia-distillery","19":"product_cat-chai-3x100ml","21":"first","22":"instock","23":"shipping-taxable","24":"purchasable","25":"product-type-simple","26":"add-to-wishlist-before_image"},"acf":[],"yoast_head":"<!-- This site is optimized with the Yoast SEO plugin v27.2 - https:\/\/yoast.com\/product\/yoast-seo-wordpress\/ -->\n<title>Herevia Miniatures Boxset - The Bottle Shop<\/title>\n<meta name=\"description\" content=\"Herevia Miniatures Boxset. The Heritage Trio. S\u1ea3n ph\u1ea9m \u0111\u1ea7u tay c\u1ee7a Herevia kh\u00f4ng ph\u1ea3i m\u1ed9t, m\u00e0 l\u00e0 m\u1ed9t b\u1ed9 ba lo\u1ea1i r\u01b0\u1ee3u th\u1ee7 c\u00f4ng RICE SPIRIT \u2013 RICE VODKA \u2013 POMELO GIN.\" \/>\n<meta name=\"robots\" content=\"index, follow, max-snippet:-1, max-image-preview:large, max-video-preview:-1\" \/>\n<link rel=\"canonical\" href=\"http:\/\/52.77.24.187\/vi\/san-pham\/herevia-miniatures-boxset\/\" \/>\n<meta property=\"og:locale\" content=\"vi_VN\" \/>\n<meta property=\"og:type\" content=\"article\" \/>\n<meta property=\"og:title\" content=\"Herevia Miniatures Boxset - The Bottle Shop\" \/>\n<meta property=\"og:description\" content=\"Herevia Miniatures Boxset. The Heritage Trio. S\u1ea3n ph\u1ea9m \u0111\u1ea7u tay c\u1ee7a Herevia kh\u00f4ng ph\u1ea3i m\u1ed9t, m\u00e0 l\u00e0 m\u1ed9t b\u1ed9 ba lo\u1ea1i r\u01b0\u1ee3u th\u1ee7 c\u00f4ng RICE SPIRIT \u2013 RICE VODKA \u2013 POMELO GIN.\" \/>\n<meta property=\"og:url\" content=\"http:\/\/52.77.24.187\/vi\/san-pham\/herevia-miniatures-boxset\/\" \/>\n<meta property=\"og:site_name\" content=\"The Bottle Shop\" \/>\n<meta property=\"article:publisher\" content=\"https:\/\/www.facebook.com\/thebottleshopvietnam\" \/>\n<meta property=\"article:modified_time\" content=\"2025-06-29T08:31:19+00:00\" \/>\n<meta property=\"og:image\" content=\"https:\/\/mlsrfcxkkbzg.i.optimole.com\/cb:JbP2.215d7\/w:auto\/h:auto\/q:mauto\/ig:avif\/http:\/\/52.77.24.187\/wp-content\/uploads\/2025\/06\/Herevia-Miniatures-Boxset.png\" \/>\n\t<meta property=\"og:image:width\" content=\"1080\" \/>\n\t<meta property=\"og:image:height\" content=\"1080\" \/>\n\t<meta property=\"og:image:type\" content=\"image\/png\" \/>\n<meta name=\"twitter:card\" content=\"summary_large_image\" \/>\n<meta name=\"twitter:label1\" content=\"Est. reading time\" \/>\n\t<meta name=\"twitter:data1\" content=\"1 minute\" \/>\n<script type=\"application\/ld+json\" class=\"yoast-schema-graph\">{\"@context\":\"https:\/\/schema.org\",\"@graph\":[{\"@type\":\"WebPage\",\"@id\":\"http:\/\/52.77.24.187\/vi\/san-pham\/herevia-miniatures-boxset\/\",\"url\":\"http:\/\/52.77.24.187\/vi\/san-pham\/herevia-miniatures-boxset\/\",\"name\":\"Herevia Miniatures Boxset - The Bottle Shop\",\"isPartOf\":{\"@id\":\"http:\/\/52.77.24.187\/#website\"},\"primaryImageOfPage\":{\"@id\":\"http:\/\/52.77.24.187\/vi\/san-pham\/herevia-miniatures-boxset\/#primaryimage\"},\"image\":{\"@id\":\"http:\/\/52.77.24.187\/vi\/san-pham\/herevia-miniatures-boxset\/#primaryimage\"},\"thumbnailUrl\":\"https:\/\/mlsrfcxkkbzg.i.optimole.com\/cb:JbP2.215d7\/w:auto\/h:auto\/q:mauto\/ig:avif\/https:\/\/thebottleshop.vn\/wp-content\/uploads\/2025\/07\/Herevia-Miniatures-Boxset.png\",\"datePublished\":\"2025-06-29T07:50:27+00:00\",\"dateModified\":\"2025-06-29T08:31:19+00:00\",\"description\":\"Herevia Miniatures Boxset. The Heritage Trio. S\u1ea3n ph\u1ea9m \u0111\u1ea7u tay c\u1ee7a Herevia kh\u00f4ng ph\u1ea3i m\u1ed9t, m\u00e0 l\u00e0 m\u1ed9t b\u1ed9 ba lo\u1ea1i r\u01b0\u1ee3u th\u1ee7 c\u00f4ng RICE SPIRIT \u2013 RICE VODKA \u2013 POMELO GIN.\",\"breadcrumb\":{\"@id\":\"http:\/\/52.77.24.187\/vi\/san-pham\/herevia-miniatures-boxset\/#breadcrumb\"},\"inLanguage\":\"vi-VN\",\"potentialAction\":[{\"@type\":\"ReadAction\",\"target\":[\"http:\/\/52.77.24.187\/vi\/san-pham\/herevia-miniatures-boxset\/\"]}]},{\"@type\":\"ImageObject\",\"inLanguage\":\"vi-VN\",\"@id\":\"http:\/\/52.77.24.187\/vi\/san-pham\/herevia-miniatures-boxset\/#primaryimage\",\"url\":\"https:\/\/mlsrfcxkkbzg.i.optimole.com\/cb:JbP2.215d7\/w:auto\/h:auto\/q:mauto\/ig:avif\/https:\/\/thebottleshop.vn\/wp-content\/uploads\/2025\/07\/Herevia-Miniatures-Boxset.png\",\"contentUrl\":\"https:\/\/mlsrfcxkkbzg.i.optimole.com\/cb:JbP2.215d7\/w:auto\/h:auto\/q:mauto\/ig:avif\/https:\/\/thebottleshop.vn\/wp-content\/uploads\/2025\/07\/Herevia-Miniatures-Boxset.png\",\"width\":1080,\"height\":1080,\"caption\":\"Herevia Miniatures Boxset\"},{\"@type\":\"BreadcrumbList\",\"@id\":\"http:\/\/52.77.24.187\/vi\/san-pham\/herevia-miniatures-boxset\/#breadcrumb\",\"itemListElement\":[{\"@type\":\"ListItem\",\"position\":1,\"name\":\"Home\",\"item\":\"http:\/\/52.77.24.187\/vi\/test-popup-vi\/\"},{\"@type\":\"ListItem\",\"position\":2,\"name\":\"C\u1eeda h\u00e0ng\",\"item\":\"http:\/\/52.77.24.187\/vi\/cua-hang\/\"},{\"@type\":\"ListItem\",\"position\":3,\"name\":\"Herevia Miniatures Boxset\"}]},{\"@type\":\"WebSite\",\"@id\":\"http:\/\/52.77.24.187\/#website\",\"url\":\"http:\/\/52.77.24.187\/\",\"name\":\"The Bottle Shop\",\"description\":\"All beers are not created equal\",\"publisher\":{\"@id\":\"http:\/\/52.77.24.187\/#organization\"},\"potentialAction\":[{\"@type\":\"SearchAction\",\"target\":{\"@type\":\"EntryPoint\",\"urlTemplate\":\"http:\/\/52.77.24.187\/?s={search_term_string}\"},\"query-input\":{\"@type\":\"PropertyValueSpecification\",\"valueRequired\":true,\"valueName\":\"search_term_string\"}}],\"inLanguage\":\"vi-VN\"},{\"@type\":\"Organization\",\"@id\":\"http:\/\/52.77.24.187\/#organization\",\"name\":\"The Bottle Shop\",\"url\":\"http:\/\/52.77.24.187\/\",\"logo\":{\"@type\":\"ImageObject\",\"inLanguage\":\"vi-VN\",\"@id\":\"http:\/\/52.77.24.187\/#\/schema\/logo\/image\/\",\"url\":\"https:\/\/mlsrfcxkkbzg.i.optimole.com\/cb:JbP2.215d7\/w:auto\/h:auto\/q:mauto\/ig:avif\/https:\/\/thebottleshop.vn\/wp-content\/uploads\/2022\/10\/The-Bottle-Shop-Online-Logo.png\",\"contentUrl\":\"https:\/\/mlsrfcxkkbzg.i.optimole.com\/cb:JbP2.215d7\/w:auto\/h:auto\/q:mauto\/ig:avif\/https:\/\/thebottleshop.vn\/wp-content\/uploads\/2022\/10\/The-Bottle-Shop-Online-Logo.png\",\"width\":145,\"height\":147,\"caption\":\"The Bottle Shop\"},\"image\":{\"@id\":\"http:\/\/52.77.24.187\/#\/schema\/logo\/image\/\"},\"sameAs\":[\"https:\/\/www.facebook.com\/thebottleshopvietnam\",\"https:\/\/www.instagram.com\/thebottleshop_vietnam\/\"]}]}<\/script>\n<!-- \/ Yoast SEO plugin. -->","yoast_head_json":{"title":"Herevia Miniatures Boxset - The Bottle Shop","description":"Herevia Miniatures Boxset. The Heritage Trio. S\u1ea3n ph\u1ea9m \u0111\u1ea7u tay c\u1ee7a Herevia kh\u00f4ng ph\u1ea3i m\u1ed9t, m\u00e0 l\u00e0 m\u1ed9t b\u1ed9 ba lo\u1ea1i r\u01b0\u1ee3u th\u1ee7 c\u00f4ng RICE SPIRIT \u2013 RICE VODKA \u2013 POMELO GIN.","robots":{"index":"index","follow":"follow","max-snippet":"max-snippet:-1","max-image-preview":"max-image-preview:large","max-video-preview":"max-video-preview:-1"},"canonical":"http:\/\/52.77.24.187\/vi\/san-pham\/herevia-miniatures-boxset\/","og_locale":"vi_VN","og_type":"article","og_title":"Herevia Miniatures Boxset - The Bottle Shop","og_description":"Herevia Miniatures Boxset. The Heritage Trio. S\u1ea3n ph\u1ea9m \u0111\u1ea7u tay c\u1ee7a Herevia kh\u00f4ng ph\u1ea3i m\u1ed9t, m\u00e0 l\u00e0 m\u1ed9t b\u1ed9 ba lo\u1ea1i r\u01b0\u1ee3u th\u1ee7 c\u00f4ng RICE SPIRIT \u2013 RICE VODKA \u2013 POMELO GIN.","og_url":"http:\/\/52.77.24.187\/vi\/san-pham\/herevia-miniatures-boxset\/","og_site_name":"The Bottle Shop","article_publisher":"https:\/\/www.facebook.com\/thebottleshopvietnam","article_modified_time":"2025-06-29T08:31:19+00:00","og_image":[{"width":1080,"height":1080,"url":"https:\/\/mlsrfcxkkbzg.i.optimole.com\/cb:JbP2.215d7\/w:auto\/h:auto\/q:mauto\/ig:avif\/http:\/\/52.77.24.187\/wp-content\/uploads\/2025\/06\/Herevia-Miniatures-Boxset.png","type":"image\/png"}],"twitter_card":"summary_large_image","twitter_misc":{"Est. reading time":"1 minute"},"schema":{"@context":"https:\/\/schema.org","@graph":[{"@type":"WebPage","@id":"http:\/\/52.77.24.187\/vi\/san-pham\/herevia-miniatures-boxset\/","url":"http:\/\/52.77.24.187\/vi\/san-pham\/herevia-miniatures-boxset\/","name":"Herevia Miniatures Boxset - The Bottle Shop","isPartOf":{"@id":"http:\/\/52.77.24.187\/#website"},"primaryImageOfPage":{"@id":"http:\/\/52.77.24.187\/vi\/san-pham\/herevia-miniatures-boxset\/#primaryimage"},"image":{"@id":"http:\/\/52.77.24.187\/vi\/san-pham\/herevia-miniatures-boxset\/#primaryimage"},"thumbnailUrl":"https:\/\/mlsrfcxkkbzg.i.optimole.com\/cb:JbP2.215d7\/w:auto\/h:auto\/q:mauto\/ig:avif\/https:\/\/thebottleshop.vn\/wp-content\/uploads\/2025\/07\/Herevia-Miniatures-Boxset.png","datePublished":"2025-06-29T07:50:27+00:00","dateModified":"2025-06-29T08:31:19+00:00","description":"Herevia Miniatures Boxset. The Heritage Trio. S\u1ea3n ph\u1ea9m \u0111\u1ea7u tay c\u1ee7a Herevia kh\u00f4ng ph\u1ea3i m\u1ed9t, m\u00e0 l\u00e0 m\u1ed9t b\u1ed9 ba lo\u1ea1i r\u01b0\u1ee3u th\u1ee7 c\u00f4ng RICE SPIRIT \u2013 RICE VODKA \u2013 POMELO GIN.","breadcrumb":{"@id":"http:\/\/52.77.24.187\/vi\/san-pham\/herevia-miniatures-boxset\/#breadcrumb"},"inLanguage":"vi-VN","potentialAction":[{"@type":"ReadAction","target":["http:\/\/52.77.24.187\/vi\/san-pham\/herevia-miniatures-boxset\/"]}]},{"@type":"ImageObject","inLanguage":"vi-VN","@id":"http:\/\/52.77.24.187\/vi\/san-pham\/herevia-miniatures-boxset\/#primaryimage","url":"https:\/\/mlsrfcxkkbzg.i.optimole.com\/cb:JbP2.215d7\/w:auto\/h:auto\/q:mauto\/ig:avif\/https:\/\/thebottleshop.vn\/wp-content\/uploads\/2025\/07\/Herevia-Miniatures-Boxset.png","contentUrl":"https:\/\/mlsrfcxkkbzg.i.optimole.com\/cb:JbP2.215d7\/w:auto\/h:auto\/q:mauto\/ig:avif\/https:\/\/thebottleshop.vn\/wp-content\/uploads\/2025\/07\/Herevia-Miniatures-Boxset.png","width":1080,"height":1080,"caption":"Herevia Miniatures Boxset"},{"@type":"BreadcrumbList","@id":"http:\/\/52.77.24.187\/vi\/san-pham\/herevia-miniatures-boxset\/#breadcrumb","itemListElement":[{"@type":"ListItem","position":1,"name":"Home","item":"http:\/\/52.77.24.187\/vi\/test-popup-vi\/"},{"@type":"ListItem","position":2,"name":"C\u1eeda h\u00e0ng","item":"http:\/\/52.77.24.187\/vi\/cua-hang\/"},{"@type":"ListItem","position":3,"name":"Herevia Miniatures Boxset"}]},{"@type":"WebSite","@id":"http:\/\/52.77.24.187\/#website","url":"http:\/\/52.77.24.187\/","name":"The Bottle Shop","description":"All beers are not created equal","publisher":{"@id":"http:\/\/52.77.24.187\/#organization"},"potentialAction":[{"@type":"SearchAction","target":{"@type":"EntryPoint","urlTemplate":"http:\/\/52.77.24.187\/?s={search_term_string}"},"query-input":{"@type":"PropertyValueSpecification","valueRequired":true,"valueName":"search_term_string"}}],"inLanguage":"vi-VN"},{"@type":"Organization","@id":"http:\/\/52.77.24.187\/#organization","name":"The Bottle Shop","url":"http:\/\/52.77.24.187\/","logo":{"@type":"ImageObject","inLanguage":"vi-VN","@id":"http:\/\/52.77.24.187\/#\/schema\/logo\/image\/","url":"https:\/\/mlsrfcxkkbzg.i.optimole.com\/cb:JbP2.215d7\/w:auto\/h:auto\/q:mauto\/ig:avif\/https:\/\/thebottleshop.vn\/wp-content\/uploads\/2022\/10\/The-Bottle-Shop-Online-Logo.png","contentUrl":"https:\/\/mlsrfcxkkbzg.i.optimole.com\/cb:JbP2.215d7\/w:auto\/h:auto\/q:mauto\/ig:avif\/https:\/\/thebottleshop.vn\/wp-content\/uploads\/2022\/10\/The-Bottle-Shop-Online-Logo.png","width":145,"height":147,"caption":"The Bottle Shop"},"image":{"@id":"http:\/\/52.77.24.187\/#\/schema\/logo\/image\/"},"sameAs":["https:\/\/www.facebook.com\/thebottleshopvietnam","https:\/\/www.instagram.com\/thebottleshop_vietnam\/"]}]}},"_links":{"self":[{"href":"https:\/\/thebottleshop.vn\/vi\/wp-json\/wp\/v2\/product\/21695","targetHints":{"allow":["GET"]}}],"collection":[{"href":"https:\/\/thebottleshop.vn\/vi\/wp-json\/wp\/v2\/product"}],"about":[{"href":"https:\/\/thebottleshop.vn\/vi\/wp-json\/wp\/v2\/types\/product"}],"replies":[{"embeddable":true,"href":"https:\/\/thebottleshop.vn\/vi\/wp-json\/wp\/v2\/comments?post=21695"}],"wp:featuredmedia":[{"embeddable":true,"href":"https:\/\/thebottleshop.vn\/vi\/wp-json\/wp\/v2\/media\/21752"}],"wp:attachment":[{"href":"https:\/\/thebottleshop.vn\/vi\/wp-json\/wp\/v2\/media?parent=21695"}],"wp:term":[{"taxonomy":"product_brand","embeddable":true,"href":"https:\/\/thebottleshop.vn\/vi\/wp-json\/wp\/v2\/product_brand?post=21695"},{"taxonomy":"product_cat","embeddable":true,"href":"https:\/\/thebottleshop.vn\/vi\/wp-json\/wp\/v2\/product_cat?post=21695"},{"taxonomy":"product_tag","embeddable":true,"href":"https:\/\/thebottleshop.vn\/vi\/wp-json\/wp\/v2\/product_tag?post=21695"}],"curies":[{"name":"wp","href":"https:\/\/api.w.org\/{rel}","templated":true}]}}