{"id":21700,"date":"2025-06-29T15:37:40","date_gmt":"2025-06-29T08:41:29","guid":{"rendered":"https:\/\/thebottleshop.vn\/product\/de-hot-sauce-pho-real-death-sauce\/"},"modified":"2025-06-29T15:41:29","modified_gmt":"2025-06-29T08:41:29","slug":"de-hot-sauce-pho-real-death-sauce","status":"publish","type":"product","link":"https:\/\/thebottleshop.vn\/vi\/san-pham\/de-hot-sauce-pho-real-death-sauce\/","title":{"rendered":"D\u00ea Hot Sauce Pho Real Death Sauce"},"content":{"rendered":"<p>D\u00ea Pho Real Death Sauce l\u00e0 phi\u00ean b\u1ea3n t\u01b0\u01a1ng \u1edbt si\u00eau cay \u0111\u1eb7c bi\u1ec7t c\u1ee7a D\u00ca Hot Sauce, l\u1ea5y c\u1ea3m h\u1ee9ng t\u1eeb t\u01b0\u01a1ng \u1edbt l\u00ean men truy\u1ec1n th\u1ed1ng \u0103n c\u00f9ng Ph\u1edf c\u1ee7a ng\u01b0\u1eddi Vi\u1ec7t. S\u1eed d\u1ee5ng 100% \u1edbt Carolina Reaper (gi\u1ed1ng \u1edbt cay th\u1ee9 hai th\u1ebf gi\u1edbi) \u0111\u01b0\u1ee3c l\u00ean men su\u1ed1t 3 th\u00e1ng, h\u00f2a quy\u1ec7n c\u00f9ng c\u00e0 chua \u0110\u00e0 L\u1ea1t, h\u00e0nh t\u00e2y, t\u1ecfi v\u00e0 \u0111\u1eb7c bi\u1ec7t l\u00e0 c\u00e1c lo\u1ea1i h\u1ea1t gia v\u1ecb t\u1ea1o n\u00ean h\u01b0\u01a1ng th\u01a1m \u0111\u1eb7c tr\u01b0ng c\u1ee7a t\u00f4 Ph\u1edf. \u0110i\u1ec3m nh\u1ea5n cu\u1ed1i c\u00f9ng \u0111\u1ebfn t\u1eeb n\u01b0\u1edbc \u00e9p Yuzu, gi\u00fap c\u00e2n b\u1eb1ng v\u1ecb cay n\u1ed3ng v\u1edbi ch\u00fat chua thanh tinh t\u1ebf. S\u1ef1 k\u1ebft h\u1ee3p t\u00e1o b\u1ea1o n\u00e0y kh\u00f4ng ch\u1ec9 mang \u0111\u1ebfn \u0111\u1ed9 cay b\u00f9ng n\u1ed5 m\u00e0 c\u00f2n t\u1ea1o n\u00ean h\u01b0\u01a1ng v\u1ecb \u0111\u1eadm \u0111\u00e0, kh\u00f3 qu\u00ean.   <\/p>\n<p>\u2014\u2013<br \/>\nXem th\u01b0 vi\u1ec7n h\u00ecnh \u1ea3nh \u0111\u1ec3 bi\u1ebft th\u00eam th\u00f4ng tin chi ti\u1ebft v\u1ec1 ngu\u1ed3n g\u1ed1c, th\u00e0nh ph\u1ea7n v\u00e0 h\u01b0\u1edbng d\u1eabn s\u1eed d\u1ee5ng c\u1ee7a s\u1ea3n ph\u1ea9m.<\/p>\n<p>&nbsp;<\/p>\n","protected":false},"excerpt":{"rendered":"<p><strong>Si\u00eau cay, Th\u01a1m<\/strong><\/p>\n","protected":false},"featured_media":21681,"comment_status":"open","ping_status":"closed","template":"","meta":{"_acf_changed":false},"product_brand":[],"product_cat":[340,656,373,384,412,339,341,352],"product_tag":[],"class_list":{"0":"post-21700","1":"product","2":"type-product","3":"status-publish","4":"has-post-thumbnail","6":"product_cat-vietnam-hcmc","7":"product_cat-chai-110ml","8":"product_cat-200k-499k","9":"product_cat-nham-va-nhau","10":"product_cat-do-luu-niem","11":"product_cat-xuat-xu","12":"product_cat-dong-goi","13":"product_cat-gia","15":"first","16":"instock","17":"shipping-taxable","18":"purchasable","19":"product-type-simple","20":"add-to-wishlist-before_image"},"acf":[],"yoast_head":"<!-- This site is optimized with the Yoast SEO plugin v27.2 - https:\/\/yoast.com\/product\/yoast-seo-wordpress\/ -->\n<title>D\u00ea Hot Sauce Pho Real Death Sauce - The Bottle Shop<\/title>\n<meta name=\"description\" content=\"Pho Real Death Sauce l\u00e0 phi\u00ean b\u1ea3n t\u01b0\u01a1ng \u1edbt si\u00eau cay \u0111\u1eb7c bi\u1ec7t c\u1ee7a D\u00ca Hot Sauce, l\u1ea5y c\u1ea3m h\u1ee9ng t\u1eeb t\u01b0\u01a1ng \u1edbt l\u00ean men truy\u1ec1n th\u1ed1ng \u0103n c\u00f9ng Ph\u1edf c\u1ee7a ng\u01b0\u1eddi Vi\u1ec7t.\" \/>\n<meta name=\"robots\" content=\"index, follow, max-snippet:-1, max-image-preview:large, max-video-preview:-1\" \/>\n<link rel=\"canonical\" href=\"http:\/\/52.77.24.187\/vi\/san-pham\/de-hot-sauce-pho-real-death-sauce\/\" \/>\n<meta property=\"og:locale\" content=\"vi_VN\" \/>\n<meta property=\"og:type\" content=\"article\" \/>\n<meta property=\"og:title\" content=\"D\u00ea Hot Sauce Pho Real Death Sauce - The Bottle Shop\" \/>\n<meta property=\"og:description\" content=\"Pho Real Death Sauce l\u00e0 phi\u00ean b\u1ea3n t\u01b0\u01a1ng \u1edbt si\u00eau cay \u0111\u1eb7c bi\u1ec7t c\u1ee7a D\u00ca Hot Sauce, l\u1ea5y c\u1ea3m h\u1ee9ng t\u1eeb t\u01b0\u01a1ng \u1edbt l\u00ean men truy\u1ec1n th\u1ed1ng \u0103n c\u00f9ng Ph\u1edf c\u1ee7a ng\u01b0\u1eddi Vi\u1ec7t.\" \/>\n<meta property=\"og:url\" content=\"http:\/\/52.77.24.187\/vi\/san-pham\/de-hot-sauce-pho-real-death-sauce\/\" \/>\n<meta property=\"og:site_name\" content=\"The Bottle Shop\" \/>\n<meta property=\"article:publisher\" content=\"https:\/\/www.facebook.com\/thebottleshopvietnam\" \/>\n<meta property=\"og:image\" content=\"https:\/\/mlsrfcxkkbzg.i.optimole.com\/cb:JbP2.215d7\/w:auto\/h:auto\/q:mauto\/ig:avif\/http:\/\/52.77.24.187\/wp-content\/uploads\/2025\/06\/De-Hot-Sauce-Pho-Real.png\" \/>\n\t<meta property=\"og:image:width\" content=\"1080\" \/>\n\t<meta property=\"og:image:height\" content=\"1080\" \/>\n\t<meta property=\"og:image:type\" content=\"image\/png\" \/>\n<meta name=\"twitter:card\" content=\"summary_large_image\" \/>\n<meta name=\"twitter:label1\" content=\"Est. reading time\" \/>\n\t<meta name=\"twitter:data1\" content=\"1 minute\" \/>\n<script type=\"application\/ld+json\" class=\"yoast-schema-graph\">{\"@context\":\"https:\/\/schema.org\",\"@graph\":[{\"@type\":\"WebPage\",\"@id\":\"http:\/\/52.77.24.187\/vi\/san-pham\/de-hot-sauce-pho-real-death-sauce\/\",\"url\":\"http:\/\/52.77.24.187\/vi\/san-pham\/de-hot-sauce-pho-real-death-sauce\/\",\"name\":\"D\u00ea Hot Sauce Pho Real Death Sauce - The Bottle Shop\",\"isPartOf\":{\"@id\":\"http:\/\/52.77.24.187\/#website\"},\"primaryImageOfPage\":{\"@id\":\"http:\/\/52.77.24.187\/vi\/san-pham\/de-hot-sauce-pho-real-death-sauce\/#primaryimage\"},\"image\":{\"@id\":\"http:\/\/52.77.24.187\/vi\/san-pham\/de-hot-sauce-pho-real-death-sauce\/#primaryimage\"},\"thumbnailUrl\":\"https:\/\/mlsrfcxkkbzg.i.optimole.com\/cb:JbP2.215d7\/w:auto\/h:auto\/q:mauto\/ig:avif\/https:\/\/thebottleshop.vn\/wp-content\/uploads\/2025\/06\/De-Hot-Sauce-Pho-Real.png\",\"datePublished\":\"2025-06-29T08:41:29+00:00\",\"description\":\"Pho Real Death Sauce l\u00e0 phi\u00ean b\u1ea3n t\u01b0\u01a1ng \u1edbt si\u00eau cay \u0111\u1eb7c bi\u1ec7t c\u1ee7a D\u00ca Hot Sauce, l\u1ea5y c\u1ea3m h\u1ee9ng t\u1eeb t\u01b0\u01a1ng \u1edbt l\u00ean men truy\u1ec1n th\u1ed1ng \u0103n c\u00f9ng Ph\u1edf c\u1ee7a ng\u01b0\u1eddi Vi\u1ec7t.\",\"breadcrumb\":{\"@id\":\"http:\/\/52.77.24.187\/vi\/san-pham\/de-hot-sauce-pho-real-death-sauce\/#breadcrumb\"},\"inLanguage\":\"vi-VN\",\"potentialAction\":[{\"@type\":\"ReadAction\",\"target\":[\"http:\/\/52.77.24.187\/vi\/san-pham\/de-hot-sauce-pho-real-death-sauce\/\"]}]},{\"@type\":\"ImageObject\",\"inLanguage\":\"vi-VN\",\"@id\":\"http:\/\/52.77.24.187\/vi\/san-pham\/de-hot-sauce-pho-real-death-sauce\/#primaryimage\",\"url\":\"https:\/\/mlsrfcxkkbzg.i.optimole.com\/cb:JbP2.215d7\/w:auto\/h:auto\/q:mauto\/ig:avif\/https:\/\/thebottleshop.vn\/wp-content\/uploads\/2025\/06\/De-Hot-Sauce-Pho-Real.png\",\"contentUrl\":\"https:\/\/mlsrfcxkkbzg.i.optimole.com\/cb:JbP2.215d7\/w:auto\/h:auto\/q:mauto\/ig:avif\/https:\/\/thebottleshop.vn\/wp-content\/uploads\/2025\/06\/De-Hot-Sauce-Pho-Real.png\",\"width\":1080,\"height\":1080,\"caption\":\"D\u00ea Hot Sauce Pho Real\"},{\"@type\":\"BreadcrumbList\",\"@id\":\"http:\/\/52.77.24.187\/vi\/san-pham\/de-hot-sauce-pho-real-death-sauce\/#breadcrumb\",\"itemListElement\":[{\"@type\":\"ListItem\",\"position\":1,\"name\":\"Home\",\"item\":\"http:\/\/52.77.24.187\/vi\/test-popup-vi\/\"},{\"@type\":\"ListItem\",\"position\":2,\"name\":\"C\u1eeda h\u00e0ng\",\"item\":\"http:\/\/52.77.24.187\/vi\/cua-hang\/\"},{\"@type\":\"ListItem\",\"position\":3,\"name\":\"D\u00ea Hot Sauce Pho Real Death Sauce\"}]},{\"@type\":\"WebSite\",\"@id\":\"http:\/\/52.77.24.187\/#website\",\"url\":\"http:\/\/52.77.24.187\/\",\"name\":\"The Bottle Shop\",\"description\":\"All beers are not created equal\",\"publisher\":{\"@id\":\"http:\/\/52.77.24.187\/#organization\"},\"potentialAction\":[{\"@type\":\"SearchAction\",\"target\":{\"@type\":\"EntryPoint\",\"urlTemplate\":\"http:\/\/52.77.24.187\/?s={search_term_string}\"},\"query-input\":{\"@type\":\"PropertyValueSpecification\",\"valueRequired\":true,\"valueName\":\"search_term_string\"}}],\"inLanguage\":\"vi-VN\"},{\"@type\":\"Organization\",\"@id\":\"http:\/\/52.77.24.187\/#organization\",\"name\":\"The Bottle Shop\",\"url\":\"http:\/\/52.77.24.187\/\",\"logo\":{\"@type\":\"ImageObject\",\"inLanguage\":\"vi-VN\",\"@id\":\"http:\/\/52.77.24.187\/#\/schema\/logo\/image\/\",\"url\":\"https:\/\/mlsrfcxkkbzg.i.optimole.com\/cb:JbP2.215d7\/w:auto\/h:auto\/q:mauto\/ig:avif\/https:\/\/thebottleshop.vn\/wp-content\/uploads\/2022\/10\/The-Bottle-Shop-Online-Logo.png\",\"contentUrl\":\"https:\/\/mlsrfcxkkbzg.i.optimole.com\/cb:JbP2.215d7\/w:auto\/h:auto\/q:mauto\/ig:avif\/https:\/\/thebottleshop.vn\/wp-content\/uploads\/2022\/10\/The-Bottle-Shop-Online-Logo.png\",\"width\":145,\"height\":147,\"caption\":\"The Bottle Shop\"},\"image\":{\"@id\":\"http:\/\/52.77.24.187\/#\/schema\/logo\/image\/\"},\"sameAs\":[\"https:\/\/www.facebook.com\/thebottleshopvietnam\",\"https:\/\/www.instagram.com\/thebottleshop_vietnam\/\"]}]}<\/script>\n<!-- \/ Yoast SEO plugin. -->","yoast_head_json":{"title":"D\u00ea Hot Sauce Pho Real Death Sauce - The Bottle Shop","description":"Pho Real Death Sauce l\u00e0 phi\u00ean b\u1ea3n t\u01b0\u01a1ng \u1edbt si\u00eau cay \u0111\u1eb7c bi\u1ec7t c\u1ee7a D\u00ca Hot Sauce, l\u1ea5y c\u1ea3m h\u1ee9ng t\u1eeb t\u01b0\u01a1ng \u1edbt l\u00ean men truy\u1ec1n th\u1ed1ng \u0103n c\u00f9ng Ph\u1edf c\u1ee7a ng\u01b0\u1eddi Vi\u1ec7t.","robots":{"index":"index","follow":"follow","max-snippet":"max-snippet:-1","max-image-preview":"max-image-preview:large","max-video-preview":"max-video-preview:-1"},"canonical":"http:\/\/52.77.24.187\/vi\/san-pham\/de-hot-sauce-pho-real-death-sauce\/","og_locale":"vi_VN","og_type":"article","og_title":"D\u00ea Hot Sauce Pho Real Death Sauce - The Bottle Shop","og_description":"Pho Real Death Sauce l\u00e0 phi\u00ean b\u1ea3n t\u01b0\u01a1ng \u1edbt si\u00eau cay \u0111\u1eb7c bi\u1ec7t c\u1ee7a D\u00ca Hot Sauce, l\u1ea5y c\u1ea3m h\u1ee9ng t\u1eeb t\u01b0\u01a1ng \u1edbt l\u00ean men truy\u1ec1n th\u1ed1ng \u0103n c\u00f9ng Ph\u1edf c\u1ee7a ng\u01b0\u1eddi Vi\u1ec7t.","og_url":"http:\/\/52.77.24.187\/vi\/san-pham\/de-hot-sauce-pho-real-death-sauce\/","og_site_name":"The Bottle Shop","article_publisher":"https:\/\/www.facebook.com\/thebottleshopvietnam","og_image":[{"width":1080,"height":1080,"url":"https:\/\/mlsrfcxkkbzg.i.optimole.com\/cb:JbP2.215d7\/w:auto\/h:auto\/q:mauto\/ig:avif\/http:\/\/52.77.24.187\/wp-content\/uploads\/2025\/06\/De-Hot-Sauce-Pho-Real.png","type":"image\/png"}],"twitter_card":"summary_large_image","twitter_misc":{"Est. reading time":"1 minute"},"schema":{"@context":"https:\/\/schema.org","@graph":[{"@type":"WebPage","@id":"http:\/\/52.77.24.187\/vi\/san-pham\/de-hot-sauce-pho-real-death-sauce\/","url":"http:\/\/52.77.24.187\/vi\/san-pham\/de-hot-sauce-pho-real-death-sauce\/","name":"D\u00ea Hot Sauce Pho Real Death Sauce - The Bottle Shop","isPartOf":{"@id":"http:\/\/52.77.24.187\/#website"},"primaryImageOfPage":{"@id":"http:\/\/52.77.24.187\/vi\/san-pham\/de-hot-sauce-pho-real-death-sauce\/#primaryimage"},"image":{"@id":"http:\/\/52.77.24.187\/vi\/san-pham\/de-hot-sauce-pho-real-death-sauce\/#primaryimage"},"thumbnailUrl":"https:\/\/mlsrfcxkkbzg.i.optimole.com\/cb:JbP2.215d7\/w:auto\/h:auto\/q:mauto\/ig:avif\/https:\/\/thebottleshop.vn\/wp-content\/uploads\/2025\/06\/De-Hot-Sauce-Pho-Real.png","datePublished":"2025-06-29T08:41:29+00:00","description":"Pho Real Death Sauce l\u00e0 phi\u00ean b\u1ea3n t\u01b0\u01a1ng \u1edbt si\u00eau cay \u0111\u1eb7c bi\u1ec7t c\u1ee7a D\u00ca Hot Sauce, l\u1ea5y c\u1ea3m h\u1ee9ng t\u1eeb t\u01b0\u01a1ng \u1edbt l\u00ean men truy\u1ec1n th\u1ed1ng \u0103n c\u00f9ng Ph\u1edf c\u1ee7a ng\u01b0\u1eddi Vi\u1ec7t.","breadcrumb":{"@id":"http:\/\/52.77.24.187\/vi\/san-pham\/de-hot-sauce-pho-real-death-sauce\/#breadcrumb"},"inLanguage":"vi-VN","potentialAction":[{"@type":"ReadAction","target":["http:\/\/52.77.24.187\/vi\/san-pham\/de-hot-sauce-pho-real-death-sauce\/"]}]},{"@type":"ImageObject","inLanguage":"vi-VN","@id":"http:\/\/52.77.24.187\/vi\/san-pham\/de-hot-sauce-pho-real-death-sauce\/#primaryimage","url":"https:\/\/mlsrfcxkkbzg.i.optimole.com\/cb:JbP2.215d7\/w:auto\/h:auto\/q:mauto\/ig:avif\/https:\/\/thebottleshop.vn\/wp-content\/uploads\/2025\/06\/De-Hot-Sauce-Pho-Real.png","contentUrl":"https:\/\/mlsrfcxkkbzg.i.optimole.com\/cb:JbP2.215d7\/w:auto\/h:auto\/q:mauto\/ig:avif\/https:\/\/thebottleshop.vn\/wp-content\/uploads\/2025\/06\/De-Hot-Sauce-Pho-Real.png","width":1080,"height":1080,"caption":"D\u00ea Hot Sauce Pho Real"},{"@type":"BreadcrumbList","@id":"http:\/\/52.77.24.187\/vi\/san-pham\/de-hot-sauce-pho-real-death-sauce\/#breadcrumb","itemListElement":[{"@type":"ListItem","position":1,"name":"Home","item":"http:\/\/52.77.24.187\/vi\/test-popup-vi\/"},{"@type":"ListItem","position":2,"name":"C\u1eeda h\u00e0ng","item":"http:\/\/52.77.24.187\/vi\/cua-hang\/"},{"@type":"ListItem","position":3,"name":"D\u00ea Hot Sauce Pho Real Death Sauce"}]},{"@type":"WebSite","@id":"http:\/\/52.77.24.187\/#website","url":"http:\/\/52.77.24.187\/","name":"The Bottle Shop","description":"All beers are not created equal","publisher":{"@id":"http:\/\/52.77.24.187\/#organization"},"potentialAction":[{"@type":"SearchAction","target":{"@type":"EntryPoint","urlTemplate":"http:\/\/52.77.24.187\/?s={search_term_string}"},"query-input":{"@type":"PropertyValueSpecification","valueRequired":true,"valueName":"search_term_string"}}],"inLanguage":"vi-VN"},{"@type":"Organization","@id":"http:\/\/52.77.24.187\/#organization","name":"The Bottle Shop","url":"http:\/\/52.77.24.187\/","logo":{"@type":"ImageObject","inLanguage":"vi-VN","@id":"http:\/\/52.77.24.187\/#\/schema\/logo\/image\/","url":"https:\/\/mlsrfcxkkbzg.i.optimole.com\/cb:JbP2.215d7\/w:auto\/h:auto\/q:mauto\/ig:avif\/https:\/\/thebottleshop.vn\/wp-content\/uploads\/2022\/10\/The-Bottle-Shop-Online-Logo.png","contentUrl":"https:\/\/mlsrfcxkkbzg.i.optimole.com\/cb:JbP2.215d7\/w:auto\/h:auto\/q:mauto\/ig:avif\/https:\/\/thebottleshop.vn\/wp-content\/uploads\/2022\/10\/The-Bottle-Shop-Online-Logo.png","width":145,"height":147,"caption":"The Bottle Shop"},"image":{"@id":"http:\/\/52.77.24.187\/#\/schema\/logo\/image\/"},"sameAs":["https:\/\/www.facebook.com\/thebottleshopvietnam","https:\/\/www.instagram.com\/thebottleshop_vietnam\/"]}]}},"_links":{"self":[{"href":"https:\/\/thebottleshop.vn\/vi\/wp-json\/wp\/v2\/product\/21700","targetHints":{"allow":["GET"]}}],"collection":[{"href":"https:\/\/thebottleshop.vn\/vi\/wp-json\/wp\/v2\/product"}],"about":[{"href":"https:\/\/thebottleshop.vn\/vi\/wp-json\/wp\/v2\/types\/product"}],"replies":[{"embeddable":true,"href":"https:\/\/thebottleshop.vn\/vi\/wp-json\/wp\/v2\/comments?post=21700"}],"wp:featuredmedia":[{"embeddable":true,"href":"https:\/\/thebottleshop.vn\/vi\/wp-json\/wp\/v2\/media\/21681"}],"wp:attachment":[{"href":"https:\/\/thebottleshop.vn\/vi\/wp-json\/wp\/v2\/media?parent=21700"}],"wp:term":[{"taxonomy":"product_brand","embeddable":true,"href":"https:\/\/thebottleshop.vn\/vi\/wp-json\/wp\/v2\/product_brand?post=21700"},{"taxonomy":"product_cat","embeddable":true,"href":"https:\/\/thebottleshop.vn\/vi\/wp-json\/wp\/v2\/product_cat?post=21700"},{"taxonomy":"product_tag","embeddable":true,"href":"https:\/\/thebottleshop.vn\/vi\/wp-json\/wp\/v2\/product_tag?post=21700"}],"curies":[{"name":"wp","href":"https:\/\/api.w.org\/{rel}","templated":true}]}}