{"id":21721,"date":"2025-06-30T22:02:59","date_gmt":"2025-06-30T15:20:10","guid":{"rendered":"https:\/\/thebottleshop.vn\/product\/ve-de-di-new-make-single-malt\/"},"modified":"2025-06-30T22:20:10","modified_gmt":"2025-06-30T15:20:10","slug":"ve-de-di-new-make-single-malt","status":"publish","type":"product","link":"https:\/\/thebottleshop.vn\/vi\/san-pham\/ve-de-di-new-make-single-malt\/","title":{"rendered":"V\u1ec1 \u0110\u1ec3 \u0110i New Make Single Malt"},"content":{"rendered":"<p>V\u1ec1 \u0110\u1ec3 \u0110i New Make Single Malt.<\/p>\n<p>New Make n\u00f3i ng\u1eafn g\u1ecdn l\u00e0 \u201cch\u01b0a ph\u1ea3i whisky\u201d; l\u00e0 lo\u1ea1i r\u01b0\u1ee3u th\u00f4, ch\u01b0a pha lo\u00e3ng m\u00e0 m\u1ed9t ng\u00e0y n\u00e0o \u0111\u00f3 s\u1ebd tr\u1edf th\u00e0nh whisky. New Make n\u00e0y s\u1ebd \u0111\u01b0\u1ee3c \u1ee7\/tr\u01b0\u1edfng th\u00e0nh trong th\u00f9ng g\u1ed7 s\u1ed3i v\u00e0 sau \u0111\u00f3 s\u1ebd \u0111\u01b0\u1ee3c ch\u00e0o \u0111\u00f3n nh\u01b0 r\u01b0\u1ee3u whisky, \u0111\u1eb7c bi\u1ec7t l\u00e0 lo\u1ea1i r\u01b0\u1ee3u Whisky V\u1ec1 \u0110\u1ec3 \u0110i r\u1ea5t \u0111\u01b0\u1ee3c mong \u0111\u1ee3i s\u1ebd ra m\u1eaft v\u00e0o T\u1ebft 2027. <\/p>\n<p>\u0110\u00e2y l\u00e0 m\u1ed9t s\u1ea3n ph\u1ea9m ch\u01b0a \u1ee7, s\u1ea3n xu\u1ea5t theo l\u00f4 nh\u1ecf, s\u1eed d\u1ee5ng malt pale ale. Th\u1ef1c ch\u1ea5t \u0111\u00e2y l\u00e0 m\u1ed9t lo\u1ea1i single malt whisky, nh\u01b0ng ch\u01b0a \u0111\u01b0\u1ee3c \u1ee7, v\u00e0 do \u0111\u00f3 theo nhi\u1ec1u \u0111\u1ecbnh ngh\u0129a&#8230; ch\u01b0a ph\u1ea3i whisky! N\u00f3 \u0111\u00e3 \u0111\u01b0\u1ee3c \u0111\u00f3n nh\u1eadn r\u1ea5t t\u1ed1t k\u1ec3 t\u1eeb khi ra m\u1eaft v\u00e0 t\u1ef1 h\u00e0o gi\u00e0nh gi\u1ea3i \u201cNew Make T\u1ed1t Nh\u1ea5t Th\u1ebf Gi\u1edbi\u201d t\u1ea1i Gi\u1ea3i th\u01b0\u1edfng Whiskies Th\u1ebf gi\u1edbi 2025.  <\/p>\n<p>Phi\u00ean b\u1ea3n gi\u1edbi h\u1ea1n n\u00ean h\u00e3y nhanh tay s\u1edf h\u1eefu khi c\u00f2n c\u00f3 th\u1ec3! 700ml. 55% ABV.<\/p>\n<p>\u2014\u2013<br \/>\nXem th\u01b0 vi\u1ec7n h\u00ecnh \u1ea3nh \u0111\u1ec3 bi\u1ebft th\u00eam th\u00f4ng tin chi ti\u1ebft v\u1ec1 ngu\u1ed3n g\u1ed1c, th\u00e0nh ph\u1ea7n v\u00e0 h\u01b0\u1edbng d\u1eabn s\u1eed d\u1ee5ng c\u1ee7a s\u1ea3n ph\u1ea9m.<\/p>\n","protected":false},"excerpt":{"rendered":"<p><strong>700ml :: 55%<\/strong><\/p>\n","protected":false},"featured_media":21718,"comment_status":"open","ping_status":"closed","template":"","meta":{"_acf_changed":false},"product_brand":[],"product_cat":[390,338,388,376,345,339,424,341,492,352,364,371,608],"product_tag":[],"class_list":{"0":"post-21721","1":"product","2":"type-product","3":"status-publish","4":"has-post-thumbnail","6":"product_cat-vietnam-hanoi","7":"product_cat-ruou-va-ruou-vang","8":"product_cat-25-vi","9":"product_cat-1m","10":"product_cat-abv-vi","11":"product_cat-xuat-xu","12":"product_cat-chai-700-ml","13":"product_cat-dong-goi","14":"product_cat-whiskey","15":"product_cat-gia","16":"product_cat-dong-ruou","17":"product_cat-nha-san-xuat-ruou","18":"product_cat-ve-de-di-vi","20":"first","21":"instock","22":"shipping-taxable","23":"purchasable","24":"product-type-simple","25":"add-to-wishlist-before_image"},"acf":[],"yoast_head":"<!-- This site is optimized with the Yoast SEO plugin v27.2 - https:\/\/yoast.com\/product\/yoast-seo-wordpress\/ -->\n<title>V\u1ec1 \u0110\u1ec3 \u0110i New Make Single Malt - The Bottle Shop<\/title>\n<meta name=\"description\" content=\"V\u1ec1 \u0110\u1ec3 \u0110i New Make Single Malt. New Make n\u00f3i ng\u1eafn g\u1ecdn l\u00e0 \u201cch\u01b0a ph\u1ea3i whisky\u201d; l\u00e0 lo\u1ea1i r\u01b0\u1ee3u th\u00f4, ch\u01b0a pha lo\u00e3ng m\u00e0 m\u1ed9t ng\u00e0y n\u00e0o \u0111\u00f3 s\u1ebd tr\u1edf th\u00e0nh whisky.\" \/>\n<meta name=\"robots\" content=\"index, follow, max-snippet:-1, max-image-preview:large, max-video-preview:-1\" \/>\n<link rel=\"canonical\" href=\"http:\/\/52.77.24.187\/vi\/san-pham\/ve-de-di-new-make-single-malt\/\" \/>\n<meta property=\"og:locale\" content=\"vi_VN\" \/>\n<meta property=\"og:type\" content=\"article\" \/>\n<meta property=\"og:title\" content=\"V\u1ec1 \u0110\u1ec3 \u0110i New Make Single Malt - The Bottle Shop\" \/>\n<meta property=\"og:description\" content=\"V\u1ec1 \u0110\u1ec3 \u0110i New Make Single Malt. New Make n\u00f3i ng\u1eafn g\u1ecdn l\u00e0 \u201cch\u01b0a ph\u1ea3i whisky\u201d; l\u00e0 lo\u1ea1i r\u01b0\u1ee3u th\u00f4, ch\u01b0a pha lo\u00e3ng m\u00e0 m\u1ed9t ng\u00e0y n\u00e0o \u0111\u00f3 s\u1ebd tr\u1edf th\u00e0nh whisky.\" \/>\n<meta property=\"og:url\" content=\"http:\/\/52.77.24.187\/vi\/san-pham\/ve-de-di-new-make-single-malt\/\" \/>\n<meta property=\"og:site_name\" content=\"The Bottle Shop\" \/>\n<meta property=\"article:publisher\" content=\"https:\/\/www.facebook.com\/thebottleshopvietnam\" \/>\n<meta property=\"og:image\" content=\"https:\/\/mlsrfcxkkbzg.i.optimole.com\/cb:JbP2.215d7\/w:auto\/h:auto\/q:mauto\/ig:avif\/http:\/\/52.77.24.187\/wp-content\/uploads\/2025\/06\/Ve-De-Di-New-Make-Single-Malt.png\" \/>\n\t<meta property=\"og:image:width\" content=\"1080\" \/>\n\t<meta property=\"og:image:height\" content=\"1080\" \/>\n\t<meta property=\"og:image:type\" content=\"image\/png\" \/>\n<meta name=\"twitter:card\" content=\"summary_large_image\" \/>\n<meta name=\"twitter:label1\" content=\"Est. reading time\" \/>\n\t<meta name=\"twitter:data1\" content=\"1 minute\" \/>\n<script type=\"application\/ld+json\" class=\"yoast-schema-graph\">{\"@context\":\"https:\/\/schema.org\",\"@graph\":[{\"@type\":\"WebPage\",\"@id\":\"http:\/\/52.77.24.187\/vi\/san-pham\/ve-de-di-new-make-single-malt\/\",\"url\":\"http:\/\/52.77.24.187\/vi\/san-pham\/ve-de-di-new-make-single-malt\/\",\"name\":\"V\u1ec1 \u0110\u1ec3 \u0110i New Make Single Malt - The Bottle Shop\",\"isPartOf\":{\"@id\":\"http:\/\/52.77.24.187\/#website\"},\"primaryImageOfPage\":{\"@id\":\"http:\/\/52.77.24.187\/vi\/san-pham\/ve-de-di-new-make-single-malt\/#primaryimage\"},\"image\":{\"@id\":\"http:\/\/52.77.24.187\/vi\/san-pham\/ve-de-di-new-make-single-malt\/#primaryimage\"},\"thumbnailUrl\":\"https:\/\/mlsrfcxkkbzg.i.optimole.com\/cb:JbP2.215d7\/w:auto\/h:auto\/q:mauto\/ig:avif\/https:\/\/thebottleshop.vn\/wp-content\/uploads\/2025\/06\/Ve-De-Di-New-Make-Single-Malt.png\",\"datePublished\":\"2025-06-30T15:20:10+00:00\",\"description\":\"V\u1ec1 \u0110\u1ec3 \u0110i New Make Single Malt. New Make n\u00f3i ng\u1eafn g\u1ecdn l\u00e0 \u201cch\u01b0a ph\u1ea3i whisky\u201d; l\u00e0 lo\u1ea1i r\u01b0\u1ee3u th\u00f4, ch\u01b0a pha lo\u00e3ng m\u00e0 m\u1ed9t ng\u00e0y n\u00e0o \u0111\u00f3 s\u1ebd tr\u1edf th\u00e0nh whisky.\",\"breadcrumb\":{\"@id\":\"http:\/\/52.77.24.187\/vi\/san-pham\/ve-de-di-new-make-single-malt\/#breadcrumb\"},\"inLanguage\":\"vi-VN\",\"potentialAction\":[{\"@type\":\"ReadAction\",\"target\":[\"http:\/\/52.77.24.187\/vi\/san-pham\/ve-de-di-new-make-single-malt\/\"]}]},{\"@type\":\"ImageObject\",\"inLanguage\":\"vi-VN\",\"@id\":\"http:\/\/52.77.24.187\/vi\/san-pham\/ve-de-di-new-make-single-malt\/#primaryimage\",\"url\":\"https:\/\/mlsrfcxkkbzg.i.optimole.com\/cb:JbP2.215d7\/w:auto\/h:auto\/q:mauto\/ig:avif\/https:\/\/thebottleshop.vn\/wp-content\/uploads\/2025\/06\/Ve-De-Di-New-Make-Single-Malt.png\",\"contentUrl\":\"https:\/\/mlsrfcxkkbzg.i.optimole.com\/cb:JbP2.215d7\/w:auto\/h:auto\/q:mauto\/ig:avif\/https:\/\/thebottleshop.vn\/wp-content\/uploads\/2025\/06\/Ve-De-Di-New-Make-Single-Malt.png\",\"width\":1080,\"height\":1080,\"caption\":\"V\u1ec1 \u0110\u1ec3 \u0110i New Make Single Malt\"},{\"@type\":\"BreadcrumbList\",\"@id\":\"http:\/\/52.77.24.187\/vi\/san-pham\/ve-de-di-new-make-single-malt\/#breadcrumb\",\"itemListElement\":[{\"@type\":\"ListItem\",\"position\":1,\"name\":\"Home\",\"item\":\"http:\/\/52.77.24.187\/vi\/test-popup-vi\/\"},{\"@type\":\"ListItem\",\"position\":2,\"name\":\"C\u1eeda h\u00e0ng\",\"item\":\"http:\/\/52.77.24.187\/vi\/cua-hang\/\"},{\"@type\":\"ListItem\",\"position\":3,\"name\":\"V\u1ec1 \u0110\u1ec3 \u0110i New Make Single Malt\"}]},{\"@type\":\"WebSite\",\"@id\":\"http:\/\/52.77.24.187\/#website\",\"url\":\"http:\/\/52.77.24.187\/\",\"name\":\"The Bottle Shop\",\"description\":\"All beers are not created equal\",\"publisher\":{\"@id\":\"http:\/\/52.77.24.187\/#organization\"},\"potentialAction\":[{\"@type\":\"SearchAction\",\"target\":{\"@type\":\"EntryPoint\",\"urlTemplate\":\"http:\/\/52.77.24.187\/?s={search_term_string}\"},\"query-input\":{\"@type\":\"PropertyValueSpecification\",\"valueRequired\":true,\"valueName\":\"search_term_string\"}}],\"inLanguage\":\"vi-VN\"},{\"@type\":\"Organization\",\"@id\":\"http:\/\/52.77.24.187\/#organization\",\"name\":\"The Bottle Shop\",\"url\":\"http:\/\/52.77.24.187\/\",\"logo\":{\"@type\":\"ImageObject\",\"inLanguage\":\"vi-VN\",\"@id\":\"http:\/\/52.77.24.187\/#\/schema\/logo\/image\/\",\"url\":\"https:\/\/mlsrfcxkkbzg.i.optimole.com\/cb:JbP2.215d7\/w:auto\/h:auto\/q:mauto\/ig:avif\/https:\/\/thebottleshop.vn\/wp-content\/uploads\/2022\/10\/The-Bottle-Shop-Online-Logo.png\",\"contentUrl\":\"https:\/\/mlsrfcxkkbzg.i.optimole.com\/cb:JbP2.215d7\/w:auto\/h:auto\/q:mauto\/ig:avif\/https:\/\/thebottleshop.vn\/wp-content\/uploads\/2022\/10\/The-Bottle-Shop-Online-Logo.png\",\"width\":145,\"height\":147,\"caption\":\"The Bottle Shop\"},\"image\":{\"@id\":\"http:\/\/52.77.24.187\/#\/schema\/logo\/image\/\"},\"sameAs\":[\"https:\/\/www.facebook.com\/thebottleshopvietnam\",\"https:\/\/www.instagram.com\/thebottleshop_vietnam\/\"]}]}<\/script>\n<!-- \/ Yoast SEO plugin. -->","yoast_head_json":{"title":"V\u1ec1 \u0110\u1ec3 \u0110i New Make Single Malt - The Bottle Shop","description":"V\u1ec1 \u0110\u1ec3 \u0110i New Make Single Malt. New Make n\u00f3i ng\u1eafn g\u1ecdn l\u00e0 \u201cch\u01b0a ph\u1ea3i whisky\u201d; l\u00e0 lo\u1ea1i r\u01b0\u1ee3u th\u00f4, ch\u01b0a pha lo\u00e3ng m\u00e0 m\u1ed9t ng\u00e0y n\u00e0o \u0111\u00f3 s\u1ebd tr\u1edf th\u00e0nh whisky.","robots":{"index":"index","follow":"follow","max-snippet":"max-snippet:-1","max-image-preview":"max-image-preview:large","max-video-preview":"max-video-preview:-1"},"canonical":"http:\/\/52.77.24.187\/vi\/san-pham\/ve-de-di-new-make-single-malt\/","og_locale":"vi_VN","og_type":"article","og_title":"V\u1ec1 \u0110\u1ec3 \u0110i New Make Single Malt - The Bottle Shop","og_description":"V\u1ec1 \u0110\u1ec3 \u0110i New Make Single Malt. New Make n\u00f3i ng\u1eafn g\u1ecdn l\u00e0 \u201cch\u01b0a ph\u1ea3i whisky\u201d; l\u00e0 lo\u1ea1i r\u01b0\u1ee3u th\u00f4, ch\u01b0a pha lo\u00e3ng m\u00e0 m\u1ed9t ng\u00e0y n\u00e0o \u0111\u00f3 s\u1ebd tr\u1edf th\u00e0nh whisky.","og_url":"http:\/\/52.77.24.187\/vi\/san-pham\/ve-de-di-new-make-single-malt\/","og_site_name":"The Bottle Shop","article_publisher":"https:\/\/www.facebook.com\/thebottleshopvietnam","og_image":[{"width":1080,"height":1080,"url":"https:\/\/mlsrfcxkkbzg.i.optimole.com\/cb:JbP2.215d7\/w:auto\/h:auto\/q:mauto\/ig:avif\/http:\/\/52.77.24.187\/wp-content\/uploads\/2025\/06\/Ve-De-Di-New-Make-Single-Malt.png","type":"image\/png"}],"twitter_card":"summary_large_image","twitter_misc":{"Est. reading time":"1 minute"},"schema":{"@context":"https:\/\/schema.org","@graph":[{"@type":"WebPage","@id":"http:\/\/52.77.24.187\/vi\/san-pham\/ve-de-di-new-make-single-malt\/","url":"http:\/\/52.77.24.187\/vi\/san-pham\/ve-de-di-new-make-single-malt\/","name":"V\u1ec1 \u0110\u1ec3 \u0110i New Make Single Malt - The Bottle Shop","isPartOf":{"@id":"http:\/\/52.77.24.187\/#website"},"primaryImageOfPage":{"@id":"http:\/\/52.77.24.187\/vi\/san-pham\/ve-de-di-new-make-single-malt\/#primaryimage"},"image":{"@id":"http:\/\/52.77.24.187\/vi\/san-pham\/ve-de-di-new-make-single-malt\/#primaryimage"},"thumbnailUrl":"https:\/\/mlsrfcxkkbzg.i.optimole.com\/cb:JbP2.215d7\/w:auto\/h:auto\/q:mauto\/ig:avif\/https:\/\/thebottleshop.vn\/wp-content\/uploads\/2025\/06\/Ve-De-Di-New-Make-Single-Malt.png","datePublished":"2025-06-30T15:20:10+00:00","description":"V\u1ec1 \u0110\u1ec3 \u0110i New Make Single Malt. New Make n\u00f3i ng\u1eafn g\u1ecdn l\u00e0 \u201cch\u01b0a ph\u1ea3i whisky\u201d; l\u00e0 lo\u1ea1i r\u01b0\u1ee3u th\u00f4, ch\u01b0a pha lo\u00e3ng m\u00e0 m\u1ed9t ng\u00e0y n\u00e0o \u0111\u00f3 s\u1ebd tr\u1edf th\u00e0nh whisky.","breadcrumb":{"@id":"http:\/\/52.77.24.187\/vi\/san-pham\/ve-de-di-new-make-single-malt\/#breadcrumb"},"inLanguage":"vi-VN","potentialAction":[{"@type":"ReadAction","target":["http:\/\/52.77.24.187\/vi\/san-pham\/ve-de-di-new-make-single-malt\/"]}]},{"@type":"ImageObject","inLanguage":"vi-VN","@id":"http:\/\/52.77.24.187\/vi\/san-pham\/ve-de-di-new-make-single-malt\/#primaryimage","url":"https:\/\/mlsrfcxkkbzg.i.optimole.com\/cb:JbP2.215d7\/w:auto\/h:auto\/q:mauto\/ig:avif\/https:\/\/thebottleshop.vn\/wp-content\/uploads\/2025\/06\/Ve-De-Di-New-Make-Single-Malt.png","contentUrl":"https:\/\/mlsrfcxkkbzg.i.optimole.com\/cb:JbP2.215d7\/w:auto\/h:auto\/q:mauto\/ig:avif\/https:\/\/thebottleshop.vn\/wp-content\/uploads\/2025\/06\/Ve-De-Di-New-Make-Single-Malt.png","width":1080,"height":1080,"caption":"V\u1ec1 \u0110\u1ec3 \u0110i New Make Single Malt"},{"@type":"BreadcrumbList","@id":"http:\/\/52.77.24.187\/vi\/san-pham\/ve-de-di-new-make-single-malt\/#breadcrumb","itemListElement":[{"@type":"ListItem","position":1,"name":"Home","item":"http:\/\/52.77.24.187\/vi\/test-popup-vi\/"},{"@type":"ListItem","position":2,"name":"C\u1eeda h\u00e0ng","item":"http:\/\/52.77.24.187\/vi\/cua-hang\/"},{"@type":"ListItem","position":3,"name":"V\u1ec1 \u0110\u1ec3 \u0110i New Make Single Malt"}]},{"@type":"WebSite","@id":"http:\/\/52.77.24.187\/#website","url":"http:\/\/52.77.24.187\/","name":"The Bottle Shop","description":"All beers are not created equal","publisher":{"@id":"http:\/\/52.77.24.187\/#organization"},"potentialAction":[{"@type":"SearchAction","target":{"@type":"EntryPoint","urlTemplate":"http:\/\/52.77.24.187\/?s={search_term_string}"},"query-input":{"@type":"PropertyValueSpecification","valueRequired":true,"valueName":"search_term_string"}}],"inLanguage":"vi-VN"},{"@type":"Organization","@id":"http:\/\/52.77.24.187\/#organization","name":"The Bottle Shop","url":"http:\/\/52.77.24.187\/","logo":{"@type":"ImageObject","inLanguage":"vi-VN","@id":"http:\/\/52.77.24.187\/#\/schema\/logo\/image\/","url":"https:\/\/mlsrfcxkkbzg.i.optimole.com\/cb:JbP2.215d7\/w:auto\/h:auto\/q:mauto\/ig:avif\/https:\/\/thebottleshop.vn\/wp-content\/uploads\/2022\/10\/The-Bottle-Shop-Online-Logo.png","contentUrl":"https:\/\/mlsrfcxkkbzg.i.optimole.com\/cb:JbP2.215d7\/w:auto\/h:auto\/q:mauto\/ig:avif\/https:\/\/thebottleshop.vn\/wp-content\/uploads\/2022\/10\/The-Bottle-Shop-Online-Logo.png","width":145,"height":147,"caption":"The Bottle Shop"},"image":{"@id":"http:\/\/52.77.24.187\/#\/schema\/logo\/image\/"},"sameAs":["https:\/\/www.facebook.com\/thebottleshopvietnam","https:\/\/www.instagram.com\/thebottleshop_vietnam\/"]}]}},"_links":{"self":[{"href":"https:\/\/thebottleshop.vn\/vi\/wp-json\/wp\/v2\/product\/21721","targetHints":{"allow":["GET"]}}],"collection":[{"href":"https:\/\/thebottleshop.vn\/vi\/wp-json\/wp\/v2\/product"}],"about":[{"href":"https:\/\/thebottleshop.vn\/vi\/wp-json\/wp\/v2\/types\/product"}],"replies":[{"embeddable":true,"href":"https:\/\/thebottleshop.vn\/vi\/wp-json\/wp\/v2\/comments?post=21721"}],"wp:featuredmedia":[{"embeddable":true,"href":"https:\/\/thebottleshop.vn\/vi\/wp-json\/wp\/v2\/media\/21718"}],"wp:attachment":[{"href":"https:\/\/thebottleshop.vn\/vi\/wp-json\/wp\/v2\/media?parent=21721"}],"wp:term":[{"taxonomy":"product_brand","embeddable":true,"href":"https:\/\/thebottleshop.vn\/vi\/wp-json\/wp\/v2\/product_brand?post=21721"},{"taxonomy":"product_cat","embeddable":true,"href":"https:\/\/thebottleshop.vn\/vi\/wp-json\/wp\/v2\/product_cat?post=21721"},{"taxonomy":"product_tag","embeddable":true,"href":"https:\/\/thebottleshop.vn\/vi\/wp-json\/wp\/v2\/product_tag?post=21721"}],"curies":[{"name":"wp","href":"https:\/\/api.w.org\/{rel}","templated":true}]}}