{"id":21925,"date":"2025-08-07T10:17:51","date_gmt":"2025-08-07T03:17:51","guid":{"rendered":"https:\/\/thebottleshop.vn\/product\/overmorrow-ngay-maibock\/"},"modified":"2025-08-07T10:20:36","modified_gmt":"2025-08-07T03:20:36","slug":"overmorrow-ngay-maibock","status":"publish","type":"product","link":"https:\/\/thebottleshop.vn\/vi\/san-pham\/overmorrow-ngay-maibock\/","title":{"rendered":"Overmorrow Ng\u00e0y Maibock"},"content":{"rendered":"<p>Overmorrow Ng\u00e0y Maibock c\u00f3 m\u00e0u v\u00e0ng-\u0111\u1ed3ng \u00f3ng \u00e1nh, tr\u00f4ng kh\u00e1 m\u1ed9c m\u1ea1c, nh\u01b0ng \u0111\u1eebng \u0111\u1ec3 v\u1ebb ngo\u00e0i \u0111\u00f3 \u0111\u00e1nh l\u1eeba b\u1ea1n. V\u1edbi \u0111\u1ed9 c\u1ed3n 7.1%, \u0111\u00e2y l\u00e0 m\u1ed9t lo\u1ea1i Maibock m\u1ea1nh m\u1ebd v\u00e0 \u0111\u1eadm \u0111\u00e0, gi\u1ed1ng nh\u01b0 nh\u1eefng ly bia \u0111\u1ea7y \u0111\u01b0\u1ee3c th\u01b0\u1edfng th\u1ee9c t\u1ea1i c\u00e1c l\u1ec5 h\u1ed9i \u1edf kh\u1eafp Bavaria. Ch\u00fang t\u00f4i \u0111\u00e3 th\u00eam d\u1ea5u \u1ea5n ri\u00eang c\u1ee7a Overmorrow b\u1eb1ng c\u00e1ch hun kh\u00f3i m\u1ea1ch nha v\u1edbi v\u1ecf m\u00eda, g\u1ee3i nh\u1edb \u0111\u1ebfn h\u01b0\u01a1ng v\u1ecb c\u1ee7a m\u1ed9t b\u1eefa ti\u1ec7c l\u1ea1p s\u01b0\u1eddn tr\u00ean Cao B\u1eb1ng. \u1ea8n sau l\u1edbp kh\u00f3i ng\u1ecdt ng\u00e0o t\u1eeb m\u00eda l\u00e0 h\u01b0\u01a1ng th\u01a1m c\u1ee7a b\u00e1nh m\u00ec n\u01b0\u1edbng gi\u00f2n, s\u1ea1ch s\u1ebd v\u00e0 m\u00f9i c\u1ecf kh\u00f4 ng\u1ecdt d\u1ecbu. Nh\u1ea5p m\u1ed9t ng\u1ee5m, b\u1ea1n s\u1ebd c\u1ea3m nh\u1eadn \u0111\u01b0\u1ee3c l\u00e0n kh\u00f3i nh\u1eb9 nh\u00e0ng ph\u1ea3ng ph\u1ea5t qua n\u00fai r\u1eebng.    <\/p>\n<p>\u2014\u2013<br \/>\nXem th\u01b0 vi\u1ec7n h\u00ecnh \u1ea3nh \u0111\u1ec3 bi\u1ebft th\u00eam th\u00f4ng tin chi ti\u1ebft v\u1ec1 ngu\u1ed3n g\u1ed1c, th\u00e0nh ph\u1ea7n v\u00e0 h\u01b0\u1edbng d\u1eabn s\u1eed d\u1ee5ng c\u1ee7a s\u1ea3n ph\u1ea9m.<\/p>\n","protected":false},"excerpt":{"rendered":"<p><strong>M\u1ea1ch nha, C\u00e2n b\u1eb1ng, B\u1ed1c 7.1%<\/strong><\/p>\n","protected":false},"featured_media":21913,"comment_status":"open","ping_status":"closed","template":"","meta":{"_acf_changed":false},"product_brand":[],"product_cat":[390,337,379,348,354,342,351,366,345,377,339,341,352,356,471],"product_tag":[],"class_list":{"0":"post-21925","1":"product","2":"type-product","3":"status-publish","4":"has-post-thumbnail","6":"product_cat-vietnam-hanoi","7":"product_cat-bia-va-cider","8":"product_cat-20-39","9":"product_cat-6-7-9","10":"product_cat-75k-99k","11":"product_cat-chai-330-ml","12":"product_cat-dong-bia","13":"product_cat-nha-san-xuat","14":"product_cat-abv-vi","15":"product_cat-ibu","16":"product_cat-xuat-xu","17":"product_cat-dong-goi","18":"product_cat-gia","19":"product_cat-lager","20":"product_cat-overmorrow-brewing-co","22":"first","23":"instock","24":"shipping-taxable","25":"purchasable","26":"product-type-simple","27":"add-to-wishlist-before_image"},"acf":[],"yoast_head":"<!-- This site is optimized with the Yoast SEO plugin v27.2 - https:\/\/yoast.com\/product\/yoast-seo-wordpress\/ -->\n<title>Overmorrow Ng\u00e0y Maibock - The Bottle Shop<\/title>\n<meta name=\"description\" content=\"Overmorrow Ng\u00e0y Maibock c\u00f3 m\u00e0u v\u00e0ng-\u0111\u1ed3ng \u00f3ng \u00e1nh, tr\u00f4ng kh\u00e1 m\u1ed9c m\u1ea1c. V\u1edbi \u0111\u1ed9 c\u1ed3n 7.1%, \u0111\u00e2y l\u00e0 m\u1ed9t lo\u1ea1i Maibock m\u1ea1nh m\u1ebd v\u00e0 \u0111\u1eadm \u0111\u00e0.\" \/>\n<meta name=\"robots\" content=\"index, follow, max-snippet:-1, max-image-preview:large, max-video-preview:-1\" \/>\n<link rel=\"canonical\" href=\"http:\/\/52.77.24.187\/vi\/san-pham\/overmorrow-ngay-maibock\/\" \/>\n<meta property=\"og:locale\" content=\"vi_VN\" \/>\n<meta property=\"og:type\" content=\"article\" \/>\n<meta property=\"og:title\" content=\"Overmorrow Ng\u00e0y Maibock - The Bottle Shop\" \/>\n<meta property=\"og:description\" content=\"Overmorrow Ng\u00e0y Maibock c\u00f3 m\u00e0u v\u00e0ng-\u0111\u1ed3ng \u00f3ng \u00e1nh, tr\u00f4ng kh\u00e1 m\u1ed9c m\u1ea1c. V\u1edbi \u0111\u1ed9 c\u1ed3n 7.1%, \u0111\u00e2y l\u00e0 m\u1ed9t lo\u1ea1i Maibock m\u1ea1nh m\u1ebd v\u00e0 \u0111\u1eadm \u0111\u00e0.\" \/>\n<meta property=\"og:url\" content=\"http:\/\/52.77.24.187\/vi\/san-pham\/overmorrow-ngay-maibock\/\" \/>\n<meta property=\"og:site_name\" content=\"The Bottle Shop\" \/>\n<meta property=\"article:publisher\" content=\"https:\/\/www.facebook.com\/thebottleshopvietnam\" \/>\n<meta property=\"article:modified_time\" content=\"2025-08-07T03:20:36+00:00\" \/>\n<meta property=\"og:image\" content=\"https:\/\/mlsrfcxkkbzg.i.optimole.com\/cb:JbP2.215d7\/w:auto\/h:auto\/q:mauto\/ig:avif\/http:\/\/52.77.24.187\/wp-content\/uploads\/2025\/08\/Overmorrow-Ngay-Maibock.png\" \/>\n\t<meta property=\"og:image:width\" content=\"1080\" \/>\n\t<meta property=\"og:image:height\" content=\"1080\" \/>\n\t<meta property=\"og:image:type\" content=\"image\/png\" \/>\n<meta name=\"twitter:card\" content=\"summary_large_image\" \/>\n<meta name=\"twitter:label1\" content=\"Est. reading time\" \/>\n\t<meta name=\"twitter:data1\" content=\"1 minute\" \/>\n<script type=\"application\/ld+json\" class=\"yoast-schema-graph\">{\"@context\":\"https:\/\/schema.org\",\"@graph\":[{\"@type\":\"WebPage\",\"@id\":\"http:\/\/52.77.24.187\/vi\/san-pham\/overmorrow-ngay-maibock\/\",\"url\":\"http:\/\/52.77.24.187\/vi\/san-pham\/overmorrow-ngay-maibock\/\",\"name\":\"Overmorrow Ng\u00e0y Maibock - The Bottle Shop\",\"isPartOf\":{\"@id\":\"http:\/\/52.77.24.187\/#website\"},\"primaryImageOfPage\":{\"@id\":\"http:\/\/52.77.24.187\/vi\/san-pham\/overmorrow-ngay-maibock\/#primaryimage\"},\"image\":{\"@id\":\"http:\/\/52.77.24.187\/vi\/san-pham\/overmorrow-ngay-maibock\/#primaryimage\"},\"thumbnailUrl\":\"https:\/\/mlsrfcxkkbzg.i.optimole.com\/cb:JbP2.215d7\/w:auto\/h:auto\/q:mauto\/ig:avif\/https:\/\/thebottleshop.vn\/wp-content\/uploads\/2025\/08\/Overmorrow-Ngay-Maibock.png\",\"datePublished\":\"2025-08-07T03:17:51+00:00\",\"dateModified\":\"2025-08-07T03:20:36+00:00\",\"description\":\"Overmorrow Ng\u00e0y Maibock c\u00f3 m\u00e0u v\u00e0ng-\u0111\u1ed3ng \u00f3ng \u00e1nh, tr\u00f4ng kh\u00e1 m\u1ed9c m\u1ea1c. V\u1edbi \u0111\u1ed9 c\u1ed3n 7.1%, \u0111\u00e2y l\u00e0 m\u1ed9t lo\u1ea1i Maibock m\u1ea1nh m\u1ebd v\u00e0 \u0111\u1eadm \u0111\u00e0.\",\"breadcrumb\":{\"@id\":\"http:\/\/52.77.24.187\/vi\/san-pham\/overmorrow-ngay-maibock\/#breadcrumb\"},\"inLanguage\":\"vi-VN\",\"potentialAction\":[{\"@type\":\"ReadAction\",\"target\":[\"http:\/\/52.77.24.187\/vi\/san-pham\/overmorrow-ngay-maibock\/\"]}]},{\"@type\":\"ImageObject\",\"inLanguage\":\"vi-VN\",\"@id\":\"http:\/\/52.77.24.187\/vi\/san-pham\/overmorrow-ngay-maibock\/#primaryimage\",\"url\":\"https:\/\/mlsrfcxkkbzg.i.optimole.com\/cb:JbP2.215d7\/w:auto\/h:auto\/q:mauto\/ig:avif\/https:\/\/thebottleshop.vn\/wp-content\/uploads\/2025\/08\/Overmorrow-Ngay-Maibock.png\",\"contentUrl\":\"https:\/\/mlsrfcxkkbzg.i.optimole.com\/cb:JbP2.215d7\/w:auto\/h:auto\/q:mauto\/ig:avif\/https:\/\/thebottleshop.vn\/wp-content\/uploads\/2025\/08\/Overmorrow-Ngay-Maibock.png\",\"width\":1080,\"height\":1080,\"caption\":\"Overmorrow Ng\u00e0y Maibock\"},{\"@type\":\"BreadcrumbList\",\"@id\":\"http:\/\/52.77.24.187\/vi\/san-pham\/overmorrow-ngay-maibock\/#breadcrumb\",\"itemListElement\":[{\"@type\":\"ListItem\",\"position\":1,\"name\":\"Home\",\"item\":\"http:\/\/52.77.24.187\/vi\/test-popup-vi\/\"},{\"@type\":\"ListItem\",\"position\":2,\"name\":\"C\u1eeda h\u00e0ng\",\"item\":\"http:\/\/52.77.24.187\/vi\/cua-hang\/\"},{\"@type\":\"ListItem\",\"position\":3,\"name\":\"Overmorrow Ng\u00e0y Maibock\"}]},{\"@type\":\"WebSite\",\"@id\":\"http:\/\/52.77.24.187\/#website\",\"url\":\"http:\/\/52.77.24.187\/\",\"name\":\"The Bottle Shop\",\"description\":\"All beers are not created equal\",\"publisher\":{\"@id\":\"http:\/\/52.77.24.187\/#organization\"},\"potentialAction\":[{\"@type\":\"SearchAction\",\"target\":{\"@type\":\"EntryPoint\",\"urlTemplate\":\"http:\/\/52.77.24.187\/?s={search_term_string}\"},\"query-input\":{\"@type\":\"PropertyValueSpecification\",\"valueRequired\":true,\"valueName\":\"search_term_string\"}}],\"inLanguage\":\"vi-VN\"},{\"@type\":\"Organization\",\"@id\":\"http:\/\/52.77.24.187\/#organization\",\"name\":\"The Bottle Shop\",\"url\":\"http:\/\/52.77.24.187\/\",\"logo\":{\"@type\":\"ImageObject\",\"inLanguage\":\"vi-VN\",\"@id\":\"http:\/\/52.77.24.187\/#\/schema\/logo\/image\/\",\"url\":\"https:\/\/mlsrfcxkkbzg.i.optimole.com\/cb:JbP2.215d7\/w:auto\/h:auto\/q:mauto\/ig:avif\/https:\/\/thebottleshop.vn\/wp-content\/uploads\/2022\/10\/The-Bottle-Shop-Online-Logo.png\",\"contentUrl\":\"https:\/\/mlsrfcxkkbzg.i.optimole.com\/cb:JbP2.215d7\/w:auto\/h:auto\/q:mauto\/ig:avif\/https:\/\/thebottleshop.vn\/wp-content\/uploads\/2022\/10\/The-Bottle-Shop-Online-Logo.png\",\"width\":145,\"height\":147,\"caption\":\"The Bottle Shop\"},\"image\":{\"@id\":\"http:\/\/52.77.24.187\/#\/schema\/logo\/image\/\"},\"sameAs\":[\"https:\/\/www.facebook.com\/thebottleshopvietnam\",\"https:\/\/www.instagram.com\/thebottleshop_vietnam\/\"]}]}<\/script>\n<!-- \/ Yoast SEO plugin. -->","yoast_head_json":{"title":"Overmorrow Ng\u00e0y Maibock - The Bottle Shop","description":"Overmorrow Ng\u00e0y Maibock c\u00f3 m\u00e0u v\u00e0ng-\u0111\u1ed3ng \u00f3ng \u00e1nh, tr\u00f4ng kh\u00e1 m\u1ed9c m\u1ea1c. V\u1edbi \u0111\u1ed9 c\u1ed3n 7.1%, \u0111\u00e2y l\u00e0 m\u1ed9t lo\u1ea1i Maibock m\u1ea1nh m\u1ebd v\u00e0 \u0111\u1eadm \u0111\u00e0.","robots":{"index":"index","follow":"follow","max-snippet":"max-snippet:-1","max-image-preview":"max-image-preview:large","max-video-preview":"max-video-preview:-1"},"canonical":"http:\/\/52.77.24.187\/vi\/san-pham\/overmorrow-ngay-maibock\/","og_locale":"vi_VN","og_type":"article","og_title":"Overmorrow Ng\u00e0y Maibock - The Bottle Shop","og_description":"Overmorrow Ng\u00e0y Maibock c\u00f3 m\u00e0u v\u00e0ng-\u0111\u1ed3ng \u00f3ng \u00e1nh, tr\u00f4ng kh\u00e1 m\u1ed9c m\u1ea1c. V\u1edbi \u0111\u1ed9 c\u1ed3n 7.1%, \u0111\u00e2y l\u00e0 m\u1ed9t lo\u1ea1i Maibock m\u1ea1nh m\u1ebd v\u00e0 \u0111\u1eadm \u0111\u00e0.","og_url":"http:\/\/52.77.24.187\/vi\/san-pham\/overmorrow-ngay-maibock\/","og_site_name":"The Bottle Shop","article_publisher":"https:\/\/www.facebook.com\/thebottleshopvietnam","article_modified_time":"2025-08-07T03:20:36+00:00","og_image":[{"width":1080,"height":1080,"url":"https:\/\/mlsrfcxkkbzg.i.optimole.com\/cb:JbP2.215d7\/w:auto\/h:auto\/q:mauto\/ig:avif\/http:\/\/52.77.24.187\/wp-content\/uploads\/2025\/08\/Overmorrow-Ngay-Maibock.png","type":"image\/png"}],"twitter_card":"summary_large_image","twitter_misc":{"Est. reading time":"1 minute"},"schema":{"@context":"https:\/\/schema.org","@graph":[{"@type":"WebPage","@id":"http:\/\/52.77.24.187\/vi\/san-pham\/overmorrow-ngay-maibock\/","url":"http:\/\/52.77.24.187\/vi\/san-pham\/overmorrow-ngay-maibock\/","name":"Overmorrow Ng\u00e0y Maibock - The Bottle Shop","isPartOf":{"@id":"http:\/\/52.77.24.187\/#website"},"primaryImageOfPage":{"@id":"http:\/\/52.77.24.187\/vi\/san-pham\/overmorrow-ngay-maibock\/#primaryimage"},"image":{"@id":"http:\/\/52.77.24.187\/vi\/san-pham\/overmorrow-ngay-maibock\/#primaryimage"},"thumbnailUrl":"https:\/\/mlsrfcxkkbzg.i.optimole.com\/cb:JbP2.215d7\/w:auto\/h:auto\/q:mauto\/ig:avif\/https:\/\/thebottleshop.vn\/wp-content\/uploads\/2025\/08\/Overmorrow-Ngay-Maibock.png","datePublished":"2025-08-07T03:17:51+00:00","dateModified":"2025-08-07T03:20:36+00:00","description":"Overmorrow Ng\u00e0y Maibock c\u00f3 m\u00e0u v\u00e0ng-\u0111\u1ed3ng \u00f3ng \u00e1nh, tr\u00f4ng kh\u00e1 m\u1ed9c m\u1ea1c. V\u1edbi \u0111\u1ed9 c\u1ed3n 7.1%, \u0111\u00e2y l\u00e0 m\u1ed9t lo\u1ea1i Maibock m\u1ea1nh m\u1ebd v\u00e0 \u0111\u1eadm \u0111\u00e0.","breadcrumb":{"@id":"http:\/\/52.77.24.187\/vi\/san-pham\/overmorrow-ngay-maibock\/#breadcrumb"},"inLanguage":"vi-VN","potentialAction":[{"@type":"ReadAction","target":["http:\/\/52.77.24.187\/vi\/san-pham\/overmorrow-ngay-maibock\/"]}]},{"@type":"ImageObject","inLanguage":"vi-VN","@id":"http:\/\/52.77.24.187\/vi\/san-pham\/overmorrow-ngay-maibock\/#primaryimage","url":"https:\/\/mlsrfcxkkbzg.i.optimole.com\/cb:JbP2.215d7\/w:auto\/h:auto\/q:mauto\/ig:avif\/https:\/\/thebottleshop.vn\/wp-content\/uploads\/2025\/08\/Overmorrow-Ngay-Maibock.png","contentUrl":"https:\/\/mlsrfcxkkbzg.i.optimole.com\/cb:JbP2.215d7\/w:auto\/h:auto\/q:mauto\/ig:avif\/https:\/\/thebottleshop.vn\/wp-content\/uploads\/2025\/08\/Overmorrow-Ngay-Maibock.png","width":1080,"height":1080,"caption":"Overmorrow Ng\u00e0y Maibock"},{"@type":"BreadcrumbList","@id":"http:\/\/52.77.24.187\/vi\/san-pham\/overmorrow-ngay-maibock\/#breadcrumb","itemListElement":[{"@type":"ListItem","position":1,"name":"Home","item":"http:\/\/52.77.24.187\/vi\/test-popup-vi\/"},{"@type":"ListItem","position":2,"name":"C\u1eeda h\u00e0ng","item":"http:\/\/52.77.24.187\/vi\/cua-hang\/"},{"@type":"ListItem","position":3,"name":"Overmorrow Ng\u00e0y Maibock"}]},{"@type":"WebSite","@id":"http:\/\/52.77.24.187\/#website","url":"http:\/\/52.77.24.187\/","name":"The Bottle Shop","description":"All beers are not created equal","publisher":{"@id":"http:\/\/52.77.24.187\/#organization"},"potentialAction":[{"@type":"SearchAction","target":{"@type":"EntryPoint","urlTemplate":"http:\/\/52.77.24.187\/?s={search_term_string}"},"query-input":{"@type":"PropertyValueSpecification","valueRequired":true,"valueName":"search_term_string"}}],"inLanguage":"vi-VN"},{"@type":"Organization","@id":"http:\/\/52.77.24.187\/#organization","name":"The Bottle Shop","url":"http:\/\/52.77.24.187\/","logo":{"@type":"ImageObject","inLanguage":"vi-VN","@id":"http:\/\/52.77.24.187\/#\/schema\/logo\/image\/","url":"https:\/\/mlsrfcxkkbzg.i.optimole.com\/cb:JbP2.215d7\/w:auto\/h:auto\/q:mauto\/ig:avif\/https:\/\/thebottleshop.vn\/wp-content\/uploads\/2022\/10\/The-Bottle-Shop-Online-Logo.png","contentUrl":"https:\/\/mlsrfcxkkbzg.i.optimole.com\/cb:JbP2.215d7\/w:auto\/h:auto\/q:mauto\/ig:avif\/https:\/\/thebottleshop.vn\/wp-content\/uploads\/2022\/10\/The-Bottle-Shop-Online-Logo.png","width":145,"height":147,"caption":"The Bottle Shop"},"image":{"@id":"http:\/\/52.77.24.187\/#\/schema\/logo\/image\/"},"sameAs":["https:\/\/www.facebook.com\/thebottleshopvietnam","https:\/\/www.instagram.com\/thebottleshop_vietnam\/"]}]}},"_links":{"self":[{"href":"https:\/\/thebottleshop.vn\/vi\/wp-json\/wp\/v2\/product\/21925","targetHints":{"allow":["GET"]}}],"collection":[{"href":"https:\/\/thebottleshop.vn\/vi\/wp-json\/wp\/v2\/product"}],"about":[{"href":"https:\/\/thebottleshop.vn\/vi\/wp-json\/wp\/v2\/types\/product"}],"replies":[{"embeddable":true,"href":"https:\/\/thebottleshop.vn\/vi\/wp-json\/wp\/v2\/comments?post=21925"}],"wp:featuredmedia":[{"embeddable":true,"href":"https:\/\/thebottleshop.vn\/vi\/wp-json\/wp\/v2\/media\/21913"}],"wp:attachment":[{"href":"https:\/\/thebottleshop.vn\/vi\/wp-json\/wp\/v2\/media?parent=21925"}],"wp:term":[{"taxonomy":"product_brand","embeddable":true,"href":"https:\/\/thebottleshop.vn\/vi\/wp-json\/wp\/v2\/product_brand?post=21925"},{"taxonomy":"product_cat","embeddable":true,"href":"https:\/\/thebottleshop.vn\/vi\/wp-json\/wp\/v2\/product_cat?post=21925"},{"taxonomy":"product_tag","embeddable":true,"href":"https:\/\/thebottleshop.vn\/vi\/wp-json\/wp\/v2\/product_tag?post=21925"}],"curies":[{"name":"wp","href":"https:\/\/api.w.org\/{rel}","templated":true}]}}