{"id":21931,"date":"2025-08-07T11:12:49","date_gmt":"2025-08-07T04:15:11","guid":{"rendered":"https:\/\/thebottleshop.vn\/product\/queen-kombucha-thao-qua-xanh\/"},"modified":"2025-08-07T11:15:11","modified_gmt":"2025-08-07T04:15:11","slug":"queen-kombucha-thao-qua-xanh","status":"publish","type":"product","link":"https:\/\/thebottleshop.vn\/vi\/san-pham\/queen-kombucha-thao-qua-xanh\/","title":{"rendered":"Queen Kombucha Th\u1ea3o Qu\u1ea3 Xanh"},"content":{"rendered":"<p>Queen Kombucha Th\u1ea3o Qu\u1ea3 Xanh. H\u01b0\u01a1ng th\u01a1m m\u00e1t c\u1ee7a th\u1ea3o qu\u1ea3 xanh, v\u1ecb cay nh\u1eb9 \u0111\u1eb7c tr\u01b0ng \u2013 thanh l\u1ecdc v\u00e0 k\u00edch th\u00edch v\u1ecb gi\u00e1c. <\/p>\n<p>\u2014\u2013<br \/>\nXem th\u01b0 vi\u1ec7n h\u00ecnh \u1ea3nh \u0111\u1ec3 bi\u1ebft th\u00eam th\u00f4ng tin chi ti\u1ebft v\u1ec1 ngu\u1ed3n g\u1ed1c, th\u00e0nh ph\u1ea7n v\u00e0 h\u01b0\u1edbng d\u1eabn s\u1eed d\u1ee5ng c\u1ee7a s\u1ea3n ph\u1ea9m.<\/p>\n","protected":false},"excerpt":{"rendered":"<p><strong>Thanh m\u00e1t, Cay nh\u1eb9 &lt;1%<\/strong><\/p>\n","protected":false},"featured_media":21909,"comment_status":"open","ping_status":"closed","template":"","meta":{"_acf_changed":false},"product_brand":[],"product_cat":[390,346,354,397,351,342,366,345,339,341,352,421,708],"product_tag":[],"class_list":{"0":"post-21931","1":"product","2":"type-product","3":"status-publish","4":"has-post-thumbnail","6":"product_cat-vietnam-hanoi","7":"product_cat-0-3-9","8":"product_cat-75k-99k","9":"product_cat-do-khong-con","10":"product_cat-dong-bia","11":"product_cat-chai-330-ml","12":"product_cat-nha-san-xuat","13":"product_cat-abv-vi","14":"product_cat-xuat-xu","15":"product_cat-dong-goi","16":"product_cat-gia","17":"product_cat-kombucha","18":"product_cat-queen-kombucha-vi","20":"first","21":"instock","22":"shipping-taxable","23":"purchasable","24":"product-type-simple","25":"add-to-wishlist-before_image"},"acf":[],"yoast_head":"<!-- This site is optimized with the Yoast SEO plugin v27.2 - https:\/\/yoast.com\/product\/yoast-seo-wordpress\/ -->\n<title>Queen Kombucha Th\u1ea3o Qu\u1ea3 Xanh - The Bottle Shop<\/title>\n<meta name=\"description\" content=\"Queen Kombucha Th\u1ea3o Qu\u1ea3 Xanh. H\u01b0\u01a1ng th\u01a1m m\u00e1t c\u1ee7a th\u1ea3o qu\u1ea3 xanh, v\u1ecb cay nh\u1eb9 \u0111\u1eb7c tr\u01b0ng \u2013 thanh l\u1ecdc v\u00e0 k\u00edch th\u00edch v\u1ecb gi\u00e1c.\" \/>\n<meta name=\"robots\" content=\"index, follow, max-snippet:-1, max-image-preview:large, max-video-preview:-1\" \/>\n<link rel=\"canonical\" href=\"http:\/\/52.77.24.187\/vi\/san-pham\/queen-kombucha-thao-qua-xanh\/\" \/>\n<meta property=\"og:locale\" content=\"vi_VN\" \/>\n<meta property=\"og:type\" content=\"article\" \/>\n<meta property=\"og:title\" content=\"Queen Kombucha Th\u1ea3o Qu\u1ea3 Xanh - The Bottle Shop\" \/>\n<meta property=\"og:description\" content=\"Queen Kombucha Th\u1ea3o Qu\u1ea3 Xanh. H\u01b0\u01a1ng th\u01a1m m\u00e1t c\u1ee7a th\u1ea3o qu\u1ea3 xanh, v\u1ecb cay nh\u1eb9 \u0111\u1eb7c tr\u01b0ng \u2013 thanh l\u1ecdc v\u00e0 k\u00edch th\u00edch v\u1ecb gi\u00e1c.\" \/>\n<meta property=\"og:url\" content=\"http:\/\/52.77.24.187\/vi\/san-pham\/queen-kombucha-thao-qua-xanh\/\" \/>\n<meta property=\"og:site_name\" content=\"The Bottle Shop\" \/>\n<meta property=\"article:publisher\" content=\"https:\/\/www.facebook.com\/thebottleshopvietnam\" \/>\n<meta property=\"og:image\" content=\"https:\/\/mlsrfcxkkbzg.i.optimole.com\/cb:JbP2.215d7\/w:auto\/h:auto\/q:mauto\/ig:avif\/http:\/\/52.77.24.187\/wp-content\/uploads\/2025\/08\/Queen-Kombucha-Green-Cardamom.png\" \/>\n\t<meta property=\"og:image:width\" content=\"1080\" \/>\n\t<meta property=\"og:image:height\" content=\"1080\" \/>\n\t<meta property=\"og:image:type\" content=\"image\/png\" \/>\n<meta name=\"twitter:card\" content=\"summary_large_image\" \/>\n<script type=\"application\/ld+json\" class=\"yoast-schema-graph\">{\"@context\":\"https:\/\/schema.org\",\"@graph\":[{\"@type\":\"WebPage\",\"@id\":\"http:\/\/52.77.24.187\/vi\/san-pham\/queen-kombucha-thao-qua-xanh\/\",\"url\":\"http:\/\/52.77.24.187\/vi\/san-pham\/queen-kombucha-thao-qua-xanh\/\",\"name\":\"Queen Kombucha Th\u1ea3o Qu\u1ea3 Xanh - The Bottle Shop\",\"isPartOf\":{\"@id\":\"http:\/\/52.77.24.187\/#website\"},\"primaryImageOfPage\":{\"@id\":\"http:\/\/52.77.24.187\/vi\/san-pham\/queen-kombucha-thao-qua-xanh\/#primaryimage\"},\"image\":{\"@id\":\"http:\/\/52.77.24.187\/vi\/san-pham\/queen-kombucha-thao-qua-xanh\/#primaryimage\"},\"thumbnailUrl\":\"https:\/\/mlsrfcxkkbzg.i.optimole.com\/cb:JbP2.215d7\/w:auto\/h:auto\/q:mauto\/ig:avif\/https:\/\/thebottleshop.vn\/wp-content\/uploads\/2025\/08\/Queen-Kombucha-Green-Cardamom.png\",\"datePublished\":\"2025-08-07T04:15:11+00:00\",\"description\":\"Queen Kombucha Th\u1ea3o Qu\u1ea3 Xanh. H\u01b0\u01a1ng th\u01a1m m\u00e1t c\u1ee7a th\u1ea3o qu\u1ea3 xanh, v\u1ecb cay nh\u1eb9 \u0111\u1eb7c tr\u01b0ng \u2013 thanh l\u1ecdc v\u00e0 k\u00edch th\u00edch v\u1ecb gi\u00e1c.\",\"breadcrumb\":{\"@id\":\"http:\/\/52.77.24.187\/vi\/san-pham\/queen-kombucha-thao-qua-xanh\/#breadcrumb\"},\"inLanguage\":\"vi-VN\",\"potentialAction\":[{\"@type\":\"ReadAction\",\"target\":[\"http:\/\/52.77.24.187\/vi\/san-pham\/queen-kombucha-thao-qua-xanh\/\"]}]},{\"@type\":\"ImageObject\",\"inLanguage\":\"vi-VN\",\"@id\":\"http:\/\/52.77.24.187\/vi\/san-pham\/queen-kombucha-thao-qua-xanh\/#primaryimage\",\"url\":\"https:\/\/mlsrfcxkkbzg.i.optimole.com\/cb:JbP2.215d7\/w:auto\/h:auto\/q:mauto\/ig:avif\/https:\/\/thebottleshop.vn\/wp-content\/uploads\/2025\/08\/Queen-Kombucha-Green-Cardamom.png\",\"contentUrl\":\"https:\/\/mlsrfcxkkbzg.i.optimole.com\/cb:JbP2.215d7\/w:auto\/h:auto\/q:mauto\/ig:avif\/https:\/\/thebottleshop.vn\/wp-content\/uploads\/2025\/08\/Queen-Kombucha-Green-Cardamom.png\",\"width\":1080,\"height\":1080,\"caption\":\"Queen Kombucha Green Cardamom\"},{\"@type\":\"BreadcrumbList\",\"@id\":\"http:\/\/52.77.24.187\/vi\/san-pham\/queen-kombucha-thao-qua-xanh\/#breadcrumb\",\"itemListElement\":[{\"@type\":\"ListItem\",\"position\":1,\"name\":\"Home\",\"item\":\"http:\/\/52.77.24.187\/vi\/test-popup-vi\/\"},{\"@type\":\"ListItem\",\"position\":2,\"name\":\"C\u1eeda h\u00e0ng\",\"item\":\"http:\/\/52.77.24.187\/vi\/cua-hang\/\"},{\"@type\":\"ListItem\",\"position\":3,\"name\":\"Queen Kombucha Th\u1ea3o Qu\u1ea3 Xanh\"}]},{\"@type\":\"WebSite\",\"@id\":\"http:\/\/52.77.24.187\/#website\",\"url\":\"http:\/\/52.77.24.187\/\",\"name\":\"The Bottle Shop\",\"description\":\"All beers are not created equal\",\"publisher\":{\"@id\":\"http:\/\/52.77.24.187\/#organization\"},\"potentialAction\":[{\"@type\":\"SearchAction\",\"target\":{\"@type\":\"EntryPoint\",\"urlTemplate\":\"http:\/\/52.77.24.187\/?s={search_term_string}\"},\"query-input\":{\"@type\":\"PropertyValueSpecification\",\"valueRequired\":true,\"valueName\":\"search_term_string\"}}],\"inLanguage\":\"vi-VN\"},{\"@type\":\"Organization\",\"@id\":\"http:\/\/52.77.24.187\/#organization\",\"name\":\"The Bottle Shop\",\"url\":\"http:\/\/52.77.24.187\/\",\"logo\":{\"@type\":\"ImageObject\",\"inLanguage\":\"vi-VN\",\"@id\":\"http:\/\/52.77.24.187\/#\/schema\/logo\/image\/\",\"url\":\"https:\/\/mlsrfcxkkbzg.i.optimole.com\/cb:JbP2.215d7\/w:auto\/h:auto\/q:mauto\/ig:avif\/https:\/\/thebottleshop.vn\/wp-content\/uploads\/2022\/10\/The-Bottle-Shop-Online-Logo.png\",\"contentUrl\":\"https:\/\/mlsrfcxkkbzg.i.optimole.com\/cb:JbP2.215d7\/w:auto\/h:auto\/q:mauto\/ig:avif\/https:\/\/thebottleshop.vn\/wp-content\/uploads\/2022\/10\/The-Bottle-Shop-Online-Logo.png\",\"width\":145,\"height\":147,\"caption\":\"The Bottle Shop\"},\"image\":{\"@id\":\"http:\/\/52.77.24.187\/#\/schema\/logo\/image\/\"},\"sameAs\":[\"https:\/\/www.facebook.com\/thebottleshopvietnam\",\"https:\/\/www.instagram.com\/thebottleshop_vietnam\/\"]}]}<\/script>\n<!-- \/ Yoast SEO plugin. -->","yoast_head_json":{"title":"Queen Kombucha Th\u1ea3o Qu\u1ea3 Xanh - The Bottle Shop","description":"Queen Kombucha Th\u1ea3o Qu\u1ea3 Xanh. H\u01b0\u01a1ng th\u01a1m m\u00e1t c\u1ee7a th\u1ea3o qu\u1ea3 xanh, v\u1ecb cay nh\u1eb9 \u0111\u1eb7c tr\u01b0ng \u2013 thanh l\u1ecdc v\u00e0 k\u00edch th\u00edch v\u1ecb gi\u00e1c.","robots":{"index":"index","follow":"follow","max-snippet":"max-snippet:-1","max-image-preview":"max-image-preview:large","max-video-preview":"max-video-preview:-1"},"canonical":"http:\/\/52.77.24.187\/vi\/san-pham\/queen-kombucha-thao-qua-xanh\/","og_locale":"vi_VN","og_type":"article","og_title":"Queen Kombucha Th\u1ea3o Qu\u1ea3 Xanh - The Bottle Shop","og_description":"Queen Kombucha Th\u1ea3o Qu\u1ea3 Xanh. H\u01b0\u01a1ng th\u01a1m m\u00e1t c\u1ee7a th\u1ea3o qu\u1ea3 xanh, v\u1ecb cay nh\u1eb9 \u0111\u1eb7c tr\u01b0ng \u2013 thanh l\u1ecdc v\u00e0 k\u00edch th\u00edch v\u1ecb gi\u00e1c.","og_url":"http:\/\/52.77.24.187\/vi\/san-pham\/queen-kombucha-thao-qua-xanh\/","og_site_name":"The Bottle Shop","article_publisher":"https:\/\/www.facebook.com\/thebottleshopvietnam","og_image":[{"width":1080,"height":1080,"url":"https:\/\/mlsrfcxkkbzg.i.optimole.com\/cb:JbP2.215d7\/w:auto\/h:auto\/q:mauto\/ig:avif\/http:\/\/52.77.24.187\/wp-content\/uploads\/2025\/08\/Queen-Kombucha-Green-Cardamom.png","type":"image\/png"}],"twitter_card":"summary_large_image","schema":{"@context":"https:\/\/schema.org","@graph":[{"@type":"WebPage","@id":"http:\/\/52.77.24.187\/vi\/san-pham\/queen-kombucha-thao-qua-xanh\/","url":"http:\/\/52.77.24.187\/vi\/san-pham\/queen-kombucha-thao-qua-xanh\/","name":"Queen Kombucha Th\u1ea3o Qu\u1ea3 Xanh - The Bottle Shop","isPartOf":{"@id":"http:\/\/52.77.24.187\/#website"},"primaryImageOfPage":{"@id":"http:\/\/52.77.24.187\/vi\/san-pham\/queen-kombucha-thao-qua-xanh\/#primaryimage"},"image":{"@id":"http:\/\/52.77.24.187\/vi\/san-pham\/queen-kombucha-thao-qua-xanh\/#primaryimage"},"thumbnailUrl":"https:\/\/mlsrfcxkkbzg.i.optimole.com\/cb:JbP2.215d7\/w:auto\/h:auto\/q:mauto\/ig:avif\/https:\/\/thebottleshop.vn\/wp-content\/uploads\/2025\/08\/Queen-Kombucha-Green-Cardamom.png","datePublished":"2025-08-07T04:15:11+00:00","description":"Queen Kombucha Th\u1ea3o Qu\u1ea3 Xanh. H\u01b0\u01a1ng th\u01a1m m\u00e1t c\u1ee7a th\u1ea3o qu\u1ea3 xanh, v\u1ecb cay nh\u1eb9 \u0111\u1eb7c tr\u01b0ng \u2013 thanh l\u1ecdc v\u00e0 k\u00edch th\u00edch v\u1ecb gi\u00e1c.","breadcrumb":{"@id":"http:\/\/52.77.24.187\/vi\/san-pham\/queen-kombucha-thao-qua-xanh\/#breadcrumb"},"inLanguage":"vi-VN","potentialAction":[{"@type":"ReadAction","target":["http:\/\/52.77.24.187\/vi\/san-pham\/queen-kombucha-thao-qua-xanh\/"]}]},{"@type":"ImageObject","inLanguage":"vi-VN","@id":"http:\/\/52.77.24.187\/vi\/san-pham\/queen-kombucha-thao-qua-xanh\/#primaryimage","url":"https:\/\/mlsrfcxkkbzg.i.optimole.com\/cb:JbP2.215d7\/w:auto\/h:auto\/q:mauto\/ig:avif\/https:\/\/thebottleshop.vn\/wp-content\/uploads\/2025\/08\/Queen-Kombucha-Green-Cardamom.png","contentUrl":"https:\/\/mlsrfcxkkbzg.i.optimole.com\/cb:JbP2.215d7\/w:auto\/h:auto\/q:mauto\/ig:avif\/https:\/\/thebottleshop.vn\/wp-content\/uploads\/2025\/08\/Queen-Kombucha-Green-Cardamom.png","width":1080,"height":1080,"caption":"Queen Kombucha Green Cardamom"},{"@type":"BreadcrumbList","@id":"http:\/\/52.77.24.187\/vi\/san-pham\/queen-kombucha-thao-qua-xanh\/#breadcrumb","itemListElement":[{"@type":"ListItem","position":1,"name":"Home","item":"http:\/\/52.77.24.187\/vi\/test-popup-vi\/"},{"@type":"ListItem","position":2,"name":"C\u1eeda h\u00e0ng","item":"http:\/\/52.77.24.187\/vi\/cua-hang\/"},{"@type":"ListItem","position":3,"name":"Queen Kombucha Th\u1ea3o Qu\u1ea3 Xanh"}]},{"@type":"WebSite","@id":"http:\/\/52.77.24.187\/#website","url":"http:\/\/52.77.24.187\/","name":"The Bottle Shop","description":"All beers are not created equal","publisher":{"@id":"http:\/\/52.77.24.187\/#organization"},"potentialAction":[{"@type":"SearchAction","target":{"@type":"EntryPoint","urlTemplate":"http:\/\/52.77.24.187\/?s={search_term_string}"},"query-input":{"@type":"PropertyValueSpecification","valueRequired":true,"valueName":"search_term_string"}}],"inLanguage":"vi-VN"},{"@type":"Organization","@id":"http:\/\/52.77.24.187\/#organization","name":"The Bottle Shop","url":"http:\/\/52.77.24.187\/","logo":{"@type":"ImageObject","inLanguage":"vi-VN","@id":"http:\/\/52.77.24.187\/#\/schema\/logo\/image\/","url":"https:\/\/mlsrfcxkkbzg.i.optimole.com\/cb:JbP2.215d7\/w:auto\/h:auto\/q:mauto\/ig:avif\/https:\/\/thebottleshop.vn\/wp-content\/uploads\/2022\/10\/The-Bottle-Shop-Online-Logo.png","contentUrl":"https:\/\/mlsrfcxkkbzg.i.optimole.com\/cb:JbP2.215d7\/w:auto\/h:auto\/q:mauto\/ig:avif\/https:\/\/thebottleshop.vn\/wp-content\/uploads\/2022\/10\/The-Bottle-Shop-Online-Logo.png","width":145,"height":147,"caption":"The Bottle Shop"},"image":{"@id":"http:\/\/52.77.24.187\/#\/schema\/logo\/image\/"},"sameAs":["https:\/\/www.facebook.com\/thebottleshopvietnam","https:\/\/www.instagram.com\/thebottleshop_vietnam\/"]}]}},"_links":{"self":[{"href":"https:\/\/thebottleshop.vn\/vi\/wp-json\/wp\/v2\/product\/21931","targetHints":{"allow":["GET"]}}],"collection":[{"href":"https:\/\/thebottleshop.vn\/vi\/wp-json\/wp\/v2\/product"}],"about":[{"href":"https:\/\/thebottleshop.vn\/vi\/wp-json\/wp\/v2\/types\/product"}],"replies":[{"embeddable":true,"href":"https:\/\/thebottleshop.vn\/vi\/wp-json\/wp\/v2\/comments?post=21931"}],"wp:featuredmedia":[{"embeddable":true,"href":"https:\/\/thebottleshop.vn\/vi\/wp-json\/wp\/v2\/media\/21909"}],"wp:attachment":[{"href":"https:\/\/thebottleshop.vn\/vi\/wp-json\/wp\/v2\/media?parent=21931"}],"wp:term":[{"taxonomy":"product_brand","embeddable":true,"href":"https:\/\/thebottleshop.vn\/vi\/wp-json\/wp\/v2\/product_brand?post=21931"},{"taxonomy":"product_cat","embeddable":true,"href":"https:\/\/thebottleshop.vn\/vi\/wp-json\/wp\/v2\/product_cat?post=21931"},{"taxonomy":"product_tag","embeddable":true,"href":"https:\/\/thebottleshop.vn\/vi\/wp-json\/wp\/v2\/product_tag?post=21931"}],"curies":[{"name":"wp","href":"https:\/\/api.w.org\/{rel}","templated":true}]}}