{"id":21933,"date":"2025-08-07T11:22:59","date_gmt":"2025-08-07T04:22:59","guid":{"rendered":"https:\/\/thebottleshop.vn\/product\/queen-kombucha-gung-vani\/"},"modified":"2025-08-07T11:25:51","modified_gmt":"2025-08-07T04:25:51","slug":"queen-kombucha-gung-vani","status":"publish","type":"product","link":"https:\/\/thebottleshop.vn\/vi\/san-pham\/queen-kombucha-gung-vani\/","title":{"rendered":"Queen Kombucha G\u1eebng &amp; Vani"},"content":{"rendered":"<p>Queen Kombucha G\u1eebng &amp; Vani. H\u01b0\u01a1ng v\u1ecb cay n\u1ed3ng nh\u1eb9 c\u1ee7a g\u1eebng h\u00f2a quy\u1ec7n v\u1edbi s\u1ef1 \u1ea5m \u00e1p, ng\u1ecdt ng\u00e0o c\u1ee7a vanilla t\u1ef1 nhi\u00ean. K\u00edch th\u00edch ti\u00eau h\u00f3a \u2013 l\u00fd t\u01b0\u1edfng \u0111\u1ec3 m\u1edf v\u1ecb ho\u1eb7c d\u00f9ng k\u00e8m m\u00f3n nhi\u1ec1u \u0111\u1ea1m.  <\/p>\n<p>\u2014\u2013<br \/>\nXem th\u01b0 vi\u1ec7n h\u00ecnh \u1ea3nh \u0111\u1ec3 bi\u1ebft th\u00eam th\u00f4ng tin chi ti\u1ebft v\u1ec1 ngu\u1ed3n g\u1ed1c, th\u00e0nh ph\u1ea7n v\u00e0 h\u01b0\u1edbng d\u1eabn s\u1eed d\u1ee5ng c\u1ee7a s\u1ea3n ph\u1ea9m.<\/p>\n","protected":false},"excerpt":{"rendered":"<p><strong>\u1ea4m \u00e1p, Ng\u1ecdt ngao &lt;1%<\/strong><\/p>\n","protected":false},"featured_media":21907,"comment_status":"open","ping_status":"closed","template":"","meta":{"_acf_changed":false},"product_brand":[],"product_cat":[390,346,354,397,342,351,366,345,339,341,352,421,708],"product_tag":[],"class_list":{"0":"post-21933","1":"product","2":"type-product","3":"status-publish","4":"has-post-thumbnail","6":"product_cat-vietnam-hanoi","7":"product_cat-0-3-9","8":"product_cat-75k-99k","9":"product_cat-do-khong-con","10":"product_cat-chai-330-ml","11":"product_cat-dong-bia","12":"product_cat-nha-san-xuat","13":"product_cat-abv-vi","14":"product_cat-xuat-xu","15":"product_cat-dong-goi","16":"product_cat-gia","17":"product_cat-kombucha","18":"product_cat-queen-kombucha-vi","20":"first","21":"instock","22":"shipping-taxable","23":"purchasable","24":"product-type-simple","25":"add-to-wishlist-before_image"},"acf":[],"yoast_head":"<!-- This site is optimized with the Yoast SEO plugin v27.2 - https:\/\/yoast.com\/product\/yoast-seo-wordpress\/ -->\n<title>Queen Kombucha G\u1eebng &amp; Vani - The Bottle Shop<\/title>\n<meta name=\"description\" content=\"Queen Kombucha Ginger &amp; Vanilla. H\u01b0\u01a1ng v\u1ecb cay n\u1ed3ng nh\u1eb9 c\u1ee7a g\u1eebng h\u00f2a quy\u1ec7n v\u1edbi s\u1ef1 \u1ea5m \u00e1p, ng\u1ecdt ng\u00e0o c\u1ee7a vanilla t\u1ef1 nhi\u00ean.\" \/>\n<meta name=\"robots\" content=\"index, follow, max-snippet:-1, max-image-preview:large, max-video-preview:-1\" \/>\n<link rel=\"canonical\" href=\"http:\/\/52.77.24.187\/vi\/san-pham\/queen-kombucha-gung-vani\/\" \/>\n<meta property=\"og:locale\" content=\"vi_VN\" \/>\n<meta property=\"og:type\" content=\"article\" \/>\n<meta property=\"og:title\" content=\"Queen Kombucha G\u1eebng &amp; Vani - The Bottle Shop\" \/>\n<meta property=\"og:description\" content=\"Queen Kombucha Ginger &amp; Vanilla. H\u01b0\u01a1ng v\u1ecb cay n\u1ed3ng nh\u1eb9 c\u1ee7a g\u1eebng h\u00f2a quy\u1ec7n v\u1edbi s\u1ef1 \u1ea5m \u00e1p, ng\u1ecdt ng\u00e0o c\u1ee7a vanilla t\u1ef1 nhi\u00ean.\" \/>\n<meta property=\"og:url\" content=\"http:\/\/52.77.24.187\/vi\/san-pham\/queen-kombucha-gung-vani\/\" \/>\n<meta property=\"og:site_name\" content=\"The Bottle Shop\" \/>\n<meta property=\"article:publisher\" content=\"https:\/\/www.facebook.com\/thebottleshopvietnam\" \/>\n<meta property=\"article:modified_time\" content=\"2025-08-07T04:25:51+00:00\" \/>\n<meta property=\"og:image\" content=\"https:\/\/mlsrfcxkkbzg.i.optimole.com\/cb:JbP2.215d7\/w:auto\/h:auto\/q:mauto\/ig:avif\/http:\/\/52.77.24.187\/wp-content\/uploads\/2025\/08\/Queen-Kombucha-Ginger-Vanilla.png\" \/>\n\t<meta property=\"og:image:width\" content=\"1080\" \/>\n\t<meta property=\"og:image:height\" content=\"1080\" \/>\n\t<meta property=\"og:image:type\" content=\"image\/png\" \/>\n<meta name=\"twitter:card\" content=\"summary_large_image\" \/>\n<meta name=\"twitter:label1\" content=\"Est. reading time\" \/>\n\t<meta name=\"twitter:data1\" content=\"1 minute\" \/>\n<script type=\"application\/ld+json\" class=\"yoast-schema-graph\">{\"@context\":\"https:\/\/schema.org\",\"@graph\":[{\"@type\":\"WebPage\",\"@id\":\"http:\/\/52.77.24.187\/vi\/san-pham\/queen-kombucha-gung-vani\/\",\"url\":\"http:\/\/52.77.24.187\/vi\/san-pham\/queen-kombucha-gung-vani\/\",\"name\":\"Queen Kombucha G\u1eebng &amp; Vani - The Bottle Shop\",\"isPartOf\":{\"@id\":\"http:\/\/52.77.24.187\/#website\"},\"primaryImageOfPage\":{\"@id\":\"http:\/\/52.77.24.187\/vi\/san-pham\/queen-kombucha-gung-vani\/#primaryimage\"},\"image\":{\"@id\":\"http:\/\/52.77.24.187\/vi\/san-pham\/queen-kombucha-gung-vani\/#primaryimage\"},\"thumbnailUrl\":\"https:\/\/mlsrfcxkkbzg.i.optimole.com\/cb:JbP2.215d7\/w:auto\/h:auto\/q:mauto\/ig:avif\/https:\/\/thebottleshop.vn\/wp-content\/uploads\/2025\/08\/Queen-Kombucha-Ginger-Vanilla.png\",\"datePublished\":\"2025-08-07T04:22:59+00:00\",\"dateModified\":\"2025-08-07T04:25:51+00:00\",\"description\":\"Queen Kombucha Ginger & Vanilla. H\u01b0\u01a1ng v\u1ecb cay n\u1ed3ng nh\u1eb9 c\u1ee7a g\u1eebng h\u00f2a quy\u1ec7n v\u1edbi s\u1ef1 \u1ea5m \u00e1p, ng\u1ecdt ng\u00e0o c\u1ee7a vanilla t\u1ef1 nhi\u00ean.\",\"breadcrumb\":{\"@id\":\"http:\/\/52.77.24.187\/vi\/san-pham\/queen-kombucha-gung-vani\/#breadcrumb\"},\"inLanguage\":\"vi-VN\",\"potentialAction\":[{\"@type\":\"ReadAction\",\"target\":[\"http:\/\/52.77.24.187\/vi\/san-pham\/queen-kombucha-gung-vani\/\"]}]},{\"@type\":\"ImageObject\",\"inLanguage\":\"vi-VN\",\"@id\":\"http:\/\/52.77.24.187\/vi\/san-pham\/queen-kombucha-gung-vani\/#primaryimage\",\"url\":\"https:\/\/mlsrfcxkkbzg.i.optimole.com\/cb:JbP2.215d7\/w:auto\/h:auto\/q:mauto\/ig:avif\/https:\/\/thebottleshop.vn\/wp-content\/uploads\/2025\/08\/Queen-Kombucha-Ginger-Vanilla.png\",\"contentUrl\":\"https:\/\/mlsrfcxkkbzg.i.optimole.com\/cb:JbP2.215d7\/w:auto\/h:auto\/q:mauto\/ig:avif\/https:\/\/thebottleshop.vn\/wp-content\/uploads\/2025\/08\/Queen-Kombucha-Ginger-Vanilla.png\",\"width\":1080,\"height\":1080,\"caption\":\"Queen Kombucha Ginger & Vanilla\"},{\"@type\":\"BreadcrumbList\",\"@id\":\"http:\/\/52.77.24.187\/vi\/san-pham\/queen-kombucha-gung-vani\/#breadcrumb\",\"itemListElement\":[{\"@type\":\"ListItem\",\"position\":1,\"name\":\"Home\",\"item\":\"http:\/\/52.77.24.187\/vi\/test-popup-vi\/\"},{\"@type\":\"ListItem\",\"position\":2,\"name\":\"C\u1eeda h\u00e0ng\",\"item\":\"http:\/\/52.77.24.187\/vi\/cua-hang\/\"},{\"@type\":\"ListItem\",\"position\":3,\"name\":\"Queen Kombucha G\u1eebng &amp; Vani\"}]},{\"@type\":\"WebSite\",\"@id\":\"http:\/\/52.77.24.187\/#website\",\"url\":\"http:\/\/52.77.24.187\/\",\"name\":\"The Bottle Shop\",\"description\":\"All beers are not created equal\",\"publisher\":{\"@id\":\"http:\/\/52.77.24.187\/#organization\"},\"potentialAction\":[{\"@type\":\"SearchAction\",\"target\":{\"@type\":\"EntryPoint\",\"urlTemplate\":\"http:\/\/52.77.24.187\/?s={search_term_string}\"},\"query-input\":{\"@type\":\"PropertyValueSpecification\",\"valueRequired\":true,\"valueName\":\"search_term_string\"}}],\"inLanguage\":\"vi-VN\"},{\"@type\":\"Organization\",\"@id\":\"http:\/\/52.77.24.187\/#organization\",\"name\":\"The Bottle Shop\",\"url\":\"http:\/\/52.77.24.187\/\",\"logo\":{\"@type\":\"ImageObject\",\"inLanguage\":\"vi-VN\",\"@id\":\"http:\/\/52.77.24.187\/#\/schema\/logo\/image\/\",\"url\":\"https:\/\/mlsrfcxkkbzg.i.optimole.com\/cb:JbP2.215d7\/w:auto\/h:auto\/q:mauto\/ig:avif\/https:\/\/thebottleshop.vn\/wp-content\/uploads\/2022\/10\/The-Bottle-Shop-Online-Logo.png\",\"contentUrl\":\"https:\/\/mlsrfcxkkbzg.i.optimole.com\/cb:JbP2.215d7\/w:auto\/h:auto\/q:mauto\/ig:avif\/https:\/\/thebottleshop.vn\/wp-content\/uploads\/2022\/10\/The-Bottle-Shop-Online-Logo.png\",\"width\":145,\"height\":147,\"caption\":\"The Bottle Shop\"},\"image\":{\"@id\":\"http:\/\/52.77.24.187\/#\/schema\/logo\/image\/\"},\"sameAs\":[\"https:\/\/www.facebook.com\/thebottleshopvietnam\",\"https:\/\/www.instagram.com\/thebottleshop_vietnam\/\"]}]}<\/script>\n<!-- \/ Yoast SEO plugin. -->","yoast_head_json":{"title":"Queen Kombucha G\u1eebng &amp; Vani - The Bottle Shop","description":"Queen Kombucha Ginger & Vanilla. H\u01b0\u01a1ng v\u1ecb cay n\u1ed3ng nh\u1eb9 c\u1ee7a g\u1eebng h\u00f2a quy\u1ec7n v\u1edbi s\u1ef1 \u1ea5m \u00e1p, ng\u1ecdt ng\u00e0o c\u1ee7a vanilla t\u1ef1 nhi\u00ean.","robots":{"index":"index","follow":"follow","max-snippet":"max-snippet:-1","max-image-preview":"max-image-preview:large","max-video-preview":"max-video-preview:-1"},"canonical":"http:\/\/52.77.24.187\/vi\/san-pham\/queen-kombucha-gung-vani\/","og_locale":"vi_VN","og_type":"article","og_title":"Queen Kombucha G\u1eebng &amp; Vani - The Bottle Shop","og_description":"Queen Kombucha Ginger & Vanilla. H\u01b0\u01a1ng v\u1ecb cay n\u1ed3ng nh\u1eb9 c\u1ee7a g\u1eebng h\u00f2a quy\u1ec7n v\u1edbi s\u1ef1 \u1ea5m \u00e1p, ng\u1ecdt ng\u00e0o c\u1ee7a vanilla t\u1ef1 nhi\u00ean.","og_url":"http:\/\/52.77.24.187\/vi\/san-pham\/queen-kombucha-gung-vani\/","og_site_name":"The Bottle Shop","article_publisher":"https:\/\/www.facebook.com\/thebottleshopvietnam","article_modified_time":"2025-08-07T04:25:51+00:00","og_image":[{"width":1080,"height":1080,"url":"https:\/\/mlsrfcxkkbzg.i.optimole.com\/cb:JbP2.215d7\/w:auto\/h:auto\/q:mauto\/ig:avif\/http:\/\/52.77.24.187\/wp-content\/uploads\/2025\/08\/Queen-Kombucha-Ginger-Vanilla.png","type":"image\/png"}],"twitter_card":"summary_large_image","twitter_misc":{"Est. reading time":"1 minute"},"schema":{"@context":"https:\/\/schema.org","@graph":[{"@type":"WebPage","@id":"http:\/\/52.77.24.187\/vi\/san-pham\/queen-kombucha-gung-vani\/","url":"http:\/\/52.77.24.187\/vi\/san-pham\/queen-kombucha-gung-vani\/","name":"Queen Kombucha G\u1eebng &amp; Vani - The Bottle Shop","isPartOf":{"@id":"http:\/\/52.77.24.187\/#website"},"primaryImageOfPage":{"@id":"http:\/\/52.77.24.187\/vi\/san-pham\/queen-kombucha-gung-vani\/#primaryimage"},"image":{"@id":"http:\/\/52.77.24.187\/vi\/san-pham\/queen-kombucha-gung-vani\/#primaryimage"},"thumbnailUrl":"https:\/\/mlsrfcxkkbzg.i.optimole.com\/cb:JbP2.215d7\/w:auto\/h:auto\/q:mauto\/ig:avif\/https:\/\/thebottleshop.vn\/wp-content\/uploads\/2025\/08\/Queen-Kombucha-Ginger-Vanilla.png","datePublished":"2025-08-07T04:22:59+00:00","dateModified":"2025-08-07T04:25:51+00:00","description":"Queen Kombucha Ginger & Vanilla. H\u01b0\u01a1ng v\u1ecb cay n\u1ed3ng nh\u1eb9 c\u1ee7a g\u1eebng h\u00f2a quy\u1ec7n v\u1edbi s\u1ef1 \u1ea5m \u00e1p, ng\u1ecdt ng\u00e0o c\u1ee7a vanilla t\u1ef1 nhi\u00ean.","breadcrumb":{"@id":"http:\/\/52.77.24.187\/vi\/san-pham\/queen-kombucha-gung-vani\/#breadcrumb"},"inLanguage":"vi-VN","potentialAction":[{"@type":"ReadAction","target":["http:\/\/52.77.24.187\/vi\/san-pham\/queen-kombucha-gung-vani\/"]}]},{"@type":"ImageObject","inLanguage":"vi-VN","@id":"http:\/\/52.77.24.187\/vi\/san-pham\/queen-kombucha-gung-vani\/#primaryimage","url":"https:\/\/mlsrfcxkkbzg.i.optimole.com\/cb:JbP2.215d7\/w:auto\/h:auto\/q:mauto\/ig:avif\/https:\/\/thebottleshop.vn\/wp-content\/uploads\/2025\/08\/Queen-Kombucha-Ginger-Vanilla.png","contentUrl":"https:\/\/mlsrfcxkkbzg.i.optimole.com\/cb:JbP2.215d7\/w:auto\/h:auto\/q:mauto\/ig:avif\/https:\/\/thebottleshop.vn\/wp-content\/uploads\/2025\/08\/Queen-Kombucha-Ginger-Vanilla.png","width":1080,"height":1080,"caption":"Queen Kombucha Ginger & Vanilla"},{"@type":"BreadcrumbList","@id":"http:\/\/52.77.24.187\/vi\/san-pham\/queen-kombucha-gung-vani\/#breadcrumb","itemListElement":[{"@type":"ListItem","position":1,"name":"Home","item":"http:\/\/52.77.24.187\/vi\/test-popup-vi\/"},{"@type":"ListItem","position":2,"name":"C\u1eeda h\u00e0ng","item":"http:\/\/52.77.24.187\/vi\/cua-hang\/"},{"@type":"ListItem","position":3,"name":"Queen Kombucha G\u1eebng &amp; Vani"}]},{"@type":"WebSite","@id":"http:\/\/52.77.24.187\/#website","url":"http:\/\/52.77.24.187\/","name":"The Bottle Shop","description":"All beers are not created equal","publisher":{"@id":"http:\/\/52.77.24.187\/#organization"},"potentialAction":[{"@type":"SearchAction","target":{"@type":"EntryPoint","urlTemplate":"http:\/\/52.77.24.187\/?s={search_term_string}"},"query-input":{"@type":"PropertyValueSpecification","valueRequired":true,"valueName":"search_term_string"}}],"inLanguage":"vi-VN"},{"@type":"Organization","@id":"http:\/\/52.77.24.187\/#organization","name":"The Bottle Shop","url":"http:\/\/52.77.24.187\/","logo":{"@type":"ImageObject","inLanguage":"vi-VN","@id":"http:\/\/52.77.24.187\/#\/schema\/logo\/image\/","url":"https:\/\/mlsrfcxkkbzg.i.optimole.com\/cb:JbP2.215d7\/w:auto\/h:auto\/q:mauto\/ig:avif\/https:\/\/thebottleshop.vn\/wp-content\/uploads\/2022\/10\/The-Bottle-Shop-Online-Logo.png","contentUrl":"https:\/\/mlsrfcxkkbzg.i.optimole.com\/cb:JbP2.215d7\/w:auto\/h:auto\/q:mauto\/ig:avif\/https:\/\/thebottleshop.vn\/wp-content\/uploads\/2022\/10\/The-Bottle-Shop-Online-Logo.png","width":145,"height":147,"caption":"The Bottle Shop"},"image":{"@id":"http:\/\/52.77.24.187\/#\/schema\/logo\/image\/"},"sameAs":["https:\/\/www.facebook.com\/thebottleshopvietnam","https:\/\/www.instagram.com\/thebottleshop_vietnam\/"]}]}},"_links":{"self":[{"href":"https:\/\/thebottleshop.vn\/vi\/wp-json\/wp\/v2\/product\/21933","targetHints":{"allow":["GET"]}}],"collection":[{"href":"https:\/\/thebottleshop.vn\/vi\/wp-json\/wp\/v2\/product"}],"about":[{"href":"https:\/\/thebottleshop.vn\/vi\/wp-json\/wp\/v2\/types\/product"}],"replies":[{"embeddable":true,"href":"https:\/\/thebottleshop.vn\/vi\/wp-json\/wp\/v2\/comments?post=21933"}],"wp:featuredmedia":[{"embeddable":true,"href":"https:\/\/thebottleshop.vn\/vi\/wp-json\/wp\/v2\/media\/21907"}],"wp:attachment":[{"href":"https:\/\/thebottleshop.vn\/vi\/wp-json\/wp\/v2\/media?parent=21933"}],"wp:term":[{"taxonomy":"product_brand","embeddable":true,"href":"https:\/\/thebottleshop.vn\/vi\/wp-json\/wp\/v2\/product_brand?post=21933"},{"taxonomy":"product_cat","embeddable":true,"href":"https:\/\/thebottleshop.vn\/vi\/wp-json\/wp\/v2\/product_cat?post=21933"},{"taxonomy":"product_tag","embeddable":true,"href":"https:\/\/thebottleshop.vn\/vi\/wp-json\/wp\/v2\/product_tag?post=21933"}],"curies":[{"name":"wp","href":"https:\/\/api.w.org\/{rel}","templated":true}]}}