{"id":21963,"date":"2025-08-22T08:41:46","date_gmt":"2025-08-22T01:41:46","guid":{"rendered":"https:\/\/thebottleshop.vn\/product\/mua-nigori-cloudy-sake\/"},"modified":"2025-08-22T08:45:09","modified_gmt":"2025-08-22T01:45:09","slug":"mua-nigori-cloudy-sake","status":"publish","type":"product","link":"https:\/\/thebottleshop.vn\/vi\/san-pham\/mua-nigori-cloudy-sake\/","title":{"rendered":"M\u00f9a Nigori Cloudy Sake"},"content":{"rendered":"<p>M\u00f9a Nigori Cloudy Sake. D\u01b0 v\u1ecb b\u00e9o th\u01a1m t\u1eeb c\u00e1c h\u1ea1t g\u1ea1o s\u00f3t l\u1ea1i trong qu\u00e1 tr\u00ecnh \u00e9p, \u0111an xen m\u1ed9t c\u00e1ch h\u00e0i ho\u00e0 c\u00f9ng nh\u1eefng n\u1ed1t h\u01b0\u01a1ng thanh m\u00e1t c\u1ee7a tr\u00e1i l\u00ea, d\u01b0a v\u00e0 thoang tho\u1ea3ng m\u00f9i b\u00e9o th\u01a1m c\u1ee7a vani, h\u01b0\u01a1ng hoa nh\u00e8 nh\u1eb9. Cu\u1ed1i c\u00f9ng \u0111\u1ecdng l\u1ea1i l\u00e0 v\u1ecb umami ng\u1ecdt ng\u00e0o c\u00e2n b\u1eb1ng v\u00e0 d\u1ecbu \u00eam.   <\/p>\n<p>\u2014\u2013<br \/>\nXem th\u01b0 vi\u1ec7n h\u00ecnh \u1ea3nh \u0111\u1ec3 bi\u1ebft th\u00eam th\u00f4ng tin chi ti\u1ebft v\u1ec1 ngu\u1ed3n g\u1ed1c, th\u00e0nh ph\u1ea7n v\u00e0 h\u01b0\u1edbng d\u1eabn s\u1eed d\u1ee5ng c\u1ee7a s\u1ea3n ph\u1ea9m.<\/p>\n","protected":false},"excerpt":{"rendered":"<p><strong>Thanh m\u00e1t, H\u01b0\u01a1ng hoa, Ng\u1ecdt ng\u00e0o 14%<\/strong><\/p>\n","protected":false},"featured_media":22014,"comment_status":"open","ping_status":"closed","template":"","meta":{"_acf_changed":false},"product_brand":[],"product_cat":[340,338,349,374,345,490,339,341,352,616,618,364,371],"product_tag":[],"class_list":{"0":"post-21963","1":"product","2":"type-product","3":"status-publish","4":"has-post-thumbnail","6":"product_cat-vietnam-hcmc","7":"product_cat-ruou-va-ruou-vang","8":"product_cat-1-0-2-5","9":"product_cat-500k-749k","10":"product_cat-abv-vi","11":"product_cat-sa-ke","12":"product_cat-xuat-xu","13":"product_cat-dong-goi","14":"product_cat-gia","15":"product_cat-mua-craft-sake-vi","16":"product_cat-chai-720ml","17":"product_cat-dong-ruou","18":"product_cat-nha-san-xuat-ruou","20":"first","21":"instock","22":"shipping-taxable","23":"purchasable","24":"product-type-simple","25":"add-to-wishlist-before_image"},"acf":[],"yoast_head":"<!-- This site is optimized with the Yoast SEO plugin v27.2 - https:\/\/yoast.com\/product\/yoast-seo-wordpress\/ -->\n<title>M\u00f9a Nigori Cloudy Sake - The Bottle Shop<\/title>\n<meta name=\"description\" content=\"M\u00f9a Nigori Cloudy Sake. D\u01b0 v\u1ecb b\u00e9o th\u01a1m t\u1eeb c\u00e1c h\u1ea1t g\u1ea1o s\u00f3t l\u1ea1i trong qu\u00e1 tr\u00ecnh \u00e9p, \u0111an xen m\u1ed9t c\u00e1ch h\u00e0i ho\u00e0 c\u00f9ng nh\u1eefng n\u1ed1t h\u01b0\u01a1ng thanh m\u00e1t c\u1ee7a tr\u00e1i l\u00ea, d\u01b0a v\u00e0 thoang tho\u1ea3ng m\u00f9i b\u00e9o th\u01a1m c\u1ee7a vani, h\u01b0\u01a1ng hoa nh\u00e8 nh\u1eb9.\" \/>\n<meta name=\"robots\" content=\"index, follow, max-snippet:-1, max-image-preview:large, max-video-preview:-1\" \/>\n<link rel=\"canonical\" href=\"http:\/\/52.77.24.187\/vi\/san-pham\/mua-nigori-cloudy-sake\/\" \/>\n<meta property=\"og:locale\" content=\"vi_VN\" \/>\n<meta property=\"og:type\" content=\"article\" \/>\n<meta property=\"og:title\" content=\"M\u00f9a Nigori Cloudy Sake - The Bottle Shop\" \/>\n<meta property=\"og:description\" content=\"M\u00f9a Nigori Cloudy Sake. D\u01b0 v\u1ecb b\u00e9o th\u01a1m t\u1eeb c\u00e1c h\u1ea1t g\u1ea1o s\u00f3t l\u1ea1i trong qu\u00e1 tr\u00ecnh \u00e9p, \u0111an xen m\u1ed9t c\u00e1ch h\u00e0i ho\u00e0 c\u00f9ng nh\u1eefng n\u1ed1t h\u01b0\u01a1ng thanh m\u00e1t c\u1ee7a tr\u00e1i l\u00ea, d\u01b0a v\u00e0 thoang tho\u1ea3ng m\u00f9i b\u00e9o th\u01a1m c\u1ee7a vani, h\u01b0\u01a1ng hoa nh\u00e8 nh\u1eb9.\" \/>\n<meta property=\"og:url\" content=\"http:\/\/52.77.24.187\/vi\/san-pham\/mua-nigori-cloudy-sake\/\" \/>\n<meta property=\"og:site_name\" content=\"The Bottle Shop\" \/>\n<meta property=\"article:publisher\" content=\"https:\/\/www.facebook.com\/thebottleshopvietnam\" \/>\n<meta property=\"article:modified_time\" content=\"2025-08-22T01:45:09+00:00\" \/>\n<meta name=\"twitter:card\" content=\"summary_large_image\" \/>\n<meta name=\"twitter:label1\" content=\"Est. reading time\" \/>\n\t<meta name=\"twitter:data1\" content=\"1 minute\" \/>\n<script type=\"application\/ld+json\" class=\"yoast-schema-graph\">{\"@context\":\"https:\/\/schema.org\",\"@graph\":[{\"@type\":\"WebPage\",\"@id\":\"http:\/\/52.77.24.187\/vi\/san-pham\/mua-nigori-cloudy-sake\/\",\"url\":\"http:\/\/52.77.24.187\/vi\/san-pham\/mua-nigori-cloudy-sake\/\",\"name\":\"M\u00f9a Nigori Cloudy Sake - The Bottle Shop\",\"isPartOf\":{\"@id\":\"http:\/\/52.77.24.187\/#website\"},\"primaryImageOfPage\":{\"@id\":\"http:\/\/52.77.24.187\/vi\/san-pham\/mua-nigori-cloudy-sake\/#primaryimage\"},\"image\":{\"@id\":\"http:\/\/52.77.24.187\/vi\/san-pham\/mua-nigori-cloudy-sake\/#primaryimage\"},\"thumbnailUrl\":\"https:\/\/mlsrfcxkkbzg.i.optimole.com\/cb:JbP2.215d7\/w:auto\/h:auto\/q:mauto\/ig:avif\/https:\/\/thebottleshop.vn\/wp-content\/uploads\/2025\/09\/Mua-Nigori-Cloudy-Sake.png\",\"datePublished\":\"2025-08-22T01:41:46+00:00\",\"dateModified\":\"2025-08-22T01:45:09+00:00\",\"description\":\"M\u00f9a Nigori Cloudy Sake. D\u01b0 v\u1ecb b\u00e9o th\u01a1m t\u1eeb c\u00e1c h\u1ea1t g\u1ea1o s\u00f3t l\u1ea1i trong qu\u00e1 tr\u00ecnh \u00e9p, \u0111an xen m\u1ed9t c\u00e1ch h\u00e0i ho\u00e0 c\u00f9ng nh\u1eefng n\u1ed1t h\u01b0\u01a1ng thanh m\u00e1t c\u1ee7a tr\u00e1i l\u00ea, d\u01b0a v\u00e0 thoang tho\u1ea3ng m\u00f9i b\u00e9o th\u01a1m c\u1ee7a vani, h\u01b0\u01a1ng hoa nh\u00e8 nh\u1eb9.\",\"breadcrumb\":{\"@id\":\"http:\/\/52.77.24.187\/vi\/san-pham\/mua-nigori-cloudy-sake\/#breadcrumb\"},\"inLanguage\":\"vi-VN\",\"potentialAction\":[{\"@type\":\"ReadAction\",\"target\":[\"http:\/\/52.77.24.187\/vi\/san-pham\/mua-nigori-cloudy-sake\/\"]}]},{\"@type\":\"ImageObject\",\"inLanguage\":\"vi-VN\",\"@id\":\"http:\/\/52.77.24.187\/vi\/san-pham\/mua-nigori-cloudy-sake\/#primaryimage\",\"url\":\"https:\/\/mlsrfcxkkbzg.i.optimole.com\/cb:JbP2.215d7\/w:auto\/h:auto\/q:mauto\/ig:avif\/https:\/\/thebottleshop.vn\/wp-content\/uploads\/2025\/09\/Mua-Nigori-Cloudy-Sake.png\",\"contentUrl\":\"https:\/\/mlsrfcxkkbzg.i.optimole.com\/cb:JbP2.215d7\/w:auto\/h:auto\/q:mauto\/ig:avif\/https:\/\/thebottleshop.vn\/wp-content\/uploads\/2025\/09\/Mua-Nigori-Cloudy-Sake.png\",\"width\":1080,\"height\":1080,\"caption\":\"M\u00f9a Nigori Cloudy Sake\"},{\"@type\":\"BreadcrumbList\",\"@id\":\"http:\/\/52.77.24.187\/vi\/san-pham\/mua-nigori-cloudy-sake\/#breadcrumb\",\"itemListElement\":[{\"@type\":\"ListItem\",\"position\":1,\"name\":\"Home\",\"item\":\"http:\/\/52.77.24.187\/vi\/test-popup-vi\/\"},{\"@type\":\"ListItem\",\"position\":2,\"name\":\"C\u1eeda h\u00e0ng\",\"item\":\"http:\/\/52.77.24.187\/vi\/cua-hang\/\"},{\"@type\":\"ListItem\",\"position\":3,\"name\":\"M\u00f9a Nigori Cloudy Sake\"}]},{\"@type\":\"WebSite\",\"@id\":\"http:\/\/52.77.24.187\/#website\",\"url\":\"http:\/\/52.77.24.187\/\",\"name\":\"The Bottle Shop\",\"description\":\"All beers are not created equal\",\"publisher\":{\"@id\":\"http:\/\/52.77.24.187\/#organization\"},\"potentialAction\":[{\"@type\":\"SearchAction\",\"target\":{\"@type\":\"EntryPoint\",\"urlTemplate\":\"http:\/\/52.77.24.187\/?s={search_term_string}\"},\"query-input\":{\"@type\":\"PropertyValueSpecification\",\"valueRequired\":true,\"valueName\":\"search_term_string\"}}],\"inLanguage\":\"vi-VN\"},{\"@type\":\"Organization\",\"@id\":\"http:\/\/52.77.24.187\/#organization\",\"name\":\"The Bottle Shop\",\"url\":\"http:\/\/52.77.24.187\/\",\"logo\":{\"@type\":\"ImageObject\",\"inLanguage\":\"vi-VN\",\"@id\":\"http:\/\/52.77.24.187\/#\/schema\/logo\/image\/\",\"url\":\"https:\/\/mlsrfcxkkbzg.i.optimole.com\/cb:JbP2.215d7\/w:auto\/h:auto\/q:mauto\/ig:avif\/https:\/\/thebottleshop.vn\/wp-content\/uploads\/2022\/10\/The-Bottle-Shop-Online-Logo.png\",\"contentUrl\":\"https:\/\/mlsrfcxkkbzg.i.optimole.com\/cb:JbP2.215d7\/w:auto\/h:auto\/q:mauto\/ig:avif\/https:\/\/thebottleshop.vn\/wp-content\/uploads\/2022\/10\/The-Bottle-Shop-Online-Logo.png\",\"width\":145,\"height\":147,\"caption\":\"The Bottle Shop\"},\"image\":{\"@id\":\"http:\/\/52.77.24.187\/#\/schema\/logo\/image\/\"},\"sameAs\":[\"https:\/\/www.facebook.com\/thebottleshopvietnam\",\"https:\/\/www.instagram.com\/thebottleshop_vietnam\/\"]}]}<\/script>\n<!-- \/ Yoast SEO plugin. -->","yoast_head_json":{"title":"M\u00f9a Nigori Cloudy Sake - The Bottle Shop","description":"M\u00f9a Nigori Cloudy Sake. D\u01b0 v\u1ecb b\u00e9o th\u01a1m t\u1eeb c\u00e1c h\u1ea1t g\u1ea1o s\u00f3t l\u1ea1i trong qu\u00e1 tr\u00ecnh \u00e9p, \u0111an xen m\u1ed9t c\u00e1ch h\u00e0i ho\u00e0 c\u00f9ng nh\u1eefng n\u1ed1t h\u01b0\u01a1ng thanh m\u00e1t c\u1ee7a tr\u00e1i l\u00ea, d\u01b0a v\u00e0 thoang tho\u1ea3ng m\u00f9i b\u00e9o th\u01a1m c\u1ee7a vani, h\u01b0\u01a1ng hoa nh\u00e8 nh\u1eb9.","robots":{"index":"index","follow":"follow","max-snippet":"max-snippet:-1","max-image-preview":"max-image-preview:large","max-video-preview":"max-video-preview:-1"},"canonical":"http:\/\/52.77.24.187\/vi\/san-pham\/mua-nigori-cloudy-sake\/","og_locale":"vi_VN","og_type":"article","og_title":"M\u00f9a Nigori Cloudy Sake - The Bottle Shop","og_description":"M\u00f9a Nigori Cloudy Sake. D\u01b0 v\u1ecb b\u00e9o th\u01a1m t\u1eeb c\u00e1c h\u1ea1t g\u1ea1o s\u00f3t l\u1ea1i trong qu\u00e1 tr\u00ecnh \u00e9p, \u0111an xen m\u1ed9t c\u00e1ch h\u00e0i ho\u00e0 c\u00f9ng nh\u1eefng n\u1ed1t h\u01b0\u01a1ng thanh m\u00e1t c\u1ee7a tr\u00e1i l\u00ea, d\u01b0a v\u00e0 thoang tho\u1ea3ng m\u00f9i b\u00e9o th\u01a1m c\u1ee7a vani, h\u01b0\u01a1ng hoa nh\u00e8 nh\u1eb9.","og_url":"http:\/\/52.77.24.187\/vi\/san-pham\/mua-nigori-cloudy-sake\/","og_site_name":"The Bottle Shop","article_publisher":"https:\/\/www.facebook.com\/thebottleshopvietnam","article_modified_time":"2025-08-22T01:45:09+00:00","twitter_card":"summary_large_image","twitter_misc":{"Est. reading time":"1 minute"},"schema":{"@context":"https:\/\/schema.org","@graph":[{"@type":"WebPage","@id":"http:\/\/52.77.24.187\/vi\/san-pham\/mua-nigori-cloudy-sake\/","url":"http:\/\/52.77.24.187\/vi\/san-pham\/mua-nigori-cloudy-sake\/","name":"M\u00f9a Nigori Cloudy Sake - The Bottle Shop","isPartOf":{"@id":"http:\/\/52.77.24.187\/#website"},"primaryImageOfPage":{"@id":"http:\/\/52.77.24.187\/vi\/san-pham\/mua-nigori-cloudy-sake\/#primaryimage"},"image":{"@id":"http:\/\/52.77.24.187\/vi\/san-pham\/mua-nigori-cloudy-sake\/#primaryimage"},"thumbnailUrl":"https:\/\/mlsrfcxkkbzg.i.optimole.com\/cb:JbP2.215d7\/w:auto\/h:auto\/q:mauto\/ig:avif\/https:\/\/thebottleshop.vn\/wp-content\/uploads\/2025\/09\/Mua-Nigori-Cloudy-Sake.png","datePublished":"2025-08-22T01:41:46+00:00","dateModified":"2025-08-22T01:45:09+00:00","description":"M\u00f9a Nigori Cloudy Sake. D\u01b0 v\u1ecb b\u00e9o th\u01a1m t\u1eeb c\u00e1c h\u1ea1t g\u1ea1o s\u00f3t l\u1ea1i trong qu\u00e1 tr\u00ecnh \u00e9p, \u0111an xen m\u1ed9t c\u00e1ch h\u00e0i ho\u00e0 c\u00f9ng nh\u1eefng n\u1ed1t h\u01b0\u01a1ng thanh m\u00e1t c\u1ee7a tr\u00e1i l\u00ea, d\u01b0a v\u00e0 thoang tho\u1ea3ng m\u00f9i b\u00e9o th\u01a1m c\u1ee7a vani, h\u01b0\u01a1ng hoa nh\u00e8 nh\u1eb9.","breadcrumb":{"@id":"http:\/\/52.77.24.187\/vi\/san-pham\/mua-nigori-cloudy-sake\/#breadcrumb"},"inLanguage":"vi-VN","potentialAction":[{"@type":"ReadAction","target":["http:\/\/52.77.24.187\/vi\/san-pham\/mua-nigori-cloudy-sake\/"]}]},{"@type":"ImageObject","inLanguage":"vi-VN","@id":"http:\/\/52.77.24.187\/vi\/san-pham\/mua-nigori-cloudy-sake\/#primaryimage","url":"https:\/\/mlsrfcxkkbzg.i.optimole.com\/cb:JbP2.215d7\/w:auto\/h:auto\/q:mauto\/ig:avif\/https:\/\/thebottleshop.vn\/wp-content\/uploads\/2025\/09\/Mua-Nigori-Cloudy-Sake.png","contentUrl":"https:\/\/mlsrfcxkkbzg.i.optimole.com\/cb:JbP2.215d7\/w:auto\/h:auto\/q:mauto\/ig:avif\/https:\/\/thebottleshop.vn\/wp-content\/uploads\/2025\/09\/Mua-Nigori-Cloudy-Sake.png","width":1080,"height":1080,"caption":"M\u00f9a Nigori Cloudy Sake"},{"@type":"BreadcrumbList","@id":"http:\/\/52.77.24.187\/vi\/san-pham\/mua-nigori-cloudy-sake\/#breadcrumb","itemListElement":[{"@type":"ListItem","position":1,"name":"Home","item":"http:\/\/52.77.24.187\/vi\/test-popup-vi\/"},{"@type":"ListItem","position":2,"name":"C\u1eeda h\u00e0ng","item":"http:\/\/52.77.24.187\/vi\/cua-hang\/"},{"@type":"ListItem","position":3,"name":"M\u00f9a Nigori Cloudy Sake"}]},{"@type":"WebSite","@id":"http:\/\/52.77.24.187\/#website","url":"http:\/\/52.77.24.187\/","name":"The Bottle Shop","description":"All beers are not created equal","publisher":{"@id":"http:\/\/52.77.24.187\/#organization"},"potentialAction":[{"@type":"SearchAction","target":{"@type":"EntryPoint","urlTemplate":"http:\/\/52.77.24.187\/?s={search_term_string}"},"query-input":{"@type":"PropertyValueSpecification","valueRequired":true,"valueName":"search_term_string"}}],"inLanguage":"vi-VN"},{"@type":"Organization","@id":"http:\/\/52.77.24.187\/#organization","name":"The Bottle Shop","url":"http:\/\/52.77.24.187\/","logo":{"@type":"ImageObject","inLanguage":"vi-VN","@id":"http:\/\/52.77.24.187\/#\/schema\/logo\/image\/","url":"https:\/\/mlsrfcxkkbzg.i.optimole.com\/cb:JbP2.215d7\/w:auto\/h:auto\/q:mauto\/ig:avif\/https:\/\/thebottleshop.vn\/wp-content\/uploads\/2022\/10\/The-Bottle-Shop-Online-Logo.png","contentUrl":"https:\/\/mlsrfcxkkbzg.i.optimole.com\/cb:JbP2.215d7\/w:auto\/h:auto\/q:mauto\/ig:avif\/https:\/\/thebottleshop.vn\/wp-content\/uploads\/2022\/10\/The-Bottle-Shop-Online-Logo.png","width":145,"height":147,"caption":"The Bottle Shop"},"image":{"@id":"http:\/\/52.77.24.187\/#\/schema\/logo\/image\/"},"sameAs":["https:\/\/www.facebook.com\/thebottleshopvietnam","https:\/\/www.instagram.com\/thebottleshop_vietnam\/"]}]}},"_links":{"self":[{"href":"https:\/\/thebottleshop.vn\/vi\/wp-json\/wp\/v2\/product\/21963","targetHints":{"allow":["GET"]}}],"collection":[{"href":"https:\/\/thebottleshop.vn\/vi\/wp-json\/wp\/v2\/product"}],"about":[{"href":"https:\/\/thebottleshop.vn\/vi\/wp-json\/wp\/v2\/types\/product"}],"replies":[{"embeddable":true,"href":"https:\/\/thebottleshop.vn\/vi\/wp-json\/wp\/v2\/comments?post=21963"}],"wp:featuredmedia":[{"embeddable":true,"href":"https:\/\/thebottleshop.vn\/vi\/wp-json\/wp\/v2\/media\/22014"}],"wp:attachment":[{"href":"https:\/\/thebottleshop.vn\/vi\/wp-json\/wp\/v2\/media?parent=21963"}],"wp:term":[{"taxonomy":"product_brand","embeddable":true,"href":"https:\/\/thebottleshop.vn\/vi\/wp-json\/wp\/v2\/product_brand?post=21963"},{"taxonomy":"product_cat","embeddable":true,"href":"https:\/\/thebottleshop.vn\/vi\/wp-json\/wp\/v2\/product_cat?post=21963"},{"taxonomy":"product_tag","embeddable":true,"href":"https:\/\/thebottleshop.vn\/vi\/wp-json\/wp\/v2\/product_tag?post=21963"}],"curies":[{"name":"wp","href":"https:\/\/api.w.org\/{rel}","templated":true}]}}