{"id":21965,"date":"2025-08-22T08:52:43","date_gmt":"2025-08-22T01:52:43","guid":{"rendered":"https:\/\/thebottleshop.vn\/product\/mua-sake-vi-gao-nguyen-ban\/"},"modified":"2025-08-22T08:59:11","modified_gmt":"2025-08-22T01:59:11","slug":"mua-sake-vi-gao-nguyen-ban","status":"publish","type":"product","link":"https:\/\/thebottleshop.vn\/vi\/san-pham\/mua-sake-vi-gao-nguyen-ban\/","title":{"rendered":"M\u00f9a Sake V\u1ecb G\u1ea1o Nguy\u00ean B\u1ea3n"},"content":{"rendered":"<p>M\u00f9a Sake v\u1ecb G\u1ea1o Nguy\u00ean B\u1ea3n l\u00e0 phi\u00ean b\u1ea3n Sake ST25 \u0111\u1ea7u ti\u00ean, v\u1edbi \u00fd ngh\u0129a t\u00f4n vinh gi\u1ed1ng G\u1ea1o ST25 \u0111\u1eb7c tr\u01b0ng c\u1ee7a Vi\u1ec7t Nam, gieo tr\u1ed3ng t\u1ea1i S\u00f3c Tr\u0103ng \u0111\u1ea1t chu\u1ea9n g\u1ea1o ngon nh\u1ea5t th\u1ebf gi\u1edbi n\u0103m 2019 v\u00e0 2023. C\u00f3 m\u1ed9t \u0111i\u1ec1u th\u00fa v\u1ecb r\u1eb1ng nh\u1edd thu\u1ed9c t\u00ednh \u0111\u1ed9c \u0111\u00e1o t\u1ef1 nhi\u00ean c\u1ee7a g\u1ea1o n\u00e0y s\u1ebd d\u1eabn d\u1eaft b\u1ea1n qua t\u1eebng n\u1ed1t h\u01b0\u01a1ng c\u1ee7a d\u1eeba, l\u00e1 d\u1ee9a, b\u1ecfng ng\u00f4 \u0111an xen, v\u00e0 h\u1eadu v\u1ecb k\u1ebft th\u00fac b\u1eb1ng c\u1ea3m gi\u00e1c kh\u00f4, \u00edt d\u01b0 v\u1ecb ng\u1ecdt. <\/p>\n<p>\u2014\u2013<br \/>\nXem th\u01b0 vi\u1ec7n h\u00ecnh \u1ea3nh \u0111\u1ec3 bi\u1ebft th\u00eam th\u00f4ng tin chi ti\u1ebft v\u1ec1 ngu\u1ed3n g\u1ed1c, th\u00e0nh ph\u1ea7n v\u00e0 h\u01b0\u1edbng d\u1eabn s\u1eed d\u1ee5ng c\u1ee7a s\u1ea3n ph\u1ea9m.<\/p>\n","protected":false},"excerpt":{"rendered":"<p><strong>L\u00e1 d\u1ee9a, B\u1ecfng ng\u00f4, Kh\u00f4 15%<\/strong><\/p>\n","protected":false},"featured_media":22018,"comment_status":"open","ping_status":"closed","template":"","meta":{"_acf_changed":false},"product_brand":[],"product_cat":[340,338,349,373,374,538,345,490,339,341,616,618,352,364,371],"product_tag":[],"class_list":{"0":"post-21965","1":"product","2":"type-product","3":"status-publish","4":"has-post-thumbnail","6":"product_cat-vietnam-hcmc","7":"product_cat-ruou-va-ruou-vang","8":"product_cat-1-0-2-5","9":"product_cat-200k-499k","10":"product_cat-500k-749k","11":"product_cat-cjai-300-ml","12":"product_cat-abv-vi","13":"product_cat-sa-ke","14":"product_cat-xuat-xu","15":"product_cat-dong-goi","16":"product_cat-mua-craft-sake-vi","17":"product_cat-chai-720ml","18":"product_cat-gia","19":"product_cat-dong-ruou","20":"product_cat-nha-san-xuat-ruou","21":"pa_pack_type-300ml","22":"pa_pack_type-720ml","24":"first","25":"outofstock","26":"shipping-taxable","27":"purchasable","28":"product-type-variable","29":"has-default-attributes","30":"add-to-wishlist-before_image"},"acf":[],"yoast_head":"<!-- This site is optimized with the Yoast SEO plugin v27.2 - https:\/\/yoast.com\/product\/yoast-seo-wordpress\/ -->\n<title>M\u00f9a Sake V\u1ecb G\u1ea1o Nguy\u00ean B\u1ea3n - The Bottle Shop<\/title>\n<meta name=\"description\" content=\"M\u00f9a Sake v\u1ecb G\u1ea1o Nguy\u00ean B\u1ea3n l\u00e0 phi\u00ean b\u1ea3n Sake ST25 \u0111\u1ea7u ti\u00ean, v\u1edbi \u00fd ngh\u0129a t\u00f4n vinh gi\u1ed1ng G\u1ea1o ST25 \u0111\u1eb7c tr\u01b0ng c\u1ee7a Vi\u1ec7t Nam, gieo tr\u1ed3ng t\u1ea1i S\u00f3c Tr\u0103ng.\" \/>\n<meta name=\"robots\" content=\"index, follow, max-snippet:-1, max-image-preview:large, max-video-preview:-1\" \/>\n<link rel=\"canonical\" href=\"http:\/\/52.77.24.187\/vi\/san-pham\/mua-sake-vi-gao-nguyen-ban\/\" \/>\n<meta property=\"og:locale\" content=\"vi_VN\" \/>\n<meta property=\"og:type\" content=\"article\" \/>\n<meta property=\"og:title\" content=\"M\u00f9a Sake V\u1ecb G\u1ea1o Nguy\u00ean B\u1ea3n - The Bottle Shop\" \/>\n<meta property=\"og:description\" content=\"M\u00f9a Sake v\u1ecb G\u1ea1o Nguy\u00ean B\u1ea3n l\u00e0 phi\u00ean b\u1ea3n Sake ST25 \u0111\u1ea7u ti\u00ean, v\u1edbi \u00fd ngh\u0129a t\u00f4n vinh gi\u1ed1ng G\u1ea1o ST25 \u0111\u1eb7c tr\u01b0ng c\u1ee7a Vi\u1ec7t Nam, gieo tr\u1ed3ng t\u1ea1i S\u00f3c Tr\u0103ng.\" \/>\n<meta property=\"og:url\" content=\"http:\/\/52.77.24.187\/vi\/san-pham\/mua-sake-vi-gao-nguyen-ban\/\" \/>\n<meta property=\"og:site_name\" content=\"The Bottle Shop\" \/>\n<meta property=\"article:publisher\" content=\"https:\/\/www.facebook.com\/thebottleshopvietnam\" \/>\n<meta property=\"article:modified_time\" content=\"2025-08-22T01:59:11+00:00\" \/>\n<meta name=\"twitter:card\" content=\"summary_large_image\" \/>\n<meta name=\"twitter:label1\" content=\"Est. reading time\" \/>\n\t<meta name=\"twitter:data1\" content=\"1 minute\" \/>\n<script type=\"application\/ld+json\" class=\"yoast-schema-graph\">{\"@context\":\"https:\/\/schema.org\",\"@graph\":[{\"@type\":\"WebPage\",\"@id\":\"http:\/\/52.77.24.187\/vi\/san-pham\/mua-sake-vi-gao-nguyen-ban\/\",\"url\":\"http:\/\/52.77.24.187\/vi\/san-pham\/mua-sake-vi-gao-nguyen-ban\/\",\"name\":\"M\u00f9a Sake V\u1ecb G\u1ea1o Nguy\u00ean B\u1ea3n - The Bottle Shop\",\"isPartOf\":{\"@id\":\"http:\/\/52.77.24.187\/#website\"},\"primaryImageOfPage\":{\"@id\":\"http:\/\/52.77.24.187\/vi\/san-pham\/mua-sake-vi-gao-nguyen-ban\/#primaryimage\"},\"image\":{\"@id\":\"http:\/\/52.77.24.187\/vi\/san-pham\/mua-sake-vi-gao-nguyen-ban\/#primaryimage\"},\"thumbnailUrl\":\"https:\/\/mlsrfcxkkbzg.i.optimole.com\/cb:JbP2.215d7\/w:auto\/h:auto\/q:mauto\/ig:avif\/https:\/\/thebottleshop.vn\/wp-content\/uploads\/2025\/09\/Mua-Pure-Rice-Sake.png\",\"datePublished\":\"2025-08-22T01:52:43+00:00\",\"dateModified\":\"2025-08-22T01:59:11+00:00\",\"description\":\"M\u00f9a Sake v\u1ecb G\u1ea1o Nguy\u00ean B\u1ea3n l\u00e0 phi\u00ean b\u1ea3n Sake ST25 \u0111\u1ea7u ti\u00ean, v\u1edbi \u00fd ngh\u0129a t\u00f4n vinh gi\u1ed1ng G\u1ea1o ST25 \u0111\u1eb7c tr\u01b0ng c\u1ee7a Vi\u1ec7t Nam, gieo tr\u1ed3ng t\u1ea1i S\u00f3c Tr\u0103ng.\",\"breadcrumb\":{\"@id\":\"http:\/\/52.77.24.187\/vi\/san-pham\/mua-sake-vi-gao-nguyen-ban\/#breadcrumb\"},\"inLanguage\":\"vi-VN\",\"potentialAction\":[{\"@type\":\"ReadAction\",\"target\":[\"http:\/\/52.77.24.187\/vi\/san-pham\/mua-sake-vi-gao-nguyen-ban\/\"]}]},{\"@type\":\"ImageObject\",\"inLanguage\":\"vi-VN\",\"@id\":\"http:\/\/52.77.24.187\/vi\/san-pham\/mua-sake-vi-gao-nguyen-ban\/#primaryimage\",\"url\":\"https:\/\/mlsrfcxkkbzg.i.optimole.com\/cb:JbP2.215d7\/w:auto\/h:auto\/q:mauto\/ig:avif\/https:\/\/thebottleshop.vn\/wp-content\/uploads\/2025\/09\/Mua-Pure-Rice-Sake.png\",\"contentUrl\":\"https:\/\/mlsrfcxkkbzg.i.optimole.com\/cb:JbP2.215d7\/w:auto\/h:auto\/q:mauto\/ig:avif\/https:\/\/thebottleshop.vn\/wp-content\/uploads\/2025\/09\/Mua-Pure-Rice-Sake.png\",\"width\":1080,\"height\":1080,\"caption\":\"M\u00f9a Pure Rice Sake\"},{\"@type\":\"BreadcrumbList\",\"@id\":\"http:\/\/52.77.24.187\/vi\/san-pham\/mua-sake-vi-gao-nguyen-ban\/#breadcrumb\",\"itemListElement\":[{\"@type\":\"ListItem\",\"position\":1,\"name\":\"Home\",\"item\":\"http:\/\/52.77.24.187\/vi\/test-popup-vi\/\"},{\"@type\":\"ListItem\",\"position\":2,\"name\":\"C\u1eeda h\u00e0ng\",\"item\":\"http:\/\/52.77.24.187\/vi\/cua-hang\/\"},{\"@type\":\"ListItem\",\"position\":3,\"name\":\"M\u00f9a Sake V\u1ecb G\u1ea1o Nguy\u00ean B\u1ea3n\"}]},{\"@type\":\"WebSite\",\"@id\":\"http:\/\/52.77.24.187\/#website\",\"url\":\"http:\/\/52.77.24.187\/\",\"name\":\"The Bottle Shop\",\"description\":\"All beers are not created equal\",\"publisher\":{\"@id\":\"http:\/\/52.77.24.187\/#organization\"},\"potentialAction\":[{\"@type\":\"SearchAction\",\"target\":{\"@type\":\"EntryPoint\",\"urlTemplate\":\"http:\/\/52.77.24.187\/?s={search_term_string}\"},\"query-input\":{\"@type\":\"PropertyValueSpecification\",\"valueRequired\":true,\"valueName\":\"search_term_string\"}}],\"inLanguage\":\"vi-VN\"},{\"@type\":\"Organization\",\"@id\":\"http:\/\/52.77.24.187\/#organization\",\"name\":\"The Bottle Shop\",\"url\":\"http:\/\/52.77.24.187\/\",\"logo\":{\"@type\":\"ImageObject\",\"inLanguage\":\"vi-VN\",\"@id\":\"http:\/\/52.77.24.187\/#\/schema\/logo\/image\/\",\"url\":\"https:\/\/mlsrfcxkkbzg.i.optimole.com\/cb:JbP2.215d7\/w:auto\/h:auto\/q:mauto\/ig:avif\/https:\/\/thebottleshop.vn\/wp-content\/uploads\/2022\/10\/The-Bottle-Shop-Online-Logo.png\",\"contentUrl\":\"https:\/\/mlsrfcxkkbzg.i.optimole.com\/cb:JbP2.215d7\/w:auto\/h:auto\/q:mauto\/ig:avif\/https:\/\/thebottleshop.vn\/wp-content\/uploads\/2022\/10\/The-Bottle-Shop-Online-Logo.png\",\"width\":145,\"height\":147,\"caption\":\"The Bottle Shop\"},\"image\":{\"@id\":\"http:\/\/52.77.24.187\/#\/schema\/logo\/image\/\"},\"sameAs\":[\"https:\/\/www.facebook.com\/thebottleshopvietnam\",\"https:\/\/www.instagram.com\/thebottleshop_vietnam\/\"]}]}<\/script>\n<!-- \/ Yoast SEO plugin. -->","yoast_head_json":{"title":"M\u00f9a Sake V\u1ecb G\u1ea1o Nguy\u00ean B\u1ea3n - The Bottle Shop","description":"M\u00f9a Sake v\u1ecb G\u1ea1o Nguy\u00ean B\u1ea3n l\u00e0 phi\u00ean b\u1ea3n Sake ST25 \u0111\u1ea7u ti\u00ean, v\u1edbi \u00fd ngh\u0129a t\u00f4n vinh gi\u1ed1ng G\u1ea1o ST25 \u0111\u1eb7c tr\u01b0ng c\u1ee7a Vi\u1ec7t Nam, gieo tr\u1ed3ng t\u1ea1i S\u00f3c Tr\u0103ng.","robots":{"index":"index","follow":"follow","max-snippet":"max-snippet:-1","max-image-preview":"max-image-preview:large","max-video-preview":"max-video-preview:-1"},"canonical":"http:\/\/52.77.24.187\/vi\/san-pham\/mua-sake-vi-gao-nguyen-ban\/","og_locale":"vi_VN","og_type":"article","og_title":"M\u00f9a Sake V\u1ecb G\u1ea1o Nguy\u00ean B\u1ea3n - The Bottle Shop","og_description":"M\u00f9a Sake v\u1ecb G\u1ea1o Nguy\u00ean B\u1ea3n l\u00e0 phi\u00ean b\u1ea3n Sake ST25 \u0111\u1ea7u ti\u00ean, v\u1edbi \u00fd ngh\u0129a t\u00f4n vinh gi\u1ed1ng G\u1ea1o ST25 \u0111\u1eb7c tr\u01b0ng c\u1ee7a Vi\u1ec7t Nam, gieo tr\u1ed3ng t\u1ea1i S\u00f3c Tr\u0103ng.","og_url":"http:\/\/52.77.24.187\/vi\/san-pham\/mua-sake-vi-gao-nguyen-ban\/","og_site_name":"The Bottle Shop","article_publisher":"https:\/\/www.facebook.com\/thebottleshopvietnam","article_modified_time":"2025-08-22T01:59:11+00:00","twitter_card":"summary_large_image","twitter_misc":{"Est. reading time":"1 minute"},"schema":{"@context":"https:\/\/schema.org","@graph":[{"@type":"WebPage","@id":"http:\/\/52.77.24.187\/vi\/san-pham\/mua-sake-vi-gao-nguyen-ban\/","url":"http:\/\/52.77.24.187\/vi\/san-pham\/mua-sake-vi-gao-nguyen-ban\/","name":"M\u00f9a Sake V\u1ecb G\u1ea1o Nguy\u00ean B\u1ea3n - The Bottle Shop","isPartOf":{"@id":"http:\/\/52.77.24.187\/#website"},"primaryImageOfPage":{"@id":"http:\/\/52.77.24.187\/vi\/san-pham\/mua-sake-vi-gao-nguyen-ban\/#primaryimage"},"image":{"@id":"http:\/\/52.77.24.187\/vi\/san-pham\/mua-sake-vi-gao-nguyen-ban\/#primaryimage"},"thumbnailUrl":"https:\/\/mlsrfcxkkbzg.i.optimole.com\/cb:JbP2.215d7\/w:auto\/h:auto\/q:mauto\/ig:avif\/https:\/\/thebottleshop.vn\/wp-content\/uploads\/2025\/09\/Mua-Pure-Rice-Sake.png","datePublished":"2025-08-22T01:52:43+00:00","dateModified":"2025-08-22T01:59:11+00:00","description":"M\u00f9a Sake v\u1ecb G\u1ea1o Nguy\u00ean B\u1ea3n l\u00e0 phi\u00ean b\u1ea3n Sake ST25 \u0111\u1ea7u ti\u00ean, v\u1edbi \u00fd ngh\u0129a t\u00f4n vinh gi\u1ed1ng G\u1ea1o ST25 \u0111\u1eb7c tr\u01b0ng c\u1ee7a Vi\u1ec7t Nam, gieo tr\u1ed3ng t\u1ea1i S\u00f3c Tr\u0103ng.","breadcrumb":{"@id":"http:\/\/52.77.24.187\/vi\/san-pham\/mua-sake-vi-gao-nguyen-ban\/#breadcrumb"},"inLanguage":"vi-VN","potentialAction":[{"@type":"ReadAction","target":["http:\/\/52.77.24.187\/vi\/san-pham\/mua-sake-vi-gao-nguyen-ban\/"]}]},{"@type":"ImageObject","inLanguage":"vi-VN","@id":"http:\/\/52.77.24.187\/vi\/san-pham\/mua-sake-vi-gao-nguyen-ban\/#primaryimage","url":"https:\/\/mlsrfcxkkbzg.i.optimole.com\/cb:JbP2.215d7\/w:auto\/h:auto\/q:mauto\/ig:avif\/https:\/\/thebottleshop.vn\/wp-content\/uploads\/2025\/09\/Mua-Pure-Rice-Sake.png","contentUrl":"https:\/\/mlsrfcxkkbzg.i.optimole.com\/cb:JbP2.215d7\/w:auto\/h:auto\/q:mauto\/ig:avif\/https:\/\/thebottleshop.vn\/wp-content\/uploads\/2025\/09\/Mua-Pure-Rice-Sake.png","width":1080,"height":1080,"caption":"M\u00f9a Pure Rice Sake"},{"@type":"BreadcrumbList","@id":"http:\/\/52.77.24.187\/vi\/san-pham\/mua-sake-vi-gao-nguyen-ban\/#breadcrumb","itemListElement":[{"@type":"ListItem","position":1,"name":"Home","item":"http:\/\/52.77.24.187\/vi\/test-popup-vi\/"},{"@type":"ListItem","position":2,"name":"C\u1eeda h\u00e0ng","item":"http:\/\/52.77.24.187\/vi\/cua-hang\/"},{"@type":"ListItem","position":3,"name":"M\u00f9a Sake V\u1ecb G\u1ea1o Nguy\u00ean B\u1ea3n"}]},{"@type":"WebSite","@id":"http:\/\/52.77.24.187\/#website","url":"http:\/\/52.77.24.187\/","name":"The Bottle Shop","description":"All beers are not created equal","publisher":{"@id":"http:\/\/52.77.24.187\/#organization"},"potentialAction":[{"@type":"SearchAction","target":{"@type":"EntryPoint","urlTemplate":"http:\/\/52.77.24.187\/?s={search_term_string}"},"query-input":{"@type":"PropertyValueSpecification","valueRequired":true,"valueName":"search_term_string"}}],"inLanguage":"vi-VN"},{"@type":"Organization","@id":"http:\/\/52.77.24.187\/#organization","name":"The Bottle Shop","url":"http:\/\/52.77.24.187\/","logo":{"@type":"ImageObject","inLanguage":"vi-VN","@id":"http:\/\/52.77.24.187\/#\/schema\/logo\/image\/","url":"https:\/\/mlsrfcxkkbzg.i.optimole.com\/cb:JbP2.215d7\/w:auto\/h:auto\/q:mauto\/ig:avif\/https:\/\/thebottleshop.vn\/wp-content\/uploads\/2022\/10\/The-Bottle-Shop-Online-Logo.png","contentUrl":"https:\/\/mlsrfcxkkbzg.i.optimole.com\/cb:JbP2.215d7\/w:auto\/h:auto\/q:mauto\/ig:avif\/https:\/\/thebottleshop.vn\/wp-content\/uploads\/2022\/10\/The-Bottle-Shop-Online-Logo.png","width":145,"height":147,"caption":"The Bottle Shop"},"image":{"@id":"http:\/\/52.77.24.187\/#\/schema\/logo\/image\/"},"sameAs":["https:\/\/www.facebook.com\/thebottleshopvietnam","https:\/\/www.instagram.com\/thebottleshop_vietnam\/"]}]}},"_links":{"self":[{"href":"https:\/\/thebottleshop.vn\/vi\/wp-json\/wp\/v2\/product\/21965","targetHints":{"allow":["GET"]}}],"collection":[{"href":"https:\/\/thebottleshop.vn\/vi\/wp-json\/wp\/v2\/product"}],"about":[{"href":"https:\/\/thebottleshop.vn\/vi\/wp-json\/wp\/v2\/types\/product"}],"replies":[{"embeddable":true,"href":"https:\/\/thebottleshop.vn\/vi\/wp-json\/wp\/v2\/comments?post=21965"}],"wp:featuredmedia":[{"embeddable":true,"href":"https:\/\/thebottleshop.vn\/vi\/wp-json\/wp\/v2\/media\/22018"}],"wp:attachment":[{"href":"https:\/\/thebottleshop.vn\/vi\/wp-json\/wp\/v2\/media?parent=21965"}],"wp:term":[{"taxonomy":"product_brand","embeddable":true,"href":"https:\/\/thebottleshop.vn\/vi\/wp-json\/wp\/v2\/product_brand?post=21965"},{"taxonomy":"product_cat","embeddable":true,"href":"https:\/\/thebottleshop.vn\/vi\/wp-json\/wp\/v2\/product_cat?post=21965"},{"taxonomy":"product_tag","embeddable":true,"href":"https:\/\/thebottleshop.vn\/vi\/wp-json\/wp\/v2\/product_tag?post=21965"}],"curies":[{"name":"wp","href":"https:\/\/api.w.org\/{rel}","templated":true}]}}