{"id":21966,"date":"2025-08-22T07:21:42","date_gmt":"2025-08-22T00:21:42","guid":{"rendered":"https:\/\/thebottleshop.vn\/product\/hod-x-deadman-supernatural-being-hazy-ipa\/"},"modified":"2025-08-22T09:10:24","modified_gmt":"2025-08-22T02:10:24","slug":"hod-x-deadman-supernatural-being-hazy-ipa","status":"publish","type":"product","link":"https:\/\/thebottleshop.vn\/vi\/san-pham\/hod-x-deadman-supernatural-being-hazy-ipa\/","title":{"rendered":"HoD X Deadman Supernatural Being Hazy IPA"},"content":{"rendered":"<p>Heart of Darkness v\u00e0 Deadman h\u1ee3p nh\u1ea5t th\u00e0nh m\u1ed9t Supernatural Being &#8211; d\u00f2ng bia IPA hazy \u01b0\u1edbp h\u01b0\u01a1ng tr\u00e1i Thanh Y\u00ean Yuzu, mang trong m\u00ecnh s\u1ef1 t\u00f4n k\u00ednh \u0111\u1ed1i v\u1edbi hoa bia Simcoe 25 n\u0103m tu\u1ed5i \u0111\u1eddi \u0111\u1ebfn t\u1eeb Yakima Chief Hops.  <\/p>\n<p>\u2014\u2013<br \/>\nXem th\u01b0 vi\u1ec7n h\u00ecnh \u1ea3nh \u0111\u1ec3 bi\u1ebft th\u00eam th\u00f4ng tin chi ti\u1ebft v\u1ec1 ngu\u1ed3n g\u1ed1c, th\u00e0nh ph\u1ea7n v\u00e0 h\u01b0\u1edbng d\u1eabn s\u1eed d\u1ee5ng c\u1ee7a s\u1ea3n ph\u1ea9m.<\/p>\n","protected":false},"excerpt":{"rendered":"<p><strong>Nhi\u1ec7t \u0111\u1edbi, Hoa bia, Hazy 5.4%<\/strong><\/p>\n","protected":false},"featured_media":22006,"comment_status":"open","ping_status":"closed","template":"","meta":{"_acf_changed":false},"product_brand":[],"product_cat":[347,337,379,340,423,351,366,345,377,339,341,352,359,369,710],"product_tag":[],"class_list":{"0":"post-21966","1":"product","2":"type-product","3":"status-publish","4":"has-post-thumbnail","6":"product_cat-4-5-9","7":"product_cat-bia-va-cider","8":"product_cat-20-39","9":"product_cat-vietnam-hcmc","10":"product_cat-100k-149k","11":"product_cat-dong-bia","12":"product_cat-nha-san-xuat","13":"product_cat-abv-vi","14":"product_cat-ibu","15":"product_cat-xuat-xu","16":"product_cat-dong-goi","17":"product_cat-gia","18":"product_cat-ipa","19":"product_cat-heart-of-darkness","20":"product_cat-lon-500ml","22":"first","23":"outofstock","24":"shipping-taxable","25":"purchasable","26":"product-type-simple","27":"add-to-wishlist-before_image"},"acf":[],"yoast_head":"<!-- This site is optimized with the Yoast SEO plugin v27.2 - https:\/\/yoast.com\/product\/yoast-seo-wordpress\/ -->\n<title>HoD X Deadman Supernatural Being Hazy IPA - The Bottle Shop<\/title>\n<meta name=\"description\" content=\"Heart of Darkness v\u00e0 Deadman h\u1ee3p nh\u1ea5t th\u00e0nh m\u1ed9t Supernatural Being - d\u00f2ng bia IPA hazy \u01b0\u1edbp h\u01b0\u01a1ng tr\u00e1i Thanh Y\u00ean Yuzu.\" \/>\n<meta name=\"robots\" content=\"index, follow, max-snippet:-1, max-image-preview:large, max-video-preview:-1\" \/>\n<link rel=\"canonical\" href=\"http:\/\/52.77.24.187\/vi\/san-pham\/hod-x-deadman-supernatural-being-hazy-ipa\/\" \/>\n<meta property=\"og:locale\" content=\"vi_VN\" \/>\n<meta property=\"og:type\" content=\"article\" \/>\n<meta property=\"og:title\" content=\"HoD X Deadman Supernatural Being Hazy IPA - The Bottle Shop\" \/>\n<meta property=\"og:description\" content=\"Heart of Darkness v\u00e0 Deadman h\u1ee3p nh\u1ea5t th\u00e0nh m\u1ed9t Supernatural Being - d\u00f2ng bia IPA hazy \u01b0\u1edbp h\u01b0\u01a1ng tr\u00e1i Thanh Y\u00ean Yuzu.\" \/>\n<meta property=\"og:url\" content=\"http:\/\/52.77.24.187\/vi\/san-pham\/hod-x-deadman-supernatural-being-hazy-ipa\/\" \/>\n<meta property=\"og:site_name\" content=\"The Bottle Shop\" \/>\n<meta property=\"article:publisher\" content=\"https:\/\/www.facebook.com\/thebottleshopvietnam\" \/>\n<meta property=\"article:modified_time\" content=\"2025-08-22T02:10:24+00:00\" \/>\n<meta name=\"twitter:card\" content=\"summary_large_image\" \/>\n<script type=\"application\/ld+json\" class=\"yoast-schema-graph\">{\"@context\":\"https:\/\/schema.org\",\"@graph\":[{\"@type\":\"WebPage\",\"@id\":\"http:\/\/52.77.24.187\/vi\/san-pham\/hod-x-deadman-supernatural-being-hazy-ipa\/\",\"url\":\"http:\/\/52.77.24.187\/vi\/san-pham\/hod-x-deadman-supernatural-being-hazy-ipa\/\",\"name\":\"HoD X Deadman Supernatural Being Hazy IPA - The Bottle Shop\",\"isPartOf\":{\"@id\":\"http:\/\/52.77.24.187\/#website\"},\"primaryImageOfPage\":{\"@id\":\"http:\/\/52.77.24.187\/vi\/san-pham\/hod-x-deadman-supernatural-being-hazy-ipa\/#primaryimage\"},\"image\":{\"@id\":\"http:\/\/52.77.24.187\/vi\/san-pham\/hod-x-deadman-supernatural-being-hazy-ipa\/#primaryimage\"},\"thumbnailUrl\":\"https:\/\/mlsrfcxkkbzg.i.optimole.com\/cb:JbP2.215d7\/w:auto\/h:auto\/q:mauto\/ig:avif\/https:\/\/thebottleshop.vn\/wp-content\/uploads\/2025\/09\/Heart-of-Darkness-X-Deadman-Supernatural-Being-Hazy-IPA.png\",\"datePublished\":\"2025-08-22T00:21:42+00:00\",\"dateModified\":\"2025-08-22T02:10:24+00:00\",\"description\":\"Heart of Darkness v\u00e0 Deadman h\u1ee3p nh\u1ea5t th\u00e0nh m\u1ed9t Supernatural Being - d\u00f2ng bia IPA hazy \u01b0\u1edbp h\u01b0\u01a1ng tr\u00e1i Thanh Y\u00ean Yuzu.\",\"breadcrumb\":{\"@id\":\"http:\/\/52.77.24.187\/vi\/san-pham\/hod-x-deadman-supernatural-being-hazy-ipa\/#breadcrumb\"},\"inLanguage\":\"vi-VN\",\"potentialAction\":[{\"@type\":\"ReadAction\",\"target\":[\"http:\/\/52.77.24.187\/vi\/san-pham\/hod-x-deadman-supernatural-being-hazy-ipa\/\"]}]},{\"@type\":\"ImageObject\",\"inLanguage\":\"vi-VN\",\"@id\":\"http:\/\/52.77.24.187\/vi\/san-pham\/hod-x-deadman-supernatural-being-hazy-ipa\/#primaryimage\",\"url\":\"https:\/\/mlsrfcxkkbzg.i.optimole.com\/cb:JbP2.215d7\/w:auto\/h:auto\/q:mauto\/ig:avif\/https:\/\/thebottleshop.vn\/wp-content\/uploads\/2025\/09\/Heart-of-Darkness-X-Deadman-Supernatural-Being-Hazy-IPA.png\",\"contentUrl\":\"https:\/\/mlsrfcxkkbzg.i.optimole.com\/cb:JbP2.215d7\/w:auto\/h:auto\/q:mauto\/ig:avif\/https:\/\/thebottleshop.vn\/wp-content\/uploads\/2025\/09\/Heart-of-Darkness-X-Deadman-Supernatural-Being-Hazy-IPA.png\",\"width\":1080,\"height\":1080,\"caption\":\"Heart of Darkness X Deadman Supernatural Being Hazy IPA\"},{\"@type\":\"BreadcrumbList\",\"@id\":\"http:\/\/52.77.24.187\/vi\/san-pham\/hod-x-deadman-supernatural-being-hazy-ipa\/#breadcrumb\",\"itemListElement\":[{\"@type\":\"ListItem\",\"position\":1,\"name\":\"Home\",\"item\":\"http:\/\/52.77.24.187\/vi\/test-popup-vi\/\"},{\"@type\":\"ListItem\",\"position\":2,\"name\":\"C\u1eeda h\u00e0ng\",\"item\":\"http:\/\/52.77.24.187\/vi\/cua-hang\/\"},{\"@type\":\"ListItem\",\"position\":3,\"name\":\"HoD X Deadman Supernatural Being Hazy IPA\"}]},{\"@type\":\"WebSite\",\"@id\":\"http:\/\/52.77.24.187\/#website\",\"url\":\"http:\/\/52.77.24.187\/\",\"name\":\"The Bottle Shop\",\"description\":\"All beers are not created equal\",\"publisher\":{\"@id\":\"http:\/\/52.77.24.187\/#organization\"},\"potentialAction\":[{\"@type\":\"SearchAction\",\"target\":{\"@type\":\"EntryPoint\",\"urlTemplate\":\"http:\/\/52.77.24.187\/?s={search_term_string}\"},\"query-input\":{\"@type\":\"PropertyValueSpecification\",\"valueRequired\":true,\"valueName\":\"search_term_string\"}}],\"inLanguage\":\"vi-VN\"},{\"@type\":\"Organization\",\"@id\":\"http:\/\/52.77.24.187\/#organization\",\"name\":\"The Bottle Shop\",\"url\":\"http:\/\/52.77.24.187\/\",\"logo\":{\"@type\":\"ImageObject\",\"inLanguage\":\"vi-VN\",\"@id\":\"http:\/\/52.77.24.187\/#\/schema\/logo\/image\/\",\"url\":\"https:\/\/mlsrfcxkkbzg.i.optimole.com\/cb:JbP2.215d7\/w:auto\/h:auto\/q:mauto\/ig:avif\/https:\/\/thebottleshop.vn\/wp-content\/uploads\/2022\/10\/The-Bottle-Shop-Online-Logo.png\",\"contentUrl\":\"https:\/\/mlsrfcxkkbzg.i.optimole.com\/cb:JbP2.215d7\/w:auto\/h:auto\/q:mauto\/ig:avif\/https:\/\/thebottleshop.vn\/wp-content\/uploads\/2022\/10\/The-Bottle-Shop-Online-Logo.png\",\"width\":145,\"height\":147,\"caption\":\"The Bottle Shop\"},\"image\":{\"@id\":\"http:\/\/52.77.24.187\/#\/schema\/logo\/image\/\"},\"sameAs\":[\"https:\/\/www.facebook.com\/thebottleshopvietnam\",\"https:\/\/www.instagram.com\/thebottleshop_vietnam\/\"]}]}<\/script>\n<!-- \/ Yoast SEO plugin. -->","yoast_head_json":{"title":"HoD X Deadman Supernatural Being Hazy IPA - The Bottle Shop","description":"Heart of Darkness v\u00e0 Deadman h\u1ee3p nh\u1ea5t th\u00e0nh m\u1ed9t Supernatural Being - d\u00f2ng bia IPA hazy \u01b0\u1edbp h\u01b0\u01a1ng tr\u00e1i Thanh Y\u00ean Yuzu.","robots":{"index":"index","follow":"follow","max-snippet":"max-snippet:-1","max-image-preview":"max-image-preview:large","max-video-preview":"max-video-preview:-1"},"canonical":"http:\/\/52.77.24.187\/vi\/san-pham\/hod-x-deadman-supernatural-being-hazy-ipa\/","og_locale":"vi_VN","og_type":"article","og_title":"HoD X Deadman Supernatural Being Hazy IPA - The Bottle Shop","og_description":"Heart of Darkness v\u00e0 Deadman h\u1ee3p nh\u1ea5t th\u00e0nh m\u1ed9t Supernatural Being - d\u00f2ng bia IPA hazy \u01b0\u1edbp h\u01b0\u01a1ng tr\u00e1i Thanh Y\u00ean Yuzu.","og_url":"http:\/\/52.77.24.187\/vi\/san-pham\/hod-x-deadman-supernatural-being-hazy-ipa\/","og_site_name":"The Bottle Shop","article_publisher":"https:\/\/www.facebook.com\/thebottleshopvietnam","article_modified_time":"2025-08-22T02:10:24+00:00","twitter_card":"summary_large_image","schema":{"@context":"https:\/\/schema.org","@graph":[{"@type":"WebPage","@id":"http:\/\/52.77.24.187\/vi\/san-pham\/hod-x-deadman-supernatural-being-hazy-ipa\/","url":"http:\/\/52.77.24.187\/vi\/san-pham\/hod-x-deadman-supernatural-being-hazy-ipa\/","name":"HoD X Deadman Supernatural Being Hazy IPA - The Bottle Shop","isPartOf":{"@id":"http:\/\/52.77.24.187\/#website"},"primaryImageOfPage":{"@id":"http:\/\/52.77.24.187\/vi\/san-pham\/hod-x-deadman-supernatural-being-hazy-ipa\/#primaryimage"},"image":{"@id":"http:\/\/52.77.24.187\/vi\/san-pham\/hod-x-deadman-supernatural-being-hazy-ipa\/#primaryimage"},"thumbnailUrl":"https:\/\/mlsrfcxkkbzg.i.optimole.com\/cb:JbP2.215d7\/w:auto\/h:auto\/q:mauto\/ig:avif\/https:\/\/thebottleshop.vn\/wp-content\/uploads\/2025\/09\/Heart-of-Darkness-X-Deadman-Supernatural-Being-Hazy-IPA.png","datePublished":"2025-08-22T00:21:42+00:00","dateModified":"2025-08-22T02:10:24+00:00","description":"Heart of Darkness v\u00e0 Deadman h\u1ee3p nh\u1ea5t th\u00e0nh m\u1ed9t Supernatural Being - d\u00f2ng bia IPA hazy \u01b0\u1edbp h\u01b0\u01a1ng tr\u00e1i Thanh Y\u00ean Yuzu.","breadcrumb":{"@id":"http:\/\/52.77.24.187\/vi\/san-pham\/hod-x-deadman-supernatural-being-hazy-ipa\/#breadcrumb"},"inLanguage":"vi-VN","potentialAction":[{"@type":"ReadAction","target":["http:\/\/52.77.24.187\/vi\/san-pham\/hod-x-deadman-supernatural-being-hazy-ipa\/"]}]},{"@type":"ImageObject","inLanguage":"vi-VN","@id":"http:\/\/52.77.24.187\/vi\/san-pham\/hod-x-deadman-supernatural-being-hazy-ipa\/#primaryimage","url":"https:\/\/mlsrfcxkkbzg.i.optimole.com\/cb:JbP2.215d7\/w:auto\/h:auto\/q:mauto\/ig:avif\/https:\/\/thebottleshop.vn\/wp-content\/uploads\/2025\/09\/Heart-of-Darkness-X-Deadman-Supernatural-Being-Hazy-IPA.png","contentUrl":"https:\/\/mlsrfcxkkbzg.i.optimole.com\/cb:JbP2.215d7\/w:auto\/h:auto\/q:mauto\/ig:avif\/https:\/\/thebottleshop.vn\/wp-content\/uploads\/2025\/09\/Heart-of-Darkness-X-Deadman-Supernatural-Being-Hazy-IPA.png","width":1080,"height":1080,"caption":"Heart of Darkness X Deadman Supernatural Being Hazy IPA"},{"@type":"BreadcrumbList","@id":"http:\/\/52.77.24.187\/vi\/san-pham\/hod-x-deadman-supernatural-being-hazy-ipa\/#breadcrumb","itemListElement":[{"@type":"ListItem","position":1,"name":"Home","item":"http:\/\/52.77.24.187\/vi\/test-popup-vi\/"},{"@type":"ListItem","position":2,"name":"C\u1eeda h\u00e0ng","item":"http:\/\/52.77.24.187\/vi\/cua-hang\/"},{"@type":"ListItem","position":3,"name":"HoD X Deadman Supernatural Being Hazy IPA"}]},{"@type":"WebSite","@id":"http:\/\/52.77.24.187\/#website","url":"http:\/\/52.77.24.187\/","name":"The Bottle Shop","description":"All beers are not created equal","publisher":{"@id":"http:\/\/52.77.24.187\/#organization"},"potentialAction":[{"@type":"SearchAction","target":{"@type":"EntryPoint","urlTemplate":"http:\/\/52.77.24.187\/?s={search_term_string}"},"query-input":{"@type":"PropertyValueSpecification","valueRequired":true,"valueName":"search_term_string"}}],"inLanguage":"vi-VN"},{"@type":"Organization","@id":"http:\/\/52.77.24.187\/#organization","name":"The Bottle Shop","url":"http:\/\/52.77.24.187\/","logo":{"@type":"ImageObject","inLanguage":"vi-VN","@id":"http:\/\/52.77.24.187\/#\/schema\/logo\/image\/","url":"https:\/\/mlsrfcxkkbzg.i.optimole.com\/cb:JbP2.215d7\/w:auto\/h:auto\/q:mauto\/ig:avif\/https:\/\/thebottleshop.vn\/wp-content\/uploads\/2022\/10\/The-Bottle-Shop-Online-Logo.png","contentUrl":"https:\/\/mlsrfcxkkbzg.i.optimole.com\/cb:JbP2.215d7\/w:auto\/h:auto\/q:mauto\/ig:avif\/https:\/\/thebottleshop.vn\/wp-content\/uploads\/2022\/10\/The-Bottle-Shop-Online-Logo.png","width":145,"height":147,"caption":"The Bottle Shop"},"image":{"@id":"http:\/\/52.77.24.187\/#\/schema\/logo\/image\/"},"sameAs":["https:\/\/www.facebook.com\/thebottleshopvietnam","https:\/\/www.instagram.com\/thebottleshop_vietnam\/"]}]}},"_links":{"self":[{"href":"https:\/\/thebottleshop.vn\/vi\/wp-json\/wp\/v2\/product\/21966","targetHints":{"allow":["GET"]}}],"collection":[{"href":"https:\/\/thebottleshop.vn\/vi\/wp-json\/wp\/v2\/product"}],"about":[{"href":"https:\/\/thebottleshop.vn\/vi\/wp-json\/wp\/v2\/types\/product"}],"replies":[{"embeddable":true,"href":"https:\/\/thebottleshop.vn\/vi\/wp-json\/wp\/v2\/comments?post=21966"}],"wp:featuredmedia":[{"embeddable":true,"href":"https:\/\/thebottleshop.vn\/vi\/wp-json\/wp\/v2\/media\/22006"}],"wp:attachment":[{"href":"https:\/\/thebottleshop.vn\/vi\/wp-json\/wp\/v2\/media?parent=21966"}],"wp:term":[{"taxonomy":"product_brand","embeddable":true,"href":"https:\/\/thebottleshop.vn\/vi\/wp-json\/wp\/v2\/product_brand?post=21966"},{"taxonomy":"product_cat","embeddable":true,"href":"https:\/\/thebottleshop.vn\/vi\/wp-json\/wp\/v2\/product_cat?post=21966"},{"taxonomy":"product_tag","embeddable":true,"href":"https:\/\/thebottleshop.vn\/vi\/wp-json\/wp\/v2\/product_tag?post=21966"}],"curies":[{"name":"wp","href":"https:\/\/api.w.org\/{rel}","templated":true}]}}