{"id":21967,"date":"2025-08-22T07:44:12","date_gmt":"2025-08-22T00:44:12","guid":{"rendered":"https:\/\/thebottleshop.vn\/product\/hod-x-schrodinger-quoth-plato-calamansi-ipa\/"},"modified":"2025-08-22T09:22:12","modified_gmt":"2025-08-22T02:22:12","slug":"hod-x-schrodinger-quoth-plato-calamansi-ipa","status":"publish","type":"product","link":"https:\/\/thebottleshop.vn\/vi\/san-pham\/hod-x-schrodinger-quoth-plato-calamansi-ipa\/","title":{"rendered":"HoD X Schrodinger Quoth Plato Calamansi IPA"},"content":{"rendered":"<p>Heart of Darkness X Schr\u00f6dinger X Yakima Chief Hops gi\u1edbi thi\u1ec7u&#8230; Quoth Plato Calamansi IPA. <\/p>\n<p>Khi Plato n\u00f3i &#8220;C\u00e1i ch\u1ebft kh\u00f4ng ph\u1ea3i l\u00e0 \u0111i\u1ec1u t\u1ed3i t\u1ec7 nh\u1ea5t c\u00f3 th\u1ec3 x\u1ea3y ra v\u1edbi con ng\u01b0\u1eddi&#8221;, ng\u01b0\u1eddi ta th\u01b0\u1eddng tin r\u1eb1ng \u00f4ng \u0111ang c\u1ea7m m\u1ed9t ly bia \u0111\u00e3 c\u1ea1n. <\/p>\n<p>Nh\u01b0ng \u0111\u1eebng lo, s\u1ebd kh\u00f4ng c\u00f3 ly c\u1ea1n \u1edf \u0111\u00e2y c\u1ea3, v\u00ec Heart of Darkness c\u00f9ng Schr\u00f6dinger&#8217;s Brewing (Guandong) v\u00e0 Yakima Chief Hops k\u1ef7 ni\u1ec7m 25 n\u0103m hoa bia Simcoe\u00ae v\u1edbi lo\u1ea1i bia Calamansi IPA n\u00e0y. Bia c\u00f3 s\u1ef1 g\u00f3p m\u1eb7t c\u1ee7a Simcoe\u00ae, Motueka, Amarillo\u00ae, Cascade v\u00e0 Columbus.<\/p>\n<p>\u2014\u2013<br \/>\nXem th\u01b0 vi\u1ec7n h\u00ecnh \u1ea3nh \u0111\u1ec3 bi\u1ebft th\u00eam th\u00f4ng tin chi ti\u1ebft v\u1ec1 ngu\u1ed3n g\u1ed1c, th\u00e0nh ph\u1ea7n v\u00e0 h\u01b0\u1edbng d\u1eabn s\u1eed d\u1ee5ng c\u1ee7a s\u1ea3n ph\u1ea9m.<\/p>\n","protected":false},"excerpt":{"rendered":"<p><strong>Calamansi, hoppy 6,4%<\/strong><\/p>\n","protected":false},"featured_media":22010,"comment_status":"open","ping_status":"closed","template":"","meta":{"_acf_changed":false},"product_brand":[],"product_cat":[340,337,380,348,423,351,366,345,377,339,341,352,359,369,710],"product_tag":[],"class_list":{"0":"post-21967","1":"product","2":"type-product","3":"status-publish","4":"has-post-thumbnail","6":"product_cat-vietnam-hcmc","7":"product_cat-bia-va-cider","8":"product_cat-40-59","9":"product_cat-6-7-9","10":"product_cat-100k-149k","11":"product_cat-dong-bia","12":"product_cat-nha-san-xuat","13":"product_cat-abv-vi","14":"product_cat-ibu","15":"product_cat-xuat-xu","16":"product_cat-dong-goi","17":"product_cat-gia","18":"product_cat-ipa","19":"product_cat-heart-of-darkness","20":"product_cat-lon-500ml","22":"first","23":"outofstock","24":"shipping-taxable","25":"purchasable","26":"product-type-simple","27":"add-to-wishlist-before_image"},"acf":[],"yoast_head":"<!-- This site is optimized with the Yoast SEO plugin v27.2 - https:\/\/yoast.com\/product\/yoast-seo-wordpress\/ -->\n<title>HoD X Schrodinger Quoth Plato Calamansi IPA - The Bottle Shop<\/title>\n<meta name=\"description\" content=\"Heart of Darkness h\u1ee3p t\u00e1c v\u1edbi Schr\u00f6dinger\u2019s Brewing c\u1ee7a Qu\u1ea3ng \u0110\u00f4ng v\u00e0 Yakima Chief Hops \u0111\u1ec3 k\u1ef7 ni\u1ec7m 25 n\u0103m Simcoe\u00ae v\u1edbi lo\u1ea1i bia Calamansi IPA n\u00e0y.\" \/>\n<meta name=\"robots\" content=\"index, follow, max-snippet:-1, max-image-preview:large, max-video-preview:-1\" \/>\n<link rel=\"canonical\" href=\"http:\/\/52.77.24.187\/vi\/san-pham\/hod-x-schrodinger-quoth-plato-calamansi-ipa\/\" \/>\n<meta property=\"og:locale\" content=\"vi_VN\" \/>\n<meta property=\"og:type\" content=\"article\" \/>\n<meta property=\"og:title\" content=\"HoD X Schrodinger Quoth Plato Calamansi IPA - The Bottle Shop\" \/>\n<meta property=\"og:description\" content=\"Heart of Darkness h\u1ee3p t\u00e1c v\u1edbi Schr\u00f6dinger\u2019s Brewing c\u1ee7a Qu\u1ea3ng \u0110\u00f4ng v\u00e0 Yakima Chief Hops \u0111\u1ec3 k\u1ef7 ni\u1ec7m 25 n\u0103m Simcoe\u00ae v\u1edbi lo\u1ea1i bia Calamansi IPA n\u00e0y.\" \/>\n<meta property=\"og:url\" content=\"http:\/\/52.77.24.187\/vi\/san-pham\/hod-x-schrodinger-quoth-plato-calamansi-ipa\/\" \/>\n<meta property=\"og:site_name\" content=\"The Bottle Shop\" \/>\n<meta property=\"article:publisher\" content=\"https:\/\/www.facebook.com\/thebottleshopvietnam\" \/>\n<meta property=\"article:modified_time\" content=\"2025-08-22T02:22:12+00:00\" \/>\n<meta name=\"twitter:card\" content=\"summary_large_image\" \/>\n<meta name=\"twitter:label1\" content=\"Est. reading time\" \/>\n\t<meta name=\"twitter:data1\" content=\"1 minute\" \/>\n<script type=\"application\/ld+json\" class=\"yoast-schema-graph\">{\"@context\":\"https:\/\/schema.org\",\"@graph\":[{\"@type\":\"WebPage\",\"@id\":\"http:\/\/52.77.24.187\/vi\/san-pham\/hod-x-schrodinger-quoth-plato-calamansi-ipa\/\",\"url\":\"http:\/\/52.77.24.187\/vi\/san-pham\/hod-x-schrodinger-quoth-plato-calamansi-ipa\/\",\"name\":\"HoD X Schrodinger Quoth Plato Calamansi IPA - The Bottle Shop\",\"isPartOf\":{\"@id\":\"http:\/\/52.77.24.187\/#website\"},\"primaryImageOfPage\":{\"@id\":\"http:\/\/52.77.24.187\/vi\/san-pham\/hod-x-schrodinger-quoth-plato-calamansi-ipa\/#primaryimage\"},\"image\":{\"@id\":\"http:\/\/52.77.24.187\/vi\/san-pham\/hod-x-schrodinger-quoth-plato-calamansi-ipa\/#primaryimage\"},\"thumbnailUrl\":\"https:\/\/mlsrfcxkkbzg.i.optimole.com\/cb:JbP2.215d7\/w:auto\/h:auto\/q:mauto\/ig:avif\/https:\/\/thebottleshop.vn\/wp-content\/uploads\/2025\/09\/Heart-of-Darkness-X-Schrodinger-Quoth-Plato-Calamansi-IPA.png\",\"datePublished\":\"2025-08-22T00:44:12+00:00\",\"dateModified\":\"2025-08-22T02:22:12+00:00\",\"description\":\"Heart of Darkness h\u1ee3p t\u00e1c v\u1edbi Schr\u00f6dinger\u2019s Brewing c\u1ee7a Qu\u1ea3ng \u0110\u00f4ng v\u00e0 Yakima Chief Hops \u0111\u1ec3 k\u1ef7 ni\u1ec7m 25 n\u0103m Simcoe\u00ae v\u1edbi lo\u1ea1i bia Calamansi IPA n\u00e0y.\",\"breadcrumb\":{\"@id\":\"http:\/\/52.77.24.187\/vi\/san-pham\/hod-x-schrodinger-quoth-plato-calamansi-ipa\/#breadcrumb\"},\"inLanguage\":\"vi-VN\",\"potentialAction\":[{\"@type\":\"ReadAction\",\"target\":[\"http:\/\/52.77.24.187\/vi\/san-pham\/hod-x-schrodinger-quoth-plato-calamansi-ipa\/\"]}]},{\"@type\":\"ImageObject\",\"inLanguage\":\"vi-VN\",\"@id\":\"http:\/\/52.77.24.187\/vi\/san-pham\/hod-x-schrodinger-quoth-plato-calamansi-ipa\/#primaryimage\",\"url\":\"https:\/\/mlsrfcxkkbzg.i.optimole.com\/cb:JbP2.215d7\/w:auto\/h:auto\/q:mauto\/ig:avif\/https:\/\/thebottleshop.vn\/wp-content\/uploads\/2025\/09\/Heart-of-Darkness-X-Schrodinger-Quoth-Plato-Calamansi-IPA.png\",\"contentUrl\":\"https:\/\/mlsrfcxkkbzg.i.optimole.com\/cb:JbP2.215d7\/w:auto\/h:auto\/q:mauto\/ig:avif\/https:\/\/thebottleshop.vn\/wp-content\/uploads\/2025\/09\/Heart-of-Darkness-X-Schrodinger-Quoth-Plato-Calamansi-IPA.png\",\"width\":1080,\"height\":1080,\"caption\":\"Heart of Darkness X Schrodinger Quoth Plato Calamansi IPA\"},{\"@type\":\"BreadcrumbList\",\"@id\":\"http:\/\/52.77.24.187\/vi\/san-pham\/hod-x-schrodinger-quoth-plato-calamansi-ipa\/#breadcrumb\",\"itemListElement\":[{\"@type\":\"ListItem\",\"position\":1,\"name\":\"Home\",\"item\":\"http:\/\/52.77.24.187\/vi\/test-popup-vi\/\"},{\"@type\":\"ListItem\",\"position\":2,\"name\":\"C\u1eeda h\u00e0ng\",\"item\":\"http:\/\/52.77.24.187\/vi\/cua-hang\/\"},{\"@type\":\"ListItem\",\"position\":3,\"name\":\"HoD X Schrodinger Quoth Plato Calamansi IPA\"}]},{\"@type\":\"WebSite\",\"@id\":\"http:\/\/52.77.24.187\/#website\",\"url\":\"http:\/\/52.77.24.187\/\",\"name\":\"The Bottle Shop\",\"description\":\"All beers are not created equal\",\"publisher\":{\"@id\":\"http:\/\/52.77.24.187\/#organization\"},\"potentialAction\":[{\"@type\":\"SearchAction\",\"target\":{\"@type\":\"EntryPoint\",\"urlTemplate\":\"http:\/\/52.77.24.187\/?s={search_term_string}\"},\"query-input\":{\"@type\":\"PropertyValueSpecification\",\"valueRequired\":true,\"valueName\":\"search_term_string\"}}],\"inLanguage\":\"vi-VN\"},{\"@type\":\"Organization\",\"@id\":\"http:\/\/52.77.24.187\/#organization\",\"name\":\"The Bottle Shop\",\"url\":\"http:\/\/52.77.24.187\/\",\"logo\":{\"@type\":\"ImageObject\",\"inLanguage\":\"vi-VN\",\"@id\":\"http:\/\/52.77.24.187\/#\/schema\/logo\/image\/\",\"url\":\"https:\/\/mlsrfcxkkbzg.i.optimole.com\/cb:JbP2.215d7\/w:auto\/h:auto\/q:mauto\/ig:avif\/https:\/\/thebottleshop.vn\/wp-content\/uploads\/2022\/10\/The-Bottle-Shop-Online-Logo.png\",\"contentUrl\":\"https:\/\/mlsrfcxkkbzg.i.optimole.com\/cb:JbP2.215d7\/w:auto\/h:auto\/q:mauto\/ig:avif\/https:\/\/thebottleshop.vn\/wp-content\/uploads\/2022\/10\/The-Bottle-Shop-Online-Logo.png\",\"width\":145,\"height\":147,\"caption\":\"The Bottle Shop\"},\"image\":{\"@id\":\"http:\/\/52.77.24.187\/#\/schema\/logo\/image\/\"},\"sameAs\":[\"https:\/\/www.facebook.com\/thebottleshopvietnam\",\"https:\/\/www.instagram.com\/thebottleshop_vietnam\/\"]}]}<\/script>\n<!-- \/ Yoast SEO plugin. -->","yoast_head_json":{"title":"HoD X Schrodinger Quoth Plato Calamansi IPA - The Bottle Shop","description":"Heart of Darkness h\u1ee3p t\u00e1c v\u1edbi Schr\u00f6dinger\u2019s Brewing c\u1ee7a Qu\u1ea3ng \u0110\u00f4ng v\u00e0 Yakima Chief Hops \u0111\u1ec3 k\u1ef7 ni\u1ec7m 25 n\u0103m Simcoe\u00ae v\u1edbi lo\u1ea1i bia Calamansi IPA n\u00e0y.","robots":{"index":"index","follow":"follow","max-snippet":"max-snippet:-1","max-image-preview":"max-image-preview:large","max-video-preview":"max-video-preview:-1"},"canonical":"http:\/\/52.77.24.187\/vi\/san-pham\/hod-x-schrodinger-quoth-plato-calamansi-ipa\/","og_locale":"vi_VN","og_type":"article","og_title":"HoD X Schrodinger Quoth Plato Calamansi IPA - The Bottle Shop","og_description":"Heart of Darkness h\u1ee3p t\u00e1c v\u1edbi Schr\u00f6dinger\u2019s Brewing c\u1ee7a Qu\u1ea3ng \u0110\u00f4ng v\u00e0 Yakima Chief Hops \u0111\u1ec3 k\u1ef7 ni\u1ec7m 25 n\u0103m Simcoe\u00ae v\u1edbi lo\u1ea1i bia Calamansi IPA n\u00e0y.","og_url":"http:\/\/52.77.24.187\/vi\/san-pham\/hod-x-schrodinger-quoth-plato-calamansi-ipa\/","og_site_name":"The Bottle Shop","article_publisher":"https:\/\/www.facebook.com\/thebottleshopvietnam","article_modified_time":"2025-08-22T02:22:12+00:00","twitter_card":"summary_large_image","twitter_misc":{"Est. reading time":"1 minute"},"schema":{"@context":"https:\/\/schema.org","@graph":[{"@type":"WebPage","@id":"http:\/\/52.77.24.187\/vi\/san-pham\/hod-x-schrodinger-quoth-plato-calamansi-ipa\/","url":"http:\/\/52.77.24.187\/vi\/san-pham\/hod-x-schrodinger-quoth-plato-calamansi-ipa\/","name":"HoD X Schrodinger Quoth Plato Calamansi IPA - The Bottle Shop","isPartOf":{"@id":"http:\/\/52.77.24.187\/#website"},"primaryImageOfPage":{"@id":"http:\/\/52.77.24.187\/vi\/san-pham\/hod-x-schrodinger-quoth-plato-calamansi-ipa\/#primaryimage"},"image":{"@id":"http:\/\/52.77.24.187\/vi\/san-pham\/hod-x-schrodinger-quoth-plato-calamansi-ipa\/#primaryimage"},"thumbnailUrl":"https:\/\/mlsrfcxkkbzg.i.optimole.com\/cb:JbP2.215d7\/w:auto\/h:auto\/q:mauto\/ig:avif\/https:\/\/thebottleshop.vn\/wp-content\/uploads\/2025\/09\/Heart-of-Darkness-X-Schrodinger-Quoth-Plato-Calamansi-IPA.png","datePublished":"2025-08-22T00:44:12+00:00","dateModified":"2025-08-22T02:22:12+00:00","description":"Heart of Darkness h\u1ee3p t\u00e1c v\u1edbi Schr\u00f6dinger\u2019s Brewing c\u1ee7a Qu\u1ea3ng \u0110\u00f4ng v\u00e0 Yakima Chief Hops \u0111\u1ec3 k\u1ef7 ni\u1ec7m 25 n\u0103m Simcoe\u00ae v\u1edbi lo\u1ea1i bia Calamansi IPA n\u00e0y.","breadcrumb":{"@id":"http:\/\/52.77.24.187\/vi\/san-pham\/hod-x-schrodinger-quoth-plato-calamansi-ipa\/#breadcrumb"},"inLanguage":"vi-VN","potentialAction":[{"@type":"ReadAction","target":["http:\/\/52.77.24.187\/vi\/san-pham\/hod-x-schrodinger-quoth-plato-calamansi-ipa\/"]}]},{"@type":"ImageObject","inLanguage":"vi-VN","@id":"http:\/\/52.77.24.187\/vi\/san-pham\/hod-x-schrodinger-quoth-plato-calamansi-ipa\/#primaryimage","url":"https:\/\/mlsrfcxkkbzg.i.optimole.com\/cb:JbP2.215d7\/w:auto\/h:auto\/q:mauto\/ig:avif\/https:\/\/thebottleshop.vn\/wp-content\/uploads\/2025\/09\/Heart-of-Darkness-X-Schrodinger-Quoth-Plato-Calamansi-IPA.png","contentUrl":"https:\/\/mlsrfcxkkbzg.i.optimole.com\/cb:JbP2.215d7\/w:auto\/h:auto\/q:mauto\/ig:avif\/https:\/\/thebottleshop.vn\/wp-content\/uploads\/2025\/09\/Heart-of-Darkness-X-Schrodinger-Quoth-Plato-Calamansi-IPA.png","width":1080,"height":1080,"caption":"Heart of Darkness X Schrodinger Quoth Plato Calamansi IPA"},{"@type":"BreadcrumbList","@id":"http:\/\/52.77.24.187\/vi\/san-pham\/hod-x-schrodinger-quoth-plato-calamansi-ipa\/#breadcrumb","itemListElement":[{"@type":"ListItem","position":1,"name":"Home","item":"http:\/\/52.77.24.187\/vi\/test-popup-vi\/"},{"@type":"ListItem","position":2,"name":"C\u1eeda h\u00e0ng","item":"http:\/\/52.77.24.187\/vi\/cua-hang\/"},{"@type":"ListItem","position":3,"name":"HoD X Schrodinger Quoth Plato Calamansi IPA"}]},{"@type":"WebSite","@id":"http:\/\/52.77.24.187\/#website","url":"http:\/\/52.77.24.187\/","name":"The Bottle Shop","description":"All beers are not created equal","publisher":{"@id":"http:\/\/52.77.24.187\/#organization"},"potentialAction":[{"@type":"SearchAction","target":{"@type":"EntryPoint","urlTemplate":"http:\/\/52.77.24.187\/?s={search_term_string}"},"query-input":{"@type":"PropertyValueSpecification","valueRequired":true,"valueName":"search_term_string"}}],"inLanguage":"vi-VN"},{"@type":"Organization","@id":"http:\/\/52.77.24.187\/#organization","name":"The Bottle Shop","url":"http:\/\/52.77.24.187\/","logo":{"@type":"ImageObject","inLanguage":"vi-VN","@id":"http:\/\/52.77.24.187\/#\/schema\/logo\/image\/","url":"https:\/\/mlsrfcxkkbzg.i.optimole.com\/cb:JbP2.215d7\/w:auto\/h:auto\/q:mauto\/ig:avif\/https:\/\/thebottleshop.vn\/wp-content\/uploads\/2022\/10\/The-Bottle-Shop-Online-Logo.png","contentUrl":"https:\/\/mlsrfcxkkbzg.i.optimole.com\/cb:JbP2.215d7\/w:auto\/h:auto\/q:mauto\/ig:avif\/https:\/\/thebottleshop.vn\/wp-content\/uploads\/2022\/10\/The-Bottle-Shop-Online-Logo.png","width":145,"height":147,"caption":"The Bottle Shop"},"image":{"@id":"http:\/\/52.77.24.187\/#\/schema\/logo\/image\/"},"sameAs":["https:\/\/www.facebook.com\/thebottleshopvietnam","https:\/\/www.instagram.com\/thebottleshop_vietnam\/"]}]}},"_links":{"self":[{"href":"https:\/\/thebottleshop.vn\/vi\/wp-json\/wp\/v2\/product\/21967","targetHints":{"allow":["GET"]}}],"collection":[{"href":"https:\/\/thebottleshop.vn\/vi\/wp-json\/wp\/v2\/product"}],"about":[{"href":"https:\/\/thebottleshop.vn\/vi\/wp-json\/wp\/v2\/types\/product"}],"replies":[{"embeddable":true,"href":"https:\/\/thebottleshop.vn\/vi\/wp-json\/wp\/v2\/comments?post=21967"}],"wp:featuredmedia":[{"embeddable":true,"href":"https:\/\/thebottleshop.vn\/vi\/wp-json\/wp\/v2\/media\/22010"}],"wp:attachment":[{"href":"https:\/\/thebottleshop.vn\/vi\/wp-json\/wp\/v2\/media?parent=21967"}],"wp:term":[{"taxonomy":"product_brand","embeddable":true,"href":"https:\/\/thebottleshop.vn\/vi\/wp-json\/wp\/v2\/product_brand?post=21967"},{"taxonomy":"product_cat","embeddable":true,"href":"https:\/\/thebottleshop.vn\/vi\/wp-json\/wp\/v2\/product_cat?post=21967"},{"taxonomy":"product_tag","embeddable":true,"href":"https:\/\/thebottleshop.vn\/vi\/wp-json\/wp\/v2\/product_tag?post=21967"}],"curies":[{"name":"wp","href":"https:\/\/api.w.org\/{rel}","templated":true}]}}