{"id":22023,"date":"2025-09-09T21:04:45","date_gmt":"2025-09-09T14:04:45","guid":{"rendered":"https:\/\/thebottleshop.vn\/product\/de-me-quat-de-calamansi-radler\/"},"modified":"2025-09-09T21:12:47","modified_gmt":"2025-09-09T14:12:47","slug":"de-me-quat-de-calamansi-radler","status":"publish","type":"product","link":"https:\/\/thebottleshop.vn\/vi\/san-pham\/de-me-quat-de-calamansi-radler\/","title":{"rendered":"\u0110\u00ea M\u00ea Qu\u1ea5t \u0110\u00ea Calamansi Radler"},"content":{"rendered":"<p>\u0110\u00ea M\u00ea Qu\u1ea5t \u0110\u00ea Calamansi Radler c\u00f3 v\u1ecb gi\u00f2n, nh\u1eb9, tr\u00e1i c\u00e2y v\u00e0 t\u1ef1 nhi\u00ean, v\u1edbi s\u1ef1 c\u00e2n b\u1eb1ng gi\u1eefa h\u01b0\u01a1ng v\u1ecb cam qu\u00fdt ng\u1ecdt v\u00e0 chua.<\/p>\n<div class=\"x14z9mp xat24cr x1lziwak x1vvkbs xtlvy1s x126k92a\">\n<div dir=\"auto\">V\u1eady th\u00ec Radler l\u00e0 g\u00ec? Radler v\u1ec1 c\u01a1 b\u1ea3n l\u00e0 Shandy, c\u00f3 l\u1ebd l\u00e0 phi\u00ean b\u1ea3n ti\u1ebfng \u0110\u1ee9c t\u01b0\u01a1ng \u0111\u01b0\u01a1ng v\u1edbi Shandy c\u1ee7a Anh&#8230; bia lager pha v\u1edbi n\u01b0\u1edbc ng\u1ecdt v\u1ecb cam chanh. C\u00e1i t\u00ean &#8220;Radler&#8221; trong ti\u1ebfng \u0110\u1ee9c c\u00f3 ngh\u0129a l\u00e0 &#8220;ng\u01b0\u1eddi \u0111i xe \u0111\u1ea1p&#8221;, g\u1ee3i nh\u1edb \u0111\u1ebfn ngu\u1ed3n g\u1ed1c c\u1ee7a n\u00f3 l\u00e0 m\u1ed9t lo\u1ea1i \u0111\u1ed3 u\u1ed1ng gi\u1ea3i kh\u00e1t d\u00e0nh cho ng\u01b0\u1eddi \u0111i xe \u0111\u1ea1p sau m\u1ed9t ch\u1eb7ng \u0111\u01b0\u1eddng d\u00e0i.  <\/div>\n<\/div>\n<p>\u2014\u2013<br \/>\nXem th\u01b0 vi\u1ec7n h\u00ecnh \u1ea3nh \u0111\u1ec3 bi\u1ebft th\u00eam th\u00f4ng tin chi ti\u1ebft v\u1ec1 ngu\u1ed3n g\u1ed1c, th\u00e0nh ph\u1ea7n v\u00e0 h\u01b0\u1edbng d\u1eabn s\u1eed d\u1ee5ng c\u1ee7a s\u1ea3n ph\u1ea9m.<\/p>\n","protected":false},"excerpt":{"rendered":"<p><strong>Ng\u1ecdt, Chua, S\u1ea3ng kho\u00e1i 4.9%<\/strong><\/p>\n","protected":false},"featured_media":22002,"comment_status":"open","ping_status":"closed","template":"","meta":{"_acf_changed":false},"product_brand":[],"product_cat":[378,337,340,347,423,342,351,366,345,377,339,341,352,438,356],"product_tag":[],"class_list":{"0":"post-22023","1":"product","2":"type-product","3":"status-publish","4":"has-post-thumbnail","6":"product_cat-00-19","7":"product_cat-bia-va-cider","8":"product_cat-vietnam-hcmc","9":"product_cat-4-5-9","10":"product_cat-100k-149k","11":"product_cat-chai-330-ml","12":"product_cat-dong-bia","13":"product_cat-nha-san-xuat","14":"product_cat-abv-vi","15":"product_cat-ibu","16":"product_cat-xuat-xu","17":"product_cat-dong-goi","18":"product_cat-gia","19":"product_cat-de-me-brewing","20":"product_cat-lager","22":"first","23":"instock","24":"shipping-taxable","25":"purchasable","26":"product-type-simple","27":"add-to-wishlist-before_image"},"acf":[],"yoast_head":"<!-- This site is optimized with the Yoast SEO plugin v27.2 - https:\/\/yoast.com\/product\/yoast-seo-wordpress\/ -->\n<title>\u0110\u00ea M\u00ea Qu\u1ea5t \u0110\u00ea Calamansi Radler - The Bottle Shop<\/title>\n<meta name=\"description\" content=\"\u0110\u00ea M\u00ea Qu\u1ea5t \u0110\u00ea Calamansi Radler c\u00f3 v\u1ecb gi\u00f2n, nh\u1eb9, tr\u00e1i c\u00e2y v\u00e0 t\u1ef1 nhi\u00ean, v\u1edbi s\u1ef1 c\u00e2n b\u1eb1ng gi\u1eefa h\u01b0\u01a1ng v\u1ecb cam qu\u00fdt ng\u1ecdt v\u00e0 chua.\" \/>\n<meta name=\"robots\" content=\"index, follow, max-snippet:-1, max-image-preview:large, max-video-preview:-1\" \/>\n<link rel=\"canonical\" href=\"http:\/\/52.77.24.187\/vi\/san-pham\/de-me-quat-de-calamansi-radler\/\" \/>\n<meta property=\"og:locale\" content=\"vi_VN\" \/>\n<meta property=\"og:type\" content=\"article\" \/>\n<meta property=\"og:title\" content=\"\u0110\u00ea M\u00ea Qu\u1ea5t \u0110\u00ea Calamansi Radler - The Bottle Shop\" \/>\n<meta property=\"og:description\" content=\"\u0110\u00ea M\u00ea Qu\u1ea5t \u0110\u00ea Calamansi Radler c\u00f3 v\u1ecb gi\u00f2n, nh\u1eb9, tr\u00e1i c\u00e2y v\u00e0 t\u1ef1 nhi\u00ean, v\u1edbi s\u1ef1 c\u00e2n b\u1eb1ng gi\u1eefa h\u01b0\u01a1ng v\u1ecb cam qu\u00fdt ng\u1ecdt v\u00e0 chua.\" \/>\n<meta property=\"og:url\" content=\"http:\/\/52.77.24.187\/vi\/san-pham\/de-me-quat-de-calamansi-radler\/\" \/>\n<meta property=\"og:site_name\" content=\"The Bottle Shop\" \/>\n<meta property=\"article:publisher\" content=\"https:\/\/www.facebook.com\/thebottleshopvietnam\" \/>\n<meta property=\"article:modified_time\" content=\"2025-09-09T14:12:47+00:00\" \/>\n<meta property=\"og:image\" content=\"https:\/\/mlsrfcxkkbzg.i.optimole.com\/cb:JbP2.215d7\/w:auto\/h:auto\/q:mauto\/ig:avif\/http:\/\/52.77.24.187\/wp-content\/uploads\/2025\/09\/De-Me-Quat-De-Calamansi-Radler.png\" \/>\n\t<meta property=\"og:image:width\" content=\"1080\" \/>\n\t<meta property=\"og:image:height\" content=\"1080\" \/>\n\t<meta property=\"og:image:type\" content=\"image\/png\" \/>\n<meta name=\"twitter:card\" content=\"summary_large_image\" \/>\n<meta name=\"twitter:label1\" content=\"Est. reading time\" \/>\n\t<meta name=\"twitter:data1\" content=\"1 minute\" \/>\n<script type=\"application\/ld+json\" class=\"yoast-schema-graph\">{\"@context\":\"https:\/\/schema.org\",\"@graph\":[{\"@type\":\"WebPage\",\"@id\":\"http:\/\/52.77.24.187\/vi\/san-pham\/de-me-quat-de-calamansi-radler\/\",\"url\":\"http:\/\/52.77.24.187\/vi\/san-pham\/de-me-quat-de-calamansi-radler\/\",\"name\":\"\u0110\u00ea M\u00ea Qu\u1ea5t \u0110\u00ea Calamansi Radler - The Bottle Shop\",\"isPartOf\":{\"@id\":\"http:\/\/52.77.24.187\/#website\"},\"primaryImageOfPage\":{\"@id\":\"http:\/\/52.77.24.187\/vi\/san-pham\/de-me-quat-de-calamansi-radler\/#primaryimage\"},\"image\":{\"@id\":\"http:\/\/52.77.24.187\/vi\/san-pham\/de-me-quat-de-calamansi-radler\/#primaryimage\"},\"thumbnailUrl\":\"https:\/\/mlsrfcxkkbzg.i.optimole.com\/cb:JbP2.215d7\/w:auto\/h:auto\/q:mauto\/ig:avif\/https:\/\/thebottleshop.vn\/wp-content\/uploads\/2025\/09\/De-Me-Quat-De-Calamansi-Radler.png\",\"datePublished\":\"2025-09-09T14:04:45+00:00\",\"dateModified\":\"2025-09-09T14:12:47+00:00\",\"description\":\"\u0110\u00ea M\u00ea Qu\u1ea5t \u0110\u00ea Calamansi Radler c\u00f3 v\u1ecb gi\u00f2n, nh\u1eb9, tr\u00e1i c\u00e2y v\u00e0 t\u1ef1 nhi\u00ean, v\u1edbi s\u1ef1 c\u00e2n b\u1eb1ng gi\u1eefa h\u01b0\u01a1ng v\u1ecb cam qu\u00fdt ng\u1ecdt v\u00e0 chua.\",\"breadcrumb\":{\"@id\":\"http:\/\/52.77.24.187\/vi\/san-pham\/de-me-quat-de-calamansi-radler\/#breadcrumb\"},\"inLanguage\":\"vi-VN\",\"potentialAction\":[{\"@type\":\"ReadAction\",\"target\":[\"http:\/\/52.77.24.187\/vi\/san-pham\/de-me-quat-de-calamansi-radler\/\"]}]},{\"@type\":\"ImageObject\",\"inLanguage\":\"vi-VN\",\"@id\":\"http:\/\/52.77.24.187\/vi\/san-pham\/de-me-quat-de-calamansi-radler\/#primaryimage\",\"url\":\"https:\/\/mlsrfcxkkbzg.i.optimole.com\/cb:JbP2.215d7\/w:auto\/h:auto\/q:mauto\/ig:avif\/https:\/\/thebottleshop.vn\/wp-content\/uploads\/2025\/09\/De-Me-Quat-De-Calamansi-Radler.png\",\"contentUrl\":\"https:\/\/mlsrfcxkkbzg.i.optimole.com\/cb:JbP2.215d7\/w:auto\/h:auto\/q:mauto\/ig:avif\/https:\/\/thebottleshop.vn\/wp-content\/uploads\/2025\/09\/De-Me-Quat-De-Calamansi-Radler.png\",\"width\":1080,\"height\":1080,\"caption\":\"\u0110\u00ea M\u00ea Qu\u1ea5t \u0110\u00ea Calamansi Radler\"},{\"@type\":\"BreadcrumbList\",\"@id\":\"http:\/\/52.77.24.187\/vi\/san-pham\/de-me-quat-de-calamansi-radler\/#breadcrumb\",\"itemListElement\":[{\"@type\":\"ListItem\",\"position\":1,\"name\":\"Home\",\"item\":\"http:\/\/52.77.24.187\/vi\/test-popup-vi\/\"},{\"@type\":\"ListItem\",\"position\":2,\"name\":\"C\u1eeda h\u00e0ng\",\"item\":\"http:\/\/52.77.24.187\/vi\/cua-hang\/\"},{\"@type\":\"ListItem\",\"position\":3,\"name\":\"\u0110\u00ea M\u00ea Qu\u1ea5t \u0110\u00ea Calamansi Radler\"}]},{\"@type\":\"WebSite\",\"@id\":\"http:\/\/52.77.24.187\/#website\",\"url\":\"http:\/\/52.77.24.187\/\",\"name\":\"The Bottle Shop\",\"description\":\"All beers are not created equal\",\"publisher\":{\"@id\":\"http:\/\/52.77.24.187\/#organization\"},\"potentialAction\":[{\"@type\":\"SearchAction\",\"target\":{\"@type\":\"EntryPoint\",\"urlTemplate\":\"http:\/\/52.77.24.187\/?s={search_term_string}\"},\"query-input\":{\"@type\":\"PropertyValueSpecification\",\"valueRequired\":true,\"valueName\":\"search_term_string\"}}],\"inLanguage\":\"vi-VN\"},{\"@type\":\"Organization\",\"@id\":\"http:\/\/52.77.24.187\/#organization\",\"name\":\"The Bottle Shop\",\"url\":\"http:\/\/52.77.24.187\/\",\"logo\":{\"@type\":\"ImageObject\",\"inLanguage\":\"vi-VN\",\"@id\":\"http:\/\/52.77.24.187\/#\/schema\/logo\/image\/\",\"url\":\"https:\/\/mlsrfcxkkbzg.i.optimole.com\/cb:JbP2.215d7\/w:auto\/h:auto\/q:mauto\/ig:avif\/https:\/\/thebottleshop.vn\/wp-content\/uploads\/2022\/10\/The-Bottle-Shop-Online-Logo.png\",\"contentUrl\":\"https:\/\/mlsrfcxkkbzg.i.optimole.com\/cb:JbP2.215d7\/w:auto\/h:auto\/q:mauto\/ig:avif\/https:\/\/thebottleshop.vn\/wp-content\/uploads\/2022\/10\/The-Bottle-Shop-Online-Logo.png\",\"width\":145,\"height\":147,\"caption\":\"The Bottle Shop\"},\"image\":{\"@id\":\"http:\/\/52.77.24.187\/#\/schema\/logo\/image\/\"},\"sameAs\":[\"https:\/\/www.facebook.com\/thebottleshopvietnam\",\"https:\/\/www.instagram.com\/thebottleshop_vietnam\/\"]}]}<\/script>\n<!-- \/ Yoast SEO plugin. -->","yoast_head_json":{"title":"\u0110\u00ea M\u00ea Qu\u1ea5t \u0110\u00ea Calamansi Radler - The Bottle Shop","description":"\u0110\u00ea M\u00ea Qu\u1ea5t \u0110\u00ea Calamansi Radler c\u00f3 v\u1ecb gi\u00f2n, nh\u1eb9, tr\u00e1i c\u00e2y v\u00e0 t\u1ef1 nhi\u00ean, v\u1edbi s\u1ef1 c\u00e2n b\u1eb1ng gi\u1eefa h\u01b0\u01a1ng v\u1ecb cam qu\u00fdt ng\u1ecdt v\u00e0 chua.","robots":{"index":"index","follow":"follow","max-snippet":"max-snippet:-1","max-image-preview":"max-image-preview:large","max-video-preview":"max-video-preview:-1"},"canonical":"http:\/\/52.77.24.187\/vi\/san-pham\/de-me-quat-de-calamansi-radler\/","og_locale":"vi_VN","og_type":"article","og_title":"\u0110\u00ea M\u00ea Qu\u1ea5t \u0110\u00ea Calamansi Radler - The Bottle Shop","og_description":"\u0110\u00ea M\u00ea Qu\u1ea5t \u0110\u00ea Calamansi Radler c\u00f3 v\u1ecb gi\u00f2n, nh\u1eb9, tr\u00e1i c\u00e2y v\u00e0 t\u1ef1 nhi\u00ean, v\u1edbi s\u1ef1 c\u00e2n b\u1eb1ng gi\u1eefa h\u01b0\u01a1ng v\u1ecb cam qu\u00fdt ng\u1ecdt v\u00e0 chua.","og_url":"http:\/\/52.77.24.187\/vi\/san-pham\/de-me-quat-de-calamansi-radler\/","og_site_name":"The Bottle Shop","article_publisher":"https:\/\/www.facebook.com\/thebottleshopvietnam","article_modified_time":"2025-09-09T14:12:47+00:00","og_image":[{"width":1080,"height":1080,"url":"https:\/\/mlsrfcxkkbzg.i.optimole.com\/cb:JbP2.215d7\/w:auto\/h:auto\/q:mauto\/ig:avif\/http:\/\/52.77.24.187\/wp-content\/uploads\/2025\/09\/De-Me-Quat-De-Calamansi-Radler.png","type":"image\/png"}],"twitter_card":"summary_large_image","twitter_misc":{"Est. reading time":"1 minute"},"schema":{"@context":"https:\/\/schema.org","@graph":[{"@type":"WebPage","@id":"http:\/\/52.77.24.187\/vi\/san-pham\/de-me-quat-de-calamansi-radler\/","url":"http:\/\/52.77.24.187\/vi\/san-pham\/de-me-quat-de-calamansi-radler\/","name":"\u0110\u00ea M\u00ea Qu\u1ea5t \u0110\u00ea Calamansi Radler - The Bottle Shop","isPartOf":{"@id":"http:\/\/52.77.24.187\/#website"},"primaryImageOfPage":{"@id":"http:\/\/52.77.24.187\/vi\/san-pham\/de-me-quat-de-calamansi-radler\/#primaryimage"},"image":{"@id":"http:\/\/52.77.24.187\/vi\/san-pham\/de-me-quat-de-calamansi-radler\/#primaryimage"},"thumbnailUrl":"https:\/\/mlsrfcxkkbzg.i.optimole.com\/cb:JbP2.215d7\/w:auto\/h:auto\/q:mauto\/ig:avif\/https:\/\/thebottleshop.vn\/wp-content\/uploads\/2025\/09\/De-Me-Quat-De-Calamansi-Radler.png","datePublished":"2025-09-09T14:04:45+00:00","dateModified":"2025-09-09T14:12:47+00:00","description":"\u0110\u00ea M\u00ea Qu\u1ea5t \u0110\u00ea Calamansi Radler c\u00f3 v\u1ecb gi\u00f2n, nh\u1eb9, tr\u00e1i c\u00e2y v\u00e0 t\u1ef1 nhi\u00ean, v\u1edbi s\u1ef1 c\u00e2n b\u1eb1ng gi\u1eefa h\u01b0\u01a1ng v\u1ecb cam qu\u00fdt ng\u1ecdt v\u00e0 chua.","breadcrumb":{"@id":"http:\/\/52.77.24.187\/vi\/san-pham\/de-me-quat-de-calamansi-radler\/#breadcrumb"},"inLanguage":"vi-VN","potentialAction":[{"@type":"ReadAction","target":["http:\/\/52.77.24.187\/vi\/san-pham\/de-me-quat-de-calamansi-radler\/"]}]},{"@type":"ImageObject","inLanguage":"vi-VN","@id":"http:\/\/52.77.24.187\/vi\/san-pham\/de-me-quat-de-calamansi-radler\/#primaryimage","url":"https:\/\/mlsrfcxkkbzg.i.optimole.com\/cb:JbP2.215d7\/w:auto\/h:auto\/q:mauto\/ig:avif\/https:\/\/thebottleshop.vn\/wp-content\/uploads\/2025\/09\/De-Me-Quat-De-Calamansi-Radler.png","contentUrl":"https:\/\/mlsrfcxkkbzg.i.optimole.com\/cb:JbP2.215d7\/w:auto\/h:auto\/q:mauto\/ig:avif\/https:\/\/thebottleshop.vn\/wp-content\/uploads\/2025\/09\/De-Me-Quat-De-Calamansi-Radler.png","width":1080,"height":1080,"caption":"\u0110\u00ea M\u00ea Qu\u1ea5t \u0110\u00ea Calamansi Radler"},{"@type":"BreadcrumbList","@id":"http:\/\/52.77.24.187\/vi\/san-pham\/de-me-quat-de-calamansi-radler\/#breadcrumb","itemListElement":[{"@type":"ListItem","position":1,"name":"Home","item":"http:\/\/52.77.24.187\/vi\/test-popup-vi\/"},{"@type":"ListItem","position":2,"name":"C\u1eeda h\u00e0ng","item":"http:\/\/52.77.24.187\/vi\/cua-hang\/"},{"@type":"ListItem","position":3,"name":"\u0110\u00ea M\u00ea Qu\u1ea5t \u0110\u00ea Calamansi Radler"}]},{"@type":"WebSite","@id":"http:\/\/52.77.24.187\/#website","url":"http:\/\/52.77.24.187\/","name":"The Bottle Shop","description":"All beers are not created equal","publisher":{"@id":"http:\/\/52.77.24.187\/#organization"},"potentialAction":[{"@type":"SearchAction","target":{"@type":"EntryPoint","urlTemplate":"http:\/\/52.77.24.187\/?s={search_term_string}"},"query-input":{"@type":"PropertyValueSpecification","valueRequired":true,"valueName":"search_term_string"}}],"inLanguage":"vi-VN"},{"@type":"Organization","@id":"http:\/\/52.77.24.187\/#organization","name":"The Bottle Shop","url":"http:\/\/52.77.24.187\/","logo":{"@type":"ImageObject","inLanguage":"vi-VN","@id":"http:\/\/52.77.24.187\/#\/schema\/logo\/image\/","url":"https:\/\/mlsrfcxkkbzg.i.optimole.com\/cb:JbP2.215d7\/w:auto\/h:auto\/q:mauto\/ig:avif\/https:\/\/thebottleshop.vn\/wp-content\/uploads\/2022\/10\/The-Bottle-Shop-Online-Logo.png","contentUrl":"https:\/\/mlsrfcxkkbzg.i.optimole.com\/cb:JbP2.215d7\/w:auto\/h:auto\/q:mauto\/ig:avif\/https:\/\/thebottleshop.vn\/wp-content\/uploads\/2022\/10\/The-Bottle-Shop-Online-Logo.png","width":145,"height":147,"caption":"The Bottle Shop"},"image":{"@id":"http:\/\/52.77.24.187\/#\/schema\/logo\/image\/"},"sameAs":["https:\/\/www.facebook.com\/thebottleshopvietnam","https:\/\/www.instagram.com\/thebottleshop_vietnam\/"]}]}},"_links":{"self":[{"href":"https:\/\/thebottleshop.vn\/vi\/wp-json\/wp\/v2\/product\/22023","targetHints":{"allow":["GET"]}}],"collection":[{"href":"https:\/\/thebottleshop.vn\/vi\/wp-json\/wp\/v2\/product"}],"about":[{"href":"https:\/\/thebottleshop.vn\/vi\/wp-json\/wp\/v2\/types\/product"}],"replies":[{"embeddable":true,"href":"https:\/\/thebottleshop.vn\/vi\/wp-json\/wp\/v2\/comments?post=22023"}],"wp:featuredmedia":[{"embeddable":true,"href":"https:\/\/thebottleshop.vn\/vi\/wp-json\/wp\/v2\/media\/22002"}],"wp:attachment":[{"href":"https:\/\/thebottleshop.vn\/vi\/wp-json\/wp\/v2\/media?parent=22023"}],"wp:term":[{"taxonomy":"product_brand","embeddable":true,"href":"https:\/\/thebottleshop.vn\/vi\/wp-json\/wp\/v2\/product_brand?post=22023"},{"taxonomy":"product_cat","embeddable":true,"href":"https:\/\/thebottleshop.vn\/vi\/wp-json\/wp\/v2\/product_cat?post=22023"},{"taxonomy":"product_tag","embeddable":true,"href":"https:\/\/thebottleshop.vn\/vi\/wp-json\/wp\/v2\/product_tag?post=22023"}],"curies":[{"name":"wp","href":"https:\/\/api.w.org\/{rel}","templated":true}]}}