{"id":22076,"date":"2025-10-07T08:37:00","date_gmt":"2025-10-07T01:37:00","guid":{"rendered":"https:\/\/thebottleshop.vn\/product\/overmorrow-rong-way-dragon-fruit-ipa\/"},"modified":"2025-10-07T08:42:21","modified_gmt":"2025-10-07T01:42:21","slug":"overmorrow-rong-way-dragon-fruit-ipa","status":"publish","type":"product","link":"https:\/\/thebottleshop.vn\/vi\/san-pham\/overmorrow-rong-way-dragon-fruit-ipa\/","title":{"rendered":"Overmorrow R\u1ed3ng Way Dragon Fruit IPA"},"content":{"rendered":"<p>Overmorrow R\u1ed3ng Way Dragon Fruit IPA s\u1ea3i r\u1ed9ng c\u00e1nh bay gi\u1eefa tr\u1eddi, c\u00f9ng v\u1edbi h\u00e0ng v\u1ea1n l\u1edbp h\u01b0\u01a1ng v\u1ecb tr\u00e1i c\u00e2y. Kh\u1edfi \u0111\u1ea7u b\u1eb1ng h\u01b0\u01a1ng cam chanh t\u01b0\u01a1i m\u00e1t, s\u1ea3ng kho\u00e1i, r\u1ed3i m\u1edf ra th\u00e2n bia \u0111\u1eadm \u0111\u00e0 v\u1edbi t\u1ea7ng h\u01b0\u01a1ng phong ph\u00fa: t\u1eeb v\u1ecb cam \u0111\u1ecf ng\u1ecdt ng\u00e0o, \u0111u \u0111\u1ee7 ch\u00edn m\u1ecdng cho \u0111\u1ebfn ch\u00fat th\u01a1m c\u1ee7a k\u1eb9o d\u01b0a h\u1ea5u Jolly Rancher. D\u00f9 v\u1eady, \u0111\u00e2y v\u1eabn l\u00e0 m\u1ed9t IPA \u0111\u00edch th\u1ef1c, khi v\u1ecb hoa bia s\u1eafc n\u00e9t xu\u1ea5t hi\u1ec7n ngay t\u1eeb \u0111\u1ea7u, r\u1ed3i kh\u00e9o l\u00e9o l\u1eafng xu\u1ed1ng, \u0111\u1ec3 l\u1ea1i h\u1eadu v\u1ecb thanh s\u1ea1ch, t\u01b0\u01a1i s\u00e1ng v\u00e0 \u00eam d\u1ecbu. B\u1ea1n \u0111\u00e3 c\u00f3 m\u1ed9t ng\u00e0y d\u00e0i m\u1ec7t m\u1ecfi? H\u00e3y mang R\u1ed3ng Way v\u1ec1 nh\u00e0 v\u00e0 xem n\u00f3 s\u1ebd \u0111\u01b0a b\u1ea1n \u0111\u1ebfn \u0111\u00e2u.    <\/p>\n<p>\u2014\u2013<br \/>\nXem th\u01b0 vi\u1ec7n h\u00ecnh \u1ea3nh \u0111\u1ec3 bi\u1ebft th\u00eam th\u00f4ng tin chi ti\u1ebft v\u1ec1 ngu\u1ed3n g\u1ed1c, th\u00e0nh ph\u1ea7n v\u00e0 h\u01b0\u1edbng d\u1eabn s\u1eed d\u1ee5ng c\u1ee7a s\u1ea3n ph\u1ea9m.<\/p>\n","protected":false},"excerpt":{"rendered":"<p><strong>Cam Qu\u00fdt, \u0110\u1eadm \u0110\u00e0, \u00c1nh N\u1eafng 6%<\/strong><\/p>\n","protected":false},"featured_media":22185,"comment_status":"open","ping_status":"closed","template":"","meta":{"_acf_changed":false},"product_brand":[],"product_cat":[390,337,348,354,351,342,366,345,377,339,341,352,359,471],"product_tag":[],"class_list":{"0":"post-22076","1":"product","2":"type-product","3":"status-publish","4":"has-post-thumbnail","6":"product_cat-vietnam-hanoi","7":"product_cat-bia-va-cider","8":"product_cat-6-7-9","9":"product_cat-75k-99k","10":"product_cat-dong-bia","11":"product_cat-chai-330-ml","12":"product_cat-nha-san-xuat","13":"product_cat-abv-vi","14":"product_cat-ibu","15":"product_cat-xuat-xu","16":"product_cat-dong-goi","17":"product_cat-gia","18":"product_cat-ipa","19":"product_cat-overmorrow-brewing-co","21":"first","22":"outofstock","23":"shipping-taxable","24":"purchasable","25":"product-type-simple","26":"add-to-wishlist-before_image"},"acf":[],"yoast_head":"<!-- This site is optimized with the Yoast SEO plugin v27.2 - https:\/\/yoast.com\/product\/yoast-seo-wordpress\/ -->\n<title>Overmorrow R\u1ed3ng Way Dragon Fruit IPA - The Bottle Shop<\/title>\n<meta name=\"description\" content=\"Overmorrow R\u1ed3ng Way Dragon Fruit IPA kh\u1edfi \u0111\u1ea7u b\u1eb1ng h\u01b0\u01a1ng cam chanh t\u01b0\u01a1i m\u00e1t, s\u1ea3ng kho\u00e1i, r\u1ed3i m\u1edf ra th\u00e2n bia \u0111\u1eadm \u0111\u00e0 v\u1edbi t\u1ea7ng h\u01b0\u01a1ng phong ph\u00fa.\" \/>\n<meta name=\"robots\" content=\"index, follow, max-snippet:-1, max-image-preview:large, max-video-preview:-1\" \/>\n<link rel=\"canonical\" href=\"http:\/\/52.77.24.187\/vi\/san-pham\/overmorrow-rong-way-dragon-fruit-ipa\/\" \/>\n<meta property=\"og:locale\" content=\"vi_VN\" \/>\n<meta property=\"og:type\" content=\"article\" \/>\n<meta property=\"og:title\" content=\"Overmorrow R\u1ed3ng Way Dragon Fruit IPA - The Bottle Shop\" \/>\n<meta property=\"og:description\" content=\"Overmorrow R\u1ed3ng Way Dragon Fruit IPA kh\u1edfi \u0111\u1ea7u b\u1eb1ng h\u01b0\u01a1ng cam chanh t\u01b0\u01a1i m\u00e1t, s\u1ea3ng kho\u00e1i, r\u1ed3i m\u1edf ra th\u00e2n bia \u0111\u1eadm \u0111\u00e0 v\u1edbi t\u1ea7ng h\u01b0\u01a1ng phong ph\u00fa.\" \/>\n<meta property=\"og:url\" content=\"http:\/\/52.77.24.187\/vi\/san-pham\/overmorrow-rong-way-dragon-fruit-ipa\/\" \/>\n<meta property=\"og:site_name\" content=\"The Bottle Shop\" \/>\n<meta property=\"article:publisher\" content=\"https:\/\/www.facebook.com\/thebottleshopvietnam\" \/>\n<meta property=\"article:modified_time\" content=\"2025-10-07T01:42:21+00:00\" \/>\n<meta name=\"twitter:card\" content=\"summary_large_image\" \/>\n<meta name=\"twitter:label1\" content=\"Est. reading time\" \/>\n\t<meta name=\"twitter:data1\" content=\"1 minute\" \/>\n<script type=\"application\/ld+json\" class=\"yoast-schema-graph\">{\"@context\":\"https:\/\/schema.org\",\"@graph\":[{\"@type\":\"WebPage\",\"@id\":\"http:\/\/52.77.24.187\/vi\/san-pham\/overmorrow-rong-way-dragon-fruit-ipa\/\",\"url\":\"http:\/\/52.77.24.187\/vi\/san-pham\/overmorrow-rong-way-dragon-fruit-ipa\/\",\"name\":\"Overmorrow R\u1ed3ng Way Dragon Fruit IPA - The Bottle Shop\",\"isPartOf\":{\"@id\":\"http:\/\/52.77.24.187\/#website\"},\"primaryImageOfPage\":{\"@id\":\"http:\/\/52.77.24.187\/vi\/san-pham\/overmorrow-rong-way-dragon-fruit-ipa\/#primaryimage\"},\"image\":{\"@id\":\"http:\/\/52.77.24.187\/vi\/san-pham\/overmorrow-rong-way-dragon-fruit-ipa\/#primaryimage\"},\"thumbnailUrl\":\"https:\/\/mlsrfcxkkbzg.i.optimole.com\/cb:JbP2.215d7\/w:auto\/h:auto\/q:mauto\/ig:avif\/https:\/\/thebottleshop.vn\/wp-content\/uploads\/2025\/10\/Overmorrow-Rong-Way-Dragon-Fruit-IPA.png\",\"datePublished\":\"2025-10-07T01:37:00+00:00\",\"dateModified\":\"2025-10-07T01:42:21+00:00\",\"description\":\"Overmorrow R\u1ed3ng Way Dragon Fruit IPA kh\u1edfi \u0111\u1ea7u b\u1eb1ng h\u01b0\u01a1ng cam chanh t\u01b0\u01a1i m\u00e1t, s\u1ea3ng kho\u00e1i, r\u1ed3i m\u1edf ra th\u00e2n bia \u0111\u1eadm \u0111\u00e0 v\u1edbi t\u1ea7ng h\u01b0\u01a1ng phong ph\u00fa.\",\"breadcrumb\":{\"@id\":\"http:\/\/52.77.24.187\/vi\/san-pham\/overmorrow-rong-way-dragon-fruit-ipa\/#breadcrumb\"},\"inLanguage\":\"vi-VN\",\"potentialAction\":[{\"@type\":\"ReadAction\",\"target\":[\"http:\/\/52.77.24.187\/vi\/san-pham\/overmorrow-rong-way-dragon-fruit-ipa\/\"]}]},{\"@type\":\"ImageObject\",\"inLanguage\":\"vi-VN\",\"@id\":\"http:\/\/52.77.24.187\/vi\/san-pham\/overmorrow-rong-way-dragon-fruit-ipa\/#primaryimage\",\"url\":\"https:\/\/mlsrfcxkkbzg.i.optimole.com\/cb:JbP2.215d7\/w:auto\/h:auto\/q:mauto\/ig:avif\/https:\/\/thebottleshop.vn\/wp-content\/uploads\/2025\/10\/Overmorrow-Rong-Way-Dragon-Fruit-IPA.png\",\"contentUrl\":\"https:\/\/mlsrfcxkkbzg.i.optimole.com\/cb:JbP2.215d7\/w:auto\/h:auto\/q:mauto\/ig:avif\/https:\/\/thebottleshop.vn\/wp-content\/uploads\/2025\/10\/Overmorrow-Rong-Way-Dragon-Fruit-IPA.png\",\"width\":1080,\"height\":1080,\"caption\":\"Overmorrow R\u1ed3ng Way Dragon Fruit IPA\"},{\"@type\":\"BreadcrumbList\",\"@id\":\"http:\/\/52.77.24.187\/vi\/san-pham\/overmorrow-rong-way-dragon-fruit-ipa\/#breadcrumb\",\"itemListElement\":[{\"@type\":\"ListItem\",\"position\":1,\"name\":\"Home\",\"item\":\"http:\/\/52.77.24.187\/vi\/test-popup-vi\/\"},{\"@type\":\"ListItem\",\"position\":2,\"name\":\"C\u1eeda h\u00e0ng\",\"item\":\"http:\/\/52.77.24.187\/vi\/cua-hang\/\"},{\"@type\":\"ListItem\",\"position\":3,\"name\":\"Overmorrow R\u1ed3ng Way Dragon Fruit IPA\"}]},{\"@type\":\"WebSite\",\"@id\":\"http:\/\/52.77.24.187\/#website\",\"url\":\"http:\/\/52.77.24.187\/\",\"name\":\"The Bottle Shop\",\"description\":\"All beers are not created equal\",\"publisher\":{\"@id\":\"http:\/\/52.77.24.187\/#organization\"},\"potentialAction\":[{\"@type\":\"SearchAction\",\"target\":{\"@type\":\"EntryPoint\",\"urlTemplate\":\"http:\/\/52.77.24.187\/?s={search_term_string}\"},\"query-input\":{\"@type\":\"PropertyValueSpecification\",\"valueRequired\":true,\"valueName\":\"search_term_string\"}}],\"inLanguage\":\"vi-VN\"},{\"@type\":\"Organization\",\"@id\":\"http:\/\/52.77.24.187\/#organization\",\"name\":\"The Bottle Shop\",\"url\":\"http:\/\/52.77.24.187\/\",\"logo\":{\"@type\":\"ImageObject\",\"inLanguage\":\"vi-VN\",\"@id\":\"http:\/\/52.77.24.187\/#\/schema\/logo\/image\/\",\"url\":\"https:\/\/mlsrfcxkkbzg.i.optimole.com\/cb:JbP2.215d7\/w:auto\/h:auto\/q:mauto\/ig:avif\/https:\/\/thebottleshop.vn\/wp-content\/uploads\/2022\/10\/The-Bottle-Shop-Online-Logo.png\",\"contentUrl\":\"https:\/\/mlsrfcxkkbzg.i.optimole.com\/cb:JbP2.215d7\/w:auto\/h:auto\/q:mauto\/ig:avif\/https:\/\/thebottleshop.vn\/wp-content\/uploads\/2022\/10\/The-Bottle-Shop-Online-Logo.png\",\"width\":145,\"height\":147,\"caption\":\"The Bottle Shop\"},\"image\":{\"@id\":\"http:\/\/52.77.24.187\/#\/schema\/logo\/image\/\"},\"sameAs\":[\"https:\/\/www.facebook.com\/thebottleshopvietnam\",\"https:\/\/www.instagram.com\/thebottleshop_vietnam\/\"]}]}<\/script>\n<!-- \/ Yoast SEO plugin. -->","yoast_head_json":{"title":"Overmorrow R\u1ed3ng Way Dragon Fruit IPA - The Bottle Shop","description":"Overmorrow R\u1ed3ng Way Dragon Fruit IPA kh\u1edfi \u0111\u1ea7u b\u1eb1ng h\u01b0\u01a1ng cam chanh t\u01b0\u01a1i m\u00e1t, s\u1ea3ng kho\u00e1i, r\u1ed3i m\u1edf ra th\u00e2n bia \u0111\u1eadm \u0111\u00e0 v\u1edbi t\u1ea7ng h\u01b0\u01a1ng phong ph\u00fa.","robots":{"index":"index","follow":"follow","max-snippet":"max-snippet:-1","max-image-preview":"max-image-preview:large","max-video-preview":"max-video-preview:-1"},"canonical":"http:\/\/52.77.24.187\/vi\/san-pham\/overmorrow-rong-way-dragon-fruit-ipa\/","og_locale":"vi_VN","og_type":"article","og_title":"Overmorrow R\u1ed3ng Way Dragon Fruit IPA - The Bottle Shop","og_description":"Overmorrow R\u1ed3ng Way Dragon Fruit IPA kh\u1edfi \u0111\u1ea7u b\u1eb1ng h\u01b0\u01a1ng cam chanh t\u01b0\u01a1i m\u00e1t, s\u1ea3ng kho\u00e1i, r\u1ed3i m\u1edf ra th\u00e2n bia \u0111\u1eadm \u0111\u00e0 v\u1edbi t\u1ea7ng h\u01b0\u01a1ng phong ph\u00fa.","og_url":"http:\/\/52.77.24.187\/vi\/san-pham\/overmorrow-rong-way-dragon-fruit-ipa\/","og_site_name":"The Bottle Shop","article_publisher":"https:\/\/www.facebook.com\/thebottleshopvietnam","article_modified_time":"2025-10-07T01:42:21+00:00","twitter_card":"summary_large_image","twitter_misc":{"Est. reading time":"1 minute"},"schema":{"@context":"https:\/\/schema.org","@graph":[{"@type":"WebPage","@id":"http:\/\/52.77.24.187\/vi\/san-pham\/overmorrow-rong-way-dragon-fruit-ipa\/","url":"http:\/\/52.77.24.187\/vi\/san-pham\/overmorrow-rong-way-dragon-fruit-ipa\/","name":"Overmorrow R\u1ed3ng Way Dragon Fruit IPA - The Bottle Shop","isPartOf":{"@id":"http:\/\/52.77.24.187\/#website"},"primaryImageOfPage":{"@id":"http:\/\/52.77.24.187\/vi\/san-pham\/overmorrow-rong-way-dragon-fruit-ipa\/#primaryimage"},"image":{"@id":"http:\/\/52.77.24.187\/vi\/san-pham\/overmorrow-rong-way-dragon-fruit-ipa\/#primaryimage"},"thumbnailUrl":"https:\/\/mlsrfcxkkbzg.i.optimole.com\/cb:JbP2.215d7\/w:auto\/h:auto\/q:mauto\/ig:avif\/https:\/\/thebottleshop.vn\/wp-content\/uploads\/2025\/10\/Overmorrow-Rong-Way-Dragon-Fruit-IPA.png","datePublished":"2025-10-07T01:37:00+00:00","dateModified":"2025-10-07T01:42:21+00:00","description":"Overmorrow R\u1ed3ng Way Dragon Fruit IPA kh\u1edfi \u0111\u1ea7u b\u1eb1ng h\u01b0\u01a1ng cam chanh t\u01b0\u01a1i m\u00e1t, s\u1ea3ng kho\u00e1i, r\u1ed3i m\u1edf ra th\u00e2n bia \u0111\u1eadm \u0111\u00e0 v\u1edbi t\u1ea7ng h\u01b0\u01a1ng phong ph\u00fa.","breadcrumb":{"@id":"http:\/\/52.77.24.187\/vi\/san-pham\/overmorrow-rong-way-dragon-fruit-ipa\/#breadcrumb"},"inLanguage":"vi-VN","potentialAction":[{"@type":"ReadAction","target":["http:\/\/52.77.24.187\/vi\/san-pham\/overmorrow-rong-way-dragon-fruit-ipa\/"]}]},{"@type":"ImageObject","inLanguage":"vi-VN","@id":"http:\/\/52.77.24.187\/vi\/san-pham\/overmorrow-rong-way-dragon-fruit-ipa\/#primaryimage","url":"https:\/\/mlsrfcxkkbzg.i.optimole.com\/cb:JbP2.215d7\/w:auto\/h:auto\/q:mauto\/ig:avif\/https:\/\/thebottleshop.vn\/wp-content\/uploads\/2025\/10\/Overmorrow-Rong-Way-Dragon-Fruit-IPA.png","contentUrl":"https:\/\/mlsrfcxkkbzg.i.optimole.com\/cb:JbP2.215d7\/w:auto\/h:auto\/q:mauto\/ig:avif\/https:\/\/thebottleshop.vn\/wp-content\/uploads\/2025\/10\/Overmorrow-Rong-Way-Dragon-Fruit-IPA.png","width":1080,"height":1080,"caption":"Overmorrow R\u1ed3ng Way Dragon Fruit IPA"},{"@type":"BreadcrumbList","@id":"http:\/\/52.77.24.187\/vi\/san-pham\/overmorrow-rong-way-dragon-fruit-ipa\/#breadcrumb","itemListElement":[{"@type":"ListItem","position":1,"name":"Home","item":"http:\/\/52.77.24.187\/vi\/test-popup-vi\/"},{"@type":"ListItem","position":2,"name":"C\u1eeda h\u00e0ng","item":"http:\/\/52.77.24.187\/vi\/cua-hang\/"},{"@type":"ListItem","position":3,"name":"Overmorrow R\u1ed3ng Way Dragon Fruit IPA"}]},{"@type":"WebSite","@id":"http:\/\/52.77.24.187\/#website","url":"http:\/\/52.77.24.187\/","name":"The Bottle Shop","description":"All beers are not created equal","publisher":{"@id":"http:\/\/52.77.24.187\/#organization"},"potentialAction":[{"@type":"SearchAction","target":{"@type":"EntryPoint","urlTemplate":"http:\/\/52.77.24.187\/?s={search_term_string}"},"query-input":{"@type":"PropertyValueSpecification","valueRequired":true,"valueName":"search_term_string"}}],"inLanguage":"vi-VN"},{"@type":"Organization","@id":"http:\/\/52.77.24.187\/#organization","name":"The Bottle Shop","url":"http:\/\/52.77.24.187\/","logo":{"@type":"ImageObject","inLanguage":"vi-VN","@id":"http:\/\/52.77.24.187\/#\/schema\/logo\/image\/","url":"https:\/\/mlsrfcxkkbzg.i.optimole.com\/cb:JbP2.215d7\/w:auto\/h:auto\/q:mauto\/ig:avif\/https:\/\/thebottleshop.vn\/wp-content\/uploads\/2022\/10\/The-Bottle-Shop-Online-Logo.png","contentUrl":"https:\/\/mlsrfcxkkbzg.i.optimole.com\/cb:JbP2.215d7\/w:auto\/h:auto\/q:mauto\/ig:avif\/https:\/\/thebottleshop.vn\/wp-content\/uploads\/2022\/10\/The-Bottle-Shop-Online-Logo.png","width":145,"height":147,"caption":"The Bottle Shop"},"image":{"@id":"http:\/\/52.77.24.187\/#\/schema\/logo\/image\/"},"sameAs":["https:\/\/www.facebook.com\/thebottleshopvietnam","https:\/\/www.instagram.com\/thebottleshop_vietnam\/"]}]}},"_links":{"self":[{"href":"https:\/\/thebottleshop.vn\/vi\/wp-json\/wp\/v2\/product\/22076","targetHints":{"allow":["GET"]}}],"collection":[{"href":"https:\/\/thebottleshop.vn\/vi\/wp-json\/wp\/v2\/product"}],"about":[{"href":"https:\/\/thebottleshop.vn\/vi\/wp-json\/wp\/v2\/types\/product"}],"replies":[{"embeddable":true,"href":"https:\/\/thebottleshop.vn\/vi\/wp-json\/wp\/v2\/comments?post=22076"}],"wp:featuredmedia":[{"embeddable":true,"href":"https:\/\/thebottleshop.vn\/vi\/wp-json\/wp\/v2\/media\/22185"}],"wp:attachment":[{"href":"https:\/\/thebottleshop.vn\/vi\/wp-json\/wp\/v2\/media?parent=22076"}],"wp:term":[{"taxonomy":"product_brand","embeddable":true,"href":"https:\/\/thebottleshop.vn\/vi\/wp-json\/wp\/v2\/product_brand?post=22076"},{"taxonomy":"product_cat","embeddable":true,"href":"https:\/\/thebottleshop.vn\/vi\/wp-json\/wp\/v2\/product_cat?post=22076"},{"taxonomy":"product_tag","embeddable":true,"href":"https:\/\/thebottleshop.vn\/vi\/wp-json\/wp\/v2\/product_tag?post=22076"}],"curies":[{"name":"wp","href":"https:\/\/api.w.org\/{rel}","templated":true}]}}